{"id":79022,"date":"2024-06-29T15:09:25","date_gmt":"2024-06-29T13:09:25","guid":{"rendered":"https:\/\/www.librairieclavreuil.com\/produit-15\/"},"modified":"2024-07-01T11:25:09","modified_gmt":"2024-07-01T09:25:09","slug":"produit-15","status":"publish","type":"product","link":"https:\/\/www.librairieclavreuil.com\/en\/produit-15\/","title":{"rendered":"LE PAUTRE Antoine [Quatorze planches de plans, coupes..."},"content":{"rendered":"<p style=\"text-align:justify\">Extremely rare suite of 14 plans, sections and elevations of the Invalides by the engraver, draughtsman, architect and ornamentalist Pierre Lepautre (1652-1716).<br \/>It includes :<\/p>\n<p style=\"text-align:justify\">1- Plan en rez de chauss\u00e9e de l&#8217;eglise de l&#8217;hostel royale des Invalides.<\/p>\n<p style=\"text-align:justify\">2- Plan au dessus de l&#8217;ordre dorique du dehors &amp; du corinthien, au niveau du pied d&#8217;estait ou les grandes voutes prennent naissance<\/p>\n<p style=\"text-align:justify\">3- Premier plan de la tour du d\u00f4me, des escalliers, &amp; des combles de l&#8217;eglise des Invalides ;<\/p>\n<p style=\"text-align:justify\">4- 2e plan de la tour du d\u00f4me, au niveau de la balustrade<\/p>\n<p style=\"text-align:justify\">5- 3e plan de la tour du d\u00f4me, au niveau du grand attique<\/p>\n<p style=\"text-align:justify\">6- 4e plan de la tour du d\u00f4me au niveau du petit attique<\/p>\n<p style=\"text-align:justify\">7- 5e plan du comble du d\u00f4me &amp; de la lanterne<\/p>\n<p style=\"text-align:justify\">8- El\u00e9vation du portail du d\u00f4me<\/p>\n<p style=\"text-align:justify\">9- Coupe au droit de la crois\u00e9e de l&#8217;\u00e9glise<\/p>\n<p style=\"text-align:justify\">10- Coupe en ligne diagonale de l&#8217;\u00e9glise<\/p>\n<p style=\"text-align:justify\">11- Coupe sur la longueur de l&#8217;\u00e9glise<\/p>\n<p style=\"text-align:justify\">12- Coupe du sanctuaire, &amp; veue dederri\u00e8re l&#8217;entr\u00e9e de l&#8217;\u00e9glise<\/p>\n<p style=\"text-align:justify\">13- Coupe de la crois\u00e9e, &amp; de deux des quatre chapelles angulaires de l&#8217;\u00e9glise<\/p>\n<p style=\"text-align:justify\">14- El\u00e9vation d&#8217;une face d&#8217;un des c\u00f4t\u00e9z de l&#8217;\u00e9glise.<\/p>\n<p style=\"text-align:justify\">On 13 April 1687, the Comptes du roi mention a payment of 1,150 to Lepautre for 14 engraved plates. We can assume that these monumental engravings were made during the year 1686.<\/p>\n<p style=\"text-align:justify\">\u00ab Ouvrage tr\u00e8s rare, puisqu&#8217;il n&#8217;y en a eu que tr\u00e8s peu d&#8217;exemplaires tirez pour dresser le devis. \u00bb (Bibliotheca Uilenbroukiana, Amsterdam, 1729, n\u00b0 465, pp. 102-103, section \u00ab Livres et estampes de l&#8217;impression du Louvre, ou du Cabinet du Roi \u00bb).<\/p>\n<p style=\"text-align:justify\">&#8220;They were engraved after drawings by Jules Hardouin-Mansart, and were not distributed to those who were given a copy of the Description g\u00e9n\u00e9rale de l&#8217;H\u00f4tel des Invalides. They were therefore difficult to find for a long time. Today these plates can be found at the Chalcographie du Louvre, &#8220;Indeed, there is a suite of 14 plans, elevations and sections of the church, the matrices of which are kept at the Chalcographie du Louvre; prints of ten of them can be found in the Department of Prints and Photography at the BnF. These prints are not signed, but they can be compared with a payment in the accounts of the B\u00e2timents du roi to Pierre Lepautre, who received 1,150 livres on 13 May 1687 for engraving&nbsp;\u00ab&nbsp;14 plans, profiles and elevations of the church&#8221;. The payment appears among the &#8220;Diverses D\u00e9penses pour la construction de l&#8217;\u00e9glise des Invalides&#8221;, paid until 1679 from war funds, before the sovereign took them from the account of the B\u00e2timents du roi, as Duplessis asserts, because we know that Pierre Lepautre worked as a draughtsman and engraver in the agency of Jules Hardouin-Mansart, architect of the church of Les Invalides, first architect to the king (from 1681) and superintendent of the King&#8217;s Buildings (from 1699). In 1683. Jean II Le Blond acquired a royal privilege to engrave the royal projects by Mansart and others&#8221; (see Kristina Deutsch, in: Jean Marot, un graveur d&#8217;architecture \u00e0 l&#8217;\u00e9poque de Louis XIV, p. 195).<\/p>\n<p style=\"text-align:justify\">To our knowledge, no other copy of this extremely rare suite has come up for sale in the last 2 centuries.<\/p>\n","protected":false},"excerpt":{"rendered":"<p>Large folio (503 x 415 mm) with 14 engraved plates (6 on one sheet, 4 on 2 sheets and 4 on 3 sheets). Red morocco, covers decorated in the Duseuil style, central royal coat of arms (OHR 2494, iron 10), corner ornament formed by the double &#8216;L&#8217; interlaced and crowned, spine gilt with raised bands, decorated with title and double &#8216;L&#8217; interlaced, gilt edges (<i>contemporary binding<\/i>).<\/p>\n","protected":false},"featured_media":79116,"comment_status":"open","ping_status":"closed","template":"","meta":{"_acf_changed":false},"product_brand":[],"product_cat":[530],"product_tag":[1200,1270,1267],"class_list":{"0":"post-79022","1":"product","2":"type-product","3":"status-publish","4":"has-post-thumbnail","6":"product_cat-binding","7":"product_tag-architecture-2","8":"product_tag-armoured","9":"product_tag-binding","10":"pa_auteur-le-pautre-antoine-2","11":"pa_type-de-livre-printed-book","13":"first","14":"instock","15":"shipping-taxable","16":"purchasable","17":"product-type-simple"},"acf":{"artist":" Antoine LE PAUTRE","chapeau":"The extremely rare suite of 14 plates \r\nBound with the arms of Louis XIV","adresse_bibliographique":"Paris, pour le Cabinet du Roi, 1687","book_type":"Printed book","provenance":"","afficher_prix":""},"yoast_head":"<!-- This site is optimized with the Yoast SEO plugin v24.7 - https:\/\/yoast.com\/wordpress\/plugins\/seo\/ -->\n<title>LE PAUTRE Antoine [Quatorze planches de plans, coupes et \u00e9l\u00e9vations de l&#039;\u00e9glise des Invalides.] - Libairie Clavreuil<\/title>\n<meta name=\"robots\" content=\"index, follow, max-snippet:-1, max-image-preview:large, max-video-preview:-1\" \/>\n<link rel=\"canonical\" href=\"https:\/\/www.librairieclavreuil.com\/en\/produit-15\/\" \/>\n<meta property=\"og:locale\" content=\"en_US\" \/>\n<meta property=\"og:type\" content=\"article\" \/>\n<meta property=\"og:title\" content=\"LE PAUTRE Antoine [Quatorze planches de plans, coupes et \u00e9l\u00e9vations de l&#039;\u00e9glise des Invalides.] - Libairie Clavreuil\" \/>\n<meta property=\"og:description\" content=\"Large folio (503 x 415 mm) with 14 engraved plates (6 on one sheet, 4 on 2 sheets and 4 on 3 sheets). Red morocco, covers decorated in the Duseuil style, central royal coat of arms (OHR 2494, iron 10), corner ornament formed by the double &#039;L&#039; interlaced and crowned, spine gilt with raised bands, decorated with title and double &#039;L&#039; interlaced, gilt edges (contemporary binding).\" \/>\n<meta property=\"og:url\" content=\"https:\/\/www.librairieclavreuil.com\/en\/produit-15\/\" \/>\n<meta property=\"og:site_name\" content=\"Libairie Clavreuil\" \/>\n<meta property=\"article:modified_time\" content=\"2024-07-01T09:25:09+00:00\" \/>\n<meta property=\"og:image\" content=\"https:\/\/www.librairieclavreuil.com\/wp-content\/uploads\/2024\/07\/antoine-le-pautre-quatorze-planches-de-plans-coupes-et-elevations-de-l-eglise-des-invalides-8084-661026826adff.jpg\" \/>\n\t<meta property=\"og:image:width\" content=\"800\" \/>\n\t<meta property=\"og:image:height\" content=\"575\" \/>\n\t<meta property=\"og:image:type\" content=\"image\/jpeg\" \/>\n<meta name=\"twitter:card\" content=\"summary_large_image\" \/>\n<meta name=\"twitter:label1\" content=\"Est. reading time\" \/>\n\t<meta name=\"twitter:data1\" content=\"3 minutes\" \/>\n<script type=\"application\/ld+json\" class=\"yoast-schema-graph\">{\"@context\":\"https:\/\/schema.org\",\"@graph\":[{\"@type\":\"WebPage\",\"@id\":\"https:\/\/www.librairieclavreuil.com\/en\/produit-15\/\",\"url\":\"https:\/\/www.librairieclavreuil.com\/en\/produit-15\/\",\"name\":\"LE PAUTRE Antoine [Quatorze planches de plans, coupes et \u00e9l\u00e9vations de l'\u00e9glise des Invalides.] - Libairie Clavreuil\",\"isPartOf\":{\"@id\":\"https:\/\/www.librairieclavreuil.com\/#website\"},\"primaryImageOfPage\":{\"@id\":\"https:\/\/www.librairieclavreuil.com\/en\/produit-15\/#primaryimage\"},\"image\":{\"@id\":\"https:\/\/www.librairieclavreuil.com\/en\/produit-15\/#primaryimage\"},\"thumbnailUrl\":\"https:\/\/www.librairieclavreuil.com\/wp-content\/uploads\/2024\/07\/antoine-le-pautre-quatorze-planches-de-plans-coupes-et-elevations-de-l-eglise-des-invalides-8084-661026826adff.jpg\",\"datePublished\":\"2024-06-29T13:09:25+00:00\",\"dateModified\":\"2024-07-01T09:25:09+00:00\",\"breadcrumb\":{\"@id\":\"https:\/\/www.librairieclavreuil.com\/en\/produit-15\/#breadcrumb\"},\"inLanguage\":\"en-US\",\"potentialAction\":[{\"@type\":\"ReadAction\",\"target\":[\"https:\/\/www.librairieclavreuil.com\/en\/produit-15\/\"]}]},{\"@type\":\"ImageObject\",\"inLanguage\":\"en-US\",\"@id\":\"https:\/\/www.librairieclavreuil.com\/en\/produit-15\/#primaryimage\",\"url\":\"https:\/\/www.librairieclavreuil.com\/wp-content\/uploads\/2024\/07\/antoine-le-pautre-quatorze-planches-de-plans-coupes-et-elevations-de-l-eglise-des-invalides-8084-661026826adff.jpg\",\"contentUrl\":\"https:\/\/www.librairieclavreuil.com\/wp-content\/uploads\/2024\/07\/antoine-le-pautre-quatorze-planches-de-plans-coupes-et-elevations-de-l-eglise-des-invalides-8084-661026826adff.jpg\",\"width\":800,\"height\":575},{\"@type\":\"BreadcrumbList\",\"@id\":\"https:\/\/www.librairieclavreuil.com\/en\/produit-15\/#breadcrumb\",\"itemListElement\":[{\"@type\":\"ListItem\",\"position\":1,\"name\":\"Accueil\",\"item\":\"https:\/\/www.librairieclavreuil.com\/\"},{\"@type\":\"ListItem\",\"position\":2,\"name\":\"All our books\",\"item\":\"https:\/\/www.librairieclavreuil.com\/en\/all-our-books\/\"},{\"@type\":\"ListItem\",\"position\":3,\"name\":\"LE PAUTRE Antoine [Quatorze planches de plans, coupes et \u00e9l\u00e9vations de l&#8217;\u00e9glise des Invalides.]\"}]},{\"@type\":\"WebSite\",\"@id\":\"https:\/\/www.librairieclavreuil.com\/#website\",\"url\":\"https:\/\/www.librairieclavreuil.com\/\",\"name\":\"Libairie Clavreuil\",\"description\":\"Livres anciens, manuscrits rares et \u00e9ditions originales \u2013 Librairie Clavreuil\",\"publisher\":{\"@id\":\"https:\/\/www.librairieclavreuil.com\/#organization\"},\"potentialAction\":[{\"@type\":\"SearchAction\",\"target\":{\"@type\":\"EntryPoint\",\"urlTemplate\":\"https:\/\/www.librairieclavreuil.com\/?s={search_term_string}\"},\"query-input\":{\"@type\":\"PropertyValueSpecification\",\"valueRequired\":true,\"valueName\":\"search_term_string\"}}],\"inLanguage\":\"en-US\"},{\"@type\":\"Organization\",\"@id\":\"https:\/\/www.librairieclavreuil.com\/#organization\",\"name\":\"Libairie Clavreuil\",\"url\":\"https:\/\/www.librairieclavreuil.com\/\",\"logo\":{\"@type\":\"ImageObject\",\"inLanguage\":\"en-US\",\"@id\":\"https:\/\/www.librairieclavreuil.com\/#\/schema\/logo\/image\/\",\"url\":\"https:\/\/www.librairieclavreuil.com\/wp-content\/uploads\/2021\/06\/cropped-LOGO_PNG_DATE-_gold-512x512-1.png\",\"contentUrl\":\"https:\/\/www.librairieclavreuil.com\/wp-content\/uploads\/2021\/06\/cropped-LOGO_PNG_DATE-_gold-512x512-1.png\",\"width\":512,\"height\":512,\"caption\":\"Libairie Clavreuil\"},\"image\":{\"@id\":\"https:\/\/www.librairieclavreuil.com\/#\/schema\/logo\/image\/\"},\"sameAs\":[\"https:\/\/www.instagram.com\/librairieclavreuil\/\"]}]}<\/script>\n<!-- \/ Yoast SEO plugin. -->","yoast_head_json":{"title":"LE PAUTRE Antoine [Quatorze planches de plans, coupes et \u00e9l\u00e9vations de l'\u00e9glise des Invalides.] - Libairie Clavreuil","robots":{"index":"index","follow":"follow","max-snippet":"max-snippet:-1","max-image-preview":"max-image-preview:large","max-video-preview":"max-video-preview:-1"},"canonical":"https:\/\/www.librairieclavreuil.com\/en\/produit-15\/","og_locale":"en_US","og_type":"article","og_title":"LE PAUTRE Antoine [Quatorze planches de plans, coupes et \u00e9l\u00e9vations de l'\u00e9glise des Invalides.] - Libairie Clavreuil","og_description":"Large folio (503 x 415 mm) with 14 engraved plates (6 on one sheet, 4 on 2 sheets and 4 on 3 sheets). Red morocco, covers decorated in the Duseuil style, central royal coat of arms (OHR 2494, iron 10), corner ornament formed by the double 'L' interlaced and crowned, spine gilt with raised bands, decorated with title and double 'L' interlaced, gilt edges (contemporary binding).","og_url":"https:\/\/www.librairieclavreuil.com\/en\/produit-15\/","og_site_name":"Libairie Clavreuil","article_modified_time":"2024-07-01T09:25:09+00:00","og_image":[{"width":800,"height":575,"url":"https:\/\/www.librairieclavreuil.com\/wp-content\/uploads\/2024\/07\/antoine-le-pautre-quatorze-planches-de-plans-coupes-et-elevations-de-l-eglise-des-invalides-8084-661026826adff.jpg","type":"image\/jpeg"}],"twitter_card":"summary_large_image","twitter_misc":{"Est. reading time":"3 minutes"},"schema":{"@context":"https:\/\/schema.org","@graph":[{"@type":"WebPage","@id":"https:\/\/www.librairieclavreuil.com\/en\/produit-15\/","url":"https:\/\/www.librairieclavreuil.com\/en\/produit-15\/","name":"LE PAUTRE Antoine [Quatorze planches de plans, coupes et \u00e9l\u00e9vations de l'\u00e9glise des Invalides.] - Libairie Clavreuil","isPartOf":{"@id":"https:\/\/www.librairieclavreuil.com\/#website"},"primaryImageOfPage":{"@id":"https:\/\/www.librairieclavreuil.com\/en\/produit-15\/#primaryimage"},"image":{"@id":"https:\/\/www.librairieclavreuil.com\/en\/produit-15\/#primaryimage"},"thumbnailUrl":"https:\/\/www.librairieclavreuil.com\/wp-content\/uploads\/2024\/07\/antoine-le-pautre-quatorze-planches-de-plans-coupes-et-elevations-de-l-eglise-des-invalides-8084-661026826adff.jpg","datePublished":"2024-06-29T13:09:25+00:00","dateModified":"2024-07-01T09:25:09+00:00","breadcrumb":{"@id":"https:\/\/www.librairieclavreuil.com\/en\/produit-15\/#breadcrumb"},"inLanguage":"en-US","potentialAction":[{"@type":"ReadAction","target":["https:\/\/www.librairieclavreuil.com\/en\/produit-15\/"]}]},{"@type":"ImageObject","inLanguage":"en-US","@id":"https:\/\/www.librairieclavreuil.com\/en\/produit-15\/#primaryimage","url":"https:\/\/www.librairieclavreuil.com\/wp-content\/uploads\/2024\/07\/antoine-le-pautre-quatorze-planches-de-plans-coupes-et-elevations-de-l-eglise-des-invalides-8084-661026826adff.jpg","contentUrl":"https:\/\/www.librairieclavreuil.com\/wp-content\/uploads\/2024\/07\/antoine-le-pautre-quatorze-planches-de-plans-coupes-et-elevations-de-l-eglise-des-invalides-8084-661026826adff.jpg","width":800,"height":575},{"@type":"BreadcrumbList","@id":"https:\/\/www.librairieclavreuil.com\/en\/produit-15\/#breadcrumb","itemListElement":[{"@type":"ListItem","position":1,"name":"Accueil","item":"https:\/\/www.librairieclavreuil.com\/"},{"@type":"ListItem","position":2,"name":"All our books","item":"https:\/\/www.librairieclavreuil.com\/en\/all-our-books\/"},{"@type":"ListItem","position":3,"name":"LE PAUTRE Antoine [Quatorze planches de plans, coupes et \u00e9l\u00e9vations de l&#8217;\u00e9glise des Invalides.]"}]},{"@type":"WebSite","@id":"https:\/\/www.librairieclavreuil.com\/#website","url":"https:\/\/www.librairieclavreuil.com\/","name":"Libairie Clavreuil","description":"Livres anciens, manuscrits rares et \u00e9ditions originales \u2013 Librairie Clavreuil","publisher":{"@id":"https:\/\/www.librairieclavreuil.com\/#organization"},"potentialAction":[{"@type":"SearchAction","target":{"@type":"EntryPoint","urlTemplate":"https:\/\/www.librairieclavreuil.com\/?s={search_term_string}"},"query-input":{"@type":"PropertyValueSpecification","valueRequired":true,"valueName":"search_term_string"}}],"inLanguage":"en-US"},{"@type":"Organization","@id":"https:\/\/www.librairieclavreuil.com\/#organization","name":"Libairie Clavreuil","url":"https:\/\/www.librairieclavreuil.com\/","logo":{"@type":"ImageObject","inLanguage":"en-US","@id":"https:\/\/www.librairieclavreuil.com\/#\/schema\/logo\/image\/","url":"https:\/\/www.librairieclavreuil.com\/wp-content\/uploads\/2021\/06\/cropped-LOGO_PNG_DATE-_gold-512x512-1.png","contentUrl":"https:\/\/www.librairieclavreuil.com\/wp-content\/uploads\/2021\/06\/cropped-LOGO_PNG_DATE-_gold-512x512-1.png","width":512,"height":512,"caption":"Libairie Clavreuil"},"image":{"@id":"https:\/\/www.librairieclavreuil.com\/#\/schema\/logo\/image\/"},"sameAs":["https:\/\/www.instagram.com\/librairieclavreuil\/"]}]}},"jetpack_sharing_enabled":true,"_links":{"self":[{"href":"https:\/\/www.librairieclavreuil.com\/en\/wp-json\/wp\/v2\/product\/79022","targetHints":{"allow":["GET"]}}],"collection":[{"href":"https:\/\/www.librairieclavreuil.com\/en\/wp-json\/wp\/v2\/product"}],"about":[{"href":"https:\/\/www.librairieclavreuil.com\/en\/wp-json\/wp\/v2\/types\/product"}],"replies":[{"embeddable":true,"href":"https:\/\/www.librairieclavreuil.com\/en\/wp-json\/wp\/v2\/comments?post=79022"}],"wp:featuredmedia":[{"embeddable":true,"href":"https:\/\/www.librairieclavreuil.com\/en\/wp-json\/wp\/v2\/media\/79116"}],"wp:attachment":[{"href":"https:\/\/www.librairieclavreuil.com\/en\/wp-json\/wp\/v2\/media?parent=79022"}],"wp:term":[{"taxonomy":"product_brand","embeddable":true,"href":"https:\/\/www.librairieclavreuil.com\/en\/wp-json\/wp\/v2\/product_brand?post=79022"},{"taxonomy":"product_cat","embeddable":true,"href":"https:\/\/www.librairieclavreuil.com\/en\/wp-json\/wp\/v2\/product_cat?post=79022"},{"taxonomy":"product_tag","embeddable":true,"href":"https:\/\/www.librairieclavreuil.com\/en\/wp-json\/wp\/v2\/product_tag?post=79022"}],"curies":[{"name":"wp","href":"https:\/\/api.w.org\/{rel}","templated":true}]}}