{"id":78992,"date":"2024-06-29T13:10:55","date_gmt":"2024-06-29T11:10:55","guid":{"rendered":"https:\/\/www.librairieclavreuil.com\/apollinaire-guillaume-les-mamelles-de-tiresias\/"},"modified":"2024-06-29T13:11:28","modified_gmt":"2024-06-29T11:11:28","slug":"apollinaire-guillaume-les-mamelles-de-tiresias","status":"publish","type":"product","link":"https:\/\/www.librairieclavreuil.com\/en\/apollinaire-guillaume-les-mamelles-de-tiresias\/","title":{"rendered":"APOLLINAIRE Guillaume Les Mamelles de Tir\u00e9sias"},"content":{"rendered":"<p style=\"text-align:justify\"><i>Talvart et Place, I, p.80, 14.&nbsp;<\/i><\/p>\n<p style=\"text-align:justify\"><span style=\"font-variant:small-caps\">First edition<\/span>, current issue paper after 17 copies of large paper.<\/p>\n<p style=\"text-align:justify\">This surrealist drama in 2 acts and 1 prologue is illustrated with 7 hors-texte engravings based on drawings by Serge Ferrat, a cubist artist.<\/p>\n<p style=\"text-align:justify\">The book is also accompanied by the score by Germaine Albert-Birot.<\/p>\n<p style=\"text-align:justify\">This is the first book to use the word &#8220;surrealist&#8221; as a single word.<\/p>\n<p style=\"text-align:justify\">The first performance of the play took place at the Th\u00e9\u00e2tre Maubel on 24 June 1917 and presented a resolutely modern drama on stage.<\/p>\n<p style=\"text-align:justify\">The main character in <i>Mamelles de Tir\u00e9sias<\/i> is Th\u00e9r\u00e8se, presented from the very first line as a feminist. Fed up with her husband, who asks only for &#8220;lardons&#8221;, i.e. food and children, she leaves her marital home and takes a male name: Tir\u00e9sias. With this new name, Th\u00e9r\u00e8se conquered positions of power in the military, social and political spheres that were usually reserved for men. As for the Husband, he let his feminine side shine through. Now a mother, he miraculously gave birth to 49051 children in a single day.<\/p>\n<p style=\"text-align:justify\">Nice copy.<\/p>\n","protected":false},"excerpt":{"rendered":"<p>Large 16mo (190 x 140 mm) of 108 pp., 1 blank l., 1l. of achev\u00e9 d&#8217;imprimer. Boards, original wrappers preserved.<\/p>\n","protected":false},"featured_media":78983,"comment_status":"open","ping_status":"closed","template":"","meta":{"_acf_changed":false},"product_brand":[],"product_cat":[544],"product_tag":[1241,1246,1450,1255],"class_list":{"0":"post-78992","1":"product","2":"type-product","3":"status-publish","4":"has-post-thumbnail","6":"product_cat-literature","7":"product_tag-20th-century-illustrations","8":"product_tag-20th-century-literature","9":"product_tag-first-edition","10":"product_tag-theatre-dance","11":"pa_auteur-apollinaire-guillaume-2","12":"pa_type-de-livre-printed-book","14":"first","15":"instock","16":"shipping-taxable","17":"purchasable","18":"product-type-simple"},"acf":{"artist":" Guillaume APOLLINAIRE","chapeau":"\u00ab Donnez-moi du lard \u00bb","adresse_bibliographique":"Paris, \u00c9dition SIC, 1918","book_type":"Printed book","provenance":"","afficher_prix":""},"yoast_head":"<!-- This site is optimized with the Yoast SEO plugin v24.7 - https:\/\/yoast.com\/wordpress\/plugins\/seo\/ -->\n<title>APOLLINAIRE Guillaume Les Mamelles de Tir\u00e9sias - Libairie Clavreuil<\/title>\n<meta name=\"robots\" content=\"index, follow, max-snippet:-1, max-image-preview:large, max-video-preview:-1\" \/>\n<link rel=\"canonical\" href=\"https:\/\/www.librairieclavreuil.com\/en\/apollinaire-guillaume-les-mamelles-de-tiresias\/\" \/>\n<meta property=\"og:locale\" content=\"en_US\" \/>\n<meta property=\"og:type\" content=\"article\" \/>\n<meta property=\"og:title\" content=\"APOLLINAIRE Guillaume Les Mamelles de Tir\u00e9sias - Libairie Clavreuil\" \/>\n<meta property=\"og:description\" content=\"Large 16mo (190 x 140 mm) of 108 pp., 1 blank l., 1l. of achev\u00e9 d&#039;imprimer. Boards, original wrappers preserved.\" \/>\n<meta property=\"og:url\" content=\"https:\/\/www.librairieclavreuil.com\/en\/apollinaire-guillaume-les-mamelles-de-tiresias\/\" \/>\n<meta property=\"og:site_name\" content=\"Libairie Clavreuil\" \/>\n<meta property=\"article:modified_time\" content=\"2024-06-29T11:11:28+00:00\" \/>\n<meta property=\"og:image\" content=\"https:\/\/www.librairieclavreuil.com\/wp-content\/uploads\/2024\/06\/guillaume-apollinaire-les-mamelles-de-tiresias-8363-667feb6d9a760-scaled.jpg\" \/>\n\t<meta property=\"og:image:width\" content=\"1945\" \/>\n\t<meta property=\"og:image:height\" content=\"2560\" \/>\n\t<meta property=\"og:image:type\" content=\"image\/jpeg\" \/>\n<meta name=\"twitter:card\" content=\"summary_large_image\" \/>\n<meta name=\"twitter:label1\" content=\"Est. reading time\" \/>\n\t<meta name=\"twitter:data1\" content=\"1 minute\" \/>\n<script type=\"application\/ld+json\" class=\"yoast-schema-graph\">{\"@context\":\"https:\/\/schema.org\",\"@graph\":[{\"@type\":\"WebPage\",\"@id\":\"https:\/\/www.librairieclavreuil.com\/en\/apollinaire-guillaume-les-mamelles-de-tiresias\/\",\"url\":\"https:\/\/www.librairieclavreuil.com\/en\/apollinaire-guillaume-les-mamelles-de-tiresias\/\",\"name\":\"APOLLINAIRE Guillaume Les Mamelles de Tir\u00e9sias - Libairie Clavreuil\",\"isPartOf\":{\"@id\":\"https:\/\/www.librairieclavreuil.com\/#website\"},\"primaryImageOfPage\":{\"@id\":\"https:\/\/www.librairieclavreuil.com\/en\/apollinaire-guillaume-les-mamelles-de-tiresias\/#primaryimage\"},\"image\":{\"@id\":\"https:\/\/www.librairieclavreuil.com\/en\/apollinaire-guillaume-les-mamelles-de-tiresias\/#primaryimage\"},\"thumbnailUrl\":\"https:\/\/www.librairieclavreuil.com\/wp-content\/uploads\/2024\/06\/guillaume-apollinaire-les-mamelles-de-tiresias-8363-667feb6d9a760-scaled.jpg\",\"datePublished\":\"2024-06-29T11:10:55+00:00\",\"dateModified\":\"2024-06-29T11:11:28+00:00\",\"breadcrumb\":{\"@id\":\"https:\/\/www.librairieclavreuil.com\/en\/apollinaire-guillaume-les-mamelles-de-tiresias\/#breadcrumb\"},\"inLanguage\":\"en-US\",\"potentialAction\":[{\"@type\":\"ReadAction\",\"target\":[\"https:\/\/www.librairieclavreuil.com\/en\/apollinaire-guillaume-les-mamelles-de-tiresias\/\"]}]},{\"@type\":\"ImageObject\",\"inLanguage\":\"en-US\",\"@id\":\"https:\/\/www.librairieclavreuil.com\/en\/apollinaire-guillaume-les-mamelles-de-tiresias\/#primaryimage\",\"url\":\"https:\/\/www.librairieclavreuil.com\/wp-content\/uploads\/2024\/06\/guillaume-apollinaire-les-mamelles-de-tiresias-8363-667feb6d9a760-scaled.jpg\",\"contentUrl\":\"https:\/\/www.librairieclavreuil.com\/wp-content\/uploads\/2024\/06\/guillaume-apollinaire-les-mamelles-de-tiresias-8363-667feb6d9a760-scaled.jpg\",\"width\":1945,\"height\":2560},{\"@type\":\"BreadcrumbList\",\"@id\":\"https:\/\/www.librairieclavreuil.com\/en\/apollinaire-guillaume-les-mamelles-de-tiresias\/#breadcrumb\",\"itemListElement\":[{\"@type\":\"ListItem\",\"position\":1,\"name\":\"Accueil\",\"item\":\"https:\/\/www.librairieclavreuil.com\/\"},{\"@type\":\"ListItem\",\"position\":2,\"name\":\"All our books\",\"item\":\"https:\/\/www.librairieclavreuil.com\/en\/all-our-books\/\"},{\"@type\":\"ListItem\",\"position\":3,\"name\":\"APOLLINAIRE Guillaume Les Mamelles de Tir\u00e9sias\"}]},{\"@type\":\"WebSite\",\"@id\":\"https:\/\/www.librairieclavreuil.com\/#website\",\"url\":\"https:\/\/www.librairieclavreuil.com\/\",\"name\":\"Libairie Clavreuil\",\"description\":\"Livres anciens, manuscrits rares et \u00e9ditions originales \u2013 Librairie Clavreuil\",\"publisher\":{\"@id\":\"https:\/\/www.librairieclavreuil.com\/#organization\"},\"potentialAction\":[{\"@type\":\"SearchAction\",\"target\":{\"@type\":\"EntryPoint\",\"urlTemplate\":\"https:\/\/www.librairieclavreuil.com\/?s={search_term_string}\"},\"query-input\":{\"@type\":\"PropertyValueSpecification\",\"valueRequired\":true,\"valueName\":\"search_term_string\"}}],\"inLanguage\":\"en-US\"},{\"@type\":\"Organization\",\"@id\":\"https:\/\/www.librairieclavreuil.com\/#organization\",\"name\":\"Libairie Clavreuil\",\"url\":\"https:\/\/www.librairieclavreuil.com\/\",\"logo\":{\"@type\":\"ImageObject\",\"inLanguage\":\"en-US\",\"@id\":\"https:\/\/www.librairieclavreuil.com\/#\/schema\/logo\/image\/\",\"url\":\"https:\/\/www.librairieclavreuil.com\/wp-content\/uploads\/2021\/06\/cropped-LOGO_PNG_DATE-_gold-512x512-1.png\",\"contentUrl\":\"https:\/\/www.librairieclavreuil.com\/wp-content\/uploads\/2021\/06\/cropped-LOGO_PNG_DATE-_gold-512x512-1.png\",\"width\":512,\"height\":512,\"caption\":\"Libairie Clavreuil\"},\"image\":{\"@id\":\"https:\/\/www.librairieclavreuil.com\/#\/schema\/logo\/image\/\"},\"sameAs\":[\"https:\/\/www.instagram.com\/librairieclavreuil\/\"]}]}<\/script>\n<!-- \/ Yoast SEO plugin. -->","yoast_head_json":{"title":"APOLLINAIRE Guillaume Les Mamelles de Tir\u00e9sias - Libairie Clavreuil","robots":{"index":"index","follow":"follow","max-snippet":"max-snippet:-1","max-image-preview":"max-image-preview:large","max-video-preview":"max-video-preview:-1"},"canonical":"https:\/\/www.librairieclavreuil.com\/en\/apollinaire-guillaume-les-mamelles-de-tiresias\/","og_locale":"en_US","og_type":"article","og_title":"APOLLINAIRE Guillaume Les Mamelles de Tir\u00e9sias - Libairie Clavreuil","og_description":"Large 16mo (190 x 140 mm) of 108 pp., 1 blank l., 1l. of achev\u00e9 d'imprimer. Boards, original wrappers preserved.","og_url":"https:\/\/www.librairieclavreuil.com\/en\/apollinaire-guillaume-les-mamelles-de-tiresias\/","og_site_name":"Libairie Clavreuil","article_modified_time":"2024-06-29T11:11:28+00:00","og_image":[{"width":1945,"height":2560,"url":"https:\/\/www.librairieclavreuil.com\/wp-content\/uploads\/2024\/06\/guillaume-apollinaire-les-mamelles-de-tiresias-8363-667feb6d9a760-scaled.jpg","type":"image\/jpeg"}],"twitter_card":"summary_large_image","twitter_misc":{"Est. reading time":"1 minute"},"schema":{"@context":"https:\/\/schema.org","@graph":[{"@type":"WebPage","@id":"https:\/\/www.librairieclavreuil.com\/en\/apollinaire-guillaume-les-mamelles-de-tiresias\/","url":"https:\/\/www.librairieclavreuil.com\/en\/apollinaire-guillaume-les-mamelles-de-tiresias\/","name":"APOLLINAIRE Guillaume Les Mamelles de Tir\u00e9sias - Libairie Clavreuil","isPartOf":{"@id":"https:\/\/www.librairieclavreuil.com\/#website"},"primaryImageOfPage":{"@id":"https:\/\/www.librairieclavreuil.com\/en\/apollinaire-guillaume-les-mamelles-de-tiresias\/#primaryimage"},"image":{"@id":"https:\/\/www.librairieclavreuil.com\/en\/apollinaire-guillaume-les-mamelles-de-tiresias\/#primaryimage"},"thumbnailUrl":"https:\/\/www.librairieclavreuil.com\/wp-content\/uploads\/2024\/06\/guillaume-apollinaire-les-mamelles-de-tiresias-8363-667feb6d9a760-scaled.jpg","datePublished":"2024-06-29T11:10:55+00:00","dateModified":"2024-06-29T11:11:28+00:00","breadcrumb":{"@id":"https:\/\/www.librairieclavreuil.com\/en\/apollinaire-guillaume-les-mamelles-de-tiresias\/#breadcrumb"},"inLanguage":"en-US","potentialAction":[{"@type":"ReadAction","target":["https:\/\/www.librairieclavreuil.com\/en\/apollinaire-guillaume-les-mamelles-de-tiresias\/"]}]},{"@type":"ImageObject","inLanguage":"en-US","@id":"https:\/\/www.librairieclavreuil.com\/en\/apollinaire-guillaume-les-mamelles-de-tiresias\/#primaryimage","url":"https:\/\/www.librairieclavreuil.com\/wp-content\/uploads\/2024\/06\/guillaume-apollinaire-les-mamelles-de-tiresias-8363-667feb6d9a760-scaled.jpg","contentUrl":"https:\/\/www.librairieclavreuil.com\/wp-content\/uploads\/2024\/06\/guillaume-apollinaire-les-mamelles-de-tiresias-8363-667feb6d9a760-scaled.jpg","width":1945,"height":2560},{"@type":"BreadcrumbList","@id":"https:\/\/www.librairieclavreuil.com\/en\/apollinaire-guillaume-les-mamelles-de-tiresias\/#breadcrumb","itemListElement":[{"@type":"ListItem","position":1,"name":"Accueil","item":"https:\/\/www.librairieclavreuil.com\/"},{"@type":"ListItem","position":2,"name":"All our books","item":"https:\/\/www.librairieclavreuil.com\/en\/all-our-books\/"},{"@type":"ListItem","position":3,"name":"APOLLINAIRE Guillaume Les Mamelles de Tir\u00e9sias"}]},{"@type":"WebSite","@id":"https:\/\/www.librairieclavreuil.com\/#website","url":"https:\/\/www.librairieclavreuil.com\/","name":"Libairie Clavreuil","description":"Livres anciens, manuscrits rares et \u00e9ditions originales \u2013 Librairie Clavreuil","publisher":{"@id":"https:\/\/www.librairieclavreuil.com\/#organization"},"potentialAction":[{"@type":"SearchAction","target":{"@type":"EntryPoint","urlTemplate":"https:\/\/www.librairieclavreuil.com\/?s={search_term_string}"},"query-input":{"@type":"PropertyValueSpecification","valueRequired":true,"valueName":"search_term_string"}}],"inLanguage":"en-US"},{"@type":"Organization","@id":"https:\/\/www.librairieclavreuil.com\/#organization","name":"Libairie Clavreuil","url":"https:\/\/www.librairieclavreuil.com\/","logo":{"@type":"ImageObject","inLanguage":"en-US","@id":"https:\/\/www.librairieclavreuil.com\/#\/schema\/logo\/image\/","url":"https:\/\/www.librairieclavreuil.com\/wp-content\/uploads\/2021\/06\/cropped-LOGO_PNG_DATE-_gold-512x512-1.png","contentUrl":"https:\/\/www.librairieclavreuil.com\/wp-content\/uploads\/2021\/06\/cropped-LOGO_PNG_DATE-_gold-512x512-1.png","width":512,"height":512,"caption":"Libairie Clavreuil"},"image":{"@id":"https:\/\/www.librairieclavreuil.com\/#\/schema\/logo\/image\/"},"sameAs":["https:\/\/www.instagram.com\/librairieclavreuil\/"]}]}},"jetpack_sharing_enabled":true,"_links":{"self":[{"href":"https:\/\/www.librairieclavreuil.com\/en\/wp-json\/wp\/v2\/product\/78992","targetHints":{"allow":["GET"]}}],"collection":[{"href":"https:\/\/www.librairieclavreuil.com\/en\/wp-json\/wp\/v2\/product"}],"about":[{"href":"https:\/\/www.librairieclavreuil.com\/en\/wp-json\/wp\/v2\/types\/product"}],"replies":[{"embeddable":true,"href":"https:\/\/www.librairieclavreuil.com\/en\/wp-json\/wp\/v2\/comments?post=78992"}],"wp:featuredmedia":[{"embeddable":true,"href":"https:\/\/www.librairieclavreuil.com\/en\/wp-json\/wp\/v2\/media\/78983"}],"wp:attachment":[{"href":"https:\/\/www.librairieclavreuil.com\/en\/wp-json\/wp\/v2\/media?parent=78992"}],"wp:term":[{"taxonomy":"product_brand","embeddable":true,"href":"https:\/\/www.librairieclavreuil.com\/en\/wp-json\/wp\/v2\/product_brand?post=78992"},{"taxonomy":"product_cat","embeddable":true,"href":"https:\/\/www.librairieclavreuil.com\/en\/wp-json\/wp\/v2\/product_cat?post=78992"},{"taxonomy":"product_tag","embeddable":true,"href":"https:\/\/www.librairieclavreuil.com\/en\/wp-json\/wp\/v2\/product_tag?post=78992"}],"curies":[{"name":"wp","href":"https:\/\/api.w.org\/{rel}","templated":true}]}}