{"id":78814,"date":"2024-06-28T18:15:06","date_gmt":"2024-06-28T16:15:06","guid":{"rendered":"https:\/\/www.librairieclavreuil.com\/oppien-de-piscatu-libri-v-de-venatione-libri-iiii-graece-et-latine\/"},"modified":"2024-06-28T18:18:01","modified_gmt":"2024-06-28T16:18:01","slug":"oppien-de-piscatu-libri-v-de-venatione-libri-iiii-graece-et-latine","status":"publish","type":"product","link":"https:\/\/www.librairieclavreuil.com\/en\/oppien-de-piscatu-libri-v-de-venatione-libri-iiii-graece-et-latine\/","title":{"rendered":"OPPIEN De piscatu libri V. De venatione libri..."},"content":{"rendered":"<p style=\"text-align:justify\"><i>Adams O-204 &amp; 206 ; Thi\u00e9baud, 696 : &#8220;tr\u00e8s belle \u00e9dition, texte grec et traduction latine, remarquablement imprim\u00e9e&#8221; ; Souhart, 358.<\/i><\/p>\n<p style=\"text-align:justify\">Finely printed editions of these Greek poems on hunting and fishing.&nbsp;<\/p>\n<p style=\"text-align:justify\">Oppian of Anazarbus <i>Cynegeticks <\/i>and the <i>Halieutics <\/i>by his homonym Oppia of Apameus are here published under the name of the first author, as both works were then catalogued under the general name of Oppian without distinction. The <i>Cynegeticks <\/i>comprise 2042 verses in four chants, the last one has only been transmitted incomplete. The first chant concern horses and dogs, the second on hunting animals such as buffalo, oryx, etc., part three is on hunting great cats and exotic animals (lion, panther, giraffe, camel, ostrich, for example), and the last part describes different hunting techniques. The <i>Halieutics <\/i>describe in 3506 verses, divided into five chants, different types of fish (2 chants) and the art of fishing (3 chants). The described species comprise 16 mollusks, 7 crustaceans, 2 worms, 2 echinoderms, 1 porifera, 5 mammals, 1 reptile and 122 different fish.<\/p>\n<p style=\"text-align:justify\">Although published previously, the edition of the Greek as established by Turnebus is the most accurate one, purged from the errors and mistakes added over the centuries. The elegant Latin edition is given by the translator and poet by Lorenzo Lippi (1440-1485). After having studied in Florence where he was in the circle of Laurent of Medici, he taught humanities in Pisa.&nbsp;<\/p>\n<p style=\"text-align:justify\">&#8220;On remarquera que le texte grec a \u00e9t\u00e9 imprim\u00e9e par Adrien Turn\u00e8be et la traduction latine par Guillaume Morel. La raison en est qu&#8217;au cours de l&#8217;ann\u00e9e 1555, Adrien Turn\u00e8be obtint la place de Professeur royal en grec et se d\u00e9mit de l&#8217;emploi d&#8217;Imprimeur du Roi, en faveur de Guillaume Morel. \u2013 Peut-\u00eatre existe-t-il des ex. portant la m\u00eame firme pour les deux parties ; nous n&#8217;en avons jamais rencontr\u00e9&#8221; (Thi\u00e9baud).<\/p>\n<p style=\"text-align:justify\">Fine, broad margined copy.<\/p>\n<p style=\"text-align:justify\">&nbsp;Some occasional spotting, binding expertly restored.&nbsp;<\/p>\n<p style=\"text-align:justify\">From the library of the Earls of Macclesfield with their bookplate and blind stamp on the title page.<\/p>\n","protected":false},"excerpt":{"rendered":"<p style=\"text-align:justify\">2 works in one volume, 4to (221 x 155 mm) 2 nn.ll., 207 pp., 4 nn.ll. for part I (Greek text); 3 nn.ll. (last blank removed by the binder), 202 pp. for the Latin translation. Eighteenth-century English calf, spine gilt with raised bands, gilt edges.<\/p>\n","protected":false},"featured_media":78805,"comment_status":"open","ping_status":"closed","template":"","meta":{"_acf_changed":false},"product_brand":[],"product_cat":[534],"product_tag":[1348,1347,1346,1345,1344,1250,566,1343,1342],"class_list":{"0":"post-78814","1":"product","2":"type-product","3":"status-publish","4":"has-post-thumbnail","6":"product_cat-hunting","7":"product_tag-apiculture-2","8":"product_tag-conchyliology","9":"product_tag-darwinism","10":"product_tag-entomology","11":"product_tag-erpetology","12":"product_tag-greek","13":"product_tag-hunting","14":"product_tag-ichtiology","15":"product_tag-ornithology","16":"pa_auteur-oppien-2","17":"pa_type-de-livre-printed-book","19":"first","20":"instock","21":"shipping-taxable","22":"purchasable","23":"product-type-simple"},"acf":{"artist":" OPPIEN","chapeau":"","adresse_bibliographique":"Paris, Adrien Turn\u00e8be et Guillaume Morel, 1555","book_type":"Printed book","provenance":"","afficher_prix":""},"yoast_head":"<!-- This site is optimized with the Yoast SEO plugin v24.7 - https:\/\/yoast.com\/wordpress\/plugins\/seo\/ -->\n<title>OPPIEN  De piscatu libri V. De venatione libri IIII. [graece et latine]. - Libairie Clavreuil<\/title>\n<meta name=\"robots\" content=\"index, follow, max-snippet:-1, max-image-preview:large, max-video-preview:-1\" \/>\n<link rel=\"canonical\" href=\"https:\/\/www.librairieclavreuil.com\/produit\/oppien-de-piscatu-libri-v-de-venatione-libri-iiii-graece-et-latine\/\" \/>\n<meta property=\"og:locale\" content=\"en_US\" \/>\n<meta property=\"og:type\" content=\"article\" \/>\n<meta property=\"og:title\" content=\"OPPIEN  De piscatu libri V. De venatione libri IIII. [graece et latine]. - Libairie Clavreuil\" \/>\n<meta property=\"og:description\" content=\"2 works in one volume, 4to (221 x 155 mm) 2 nn.ll., 207 pp., 4 nn.ll. for part I (Greek text); 3 nn.ll. (last blank removed by the binder), 202 pp. for the Latin translation. Eighteenth-century English calf, spine gilt with raised bands, gilt edges.\" \/>\n<meta property=\"og:url\" content=\"https:\/\/www.librairieclavreuil.com\/produit\/oppien-de-piscatu-libri-v-de-venatione-libri-iiii-graece-et-latine\/\" \/>\n<meta property=\"og:site_name\" content=\"Libairie Clavreuil\" \/>\n<meta property=\"article:modified_time\" content=\"2024-06-28T16:18:01+00:00\" \/>\n<meta property=\"og:image\" content=\"https:\/\/www.librairieclavreuil.com\/wp-content\/uploads\/2024\/06\/oppien-de-piscatu-libri-v-de-venatione-libri-iiii-graece-et-latine-4185-65943f30854f9-scaled.jpg\" \/>\n\t<meta property=\"og:image:width\" content=\"1783\" \/>\n\t<meta property=\"og:image:height\" content=\"2560\" \/>\n\t<meta property=\"og:image:type\" content=\"image\/jpeg\" \/>\n<meta name=\"twitter:card\" content=\"summary_large_image\" \/>\n<meta name=\"twitter:label1\" content=\"Est. reading time\" \/>\n\t<meta name=\"twitter:data1\" content=\"2 minutes\" \/>\n<script type=\"application\/ld+json\" class=\"yoast-schema-graph\">{\"@context\":\"https:\/\/schema.org\",\"@graph\":[{\"@type\":\"WebPage\",\"@id\":\"https:\/\/www.librairieclavreuil.com\/produit\/oppien-de-piscatu-libri-v-de-venatione-libri-iiii-graece-et-latine\/\",\"url\":\"https:\/\/www.librairieclavreuil.com\/produit\/oppien-de-piscatu-libri-v-de-venatione-libri-iiii-graece-et-latine\/\",\"name\":\"OPPIEN De piscatu libri V. De venatione libri IIII. [graece et latine]. - Libairie Clavreuil\",\"isPartOf\":{\"@id\":\"https:\/\/www.librairieclavreuil.com\/#website\"},\"primaryImageOfPage\":{\"@id\":\"https:\/\/www.librairieclavreuil.com\/produit\/oppien-de-piscatu-libri-v-de-venatione-libri-iiii-graece-et-latine\/#primaryimage\"},\"image\":{\"@id\":\"https:\/\/www.librairieclavreuil.com\/produit\/oppien-de-piscatu-libri-v-de-venatione-libri-iiii-graece-et-latine\/#primaryimage\"},\"thumbnailUrl\":\"https:\/\/www.librairieclavreuil.com\/wp-content\/uploads\/2024\/06\/oppien-de-piscatu-libri-v-de-venatione-libri-iiii-graece-et-latine-4185-65943f30854f9-scaled.jpg\",\"datePublished\":\"2024-06-28T16:15:06+00:00\",\"dateModified\":\"2024-06-28T16:18:01+00:00\",\"breadcrumb\":{\"@id\":\"https:\/\/www.librairieclavreuil.com\/produit\/oppien-de-piscatu-libri-v-de-venatione-libri-iiii-graece-et-latine\/#breadcrumb\"},\"inLanguage\":\"en-US\",\"potentialAction\":[{\"@type\":\"ReadAction\",\"target\":[\"https:\/\/www.librairieclavreuil.com\/produit\/oppien-de-piscatu-libri-v-de-venatione-libri-iiii-graece-et-latine\/\"]}]},{\"@type\":\"ImageObject\",\"inLanguage\":\"en-US\",\"@id\":\"https:\/\/www.librairieclavreuil.com\/produit\/oppien-de-piscatu-libri-v-de-venatione-libri-iiii-graece-et-latine\/#primaryimage\",\"url\":\"https:\/\/www.librairieclavreuil.com\/wp-content\/uploads\/2024\/06\/oppien-de-piscatu-libri-v-de-venatione-libri-iiii-graece-et-latine-4185-65943f30854f9-scaled.jpg\",\"contentUrl\":\"https:\/\/www.librairieclavreuil.com\/wp-content\/uploads\/2024\/06\/oppien-de-piscatu-libri-v-de-venatione-libri-iiii-graece-et-latine-4185-65943f30854f9-scaled.jpg\",\"width\":1783,\"height\":2560},{\"@type\":\"BreadcrumbList\",\"@id\":\"https:\/\/www.librairieclavreuil.com\/produit\/oppien-de-piscatu-libri-v-de-venatione-libri-iiii-graece-et-latine\/#breadcrumb\",\"itemListElement\":[{\"@type\":\"ListItem\",\"position\":1,\"name\":\"Accueil\",\"item\":\"https:\/\/www.librairieclavreuil.com\/\"},{\"@type\":\"ListItem\",\"position\":2,\"name\":\"All our books\",\"item\":\"https:\/\/www.librairieclavreuil.com\/en\/all-our-books\/\"},{\"@type\":\"ListItem\",\"position\":3,\"name\":\"OPPIEN De piscatu libri V. De venatione libri...\"}]},{\"@type\":\"WebSite\",\"@id\":\"https:\/\/www.librairieclavreuil.com\/#website\",\"url\":\"https:\/\/www.librairieclavreuil.com\/\",\"name\":\"Libairie Clavreuil\",\"description\":\"Livres anciens, manuscrits rares et \u00e9ditions originales \u2013 Librairie Clavreuil\",\"publisher\":{\"@id\":\"https:\/\/www.librairieclavreuil.com\/#organization\"},\"potentialAction\":[{\"@type\":\"SearchAction\",\"target\":{\"@type\":\"EntryPoint\",\"urlTemplate\":\"https:\/\/www.librairieclavreuil.com\/?s={search_term_string}\"},\"query-input\":{\"@type\":\"PropertyValueSpecification\",\"valueRequired\":true,\"valueName\":\"search_term_string\"}}],\"inLanguage\":\"en-US\"},{\"@type\":\"Organization\",\"@id\":\"https:\/\/www.librairieclavreuil.com\/#organization\",\"name\":\"Libairie Clavreuil\",\"url\":\"https:\/\/www.librairieclavreuil.com\/\",\"logo\":{\"@type\":\"ImageObject\",\"inLanguage\":\"en-US\",\"@id\":\"https:\/\/www.librairieclavreuil.com\/#\/schema\/logo\/image\/\",\"url\":\"https:\/\/www.librairieclavreuil.com\/wp-content\/uploads\/2021\/06\/cropped-LOGO_PNG_DATE-_gold-512x512-1.png\",\"contentUrl\":\"https:\/\/www.librairieclavreuil.com\/wp-content\/uploads\/2021\/06\/cropped-LOGO_PNG_DATE-_gold-512x512-1.png\",\"width\":512,\"height\":512,\"caption\":\"Libairie Clavreuil\"},\"image\":{\"@id\":\"https:\/\/www.librairieclavreuil.com\/#\/schema\/logo\/image\/\"},\"sameAs\":[\"https:\/\/www.instagram.com\/librairieclavreuil\/\"]}]}<\/script>\n<!-- \/ Yoast SEO plugin. -->","yoast_head_json":{"title":"OPPIEN  De piscatu libri V. De venatione libri IIII. [graece et latine]. - Libairie Clavreuil","robots":{"index":"index","follow":"follow","max-snippet":"max-snippet:-1","max-image-preview":"max-image-preview:large","max-video-preview":"max-video-preview:-1"},"canonical":"https:\/\/www.librairieclavreuil.com\/produit\/oppien-de-piscatu-libri-v-de-venatione-libri-iiii-graece-et-latine\/","og_locale":"en_US","og_type":"article","og_title":"OPPIEN  De piscatu libri V. De venatione libri IIII. [graece et latine]. - Libairie Clavreuil","og_description":"2 works in one volume, 4to (221 x 155 mm) 2 nn.ll., 207 pp., 4 nn.ll. for part I (Greek text); 3 nn.ll. (last blank removed by the binder), 202 pp. for the Latin translation. Eighteenth-century English calf, spine gilt with raised bands, gilt edges.","og_url":"https:\/\/www.librairieclavreuil.com\/produit\/oppien-de-piscatu-libri-v-de-venatione-libri-iiii-graece-et-latine\/","og_site_name":"Libairie Clavreuil","article_modified_time":"2024-06-28T16:18:01+00:00","og_image":[{"width":1783,"height":2560,"url":"https:\/\/www.librairieclavreuil.com\/wp-content\/uploads\/2024\/06\/oppien-de-piscatu-libri-v-de-venatione-libri-iiii-graece-et-latine-4185-65943f30854f9-scaled.jpg","type":"image\/jpeg"}],"twitter_card":"summary_large_image","twitter_misc":{"Est. reading time":"2 minutes"},"schema":{"@context":"https:\/\/schema.org","@graph":[{"@type":"WebPage","@id":"https:\/\/www.librairieclavreuil.com\/produit\/oppien-de-piscatu-libri-v-de-venatione-libri-iiii-graece-et-latine\/","url":"https:\/\/www.librairieclavreuil.com\/produit\/oppien-de-piscatu-libri-v-de-venatione-libri-iiii-graece-et-latine\/","name":"OPPIEN De piscatu libri V. De venatione libri IIII. [graece et latine]. - Libairie Clavreuil","isPartOf":{"@id":"https:\/\/www.librairieclavreuil.com\/#website"},"primaryImageOfPage":{"@id":"https:\/\/www.librairieclavreuil.com\/produit\/oppien-de-piscatu-libri-v-de-venatione-libri-iiii-graece-et-latine\/#primaryimage"},"image":{"@id":"https:\/\/www.librairieclavreuil.com\/produit\/oppien-de-piscatu-libri-v-de-venatione-libri-iiii-graece-et-latine\/#primaryimage"},"thumbnailUrl":"https:\/\/www.librairieclavreuil.com\/wp-content\/uploads\/2024\/06\/oppien-de-piscatu-libri-v-de-venatione-libri-iiii-graece-et-latine-4185-65943f30854f9-scaled.jpg","datePublished":"2024-06-28T16:15:06+00:00","dateModified":"2024-06-28T16:18:01+00:00","breadcrumb":{"@id":"https:\/\/www.librairieclavreuil.com\/produit\/oppien-de-piscatu-libri-v-de-venatione-libri-iiii-graece-et-latine\/#breadcrumb"},"inLanguage":"en-US","potentialAction":[{"@type":"ReadAction","target":["https:\/\/www.librairieclavreuil.com\/produit\/oppien-de-piscatu-libri-v-de-venatione-libri-iiii-graece-et-latine\/"]}]},{"@type":"ImageObject","inLanguage":"en-US","@id":"https:\/\/www.librairieclavreuil.com\/produit\/oppien-de-piscatu-libri-v-de-venatione-libri-iiii-graece-et-latine\/#primaryimage","url":"https:\/\/www.librairieclavreuil.com\/wp-content\/uploads\/2024\/06\/oppien-de-piscatu-libri-v-de-venatione-libri-iiii-graece-et-latine-4185-65943f30854f9-scaled.jpg","contentUrl":"https:\/\/www.librairieclavreuil.com\/wp-content\/uploads\/2024\/06\/oppien-de-piscatu-libri-v-de-venatione-libri-iiii-graece-et-latine-4185-65943f30854f9-scaled.jpg","width":1783,"height":2560},{"@type":"BreadcrumbList","@id":"https:\/\/www.librairieclavreuil.com\/produit\/oppien-de-piscatu-libri-v-de-venatione-libri-iiii-graece-et-latine\/#breadcrumb","itemListElement":[{"@type":"ListItem","position":1,"name":"Accueil","item":"https:\/\/www.librairieclavreuil.com\/"},{"@type":"ListItem","position":2,"name":"All our books","item":"https:\/\/www.librairieclavreuil.com\/en\/all-our-books\/"},{"@type":"ListItem","position":3,"name":"OPPIEN De piscatu libri V. De venatione libri..."}]},{"@type":"WebSite","@id":"https:\/\/www.librairieclavreuil.com\/#website","url":"https:\/\/www.librairieclavreuil.com\/","name":"Libairie Clavreuil","description":"Livres anciens, manuscrits rares et \u00e9ditions originales \u2013 Librairie Clavreuil","publisher":{"@id":"https:\/\/www.librairieclavreuil.com\/#organization"},"potentialAction":[{"@type":"SearchAction","target":{"@type":"EntryPoint","urlTemplate":"https:\/\/www.librairieclavreuil.com\/?s={search_term_string}"},"query-input":{"@type":"PropertyValueSpecification","valueRequired":true,"valueName":"search_term_string"}}],"inLanguage":"en-US"},{"@type":"Organization","@id":"https:\/\/www.librairieclavreuil.com\/#organization","name":"Libairie Clavreuil","url":"https:\/\/www.librairieclavreuil.com\/","logo":{"@type":"ImageObject","inLanguage":"en-US","@id":"https:\/\/www.librairieclavreuil.com\/#\/schema\/logo\/image\/","url":"https:\/\/www.librairieclavreuil.com\/wp-content\/uploads\/2021\/06\/cropped-LOGO_PNG_DATE-_gold-512x512-1.png","contentUrl":"https:\/\/www.librairieclavreuil.com\/wp-content\/uploads\/2021\/06\/cropped-LOGO_PNG_DATE-_gold-512x512-1.png","width":512,"height":512,"caption":"Libairie Clavreuil"},"image":{"@id":"https:\/\/www.librairieclavreuil.com\/#\/schema\/logo\/image\/"},"sameAs":["https:\/\/www.instagram.com\/librairieclavreuil\/"]}]}},"jetpack_sharing_enabled":true,"_links":{"self":[{"href":"https:\/\/www.librairieclavreuil.com\/en\/wp-json\/wp\/v2\/product\/78814","targetHints":{"allow":["GET"]}}],"collection":[{"href":"https:\/\/www.librairieclavreuil.com\/en\/wp-json\/wp\/v2\/product"}],"about":[{"href":"https:\/\/www.librairieclavreuil.com\/en\/wp-json\/wp\/v2\/types\/product"}],"replies":[{"embeddable":true,"href":"https:\/\/www.librairieclavreuil.com\/en\/wp-json\/wp\/v2\/comments?post=78814"}],"wp:featuredmedia":[{"embeddable":true,"href":"https:\/\/www.librairieclavreuil.com\/en\/wp-json\/wp\/v2\/media\/78805"}],"wp:attachment":[{"href":"https:\/\/www.librairieclavreuil.com\/en\/wp-json\/wp\/v2\/media?parent=78814"}],"wp:term":[{"taxonomy":"product_brand","embeddable":true,"href":"https:\/\/www.librairieclavreuil.com\/en\/wp-json\/wp\/v2\/product_brand?post=78814"},{"taxonomy":"product_cat","embeddable":true,"href":"https:\/\/www.librairieclavreuil.com\/en\/wp-json\/wp\/v2\/product_cat?post=78814"},{"taxonomy":"product_tag","embeddable":true,"href":"https:\/\/www.librairieclavreuil.com\/en\/wp-json\/wp\/v2\/product_tag?post=78814"}],"curies":[{"name":"wp","href":"https:\/\/api.w.org\/{rel}","templated":true}]}}