{"id":78763,"date":"2024-06-28T17:56:22","date_gmt":"2024-06-28T15:56:22","guid":{"rendered":"https:\/\/www.librairieclavreuil.com\/cicero-marcus-tullius-de-divination-nagueres-translate-de-latin-en-fracois-par-robert-du-souchey\/"},"modified":"2024-06-28T17:56:37","modified_gmt":"2024-06-28T15:56:37","slug":"cicero-marcus-tullius-de-divination-nagueres-translate-de-latin-en-fracois-par-robert-du-souchey","status":"publish","type":"product","link":"https:\/\/www.librairieclavreuil.com\/en\/cicero-marcus-tullius-de-divination-nagueres-translate-de-latin-en-fracois-par-robert-du-souchey\/","title":{"rendered":"CICERO Marcus Tullius De Divination, nagu\u00e8res translat\u00e9 de..."},"content":{"rendered":"<p style=\"text-align:justify\"><i>Brunet, II, 55&nbsp;; not in Adams and other specialized bibliographies.<\/i><\/p>\n<p style=\"text-align:justify\">Very rare edition of this translation by Robert de Souchey,&nbsp;practically unknown to this day. Studies on this text, which began thanks to Michel Simonin in 1997, have made it possible to obtain more precise information on the dating and identification of the publisher. In particular, the presence of a candelabra on the title page would link it to the heirs of the publisher Pierre Gromors: indeed, until 1544-1545, this printer would have used other marks, while his sons, probably less famous, would have chosen the candelabra as their emblem. The semi-anonymity of the volume is therefore understandable, and it would certainly have been more successful if it had been published by a publisher of the calibre of Father Gromors.<\/p>\n<p style=\"text-align:justify\">On the other hand, the dedication to Joachim de La Ferri\u00e8re, Du Souchey&#8217;s fellow student in literary studies, is important for understanding the aim and typology of the work. Indeed, Souchey&#8217;s desire to propose a translation with literary ambitions, intended to enrich the French language, is underlined. However, there is no shortage of difficulties in rendering Cicero&#8217;s work, particularly because of the specialised vocabulary and the many passages in verse inserted both as quotations from other authors and as poetic productions by Cicero himself. The French translator chooses to popularise these parts as well, by reproducing the verses: in this way, the rhetorical effects are maintained. On the whole, this <i>De divinatione<\/i> is extremely interesting, especially for its promotion of the French language and for Du Souchey&#8217;s attention to some typical skeptical themes, opposing for example superstition and the abuse of religious credulity and openly defending French national traditions. The title is printed within a woodcut architectural border with the printer&#8217;s mark &#8211; a candlestick with a lit candle &#8211; and his motto &#8216;Alteri serviens consumor&#8217; (In the service of others I consume myself).&nbsp;<\/p>\n<p style=\"text-align:justify\">This edition is very rare on the market, it is missing from the Biblioth\u00e8que nationale de France and only four institutional copies are recorded : Bayerische Staatsbibliothek in Munich, University of Pennsylvania in Philadelphia, Kantonsbibliothek in St. Gallen, and the Biblioth\u00e8que municipale in Provins.&nbsp;<\/p>\n<p style=\"text-align:justify\">A very good copy.<\/p>\n","protected":false},"excerpt":{"rendered":"<p>Small 8vo (153 x 93 mm) 124 num.ll. Light bown janseniste morocco signed by Hardy, spine with raised bands, inner dentelle, gilt edges.<\/p>\n","protected":false},"featured_media":78758,"comment_status":"open","ping_status":"closed","template":"","meta":{"_acf_changed":false},"product_brand":[],"product_cat":[544],"product_tag":[1243],"class_list":{"0":"post-78763","1":"product","2":"type-product","3":"status-publish","4":"has-post-thumbnail","6":"product_cat-literature","7":"product_tag-16th-century-literature","8":"pa_auteur-cicero-marcus-tullius-2","9":"pa_type-de-livre-printed-book","11":"first","12":"instock","13":"shipping-taxable","14":"purchasable","15":"product-type-simple"},"acf":{"artist":" Marcus Tullius CICERO","chapeau":"Not in the French National Library","adresse_bibliographique":"Paris, Pierre Gromors \u00e0 l'enseigne du Phoenix, 1545","book_type":"Printed book","provenance":"","afficher_prix":""},"yoast_head":"<!-- This site is optimized with the Yoast SEO plugin v24.7 - https:\/\/yoast.com\/wordpress\/plugins\/seo\/ -->\n<title>CICERO Marcus Tullius De Divination, nagu\u00e8res translat\u00e9 de Latin en Fr\u00e2\u00e7ois, par Robert du Souchey. - Libairie Clavreuil<\/title>\n<meta name=\"robots\" content=\"index, follow, max-snippet:-1, max-image-preview:large, max-video-preview:-1\" \/>\n<link rel=\"canonical\" href=\"https:\/\/www.librairieclavreuil.com\/en\/cicero-marcus-tullius-de-divination-nagueres-translate-de-latin-en-fracois-par-robert-du-souchey\/\" \/>\n<meta property=\"og:locale\" content=\"en_US\" \/>\n<meta property=\"og:type\" content=\"article\" \/>\n<meta property=\"og:title\" content=\"CICERO Marcus Tullius De Divination, nagu\u00e8res translat\u00e9 de Latin en Fr\u00e2\u00e7ois, par Robert du Souchey. - Libairie Clavreuil\" \/>\n<meta property=\"og:description\" content=\"Small 8vo (153 x 93 mm) 124 num.ll. Light bown janseniste morocco signed by Hardy, spine with raised bands, inner dentelle, gilt edges.\" \/>\n<meta property=\"og:url\" content=\"https:\/\/www.librairieclavreuil.com\/en\/cicero-marcus-tullius-de-divination-nagueres-translate-de-latin-en-fracois-par-robert-du-souchey\/\" \/>\n<meta property=\"og:site_name\" content=\"Libairie Clavreuil\" \/>\n<meta property=\"article:modified_time\" content=\"2024-06-28T15:56:37+00:00\" \/>\n<meta property=\"og:image\" content=\"https:\/\/www.librairieclavreuil.com\/wp-content\/uploads\/2024\/06\/marcus-tullius-cicero-de-divination-nagueres-translate-de-latin-en-fracois-par-robert-du-souchey-8020-65942fb51bc4f.jpg\" \/>\n\t<meta property=\"og:image:width\" content=\"377\" \/>\n\t<meta property=\"og:image:height\" content=\"600\" \/>\n\t<meta property=\"og:image:type\" content=\"image\/jpeg\" \/>\n<meta name=\"twitter:card\" content=\"summary_large_image\" \/>\n<meta name=\"twitter:label1\" content=\"Est. reading time\" \/>\n\t<meta name=\"twitter:data1\" content=\"2 minutes\" \/>\n<script type=\"application\/ld+json\" class=\"yoast-schema-graph\">{\"@context\":\"https:\/\/schema.org\",\"@graph\":[{\"@type\":\"WebPage\",\"@id\":\"https:\/\/www.librairieclavreuil.com\/en\/cicero-marcus-tullius-de-divination-nagueres-translate-de-latin-en-fracois-par-robert-du-souchey\/\",\"url\":\"https:\/\/www.librairieclavreuil.com\/en\/cicero-marcus-tullius-de-divination-nagueres-translate-de-latin-en-fracois-par-robert-du-souchey\/\",\"name\":\"CICERO Marcus Tullius De Divination, nagu\u00e8res translat\u00e9 de Latin en Fr\u00e2\u00e7ois, par Robert du Souchey. - Libairie Clavreuil\",\"isPartOf\":{\"@id\":\"https:\/\/www.librairieclavreuil.com\/#website\"},\"primaryImageOfPage\":{\"@id\":\"https:\/\/www.librairieclavreuil.com\/en\/cicero-marcus-tullius-de-divination-nagueres-translate-de-latin-en-fracois-par-robert-du-souchey\/#primaryimage\"},\"image\":{\"@id\":\"https:\/\/www.librairieclavreuil.com\/en\/cicero-marcus-tullius-de-divination-nagueres-translate-de-latin-en-fracois-par-robert-du-souchey\/#primaryimage\"},\"thumbnailUrl\":\"https:\/\/www.librairieclavreuil.com\/wp-content\/uploads\/2024\/06\/marcus-tullius-cicero-de-divination-nagueres-translate-de-latin-en-fracois-par-robert-du-souchey-8020-65942fb51bc4f.jpg\",\"datePublished\":\"2024-06-28T15:56:22+00:00\",\"dateModified\":\"2024-06-28T15:56:37+00:00\",\"breadcrumb\":{\"@id\":\"https:\/\/www.librairieclavreuil.com\/en\/cicero-marcus-tullius-de-divination-nagueres-translate-de-latin-en-fracois-par-robert-du-souchey\/#breadcrumb\"},\"inLanguage\":\"en-US\",\"potentialAction\":[{\"@type\":\"ReadAction\",\"target\":[\"https:\/\/www.librairieclavreuil.com\/en\/cicero-marcus-tullius-de-divination-nagueres-translate-de-latin-en-fracois-par-robert-du-souchey\/\"]}]},{\"@type\":\"ImageObject\",\"inLanguage\":\"en-US\",\"@id\":\"https:\/\/www.librairieclavreuil.com\/en\/cicero-marcus-tullius-de-divination-nagueres-translate-de-latin-en-fracois-par-robert-du-souchey\/#primaryimage\",\"url\":\"https:\/\/www.librairieclavreuil.com\/wp-content\/uploads\/2024\/06\/marcus-tullius-cicero-de-divination-nagueres-translate-de-latin-en-fracois-par-robert-du-souchey-8020-65942fb51bc4f.jpg\",\"contentUrl\":\"https:\/\/www.librairieclavreuil.com\/wp-content\/uploads\/2024\/06\/marcus-tullius-cicero-de-divination-nagueres-translate-de-latin-en-fracois-par-robert-du-souchey-8020-65942fb51bc4f.jpg\",\"width\":377,\"height\":600},{\"@type\":\"BreadcrumbList\",\"@id\":\"https:\/\/www.librairieclavreuil.com\/en\/cicero-marcus-tullius-de-divination-nagueres-translate-de-latin-en-fracois-par-robert-du-souchey\/#breadcrumb\",\"itemListElement\":[{\"@type\":\"ListItem\",\"position\":1,\"name\":\"Accueil\",\"item\":\"https:\/\/www.librairieclavreuil.com\/\"},{\"@type\":\"ListItem\",\"position\":2,\"name\":\"All our books\",\"item\":\"https:\/\/www.librairieclavreuil.com\/en\/all-our-books\/\"},{\"@type\":\"ListItem\",\"position\":3,\"name\":\"CICERO Marcus Tullius De Divination, nagu\u00e8res translat\u00e9 de Latin en Fr\u00e2\u00e7ois, par Robert du Souchey.\"}]},{\"@type\":\"WebSite\",\"@id\":\"https:\/\/www.librairieclavreuil.com\/#website\",\"url\":\"https:\/\/www.librairieclavreuil.com\/\",\"name\":\"Libairie Clavreuil\",\"description\":\"Livres anciens, manuscrits rares et \u00e9ditions originales \u2013 Librairie Clavreuil\",\"publisher\":{\"@id\":\"https:\/\/www.librairieclavreuil.com\/#organization\"},\"potentialAction\":[{\"@type\":\"SearchAction\",\"target\":{\"@type\":\"EntryPoint\",\"urlTemplate\":\"https:\/\/www.librairieclavreuil.com\/?s={search_term_string}\"},\"query-input\":{\"@type\":\"PropertyValueSpecification\",\"valueRequired\":true,\"valueName\":\"search_term_string\"}}],\"inLanguage\":\"en-US\"},{\"@type\":\"Organization\",\"@id\":\"https:\/\/www.librairieclavreuil.com\/#organization\",\"name\":\"Libairie Clavreuil\",\"url\":\"https:\/\/www.librairieclavreuil.com\/\",\"logo\":{\"@type\":\"ImageObject\",\"inLanguage\":\"en-US\",\"@id\":\"https:\/\/www.librairieclavreuil.com\/#\/schema\/logo\/image\/\",\"url\":\"https:\/\/www.librairieclavreuil.com\/wp-content\/uploads\/2021\/06\/cropped-LOGO_PNG_DATE-_gold-512x512-1.png\",\"contentUrl\":\"https:\/\/www.librairieclavreuil.com\/wp-content\/uploads\/2021\/06\/cropped-LOGO_PNG_DATE-_gold-512x512-1.png\",\"width\":512,\"height\":512,\"caption\":\"Libairie Clavreuil\"},\"image\":{\"@id\":\"https:\/\/www.librairieclavreuil.com\/#\/schema\/logo\/image\/\"},\"sameAs\":[\"https:\/\/www.instagram.com\/librairieclavreuil\/\"]}]}<\/script>\n<!-- \/ Yoast SEO plugin. -->","yoast_head_json":{"title":"CICERO Marcus Tullius De Divination, nagu\u00e8res translat\u00e9 de Latin en Fr\u00e2\u00e7ois, par Robert du Souchey. - Libairie Clavreuil","robots":{"index":"index","follow":"follow","max-snippet":"max-snippet:-1","max-image-preview":"max-image-preview:large","max-video-preview":"max-video-preview:-1"},"canonical":"https:\/\/www.librairieclavreuil.com\/en\/cicero-marcus-tullius-de-divination-nagueres-translate-de-latin-en-fracois-par-robert-du-souchey\/","og_locale":"en_US","og_type":"article","og_title":"CICERO Marcus Tullius De Divination, nagu\u00e8res translat\u00e9 de Latin en Fr\u00e2\u00e7ois, par Robert du Souchey. - Libairie Clavreuil","og_description":"Small 8vo (153 x 93 mm) 124 num.ll. Light bown janseniste morocco signed by Hardy, spine with raised bands, inner dentelle, gilt edges.","og_url":"https:\/\/www.librairieclavreuil.com\/en\/cicero-marcus-tullius-de-divination-nagueres-translate-de-latin-en-fracois-par-robert-du-souchey\/","og_site_name":"Libairie Clavreuil","article_modified_time":"2024-06-28T15:56:37+00:00","og_image":[{"width":377,"height":600,"url":"https:\/\/www.librairieclavreuil.com\/wp-content\/uploads\/2024\/06\/marcus-tullius-cicero-de-divination-nagueres-translate-de-latin-en-fracois-par-robert-du-souchey-8020-65942fb51bc4f.jpg","type":"image\/jpeg"}],"twitter_card":"summary_large_image","twitter_misc":{"Est. reading time":"2 minutes"},"schema":{"@context":"https:\/\/schema.org","@graph":[{"@type":"WebPage","@id":"https:\/\/www.librairieclavreuil.com\/en\/cicero-marcus-tullius-de-divination-nagueres-translate-de-latin-en-fracois-par-robert-du-souchey\/","url":"https:\/\/www.librairieclavreuil.com\/en\/cicero-marcus-tullius-de-divination-nagueres-translate-de-latin-en-fracois-par-robert-du-souchey\/","name":"CICERO Marcus Tullius De Divination, nagu\u00e8res translat\u00e9 de Latin en Fr\u00e2\u00e7ois, par Robert du Souchey. - Libairie Clavreuil","isPartOf":{"@id":"https:\/\/www.librairieclavreuil.com\/#website"},"primaryImageOfPage":{"@id":"https:\/\/www.librairieclavreuil.com\/en\/cicero-marcus-tullius-de-divination-nagueres-translate-de-latin-en-fracois-par-robert-du-souchey\/#primaryimage"},"image":{"@id":"https:\/\/www.librairieclavreuil.com\/en\/cicero-marcus-tullius-de-divination-nagueres-translate-de-latin-en-fracois-par-robert-du-souchey\/#primaryimage"},"thumbnailUrl":"https:\/\/www.librairieclavreuil.com\/wp-content\/uploads\/2024\/06\/marcus-tullius-cicero-de-divination-nagueres-translate-de-latin-en-fracois-par-robert-du-souchey-8020-65942fb51bc4f.jpg","datePublished":"2024-06-28T15:56:22+00:00","dateModified":"2024-06-28T15:56:37+00:00","breadcrumb":{"@id":"https:\/\/www.librairieclavreuil.com\/en\/cicero-marcus-tullius-de-divination-nagueres-translate-de-latin-en-fracois-par-robert-du-souchey\/#breadcrumb"},"inLanguage":"en-US","potentialAction":[{"@type":"ReadAction","target":["https:\/\/www.librairieclavreuil.com\/en\/cicero-marcus-tullius-de-divination-nagueres-translate-de-latin-en-fracois-par-robert-du-souchey\/"]}]},{"@type":"ImageObject","inLanguage":"en-US","@id":"https:\/\/www.librairieclavreuil.com\/en\/cicero-marcus-tullius-de-divination-nagueres-translate-de-latin-en-fracois-par-robert-du-souchey\/#primaryimage","url":"https:\/\/www.librairieclavreuil.com\/wp-content\/uploads\/2024\/06\/marcus-tullius-cicero-de-divination-nagueres-translate-de-latin-en-fracois-par-robert-du-souchey-8020-65942fb51bc4f.jpg","contentUrl":"https:\/\/www.librairieclavreuil.com\/wp-content\/uploads\/2024\/06\/marcus-tullius-cicero-de-divination-nagueres-translate-de-latin-en-fracois-par-robert-du-souchey-8020-65942fb51bc4f.jpg","width":377,"height":600},{"@type":"BreadcrumbList","@id":"https:\/\/www.librairieclavreuil.com\/en\/cicero-marcus-tullius-de-divination-nagueres-translate-de-latin-en-fracois-par-robert-du-souchey\/#breadcrumb","itemListElement":[{"@type":"ListItem","position":1,"name":"Accueil","item":"https:\/\/www.librairieclavreuil.com\/"},{"@type":"ListItem","position":2,"name":"All our books","item":"https:\/\/www.librairieclavreuil.com\/en\/all-our-books\/"},{"@type":"ListItem","position":3,"name":"CICERO Marcus Tullius De Divination, nagu\u00e8res translat\u00e9 de Latin en Fr\u00e2\u00e7ois, par Robert du Souchey."}]},{"@type":"WebSite","@id":"https:\/\/www.librairieclavreuil.com\/#website","url":"https:\/\/www.librairieclavreuil.com\/","name":"Libairie Clavreuil","description":"Livres anciens, manuscrits rares et \u00e9ditions originales \u2013 Librairie Clavreuil","publisher":{"@id":"https:\/\/www.librairieclavreuil.com\/#organization"},"potentialAction":[{"@type":"SearchAction","target":{"@type":"EntryPoint","urlTemplate":"https:\/\/www.librairieclavreuil.com\/?s={search_term_string}"},"query-input":{"@type":"PropertyValueSpecification","valueRequired":true,"valueName":"search_term_string"}}],"inLanguage":"en-US"},{"@type":"Organization","@id":"https:\/\/www.librairieclavreuil.com\/#organization","name":"Libairie Clavreuil","url":"https:\/\/www.librairieclavreuil.com\/","logo":{"@type":"ImageObject","inLanguage":"en-US","@id":"https:\/\/www.librairieclavreuil.com\/#\/schema\/logo\/image\/","url":"https:\/\/www.librairieclavreuil.com\/wp-content\/uploads\/2021\/06\/cropped-LOGO_PNG_DATE-_gold-512x512-1.png","contentUrl":"https:\/\/www.librairieclavreuil.com\/wp-content\/uploads\/2021\/06\/cropped-LOGO_PNG_DATE-_gold-512x512-1.png","width":512,"height":512,"caption":"Libairie Clavreuil"},"image":{"@id":"https:\/\/www.librairieclavreuil.com\/#\/schema\/logo\/image\/"},"sameAs":["https:\/\/www.instagram.com\/librairieclavreuil\/"]}]}},"jetpack_sharing_enabled":true,"_links":{"self":[{"href":"https:\/\/www.librairieclavreuil.com\/en\/wp-json\/wp\/v2\/product\/78763","targetHints":{"allow":["GET"]}}],"collection":[{"href":"https:\/\/www.librairieclavreuil.com\/en\/wp-json\/wp\/v2\/product"}],"about":[{"href":"https:\/\/www.librairieclavreuil.com\/en\/wp-json\/wp\/v2\/types\/product"}],"replies":[{"embeddable":true,"href":"https:\/\/www.librairieclavreuil.com\/en\/wp-json\/wp\/v2\/comments?post=78763"}],"wp:featuredmedia":[{"embeddable":true,"href":"https:\/\/www.librairieclavreuil.com\/en\/wp-json\/wp\/v2\/media\/78758"}],"wp:attachment":[{"href":"https:\/\/www.librairieclavreuil.com\/en\/wp-json\/wp\/v2\/media?parent=78763"}],"wp:term":[{"taxonomy":"product_brand","embeddable":true,"href":"https:\/\/www.librairieclavreuil.com\/en\/wp-json\/wp\/v2\/product_brand?post=78763"},{"taxonomy":"product_cat","embeddable":true,"href":"https:\/\/www.librairieclavreuil.com\/en\/wp-json\/wp\/v2\/product_cat?post=78763"},{"taxonomy":"product_tag","embeddable":true,"href":"https:\/\/www.librairieclavreuil.com\/en\/wp-json\/wp\/v2\/product_tag?post=78763"}],"curies":[{"name":"wp","href":"https:\/\/api.w.org\/{rel}","templated":true}]}}