{"id":78713,"date":"2024-06-27T16:47:14","date_gmt":"2024-06-27T14:47:14","guid":{"rendered":"https:\/\/www.librairieclavreuil.com\/lavoisier-antoine-laurent-de-opuscules-physiques-et-chymiques\/"},"modified":"2024-06-27T16:47:26","modified_gmt":"2024-06-27T14:47:26","slug":"lavoisier-antoine-laurent-de-opuscules-physiques-et-chymiques","status":"publish","type":"product","link":"https:\/\/www.librairieclavreuil.com\/en\/lavoisier-antoine-laurent-de-opuscules-physiques-et-chymiques\/","title":{"rendered":"LAVOISIER Antoine-Laurent de Opuscules physiques et chymiques."},"content":{"rendered":"<p style=\"text-align:justify\"><i>Cole, 769; Duveen &amp; Klickstrein, 121.<\/i><\/p>\n<p style=\"text-align:justify\"><span style=\"font-variant:small-caps\">First edition, first issue, as described by Duveen &amp; Klickstein. Complete as is.<\/span><\/p>\n<p style=\"text-align:justify\">As early as February 1773, Lavoisier wrote in his laboratory notebook that his experiments would \u2018bring about a revolution in physics and chemistry\u2019. In September of the same year, he began writing the <i>Opuscules,<\/i> a multi-volume work of which only the first volume was published, in which he addressed the interpretation of combustion as \u2018the release of phlogiston\u2019 that was generally accepted by chemists in the 18th century.<\/p>\n<p style=\"text-align:justify\">His book is divided into two parts: the first (pp. 1-184) : <i>Pr\u00e9cis historique sur les \u00e9manations \u00e9lastiques qui se d\u00e9gent descorps pendant la combustion is a summary of the texts on fixed air.<\/i> In the second part (pp. 187-436) he presents his experiments, which already demonstrate the composite nature of air. He did not openly attack the theory of phlogiston until 1783.<\/p>\n<p style=\"text-align:justify\">&#8220;Lavoisier, in his first major publication, surveys previous works concerning gases and then presents his own experiments&#8221; (Cole)<\/p>\n<p style=\"text-align:justify\">Very good copy.<\/p>\n<p style=\"text-align:justify\">&nbsp;<\/p>\n","protected":false},"excerpt":{"rendered":"<p>8vo (192 x 119 mm) title, XXXpp., 1 nn.l., 436 pp. Contemporary marbled calf, spine gilt with raised bands, red edges (corners and hinges expertly restored).<\/p>\n","protected":false},"featured_media":78706,"comment_status":"open","ping_status":"closed","template":"","meta":{"_acf_changed":false},"product_brand":[],"product_cat":[550],"product_tag":[1324,1450,1326],"class_list":{"0":"post-78713","1":"product","2":"type-product","3":"status-publish","4":"has-post-thumbnail","6":"product_cat-science","7":"product_tag-chemistry","8":"product_tag-first-edition","9":"product_tag-general-chemistry","10":"pa_auteur-lavoisier-antoine-laurent-de-2","11":"pa_type-de-livre-printed-book","13":"first","14":"instock","15":"shipping-taxable","16":"purchasable","17":"product-type-simple"},"acf":{"artist":" Antoine-Laurent de LAVOISIER","chapeau":"","adresse_bibliographique":"Paris, Durand, Didot et Esprit, 1774","book_type":"Printed book","provenance":"","afficher_prix":""},"yoast_head":"<!-- This site is optimized with the Yoast SEO plugin v24.7 - https:\/\/yoast.com\/wordpress\/plugins\/seo\/ -->\n<title>LAVOISIER Antoine-Laurent de Opuscules physiques et chymiques. - Libairie Clavreuil<\/title>\n<meta name=\"robots\" content=\"index, follow, max-snippet:-1, max-image-preview:large, max-video-preview:-1\" \/>\n<link rel=\"canonical\" href=\"https:\/\/www.librairieclavreuil.com\/en\/lavoisier-antoine-laurent-de-opuscules-physiques-et-chymiques\/\" \/>\n<meta property=\"og:locale\" content=\"en_US\" \/>\n<meta property=\"og:type\" content=\"article\" \/>\n<meta property=\"og:title\" content=\"LAVOISIER Antoine-Laurent de Opuscules physiques et chymiques. - Libairie Clavreuil\" \/>\n<meta property=\"og:description\" content=\"8vo (192 x 119 mm) title, XXXpp., 1 nn.l., 436 pp. Contemporary marbled calf, spine gilt with raised bands, red edges (corners and hinges expertly restored).\" \/>\n<meta property=\"og:url\" content=\"https:\/\/www.librairieclavreuil.com\/en\/lavoisier-antoine-laurent-de-opuscules-physiques-et-chymiques\/\" \/>\n<meta property=\"og:site_name\" content=\"Libairie Clavreuil\" \/>\n<meta property=\"article:modified_time\" content=\"2024-06-27T14:47:26+00:00\" \/>\n<meta property=\"og:image\" content=\"https:\/\/www.librairieclavreuil.com\/wp-content\/uploads\/2024\/06\/antoine-laurent-de-lavoisier-opuscules-physiques-et-chymiques-120-665dd0cc5cf22-1024x910.jpg\" \/>\n\t<meta property=\"og:image:width\" content=\"1024\" \/>\n\t<meta property=\"og:image:height\" content=\"910\" \/>\n\t<meta property=\"og:image:type\" content=\"image\/jpeg\" \/>\n<meta name=\"twitter:card\" content=\"summary_large_image\" \/>\n<meta name=\"twitter:label1\" content=\"Est. reading time\" \/>\n\t<meta name=\"twitter:data1\" content=\"1 minute\" \/>\n<script type=\"application\/ld+json\" class=\"yoast-schema-graph\">{\"@context\":\"https:\/\/schema.org\",\"@graph\":[{\"@type\":\"WebPage\",\"@id\":\"https:\/\/www.librairieclavreuil.com\/en\/lavoisier-antoine-laurent-de-opuscules-physiques-et-chymiques\/\",\"url\":\"https:\/\/www.librairieclavreuil.com\/en\/lavoisier-antoine-laurent-de-opuscules-physiques-et-chymiques\/\",\"name\":\"LAVOISIER Antoine-Laurent de Opuscules physiques et chymiques. - Libairie Clavreuil\",\"isPartOf\":{\"@id\":\"https:\/\/www.librairieclavreuil.com\/#website\"},\"primaryImageOfPage\":{\"@id\":\"https:\/\/www.librairieclavreuil.com\/en\/lavoisier-antoine-laurent-de-opuscules-physiques-et-chymiques\/#primaryimage\"},\"image\":{\"@id\":\"https:\/\/www.librairieclavreuil.com\/en\/lavoisier-antoine-laurent-de-opuscules-physiques-et-chymiques\/#primaryimage\"},\"thumbnailUrl\":\"https:\/\/www.librairieclavreuil.com\/wp-content\/uploads\/2024\/06\/antoine-laurent-de-lavoisier-opuscules-physiques-et-chymiques-120-665dd0cc5cf22.jpg\",\"datePublished\":\"2024-06-27T14:47:14+00:00\",\"dateModified\":\"2024-06-27T14:47:26+00:00\",\"breadcrumb\":{\"@id\":\"https:\/\/www.librairieclavreuil.com\/en\/lavoisier-antoine-laurent-de-opuscules-physiques-et-chymiques\/#breadcrumb\"},\"inLanguage\":\"en-US\",\"potentialAction\":[{\"@type\":\"ReadAction\",\"target\":[\"https:\/\/www.librairieclavreuil.com\/en\/lavoisier-antoine-laurent-de-opuscules-physiques-et-chymiques\/\"]}]},{\"@type\":\"ImageObject\",\"inLanguage\":\"en-US\",\"@id\":\"https:\/\/www.librairieclavreuil.com\/en\/lavoisier-antoine-laurent-de-opuscules-physiques-et-chymiques\/#primaryimage\",\"url\":\"https:\/\/www.librairieclavreuil.com\/wp-content\/uploads\/2024\/06\/antoine-laurent-de-lavoisier-opuscules-physiques-et-chymiques-120-665dd0cc5cf22.jpg\",\"contentUrl\":\"https:\/\/www.librairieclavreuil.com\/wp-content\/uploads\/2024\/06\/antoine-laurent-de-lavoisier-opuscules-physiques-et-chymiques-120-665dd0cc5cf22.jpg\",\"width\":2129,\"height\":1893},{\"@type\":\"BreadcrumbList\",\"@id\":\"https:\/\/www.librairieclavreuil.com\/en\/lavoisier-antoine-laurent-de-opuscules-physiques-et-chymiques\/#breadcrumb\",\"itemListElement\":[{\"@type\":\"ListItem\",\"position\":1,\"name\":\"Accueil\",\"item\":\"https:\/\/www.librairieclavreuil.com\/\"},{\"@type\":\"ListItem\",\"position\":2,\"name\":\"All our books\",\"item\":\"https:\/\/www.librairieclavreuil.com\/en\/all-our-books\/\"},{\"@type\":\"ListItem\",\"position\":3,\"name\":\"LAVOISIER Antoine-Laurent de Opuscules physiques et chymiques.\"}]},{\"@type\":\"WebSite\",\"@id\":\"https:\/\/www.librairieclavreuil.com\/#website\",\"url\":\"https:\/\/www.librairieclavreuil.com\/\",\"name\":\"Libairie Clavreuil\",\"description\":\"Livres anciens, manuscrits rares et \u00e9ditions originales \u2013 Librairie Clavreuil\",\"publisher\":{\"@id\":\"https:\/\/www.librairieclavreuil.com\/#organization\"},\"potentialAction\":[{\"@type\":\"SearchAction\",\"target\":{\"@type\":\"EntryPoint\",\"urlTemplate\":\"https:\/\/www.librairieclavreuil.com\/?s={search_term_string}\"},\"query-input\":{\"@type\":\"PropertyValueSpecification\",\"valueRequired\":true,\"valueName\":\"search_term_string\"}}],\"inLanguage\":\"en-US\"},{\"@type\":\"Organization\",\"@id\":\"https:\/\/www.librairieclavreuil.com\/#organization\",\"name\":\"Libairie Clavreuil\",\"url\":\"https:\/\/www.librairieclavreuil.com\/\",\"logo\":{\"@type\":\"ImageObject\",\"inLanguage\":\"en-US\",\"@id\":\"https:\/\/www.librairieclavreuil.com\/#\/schema\/logo\/image\/\",\"url\":\"https:\/\/www.librairieclavreuil.com\/wp-content\/uploads\/2021\/06\/cropped-LOGO_PNG_DATE-_gold-512x512-1.png\",\"contentUrl\":\"https:\/\/www.librairieclavreuil.com\/wp-content\/uploads\/2021\/06\/cropped-LOGO_PNG_DATE-_gold-512x512-1.png\",\"width\":512,\"height\":512,\"caption\":\"Libairie Clavreuil\"},\"image\":{\"@id\":\"https:\/\/www.librairieclavreuil.com\/#\/schema\/logo\/image\/\"},\"sameAs\":[\"https:\/\/www.instagram.com\/librairieclavreuil\/\"]}]}<\/script>\n<!-- \/ Yoast SEO plugin. -->","yoast_head_json":{"title":"LAVOISIER Antoine-Laurent de Opuscules physiques et chymiques. - Libairie Clavreuil","robots":{"index":"index","follow":"follow","max-snippet":"max-snippet:-1","max-image-preview":"max-image-preview:large","max-video-preview":"max-video-preview:-1"},"canonical":"https:\/\/www.librairieclavreuil.com\/en\/lavoisier-antoine-laurent-de-opuscules-physiques-et-chymiques\/","og_locale":"en_US","og_type":"article","og_title":"LAVOISIER Antoine-Laurent de Opuscules physiques et chymiques. - Libairie Clavreuil","og_description":"8vo (192 x 119 mm) title, XXXpp., 1 nn.l., 436 pp. Contemporary marbled calf, spine gilt with raised bands, red edges (corners and hinges expertly restored).","og_url":"https:\/\/www.librairieclavreuil.com\/en\/lavoisier-antoine-laurent-de-opuscules-physiques-et-chymiques\/","og_site_name":"Libairie Clavreuil","article_modified_time":"2024-06-27T14:47:26+00:00","og_image":[{"width":1024,"height":910,"url":"https:\/\/www.librairieclavreuil.com\/wp-content\/uploads\/2024\/06\/antoine-laurent-de-lavoisier-opuscules-physiques-et-chymiques-120-665dd0cc5cf22-1024x910.jpg","type":"image\/jpeg"}],"twitter_card":"summary_large_image","twitter_misc":{"Est. reading time":"1 minute"},"schema":{"@context":"https:\/\/schema.org","@graph":[{"@type":"WebPage","@id":"https:\/\/www.librairieclavreuil.com\/en\/lavoisier-antoine-laurent-de-opuscules-physiques-et-chymiques\/","url":"https:\/\/www.librairieclavreuil.com\/en\/lavoisier-antoine-laurent-de-opuscules-physiques-et-chymiques\/","name":"LAVOISIER Antoine-Laurent de Opuscules physiques et chymiques. - Libairie Clavreuil","isPartOf":{"@id":"https:\/\/www.librairieclavreuil.com\/#website"},"primaryImageOfPage":{"@id":"https:\/\/www.librairieclavreuil.com\/en\/lavoisier-antoine-laurent-de-opuscules-physiques-et-chymiques\/#primaryimage"},"image":{"@id":"https:\/\/www.librairieclavreuil.com\/en\/lavoisier-antoine-laurent-de-opuscules-physiques-et-chymiques\/#primaryimage"},"thumbnailUrl":"https:\/\/www.librairieclavreuil.com\/wp-content\/uploads\/2024\/06\/antoine-laurent-de-lavoisier-opuscules-physiques-et-chymiques-120-665dd0cc5cf22.jpg","datePublished":"2024-06-27T14:47:14+00:00","dateModified":"2024-06-27T14:47:26+00:00","breadcrumb":{"@id":"https:\/\/www.librairieclavreuil.com\/en\/lavoisier-antoine-laurent-de-opuscules-physiques-et-chymiques\/#breadcrumb"},"inLanguage":"en-US","potentialAction":[{"@type":"ReadAction","target":["https:\/\/www.librairieclavreuil.com\/en\/lavoisier-antoine-laurent-de-opuscules-physiques-et-chymiques\/"]}]},{"@type":"ImageObject","inLanguage":"en-US","@id":"https:\/\/www.librairieclavreuil.com\/en\/lavoisier-antoine-laurent-de-opuscules-physiques-et-chymiques\/#primaryimage","url":"https:\/\/www.librairieclavreuil.com\/wp-content\/uploads\/2024\/06\/antoine-laurent-de-lavoisier-opuscules-physiques-et-chymiques-120-665dd0cc5cf22.jpg","contentUrl":"https:\/\/www.librairieclavreuil.com\/wp-content\/uploads\/2024\/06\/antoine-laurent-de-lavoisier-opuscules-physiques-et-chymiques-120-665dd0cc5cf22.jpg","width":2129,"height":1893},{"@type":"BreadcrumbList","@id":"https:\/\/www.librairieclavreuil.com\/en\/lavoisier-antoine-laurent-de-opuscules-physiques-et-chymiques\/#breadcrumb","itemListElement":[{"@type":"ListItem","position":1,"name":"Accueil","item":"https:\/\/www.librairieclavreuil.com\/"},{"@type":"ListItem","position":2,"name":"All our books","item":"https:\/\/www.librairieclavreuil.com\/en\/all-our-books\/"},{"@type":"ListItem","position":3,"name":"LAVOISIER Antoine-Laurent de Opuscules physiques et chymiques."}]},{"@type":"WebSite","@id":"https:\/\/www.librairieclavreuil.com\/#website","url":"https:\/\/www.librairieclavreuil.com\/","name":"Libairie Clavreuil","description":"Livres anciens, manuscrits rares et \u00e9ditions originales \u2013 Librairie Clavreuil","publisher":{"@id":"https:\/\/www.librairieclavreuil.com\/#organization"},"potentialAction":[{"@type":"SearchAction","target":{"@type":"EntryPoint","urlTemplate":"https:\/\/www.librairieclavreuil.com\/?s={search_term_string}"},"query-input":{"@type":"PropertyValueSpecification","valueRequired":true,"valueName":"search_term_string"}}],"inLanguage":"en-US"},{"@type":"Organization","@id":"https:\/\/www.librairieclavreuil.com\/#organization","name":"Libairie Clavreuil","url":"https:\/\/www.librairieclavreuil.com\/","logo":{"@type":"ImageObject","inLanguage":"en-US","@id":"https:\/\/www.librairieclavreuil.com\/#\/schema\/logo\/image\/","url":"https:\/\/www.librairieclavreuil.com\/wp-content\/uploads\/2021\/06\/cropped-LOGO_PNG_DATE-_gold-512x512-1.png","contentUrl":"https:\/\/www.librairieclavreuil.com\/wp-content\/uploads\/2021\/06\/cropped-LOGO_PNG_DATE-_gold-512x512-1.png","width":512,"height":512,"caption":"Libairie Clavreuil"},"image":{"@id":"https:\/\/www.librairieclavreuil.com\/#\/schema\/logo\/image\/"},"sameAs":["https:\/\/www.instagram.com\/librairieclavreuil\/"]}]}},"jetpack_sharing_enabled":true,"_links":{"self":[{"href":"https:\/\/www.librairieclavreuil.com\/en\/wp-json\/wp\/v2\/product\/78713","targetHints":{"allow":["GET"]}}],"collection":[{"href":"https:\/\/www.librairieclavreuil.com\/en\/wp-json\/wp\/v2\/product"}],"about":[{"href":"https:\/\/www.librairieclavreuil.com\/en\/wp-json\/wp\/v2\/types\/product"}],"replies":[{"embeddable":true,"href":"https:\/\/www.librairieclavreuil.com\/en\/wp-json\/wp\/v2\/comments?post=78713"}],"wp:featuredmedia":[{"embeddable":true,"href":"https:\/\/www.librairieclavreuil.com\/en\/wp-json\/wp\/v2\/media\/78706"}],"wp:attachment":[{"href":"https:\/\/www.librairieclavreuil.com\/en\/wp-json\/wp\/v2\/media?parent=78713"}],"wp:term":[{"taxonomy":"product_brand","embeddable":true,"href":"https:\/\/www.librairieclavreuil.com\/en\/wp-json\/wp\/v2\/product_brand?post=78713"},{"taxonomy":"product_cat","embeddable":true,"href":"https:\/\/www.librairieclavreuil.com\/en\/wp-json\/wp\/v2\/product_cat?post=78713"},{"taxonomy":"product_tag","embeddable":true,"href":"https:\/\/www.librairieclavreuil.com\/en\/wp-json\/wp\/v2\/product_tag?post=78713"}],"curies":[{"name":"wp","href":"https:\/\/api.w.org\/{rel}","templated":true}]}}