{"id":78693,"date":"2024-06-27T12:05:02","date_gmt":"2024-06-27T10:05:02","guid":{"rendered":"https:\/\/www.librairieclavreuil.com\/apollonius-de-rhode-argonauticon-libri-iiii-en-grec-revise-par-henri-estienne\/"},"modified":"2024-06-27T12:05:14","modified_gmt":"2024-06-27T10:05:14","slug":"apollonius-de-rhode-argonauticon-libri-iiii-en-grec-revise-par-henri-estienne","status":"publish","type":"product","link":"https:\/\/www.librairieclavreuil.com\/en\/apollonius-de-rhode-argonauticon-libri-iiii-en-grec-revise-par-henri-estienne\/","title":{"rendered":"APOLLONIUS DE RHODE Argonauticon libri IIII. [En grec,..."},"content":{"rendered":"<p><i>Renouard, Estienne, 141:1; Schreiber, 188; Adams, A-1316.<\/i><\/p>\n<p style=\"text-align:justify\">Fine and important edition.<\/p>\n<p>&#8220;A very important and beautifully printed edition of the Argonautica, including the Greek scholia surrounding the text, as well as 8 pages of textual notes by Estienne; in his dedicatory preface, to the Dutch humanist Gerard Falckenburg, Estienne has included additional textual emendations&#8221; (Schreiber).<\/p>\n<p>Provenance: Louis-Fran\u00e7ois de Bourbon, Prince&nbsp; Conti (OHR 2645 slightly different tool) &#8211; Lord Monson (book plate) &#8211; biblioth\u00e8que Aretan\u00e9e (?)<\/p>\n","protected":false},"excerpt":{"rendered":"<p style=\"text-align:justify\">4to (243 x 162 mm) 4 unn.ll., 240 pp. [i.e. 248]. Eighteenth-century olive green morocco, triple gilt filet on covers, central coat of arms of Prince Bourbon-Conti (OHR 2645), flat spine gilt &#8220;alla grotesque&#8221;, gilt edges.<\/p>\n","protected":false},"featured_media":78688,"comment_status":"open","ping_status":"closed","template":"","meta":{"_acf_changed":false},"product_brand":[],"product_cat":[530],"product_tag":[1243,1270,1267],"class_list":{"0":"post-78693","1":"product","2":"type-product","3":"status-publish","4":"has-post-thumbnail","6":"product_cat-binding","7":"product_tag-16th-century-literature","8":"product_tag-armoured","9":"product_tag-binding","10":"pa_auteur-apollonius-de-rhode-2","11":"pa_type-de-livre-printed-book","13":"first","14":"instock","15":"shipping-taxable","16":"purchasable","17":"product-type-simple"},"acf":{"artist":" APOLLONIUS DE RHODE","chapeau":"","adresse_bibliographique":"Gen\u00e8ve, Henri Estienne, 1574","book_type":"Printed book","provenance":"","afficher_prix":""},"yoast_head":"<!-- This site is optimized with the Yoast SEO plugin v24.7 - https:\/\/yoast.com\/wordpress\/plugins\/seo\/ -->\n<title>APOLLONIUS DE RHODE  Argonauticon libri IIII. [En grec, r\u00e9vis\u00e9 par Henri Estienne.] - Libairie Clavreuil<\/title>\n<meta name=\"robots\" content=\"index, follow, max-snippet:-1, max-image-preview:large, max-video-preview:-1\" \/>\n<link rel=\"canonical\" href=\"https:\/\/www.librairieclavreuil.com\/en\/apollonius-de-rhode-argonauticon-libri-iiii-en-grec-revise-par-henri-estienne\/\" \/>\n<meta property=\"og:locale\" content=\"en_US\" \/>\n<meta property=\"og:type\" content=\"article\" \/>\n<meta property=\"og:title\" content=\"APOLLONIUS DE RHODE  Argonauticon libri IIII. [En grec, r\u00e9vis\u00e9 par Henri Estienne.] - Libairie Clavreuil\" \/>\n<meta property=\"og:description\" content=\"4to (243 x 162 mm) 4 unn.ll., 240 pp. [i.e. 248]. Eighteenth-century olive green morocco, triple gilt filet on covers, central coat of arms of Prince Bourbon-Conti (OHR 2645), flat spine gilt &quot;alla grotesque&quot;, gilt edges.\" \/>\n<meta property=\"og:url\" content=\"https:\/\/www.librairieclavreuil.com\/en\/apollonius-de-rhode-argonauticon-libri-iiii-en-grec-revise-par-henri-estienne\/\" \/>\n<meta property=\"og:site_name\" content=\"Libairie Clavreuil\" \/>\n<meta property=\"article:modified_time\" content=\"2024-06-27T10:05:14+00:00\" \/>\n<meta property=\"og:image\" content=\"https:\/\/www.librairieclavreuil.com\/wp-content\/uploads\/2024\/06\/apollonius-de-rhode-argonauticon-libri-iiii-en-grec-revise-par-henri-estienne-5460-667d37500f2ba-scaled.jpg\" \/>\n\t<meta property=\"og:image:width\" content=\"1920\" \/>\n\t<meta property=\"og:image:height\" content=\"2560\" \/>\n\t<meta property=\"og:image:type\" content=\"image\/jpeg\" \/>\n<meta name=\"twitter:card\" content=\"summary_large_image\" \/>\n<script type=\"application\/ld+json\" class=\"yoast-schema-graph\">{\"@context\":\"https:\/\/schema.org\",\"@graph\":[{\"@type\":\"WebPage\",\"@id\":\"https:\/\/www.librairieclavreuil.com\/en\/apollonius-de-rhode-argonauticon-libri-iiii-en-grec-revise-par-henri-estienne\/\",\"url\":\"https:\/\/www.librairieclavreuil.com\/en\/apollonius-de-rhode-argonauticon-libri-iiii-en-grec-revise-par-henri-estienne\/\",\"name\":\"APOLLONIUS DE RHODE Argonauticon libri IIII. [En grec, r\u00e9vis\u00e9 par Henri Estienne.] - Libairie Clavreuil\",\"isPartOf\":{\"@id\":\"https:\/\/www.librairieclavreuil.com\/#website\"},\"primaryImageOfPage\":{\"@id\":\"https:\/\/www.librairieclavreuil.com\/en\/apollonius-de-rhode-argonauticon-libri-iiii-en-grec-revise-par-henri-estienne\/#primaryimage\"},\"image\":{\"@id\":\"https:\/\/www.librairieclavreuil.com\/en\/apollonius-de-rhode-argonauticon-libri-iiii-en-grec-revise-par-henri-estienne\/#primaryimage\"},\"thumbnailUrl\":\"https:\/\/www.librairieclavreuil.com\/wp-content\/uploads\/2024\/06\/apollonius-de-rhode-argonauticon-libri-iiii-en-grec-revise-par-henri-estienne-5460-667d37500f2ba-scaled.jpg\",\"datePublished\":\"2024-06-27T10:05:02+00:00\",\"dateModified\":\"2024-06-27T10:05:14+00:00\",\"breadcrumb\":{\"@id\":\"https:\/\/www.librairieclavreuil.com\/en\/apollonius-de-rhode-argonauticon-libri-iiii-en-grec-revise-par-henri-estienne\/#breadcrumb\"},\"inLanguage\":\"en-US\",\"potentialAction\":[{\"@type\":\"ReadAction\",\"target\":[\"https:\/\/www.librairieclavreuil.com\/en\/apollonius-de-rhode-argonauticon-libri-iiii-en-grec-revise-par-henri-estienne\/\"]}]},{\"@type\":\"ImageObject\",\"inLanguage\":\"en-US\",\"@id\":\"https:\/\/www.librairieclavreuil.com\/en\/apollonius-de-rhode-argonauticon-libri-iiii-en-grec-revise-par-henri-estienne\/#primaryimage\",\"url\":\"https:\/\/www.librairieclavreuil.com\/wp-content\/uploads\/2024\/06\/apollonius-de-rhode-argonauticon-libri-iiii-en-grec-revise-par-henri-estienne-5460-667d37500f2ba-scaled.jpg\",\"contentUrl\":\"https:\/\/www.librairieclavreuil.com\/wp-content\/uploads\/2024\/06\/apollonius-de-rhode-argonauticon-libri-iiii-en-grec-revise-par-henri-estienne-5460-667d37500f2ba-scaled.jpg\",\"width\":1920,\"height\":2560},{\"@type\":\"BreadcrumbList\",\"@id\":\"https:\/\/www.librairieclavreuil.com\/en\/apollonius-de-rhode-argonauticon-libri-iiii-en-grec-revise-par-henri-estienne\/#breadcrumb\",\"itemListElement\":[{\"@type\":\"ListItem\",\"position\":1,\"name\":\"Accueil\",\"item\":\"https:\/\/www.librairieclavreuil.com\/\"},{\"@type\":\"ListItem\",\"position\":2,\"name\":\"All our books\",\"item\":\"https:\/\/www.librairieclavreuil.com\/en\/all-our-books\/\"},{\"@type\":\"ListItem\",\"position\":3,\"name\":\"APOLLONIUS DE RHODE Argonauticon libri IIII. [En grec, r\u00e9vis\u00e9 par Henri Estienne.]\"}]},{\"@type\":\"WebSite\",\"@id\":\"https:\/\/www.librairieclavreuil.com\/#website\",\"url\":\"https:\/\/www.librairieclavreuil.com\/\",\"name\":\"Libairie Clavreuil\",\"description\":\"Livres anciens, manuscrits rares et \u00e9ditions originales \u2013 Librairie Clavreuil\",\"publisher\":{\"@id\":\"https:\/\/www.librairieclavreuil.com\/#organization\"},\"potentialAction\":[{\"@type\":\"SearchAction\",\"target\":{\"@type\":\"EntryPoint\",\"urlTemplate\":\"https:\/\/www.librairieclavreuil.com\/?s={search_term_string}\"},\"query-input\":{\"@type\":\"PropertyValueSpecification\",\"valueRequired\":true,\"valueName\":\"search_term_string\"}}],\"inLanguage\":\"en-US\"},{\"@type\":\"Organization\",\"@id\":\"https:\/\/www.librairieclavreuil.com\/#organization\",\"name\":\"Libairie Clavreuil\",\"url\":\"https:\/\/www.librairieclavreuil.com\/\",\"logo\":{\"@type\":\"ImageObject\",\"inLanguage\":\"en-US\",\"@id\":\"https:\/\/www.librairieclavreuil.com\/#\/schema\/logo\/image\/\",\"url\":\"https:\/\/www.librairieclavreuil.com\/wp-content\/uploads\/2021\/06\/cropped-LOGO_PNG_DATE-_gold-512x512-1.png\",\"contentUrl\":\"https:\/\/www.librairieclavreuil.com\/wp-content\/uploads\/2021\/06\/cropped-LOGO_PNG_DATE-_gold-512x512-1.png\",\"width\":512,\"height\":512,\"caption\":\"Libairie Clavreuil\"},\"image\":{\"@id\":\"https:\/\/www.librairieclavreuil.com\/#\/schema\/logo\/image\/\"},\"sameAs\":[\"https:\/\/www.instagram.com\/librairieclavreuil\/\"]}]}<\/script>\n<!-- \/ Yoast SEO plugin. -->","yoast_head_json":{"title":"APOLLONIUS DE RHODE  Argonauticon libri IIII. [En grec, r\u00e9vis\u00e9 par Henri Estienne.] - Libairie Clavreuil","robots":{"index":"index","follow":"follow","max-snippet":"max-snippet:-1","max-image-preview":"max-image-preview:large","max-video-preview":"max-video-preview:-1"},"canonical":"https:\/\/www.librairieclavreuil.com\/en\/apollonius-de-rhode-argonauticon-libri-iiii-en-grec-revise-par-henri-estienne\/","og_locale":"en_US","og_type":"article","og_title":"APOLLONIUS DE RHODE  Argonauticon libri IIII. [En grec, r\u00e9vis\u00e9 par Henri Estienne.] - Libairie Clavreuil","og_description":"4to (243 x 162 mm) 4 unn.ll., 240 pp. [i.e. 248]. Eighteenth-century olive green morocco, triple gilt filet on covers, central coat of arms of Prince Bourbon-Conti (OHR 2645), flat spine gilt \"alla grotesque\", gilt edges.","og_url":"https:\/\/www.librairieclavreuil.com\/en\/apollonius-de-rhode-argonauticon-libri-iiii-en-grec-revise-par-henri-estienne\/","og_site_name":"Libairie Clavreuil","article_modified_time":"2024-06-27T10:05:14+00:00","og_image":[{"width":1920,"height":2560,"url":"https:\/\/www.librairieclavreuil.com\/wp-content\/uploads\/2024\/06\/apollonius-de-rhode-argonauticon-libri-iiii-en-grec-revise-par-henri-estienne-5460-667d37500f2ba-scaled.jpg","type":"image\/jpeg"}],"twitter_card":"summary_large_image","schema":{"@context":"https:\/\/schema.org","@graph":[{"@type":"WebPage","@id":"https:\/\/www.librairieclavreuil.com\/en\/apollonius-de-rhode-argonauticon-libri-iiii-en-grec-revise-par-henri-estienne\/","url":"https:\/\/www.librairieclavreuil.com\/en\/apollonius-de-rhode-argonauticon-libri-iiii-en-grec-revise-par-henri-estienne\/","name":"APOLLONIUS DE RHODE Argonauticon libri IIII. [En grec, r\u00e9vis\u00e9 par Henri Estienne.] - Libairie Clavreuil","isPartOf":{"@id":"https:\/\/www.librairieclavreuil.com\/#website"},"primaryImageOfPage":{"@id":"https:\/\/www.librairieclavreuil.com\/en\/apollonius-de-rhode-argonauticon-libri-iiii-en-grec-revise-par-henri-estienne\/#primaryimage"},"image":{"@id":"https:\/\/www.librairieclavreuil.com\/en\/apollonius-de-rhode-argonauticon-libri-iiii-en-grec-revise-par-henri-estienne\/#primaryimage"},"thumbnailUrl":"https:\/\/www.librairieclavreuil.com\/wp-content\/uploads\/2024\/06\/apollonius-de-rhode-argonauticon-libri-iiii-en-grec-revise-par-henri-estienne-5460-667d37500f2ba-scaled.jpg","datePublished":"2024-06-27T10:05:02+00:00","dateModified":"2024-06-27T10:05:14+00:00","breadcrumb":{"@id":"https:\/\/www.librairieclavreuil.com\/en\/apollonius-de-rhode-argonauticon-libri-iiii-en-grec-revise-par-henri-estienne\/#breadcrumb"},"inLanguage":"en-US","potentialAction":[{"@type":"ReadAction","target":["https:\/\/www.librairieclavreuil.com\/en\/apollonius-de-rhode-argonauticon-libri-iiii-en-grec-revise-par-henri-estienne\/"]}]},{"@type":"ImageObject","inLanguage":"en-US","@id":"https:\/\/www.librairieclavreuil.com\/en\/apollonius-de-rhode-argonauticon-libri-iiii-en-grec-revise-par-henri-estienne\/#primaryimage","url":"https:\/\/www.librairieclavreuil.com\/wp-content\/uploads\/2024\/06\/apollonius-de-rhode-argonauticon-libri-iiii-en-grec-revise-par-henri-estienne-5460-667d37500f2ba-scaled.jpg","contentUrl":"https:\/\/www.librairieclavreuil.com\/wp-content\/uploads\/2024\/06\/apollonius-de-rhode-argonauticon-libri-iiii-en-grec-revise-par-henri-estienne-5460-667d37500f2ba-scaled.jpg","width":1920,"height":2560},{"@type":"BreadcrumbList","@id":"https:\/\/www.librairieclavreuil.com\/en\/apollonius-de-rhode-argonauticon-libri-iiii-en-grec-revise-par-henri-estienne\/#breadcrumb","itemListElement":[{"@type":"ListItem","position":1,"name":"Accueil","item":"https:\/\/www.librairieclavreuil.com\/"},{"@type":"ListItem","position":2,"name":"All our books","item":"https:\/\/www.librairieclavreuil.com\/en\/all-our-books\/"},{"@type":"ListItem","position":3,"name":"APOLLONIUS DE RHODE Argonauticon libri IIII. [En grec, r\u00e9vis\u00e9 par Henri Estienne.]"}]},{"@type":"WebSite","@id":"https:\/\/www.librairieclavreuil.com\/#website","url":"https:\/\/www.librairieclavreuil.com\/","name":"Libairie Clavreuil","description":"Livres anciens, manuscrits rares et \u00e9ditions originales \u2013 Librairie Clavreuil","publisher":{"@id":"https:\/\/www.librairieclavreuil.com\/#organization"},"potentialAction":[{"@type":"SearchAction","target":{"@type":"EntryPoint","urlTemplate":"https:\/\/www.librairieclavreuil.com\/?s={search_term_string}"},"query-input":{"@type":"PropertyValueSpecification","valueRequired":true,"valueName":"search_term_string"}}],"inLanguage":"en-US"},{"@type":"Organization","@id":"https:\/\/www.librairieclavreuil.com\/#organization","name":"Libairie Clavreuil","url":"https:\/\/www.librairieclavreuil.com\/","logo":{"@type":"ImageObject","inLanguage":"en-US","@id":"https:\/\/www.librairieclavreuil.com\/#\/schema\/logo\/image\/","url":"https:\/\/www.librairieclavreuil.com\/wp-content\/uploads\/2021\/06\/cropped-LOGO_PNG_DATE-_gold-512x512-1.png","contentUrl":"https:\/\/www.librairieclavreuil.com\/wp-content\/uploads\/2021\/06\/cropped-LOGO_PNG_DATE-_gold-512x512-1.png","width":512,"height":512,"caption":"Libairie Clavreuil"},"image":{"@id":"https:\/\/www.librairieclavreuil.com\/#\/schema\/logo\/image\/"},"sameAs":["https:\/\/www.instagram.com\/librairieclavreuil\/"]}]}},"jetpack_sharing_enabled":true,"_links":{"self":[{"href":"https:\/\/www.librairieclavreuil.com\/en\/wp-json\/wp\/v2\/product\/78693","targetHints":{"allow":["GET"]}}],"collection":[{"href":"https:\/\/www.librairieclavreuil.com\/en\/wp-json\/wp\/v2\/product"}],"about":[{"href":"https:\/\/www.librairieclavreuil.com\/en\/wp-json\/wp\/v2\/types\/product"}],"replies":[{"embeddable":true,"href":"https:\/\/www.librairieclavreuil.com\/en\/wp-json\/wp\/v2\/comments?post=78693"}],"wp:featuredmedia":[{"embeddable":true,"href":"https:\/\/www.librairieclavreuil.com\/en\/wp-json\/wp\/v2\/media\/78688"}],"wp:attachment":[{"href":"https:\/\/www.librairieclavreuil.com\/en\/wp-json\/wp\/v2\/media?parent=78693"}],"wp:term":[{"taxonomy":"product_brand","embeddable":true,"href":"https:\/\/www.librairieclavreuil.com\/en\/wp-json\/wp\/v2\/product_brand?post=78693"},{"taxonomy":"product_cat","embeddable":true,"href":"https:\/\/www.librairieclavreuil.com\/en\/wp-json\/wp\/v2\/product_cat?post=78693"},{"taxonomy":"product_tag","embeddable":true,"href":"https:\/\/www.librairieclavreuil.com\/en\/wp-json\/wp\/v2\/product_tag?post=78693"}],"curies":[{"name":"wp","href":"https:\/\/api.w.org\/{rel}","templated":true}]}}