{"id":78687,"date":"2024-06-27T12:04:38","date_gmt":"2024-06-27T10:04:38","guid":{"rendered":"https:\/\/www.librairieclavreuil.com\/sophocle-antigone-tragoedia-a-gentiano-herveto-aurelio-traducta-e-greco-in-latinum\/"},"modified":"2024-06-27T12:04:52","modified_gmt":"2024-06-27T10:04:52","slug":"sophocle-antigone-tragoedia-a-gentiano-herveto-aurelio-traducta-e-greco-in-latinum","status":"publish","type":"product","link":"https:\/\/www.librairieclavreuil.com\/en\/sophocle-antigone-tragoedia-a-gentiano-herveto-aurelio-traducta-e-greco-in-latinum\/","title":{"rendered":"SOPHOCLE Antigone tragoedia \u00e0 Gentiano Herveto Aurelio traducta..."},"content":{"rendered":"<p style=\"text-align:justify\"><i>Copley Christie, 28 ; Longeon, 146 ; Sibylle von G\u00fcltlingen, VIII, p. 217, n\u00b0 39.<\/i><\/p>\n<p style=\"text-align:justify\">First editin of this translation.&nbsp;<\/p>\n<p style=\"text-align:justify\">This elegant Latin version of Sophocles&#8217; <i>Antigone <\/i>was written by the humanist Gentian Hervet (1499-1584), who also wrote a series of 37 epigrams.&nbsp;<\/p>\n<p style=\"text-align:justify\">Hervet, one of the most ardent anti-Protestant polemicists of his time, was (paradoxically) a pupil of Calvin, tutor to Claude de l&#8217;Aub\u00e9pine, then to Renaud Polus &#8211; son of the Countess of Salisbury -, professor at the Coll\u00e8ge de Guyenne, assistant to Jean de Morvillier, Bishop of Orl\u00e9ans, at the colloquium in Poissy, and finally canon of Rheims Cathedral. A rare printing by \u00c9tienne Dolet, produced shortly before his first arrest.&nbsp;<\/p>\n<p style=\"text-align:justify\">One of the epigrams is dedicated to the great humanist typographer, who was to be executed in Paris on 3 August 1546: &#8220;Il est bon de noter cette marque d&#8217;estime venant d&#8217;un homme aussi savant et aussi orthodoxe que Gentian Hervet&#8221; (Copley Christie).<\/p>\n<p style=\"text-align:justify\">Broad margined, uncut copy ; title slightly stained, some overall toning.<\/p>\n","protected":false},"excerpt":{"rendered":"<p>8vo (170 x 112 mm) 71 pp. (misnumbered 82). Contemporary boards &#8220;alla rustica&#8221;, spine with manuscript title.<\/p>\n","protected":false},"featured_media":78682,"comment_status":"open","ping_status":"closed","template":"","meta":{"_acf_changed":false},"product_brand":[],"product_cat":[544],"product_tag":[1243,1478,1255],"class_list":{"0":"post-78687","1":"product","2":"type-product","3":"status-publish","4":"has-post-thumbnail","6":"product_cat-literature","7":"product_tag-16th-century-literature","8":"product_tag-poetry","9":"product_tag-theatre-dance","10":"pa_auteur-sophocle-2","11":"pa_type-de-livre-printed-book","13":"first","14":"instock","15":"shipping-taxable","16":"purchasable","17":"product-type-simple"},"acf":{"artist":" SOPHOCLE","chapeau":"","adresse_bibliographique":"Lyon, \u00c9ienne Dolet, 1541","book_type":"Printed book","provenance":"","afficher_prix":""},"yoast_head":"<!-- This site is optimized with the Yoast SEO plugin v24.7 - https:\/\/yoast.com\/wordpress\/plugins\/seo\/ -->\n<title>SOPHOCLE  Antigone tragoedia \u00e0 Gentiano Herveto Aurelio traducta \u00e8 Greco in Latinum. - Libairie Clavreuil<\/title>\n<meta name=\"robots\" content=\"index, follow, max-snippet:-1, max-image-preview:large, max-video-preview:-1\" \/>\n<link rel=\"canonical\" href=\"https:\/\/www.librairieclavreuil.com\/en\/sophocle-antigone-tragoedia-a-gentiano-herveto-aurelio-traducta-e-greco-in-latinum\/\" \/>\n<meta property=\"og:locale\" content=\"en_US\" \/>\n<meta property=\"og:type\" content=\"article\" \/>\n<meta property=\"og:title\" content=\"SOPHOCLE  Antigone tragoedia \u00e0 Gentiano Herveto Aurelio traducta \u00e8 Greco in Latinum. - Libairie Clavreuil\" \/>\n<meta property=\"og:description\" content=\"8vo (170 x 112 mm) 71 pp. (misnumbered 82). Contemporary boards &quot;alla rustica&quot;, spine with manuscript title.\" \/>\n<meta property=\"og:url\" content=\"https:\/\/www.librairieclavreuil.com\/en\/sophocle-antigone-tragoedia-a-gentiano-herveto-aurelio-traducta-e-greco-in-latinum\/\" \/>\n<meta property=\"og:site_name\" content=\"Libairie Clavreuil\" \/>\n<meta property=\"article:modified_time\" content=\"2024-06-27T10:04:52+00:00\" \/>\n<meta property=\"og:image\" content=\"https:\/\/www.librairieclavreuil.com\/wp-content\/uploads\/2024\/06\/sophocle-antigone-tragoedia-a-gentiano-herveto-aurelio-traducta-e-greco-in-latinum-4421-6584634fd2834-scaled.jpg\" \/>\n\t<meta property=\"og:image:width\" content=\"1920\" \/>\n\t<meta property=\"og:image:height\" content=\"2560\" \/>\n\t<meta property=\"og:image:type\" content=\"image\/jpeg\" \/>\n<meta name=\"twitter:card\" content=\"summary_large_image\" \/>\n<meta name=\"twitter:label1\" content=\"Est. reading time\" \/>\n\t<meta name=\"twitter:data1\" content=\"1 minute\" \/>\n<script type=\"application\/ld+json\" class=\"yoast-schema-graph\">{\"@context\":\"https:\/\/schema.org\",\"@graph\":[{\"@type\":\"WebPage\",\"@id\":\"https:\/\/www.librairieclavreuil.com\/en\/sophocle-antigone-tragoedia-a-gentiano-herveto-aurelio-traducta-e-greco-in-latinum\/\",\"url\":\"https:\/\/www.librairieclavreuil.com\/en\/sophocle-antigone-tragoedia-a-gentiano-herveto-aurelio-traducta-e-greco-in-latinum\/\",\"name\":\"SOPHOCLE Antigone tragoedia \u00e0 Gentiano Herveto Aurelio traducta \u00e8 Greco in Latinum. - Libairie Clavreuil\",\"isPartOf\":{\"@id\":\"https:\/\/www.librairieclavreuil.com\/#website\"},\"primaryImageOfPage\":{\"@id\":\"https:\/\/www.librairieclavreuil.com\/en\/sophocle-antigone-tragoedia-a-gentiano-herveto-aurelio-traducta-e-greco-in-latinum\/#primaryimage\"},\"image\":{\"@id\":\"https:\/\/www.librairieclavreuil.com\/en\/sophocle-antigone-tragoedia-a-gentiano-herveto-aurelio-traducta-e-greco-in-latinum\/#primaryimage\"},\"thumbnailUrl\":\"https:\/\/www.librairieclavreuil.com\/wp-content\/uploads\/2024\/06\/sophocle-antigone-tragoedia-a-gentiano-herveto-aurelio-traducta-e-greco-in-latinum-4421-6584634fd2834-scaled.jpg\",\"datePublished\":\"2024-06-27T10:04:38+00:00\",\"dateModified\":\"2024-06-27T10:04:52+00:00\",\"breadcrumb\":{\"@id\":\"https:\/\/www.librairieclavreuil.com\/en\/sophocle-antigone-tragoedia-a-gentiano-herveto-aurelio-traducta-e-greco-in-latinum\/#breadcrumb\"},\"inLanguage\":\"en-US\",\"potentialAction\":[{\"@type\":\"ReadAction\",\"target\":[\"https:\/\/www.librairieclavreuil.com\/en\/sophocle-antigone-tragoedia-a-gentiano-herveto-aurelio-traducta-e-greco-in-latinum\/\"]}]},{\"@type\":\"ImageObject\",\"inLanguage\":\"en-US\",\"@id\":\"https:\/\/www.librairieclavreuil.com\/en\/sophocle-antigone-tragoedia-a-gentiano-herveto-aurelio-traducta-e-greco-in-latinum\/#primaryimage\",\"url\":\"https:\/\/www.librairieclavreuil.com\/wp-content\/uploads\/2024\/06\/sophocle-antigone-tragoedia-a-gentiano-herveto-aurelio-traducta-e-greco-in-latinum-4421-6584634fd2834-scaled.jpg\",\"contentUrl\":\"https:\/\/www.librairieclavreuil.com\/wp-content\/uploads\/2024\/06\/sophocle-antigone-tragoedia-a-gentiano-herveto-aurelio-traducta-e-greco-in-latinum-4421-6584634fd2834-scaled.jpg\",\"width\":1920,\"height\":2560},{\"@type\":\"BreadcrumbList\",\"@id\":\"https:\/\/www.librairieclavreuil.com\/en\/sophocle-antigone-tragoedia-a-gentiano-herveto-aurelio-traducta-e-greco-in-latinum\/#breadcrumb\",\"itemListElement\":[{\"@type\":\"ListItem\",\"position\":1,\"name\":\"Accueil\",\"item\":\"https:\/\/www.librairieclavreuil.com\/\"},{\"@type\":\"ListItem\",\"position\":2,\"name\":\"All our books\",\"item\":\"https:\/\/www.librairieclavreuil.com\/en\/all-our-books\/\"},{\"@type\":\"ListItem\",\"position\":3,\"name\":\"SOPHOCLE Antigone tragoedia \u00e0 Gentiano Herveto Aurelio traducta \u00e8 Greco in Latinum.\"}]},{\"@type\":\"WebSite\",\"@id\":\"https:\/\/www.librairieclavreuil.com\/#website\",\"url\":\"https:\/\/www.librairieclavreuil.com\/\",\"name\":\"Libairie Clavreuil\",\"description\":\"Livres anciens, manuscrits rares et \u00e9ditions originales \u2013 Librairie Clavreuil\",\"publisher\":{\"@id\":\"https:\/\/www.librairieclavreuil.com\/#organization\"},\"potentialAction\":[{\"@type\":\"SearchAction\",\"target\":{\"@type\":\"EntryPoint\",\"urlTemplate\":\"https:\/\/www.librairieclavreuil.com\/?s={search_term_string}\"},\"query-input\":{\"@type\":\"PropertyValueSpecification\",\"valueRequired\":true,\"valueName\":\"search_term_string\"}}],\"inLanguage\":\"en-US\"},{\"@type\":\"Organization\",\"@id\":\"https:\/\/www.librairieclavreuil.com\/#organization\",\"name\":\"Libairie Clavreuil\",\"url\":\"https:\/\/www.librairieclavreuil.com\/\",\"logo\":{\"@type\":\"ImageObject\",\"inLanguage\":\"en-US\",\"@id\":\"https:\/\/www.librairieclavreuil.com\/#\/schema\/logo\/image\/\",\"url\":\"https:\/\/www.librairieclavreuil.com\/wp-content\/uploads\/2021\/06\/cropped-LOGO_PNG_DATE-_gold-512x512-1.png\",\"contentUrl\":\"https:\/\/www.librairieclavreuil.com\/wp-content\/uploads\/2021\/06\/cropped-LOGO_PNG_DATE-_gold-512x512-1.png\",\"width\":512,\"height\":512,\"caption\":\"Libairie Clavreuil\"},\"image\":{\"@id\":\"https:\/\/www.librairieclavreuil.com\/#\/schema\/logo\/image\/\"},\"sameAs\":[\"https:\/\/www.instagram.com\/librairieclavreuil\/\"]}]}<\/script>\n<!-- \/ Yoast SEO plugin. -->","yoast_head_json":{"title":"SOPHOCLE  Antigone tragoedia \u00e0 Gentiano Herveto Aurelio traducta \u00e8 Greco in Latinum. - Libairie Clavreuil","robots":{"index":"index","follow":"follow","max-snippet":"max-snippet:-1","max-image-preview":"max-image-preview:large","max-video-preview":"max-video-preview:-1"},"canonical":"https:\/\/www.librairieclavreuil.com\/en\/sophocle-antigone-tragoedia-a-gentiano-herveto-aurelio-traducta-e-greco-in-latinum\/","og_locale":"en_US","og_type":"article","og_title":"SOPHOCLE  Antigone tragoedia \u00e0 Gentiano Herveto Aurelio traducta \u00e8 Greco in Latinum. - Libairie Clavreuil","og_description":"8vo (170 x 112 mm) 71 pp. (misnumbered 82). Contemporary boards \"alla rustica\", spine with manuscript title.","og_url":"https:\/\/www.librairieclavreuil.com\/en\/sophocle-antigone-tragoedia-a-gentiano-herveto-aurelio-traducta-e-greco-in-latinum\/","og_site_name":"Libairie Clavreuil","article_modified_time":"2024-06-27T10:04:52+00:00","og_image":[{"width":1920,"height":2560,"url":"https:\/\/www.librairieclavreuil.com\/wp-content\/uploads\/2024\/06\/sophocle-antigone-tragoedia-a-gentiano-herveto-aurelio-traducta-e-greco-in-latinum-4421-6584634fd2834-scaled.jpg","type":"image\/jpeg"}],"twitter_card":"summary_large_image","twitter_misc":{"Est. reading time":"1 minute"},"schema":{"@context":"https:\/\/schema.org","@graph":[{"@type":"WebPage","@id":"https:\/\/www.librairieclavreuil.com\/en\/sophocle-antigone-tragoedia-a-gentiano-herveto-aurelio-traducta-e-greco-in-latinum\/","url":"https:\/\/www.librairieclavreuil.com\/en\/sophocle-antigone-tragoedia-a-gentiano-herveto-aurelio-traducta-e-greco-in-latinum\/","name":"SOPHOCLE Antigone tragoedia \u00e0 Gentiano Herveto Aurelio traducta \u00e8 Greco in Latinum. - Libairie Clavreuil","isPartOf":{"@id":"https:\/\/www.librairieclavreuil.com\/#website"},"primaryImageOfPage":{"@id":"https:\/\/www.librairieclavreuil.com\/en\/sophocle-antigone-tragoedia-a-gentiano-herveto-aurelio-traducta-e-greco-in-latinum\/#primaryimage"},"image":{"@id":"https:\/\/www.librairieclavreuil.com\/en\/sophocle-antigone-tragoedia-a-gentiano-herveto-aurelio-traducta-e-greco-in-latinum\/#primaryimage"},"thumbnailUrl":"https:\/\/www.librairieclavreuil.com\/wp-content\/uploads\/2024\/06\/sophocle-antigone-tragoedia-a-gentiano-herveto-aurelio-traducta-e-greco-in-latinum-4421-6584634fd2834-scaled.jpg","datePublished":"2024-06-27T10:04:38+00:00","dateModified":"2024-06-27T10:04:52+00:00","breadcrumb":{"@id":"https:\/\/www.librairieclavreuil.com\/en\/sophocle-antigone-tragoedia-a-gentiano-herveto-aurelio-traducta-e-greco-in-latinum\/#breadcrumb"},"inLanguage":"en-US","potentialAction":[{"@type":"ReadAction","target":["https:\/\/www.librairieclavreuil.com\/en\/sophocle-antigone-tragoedia-a-gentiano-herveto-aurelio-traducta-e-greco-in-latinum\/"]}]},{"@type":"ImageObject","inLanguage":"en-US","@id":"https:\/\/www.librairieclavreuil.com\/en\/sophocle-antigone-tragoedia-a-gentiano-herveto-aurelio-traducta-e-greco-in-latinum\/#primaryimage","url":"https:\/\/www.librairieclavreuil.com\/wp-content\/uploads\/2024\/06\/sophocle-antigone-tragoedia-a-gentiano-herveto-aurelio-traducta-e-greco-in-latinum-4421-6584634fd2834-scaled.jpg","contentUrl":"https:\/\/www.librairieclavreuil.com\/wp-content\/uploads\/2024\/06\/sophocle-antigone-tragoedia-a-gentiano-herveto-aurelio-traducta-e-greco-in-latinum-4421-6584634fd2834-scaled.jpg","width":1920,"height":2560},{"@type":"BreadcrumbList","@id":"https:\/\/www.librairieclavreuil.com\/en\/sophocle-antigone-tragoedia-a-gentiano-herveto-aurelio-traducta-e-greco-in-latinum\/#breadcrumb","itemListElement":[{"@type":"ListItem","position":1,"name":"Accueil","item":"https:\/\/www.librairieclavreuil.com\/"},{"@type":"ListItem","position":2,"name":"All our books","item":"https:\/\/www.librairieclavreuil.com\/en\/all-our-books\/"},{"@type":"ListItem","position":3,"name":"SOPHOCLE Antigone tragoedia \u00e0 Gentiano Herveto Aurelio traducta \u00e8 Greco in Latinum."}]},{"@type":"WebSite","@id":"https:\/\/www.librairieclavreuil.com\/#website","url":"https:\/\/www.librairieclavreuil.com\/","name":"Libairie Clavreuil","description":"Livres anciens, manuscrits rares et \u00e9ditions originales \u2013 Librairie Clavreuil","publisher":{"@id":"https:\/\/www.librairieclavreuil.com\/#organization"},"potentialAction":[{"@type":"SearchAction","target":{"@type":"EntryPoint","urlTemplate":"https:\/\/www.librairieclavreuil.com\/?s={search_term_string}"},"query-input":{"@type":"PropertyValueSpecification","valueRequired":true,"valueName":"search_term_string"}}],"inLanguage":"en-US"},{"@type":"Organization","@id":"https:\/\/www.librairieclavreuil.com\/#organization","name":"Libairie Clavreuil","url":"https:\/\/www.librairieclavreuil.com\/","logo":{"@type":"ImageObject","inLanguage":"en-US","@id":"https:\/\/www.librairieclavreuil.com\/#\/schema\/logo\/image\/","url":"https:\/\/www.librairieclavreuil.com\/wp-content\/uploads\/2021\/06\/cropped-LOGO_PNG_DATE-_gold-512x512-1.png","contentUrl":"https:\/\/www.librairieclavreuil.com\/wp-content\/uploads\/2021\/06\/cropped-LOGO_PNG_DATE-_gold-512x512-1.png","width":512,"height":512,"caption":"Libairie Clavreuil"},"image":{"@id":"https:\/\/www.librairieclavreuil.com\/#\/schema\/logo\/image\/"},"sameAs":["https:\/\/www.instagram.com\/librairieclavreuil\/"]}]}},"jetpack_sharing_enabled":true,"_links":{"self":[{"href":"https:\/\/www.librairieclavreuil.com\/en\/wp-json\/wp\/v2\/product\/78687","targetHints":{"allow":["GET"]}}],"collection":[{"href":"https:\/\/www.librairieclavreuil.com\/en\/wp-json\/wp\/v2\/product"}],"about":[{"href":"https:\/\/www.librairieclavreuil.com\/en\/wp-json\/wp\/v2\/types\/product"}],"replies":[{"embeddable":true,"href":"https:\/\/www.librairieclavreuil.com\/en\/wp-json\/wp\/v2\/comments?post=78687"}],"wp:featuredmedia":[{"embeddable":true,"href":"https:\/\/www.librairieclavreuil.com\/en\/wp-json\/wp\/v2\/media\/78682"}],"wp:attachment":[{"href":"https:\/\/www.librairieclavreuil.com\/en\/wp-json\/wp\/v2\/media?parent=78687"}],"wp:term":[{"taxonomy":"product_brand","embeddable":true,"href":"https:\/\/www.librairieclavreuil.com\/en\/wp-json\/wp\/v2\/product_brand?post=78687"},{"taxonomy":"product_cat","embeddable":true,"href":"https:\/\/www.librairieclavreuil.com\/en\/wp-json\/wp\/v2\/product_cat?post=78687"},{"taxonomy":"product_tag","embeddable":true,"href":"https:\/\/www.librairieclavreuil.com\/en\/wp-json\/wp\/v2\/product_tag?post=78687"}],"curies":[{"name":"wp","href":"https:\/\/api.w.org\/{rel}","templated":true}]}}