{"id":78681,"date":"2024-06-27T12:04:16","date_gmt":"2024-06-27T10:04:16","guid":{"rendered":"https:\/\/www.librairieclavreuil.com\/estienne-henri-anthologia-graece-florilegium-diversorum-epigramamtum-veterum\/"},"modified":"2024-06-27T12:04:28","modified_gmt":"2024-06-27T10:04:28","slug":"estienne-henri-anthologia-graece-florilegium-diversorum-epigramamtum-veterum","status":"publish","type":"product","link":"https:\/\/www.librairieclavreuil.com\/en\/estienne-henri-anthologia-graece-florilegium-diversorum-epigramamtum-veterum\/","title":{"rendered":"ESTIENNE Henri Anthologia [Graece]. Florilegium diversorum epigramamtum veterum."},"content":{"rendered":"<p style=\"text-align:justify\"><i>Renouard, 126:4; Schreiber, 159; Adams, A-1187.<\/i><\/p>\n<p style=\"text-align:justify\">First edition with extensive annotations and corrections by Henri Estienne, &#8216;typographer to the Fuggers&#8217; as indicated on the title page.&nbsp;<\/p>\n<p style=\"text-align:justify\">&#8220;Henri Estienne&#8217;s important edition of the Greek Anthology, which provided a much better text than any of its predecessors. For this edition Henri devised a system of diacritical marks &#8216;peculiar to himself&#8217; (notae sibi peculiares) to denote various classes of proper nouns: e.g. persons and famous animals, nations and cities, mountains, and bodies of water; he also employs in the margins the symbol of the hand with pointing finger to call attention to gnomic expressions in the text &#8211; this was already used in the 1557 Aeschylus. The volume contains 154 pages of Annotationes by Estienne, who, in the course of these, gives a Latin translation of one epigram, and then provides 50 different alternate versions of the last distich ! In is preface the to the reader Henri claims that he performed this poetic tour de force in order to kindle the interest of young readers&#8221; (Schreiber).<\/p>\n<p style=\"text-align:justify\"><span style=\"font-variant:small-caps\">Important Provenance<\/span><\/p>\n<p style=\"text-align:justify\">This beautiful volume has belonged to Jean-Fran\u00e7ois-Paul Le F\u00e8vre de Caumartin (1668-1732) and bears his coart of arms. He began his education at the abbey of Bouzai (diocese of Nantes) at the age of 7 on the resignation of his godfather, Cardinal de Retz. Dean of Tours cathedral, he was elected a member of the Acad\u00e9mie fran\u00e7aise on 8 May 1694 and was made an honorary associate of the Acad\u00e9mie des inscriptions et belles-lettres in 1701. His extensive library of over 9000 books and manuscripts was dispersed after his death.<\/p>\n<p style=\"text-align:justify\">A very fine copy, probably washed at the time of binding, with minor old restorations to the white margin of the title.<\/p>\n","protected":false},"excerpt":{"rendered":"<p>4to (247 x 148 mm) 2 unn.ll., 545 pp. (misnumbered 539; pagination 283-288 repeated), 17 unn.ll. Seventeenth-century red morocco, doulbe gilt filet on covers, central coat of arms of Jean-Fran\u00e7ois-Paul Le F\u00e8vre de Caumartin (OHR, 652, n\u00b0 4), spine gilt with raised bands, marbled and gilt edges.<\/p>\n","protected":false},"featured_media":78676,"comment_status":"open","ping_status":"closed","template":"","meta":{"_acf_changed":false},"product_brand":[],"product_cat":[544],"product_tag":[1243],"class_list":{"0":"post-78681","1":"product","2":"type-product","3":"status-publish","4":"has-post-thumbnail","6":"product_cat-literature","7":"product_tag-16th-century-literature","8":"pa_auteur-estienne-henri-2","9":"pa_type-de-livre-printed-book","11":"first","12":"instock","13":"shipping-taxable","14":"purchasable","15":"product-type-simple"},"acf":{"artist":"Henri ESTIENNE","chapeau":"The Caumartin copy bound in red morocco","adresse_bibliographique":"Gen\u00e8ve, Henri Estienne, 1566","book_type":"Printed book","provenance":"","afficher_prix":""},"yoast_head":"<!-- This site is optimized with the Yoast SEO plugin v24.7 - https:\/\/yoast.com\/wordpress\/plugins\/seo\/ -->\n<title>ESTIENNE Henri Anthologia [Graece]. Florilegium diversorum epigramamtum veterum. - Libairie Clavreuil<\/title>\n<meta name=\"robots\" content=\"index, follow, max-snippet:-1, max-image-preview:large, max-video-preview:-1\" \/>\n<link rel=\"canonical\" href=\"https:\/\/www.librairieclavreuil.com\/en\/estienne-henri-anthologia-graece-florilegium-diversorum-epigramamtum-veterum\/\" \/>\n<meta property=\"og:locale\" content=\"en_US\" \/>\n<meta property=\"og:type\" content=\"article\" \/>\n<meta property=\"og:title\" content=\"ESTIENNE Henri Anthologia [Graece]. Florilegium diversorum epigramamtum veterum. - Libairie Clavreuil\" \/>\n<meta property=\"og:description\" content=\"4to (247 x 148 mm) 2 unn.ll., 545 pp. (misnumbered 539; pagination 283-288 repeated), 17 unn.ll. Seventeenth-century red morocco, doulbe gilt filet on covers, central coat of arms of Jean-Fran\u00e7ois-Paul Le F\u00e8vre de Caumartin (OHR, 652, n\u00b0 4), spine gilt with raised bands, marbled and gilt edges.\" \/>\n<meta property=\"og:url\" content=\"https:\/\/www.librairieclavreuil.com\/en\/estienne-henri-anthologia-graece-florilegium-diversorum-epigramamtum-veterum\/\" \/>\n<meta property=\"og:site_name\" content=\"Libairie Clavreuil\" \/>\n<meta property=\"article:modified_time\" content=\"2024-06-27T10:04:28+00:00\" \/>\n<meta property=\"og:image\" content=\"https:\/\/www.librairieclavreuil.com\/wp-content\/uploads\/2024\/06\/charles-estienne-anthologia-graece-florilegium-diversorum-epigramamtum-veterum-5968-6584606c6129b-scaled.jpg\" \/>\n\t<meta property=\"og:image:width\" content=\"1920\" \/>\n\t<meta property=\"og:image:height\" content=\"2560\" \/>\n\t<meta property=\"og:image:type\" content=\"image\/jpeg\" \/>\n<meta name=\"twitter:card\" content=\"summary_large_image\" \/>\n<meta name=\"twitter:label1\" content=\"Est. reading time\" \/>\n\t<meta name=\"twitter:data1\" content=\"1 minute\" \/>\n<script type=\"application\/ld+json\" class=\"yoast-schema-graph\">{\"@context\":\"https:\/\/schema.org\",\"@graph\":[{\"@type\":\"WebPage\",\"@id\":\"https:\/\/www.librairieclavreuil.com\/en\/estienne-henri-anthologia-graece-florilegium-diversorum-epigramamtum-veterum\/\",\"url\":\"https:\/\/www.librairieclavreuil.com\/en\/estienne-henri-anthologia-graece-florilegium-diversorum-epigramamtum-veterum\/\",\"name\":\"ESTIENNE Henri Anthologia [Graece]. Florilegium diversorum epigramamtum veterum. - Libairie Clavreuil\",\"isPartOf\":{\"@id\":\"https:\/\/www.librairieclavreuil.com\/#website\"},\"primaryImageOfPage\":{\"@id\":\"https:\/\/www.librairieclavreuil.com\/en\/estienne-henri-anthologia-graece-florilegium-diversorum-epigramamtum-veterum\/#primaryimage\"},\"image\":{\"@id\":\"https:\/\/www.librairieclavreuil.com\/en\/estienne-henri-anthologia-graece-florilegium-diversorum-epigramamtum-veterum\/#primaryimage\"},\"thumbnailUrl\":\"https:\/\/www.librairieclavreuil.com\/wp-content\/uploads\/2024\/06\/charles-estienne-anthologia-graece-florilegium-diversorum-epigramamtum-veterum-5968-6584606c6129b-scaled.jpg\",\"datePublished\":\"2024-06-27T10:04:16+00:00\",\"dateModified\":\"2024-06-27T10:04:28+00:00\",\"breadcrumb\":{\"@id\":\"https:\/\/www.librairieclavreuil.com\/en\/estienne-henri-anthologia-graece-florilegium-diversorum-epigramamtum-veterum\/#breadcrumb\"},\"inLanguage\":\"en-US\",\"potentialAction\":[{\"@type\":\"ReadAction\",\"target\":[\"https:\/\/www.librairieclavreuil.com\/en\/estienne-henri-anthologia-graece-florilegium-diversorum-epigramamtum-veterum\/\"]}]},{\"@type\":\"ImageObject\",\"inLanguage\":\"en-US\",\"@id\":\"https:\/\/www.librairieclavreuil.com\/en\/estienne-henri-anthologia-graece-florilegium-diversorum-epigramamtum-veterum\/#primaryimage\",\"url\":\"https:\/\/www.librairieclavreuil.com\/wp-content\/uploads\/2024\/06\/charles-estienne-anthologia-graece-florilegium-diversorum-epigramamtum-veterum-5968-6584606c6129b-scaled.jpg\",\"contentUrl\":\"https:\/\/www.librairieclavreuil.com\/wp-content\/uploads\/2024\/06\/charles-estienne-anthologia-graece-florilegium-diversorum-epigramamtum-veterum-5968-6584606c6129b-scaled.jpg\",\"width\":1920,\"height\":2560},{\"@type\":\"BreadcrumbList\",\"@id\":\"https:\/\/www.librairieclavreuil.com\/en\/estienne-henri-anthologia-graece-florilegium-diversorum-epigramamtum-veterum\/#breadcrumb\",\"itemListElement\":[{\"@type\":\"ListItem\",\"position\":1,\"name\":\"Accueil\",\"item\":\"https:\/\/www.librairieclavreuil.com\/\"},{\"@type\":\"ListItem\",\"position\":2,\"name\":\"All our books\",\"item\":\"https:\/\/www.librairieclavreuil.com\/en\/all-our-books\/\"},{\"@type\":\"ListItem\",\"position\":3,\"name\":\"ESTIENNE Henri Anthologia [Graece]. Florilegium diversorum epigramamtum veterum.\"}]},{\"@type\":\"WebSite\",\"@id\":\"https:\/\/www.librairieclavreuil.com\/#website\",\"url\":\"https:\/\/www.librairieclavreuil.com\/\",\"name\":\"Libairie Clavreuil\",\"description\":\"Livres anciens, manuscrits rares et \u00e9ditions originales \u2013 Librairie Clavreuil\",\"publisher\":{\"@id\":\"https:\/\/www.librairieclavreuil.com\/#organization\"},\"potentialAction\":[{\"@type\":\"SearchAction\",\"target\":{\"@type\":\"EntryPoint\",\"urlTemplate\":\"https:\/\/www.librairieclavreuil.com\/?s={search_term_string}\"},\"query-input\":{\"@type\":\"PropertyValueSpecification\",\"valueRequired\":true,\"valueName\":\"search_term_string\"}}],\"inLanguage\":\"en-US\"},{\"@type\":\"Organization\",\"@id\":\"https:\/\/www.librairieclavreuil.com\/#organization\",\"name\":\"Libairie Clavreuil\",\"url\":\"https:\/\/www.librairieclavreuil.com\/\",\"logo\":{\"@type\":\"ImageObject\",\"inLanguage\":\"en-US\",\"@id\":\"https:\/\/www.librairieclavreuil.com\/#\/schema\/logo\/image\/\",\"url\":\"https:\/\/www.librairieclavreuil.com\/wp-content\/uploads\/2021\/06\/cropped-LOGO_PNG_DATE-_gold-512x512-1.png\",\"contentUrl\":\"https:\/\/www.librairieclavreuil.com\/wp-content\/uploads\/2021\/06\/cropped-LOGO_PNG_DATE-_gold-512x512-1.png\",\"width\":512,\"height\":512,\"caption\":\"Libairie Clavreuil\"},\"image\":{\"@id\":\"https:\/\/www.librairieclavreuil.com\/#\/schema\/logo\/image\/\"},\"sameAs\":[\"https:\/\/www.instagram.com\/librairieclavreuil\/\"]}]}<\/script>\n<!-- \/ Yoast SEO plugin. -->","yoast_head_json":{"title":"ESTIENNE Henri Anthologia [Graece]. Florilegium diversorum epigramamtum veterum. - Libairie Clavreuil","robots":{"index":"index","follow":"follow","max-snippet":"max-snippet:-1","max-image-preview":"max-image-preview:large","max-video-preview":"max-video-preview:-1"},"canonical":"https:\/\/www.librairieclavreuil.com\/en\/estienne-henri-anthologia-graece-florilegium-diversorum-epigramamtum-veterum\/","og_locale":"en_US","og_type":"article","og_title":"ESTIENNE Henri Anthologia [Graece]. Florilegium diversorum epigramamtum veterum. - Libairie Clavreuil","og_description":"4to (247 x 148 mm) 2 unn.ll., 545 pp. (misnumbered 539; pagination 283-288 repeated), 17 unn.ll. Seventeenth-century red morocco, doulbe gilt filet on covers, central coat of arms of Jean-Fran\u00e7ois-Paul Le F\u00e8vre de Caumartin (OHR, 652, n\u00b0 4), spine gilt with raised bands, marbled and gilt edges.","og_url":"https:\/\/www.librairieclavreuil.com\/en\/estienne-henri-anthologia-graece-florilegium-diversorum-epigramamtum-veterum\/","og_site_name":"Libairie Clavreuil","article_modified_time":"2024-06-27T10:04:28+00:00","og_image":[{"width":1920,"height":2560,"url":"https:\/\/www.librairieclavreuil.com\/wp-content\/uploads\/2024\/06\/charles-estienne-anthologia-graece-florilegium-diversorum-epigramamtum-veterum-5968-6584606c6129b-scaled.jpg","type":"image\/jpeg"}],"twitter_card":"summary_large_image","twitter_misc":{"Est. reading time":"1 minute"},"schema":{"@context":"https:\/\/schema.org","@graph":[{"@type":"WebPage","@id":"https:\/\/www.librairieclavreuil.com\/en\/estienne-henri-anthologia-graece-florilegium-diversorum-epigramamtum-veterum\/","url":"https:\/\/www.librairieclavreuil.com\/en\/estienne-henri-anthologia-graece-florilegium-diversorum-epigramamtum-veterum\/","name":"ESTIENNE Henri Anthologia [Graece]. Florilegium diversorum epigramamtum veterum. - Libairie Clavreuil","isPartOf":{"@id":"https:\/\/www.librairieclavreuil.com\/#website"},"primaryImageOfPage":{"@id":"https:\/\/www.librairieclavreuil.com\/en\/estienne-henri-anthologia-graece-florilegium-diversorum-epigramamtum-veterum\/#primaryimage"},"image":{"@id":"https:\/\/www.librairieclavreuil.com\/en\/estienne-henri-anthologia-graece-florilegium-diversorum-epigramamtum-veterum\/#primaryimage"},"thumbnailUrl":"https:\/\/www.librairieclavreuil.com\/wp-content\/uploads\/2024\/06\/charles-estienne-anthologia-graece-florilegium-diversorum-epigramamtum-veterum-5968-6584606c6129b-scaled.jpg","datePublished":"2024-06-27T10:04:16+00:00","dateModified":"2024-06-27T10:04:28+00:00","breadcrumb":{"@id":"https:\/\/www.librairieclavreuil.com\/en\/estienne-henri-anthologia-graece-florilegium-diversorum-epigramamtum-veterum\/#breadcrumb"},"inLanguage":"en-US","potentialAction":[{"@type":"ReadAction","target":["https:\/\/www.librairieclavreuil.com\/en\/estienne-henri-anthologia-graece-florilegium-diversorum-epigramamtum-veterum\/"]}]},{"@type":"ImageObject","inLanguage":"en-US","@id":"https:\/\/www.librairieclavreuil.com\/en\/estienne-henri-anthologia-graece-florilegium-diversorum-epigramamtum-veterum\/#primaryimage","url":"https:\/\/www.librairieclavreuil.com\/wp-content\/uploads\/2024\/06\/charles-estienne-anthologia-graece-florilegium-diversorum-epigramamtum-veterum-5968-6584606c6129b-scaled.jpg","contentUrl":"https:\/\/www.librairieclavreuil.com\/wp-content\/uploads\/2024\/06\/charles-estienne-anthologia-graece-florilegium-diversorum-epigramamtum-veterum-5968-6584606c6129b-scaled.jpg","width":1920,"height":2560},{"@type":"BreadcrumbList","@id":"https:\/\/www.librairieclavreuil.com\/en\/estienne-henri-anthologia-graece-florilegium-diversorum-epigramamtum-veterum\/#breadcrumb","itemListElement":[{"@type":"ListItem","position":1,"name":"Accueil","item":"https:\/\/www.librairieclavreuil.com\/"},{"@type":"ListItem","position":2,"name":"All our books","item":"https:\/\/www.librairieclavreuil.com\/en\/all-our-books\/"},{"@type":"ListItem","position":3,"name":"ESTIENNE Henri Anthologia [Graece]. Florilegium diversorum epigramamtum veterum."}]},{"@type":"WebSite","@id":"https:\/\/www.librairieclavreuil.com\/#website","url":"https:\/\/www.librairieclavreuil.com\/","name":"Libairie Clavreuil","description":"Livres anciens, manuscrits rares et \u00e9ditions originales \u2013 Librairie Clavreuil","publisher":{"@id":"https:\/\/www.librairieclavreuil.com\/#organization"},"potentialAction":[{"@type":"SearchAction","target":{"@type":"EntryPoint","urlTemplate":"https:\/\/www.librairieclavreuil.com\/?s={search_term_string}"},"query-input":{"@type":"PropertyValueSpecification","valueRequired":true,"valueName":"search_term_string"}}],"inLanguage":"en-US"},{"@type":"Organization","@id":"https:\/\/www.librairieclavreuil.com\/#organization","name":"Libairie Clavreuil","url":"https:\/\/www.librairieclavreuil.com\/","logo":{"@type":"ImageObject","inLanguage":"en-US","@id":"https:\/\/www.librairieclavreuil.com\/#\/schema\/logo\/image\/","url":"https:\/\/www.librairieclavreuil.com\/wp-content\/uploads\/2021\/06\/cropped-LOGO_PNG_DATE-_gold-512x512-1.png","contentUrl":"https:\/\/www.librairieclavreuil.com\/wp-content\/uploads\/2021\/06\/cropped-LOGO_PNG_DATE-_gold-512x512-1.png","width":512,"height":512,"caption":"Libairie Clavreuil"},"image":{"@id":"https:\/\/www.librairieclavreuil.com\/#\/schema\/logo\/image\/"},"sameAs":["https:\/\/www.instagram.com\/librairieclavreuil\/"]}]}},"jetpack_sharing_enabled":true,"_links":{"self":[{"href":"https:\/\/www.librairieclavreuil.com\/en\/wp-json\/wp\/v2\/product\/78681","targetHints":{"allow":["GET"]}}],"collection":[{"href":"https:\/\/www.librairieclavreuil.com\/en\/wp-json\/wp\/v2\/product"}],"about":[{"href":"https:\/\/www.librairieclavreuil.com\/en\/wp-json\/wp\/v2\/types\/product"}],"replies":[{"embeddable":true,"href":"https:\/\/www.librairieclavreuil.com\/en\/wp-json\/wp\/v2\/comments?post=78681"}],"wp:featuredmedia":[{"embeddable":true,"href":"https:\/\/www.librairieclavreuil.com\/en\/wp-json\/wp\/v2\/media\/78676"}],"wp:attachment":[{"href":"https:\/\/www.librairieclavreuil.com\/en\/wp-json\/wp\/v2\/media?parent=78681"}],"wp:term":[{"taxonomy":"product_brand","embeddable":true,"href":"https:\/\/www.librairieclavreuil.com\/en\/wp-json\/wp\/v2\/product_brand?post=78681"},{"taxonomy":"product_cat","embeddable":true,"href":"https:\/\/www.librairieclavreuil.com\/en\/wp-json\/wp\/v2\/product_cat?post=78681"},{"taxonomy":"product_tag","embeddable":true,"href":"https:\/\/www.librairieclavreuil.com\/en\/wp-json\/wp\/v2\/product_tag?post=78681"}],"curies":[{"name":"wp","href":"https:\/\/api.w.org\/{rel}","templated":true}]}}