{"id":78645,"date":"2024-06-27T12:02:29","date_gmt":"2024-06-27T10:02:29","guid":{"rendered":"https:\/\/www.librairieclavreuil.com\/aretino-pietro-ragionamenti-la-prima-seconda-parte-de-ragionamenti-di-m-pietro-aretino-divisa-in-tre-giornate-doppo-le-quali-habbiamo-aggiunto-il-piacevol-ragionamento-del-zoppino-sui\/"},"modified":"2024-06-27T12:02:43","modified_gmt":"2024-06-27T10:02:43","slug":"aretino-pietro-ragionamenti-la-prima-seconda-parte-de-ragionamenti-di-m-pietro-aretino-divisa-in-tre-giornate-doppo-le-quali-habbiamo-aggiunto-il-piacevol-ragionamento-del-zoppino-sui","status":"publish","type":"product","link":"https:\/\/www.librairieclavreuil.com\/en\/aretino-pietro-ragionamenti-la-prima-seconda-parte-de-ragionamenti-di-m-pietro-aretino-divisa-in-tre-giornate-doppo-le-quali-habbiamo-aggiunto-il-piacevol-ragionamento-del-zoppino-sui\/","title":{"rendered":"ARETINO Pietro [Ragionamenti]. La prima [seconda] parte de..."},"content":{"rendered":"<p style=\"text-align:justify\"><i>Caswell (Cluzel), 16 ; Casi, 160 ; Edit16, CNCE 2485 : &#8220;circa 1600&#8221; ; Brunet, I, 411 ; Woodfield, B-13 ; Pia, 1229-1230 : suggests 1649 as year of printing.<\/i><\/p>\n<p style=\"text-align:justify\">Fine edition, published in Amsterdam at the beginning of the 17<sup>th<\/sup> century.<\/p>\n<p style=\"text-align:justify\">It contains, other than the first two parts of the famous and scandalous Ragionamenti by l&#8217;Aretino (1492-1556), the equally scandalous dialogue between the priest Zoppino and Luigi &#8220;puttaniere&#8221;, attributed to Aretino but the work of the respectable Annibale Caro (1507-1566), translateur of Aeneas and one of the best letter writers of his time.<\/p>\n<p style=\"text-align:justify\">This sammelband, with the date 1584 is in reality the reproduction of an edition given by John Wolf in London at the end of the 1580&#8217;s. According to Caswell the initials used in this edition suggest a production from the printing press of Jan Jansson made between 1616 et 1628.<\/p>\n<p style=\"text-align:justify\">&#8220;Le sujet des Ragionamenti est souvent scabreux et cr\u00fbment trait\u00e9 ; mais l&#8217;admirable d\u00e9sinvolture du r\u00e9cit, la richesse du style, l&#8217;attitude de certains personnages et les mots \u00e0 double sens en font une \u0153uvre pleine de vie. Sa fantaisie d\u00e9brid\u00e9e r\u00e9pond, d&#8217;ailleurs, \u00e0 une parfaite sinc\u00e9rit\u00e9. Ici, l&#8217;on est loin de tout p\u00e9dantisme comme de toute hypocrisie. Cet ouvrage fameux est un admirable tableau de m\u0153urs que gouverne la satire : la nature s&#8217;y trouve prise sur le fait. Entendez la corruption, la luxure et autres vices qui r\u00e9gnaient au XVIe si\u00e8cle dans toutes les classes, ou peu s&#8217;en faut, de la soci\u00e9t\u00e9 romaine&#8221; (Dictionnaire des \u0153uvres).<\/p>\n<p style=\"text-align:justify\">Provenance :&nbsp;<\/p>\n<p>A delightful copy preserved in an elegant glazed calf binding bearing five Brittany ermines on the covers and the number BB repeated on the spine. The former owner of this copy could be linked to the La Baume family.<\/p>\n<p>This could be either Pierre II de La Baume, Marquis de Ch\u00e2teau Double, councillor at the Grenoble Parliament, appointed Conseiller d&#8217;Etat by patent on 17 December 1653, or Alphonse de La Baume, councillor at the Grenoble Parliament in 1670 and one of the commissioners of the chamber of justice established in Paris.<\/p>\n<p style=\"text-align:justify\">Other provenance : Henry Edward Fox, 4e Baron de Holland (1802-1859), with his armorial book plate.<\/p>\n","protected":false},"excerpt":{"rendered":"<p>Small 8vo (135 x 90 mm) 5 unn.ll. and 198 pp. for part I ; 4 unn.ll. including first blank and 339 pp. for part II with Zoppino ; 118 pp. and 1 blank leaf for part III (<i>Commento e Diceria<\/i>). Contemporary calf, spine gilt, compartments decorated with letters &#8216;BB&#8217;, floral tools in the corners and ermine central piece.<\/p>\n","protected":false},"featured_media":78640,"comment_status":"open","ping_status":"closed","template":"","meta":{"_acf_changed":false},"product_brand":[],"product_cat":[530],"product_tag":[1243,1270,596],"class_list":{"0":"post-78645","1":"product","2":"type-product","3":"status-publish","4":"has-post-thumbnail","6":"product_cat-binding","7":"product_tag-16th-century-literature","8":"product_tag-armoured","9":"product_tag-literature","10":"pa_auteur-aretino-pietro-2","11":"pa_type-de-livre-printed-book","13":"first","14":"instock","15":"shipping-taxable","16":"purchasable","17":"product-type-simple"},"acf":{"artist":" Pietro ARETINO","chapeau":"","adresse_bibliographique":"A la fin de la deuxi\u00e8me partie : Bengodi, 21 octobre 1584, Amsterdam, Jan Jansson (?), 1628","book_type":"Printed book","provenance":"","afficher_prix":""},"yoast_head":"<!-- This site is optimized with the Yoast SEO plugin v24.7 - https:\/\/yoast.com\/wordpress\/plugins\/seo\/ -->\n<title>ARETINO Pietro [Ragionamenti]. La prima [seconda] parte de Ragionamenti di M. Pietro Aretino... Divisa in tre giornate... Doppo le quali habbiamo aggiunto il piacevol ragionamento del Zoppino... [Suivi de :] Commento di Ser Agretso [sic] da Ficaruolo, sopra la prima Ficata del Padre Siceo. Con la Diceria de Nasi. - Libairie Clavreuil<\/title>\n<meta name=\"robots\" content=\"index, follow, max-snippet:-1, max-image-preview:large, max-video-preview:-1\" \/>\n<link rel=\"canonical\" href=\"https:\/\/www.librairieclavreuil.com\/en\/aretino-pietro-ragionamenti-la-prima-seconda-parte-de-ragionamenti-di-m-pietro-aretino-divisa-in-tre-giornate-doppo-le-quali-habbiamo-aggiunto-il-piacevol-ragionamento-del-zoppino-sui\/\" \/>\n<meta property=\"og:locale\" content=\"en_US\" \/>\n<meta property=\"og:type\" content=\"article\" \/>\n<meta property=\"og:title\" content=\"ARETINO Pietro [Ragionamenti]. La prima [seconda] parte de Ragionamenti di M. Pietro Aretino... Divisa in tre giornate... Doppo le quali habbiamo aggiunto il piacevol ragionamento del Zoppino... [Suivi de :] Commento di Ser Agretso [sic] da Ficaruolo, sopra la prima Ficata del Padre Siceo. Con la Diceria de Nasi. - Libairie Clavreuil\" \/>\n<meta property=\"og:description\" content=\"Small 8vo (135 x 90 mm) 5 unn.ll. and 198 pp. for part I ; 4 unn.ll. including first blank and 339 pp. for part II with Zoppino ; 118 pp. and 1 blank leaf for part III (Commento e Diceria). Contemporary calf, spine gilt, compartments decorated with letters &#039;BB&#039;, floral tools in the corners and ermine central piece.\" \/>\n<meta property=\"og:url\" content=\"https:\/\/www.librairieclavreuil.com\/en\/aretino-pietro-ragionamenti-la-prima-seconda-parte-de-ragionamenti-di-m-pietro-aretino-divisa-in-tre-giornate-doppo-le-quali-habbiamo-aggiunto-il-piacevol-ragionamento-del-zoppino-sui\/\" \/>\n<meta property=\"og:site_name\" content=\"Libairie Clavreuil\" \/>\n<meta property=\"article:modified_time\" content=\"2024-06-27T10:02:43+00:00\" \/>\n<meta property=\"og:image\" content=\"https:\/\/www.librairieclavreuil.com\/wp-content\/uploads\/2024\/06\/pietro-aretino-ragionamenti-la-prima-seconda-parte-de-ragionamenti-di-m-pietro-aretino-divisa-in-tre-giornate-doppo-le-quali-habbiamo-aggiun-667d318c87801-scaled.jpg\" \/>\n\t<meta property=\"og:image:width\" content=\"1797\" \/>\n\t<meta property=\"og:image:height\" content=\"2560\" \/>\n\t<meta property=\"og:image:type\" content=\"image\/jpeg\" \/>\n<meta name=\"twitter:card\" content=\"summary_large_image\" \/>\n<meta name=\"twitter:label1\" content=\"Est. reading time\" \/>\n\t<meta name=\"twitter:data1\" content=\"2 minutes\" \/>\n<script type=\"application\/ld+json\" class=\"yoast-schema-graph\">{\"@context\":\"https:\/\/schema.org\",\"@graph\":[{\"@type\":\"WebPage\",\"@id\":\"https:\/\/www.librairieclavreuil.com\/en\/aretino-pietro-ragionamenti-la-prima-seconda-parte-de-ragionamenti-di-m-pietro-aretino-divisa-in-tre-giornate-doppo-le-quali-habbiamo-aggiunto-il-piacevol-ragionamento-del-zoppino-sui\/\",\"url\":\"https:\/\/www.librairieclavreuil.com\/en\/aretino-pietro-ragionamenti-la-prima-seconda-parte-de-ragionamenti-di-m-pietro-aretino-divisa-in-tre-giornate-doppo-le-quali-habbiamo-aggiunto-il-piacevol-ragionamento-del-zoppino-sui\/\",\"name\":\"ARETINO Pietro [Ragionamenti]. La prima [seconda] parte de Ragionamenti di M. Pietro Aretino... Divisa in tre giornate... Doppo le quali habbiamo aggiunto il piacevol ragionamento del Zoppino... [Suivi de :] Commento di Ser Agretso [sic] da Ficaruolo, sopra la prima Ficata del Padre Siceo. Con la Diceria de Nasi. - Libairie Clavreuil\",\"isPartOf\":{\"@id\":\"https:\/\/www.librairieclavreuil.com\/#website\"},\"primaryImageOfPage\":{\"@id\":\"https:\/\/www.librairieclavreuil.com\/en\/aretino-pietro-ragionamenti-la-prima-seconda-parte-de-ragionamenti-di-m-pietro-aretino-divisa-in-tre-giornate-doppo-le-quali-habbiamo-aggiunto-il-piacevol-ragionamento-del-zoppino-sui\/#primaryimage\"},\"image\":{\"@id\":\"https:\/\/www.librairieclavreuil.com\/en\/aretino-pietro-ragionamenti-la-prima-seconda-parte-de-ragionamenti-di-m-pietro-aretino-divisa-in-tre-giornate-doppo-le-quali-habbiamo-aggiunto-il-piacevol-ragionamento-del-zoppino-sui\/#primaryimage\"},\"thumbnailUrl\":\"https:\/\/www.librairieclavreuil.com\/wp-content\/uploads\/2024\/06\/pietro-aretino-ragionamenti-la-prima-seconda-parte-de-ragionamenti-di-m-pietro-aretino-divisa-in-tre-giornate-doppo-le-quali-habbiamo-aggiun-667d318c87801-scaled.jpg\",\"datePublished\":\"2024-06-27T10:02:29+00:00\",\"dateModified\":\"2024-06-27T10:02:43+00:00\",\"breadcrumb\":{\"@id\":\"https:\/\/www.librairieclavreuil.com\/en\/aretino-pietro-ragionamenti-la-prima-seconda-parte-de-ragionamenti-di-m-pietro-aretino-divisa-in-tre-giornate-doppo-le-quali-habbiamo-aggiunto-il-piacevol-ragionamento-del-zoppino-sui\/#breadcrumb\"},\"inLanguage\":\"en-US\",\"potentialAction\":[{\"@type\":\"ReadAction\",\"target\":[\"https:\/\/www.librairieclavreuil.com\/en\/aretino-pietro-ragionamenti-la-prima-seconda-parte-de-ragionamenti-di-m-pietro-aretino-divisa-in-tre-giornate-doppo-le-quali-habbiamo-aggiunto-il-piacevol-ragionamento-del-zoppino-sui\/\"]}]},{\"@type\":\"ImageObject\",\"inLanguage\":\"en-US\",\"@id\":\"https:\/\/www.librairieclavreuil.com\/en\/aretino-pietro-ragionamenti-la-prima-seconda-parte-de-ragionamenti-di-m-pietro-aretino-divisa-in-tre-giornate-doppo-le-quali-habbiamo-aggiunto-il-piacevol-ragionamento-del-zoppino-sui\/#primaryimage\",\"url\":\"https:\/\/www.librairieclavreuil.com\/wp-content\/uploads\/2024\/06\/pietro-aretino-ragionamenti-la-prima-seconda-parte-de-ragionamenti-di-m-pietro-aretino-divisa-in-tre-giornate-doppo-le-quali-habbiamo-aggiun-667d318c87801-scaled.jpg\",\"contentUrl\":\"https:\/\/www.librairieclavreuil.com\/wp-content\/uploads\/2024\/06\/pietro-aretino-ragionamenti-la-prima-seconda-parte-de-ragionamenti-di-m-pietro-aretino-divisa-in-tre-giornate-doppo-le-quali-habbiamo-aggiun-667d318c87801-scaled.jpg\",\"width\":1797,\"height\":2560},{\"@type\":\"BreadcrumbList\",\"@id\":\"https:\/\/www.librairieclavreuil.com\/en\/aretino-pietro-ragionamenti-la-prima-seconda-parte-de-ragionamenti-di-m-pietro-aretino-divisa-in-tre-giornate-doppo-le-quali-habbiamo-aggiunto-il-piacevol-ragionamento-del-zoppino-sui\/#breadcrumb\",\"itemListElement\":[{\"@type\":\"ListItem\",\"position\":1,\"name\":\"Accueil\",\"item\":\"https:\/\/www.librairieclavreuil.com\/\"},{\"@type\":\"ListItem\",\"position\":2,\"name\":\"All our books\",\"item\":\"https:\/\/www.librairieclavreuil.com\/en\/all-our-books\/\"},{\"@type\":\"ListItem\",\"position\":3,\"name\":\"ARETINO Pietro [Ragionamenti]. La prima [seconda] parte de Ragionamenti di M. Pietro Aretino&#8230; Divisa in tre giornate&#8230; Doppo le quali habbiamo aggiunto il piacevol ragionamento del Zoppino&#8230; [Suivi de :] Commento di Ser Agretso [sic] da Ficaruolo, sopra la prima Ficata del Padre Siceo. Con la Diceria de Nasi.\"}]},{\"@type\":\"WebSite\",\"@id\":\"https:\/\/www.librairieclavreuil.com\/#website\",\"url\":\"https:\/\/www.librairieclavreuil.com\/\",\"name\":\"Libairie Clavreuil\",\"description\":\"Livres anciens, manuscrits rares et \u00e9ditions originales \u2013 Librairie Clavreuil\",\"publisher\":{\"@id\":\"https:\/\/www.librairieclavreuil.com\/#organization\"},\"potentialAction\":[{\"@type\":\"SearchAction\",\"target\":{\"@type\":\"EntryPoint\",\"urlTemplate\":\"https:\/\/www.librairieclavreuil.com\/?s={search_term_string}\"},\"query-input\":{\"@type\":\"PropertyValueSpecification\",\"valueRequired\":true,\"valueName\":\"search_term_string\"}}],\"inLanguage\":\"en-US\"},{\"@type\":\"Organization\",\"@id\":\"https:\/\/www.librairieclavreuil.com\/#organization\",\"name\":\"Libairie Clavreuil\",\"url\":\"https:\/\/www.librairieclavreuil.com\/\",\"logo\":{\"@type\":\"ImageObject\",\"inLanguage\":\"en-US\",\"@id\":\"https:\/\/www.librairieclavreuil.com\/#\/schema\/logo\/image\/\",\"url\":\"https:\/\/www.librairieclavreuil.com\/wp-content\/uploads\/2021\/06\/cropped-LOGO_PNG_DATE-_gold-512x512-1.png\",\"contentUrl\":\"https:\/\/www.librairieclavreuil.com\/wp-content\/uploads\/2021\/06\/cropped-LOGO_PNG_DATE-_gold-512x512-1.png\",\"width\":512,\"height\":512,\"caption\":\"Libairie Clavreuil\"},\"image\":{\"@id\":\"https:\/\/www.librairieclavreuil.com\/#\/schema\/logo\/image\/\"},\"sameAs\":[\"https:\/\/www.instagram.com\/librairieclavreuil\/\"]}]}<\/script>\n<!-- \/ Yoast SEO plugin. -->","yoast_head_json":{"title":"ARETINO Pietro [Ragionamenti]. La prima [seconda] parte de Ragionamenti di M. Pietro Aretino... Divisa in tre giornate... Doppo le quali habbiamo aggiunto il piacevol ragionamento del Zoppino... [Suivi de :] Commento di Ser Agretso [sic] da Ficaruolo, sopra la prima Ficata del Padre Siceo. Con la Diceria de Nasi. - Libairie Clavreuil","robots":{"index":"index","follow":"follow","max-snippet":"max-snippet:-1","max-image-preview":"max-image-preview:large","max-video-preview":"max-video-preview:-1"},"canonical":"https:\/\/www.librairieclavreuil.com\/en\/aretino-pietro-ragionamenti-la-prima-seconda-parte-de-ragionamenti-di-m-pietro-aretino-divisa-in-tre-giornate-doppo-le-quali-habbiamo-aggiunto-il-piacevol-ragionamento-del-zoppino-sui\/","og_locale":"en_US","og_type":"article","og_title":"ARETINO Pietro [Ragionamenti]. La prima [seconda] parte de Ragionamenti di M. Pietro Aretino... Divisa in tre giornate... Doppo le quali habbiamo aggiunto il piacevol ragionamento del Zoppino... [Suivi de :] Commento di Ser Agretso [sic] da Ficaruolo, sopra la prima Ficata del Padre Siceo. Con la Diceria de Nasi. - Libairie Clavreuil","og_description":"Small 8vo (135 x 90 mm) 5 unn.ll. and 198 pp. for part I ; 4 unn.ll. including first blank and 339 pp. for part II with Zoppino ; 118 pp. and 1 blank leaf for part III (Commento e Diceria). Contemporary calf, spine gilt, compartments decorated with letters 'BB', floral tools in the corners and ermine central piece.","og_url":"https:\/\/www.librairieclavreuil.com\/en\/aretino-pietro-ragionamenti-la-prima-seconda-parte-de-ragionamenti-di-m-pietro-aretino-divisa-in-tre-giornate-doppo-le-quali-habbiamo-aggiunto-il-piacevol-ragionamento-del-zoppino-sui\/","og_site_name":"Libairie Clavreuil","article_modified_time":"2024-06-27T10:02:43+00:00","og_image":[{"width":1797,"height":2560,"url":"https:\/\/www.librairieclavreuil.com\/wp-content\/uploads\/2024\/06\/pietro-aretino-ragionamenti-la-prima-seconda-parte-de-ragionamenti-di-m-pietro-aretino-divisa-in-tre-giornate-doppo-le-quali-habbiamo-aggiun-667d318c87801-scaled.jpg","type":"image\/jpeg"}],"twitter_card":"summary_large_image","twitter_misc":{"Est. reading time":"2 minutes"},"schema":{"@context":"https:\/\/schema.org","@graph":[{"@type":"WebPage","@id":"https:\/\/www.librairieclavreuil.com\/en\/aretino-pietro-ragionamenti-la-prima-seconda-parte-de-ragionamenti-di-m-pietro-aretino-divisa-in-tre-giornate-doppo-le-quali-habbiamo-aggiunto-il-piacevol-ragionamento-del-zoppino-sui\/","url":"https:\/\/www.librairieclavreuil.com\/en\/aretino-pietro-ragionamenti-la-prima-seconda-parte-de-ragionamenti-di-m-pietro-aretino-divisa-in-tre-giornate-doppo-le-quali-habbiamo-aggiunto-il-piacevol-ragionamento-del-zoppino-sui\/","name":"ARETINO Pietro [Ragionamenti]. La prima [seconda] parte de Ragionamenti di M. Pietro Aretino... Divisa in tre giornate... Doppo le quali habbiamo aggiunto il piacevol ragionamento del Zoppino... [Suivi de :] Commento di Ser Agretso [sic] da Ficaruolo, sopra la prima Ficata del Padre Siceo. Con la Diceria de Nasi. - Libairie Clavreuil","isPartOf":{"@id":"https:\/\/www.librairieclavreuil.com\/#website"},"primaryImageOfPage":{"@id":"https:\/\/www.librairieclavreuil.com\/en\/aretino-pietro-ragionamenti-la-prima-seconda-parte-de-ragionamenti-di-m-pietro-aretino-divisa-in-tre-giornate-doppo-le-quali-habbiamo-aggiunto-il-piacevol-ragionamento-del-zoppino-sui\/#primaryimage"},"image":{"@id":"https:\/\/www.librairieclavreuil.com\/en\/aretino-pietro-ragionamenti-la-prima-seconda-parte-de-ragionamenti-di-m-pietro-aretino-divisa-in-tre-giornate-doppo-le-quali-habbiamo-aggiunto-il-piacevol-ragionamento-del-zoppino-sui\/#primaryimage"},"thumbnailUrl":"https:\/\/www.librairieclavreuil.com\/wp-content\/uploads\/2024\/06\/pietro-aretino-ragionamenti-la-prima-seconda-parte-de-ragionamenti-di-m-pietro-aretino-divisa-in-tre-giornate-doppo-le-quali-habbiamo-aggiun-667d318c87801-scaled.jpg","datePublished":"2024-06-27T10:02:29+00:00","dateModified":"2024-06-27T10:02:43+00:00","breadcrumb":{"@id":"https:\/\/www.librairieclavreuil.com\/en\/aretino-pietro-ragionamenti-la-prima-seconda-parte-de-ragionamenti-di-m-pietro-aretino-divisa-in-tre-giornate-doppo-le-quali-habbiamo-aggiunto-il-piacevol-ragionamento-del-zoppino-sui\/#breadcrumb"},"inLanguage":"en-US","potentialAction":[{"@type":"ReadAction","target":["https:\/\/www.librairieclavreuil.com\/en\/aretino-pietro-ragionamenti-la-prima-seconda-parte-de-ragionamenti-di-m-pietro-aretino-divisa-in-tre-giornate-doppo-le-quali-habbiamo-aggiunto-il-piacevol-ragionamento-del-zoppino-sui\/"]}]},{"@type":"ImageObject","inLanguage":"en-US","@id":"https:\/\/www.librairieclavreuil.com\/en\/aretino-pietro-ragionamenti-la-prima-seconda-parte-de-ragionamenti-di-m-pietro-aretino-divisa-in-tre-giornate-doppo-le-quali-habbiamo-aggiunto-il-piacevol-ragionamento-del-zoppino-sui\/#primaryimage","url":"https:\/\/www.librairieclavreuil.com\/wp-content\/uploads\/2024\/06\/pietro-aretino-ragionamenti-la-prima-seconda-parte-de-ragionamenti-di-m-pietro-aretino-divisa-in-tre-giornate-doppo-le-quali-habbiamo-aggiun-667d318c87801-scaled.jpg","contentUrl":"https:\/\/www.librairieclavreuil.com\/wp-content\/uploads\/2024\/06\/pietro-aretino-ragionamenti-la-prima-seconda-parte-de-ragionamenti-di-m-pietro-aretino-divisa-in-tre-giornate-doppo-le-quali-habbiamo-aggiun-667d318c87801-scaled.jpg","width":1797,"height":2560},{"@type":"BreadcrumbList","@id":"https:\/\/www.librairieclavreuil.com\/en\/aretino-pietro-ragionamenti-la-prima-seconda-parte-de-ragionamenti-di-m-pietro-aretino-divisa-in-tre-giornate-doppo-le-quali-habbiamo-aggiunto-il-piacevol-ragionamento-del-zoppino-sui\/#breadcrumb","itemListElement":[{"@type":"ListItem","position":1,"name":"Accueil","item":"https:\/\/www.librairieclavreuil.com\/"},{"@type":"ListItem","position":2,"name":"All our books","item":"https:\/\/www.librairieclavreuil.com\/en\/all-our-books\/"},{"@type":"ListItem","position":3,"name":"ARETINO Pietro [Ragionamenti]. La prima [seconda] parte de Ragionamenti di M. Pietro Aretino&#8230; Divisa in tre giornate&#8230; Doppo le quali habbiamo aggiunto il piacevol ragionamento del Zoppino&#8230; [Suivi de :] Commento di Ser Agretso [sic] da Ficaruolo, sopra la prima Ficata del Padre Siceo. Con la Diceria de Nasi."}]},{"@type":"WebSite","@id":"https:\/\/www.librairieclavreuil.com\/#website","url":"https:\/\/www.librairieclavreuil.com\/","name":"Libairie Clavreuil","description":"Livres anciens, manuscrits rares et \u00e9ditions originales \u2013 Librairie Clavreuil","publisher":{"@id":"https:\/\/www.librairieclavreuil.com\/#organization"},"potentialAction":[{"@type":"SearchAction","target":{"@type":"EntryPoint","urlTemplate":"https:\/\/www.librairieclavreuil.com\/?s={search_term_string}"},"query-input":{"@type":"PropertyValueSpecification","valueRequired":true,"valueName":"search_term_string"}}],"inLanguage":"en-US"},{"@type":"Organization","@id":"https:\/\/www.librairieclavreuil.com\/#organization","name":"Libairie Clavreuil","url":"https:\/\/www.librairieclavreuil.com\/","logo":{"@type":"ImageObject","inLanguage":"en-US","@id":"https:\/\/www.librairieclavreuil.com\/#\/schema\/logo\/image\/","url":"https:\/\/www.librairieclavreuil.com\/wp-content\/uploads\/2021\/06\/cropped-LOGO_PNG_DATE-_gold-512x512-1.png","contentUrl":"https:\/\/www.librairieclavreuil.com\/wp-content\/uploads\/2021\/06\/cropped-LOGO_PNG_DATE-_gold-512x512-1.png","width":512,"height":512,"caption":"Libairie Clavreuil"},"image":{"@id":"https:\/\/www.librairieclavreuil.com\/#\/schema\/logo\/image\/"},"sameAs":["https:\/\/www.instagram.com\/librairieclavreuil\/"]}]}},"jetpack_sharing_enabled":true,"_links":{"self":[{"href":"https:\/\/www.librairieclavreuil.com\/en\/wp-json\/wp\/v2\/product\/78645","targetHints":{"allow":["GET"]}}],"collection":[{"href":"https:\/\/www.librairieclavreuil.com\/en\/wp-json\/wp\/v2\/product"}],"about":[{"href":"https:\/\/www.librairieclavreuil.com\/en\/wp-json\/wp\/v2\/types\/product"}],"replies":[{"embeddable":true,"href":"https:\/\/www.librairieclavreuil.com\/en\/wp-json\/wp\/v2\/comments?post=78645"}],"wp:featuredmedia":[{"embeddable":true,"href":"https:\/\/www.librairieclavreuil.com\/en\/wp-json\/wp\/v2\/media\/78640"}],"wp:attachment":[{"href":"https:\/\/www.librairieclavreuil.com\/en\/wp-json\/wp\/v2\/media?parent=78645"}],"wp:term":[{"taxonomy":"product_brand","embeddable":true,"href":"https:\/\/www.librairieclavreuil.com\/en\/wp-json\/wp\/v2\/product_brand?post=78645"},{"taxonomy":"product_cat","embeddable":true,"href":"https:\/\/www.librairieclavreuil.com\/en\/wp-json\/wp\/v2\/product_cat?post=78645"},{"taxonomy":"product_tag","embeddable":true,"href":"https:\/\/www.librairieclavreuil.com\/en\/wp-json\/wp\/v2\/product_tag?post=78645"}],"curies":[{"name":"wp","href":"https:\/\/api.w.org\/{rel}","templated":true}]}}