{"id":78605,"date":"2024-06-25T17:35:17","date_gmt":"2024-06-25T15:35:17","guid":{"rendered":"https:\/\/www.librairieclavreuil.com\/barbey-daurevilly-jules-memoranda-preface-de-paul-bourget\/"},"modified":"2024-06-25T17:35:30","modified_gmt":"2024-06-25T15:35:30","slug":"barbey-daurevilly-jules-memoranda-preface-de-paul-bourget","status":"publish","type":"product","link":"https:\/\/www.librairieclavreuil.com\/en\/barbey-daurevilly-jules-memoranda-preface-de-paul-bourget\/","title":{"rendered":"BARBEY D&#8217;AUREVILLY Jules Memoranda. Pr\u00e9face de Paul Bourget."},"content":{"rendered":"<p style=\"text-align:justify\"><i>Talvart &amp; Place, I, 13D.<\/i><\/p>\n<p style=\"text-align:justify\">New edition of the <i>Memorandum <\/i>(first published in 1856).<\/p>\n<p style=\"text-align:justify\">In the preface, Paul Bourget outlines the contents of this work : &#8220;Les cahiers de notes intimes auxquels M. Barbey d&#8217;Aurevilly a donn\u00e9 le titre de <i>Memoranda <\/i>se rapportent \u00e0 l&#8217;\u00e9poque de sa vie d&#8217;\u00e9crivain qui fut le plus f\u00e9cond en \u0153uvres. N&#8217;est-ce pas aux environs de ces ann\u00e9es-l\u00e0 que <i>la Vieille Ma\u00eetresse<\/i> successivement et <i>L&#8217;Ensorcel\u00e9e<\/i> et <i>les Ricochets de Conversation<\/i> &#8211; devenus dans <i>Les Diaboliques<\/i> et apr\u00e8s coup<i> le Dessous des cartes d&#8217;une partie de Whist<\/i> &#8211; furent publi\u00e9es ?&#8221;.<\/p>\n<p style=\"text-align:justify\">An exceptional copy, enriched with a fine incription in two-tone red and gold ink :&nbsp;&#8220;\u00e0 monsieur de Ronchaud, au plus d\u00e9licat des esprits. Jules Barbey d&#8217;Aurevilly&#8221;.<\/p>\n<p style=\"text-align:justify\">Barbey d&#8217;Aurevilly and Louis de Ronchaud were both members of the literary salon of Clarisse Coignet (1824-1918), a friend and correspondent of Charles Fourier. Louise Ackermann, Marie d&#8217;Agoult (Daniel Stern), Louis de Ronchaud, Barbey d&#8217;Aurevilly and other leading figures met in her republican salon.<\/p>\n<p style=\"text-align:justify\">Although <i>Memoranda <\/i>was a response to the fashion for publishing diaries at the end of the century, it is unusual in that it was always intended for publication and at the request of the author&#8217;s family, unlike the diaries of Delacroix or Benjamin Constant, which were published posthumously. The first <i>Memorendum <\/i>was written in Caen in 1856 at the request of his lifelong friend Guillaume-Stanislas Tr\u00e9butien.<\/p>\n<p style=\"text-align:justify\">The location of the beginning of his memoirs is important. Not only did Barbey always remain attached to his native Normandy, but it was also in Caen that Tr\u00e9butien published some of his friend&#8217;s works at his own expense (including <i>La bague d&#8217;Annibal<\/i> and <i>Les Proph\u00e8tes du pass\u00e9<\/i>). Tr\u00e9butien is omnipresent in Barbey d&#8217;Aurevilly&#8217;s abundant correspondence. A translator, editor and scholar, he advised, reread and sometimes guided him. Unfortunately, the two friends fell out in 1858.<\/p>\n<p style=\"text-align:justify\">The second Memorendum begins in 1858 and recounts Barbey d&#8217;Aurevilly&#8217;s trip to the Pyrenees with \u2018L&#8217;Ange Blanc\u2019, the Baroness de Bouglon whom he met in 1851 in the salon of Baroness Almaury de Maistre.<\/p>\n<p style=\"text-align:justify\">A very fine copy.<\/p>\n","protected":false},"excerpt":{"rendered":"<p>12mo (186 x 110 mm) frontispiece portrait engraved by Abot, 2 unn.l., XXVII, 152 pp. 1 nn.l.. Jansenist bronze morocco, spine with raised bands, inner large gilt roll, gilt edges, illustrated cover preserved (<i>Chambolle-Duru<\/i>).<\/p>\n","protected":false},"featured_media":78596,"comment_status":"open","ping_status":"closed","template":"","meta":{"_acf_changed":false},"product_brand":[],"product_cat":[544],"product_tag":[598,1264],"class_list":{"0":"post-78605","1":"product","2":"type-product","3":"status-publish","4":"has-post-thumbnail","6":"product_cat-literature","7":"product_tag-19th-century-literature","8":"product_tag-inscription","9":"pa_auteur-barbey-daurevilly-jules-2","10":"pa_type-de-livre-printed-book","12":"first","13":"instock","14":"shipping-taxable","15":"purchasable","16":"product-type-simple"},"acf":{"artist":" Jules BARBEY D'AUREVILLY","chapeau":"Inscribed copy to Louis de Ronchaud","adresse_bibliographique":"Paris, Ed. Rouveyre et G. Blond, 1883","book_type":"Printed book","provenance":"","afficher_prix":""},"yoast_head":"<!-- This site is optimized with the Yoast SEO plugin v24.7 - https:\/\/yoast.com\/wordpress\/plugins\/seo\/ -->\n<title>BARBEY D&#039;AUREVILLY Jules Memoranda. Pr\u00e9face de Paul Bourget. - Libairie Clavreuil<\/title>\n<meta name=\"robots\" content=\"index, follow, max-snippet:-1, max-image-preview:large, max-video-preview:-1\" \/>\n<link rel=\"canonical\" href=\"https:\/\/www.librairieclavreuil.com\/produit\/barbey-daurevilly-jules-memoranda-preface-de-paul-bourget\/\" \/>\n<meta property=\"og:locale\" content=\"en_US\" \/>\n<meta property=\"og:type\" content=\"article\" \/>\n<meta property=\"og:title\" content=\"BARBEY D&#039;AUREVILLY Jules Memoranda. Pr\u00e9face de Paul Bourget. - Libairie Clavreuil\" \/>\n<meta property=\"og:description\" content=\"12mo (186 x 110 mm) frontispiece portrait engraved by Abot, 2 unn.l., XXVII, 152 pp. 1 nn.l.. Jansenist bronze morocco, spine with raised bands, inner large gilt roll, gilt edges, illustrated cover preserved (Chambolle-Duru).\" \/>\n<meta property=\"og:url\" content=\"https:\/\/www.librairieclavreuil.com\/produit\/barbey-daurevilly-jules-memoranda-preface-de-paul-bourget\/\" \/>\n<meta property=\"og:site_name\" content=\"Libairie Clavreuil\" \/>\n<meta property=\"article:modified_time\" content=\"2024-06-25T15:35:30+00:00\" \/>\n<meta property=\"og:image\" content=\"https:\/\/www.librairieclavreuil.com\/wp-content\/uploads\/2024\/06\/jules-barbey-d-aurevilly-memoranda-preface-de-paul-bourget-7958-6644c3efe5442.jpg\" \/>\n\t<meta property=\"og:image:width\" content=\"1308\" \/>\n\t<meta property=\"og:image:height\" content=\"2042\" \/>\n\t<meta property=\"og:image:type\" content=\"image\/jpeg\" \/>\n<meta name=\"twitter:card\" content=\"summary_large_image\" \/>\n<meta name=\"twitter:label1\" content=\"Est. reading time\" \/>\n\t<meta name=\"twitter:data1\" content=\"2 minutes\" \/>\n<script type=\"application\/ld+json\" class=\"yoast-schema-graph\">{\"@context\":\"https:\/\/schema.org\",\"@graph\":[{\"@type\":\"WebPage\",\"@id\":\"https:\/\/www.librairieclavreuil.com\/produit\/barbey-daurevilly-jules-memoranda-preface-de-paul-bourget\/\",\"url\":\"https:\/\/www.librairieclavreuil.com\/produit\/barbey-daurevilly-jules-memoranda-preface-de-paul-bourget\/\",\"name\":\"BARBEY D'AUREVILLY Jules Memoranda. Pr\u00e9face de Paul Bourget. - Libairie Clavreuil\",\"isPartOf\":{\"@id\":\"https:\/\/www.librairieclavreuil.com\/#website\"},\"primaryImageOfPage\":{\"@id\":\"https:\/\/www.librairieclavreuil.com\/produit\/barbey-daurevilly-jules-memoranda-preface-de-paul-bourget\/#primaryimage\"},\"image\":{\"@id\":\"https:\/\/www.librairieclavreuil.com\/produit\/barbey-daurevilly-jules-memoranda-preface-de-paul-bourget\/#primaryimage\"},\"thumbnailUrl\":\"https:\/\/www.librairieclavreuil.com\/wp-content\/uploads\/2024\/06\/jules-barbey-d-aurevilly-memoranda-preface-de-paul-bourget-7958-6644c3efe5442.jpg\",\"datePublished\":\"2024-06-25T15:35:17+00:00\",\"dateModified\":\"2024-06-25T15:35:30+00:00\",\"breadcrumb\":{\"@id\":\"https:\/\/www.librairieclavreuil.com\/produit\/barbey-daurevilly-jules-memoranda-preface-de-paul-bourget\/#breadcrumb\"},\"inLanguage\":\"en-US\",\"potentialAction\":[{\"@type\":\"ReadAction\",\"target\":[\"https:\/\/www.librairieclavreuil.com\/produit\/barbey-daurevilly-jules-memoranda-preface-de-paul-bourget\/\"]}]},{\"@type\":\"ImageObject\",\"inLanguage\":\"en-US\",\"@id\":\"https:\/\/www.librairieclavreuil.com\/produit\/barbey-daurevilly-jules-memoranda-preface-de-paul-bourget\/#primaryimage\",\"url\":\"https:\/\/www.librairieclavreuil.com\/wp-content\/uploads\/2024\/06\/jules-barbey-d-aurevilly-memoranda-preface-de-paul-bourget-7958-6644c3efe5442.jpg\",\"contentUrl\":\"https:\/\/www.librairieclavreuil.com\/wp-content\/uploads\/2024\/06\/jules-barbey-d-aurevilly-memoranda-preface-de-paul-bourget-7958-6644c3efe5442.jpg\",\"width\":1308,\"height\":2042},{\"@type\":\"BreadcrumbList\",\"@id\":\"https:\/\/www.librairieclavreuil.com\/produit\/barbey-daurevilly-jules-memoranda-preface-de-paul-bourget\/#breadcrumb\",\"itemListElement\":[{\"@type\":\"ListItem\",\"position\":1,\"name\":\"Accueil\",\"item\":\"https:\/\/www.librairieclavreuil.com\/\"},{\"@type\":\"ListItem\",\"position\":2,\"name\":\"All our books\",\"item\":\"https:\/\/www.librairieclavreuil.com\/en\/all-our-books\/\"},{\"@type\":\"ListItem\",\"position\":3,\"name\":\"BARBEY D&rsquo;AUREVILLY Jules Memoranda. Pr\u00e9face de Paul Bourget.\"}]},{\"@type\":\"WebSite\",\"@id\":\"https:\/\/www.librairieclavreuil.com\/#website\",\"url\":\"https:\/\/www.librairieclavreuil.com\/\",\"name\":\"Libairie Clavreuil\",\"description\":\"Livres anciens, manuscrits rares et \u00e9ditions originales \u2013 Librairie Clavreuil\",\"publisher\":{\"@id\":\"https:\/\/www.librairieclavreuil.com\/#organization\"},\"potentialAction\":[{\"@type\":\"SearchAction\",\"target\":{\"@type\":\"EntryPoint\",\"urlTemplate\":\"https:\/\/www.librairieclavreuil.com\/?s={search_term_string}\"},\"query-input\":{\"@type\":\"PropertyValueSpecification\",\"valueRequired\":true,\"valueName\":\"search_term_string\"}}],\"inLanguage\":\"en-US\"},{\"@type\":\"Organization\",\"@id\":\"https:\/\/www.librairieclavreuil.com\/#organization\",\"name\":\"Libairie Clavreuil\",\"url\":\"https:\/\/www.librairieclavreuil.com\/\",\"logo\":{\"@type\":\"ImageObject\",\"inLanguage\":\"en-US\",\"@id\":\"https:\/\/www.librairieclavreuil.com\/#\/schema\/logo\/image\/\",\"url\":\"https:\/\/www.librairieclavreuil.com\/wp-content\/uploads\/2021\/06\/cropped-LOGO_PNG_DATE-_gold-512x512-1.png\",\"contentUrl\":\"https:\/\/www.librairieclavreuil.com\/wp-content\/uploads\/2021\/06\/cropped-LOGO_PNG_DATE-_gold-512x512-1.png\",\"width\":512,\"height\":512,\"caption\":\"Libairie Clavreuil\"},\"image\":{\"@id\":\"https:\/\/www.librairieclavreuil.com\/#\/schema\/logo\/image\/\"},\"sameAs\":[\"https:\/\/www.instagram.com\/librairieclavreuil\/\"]}]}<\/script>\n<!-- \/ Yoast SEO plugin. -->","yoast_head_json":{"title":"BARBEY D'AUREVILLY Jules Memoranda. Pr\u00e9face de Paul Bourget. - Libairie Clavreuil","robots":{"index":"index","follow":"follow","max-snippet":"max-snippet:-1","max-image-preview":"max-image-preview:large","max-video-preview":"max-video-preview:-1"},"canonical":"https:\/\/www.librairieclavreuil.com\/produit\/barbey-daurevilly-jules-memoranda-preface-de-paul-bourget\/","og_locale":"en_US","og_type":"article","og_title":"BARBEY D'AUREVILLY Jules Memoranda. Pr\u00e9face de Paul Bourget. - Libairie Clavreuil","og_description":"12mo (186 x 110 mm) frontispiece portrait engraved by Abot, 2 unn.l., XXVII, 152 pp. 1 nn.l.. Jansenist bronze morocco, spine with raised bands, inner large gilt roll, gilt edges, illustrated cover preserved (Chambolle-Duru).","og_url":"https:\/\/www.librairieclavreuil.com\/produit\/barbey-daurevilly-jules-memoranda-preface-de-paul-bourget\/","og_site_name":"Libairie Clavreuil","article_modified_time":"2024-06-25T15:35:30+00:00","og_image":[{"width":1308,"height":2042,"url":"https:\/\/www.librairieclavreuil.com\/wp-content\/uploads\/2024\/06\/jules-barbey-d-aurevilly-memoranda-preface-de-paul-bourget-7958-6644c3efe5442.jpg","type":"image\/jpeg"}],"twitter_card":"summary_large_image","twitter_misc":{"Est. reading time":"2 minutes"},"schema":{"@context":"https:\/\/schema.org","@graph":[{"@type":"WebPage","@id":"https:\/\/www.librairieclavreuil.com\/produit\/barbey-daurevilly-jules-memoranda-preface-de-paul-bourget\/","url":"https:\/\/www.librairieclavreuil.com\/produit\/barbey-daurevilly-jules-memoranda-preface-de-paul-bourget\/","name":"BARBEY D'AUREVILLY Jules Memoranda. Pr\u00e9face de Paul Bourget. - Libairie Clavreuil","isPartOf":{"@id":"https:\/\/www.librairieclavreuil.com\/#website"},"primaryImageOfPage":{"@id":"https:\/\/www.librairieclavreuil.com\/produit\/barbey-daurevilly-jules-memoranda-preface-de-paul-bourget\/#primaryimage"},"image":{"@id":"https:\/\/www.librairieclavreuil.com\/produit\/barbey-daurevilly-jules-memoranda-preface-de-paul-bourget\/#primaryimage"},"thumbnailUrl":"https:\/\/www.librairieclavreuil.com\/wp-content\/uploads\/2024\/06\/jules-barbey-d-aurevilly-memoranda-preface-de-paul-bourget-7958-6644c3efe5442.jpg","datePublished":"2024-06-25T15:35:17+00:00","dateModified":"2024-06-25T15:35:30+00:00","breadcrumb":{"@id":"https:\/\/www.librairieclavreuil.com\/produit\/barbey-daurevilly-jules-memoranda-preface-de-paul-bourget\/#breadcrumb"},"inLanguage":"en-US","potentialAction":[{"@type":"ReadAction","target":["https:\/\/www.librairieclavreuil.com\/produit\/barbey-daurevilly-jules-memoranda-preface-de-paul-bourget\/"]}]},{"@type":"ImageObject","inLanguage":"en-US","@id":"https:\/\/www.librairieclavreuil.com\/produit\/barbey-daurevilly-jules-memoranda-preface-de-paul-bourget\/#primaryimage","url":"https:\/\/www.librairieclavreuil.com\/wp-content\/uploads\/2024\/06\/jules-barbey-d-aurevilly-memoranda-preface-de-paul-bourget-7958-6644c3efe5442.jpg","contentUrl":"https:\/\/www.librairieclavreuil.com\/wp-content\/uploads\/2024\/06\/jules-barbey-d-aurevilly-memoranda-preface-de-paul-bourget-7958-6644c3efe5442.jpg","width":1308,"height":2042},{"@type":"BreadcrumbList","@id":"https:\/\/www.librairieclavreuil.com\/produit\/barbey-daurevilly-jules-memoranda-preface-de-paul-bourget\/#breadcrumb","itemListElement":[{"@type":"ListItem","position":1,"name":"Accueil","item":"https:\/\/www.librairieclavreuil.com\/"},{"@type":"ListItem","position":2,"name":"All our books","item":"https:\/\/www.librairieclavreuil.com\/en\/all-our-books\/"},{"@type":"ListItem","position":3,"name":"BARBEY D&rsquo;AUREVILLY Jules Memoranda. Pr\u00e9face de Paul Bourget."}]},{"@type":"WebSite","@id":"https:\/\/www.librairieclavreuil.com\/#website","url":"https:\/\/www.librairieclavreuil.com\/","name":"Libairie Clavreuil","description":"Livres anciens, manuscrits rares et \u00e9ditions originales \u2013 Librairie Clavreuil","publisher":{"@id":"https:\/\/www.librairieclavreuil.com\/#organization"},"potentialAction":[{"@type":"SearchAction","target":{"@type":"EntryPoint","urlTemplate":"https:\/\/www.librairieclavreuil.com\/?s={search_term_string}"},"query-input":{"@type":"PropertyValueSpecification","valueRequired":true,"valueName":"search_term_string"}}],"inLanguage":"en-US"},{"@type":"Organization","@id":"https:\/\/www.librairieclavreuil.com\/#organization","name":"Libairie Clavreuil","url":"https:\/\/www.librairieclavreuil.com\/","logo":{"@type":"ImageObject","inLanguage":"en-US","@id":"https:\/\/www.librairieclavreuil.com\/#\/schema\/logo\/image\/","url":"https:\/\/www.librairieclavreuil.com\/wp-content\/uploads\/2021\/06\/cropped-LOGO_PNG_DATE-_gold-512x512-1.png","contentUrl":"https:\/\/www.librairieclavreuil.com\/wp-content\/uploads\/2021\/06\/cropped-LOGO_PNG_DATE-_gold-512x512-1.png","width":512,"height":512,"caption":"Libairie Clavreuil"},"image":{"@id":"https:\/\/www.librairieclavreuil.com\/#\/schema\/logo\/image\/"},"sameAs":["https:\/\/www.instagram.com\/librairieclavreuil\/"]}]}},"jetpack_sharing_enabled":true,"_links":{"self":[{"href":"https:\/\/www.librairieclavreuil.com\/en\/wp-json\/wp\/v2\/product\/78605","targetHints":{"allow":["GET"]}}],"collection":[{"href":"https:\/\/www.librairieclavreuil.com\/en\/wp-json\/wp\/v2\/product"}],"about":[{"href":"https:\/\/www.librairieclavreuil.com\/en\/wp-json\/wp\/v2\/types\/product"}],"replies":[{"embeddable":true,"href":"https:\/\/www.librairieclavreuil.com\/en\/wp-json\/wp\/v2\/comments?post=78605"}],"wp:featuredmedia":[{"embeddable":true,"href":"https:\/\/www.librairieclavreuil.com\/en\/wp-json\/wp\/v2\/media\/78596"}],"wp:attachment":[{"href":"https:\/\/www.librairieclavreuil.com\/en\/wp-json\/wp\/v2\/media?parent=78605"}],"wp:term":[{"taxonomy":"product_brand","embeddable":true,"href":"https:\/\/www.librairieclavreuil.com\/en\/wp-json\/wp\/v2\/product_brand?post=78605"},{"taxonomy":"product_cat","embeddable":true,"href":"https:\/\/www.librairieclavreuil.com\/en\/wp-json\/wp\/v2\/product_cat?post=78605"},{"taxonomy":"product_tag","embeddable":true,"href":"https:\/\/www.librairieclavreuil.com\/en\/wp-json\/wp\/v2\/product_tag?post=78605"}],"curies":[{"name":"wp","href":"https:\/\/api.w.org\/{rel}","templated":true}]}}