{"id":78587,"date":"2024-06-25T17:34:40","date_gmt":"2024-06-25T15:34:40","guid":{"rendered":"https:\/\/www.librairieclavreuil.com\/gautier-theophile-emaux-et-camees\/"},"modified":"2025-10-03T18:03:30","modified_gmt":"2025-10-03T16:03:30","slug":"gautier-theophile-emaux-et-camees","status":"publish","type":"product","link":"https:\/\/www.librairieclavreuil.com\/en\/gautier-theophile-emaux-et-camees\/","title":{"rendered":"GAUTIER Th\u00e9ophile \u00c9maux et Cam\u00e9es."},"content":{"rendered":"<p style=\"text-align:justify\"><i>Carteret, I, 329; Clouzot, 128; Vicaire, II, 544 and III, 910.<\/i><\/p>\n<p style=\"text-align:justify\"><span style=\"font-variant:small-caps\">First edition<\/span>, \u2018in the rare publisher&#8217;s hardback, which gives it a clear added value\u2019 (Clouzot).<\/p>\n<p style=\"text-align:justify\"><i>\u00c9maux et Cam\u00e9es<\/i> was Th\u00e9ophile Gautier&#8217;s last collection. He began writing some of the pieces contained in the book in 1840. The first edition contained 18 poems, and Gautier continued to rework his volume until 1872. This definitive edition was greatly expanded, containing 53 poems.<\/p>\n<p style=\"text-align:justify\">This collection is one of the most emblematic of Parnassian poetry, and elevates Gautier to the rank of master of this movement. What mattered was beauty, \u2018art for art&#8217;s sake\u2019, as Gautier himself put it (Preface to Mademoiselle de Maupin, 1835). <i>\u00c9maux et Cam\u00e9es<\/i> is the extension and culmination of this thinking, recognised by his contemporaries such as Baudelaire, who devoted a text to him in which he praised the poet&#8217;s ability to : \u2018The search for beauty aims to establish a timeless work, and this is what Gautier advocates in the \u201cPreface\u201d to <i>\u00c9maux et Cam\u00e9es<\/i>.<\/p>\n<p style=\"text-align:justify\">The work was conceived during major social and political upheavals: the 1848 Revolution and Napoleon III&#8217;s coup d&#8217;\u00e9tat. Yet Gautier wrote: \u2018Unmindful of the hurricane that whipped my windows shut, I made \u00c9maux et Cam\u00e9es\u2019. Art is what matters.<\/p>\n<p style=\"text-align:justify\">A very fine copy.<\/p>\n<p style=\"text-align:justify\">Stamp on verso of last leaf: \u2018Saechs. Franzoes.Vertrag.1856.\u2019 This stamp shows that the work was subject to the treaty between Saxony and France on literary property promulgated on 14 June 1856. The treaty protects both countries from counterfeiting, of which Leipzig is a prime example. An inventory of Saxon booksellers&#8217; holdings was drawn up to identify unauthorised editions. Copies not bearing this stamp were liable to confiscation and destruction by both printers and booksellers-publishers.<\/p>\n","protected":false},"excerpt":{"rendered":"<p>18mo (130 x 85 mm) 2 nn.ll. (half-title, title), 106 pp., 1 nn.l. (table). Original publisher&#8217;s green buckram decorated and gilt, flat spine, gilt edges.<\/p>\n","protected":false},"featured_media":78582,"comment_status":"open","ping_status":"closed","template":"","meta":{"_acf_changed":false},"product_brand":[],"product_cat":[544],"product_tag":[598,1450],"class_list":{"0":"post-78587","1":"product","2":"type-product","3":"status-publish","4":"has-post-thumbnail","6":"product_cat-literature","7":"product_tag-19th-century-literature","8":"product_tag-first-edition","9":"pa_auteur-gautier-theophile-2","10":"pa_type-de-livre-printed-book","12":"first","13":"instock","14":"shipping-taxable","15":"purchasable","16":"product-type-simple"},"acf":{"artist":" Th\u00e9ophile GAUTIER","chapeau":"In the rare original publisher's binding","adresse_bibliographique":"Paris, Eug\u00e8ne Didier, 1852","book_type":"Printed book","provenance":"","afficher_prix":""},"yoast_head":"<!-- This site is optimized with the Yoast SEO plugin v24.7 - https:\/\/yoast.com\/wordpress\/plugins\/seo\/ -->\n<title>GAUTIER Th\u00e9ophile \u00c9maux et Cam\u00e9es. - Libairie Clavreuil<\/title>\n<meta name=\"robots\" content=\"index, follow, max-snippet:-1, max-image-preview:large, max-video-preview:-1\" \/>\n<link rel=\"canonical\" href=\"https:\/\/www.librairieclavreuil.com\/en\/gautier-theophile-emaux-et-camees\/\" \/>\n<meta property=\"og:locale\" content=\"en_US\" \/>\n<meta property=\"og:type\" content=\"article\" \/>\n<meta property=\"og:title\" content=\"GAUTIER Th\u00e9ophile \u00c9maux et Cam\u00e9es. - Libairie Clavreuil\" \/>\n<meta property=\"og:description\" content=\"18mo (130 x 85 mm) 2 nn.ll. (half-title, title), 106 pp., 1 nn.l. (table). Original publisher&#039;s green buckram decorated and gilt, flat spine, gilt edges.\" \/>\n<meta property=\"og:url\" content=\"https:\/\/www.librairieclavreuil.com\/en\/gautier-theophile-emaux-et-camees\/\" \/>\n<meta property=\"og:site_name\" content=\"Libairie Clavreuil\" \/>\n<meta property=\"article:modified_time\" content=\"2025-10-03T16:03:30+00:00\" \/>\n<meta property=\"og:image\" content=\"https:\/\/www.librairieclavreuil.com\/wp-content\/uploads\/2024\/06\/theophile-gautier-emaux-et-camees-8415-662f719ee4648-scaled.jpg\" \/>\n\t<meta property=\"og:image:width\" content=\"1981\" \/>\n\t<meta property=\"og:image:height\" content=\"2560\" \/>\n\t<meta property=\"og:image:type\" content=\"image\/jpeg\" \/>\n<meta name=\"twitter:card\" content=\"summary_large_image\" \/>\n<meta name=\"twitter:label1\" content=\"Est. reading time\" \/>\n\t<meta name=\"twitter:data1\" content=\"1 minute\" \/>\n<script type=\"application\/ld+json\" class=\"yoast-schema-graph\">{\"@context\":\"https:\/\/schema.org\",\"@graph\":[{\"@type\":\"WebPage\",\"@id\":\"https:\/\/www.librairieclavreuil.com\/en\/gautier-theophile-emaux-et-camees\/\",\"url\":\"https:\/\/www.librairieclavreuil.com\/en\/gautier-theophile-emaux-et-camees\/\",\"name\":\"GAUTIER Th\u00e9ophile \u00c9maux et Cam\u00e9es. - Libairie Clavreuil\",\"isPartOf\":{\"@id\":\"https:\/\/www.librairieclavreuil.com\/#website\"},\"primaryImageOfPage\":{\"@id\":\"https:\/\/www.librairieclavreuil.com\/en\/gautier-theophile-emaux-et-camees\/#primaryimage\"},\"image\":{\"@id\":\"https:\/\/www.librairieclavreuil.com\/en\/gautier-theophile-emaux-et-camees\/#primaryimage\"},\"thumbnailUrl\":\"https:\/\/www.librairieclavreuil.com\/wp-content\/uploads\/2024\/06\/theophile-gautier-emaux-et-camees-8415-662f719ee4648-scaled.jpg\",\"datePublished\":\"2024-06-25T15:34:40+00:00\",\"dateModified\":\"2025-10-03T16:03:30+00:00\",\"breadcrumb\":{\"@id\":\"https:\/\/www.librairieclavreuil.com\/en\/gautier-theophile-emaux-et-camees\/#breadcrumb\"},\"inLanguage\":\"en-US\",\"potentialAction\":[{\"@type\":\"ReadAction\",\"target\":[\"https:\/\/www.librairieclavreuil.com\/en\/gautier-theophile-emaux-et-camees\/\"]}]},{\"@type\":\"ImageObject\",\"inLanguage\":\"en-US\",\"@id\":\"https:\/\/www.librairieclavreuil.com\/en\/gautier-theophile-emaux-et-camees\/#primaryimage\",\"url\":\"https:\/\/www.librairieclavreuil.com\/wp-content\/uploads\/2024\/06\/theophile-gautier-emaux-et-camees-8415-662f719ee4648-scaled.jpg\",\"contentUrl\":\"https:\/\/www.librairieclavreuil.com\/wp-content\/uploads\/2024\/06\/theophile-gautier-emaux-et-camees-8415-662f719ee4648-scaled.jpg\",\"width\":1981,\"height\":2560},{\"@type\":\"BreadcrumbList\",\"@id\":\"https:\/\/www.librairieclavreuil.com\/en\/gautier-theophile-emaux-et-camees\/#breadcrumb\",\"itemListElement\":[{\"@type\":\"ListItem\",\"position\":1,\"name\":\"Accueil\",\"item\":\"https:\/\/www.librairieclavreuil.com\/\"},{\"@type\":\"ListItem\",\"position\":2,\"name\":\"All our books\",\"item\":\"https:\/\/www.librairieclavreuil.com\/en\/all-our-books\/\"},{\"@type\":\"ListItem\",\"position\":3,\"name\":\"GAUTIER Th\u00e9ophile \u00c9maux et Cam\u00e9es.\"}]},{\"@type\":\"WebSite\",\"@id\":\"https:\/\/www.librairieclavreuil.com\/#website\",\"url\":\"https:\/\/www.librairieclavreuil.com\/\",\"name\":\"Libairie Clavreuil\",\"description\":\"Livres anciens, manuscrits rares et \u00e9ditions originales \u2013 Librairie Clavreuil\",\"publisher\":{\"@id\":\"https:\/\/www.librairieclavreuil.com\/#organization\"},\"potentialAction\":[{\"@type\":\"SearchAction\",\"target\":{\"@type\":\"EntryPoint\",\"urlTemplate\":\"https:\/\/www.librairieclavreuil.com\/?s={search_term_string}\"},\"query-input\":{\"@type\":\"PropertyValueSpecification\",\"valueRequired\":true,\"valueName\":\"search_term_string\"}}],\"inLanguage\":\"en-US\"},{\"@type\":\"Organization\",\"@id\":\"https:\/\/www.librairieclavreuil.com\/#organization\",\"name\":\"Libairie Clavreuil\",\"url\":\"https:\/\/www.librairieclavreuil.com\/\",\"logo\":{\"@type\":\"ImageObject\",\"inLanguage\":\"en-US\",\"@id\":\"https:\/\/www.librairieclavreuil.com\/#\/schema\/logo\/image\/\",\"url\":\"https:\/\/www.librairieclavreuil.com\/wp-content\/uploads\/2021\/06\/cropped-LOGO_PNG_DATE-_gold-512x512-1.png\",\"contentUrl\":\"https:\/\/www.librairieclavreuil.com\/wp-content\/uploads\/2021\/06\/cropped-LOGO_PNG_DATE-_gold-512x512-1.png\",\"width\":512,\"height\":512,\"caption\":\"Libairie Clavreuil\"},\"image\":{\"@id\":\"https:\/\/www.librairieclavreuil.com\/#\/schema\/logo\/image\/\"},\"sameAs\":[\"https:\/\/www.instagram.com\/librairieclavreuil\/\"]}]}<\/script>\n<!-- \/ Yoast SEO plugin. -->","yoast_head_json":{"title":"GAUTIER Th\u00e9ophile \u00c9maux et Cam\u00e9es. - Libairie Clavreuil","robots":{"index":"index","follow":"follow","max-snippet":"max-snippet:-1","max-image-preview":"max-image-preview:large","max-video-preview":"max-video-preview:-1"},"canonical":"https:\/\/www.librairieclavreuil.com\/en\/gautier-theophile-emaux-et-camees\/","og_locale":"en_US","og_type":"article","og_title":"GAUTIER Th\u00e9ophile \u00c9maux et Cam\u00e9es. - Libairie Clavreuil","og_description":"18mo (130 x 85 mm) 2 nn.ll. (half-title, title), 106 pp., 1 nn.l. (table). Original publisher's green buckram decorated and gilt, flat spine, gilt edges.","og_url":"https:\/\/www.librairieclavreuil.com\/en\/gautier-theophile-emaux-et-camees\/","og_site_name":"Libairie Clavreuil","article_modified_time":"2025-10-03T16:03:30+00:00","og_image":[{"width":1981,"height":2560,"url":"https:\/\/www.librairieclavreuil.com\/wp-content\/uploads\/2024\/06\/theophile-gautier-emaux-et-camees-8415-662f719ee4648-scaled.jpg","type":"image\/jpeg"}],"twitter_card":"summary_large_image","twitter_misc":{"Est. reading time":"1 minute"},"schema":{"@context":"https:\/\/schema.org","@graph":[{"@type":"WebPage","@id":"https:\/\/www.librairieclavreuil.com\/en\/gautier-theophile-emaux-et-camees\/","url":"https:\/\/www.librairieclavreuil.com\/en\/gautier-theophile-emaux-et-camees\/","name":"GAUTIER Th\u00e9ophile \u00c9maux et Cam\u00e9es. - Libairie Clavreuil","isPartOf":{"@id":"https:\/\/www.librairieclavreuil.com\/#website"},"primaryImageOfPage":{"@id":"https:\/\/www.librairieclavreuil.com\/en\/gautier-theophile-emaux-et-camees\/#primaryimage"},"image":{"@id":"https:\/\/www.librairieclavreuil.com\/en\/gautier-theophile-emaux-et-camees\/#primaryimage"},"thumbnailUrl":"https:\/\/www.librairieclavreuil.com\/wp-content\/uploads\/2024\/06\/theophile-gautier-emaux-et-camees-8415-662f719ee4648-scaled.jpg","datePublished":"2024-06-25T15:34:40+00:00","dateModified":"2025-10-03T16:03:30+00:00","breadcrumb":{"@id":"https:\/\/www.librairieclavreuil.com\/en\/gautier-theophile-emaux-et-camees\/#breadcrumb"},"inLanguage":"en-US","potentialAction":[{"@type":"ReadAction","target":["https:\/\/www.librairieclavreuil.com\/en\/gautier-theophile-emaux-et-camees\/"]}]},{"@type":"ImageObject","inLanguage":"en-US","@id":"https:\/\/www.librairieclavreuil.com\/en\/gautier-theophile-emaux-et-camees\/#primaryimage","url":"https:\/\/www.librairieclavreuil.com\/wp-content\/uploads\/2024\/06\/theophile-gautier-emaux-et-camees-8415-662f719ee4648-scaled.jpg","contentUrl":"https:\/\/www.librairieclavreuil.com\/wp-content\/uploads\/2024\/06\/theophile-gautier-emaux-et-camees-8415-662f719ee4648-scaled.jpg","width":1981,"height":2560},{"@type":"BreadcrumbList","@id":"https:\/\/www.librairieclavreuil.com\/en\/gautier-theophile-emaux-et-camees\/#breadcrumb","itemListElement":[{"@type":"ListItem","position":1,"name":"Accueil","item":"https:\/\/www.librairieclavreuil.com\/"},{"@type":"ListItem","position":2,"name":"All our books","item":"https:\/\/www.librairieclavreuil.com\/en\/all-our-books\/"},{"@type":"ListItem","position":3,"name":"GAUTIER Th\u00e9ophile \u00c9maux et Cam\u00e9es."}]},{"@type":"WebSite","@id":"https:\/\/www.librairieclavreuil.com\/#website","url":"https:\/\/www.librairieclavreuil.com\/","name":"Libairie Clavreuil","description":"Livres anciens, manuscrits rares et \u00e9ditions originales \u2013 Librairie Clavreuil","publisher":{"@id":"https:\/\/www.librairieclavreuil.com\/#organization"},"potentialAction":[{"@type":"SearchAction","target":{"@type":"EntryPoint","urlTemplate":"https:\/\/www.librairieclavreuil.com\/?s={search_term_string}"},"query-input":{"@type":"PropertyValueSpecification","valueRequired":true,"valueName":"search_term_string"}}],"inLanguage":"en-US"},{"@type":"Organization","@id":"https:\/\/www.librairieclavreuil.com\/#organization","name":"Libairie Clavreuil","url":"https:\/\/www.librairieclavreuil.com\/","logo":{"@type":"ImageObject","inLanguage":"en-US","@id":"https:\/\/www.librairieclavreuil.com\/#\/schema\/logo\/image\/","url":"https:\/\/www.librairieclavreuil.com\/wp-content\/uploads\/2021\/06\/cropped-LOGO_PNG_DATE-_gold-512x512-1.png","contentUrl":"https:\/\/www.librairieclavreuil.com\/wp-content\/uploads\/2021\/06\/cropped-LOGO_PNG_DATE-_gold-512x512-1.png","width":512,"height":512,"caption":"Libairie Clavreuil"},"image":{"@id":"https:\/\/www.librairieclavreuil.com\/#\/schema\/logo\/image\/"},"sameAs":["https:\/\/www.instagram.com\/librairieclavreuil\/"]}]}},"jetpack_sharing_enabled":true,"_links":{"self":[{"href":"https:\/\/www.librairieclavreuil.com\/en\/wp-json\/wp\/v2\/product\/78587","targetHints":{"allow":["GET"]}}],"collection":[{"href":"https:\/\/www.librairieclavreuil.com\/en\/wp-json\/wp\/v2\/product"}],"about":[{"href":"https:\/\/www.librairieclavreuil.com\/en\/wp-json\/wp\/v2\/types\/product"}],"replies":[{"embeddable":true,"href":"https:\/\/www.librairieclavreuil.com\/en\/wp-json\/wp\/v2\/comments?post=78587"}],"wp:featuredmedia":[{"embeddable":true,"href":"https:\/\/www.librairieclavreuil.com\/en\/wp-json\/wp\/v2\/media\/78582"}],"wp:attachment":[{"href":"https:\/\/www.librairieclavreuil.com\/en\/wp-json\/wp\/v2\/media?parent=78587"}],"wp:term":[{"taxonomy":"product_brand","embeddable":true,"href":"https:\/\/www.librairieclavreuil.com\/en\/wp-json\/wp\/v2\/product_brand?post=78587"},{"taxonomy":"product_cat","embeddable":true,"href":"https:\/\/www.librairieclavreuil.com\/en\/wp-json\/wp\/v2\/product_cat?post=78587"},{"taxonomy":"product_tag","embeddable":true,"href":"https:\/\/www.librairieclavreuil.com\/en\/wp-json\/wp\/v2\/product_tag?post=78587"}],"curies":[{"name":"wp","href":"https:\/\/api.w.org\/{rel}","templated":true}]}}