{"id":78573,"date":"2024-06-21T19:03:17","date_gmt":"2024-06-21T17:03:17","guid":{"rendered":"https:\/\/www.librairieclavreuil.com\/moliere-jean-baptiste-poquelin-dit-psiche-tragi-comedie-et-ballet-danse-devant-sa-majeste-au-mois-de-janvier-1671\/"},"modified":"2024-06-21T19:03:24","modified_gmt":"2024-06-21T17:03:24","slug":"moliere-jean-baptiste-poquelin-dit-psiche-tragi-comedie-et-ballet-danse-devant-sa-majeste-au-mois-de-janvier-1671","status":"publish","type":"product","link":"https:\/\/www.librairieclavreuil.com\/en\/moliere-jean-baptiste-poquelin-dit-psiche-tragi-comedie-et-ballet-danse-devant-sa-majeste-au-mois-de-janvier-1671\/","title":{"rendered":"MOLIERE Jean-Baptiste Poquelin dit Psich\u00e9. Tragi-com\u00e9die, et ballet...."},"content":{"rendered":"<p style=\"text-align:justify\"><i>Tchemerzine-Scheler, IV, 814a ; Guibert,476:1 ; Lacroix, 202 ; Brunet, III, 1807;&nbsp;La Valli\u00e8re, Ballets, p. 84; Malkin, Dancing by the Book, 107.20.<\/i><\/p>\n<p style=\"text-align:justify\"><span style=\"font-variant:small-caps\">First edition of the libretto for <\/span><i><span style=\"font-variant:small-caps\">Psich\u00e9<\/span><\/i><span style=\"font-variant:small-caps\">.<\/span><\/p>\n<p style=\"text-align:justify\">It contains \u2018the lyrics of the ballet, which are by Quinault, with the exception of those of the first interlude, attributed to Lully, and probably due to the collaboration of Moli\u00e8re\u2019 (see Lacroix).<\/p>\n<p style=\"text-align:justify\">&#8220;Among the most lavish of the latter ballets fiven at court, with over 200 performers (including 55 dancers) listed in the livret. <i>Psich\u00e9<\/i> marked the end of the collaboration between Moli\u00e8re and Lully&#8221; (Malkin)<\/p>\n<p style=\"text-align:justify\">A good copy.<\/p>\n","protected":false},"excerpt":{"rendered":"<p style=\"text-align:justify\">4to (222 x 167 mm) 43 pp. Modern flexible marbled boards, bound in style.<\/p>\n","protected":false},"featured_media":78570,"comment_status":"open","ping_status":"closed","template":"","meta":{"_acf_changed":false},"product_brand":[],"product_cat":[544],"product_tag":[1257,1450],"class_list":{"0":"post-78573","1":"product","2":"type-product","3":"status-publish","4":"has-post-thumbnail","6":"product_cat-literature","7":"product_tag-dance","8":"product_tag-first-edition","9":"pa_auteur-moliere-jean-baptiste-poquelin-dit-2","10":"pa_type-de-livre-printed-book","12":"first","13":"instock","14":"shipping-taxable","15":"purchasable","16":"product-type-simple"},"acf":{"artist":"Jean-Baptiste Poquelin dit MOLIERE","chapeau":"","adresse_bibliographique":"Paris, Robert Ballard, 1671","book_type":"Printed book","provenance":"","afficher_prix":""},"yoast_head":"<!-- This site is optimized with the Yoast SEO plugin v24.7 - https:\/\/yoast.com\/wordpress\/plugins\/seo\/ -->\n<title>MOLIERE Jean-Baptiste Poquelin dit Psich\u00e9. Tragi-com\u00e9die, et ballet. Dans\u00e9 devant sa majest\u00e9 au mois de janvier 1671. - Libairie Clavreuil<\/title>\n<meta name=\"robots\" content=\"index, follow, max-snippet:-1, max-image-preview:large, max-video-preview:-1\" \/>\n<link rel=\"canonical\" href=\"https:\/\/www.librairieclavreuil.com\/produit\/moliere-jean-baptiste-poquelin-dit-psiche-tragi-comedie-et-ballet-danse-devant-sa-majeste-au-mois-de-janvier-1671\/\" \/>\n<meta property=\"og:locale\" content=\"en_US\" \/>\n<meta property=\"og:type\" content=\"article\" \/>\n<meta property=\"og:title\" content=\"MOLIERE Jean-Baptiste Poquelin dit Psich\u00e9. Tragi-com\u00e9die, et ballet. Dans\u00e9 devant sa majest\u00e9 au mois de janvier 1671. - Libairie Clavreuil\" \/>\n<meta property=\"og:description\" content=\"4to (222 x 167 mm) 43 pp. Modern flexible marbled boards, bound in style.\" \/>\n<meta property=\"og:url\" content=\"https:\/\/www.librairieclavreuil.com\/produit\/moliere-jean-baptiste-poquelin-dit-psiche-tragi-comedie-et-ballet-danse-devant-sa-majeste-au-mois-de-janvier-1671\/\" \/>\n<meta property=\"og:site_name\" content=\"Libairie Clavreuil\" \/>\n<meta property=\"article:modified_time\" content=\"2024-06-21T17:03:24+00:00\" \/>\n<meta property=\"og:image\" content=\"https:\/\/www.librairieclavreuil.com\/wp-content\/uploads\/2024\/06\/moliere-psiche-tragi-comedie-et-ballet-danse-devant-sa-majeste-au-mois-de-janvier-1671-8467-6648b9703544f-scaled.jpg\" \/>\n\t<meta property=\"og:image:width\" content=\"1917\" \/>\n\t<meta property=\"og:image:height\" content=\"2560\" \/>\n\t<meta property=\"og:image:type\" content=\"image\/jpeg\" \/>\n<meta name=\"twitter:card\" content=\"summary_large_image\" \/>\n<script type=\"application\/ld+json\" class=\"yoast-schema-graph\">{\"@context\":\"https:\/\/schema.org\",\"@graph\":[{\"@type\":\"WebPage\",\"@id\":\"https:\/\/www.librairieclavreuil.com\/produit\/moliere-jean-baptiste-poquelin-dit-psiche-tragi-comedie-et-ballet-danse-devant-sa-majeste-au-mois-de-janvier-1671\/\",\"url\":\"https:\/\/www.librairieclavreuil.com\/produit\/moliere-jean-baptiste-poquelin-dit-psiche-tragi-comedie-et-ballet-danse-devant-sa-majeste-au-mois-de-janvier-1671\/\",\"name\":\"MOLIERE Jean-Baptiste Poquelin dit Psich\u00e9. Tragi-com\u00e9die, et ballet. Dans\u00e9 devant sa majest\u00e9 au mois de janvier 1671. - Libairie Clavreuil\",\"isPartOf\":{\"@id\":\"https:\/\/www.librairieclavreuil.com\/#website\"},\"primaryImageOfPage\":{\"@id\":\"https:\/\/www.librairieclavreuil.com\/produit\/moliere-jean-baptiste-poquelin-dit-psiche-tragi-comedie-et-ballet-danse-devant-sa-majeste-au-mois-de-janvier-1671\/#primaryimage\"},\"image\":{\"@id\":\"https:\/\/www.librairieclavreuil.com\/produit\/moliere-jean-baptiste-poquelin-dit-psiche-tragi-comedie-et-ballet-danse-devant-sa-majeste-au-mois-de-janvier-1671\/#primaryimage\"},\"thumbnailUrl\":\"https:\/\/www.librairieclavreuil.com\/wp-content\/uploads\/2024\/06\/moliere-psiche-tragi-comedie-et-ballet-danse-devant-sa-majeste-au-mois-de-janvier-1671-8467-6648b9703544f-scaled.jpg\",\"datePublished\":\"2024-06-21T17:03:17+00:00\",\"dateModified\":\"2024-06-21T17:03:24+00:00\",\"breadcrumb\":{\"@id\":\"https:\/\/www.librairieclavreuil.com\/produit\/moliere-jean-baptiste-poquelin-dit-psiche-tragi-comedie-et-ballet-danse-devant-sa-majeste-au-mois-de-janvier-1671\/#breadcrumb\"},\"inLanguage\":\"en-US\",\"potentialAction\":[{\"@type\":\"ReadAction\",\"target\":[\"https:\/\/www.librairieclavreuil.com\/produit\/moliere-jean-baptiste-poquelin-dit-psiche-tragi-comedie-et-ballet-danse-devant-sa-majeste-au-mois-de-janvier-1671\/\"]}]},{\"@type\":\"ImageObject\",\"inLanguage\":\"en-US\",\"@id\":\"https:\/\/www.librairieclavreuil.com\/produit\/moliere-jean-baptiste-poquelin-dit-psiche-tragi-comedie-et-ballet-danse-devant-sa-majeste-au-mois-de-janvier-1671\/#primaryimage\",\"url\":\"https:\/\/www.librairieclavreuil.com\/wp-content\/uploads\/2024\/06\/moliere-psiche-tragi-comedie-et-ballet-danse-devant-sa-majeste-au-mois-de-janvier-1671-8467-6648b9703544f-scaled.jpg\",\"contentUrl\":\"https:\/\/www.librairieclavreuil.com\/wp-content\/uploads\/2024\/06\/moliere-psiche-tragi-comedie-et-ballet-danse-devant-sa-majeste-au-mois-de-janvier-1671-8467-6648b9703544f-scaled.jpg\",\"width\":1917,\"height\":2560},{\"@type\":\"BreadcrumbList\",\"@id\":\"https:\/\/www.librairieclavreuil.com\/produit\/moliere-jean-baptiste-poquelin-dit-psiche-tragi-comedie-et-ballet-danse-devant-sa-majeste-au-mois-de-janvier-1671\/#breadcrumb\",\"itemListElement\":[{\"@type\":\"ListItem\",\"position\":1,\"name\":\"Accueil\",\"item\":\"https:\/\/www.librairieclavreuil.com\/\"},{\"@type\":\"ListItem\",\"position\":2,\"name\":\"All our books\",\"item\":\"https:\/\/www.librairieclavreuil.com\/en\/all-our-books\/\"},{\"@type\":\"ListItem\",\"position\":3,\"name\":\"MOLIERE Jean-Baptiste Poquelin dit Psich\u00e9. Tragi-com\u00e9die, et ballet....\"}]},{\"@type\":\"WebSite\",\"@id\":\"https:\/\/www.librairieclavreuil.com\/#website\",\"url\":\"https:\/\/www.librairieclavreuil.com\/\",\"name\":\"Libairie Clavreuil\",\"description\":\"Livres anciens, manuscrits rares et \u00e9ditions originales \u2013 Librairie Clavreuil\",\"publisher\":{\"@id\":\"https:\/\/www.librairieclavreuil.com\/#organization\"},\"potentialAction\":[{\"@type\":\"SearchAction\",\"target\":{\"@type\":\"EntryPoint\",\"urlTemplate\":\"https:\/\/www.librairieclavreuil.com\/?s={search_term_string}\"},\"query-input\":{\"@type\":\"PropertyValueSpecification\",\"valueRequired\":true,\"valueName\":\"search_term_string\"}}],\"inLanguage\":\"en-US\"},{\"@type\":\"Organization\",\"@id\":\"https:\/\/www.librairieclavreuil.com\/#organization\",\"name\":\"Libairie Clavreuil\",\"url\":\"https:\/\/www.librairieclavreuil.com\/\",\"logo\":{\"@type\":\"ImageObject\",\"inLanguage\":\"en-US\",\"@id\":\"https:\/\/www.librairieclavreuil.com\/#\/schema\/logo\/image\/\",\"url\":\"https:\/\/www.librairieclavreuil.com\/wp-content\/uploads\/2021\/06\/cropped-LOGO_PNG_DATE-_gold-512x512-1.png\",\"contentUrl\":\"https:\/\/www.librairieclavreuil.com\/wp-content\/uploads\/2021\/06\/cropped-LOGO_PNG_DATE-_gold-512x512-1.png\",\"width\":512,\"height\":512,\"caption\":\"Libairie Clavreuil\"},\"image\":{\"@id\":\"https:\/\/www.librairieclavreuil.com\/#\/schema\/logo\/image\/\"},\"sameAs\":[\"https:\/\/www.instagram.com\/librairieclavreuil\/\"]}]}<\/script>\n<!-- \/ Yoast SEO plugin. -->","yoast_head_json":{"title":"MOLIERE Jean-Baptiste Poquelin dit Psich\u00e9. Tragi-com\u00e9die, et ballet. Dans\u00e9 devant sa majest\u00e9 au mois de janvier 1671. - Libairie Clavreuil","robots":{"index":"index","follow":"follow","max-snippet":"max-snippet:-1","max-image-preview":"max-image-preview:large","max-video-preview":"max-video-preview:-1"},"canonical":"https:\/\/www.librairieclavreuil.com\/produit\/moliere-jean-baptiste-poquelin-dit-psiche-tragi-comedie-et-ballet-danse-devant-sa-majeste-au-mois-de-janvier-1671\/","og_locale":"en_US","og_type":"article","og_title":"MOLIERE Jean-Baptiste Poquelin dit Psich\u00e9. Tragi-com\u00e9die, et ballet. Dans\u00e9 devant sa majest\u00e9 au mois de janvier 1671. - Libairie Clavreuil","og_description":"4to (222 x 167 mm) 43 pp. Modern flexible marbled boards, bound in style.","og_url":"https:\/\/www.librairieclavreuil.com\/produit\/moliere-jean-baptiste-poquelin-dit-psiche-tragi-comedie-et-ballet-danse-devant-sa-majeste-au-mois-de-janvier-1671\/","og_site_name":"Libairie Clavreuil","article_modified_time":"2024-06-21T17:03:24+00:00","og_image":[{"width":1917,"height":2560,"url":"https:\/\/www.librairieclavreuil.com\/wp-content\/uploads\/2024\/06\/moliere-psiche-tragi-comedie-et-ballet-danse-devant-sa-majeste-au-mois-de-janvier-1671-8467-6648b9703544f-scaled.jpg","type":"image\/jpeg"}],"twitter_card":"summary_large_image","schema":{"@context":"https:\/\/schema.org","@graph":[{"@type":"WebPage","@id":"https:\/\/www.librairieclavreuil.com\/produit\/moliere-jean-baptiste-poquelin-dit-psiche-tragi-comedie-et-ballet-danse-devant-sa-majeste-au-mois-de-janvier-1671\/","url":"https:\/\/www.librairieclavreuil.com\/produit\/moliere-jean-baptiste-poquelin-dit-psiche-tragi-comedie-et-ballet-danse-devant-sa-majeste-au-mois-de-janvier-1671\/","name":"MOLIERE Jean-Baptiste Poquelin dit Psich\u00e9. Tragi-com\u00e9die, et ballet. Dans\u00e9 devant sa majest\u00e9 au mois de janvier 1671. - Libairie Clavreuil","isPartOf":{"@id":"https:\/\/www.librairieclavreuil.com\/#website"},"primaryImageOfPage":{"@id":"https:\/\/www.librairieclavreuil.com\/produit\/moliere-jean-baptiste-poquelin-dit-psiche-tragi-comedie-et-ballet-danse-devant-sa-majeste-au-mois-de-janvier-1671\/#primaryimage"},"image":{"@id":"https:\/\/www.librairieclavreuil.com\/produit\/moliere-jean-baptiste-poquelin-dit-psiche-tragi-comedie-et-ballet-danse-devant-sa-majeste-au-mois-de-janvier-1671\/#primaryimage"},"thumbnailUrl":"https:\/\/www.librairieclavreuil.com\/wp-content\/uploads\/2024\/06\/moliere-psiche-tragi-comedie-et-ballet-danse-devant-sa-majeste-au-mois-de-janvier-1671-8467-6648b9703544f-scaled.jpg","datePublished":"2024-06-21T17:03:17+00:00","dateModified":"2024-06-21T17:03:24+00:00","breadcrumb":{"@id":"https:\/\/www.librairieclavreuil.com\/produit\/moliere-jean-baptiste-poquelin-dit-psiche-tragi-comedie-et-ballet-danse-devant-sa-majeste-au-mois-de-janvier-1671\/#breadcrumb"},"inLanguage":"en-US","potentialAction":[{"@type":"ReadAction","target":["https:\/\/www.librairieclavreuil.com\/produit\/moliere-jean-baptiste-poquelin-dit-psiche-tragi-comedie-et-ballet-danse-devant-sa-majeste-au-mois-de-janvier-1671\/"]}]},{"@type":"ImageObject","inLanguage":"en-US","@id":"https:\/\/www.librairieclavreuil.com\/produit\/moliere-jean-baptiste-poquelin-dit-psiche-tragi-comedie-et-ballet-danse-devant-sa-majeste-au-mois-de-janvier-1671\/#primaryimage","url":"https:\/\/www.librairieclavreuil.com\/wp-content\/uploads\/2024\/06\/moliere-psiche-tragi-comedie-et-ballet-danse-devant-sa-majeste-au-mois-de-janvier-1671-8467-6648b9703544f-scaled.jpg","contentUrl":"https:\/\/www.librairieclavreuil.com\/wp-content\/uploads\/2024\/06\/moliere-psiche-tragi-comedie-et-ballet-danse-devant-sa-majeste-au-mois-de-janvier-1671-8467-6648b9703544f-scaled.jpg","width":1917,"height":2560},{"@type":"BreadcrumbList","@id":"https:\/\/www.librairieclavreuil.com\/produit\/moliere-jean-baptiste-poquelin-dit-psiche-tragi-comedie-et-ballet-danse-devant-sa-majeste-au-mois-de-janvier-1671\/#breadcrumb","itemListElement":[{"@type":"ListItem","position":1,"name":"Accueil","item":"https:\/\/www.librairieclavreuil.com\/"},{"@type":"ListItem","position":2,"name":"All our books","item":"https:\/\/www.librairieclavreuil.com\/en\/all-our-books\/"},{"@type":"ListItem","position":3,"name":"MOLIERE Jean-Baptiste Poquelin dit Psich\u00e9. Tragi-com\u00e9die, et ballet...."}]},{"@type":"WebSite","@id":"https:\/\/www.librairieclavreuil.com\/#website","url":"https:\/\/www.librairieclavreuil.com\/","name":"Libairie Clavreuil","description":"Livres anciens, manuscrits rares et \u00e9ditions originales \u2013 Librairie Clavreuil","publisher":{"@id":"https:\/\/www.librairieclavreuil.com\/#organization"},"potentialAction":[{"@type":"SearchAction","target":{"@type":"EntryPoint","urlTemplate":"https:\/\/www.librairieclavreuil.com\/?s={search_term_string}"},"query-input":{"@type":"PropertyValueSpecification","valueRequired":true,"valueName":"search_term_string"}}],"inLanguage":"en-US"},{"@type":"Organization","@id":"https:\/\/www.librairieclavreuil.com\/#organization","name":"Libairie Clavreuil","url":"https:\/\/www.librairieclavreuil.com\/","logo":{"@type":"ImageObject","inLanguage":"en-US","@id":"https:\/\/www.librairieclavreuil.com\/#\/schema\/logo\/image\/","url":"https:\/\/www.librairieclavreuil.com\/wp-content\/uploads\/2021\/06\/cropped-LOGO_PNG_DATE-_gold-512x512-1.png","contentUrl":"https:\/\/www.librairieclavreuil.com\/wp-content\/uploads\/2021\/06\/cropped-LOGO_PNG_DATE-_gold-512x512-1.png","width":512,"height":512,"caption":"Libairie Clavreuil"},"image":{"@id":"https:\/\/www.librairieclavreuil.com\/#\/schema\/logo\/image\/"},"sameAs":["https:\/\/www.instagram.com\/librairieclavreuil\/"]}]}},"jetpack_sharing_enabled":true,"_links":{"self":[{"href":"https:\/\/www.librairieclavreuil.com\/en\/wp-json\/wp\/v2\/product\/78573","targetHints":{"allow":["GET"]}}],"collection":[{"href":"https:\/\/www.librairieclavreuil.com\/en\/wp-json\/wp\/v2\/product"}],"about":[{"href":"https:\/\/www.librairieclavreuil.com\/en\/wp-json\/wp\/v2\/types\/product"}],"replies":[{"embeddable":true,"href":"https:\/\/www.librairieclavreuil.com\/en\/wp-json\/wp\/v2\/comments?post=78573"}],"wp:featuredmedia":[{"embeddable":true,"href":"https:\/\/www.librairieclavreuil.com\/en\/wp-json\/wp\/v2\/media\/78570"}],"wp:attachment":[{"href":"https:\/\/www.librairieclavreuil.com\/en\/wp-json\/wp\/v2\/media?parent=78573"}],"wp:term":[{"taxonomy":"product_brand","embeddable":true,"href":"https:\/\/www.librairieclavreuil.com\/en\/wp-json\/wp\/v2\/product_brand?post=78573"},{"taxonomy":"product_cat","embeddable":true,"href":"https:\/\/www.librairieclavreuil.com\/en\/wp-json\/wp\/v2\/product_cat?post=78573"},{"taxonomy":"product_tag","embeddable":true,"href":"https:\/\/www.librairieclavreuil.com\/en\/wp-json\/wp\/v2\/product_tag?post=78573"}],"curies":[{"name":"wp","href":"https:\/\/api.w.org\/{rel}","templated":true}]}}