{"id":78569,"date":"2024-06-21T18:51:20","date_gmt":"2024-06-21T16:51:20","guid":{"rendered":"https:\/\/www.librairieclavreuil.com\/mesmer-franz-anton-memoire-sur-la-decouverte-du-magnetisme-animal\/"},"modified":"2024-06-21T18:51:32","modified_gmt":"2024-06-21T16:51:32","slug":"mesmer-franz-anton-memoire-sur-la-decouverte-du-magnetisme-animal","status":"publish","type":"product","link":"https:\/\/www.librairieclavreuil.com\/en\/mesmer-franz-anton-memoire-sur-la-decouverte-du-magnetisme-animal\/","title":{"rendered":"MESMER Franz Anton M\u00e9moire sur la d\u00e9couverte du..."},"content":{"rendered":"<p><i>Garrison-Morton, 4992.1; PMM, 225; Norman, 100 books famous in medicine, 47; Norman cat. M-4; D.S.B., IX, pp.3265-28; Heirs of Hippocrates, 1013; En fran\u00e7ais dans le texte, 171.<\/i><\/p>\n<p style=\"text-align:justify\"><span style=\"font-variant:small-caps\">First edition.<\/span><\/p>\n<p style=\"text-align:justify\">&#8220;The manifesto of natural magnetism. On the eve of the French Revolution, Mesmer captured the imagination of the Parisian public with his remarkable ability to effect cures by throwing patients into &#8216;mesmeric&#8217; trances, and with his philosophical system aimed at creating a more perfect human society through harmony with the physical universe. As much a social movement as a medical practice, mesmerism spread quickly through Europe and America, and became such a mania in pre-Revolutionary France that between 1779 and 1779 more literature was generated on mesmerism than on any other single topic&#8221; (Norman).<\/p>\n<p>&#8220;Du somnambulisme provoqu\u00e9 \u00e0 l&#8217;hypnose et \u00e0 la psychanalyse, l&#8217;exp\u00e9rience contemporaine de la psychiatrie dynamique, la d\u00e9couverte de l&#8217;inconscient et la gu\u00e9rison par l&#8217;esprit trouvent leur origine dans l&#8217;audace autoritaire et maladroite des intuitions du pr\u00e9curseur Mesmer&#8221; (En Fran\u00e7ais dans le texte).<\/p>\n","protected":false},"excerpt":{"rendered":"<p>12mo (178 x 113 mm) half-title, VI, 85 pp., last leaf blank. Stitched, modern wrappers.<\/p>\n","protected":false},"featured_media":78564,"comment_status":"open","ping_status":"closed","template":"","meta":{"_acf_changed":false},"product_brand":[],"product_cat":[550],"product_tag":[1313,1233,1311],"class_list":{"0":"post-78569","1":"product","2":"type-product","3":"status-publish","4":"has-post-thumbnail","6":"product_cat-science","7":"product_tag-magnetism","8":"product_tag-pmm-2","9":"product_tag-psychoanalysis","10":"pa_auteur-mesmer-franz-anton-2","11":"pa_type-de-livre-printed-book","13":"first","14":"outofstock","15":"shipping-taxable","16":"purchasable","17":"product-type-simple"},"acf":{"artist":"Franz Anton MESMER","chapeau":"The manifesto of natural  magnetism (Norman)","adresse_bibliographique":"Gen\u00e8ve, et se trouve \u00e0 Paris, chez P. Fr. Didot le jeune, 1779","book_type":"Printed book","provenance":"","afficher_prix":""},"yoast_head":"<!-- This site is optimized with the Yoast SEO plugin v24.7 - https:\/\/yoast.com\/wordpress\/plugins\/seo\/ -->\n<title>MESMER Franz Anton M\u00e9moire sur la d\u00e9couverte du magn\u00e9tisme animal. - Libairie Clavreuil<\/title>\n<meta name=\"robots\" content=\"index, follow, max-snippet:-1, max-image-preview:large, max-video-preview:-1\" \/>\n<link rel=\"canonical\" href=\"https:\/\/www.librairieclavreuil.com\/produit\/mesmer-franz-anton-memoire-sur-la-decouverte-du-magnetisme-animal\/\" \/>\n<meta property=\"og:locale\" content=\"en_US\" \/>\n<meta property=\"og:type\" content=\"article\" \/>\n<meta property=\"og:title\" content=\"MESMER Franz Anton M\u00e9moire sur la d\u00e9couverte du magn\u00e9tisme animal. - Libairie Clavreuil\" \/>\n<meta property=\"og:description\" content=\"12mo (178 x 113 mm) half-title, VI, 85 pp., last leaf blank. Stitched, modern wrappers.\" \/>\n<meta property=\"og:url\" content=\"https:\/\/www.librairieclavreuil.com\/produit\/mesmer-franz-anton-memoire-sur-la-decouverte-du-magnetisme-animal\/\" \/>\n<meta property=\"og:site_name\" content=\"Libairie Clavreuil\" \/>\n<meta property=\"article:modified_time\" content=\"2024-06-21T16:51:32+00:00\" \/>\n<meta property=\"og:image\" content=\"https:\/\/www.librairieclavreuil.com\/wp-content\/uploads\/2024\/06\/franz-anton-mesmer-memoire-sur-la-decouverte-du-magnetisme-animal-3925-66046dba39796-scaled.jpg\" \/>\n\t<meta property=\"og:image:width\" content=\"1505\" \/>\n\t<meta property=\"og:image:height\" content=\"2560\" \/>\n\t<meta property=\"og:image:type\" content=\"image\/jpeg\" \/>\n<meta name=\"twitter:card\" content=\"summary_large_image\" \/>\n<meta name=\"twitter:label1\" content=\"Est. reading time\" \/>\n\t<meta name=\"twitter:data1\" content=\"1 minute\" \/>\n<script type=\"application\/ld+json\" class=\"yoast-schema-graph\">{\"@context\":\"https:\/\/schema.org\",\"@graph\":[{\"@type\":\"WebPage\",\"@id\":\"https:\/\/www.librairieclavreuil.com\/produit\/mesmer-franz-anton-memoire-sur-la-decouverte-du-magnetisme-animal\/\",\"url\":\"https:\/\/www.librairieclavreuil.com\/produit\/mesmer-franz-anton-memoire-sur-la-decouverte-du-magnetisme-animal\/\",\"name\":\"MESMER Franz Anton M\u00e9moire sur la d\u00e9couverte du magn\u00e9tisme animal. - Libairie Clavreuil\",\"isPartOf\":{\"@id\":\"https:\/\/www.librairieclavreuil.com\/#website\"},\"primaryImageOfPage\":{\"@id\":\"https:\/\/www.librairieclavreuil.com\/produit\/mesmer-franz-anton-memoire-sur-la-decouverte-du-magnetisme-animal\/#primaryimage\"},\"image\":{\"@id\":\"https:\/\/www.librairieclavreuil.com\/produit\/mesmer-franz-anton-memoire-sur-la-decouverte-du-magnetisme-animal\/#primaryimage\"},\"thumbnailUrl\":\"https:\/\/www.librairieclavreuil.com\/wp-content\/uploads\/2024\/06\/franz-anton-mesmer-memoire-sur-la-decouverte-du-magnetisme-animal-3925-66046dba39796-scaled.jpg\",\"datePublished\":\"2024-06-21T16:51:20+00:00\",\"dateModified\":\"2024-06-21T16:51:32+00:00\",\"breadcrumb\":{\"@id\":\"https:\/\/www.librairieclavreuil.com\/produit\/mesmer-franz-anton-memoire-sur-la-decouverte-du-magnetisme-animal\/#breadcrumb\"},\"inLanguage\":\"en-US\",\"potentialAction\":[{\"@type\":\"ReadAction\",\"target\":[\"https:\/\/www.librairieclavreuil.com\/produit\/mesmer-franz-anton-memoire-sur-la-decouverte-du-magnetisme-animal\/\"]}]},{\"@type\":\"ImageObject\",\"inLanguage\":\"en-US\",\"@id\":\"https:\/\/www.librairieclavreuil.com\/produit\/mesmer-franz-anton-memoire-sur-la-decouverte-du-magnetisme-animal\/#primaryimage\",\"url\":\"https:\/\/www.librairieclavreuil.com\/wp-content\/uploads\/2024\/06\/franz-anton-mesmer-memoire-sur-la-decouverte-du-magnetisme-animal-3925-66046dba39796-scaled.jpg\",\"contentUrl\":\"https:\/\/www.librairieclavreuil.com\/wp-content\/uploads\/2024\/06\/franz-anton-mesmer-memoire-sur-la-decouverte-du-magnetisme-animal-3925-66046dba39796-scaled.jpg\",\"width\":1505,\"height\":2560},{\"@type\":\"BreadcrumbList\",\"@id\":\"https:\/\/www.librairieclavreuil.com\/produit\/mesmer-franz-anton-memoire-sur-la-decouverte-du-magnetisme-animal\/#breadcrumb\",\"itemListElement\":[{\"@type\":\"ListItem\",\"position\":1,\"name\":\"Accueil\",\"item\":\"https:\/\/www.librairieclavreuil.com\/\"},{\"@type\":\"ListItem\",\"position\":2,\"name\":\"All our books\",\"item\":\"https:\/\/www.librairieclavreuil.com\/en\/all-our-books\/\"},{\"@type\":\"ListItem\",\"position\":3,\"name\":\"MESMER Franz Anton M\u00e9moire sur la d\u00e9couverte du...\"}]},{\"@type\":\"WebSite\",\"@id\":\"https:\/\/www.librairieclavreuil.com\/#website\",\"url\":\"https:\/\/www.librairieclavreuil.com\/\",\"name\":\"Libairie Clavreuil\",\"description\":\"Livres anciens, manuscrits rares et \u00e9ditions originales \u2013 Librairie Clavreuil\",\"publisher\":{\"@id\":\"https:\/\/www.librairieclavreuil.com\/#organization\"},\"potentialAction\":[{\"@type\":\"SearchAction\",\"target\":{\"@type\":\"EntryPoint\",\"urlTemplate\":\"https:\/\/www.librairieclavreuil.com\/?s={search_term_string}\"},\"query-input\":{\"@type\":\"PropertyValueSpecification\",\"valueRequired\":true,\"valueName\":\"search_term_string\"}}],\"inLanguage\":\"en-US\"},{\"@type\":\"Organization\",\"@id\":\"https:\/\/www.librairieclavreuil.com\/#organization\",\"name\":\"Libairie Clavreuil\",\"url\":\"https:\/\/www.librairieclavreuil.com\/\",\"logo\":{\"@type\":\"ImageObject\",\"inLanguage\":\"en-US\",\"@id\":\"https:\/\/www.librairieclavreuil.com\/#\/schema\/logo\/image\/\",\"url\":\"https:\/\/www.librairieclavreuil.com\/wp-content\/uploads\/2021\/06\/cropped-LOGO_PNG_DATE-_gold-512x512-1.png\",\"contentUrl\":\"https:\/\/www.librairieclavreuil.com\/wp-content\/uploads\/2021\/06\/cropped-LOGO_PNG_DATE-_gold-512x512-1.png\",\"width\":512,\"height\":512,\"caption\":\"Libairie Clavreuil\"},\"image\":{\"@id\":\"https:\/\/www.librairieclavreuil.com\/#\/schema\/logo\/image\/\"},\"sameAs\":[\"https:\/\/www.instagram.com\/librairieclavreuil\/\"]}]}<\/script>\n<!-- \/ Yoast SEO plugin. -->","yoast_head_json":{"title":"MESMER Franz Anton M\u00e9moire sur la d\u00e9couverte du magn\u00e9tisme animal. - Libairie Clavreuil","robots":{"index":"index","follow":"follow","max-snippet":"max-snippet:-1","max-image-preview":"max-image-preview:large","max-video-preview":"max-video-preview:-1"},"canonical":"https:\/\/www.librairieclavreuil.com\/produit\/mesmer-franz-anton-memoire-sur-la-decouverte-du-magnetisme-animal\/","og_locale":"en_US","og_type":"article","og_title":"MESMER Franz Anton M\u00e9moire sur la d\u00e9couverte du magn\u00e9tisme animal. - Libairie Clavreuil","og_description":"12mo (178 x 113 mm) half-title, VI, 85 pp., last leaf blank. Stitched, modern wrappers.","og_url":"https:\/\/www.librairieclavreuil.com\/produit\/mesmer-franz-anton-memoire-sur-la-decouverte-du-magnetisme-animal\/","og_site_name":"Libairie Clavreuil","article_modified_time":"2024-06-21T16:51:32+00:00","og_image":[{"width":1505,"height":2560,"url":"https:\/\/www.librairieclavreuil.com\/wp-content\/uploads\/2024\/06\/franz-anton-mesmer-memoire-sur-la-decouverte-du-magnetisme-animal-3925-66046dba39796-scaled.jpg","type":"image\/jpeg"}],"twitter_card":"summary_large_image","twitter_misc":{"Est. reading time":"1 minute"},"schema":{"@context":"https:\/\/schema.org","@graph":[{"@type":"WebPage","@id":"https:\/\/www.librairieclavreuil.com\/produit\/mesmer-franz-anton-memoire-sur-la-decouverte-du-magnetisme-animal\/","url":"https:\/\/www.librairieclavreuil.com\/produit\/mesmer-franz-anton-memoire-sur-la-decouverte-du-magnetisme-animal\/","name":"MESMER Franz Anton M\u00e9moire sur la d\u00e9couverte du magn\u00e9tisme animal. - Libairie Clavreuil","isPartOf":{"@id":"https:\/\/www.librairieclavreuil.com\/#website"},"primaryImageOfPage":{"@id":"https:\/\/www.librairieclavreuil.com\/produit\/mesmer-franz-anton-memoire-sur-la-decouverte-du-magnetisme-animal\/#primaryimage"},"image":{"@id":"https:\/\/www.librairieclavreuil.com\/produit\/mesmer-franz-anton-memoire-sur-la-decouverte-du-magnetisme-animal\/#primaryimage"},"thumbnailUrl":"https:\/\/www.librairieclavreuil.com\/wp-content\/uploads\/2024\/06\/franz-anton-mesmer-memoire-sur-la-decouverte-du-magnetisme-animal-3925-66046dba39796-scaled.jpg","datePublished":"2024-06-21T16:51:20+00:00","dateModified":"2024-06-21T16:51:32+00:00","breadcrumb":{"@id":"https:\/\/www.librairieclavreuil.com\/produit\/mesmer-franz-anton-memoire-sur-la-decouverte-du-magnetisme-animal\/#breadcrumb"},"inLanguage":"en-US","potentialAction":[{"@type":"ReadAction","target":["https:\/\/www.librairieclavreuil.com\/produit\/mesmer-franz-anton-memoire-sur-la-decouverte-du-magnetisme-animal\/"]}]},{"@type":"ImageObject","inLanguage":"en-US","@id":"https:\/\/www.librairieclavreuil.com\/produit\/mesmer-franz-anton-memoire-sur-la-decouverte-du-magnetisme-animal\/#primaryimage","url":"https:\/\/www.librairieclavreuil.com\/wp-content\/uploads\/2024\/06\/franz-anton-mesmer-memoire-sur-la-decouverte-du-magnetisme-animal-3925-66046dba39796-scaled.jpg","contentUrl":"https:\/\/www.librairieclavreuil.com\/wp-content\/uploads\/2024\/06\/franz-anton-mesmer-memoire-sur-la-decouverte-du-magnetisme-animal-3925-66046dba39796-scaled.jpg","width":1505,"height":2560},{"@type":"BreadcrumbList","@id":"https:\/\/www.librairieclavreuil.com\/produit\/mesmer-franz-anton-memoire-sur-la-decouverte-du-magnetisme-animal\/#breadcrumb","itemListElement":[{"@type":"ListItem","position":1,"name":"Accueil","item":"https:\/\/www.librairieclavreuil.com\/"},{"@type":"ListItem","position":2,"name":"All our books","item":"https:\/\/www.librairieclavreuil.com\/en\/all-our-books\/"},{"@type":"ListItem","position":3,"name":"MESMER Franz Anton M\u00e9moire sur la d\u00e9couverte du..."}]},{"@type":"WebSite","@id":"https:\/\/www.librairieclavreuil.com\/#website","url":"https:\/\/www.librairieclavreuil.com\/","name":"Libairie Clavreuil","description":"Livres anciens, manuscrits rares et \u00e9ditions originales \u2013 Librairie Clavreuil","publisher":{"@id":"https:\/\/www.librairieclavreuil.com\/#organization"},"potentialAction":[{"@type":"SearchAction","target":{"@type":"EntryPoint","urlTemplate":"https:\/\/www.librairieclavreuil.com\/?s={search_term_string}"},"query-input":{"@type":"PropertyValueSpecification","valueRequired":true,"valueName":"search_term_string"}}],"inLanguage":"en-US"},{"@type":"Organization","@id":"https:\/\/www.librairieclavreuil.com\/#organization","name":"Libairie Clavreuil","url":"https:\/\/www.librairieclavreuil.com\/","logo":{"@type":"ImageObject","inLanguage":"en-US","@id":"https:\/\/www.librairieclavreuil.com\/#\/schema\/logo\/image\/","url":"https:\/\/www.librairieclavreuil.com\/wp-content\/uploads\/2021\/06\/cropped-LOGO_PNG_DATE-_gold-512x512-1.png","contentUrl":"https:\/\/www.librairieclavreuil.com\/wp-content\/uploads\/2021\/06\/cropped-LOGO_PNG_DATE-_gold-512x512-1.png","width":512,"height":512,"caption":"Libairie Clavreuil"},"image":{"@id":"https:\/\/www.librairieclavreuil.com\/#\/schema\/logo\/image\/"},"sameAs":["https:\/\/www.instagram.com\/librairieclavreuil\/"]}]}},"jetpack_sharing_enabled":true,"_links":{"self":[{"href":"https:\/\/www.librairieclavreuil.com\/en\/wp-json\/wp\/v2\/product\/78569","targetHints":{"allow":["GET"]}}],"collection":[{"href":"https:\/\/www.librairieclavreuil.com\/en\/wp-json\/wp\/v2\/product"}],"about":[{"href":"https:\/\/www.librairieclavreuil.com\/en\/wp-json\/wp\/v2\/types\/product"}],"replies":[{"embeddable":true,"href":"https:\/\/www.librairieclavreuil.com\/en\/wp-json\/wp\/v2\/comments?post=78569"}],"wp:featuredmedia":[{"embeddable":true,"href":"https:\/\/www.librairieclavreuil.com\/en\/wp-json\/wp\/v2\/media\/78564"}],"wp:attachment":[{"href":"https:\/\/www.librairieclavreuil.com\/en\/wp-json\/wp\/v2\/media?parent=78569"}],"wp:term":[{"taxonomy":"product_brand","embeddable":true,"href":"https:\/\/www.librairieclavreuil.com\/en\/wp-json\/wp\/v2\/product_brand?post=78569"},{"taxonomy":"product_cat","embeddable":true,"href":"https:\/\/www.librairieclavreuil.com\/en\/wp-json\/wp\/v2\/product_cat?post=78569"},{"taxonomy":"product_tag","embeddable":true,"href":"https:\/\/www.librairieclavreuil.com\/en\/wp-json\/wp\/v2\/product_tag?post=78569"}],"curies":[{"name":"wp","href":"https:\/\/api.w.org\/{rel}","templated":true}]}}