{"id":78549,"date":"2024-06-21T18:13:12","date_gmt":"2024-06-21T16:13:12","guid":{"rendered":"https:\/\/www.librairieclavreuil.com\/la-rochefoucauld-francois-de-reflexions-ou-sentences-et-maximes-morales\/"},"modified":"2024-06-21T18:13:26","modified_gmt":"2024-06-21T16:13:26","slug":"la-rochefoucauld-francois-de-reflexions-ou-sentences-et-maximes-morales","status":"publish","type":"product","link":"https:\/\/www.librairieclavreuil.com\/en\/la-rochefoucauld-francois-de-reflexions-ou-sentences-et-maximes-morales\/","title":{"rendered":"LA ROCHEFOUCAULD Fran\u00e7ois de R\u00e9flexions ou Sentences et..."},"content":{"rendered":"<p><i>Tchemerzine-Scheler, IV, 35; Rochebili\u00e8re, 447; Diesbach-Soultrait, Jean Bonna Collection, 17th century, 153 (first state).<\/i><\/p>\n<p style=\"text-align:justify\"><span style=\"font-variant:small-caps\">First edition authorized by the author.<\/span><\/p>\n<p style=\"text-align:justify\">Second state with the cancels indicated by the bibliographers. Today we know of less than ten copies of the first state, none of which are in the National Library of France.<\/p>\n<p style=\"text-align:justify\">Printed at 23 lines per page, the fleuron at the beginning of the text with an angel&#8217;s head is upside down. La Rochefoucauld carefully monitored the printing of this edition and corrected and added maxims using cancels. The other editions published in 1665, with 22 lines per page, are counterfeits.<\/p>\n<p style=\"text-align:justify\">This edition contains 318 maxims (numbered 316, the number 302 is repeated, and another without numbering) and it is decorated with a frontispiece engraved by St\u00e9phane Picart, attributed to Nicolas Poussin.<\/p>\n<p style=\"text-align:justify\">Copies preserved in their contemporary binding are rare.&nbsp;<\/p>\n","protected":false},"excerpt":{"rendered":"<p>12mo (147 x 83 mm) engraved frontispiece, 23 nn.ll., 150 pp., 5 nn.ll. Contemporary mottled calf, spine gilt with raised bands, red speckled edges (some expert restorations to spine and corners).<\/p>\n","protected":false},"featured_media":78542,"comment_status":"open","ping_status":"closed","template":"","meta":{"_acf_changed":false},"product_brand":[],"product_cat":[544],"product_tag":[1244],"class_list":{"0":"post-78549","1":"product","2":"type-product","3":"status-publish","4":"has-post-thumbnail","6":"product_cat-literature","7":"product_tag-17th-century-literature","8":"pa_auteur-la-rochefoucauld-francois-de-2","9":"pa_type-de-livre-printed-book","11":"first","12":"instock","13":"shipping-taxable","14":"purchasable","15":"product-type-simple"},"acf":{"artist":"Fran\u00e7ois de LA ROCHEFOUCAULD","chapeau":"","adresse_bibliographique":"Paris, Claude Barbin, 1665","book_type":"Printed book","provenance":"","afficher_prix":""},"yoast_head":"<!-- This site is optimized with the Yoast SEO plugin v24.7 - https:\/\/yoast.com\/wordpress\/plugins\/seo\/ -->\n<title>LA ROCHEFOUCAULD Fran\u00e7ois de R\u00e9flexions ou Sentences et Maximes Morales. - Libairie Clavreuil<\/title>\n<meta name=\"robots\" content=\"index, follow, max-snippet:-1, max-image-preview:large, max-video-preview:-1\" \/>\n<link rel=\"canonical\" href=\"https:\/\/www.librairieclavreuil.com\/en\/la-rochefoucauld-francois-de-reflexions-ou-sentences-et-maximes-morales\/\" \/>\n<meta property=\"og:locale\" content=\"en_US\" \/>\n<meta property=\"og:type\" content=\"article\" \/>\n<meta property=\"og:title\" content=\"LA ROCHEFOUCAULD Fran\u00e7ois de R\u00e9flexions ou Sentences et Maximes Morales. - Libairie Clavreuil\" \/>\n<meta property=\"og:description\" content=\"12mo (147 x 83 mm) engraved frontispiece, 23 nn.ll., 150 pp., 5 nn.ll. Contemporary mottled calf, spine gilt with raised bands, red speckled edges (some expert restorations to spine and corners).\" \/>\n<meta property=\"og:url\" content=\"https:\/\/www.librairieclavreuil.com\/en\/la-rochefoucauld-francois-de-reflexions-ou-sentences-et-maximes-morales\/\" \/>\n<meta property=\"og:site_name\" content=\"Libairie Clavreuil\" \/>\n<meta property=\"article:modified_time\" content=\"2024-06-21T16:13:26+00:00\" \/>\n<meta property=\"og:image\" content=\"https:\/\/www.librairieclavreuil.com\/wp-content\/uploads\/2024\/06\/francois-la-rochefoucauld-reflexions-ou-sentences-et-maximes-morales-8037-6606f56907fe7.jpg\" \/>\n\t<meta property=\"og:image:width\" content=\"1243\" \/>\n\t<meta property=\"og:image:height\" content=\"2042\" \/>\n\t<meta property=\"og:image:type\" content=\"image\/jpeg\" \/>\n<meta name=\"twitter:card\" content=\"summary_large_image\" \/>\n<meta name=\"twitter:label1\" content=\"Est. reading time\" \/>\n\t<meta name=\"twitter:data1\" content=\"1 minute\" \/>\n<script type=\"application\/ld+json\" class=\"yoast-schema-graph\">{\"@context\":\"https:\/\/schema.org\",\"@graph\":[{\"@type\":\"WebPage\",\"@id\":\"https:\/\/www.librairieclavreuil.com\/en\/la-rochefoucauld-francois-de-reflexions-ou-sentences-et-maximes-morales\/\",\"url\":\"https:\/\/www.librairieclavreuil.com\/en\/la-rochefoucauld-francois-de-reflexions-ou-sentences-et-maximes-morales\/\",\"name\":\"LA ROCHEFOUCAULD Fran\u00e7ois de R\u00e9flexions ou Sentences et Maximes Morales. - Libairie Clavreuil\",\"isPartOf\":{\"@id\":\"https:\/\/www.librairieclavreuil.com\/#website\"},\"primaryImageOfPage\":{\"@id\":\"https:\/\/www.librairieclavreuil.com\/en\/la-rochefoucauld-francois-de-reflexions-ou-sentences-et-maximes-morales\/#primaryimage\"},\"image\":{\"@id\":\"https:\/\/www.librairieclavreuil.com\/en\/la-rochefoucauld-francois-de-reflexions-ou-sentences-et-maximes-morales\/#primaryimage\"},\"thumbnailUrl\":\"https:\/\/www.librairieclavreuil.com\/wp-content\/uploads\/2024\/06\/francois-la-rochefoucauld-reflexions-ou-sentences-et-maximes-morales-8037-6606f56907fe7.jpg\",\"datePublished\":\"2024-06-21T16:13:12+00:00\",\"dateModified\":\"2024-06-21T16:13:26+00:00\",\"breadcrumb\":{\"@id\":\"https:\/\/www.librairieclavreuil.com\/en\/la-rochefoucauld-francois-de-reflexions-ou-sentences-et-maximes-morales\/#breadcrumb\"},\"inLanguage\":\"en-US\",\"potentialAction\":[{\"@type\":\"ReadAction\",\"target\":[\"https:\/\/www.librairieclavreuil.com\/en\/la-rochefoucauld-francois-de-reflexions-ou-sentences-et-maximes-morales\/\"]}]},{\"@type\":\"ImageObject\",\"inLanguage\":\"en-US\",\"@id\":\"https:\/\/www.librairieclavreuil.com\/en\/la-rochefoucauld-francois-de-reflexions-ou-sentences-et-maximes-morales\/#primaryimage\",\"url\":\"https:\/\/www.librairieclavreuil.com\/wp-content\/uploads\/2024\/06\/francois-la-rochefoucauld-reflexions-ou-sentences-et-maximes-morales-8037-6606f56907fe7.jpg\",\"contentUrl\":\"https:\/\/www.librairieclavreuil.com\/wp-content\/uploads\/2024\/06\/francois-la-rochefoucauld-reflexions-ou-sentences-et-maximes-morales-8037-6606f56907fe7.jpg\",\"width\":1243,\"height\":2042},{\"@type\":\"BreadcrumbList\",\"@id\":\"https:\/\/www.librairieclavreuil.com\/en\/la-rochefoucauld-francois-de-reflexions-ou-sentences-et-maximes-morales\/#breadcrumb\",\"itemListElement\":[{\"@type\":\"ListItem\",\"position\":1,\"name\":\"Accueil\",\"item\":\"https:\/\/www.librairieclavreuil.com\/\"},{\"@type\":\"ListItem\",\"position\":2,\"name\":\"All our books\",\"item\":\"https:\/\/www.librairieclavreuil.com\/en\/all-our-books\/\"},{\"@type\":\"ListItem\",\"position\":3,\"name\":\"LA ROCHEFOUCAULD Fran\u00e7ois de R\u00e9flexions ou Sentences et Maximes Morales.\"}]},{\"@type\":\"WebSite\",\"@id\":\"https:\/\/www.librairieclavreuil.com\/#website\",\"url\":\"https:\/\/www.librairieclavreuil.com\/\",\"name\":\"Libairie Clavreuil\",\"description\":\"Livres anciens, manuscrits rares et \u00e9ditions originales \u2013 Librairie Clavreuil\",\"publisher\":{\"@id\":\"https:\/\/www.librairieclavreuil.com\/#organization\"},\"potentialAction\":[{\"@type\":\"SearchAction\",\"target\":{\"@type\":\"EntryPoint\",\"urlTemplate\":\"https:\/\/www.librairieclavreuil.com\/?s={search_term_string}\"},\"query-input\":{\"@type\":\"PropertyValueSpecification\",\"valueRequired\":true,\"valueName\":\"search_term_string\"}}],\"inLanguage\":\"en-US\"},{\"@type\":\"Organization\",\"@id\":\"https:\/\/www.librairieclavreuil.com\/#organization\",\"name\":\"Libairie Clavreuil\",\"url\":\"https:\/\/www.librairieclavreuil.com\/\",\"logo\":{\"@type\":\"ImageObject\",\"inLanguage\":\"en-US\",\"@id\":\"https:\/\/www.librairieclavreuil.com\/#\/schema\/logo\/image\/\",\"url\":\"https:\/\/www.librairieclavreuil.com\/wp-content\/uploads\/2021\/06\/cropped-LOGO_PNG_DATE-_gold-512x512-1.png\",\"contentUrl\":\"https:\/\/www.librairieclavreuil.com\/wp-content\/uploads\/2021\/06\/cropped-LOGO_PNG_DATE-_gold-512x512-1.png\",\"width\":512,\"height\":512,\"caption\":\"Libairie Clavreuil\"},\"image\":{\"@id\":\"https:\/\/www.librairieclavreuil.com\/#\/schema\/logo\/image\/\"},\"sameAs\":[\"https:\/\/www.instagram.com\/librairieclavreuil\/\"]}]}<\/script>\n<!-- \/ Yoast SEO plugin. -->","yoast_head_json":{"title":"LA ROCHEFOUCAULD Fran\u00e7ois de R\u00e9flexions ou Sentences et Maximes Morales. - Libairie Clavreuil","robots":{"index":"index","follow":"follow","max-snippet":"max-snippet:-1","max-image-preview":"max-image-preview:large","max-video-preview":"max-video-preview:-1"},"canonical":"https:\/\/www.librairieclavreuil.com\/en\/la-rochefoucauld-francois-de-reflexions-ou-sentences-et-maximes-morales\/","og_locale":"en_US","og_type":"article","og_title":"LA ROCHEFOUCAULD Fran\u00e7ois de R\u00e9flexions ou Sentences et Maximes Morales. - Libairie Clavreuil","og_description":"12mo (147 x 83 mm) engraved frontispiece, 23 nn.ll., 150 pp., 5 nn.ll. Contemporary mottled calf, spine gilt with raised bands, red speckled edges (some expert restorations to spine and corners).","og_url":"https:\/\/www.librairieclavreuil.com\/en\/la-rochefoucauld-francois-de-reflexions-ou-sentences-et-maximes-morales\/","og_site_name":"Libairie Clavreuil","article_modified_time":"2024-06-21T16:13:26+00:00","og_image":[{"width":1243,"height":2042,"url":"https:\/\/www.librairieclavreuil.com\/wp-content\/uploads\/2024\/06\/francois-la-rochefoucauld-reflexions-ou-sentences-et-maximes-morales-8037-6606f56907fe7.jpg","type":"image\/jpeg"}],"twitter_card":"summary_large_image","twitter_misc":{"Est. reading time":"1 minute"},"schema":{"@context":"https:\/\/schema.org","@graph":[{"@type":"WebPage","@id":"https:\/\/www.librairieclavreuil.com\/en\/la-rochefoucauld-francois-de-reflexions-ou-sentences-et-maximes-morales\/","url":"https:\/\/www.librairieclavreuil.com\/en\/la-rochefoucauld-francois-de-reflexions-ou-sentences-et-maximes-morales\/","name":"LA ROCHEFOUCAULD Fran\u00e7ois de R\u00e9flexions ou Sentences et Maximes Morales. - Libairie Clavreuil","isPartOf":{"@id":"https:\/\/www.librairieclavreuil.com\/#website"},"primaryImageOfPage":{"@id":"https:\/\/www.librairieclavreuil.com\/en\/la-rochefoucauld-francois-de-reflexions-ou-sentences-et-maximes-morales\/#primaryimage"},"image":{"@id":"https:\/\/www.librairieclavreuil.com\/en\/la-rochefoucauld-francois-de-reflexions-ou-sentences-et-maximes-morales\/#primaryimage"},"thumbnailUrl":"https:\/\/www.librairieclavreuil.com\/wp-content\/uploads\/2024\/06\/francois-la-rochefoucauld-reflexions-ou-sentences-et-maximes-morales-8037-6606f56907fe7.jpg","datePublished":"2024-06-21T16:13:12+00:00","dateModified":"2024-06-21T16:13:26+00:00","breadcrumb":{"@id":"https:\/\/www.librairieclavreuil.com\/en\/la-rochefoucauld-francois-de-reflexions-ou-sentences-et-maximes-morales\/#breadcrumb"},"inLanguage":"en-US","potentialAction":[{"@type":"ReadAction","target":["https:\/\/www.librairieclavreuil.com\/en\/la-rochefoucauld-francois-de-reflexions-ou-sentences-et-maximes-morales\/"]}]},{"@type":"ImageObject","inLanguage":"en-US","@id":"https:\/\/www.librairieclavreuil.com\/en\/la-rochefoucauld-francois-de-reflexions-ou-sentences-et-maximes-morales\/#primaryimage","url":"https:\/\/www.librairieclavreuil.com\/wp-content\/uploads\/2024\/06\/francois-la-rochefoucauld-reflexions-ou-sentences-et-maximes-morales-8037-6606f56907fe7.jpg","contentUrl":"https:\/\/www.librairieclavreuil.com\/wp-content\/uploads\/2024\/06\/francois-la-rochefoucauld-reflexions-ou-sentences-et-maximes-morales-8037-6606f56907fe7.jpg","width":1243,"height":2042},{"@type":"BreadcrumbList","@id":"https:\/\/www.librairieclavreuil.com\/en\/la-rochefoucauld-francois-de-reflexions-ou-sentences-et-maximes-morales\/#breadcrumb","itemListElement":[{"@type":"ListItem","position":1,"name":"Accueil","item":"https:\/\/www.librairieclavreuil.com\/"},{"@type":"ListItem","position":2,"name":"All our books","item":"https:\/\/www.librairieclavreuil.com\/en\/all-our-books\/"},{"@type":"ListItem","position":3,"name":"LA ROCHEFOUCAULD Fran\u00e7ois de R\u00e9flexions ou Sentences et Maximes Morales."}]},{"@type":"WebSite","@id":"https:\/\/www.librairieclavreuil.com\/#website","url":"https:\/\/www.librairieclavreuil.com\/","name":"Libairie Clavreuil","description":"Livres anciens, manuscrits rares et \u00e9ditions originales \u2013 Librairie Clavreuil","publisher":{"@id":"https:\/\/www.librairieclavreuil.com\/#organization"},"potentialAction":[{"@type":"SearchAction","target":{"@type":"EntryPoint","urlTemplate":"https:\/\/www.librairieclavreuil.com\/?s={search_term_string}"},"query-input":{"@type":"PropertyValueSpecification","valueRequired":true,"valueName":"search_term_string"}}],"inLanguage":"en-US"},{"@type":"Organization","@id":"https:\/\/www.librairieclavreuil.com\/#organization","name":"Libairie Clavreuil","url":"https:\/\/www.librairieclavreuil.com\/","logo":{"@type":"ImageObject","inLanguage":"en-US","@id":"https:\/\/www.librairieclavreuil.com\/#\/schema\/logo\/image\/","url":"https:\/\/www.librairieclavreuil.com\/wp-content\/uploads\/2021\/06\/cropped-LOGO_PNG_DATE-_gold-512x512-1.png","contentUrl":"https:\/\/www.librairieclavreuil.com\/wp-content\/uploads\/2021\/06\/cropped-LOGO_PNG_DATE-_gold-512x512-1.png","width":512,"height":512,"caption":"Libairie Clavreuil"},"image":{"@id":"https:\/\/www.librairieclavreuil.com\/#\/schema\/logo\/image\/"},"sameAs":["https:\/\/www.instagram.com\/librairieclavreuil\/"]}]}},"jetpack_sharing_enabled":true,"_links":{"self":[{"href":"https:\/\/www.librairieclavreuil.com\/en\/wp-json\/wp\/v2\/product\/78549","targetHints":{"allow":["GET"]}}],"collection":[{"href":"https:\/\/www.librairieclavreuil.com\/en\/wp-json\/wp\/v2\/product"}],"about":[{"href":"https:\/\/www.librairieclavreuil.com\/en\/wp-json\/wp\/v2\/types\/product"}],"replies":[{"embeddable":true,"href":"https:\/\/www.librairieclavreuil.com\/en\/wp-json\/wp\/v2\/comments?post=78549"}],"wp:featuredmedia":[{"embeddable":true,"href":"https:\/\/www.librairieclavreuil.com\/en\/wp-json\/wp\/v2\/media\/78542"}],"wp:attachment":[{"href":"https:\/\/www.librairieclavreuil.com\/en\/wp-json\/wp\/v2\/media?parent=78549"}],"wp:term":[{"taxonomy":"product_brand","embeddable":true,"href":"https:\/\/www.librairieclavreuil.com\/en\/wp-json\/wp\/v2\/product_brand?post=78549"},{"taxonomy":"product_cat","embeddable":true,"href":"https:\/\/www.librairieclavreuil.com\/en\/wp-json\/wp\/v2\/product_cat?post=78549"},{"taxonomy":"product_tag","embeddable":true,"href":"https:\/\/www.librairieclavreuil.com\/en\/wp-json\/wp\/v2\/product_tag?post=78549"}],"curies":[{"name":"wp","href":"https:\/\/api.w.org\/{rel}","templated":true}]}}