{"id":78451,"date":"2024-06-19T12:46:00","date_gmt":"2024-06-19T10:46:00","guid":{"rendered":"https:\/\/www.librairieclavreuil.com\/moliere-jean-baptiste-poquelin-dit-le-divertissement-royal-mesle-de-comedie-de-musique-dentree-de-ballet-2\/"},"modified":"2024-06-19T12:46:14","modified_gmt":"2024-06-19T10:46:14","slug":"moliere-jean-baptiste-poquelin-dit-le-divertissement-royal-mesle-de-comedie-de-musique-dentree-de-ballet-2","status":"publish","type":"product","link":"https:\/\/www.librairieclavreuil.com\/en\/moliere-jean-baptiste-poquelin-dit-le-divertissement-royal-mesle-de-comedie-de-musique-dentree-de-ballet-2\/","title":{"rendered":"MOLIERE Jean-Baptiste Poquelin dit Le Divertissement royal, mesl\u00e9..."},"content":{"rendered":"<p style=\"text-align:justify\"><em>Tchemerzine-Scheler, IV, 812:b; Guibert, 524:2&nbsp; Lacroix, 199, note; La Valli&egrave;re, Ballets, p. 84; Malkin, Dancing by the Book, 107.19; not in Brunet.<\/em><\/p>\n<p style=\"text-align:justify\">Edition published in the year of the first (43pp.) &#8211; of the latter there seems to exist only one surviving copy. Guibert indicates to never having seen a copy of the first edition (43pp) &quot;nous n&#039;avons pas vue l&#039;exemplaire, il ne figure d&#039;ailleurs dans aucune des biblioth&egrave;ques publiques&quot;.<\/p>\n<p style=\"text-align:justify\">This edition corresponds to a new representation to which the printer Ballard has added the names of the performing artists. It contains the Amants magnifiques of which the idea has supposedly been suggested to Moli&egrave;re by the King himself. The decoration of the scenes must have been magnificent, according to the description given at the beginning of the ballet: &quot;Huit p&ecirc;cheurs sortent du fond de la mer avec des nacres de perles, &amp; des branches de corail&quot; [Eight fishermen emergent out of the sea carrying mother of pearl and pearls, as well as branches of corals].<\/p>\n<p style=\"text-align:justify\">&quot;First performed at Saint-Germain-en-Laye as part of&nbsp;<em>Les Amants magnifiques<\/em>, with music by Lully&quot; (Malkin).<\/p>\n<p style=\"text-align:justify\">The King incarnated successively the Gods Neptune, Apollo, and finally the Sun. Very good copy of this rare edition.<\/p>\n","protected":false},"excerpt":{"rendered":"<p>4to (222 x 170 mm) 30 pp. Modern boards.<\/p>\n","protected":false},"featured_media":78446,"comment_status":"open","ping_status":"closed","template":"","meta":{"_acf_changed":false},"product_brand":[],"product_cat":[544],"product_tag":[1257,1255],"class_list":{"0":"post-78451","1":"product","2":"type-product","3":"status-publish","4":"has-post-thumbnail","6":"product_cat-literature","7":"product_tag-dance","8":"product_tag-theatre-dance","9":"pa_auteur-moliere-jean-baptiste-poquelin-dit-2","11":"first","12":"instock","13":"shipping-taxable","14":"purchasable","15":"product-type-simple"},"acf":{"artist":"Jean-Baptiste Poquelin dit MOLIERE","chapeau":"The Sun King","adresse_bibliographique":"Paris, Robert Ballard, 1670","book_type":"","provenance":"","afficher_prix":""},"yoast_head":"<!-- This site is optimized with the Yoast SEO plugin v24.7 - https:\/\/yoast.com\/wordpress\/plugins\/seo\/ -->\n<title>MOLIERE Jean-Baptiste Poquelin dit Le Divertissement royal, mesl\u00e9 de com\u00e9die, de musique, &amp; d&#039;entr\u00e9e de ballet. - Libairie Clavreuil<\/title>\n<meta name=\"robots\" content=\"index, follow, max-snippet:-1, max-image-preview:large, max-video-preview:-1\" \/>\n<link rel=\"canonical\" href=\"https:\/\/www.librairieclavreuil.com\/en\/moliere-jean-baptiste-poquelin-dit-le-divertissement-royal-mesle-de-comedie-de-musique-dentree-de-ballet-2\/\" \/>\n<meta property=\"og:locale\" content=\"en_US\" \/>\n<meta property=\"og:type\" content=\"article\" \/>\n<meta property=\"og:title\" content=\"MOLIERE Jean-Baptiste Poquelin dit Le Divertissement royal, mesl\u00e9 de com\u00e9die, de musique, &amp; d&#039;entr\u00e9e de ballet. - Libairie Clavreuil\" \/>\n<meta property=\"og:description\" content=\"4to (222 x 170 mm) 30 pp. Modern boards.\" \/>\n<meta property=\"og:url\" content=\"https:\/\/www.librairieclavreuil.com\/en\/moliere-jean-baptiste-poquelin-dit-le-divertissement-royal-mesle-de-comedie-de-musique-dentree-de-ballet-2\/\" \/>\n<meta property=\"og:site_name\" content=\"Libairie Clavreuil\" \/>\n<meta property=\"article:modified_time\" content=\"2024-06-19T10:46:14+00:00\" \/>\n<meta property=\"og:image\" content=\"https:\/\/www.librairieclavreuil.com\/wp-content\/uploads\/2024\/06\/moliere-le-divertissement-royal-mesle-de-comedie-de-musique-d-entree-de-ballet-8469-66059576e6d77-1.jpg\" \/>\n\t<meta property=\"og:image:width\" content=\"1551\" \/>\n\t<meta property=\"og:image:height\" content=\"2042\" \/>\n\t<meta property=\"og:image:type\" content=\"image\/jpeg\" \/>\n<meta name=\"twitter:card\" content=\"summary_large_image\" \/>\n<meta name=\"twitter:label1\" content=\"Est. reading time\" \/>\n\t<meta name=\"twitter:data1\" content=\"1 minute\" \/>\n<script type=\"application\/ld+json\" class=\"yoast-schema-graph\">{\"@context\":\"https:\/\/schema.org\",\"@graph\":[{\"@type\":\"WebPage\",\"@id\":\"https:\/\/www.librairieclavreuil.com\/en\/moliere-jean-baptiste-poquelin-dit-le-divertissement-royal-mesle-de-comedie-de-musique-dentree-de-ballet-2\/\",\"url\":\"https:\/\/www.librairieclavreuil.com\/en\/moliere-jean-baptiste-poquelin-dit-le-divertissement-royal-mesle-de-comedie-de-musique-dentree-de-ballet-2\/\",\"name\":\"MOLIERE Jean-Baptiste Poquelin dit Le Divertissement royal, mesl\u00e9 de com\u00e9die, de musique, &amp; d'entr\u00e9e de ballet. - Libairie Clavreuil\",\"isPartOf\":{\"@id\":\"https:\/\/www.librairieclavreuil.com\/#website\"},\"primaryImageOfPage\":{\"@id\":\"https:\/\/www.librairieclavreuil.com\/en\/moliere-jean-baptiste-poquelin-dit-le-divertissement-royal-mesle-de-comedie-de-musique-dentree-de-ballet-2\/#primaryimage\"},\"image\":{\"@id\":\"https:\/\/www.librairieclavreuil.com\/en\/moliere-jean-baptiste-poquelin-dit-le-divertissement-royal-mesle-de-comedie-de-musique-dentree-de-ballet-2\/#primaryimage\"},\"thumbnailUrl\":\"https:\/\/www.librairieclavreuil.com\/wp-content\/uploads\/2024\/06\/moliere-le-divertissement-royal-mesle-de-comedie-de-musique-d-entree-de-ballet-8469-66059576e6d77-1.jpg\",\"datePublished\":\"2024-06-19T10:46:00+00:00\",\"dateModified\":\"2024-06-19T10:46:14+00:00\",\"breadcrumb\":{\"@id\":\"https:\/\/www.librairieclavreuil.com\/en\/moliere-jean-baptiste-poquelin-dit-le-divertissement-royal-mesle-de-comedie-de-musique-dentree-de-ballet-2\/#breadcrumb\"},\"inLanguage\":\"en-US\",\"potentialAction\":[{\"@type\":\"ReadAction\",\"target\":[\"https:\/\/www.librairieclavreuil.com\/en\/moliere-jean-baptiste-poquelin-dit-le-divertissement-royal-mesle-de-comedie-de-musique-dentree-de-ballet-2\/\"]}]},{\"@type\":\"ImageObject\",\"inLanguage\":\"en-US\",\"@id\":\"https:\/\/www.librairieclavreuil.com\/en\/moliere-jean-baptiste-poquelin-dit-le-divertissement-royal-mesle-de-comedie-de-musique-dentree-de-ballet-2\/#primaryimage\",\"url\":\"https:\/\/www.librairieclavreuil.com\/wp-content\/uploads\/2024\/06\/moliere-le-divertissement-royal-mesle-de-comedie-de-musique-d-entree-de-ballet-8469-66059576e6d77-1.jpg\",\"contentUrl\":\"https:\/\/www.librairieclavreuil.com\/wp-content\/uploads\/2024\/06\/moliere-le-divertissement-royal-mesle-de-comedie-de-musique-d-entree-de-ballet-8469-66059576e6d77-1.jpg\",\"width\":1551,\"height\":2042},{\"@type\":\"BreadcrumbList\",\"@id\":\"https:\/\/www.librairieclavreuil.com\/en\/moliere-jean-baptiste-poquelin-dit-le-divertissement-royal-mesle-de-comedie-de-musique-dentree-de-ballet-2\/#breadcrumb\",\"itemListElement\":[{\"@type\":\"ListItem\",\"position\":1,\"name\":\"Accueil\",\"item\":\"https:\/\/www.librairieclavreuil.com\/\"},{\"@type\":\"ListItem\",\"position\":2,\"name\":\"All our books\",\"item\":\"https:\/\/www.librairieclavreuil.com\/en\/all-our-books\/\"},{\"@type\":\"ListItem\",\"position\":3,\"name\":\"MOLIERE Jean-Baptiste Poquelin dit Le Divertissement royal, mesl\u00e9 de com\u00e9die, de musique, &amp; d&#8217;entr\u00e9e de ballet.\"}]},{\"@type\":\"WebSite\",\"@id\":\"https:\/\/www.librairieclavreuil.com\/#website\",\"url\":\"https:\/\/www.librairieclavreuil.com\/\",\"name\":\"Libairie Clavreuil\",\"description\":\"Livres anciens, manuscrits rares et \u00e9ditions originales \u2013 Librairie Clavreuil\",\"publisher\":{\"@id\":\"https:\/\/www.librairieclavreuil.com\/#organization\"},\"potentialAction\":[{\"@type\":\"SearchAction\",\"target\":{\"@type\":\"EntryPoint\",\"urlTemplate\":\"https:\/\/www.librairieclavreuil.com\/?s={search_term_string}\"},\"query-input\":{\"@type\":\"PropertyValueSpecification\",\"valueRequired\":true,\"valueName\":\"search_term_string\"}}],\"inLanguage\":\"en-US\"},{\"@type\":\"Organization\",\"@id\":\"https:\/\/www.librairieclavreuil.com\/#organization\",\"name\":\"Libairie Clavreuil\",\"url\":\"https:\/\/www.librairieclavreuil.com\/\",\"logo\":{\"@type\":\"ImageObject\",\"inLanguage\":\"en-US\",\"@id\":\"https:\/\/www.librairieclavreuil.com\/#\/schema\/logo\/image\/\",\"url\":\"https:\/\/www.librairieclavreuil.com\/wp-content\/uploads\/2021\/06\/cropped-LOGO_PNG_DATE-_gold-512x512-1.png\",\"contentUrl\":\"https:\/\/www.librairieclavreuil.com\/wp-content\/uploads\/2021\/06\/cropped-LOGO_PNG_DATE-_gold-512x512-1.png\",\"width\":512,\"height\":512,\"caption\":\"Libairie Clavreuil\"},\"image\":{\"@id\":\"https:\/\/www.librairieclavreuil.com\/#\/schema\/logo\/image\/\"},\"sameAs\":[\"https:\/\/www.instagram.com\/librairieclavreuil\/\"]}]}<\/script>\n<!-- \/ Yoast SEO plugin. -->","yoast_head_json":{"title":"MOLIERE Jean-Baptiste Poquelin dit Le Divertissement royal, mesl\u00e9 de com\u00e9die, de musique, &amp; d'entr\u00e9e de ballet. - Libairie Clavreuil","robots":{"index":"index","follow":"follow","max-snippet":"max-snippet:-1","max-image-preview":"max-image-preview:large","max-video-preview":"max-video-preview:-1"},"canonical":"https:\/\/www.librairieclavreuil.com\/en\/moliere-jean-baptiste-poquelin-dit-le-divertissement-royal-mesle-de-comedie-de-musique-dentree-de-ballet-2\/","og_locale":"en_US","og_type":"article","og_title":"MOLIERE Jean-Baptiste Poquelin dit Le Divertissement royal, mesl\u00e9 de com\u00e9die, de musique, &amp; d'entr\u00e9e de ballet. - Libairie Clavreuil","og_description":"4to (222 x 170 mm) 30 pp. Modern boards.","og_url":"https:\/\/www.librairieclavreuil.com\/en\/moliere-jean-baptiste-poquelin-dit-le-divertissement-royal-mesle-de-comedie-de-musique-dentree-de-ballet-2\/","og_site_name":"Libairie Clavreuil","article_modified_time":"2024-06-19T10:46:14+00:00","og_image":[{"width":1551,"height":2042,"url":"https:\/\/www.librairieclavreuil.com\/wp-content\/uploads\/2024\/06\/moliere-le-divertissement-royal-mesle-de-comedie-de-musique-d-entree-de-ballet-8469-66059576e6d77-1.jpg","type":"image\/jpeg"}],"twitter_card":"summary_large_image","twitter_misc":{"Est. reading time":"1 minute"},"schema":{"@context":"https:\/\/schema.org","@graph":[{"@type":"WebPage","@id":"https:\/\/www.librairieclavreuil.com\/en\/moliere-jean-baptiste-poquelin-dit-le-divertissement-royal-mesle-de-comedie-de-musique-dentree-de-ballet-2\/","url":"https:\/\/www.librairieclavreuil.com\/en\/moliere-jean-baptiste-poquelin-dit-le-divertissement-royal-mesle-de-comedie-de-musique-dentree-de-ballet-2\/","name":"MOLIERE Jean-Baptiste Poquelin dit Le Divertissement royal, mesl\u00e9 de com\u00e9die, de musique, &amp; d'entr\u00e9e de ballet. - Libairie Clavreuil","isPartOf":{"@id":"https:\/\/www.librairieclavreuil.com\/#website"},"primaryImageOfPage":{"@id":"https:\/\/www.librairieclavreuil.com\/en\/moliere-jean-baptiste-poquelin-dit-le-divertissement-royal-mesle-de-comedie-de-musique-dentree-de-ballet-2\/#primaryimage"},"image":{"@id":"https:\/\/www.librairieclavreuil.com\/en\/moliere-jean-baptiste-poquelin-dit-le-divertissement-royal-mesle-de-comedie-de-musique-dentree-de-ballet-2\/#primaryimage"},"thumbnailUrl":"https:\/\/www.librairieclavreuil.com\/wp-content\/uploads\/2024\/06\/moliere-le-divertissement-royal-mesle-de-comedie-de-musique-d-entree-de-ballet-8469-66059576e6d77-1.jpg","datePublished":"2024-06-19T10:46:00+00:00","dateModified":"2024-06-19T10:46:14+00:00","breadcrumb":{"@id":"https:\/\/www.librairieclavreuil.com\/en\/moliere-jean-baptiste-poquelin-dit-le-divertissement-royal-mesle-de-comedie-de-musique-dentree-de-ballet-2\/#breadcrumb"},"inLanguage":"en-US","potentialAction":[{"@type":"ReadAction","target":["https:\/\/www.librairieclavreuil.com\/en\/moliere-jean-baptiste-poquelin-dit-le-divertissement-royal-mesle-de-comedie-de-musique-dentree-de-ballet-2\/"]}]},{"@type":"ImageObject","inLanguage":"en-US","@id":"https:\/\/www.librairieclavreuil.com\/en\/moliere-jean-baptiste-poquelin-dit-le-divertissement-royal-mesle-de-comedie-de-musique-dentree-de-ballet-2\/#primaryimage","url":"https:\/\/www.librairieclavreuil.com\/wp-content\/uploads\/2024\/06\/moliere-le-divertissement-royal-mesle-de-comedie-de-musique-d-entree-de-ballet-8469-66059576e6d77-1.jpg","contentUrl":"https:\/\/www.librairieclavreuil.com\/wp-content\/uploads\/2024\/06\/moliere-le-divertissement-royal-mesle-de-comedie-de-musique-d-entree-de-ballet-8469-66059576e6d77-1.jpg","width":1551,"height":2042},{"@type":"BreadcrumbList","@id":"https:\/\/www.librairieclavreuil.com\/en\/moliere-jean-baptiste-poquelin-dit-le-divertissement-royal-mesle-de-comedie-de-musique-dentree-de-ballet-2\/#breadcrumb","itemListElement":[{"@type":"ListItem","position":1,"name":"Accueil","item":"https:\/\/www.librairieclavreuil.com\/"},{"@type":"ListItem","position":2,"name":"All our books","item":"https:\/\/www.librairieclavreuil.com\/en\/all-our-books\/"},{"@type":"ListItem","position":3,"name":"MOLIERE Jean-Baptiste Poquelin dit Le Divertissement royal, mesl\u00e9 de com\u00e9die, de musique, &amp; d&#8217;entr\u00e9e de ballet."}]},{"@type":"WebSite","@id":"https:\/\/www.librairieclavreuil.com\/#website","url":"https:\/\/www.librairieclavreuil.com\/","name":"Libairie Clavreuil","description":"Livres anciens, manuscrits rares et \u00e9ditions originales \u2013 Librairie Clavreuil","publisher":{"@id":"https:\/\/www.librairieclavreuil.com\/#organization"},"potentialAction":[{"@type":"SearchAction","target":{"@type":"EntryPoint","urlTemplate":"https:\/\/www.librairieclavreuil.com\/?s={search_term_string}"},"query-input":{"@type":"PropertyValueSpecification","valueRequired":true,"valueName":"search_term_string"}}],"inLanguage":"en-US"},{"@type":"Organization","@id":"https:\/\/www.librairieclavreuil.com\/#organization","name":"Libairie Clavreuil","url":"https:\/\/www.librairieclavreuil.com\/","logo":{"@type":"ImageObject","inLanguage":"en-US","@id":"https:\/\/www.librairieclavreuil.com\/#\/schema\/logo\/image\/","url":"https:\/\/www.librairieclavreuil.com\/wp-content\/uploads\/2021\/06\/cropped-LOGO_PNG_DATE-_gold-512x512-1.png","contentUrl":"https:\/\/www.librairieclavreuil.com\/wp-content\/uploads\/2021\/06\/cropped-LOGO_PNG_DATE-_gold-512x512-1.png","width":512,"height":512,"caption":"Libairie Clavreuil"},"image":{"@id":"https:\/\/www.librairieclavreuil.com\/#\/schema\/logo\/image\/"},"sameAs":["https:\/\/www.instagram.com\/librairieclavreuil\/"]}]}},"jetpack_sharing_enabled":true,"_links":{"self":[{"href":"https:\/\/www.librairieclavreuil.com\/en\/wp-json\/wp\/v2\/product\/78451","targetHints":{"allow":["GET"]}}],"collection":[{"href":"https:\/\/www.librairieclavreuil.com\/en\/wp-json\/wp\/v2\/product"}],"about":[{"href":"https:\/\/www.librairieclavreuil.com\/en\/wp-json\/wp\/v2\/types\/product"}],"replies":[{"embeddable":true,"href":"https:\/\/www.librairieclavreuil.com\/en\/wp-json\/wp\/v2\/comments?post=78451"}],"wp:featuredmedia":[{"embeddable":true,"href":"https:\/\/www.librairieclavreuil.com\/en\/wp-json\/wp\/v2\/media\/78446"}],"wp:attachment":[{"href":"https:\/\/www.librairieclavreuil.com\/en\/wp-json\/wp\/v2\/media?parent=78451"}],"wp:term":[{"taxonomy":"product_brand","embeddable":true,"href":"https:\/\/www.librairieclavreuil.com\/en\/wp-json\/wp\/v2\/product_brand?post=78451"},{"taxonomy":"product_cat","embeddable":true,"href":"https:\/\/www.librairieclavreuil.com\/en\/wp-json\/wp\/v2\/product_cat?post=78451"},{"taxonomy":"product_tag","embeddable":true,"href":"https:\/\/www.librairieclavreuil.com\/en\/wp-json\/wp\/v2\/product_tag?post=78451"}],"curies":[{"name":"wp","href":"https:\/\/api.w.org\/{rel}","templated":true}]}}