{"id":78439,"date":"2024-06-19T12:44:33","date_gmt":"2024-06-19T10:44:33","guid":{"rendered":"https:\/\/www.librairieclavreuil.com\/moliere-jean-baptiste-poquelin-dit-le-divertissement-de-chambord-mesle-de-comedie-de-musique-dentree-de-ballet\/"},"modified":"2024-06-19T12:44:45","modified_gmt":"2024-06-19T10:44:45","slug":"moliere-jean-baptiste-poquelin-dit-le-divertissement-de-chambord-mesle-de-comedie-de-musique-dentree-de-ballet","status":"publish","type":"product","link":"https:\/\/www.librairieclavreuil.com\/en\/moliere-jean-baptiste-poquelin-dit-le-divertissement-de-chambord-mesle-de-comedie-de-musique-dentree-de-ballet\/","title":{"rendered":"MOLIERE Jean-Baptiste Poquelin dit Le Divertissement de Chambord..."},"content":{"rendered":"<p style=\"text-align:justify\"><i>Tchemerzine-Scheler, IV, 811:c; Guibert, 518:3; Lacroix, 200 (erroneous pagination); Brunet, III, 1806; not in Malkin.<\/i><\/p>\n<p style=\"text-align:justify\">The chronology of the edition of <i>Divertissement de Chambord <\/i>is not clear. Tchemerzine gives one printed by Hotot in Blois in 1669, followed by one printed by Ballard.<\/p>\n<p style=\"text-align:justify\">Of the edition given in Paris by Ballard we know of two printings, one with the erroneous date of 1659 and the other with the date of 1670, as is the case here. Guibert speculates that the edition given by Hotot was merely a back-up print run, made for court spectators travelling to Blois. Ballard, the official printer of plays for the king&#8217;s spectacles, had probably prepared an insufficient number of copies for the <i>Divertissement<\/i> and had to make another print run.<\/p>\n<p style=\"text-align:justify\">\u2018This hastily made printing would explain the error in the vintage appearing on the title of the Ballard edition, 1659 instead of 1669\u2019 (Guibert).<\/p>\n<p style=\"text-align:justify\">Scheler describes the edition with the date 1670 as the \u2018Second edition given by Ballard. But it may also be the first, for which the date on the title will have been rectified during the printing\u2019.<\/p>\n<p style=\"text-align:justify\">Last leaf laid-on with old tear without lack of text.<\/p>\n","protected":false},"excerpt":{"rendered":"<p style=\"text-align:justify\">4to (222 x 167 mm) 13 pp. Modern flexible marbled boards bound in style.<\/p>\n","protected":false},"featured_media":78436,"comment_status":"open","ping_status":"closed","template":"","meta":{"_acf_changed":false},"product_brand":[],"product_cat":[544],"product_tag":[1257],"class_list":{"0":"post-78439","1":"product","2":"type-product","3":"status-publish","4":"has-post-thumbnail","6":"product_cat-literature","7":"product_tag-dance","8":"pa_auteur-moliere-jean-baptiste-poquelin-dit-2","9":"pa_type-de-livre-printed-book","11":"first","12":"instock","13":"shipping-taxable","14":"purchasable","15":"product-type-simple"},"acf":{"artist":"Jean-Baptiste Poquelin dit MOLIERE","chapeau":"","adresse_bibliographique":"Paris, Robert Ballard, 1670","book_type":"Printed book","provenance":"","afficher_prix":""},"yoast_head":"<!-- This site is optimized with the Yoast SEO plugin v24.7 - https:\/\/yoast.com\/wordpress\/plugins\/seo\/ -->\n<title>MOLIERE Jean-Baptiste Poquelin dit Le Divertissement de Chambord mesl\u00e9 de com\u00e9die, de musique, &amp; d&#039;entr\u00e9e de ballet. - Libairie Clavreuil<\/title>\n<meta name=\"robots\" content=\"index, follow, max-snippet:-1, max-image-preview:large, max-video-preview:-1\" \/>\n<link rel=\"canonical\" href=\"https:\/\/www.librairieclavreuil.com\/en\/moliere-jean-baptiste-poquelin-dit-le-divertissement-de-chambord-mesle-de-comedie-de-musique-dentree-de-ballet\/\" \/>\n<meta property=\"og:locale\" content=\"en_US\" \/>\n<meta property=\"og:type\" content=\"article\" \/>\n<meta property=\"og:title\" content=\"MOLIERE Jean-Baptiste Poquelin dit Le Divertissement de Chambord mesl\u00e9 de com\u00e9die, de musique, &amp; d&#039;entr\u00e9e de ballet. - Libairie Clavreuil\" \/>\n<meta property=\"og:description\" content=\"4to (222 x 167 mm) 13 pp. Modern flexible marbled boards bound in style.\" \/>\n<meta property=\"og:url\" content=\"https:\/\/www.librairieclavreuil.com\/en\/moliere-jean-baptiste-poquelin-dit-le-divertissement-de-chambord-mesle-de-comedie-de-musique-dentree-de-ballet\/\" \/>\n<meta property=\"og:site_name\" content=\"Libairie Clavreuil\" \/>\n<meta property=\"article:modified_time\" content=\"2024-06-19T10:44:45+00:00\" \/>\n<meta property=\"og:image\" content=\"https:\/\/www.librairieclavreuil.com\/wp-content\/uploads\/2024\/06\/moliere-le-divertissement-de-chambord-mesle-de-comedie-de-musique-d-entree-de-ballet-8468-6648b93772d52-scaled.jpg\" \/>\n\t<meta property=\"og:image:width\" content=\"1928\" \/>\n\t<meta property=\"og:image:height\" content=\"2560\" \/>\n\t<meta property=\"og:image:type\" content=\"image\/jpeg\" \/>\n<meta name=\"twitter:card\" content=\"summary_large_image\" \/>\n<meta name=\"twitter:label1\" content=\"Est. reading time\" \/>\n\t<meta name=\"twitter:data1\" content=\"1 minute\" \/>\n<script type=\"application\/ld+json\" class=\"yoast-schema-graph\">{\"@context\":\"https:\/\/schema.org\",\"@graph\":[{\"@type\":\"WebPage\",\"@id\":\"https:\/\/www.librairieclavreuil.com\/en\/moliere-jean-baptiste-poquelin-dit-le-divertissement-de-chambord-mesle-de-comedie-de-musique-dentree-de-ballet\/\",\"url\":\"https:\/\/www.librairieclavreuil.com\/en\/moliere-jean-baptiste-poquelin-dit-le-divertissement-de-chambord-mesle-de-comedie-de-musique-dentree-de-ballet\/\",\"name\":\"MOLIERE Jean-Baptiste Poquelin dit Le Divertissement de Chambord mesl\u00e9 de com\u00e9die, de musique, &amp; d'entr\u00e9e de ballet. - Libairie Clavreuil\",\"isPartOf\":{\"@id\":\"https:\/\/www.librairieclavreuil.com\/#website\"},\"primaryImageOfPage\":{\"@id\":\"https:\/\/www.librairieclavreuil.com\/en\/moliere-jean-baptiste-poquelin-dit-le-divertissement-de-chambord-mesle-de-comedie-de-musique-dentree-de-ballet\/#primaryimage\"},\"image\":{\"@id\":\"https:\/\/www.librairieclavreuil.com\/en\/moliere-jean-baptiste-poquelin-dit-le-divertissement-de-chambord-mesle-de-comedie-de-musique-dentree-de-ballet\/#primaryimage\"},\"thumbnailUrl\":\"https:\/\/www.librairieclavreuil.com\/wp-content\/uploads\/2024\/06\/moliere-le-divertissement-de-chambord-mesle-de-comedie-de-musique-d-entree-de-ballet-8468-6648b93772d52-scaled.jpg\",\"datePublished\":\"2024-06-19T10:44:33+00:00\",\"dateModified\":\"2024-06-19T10:44:45+00:00\",\"breadcrumb\":{\"@id\":\"https:\/\/www.librairieclavreuil.com\/en\/moliere-jean-baptiste-poquelin-dit-le-divertissement-de-chambord-mesle-de-comedie-de-musique-dentree-de-ballet\/#breadcrumb\"},\"inLanguage\":\"en-US\",\"potentialAction\":[{\"@type\":\"ReadAction\",\"target\":[\"https:\/\/www.librairieclavreuil.com\/en\/moliere-jean-baptiste-poquelin-dit-le-divertissement-de-chambord-mesle-de-comedie-de-musique-dentree-de-ballet\/\"]}]},{\"@type\":\"ImageObject\",\"inLanguage\":\"en-US\",\"@id\":\"https:\/\/www.librairieclavreuil.com\/en\/moliere-jean-baptiste-poquelin-dit-le-divertissement-de-chambord-mesle-de-comedie-de-musique-dentree-de-ballet\/#primaryimage\",\"url\":\"https:\/\/www.librairieclavreuil.com\/wp-content\/uploads\/2024\/06\/moliere-le-divertissement-de-chambord-mesle-de-comedie-de-musique-d-entree-de-ballet-8468-6648b93772d52-scaled.jpg\",\"contentUrl\":\"https:\/\/www.librairieclavreuil.com\/wp-content\/uploads\/2024\/06\/moliere-le-divertissement-de-chambord-mesle-de-comedie-de-musique-d-entree-de-ballet-8468-6648b93772d52-scaled.jpg\",\"width\":1928,\"height\":2560},{\"@type\":\"BreadcrumbList\",\"@id\":\"https:\/\/www.librairieclavreuil.com\/en\/moliere-jean-baptiste-poquelin-dit-le-divertissement-de-chambord-mesle-de-comedie-de-musique-dentree-de-ballet\/#breadcrumb\",\"itemListElement\":[{\"@type\":\"ListItem\",\"position\":1,\"name\":\"Accueil\",\"item\":\"https:\/\/www.librairieclavreuil.com\/\"},{\"@type\":\"ListItem\",\"position\":2,\"name\":\"All our books\",\"item\":\"https:\/\/www.librairieclavreuil.com\/en\/all-our-books\/\"},{\"@type\":\"ListItem\",\"position\":3,\"name\":\"MOLIERE Jean-Baptiste Poquelin dit Le Divertissement de Chambord mesl\u00e9 de com\u00e9die, de musique, &amp; d&#8217;entr\u00e9e de ballet.\"}]},{\"@type\":\"WebSite\",\"@id\":\"https:\/\/www.librairieclavreuil.com\/#website\",\"url\":\"https:\/\/www.librairieclavreuil.com\/\",\"name\":\"Libairie Clavreuil\",\"description\":\"Livres anciens, manuscrits rares et \u00e9ditions originales \u2013 Librairie Clavreuil\",\"publisher\":{\"@id\":\"https:\/\/www.librairieclavreuil.com\/#organization\"},\"potentialAction\":[{\"@type\":\"SearchAction\",\"target\":{\"@type\":\"EntryPoint\",\"urlTemplate\":\"https:\/\/www.librairieclavreuil.com\/?s={search_term_string}\"},\"query-input\":{\"@type\":\"PropertyValueSpecification\",\"valueRequired\":true,\"valueName\":\"search_term_string\"}}],\"inLanguage\":\"en-US\"},{\"@type\":\"Organization\",\"@id\":\"https:\/\/www.librairieclavreuil.com\/#organization\",\"name\":\"Libairie Clavreuil\",\"url\":\"https:\/\/www.librairieclavreuil.com\/\",\"logo\":{\"@type\":\"ImageObject\",\"inLanguage\":\"en-US\",\"@id\":\"https:\/\/www.librairieclavreuil.com\/#\/schema\/logo\/image\/\",\"url\":\"https:\/\/www.librairieclavreuil.com\/wp-content\/uploads\/2021\/06\/cropped-LOGO_PNG_DATE-_gold-512x512-1.png\",\"contentUrl\":\"https:\/\/www.librairieclavreuil.com\/wp-content\/uploads\/2021\/06\/cropped-LOGO_PNG_DATE-_gold-512x512-1.png\",\"width\":512,\"height\":512,\"caption\":\"Libairie Clavreuil\"},\"image\":{\"@id\":\"https:\/\/www.librairieclavreuil.com\/#\/schema\/logo\/image\/\"},\"sameAs\":[\"https:\/\/www.instagram.com\/librairieclavreuil\/\"]}]}<\/script>\n<!-- \/ Yoast SEO plugin. -->","yoast_head_json":{"title":"MOLIERE Jean-Baptiste Poquelin dit Le Divertissement de Chambord mesl\u00e9 de com\u00e9die, de musique, &amp; d'entr\u00e9e de ballet. - Libairie Clavreuil","robots":{"index":"index","follow":"follow","max-snippet":"max-snippet:-1","max-image-preview":"max-image-preview:large","max-video-preview":"max-video-preview:-1"},"canonical":"https:\/\/www.librairieclavreuil.com\/en\/moliere-jean-baptiste-poquelin-dit-le-divertissement-de-chambord-mesle-de-comedie-de-musique-dentree-de-ballet\/","og_locale":"en_US","og_type":"article","og_title":"MOLIERE Jean-Baptiste Poquelin dit Le Divertissement de Chambord mesl\u00e9 de com\u00e9die, de musique, &amp; d'entr\u00e9e de ballet. - Libairie Clavreuil","og_description":"4to (222 x 167 mm) 13 pp. Modern flexible marbled boards bound in style.","og_url":"https:\/\/www.librairieclavreuil.com\/en\/moliere-jean-baptiste-poquelin-dit-le-divertissement-de-chambord-mesle-de-comedie-de-musique-dentree-de-ballet\/","og_site_name":"Libairie Clavreuil","article_modified_time":"2024-06-19T10:44:45+00:00","og_image":[{"width":1928,"height":2560,"url":"https:\/\/www.librairieclavreuil.com\/wp-content\/uploads\/2024\/06\/moliere-le-divertissement-de-chambord-mesle-de-comedie-de-musique-d-entree-de-ballet-8468-6648b93772d52-scaled.jpg","type":"image\/jpeg"}],"twitter_card":"summary_large_image","twitter_misc":{"Est. reading time":"1 minute"},"schema":{"@context":"https:\/\/schema.org","@graph":[{"@type":"WebPage","@id":"https:\/\/www.librairieclavreuil.com\/en\/moliere-jean-baptiste-poquelin-dit-le-divertissement-de-chambord-mesle-de-comedie-de-musique-dentree-de-ballet\/","url":"https:\/\/www.librairieclavreuil.com\/en\/moliere-jean-baptiste-poquelin-dit-le-divertissement-de-chambord-mesle-de-comedie-de-musique-dentree-de-ballet\/","name":"MOLIERE Jean-Baptiste Poquelin dit Le Divertissement de Chambord mesl\u00e9 de com\u00e9die, de musique, &amp; d'entr\u00e9e de ballet. - Libairie Clavreuil","isPartOf":{"@id":"https:\/\/www.librairieclavreuil.com\/#website"},"primaryImageOfPage":{"@id":"https:\/\/www.librairieclavreuil.com\/en\/moliere-jean-baptiste-poquelin-dit-le-divertissement-de-chambord-mesle-de-comedie-de-musique-dentree-de-ballet\/#primaryimage"},"image":{"@id":"https:\/\/www.librairieclavreuil.com\/en\/moliere-jean-baptiste-poquelin-dit-le-divertissement-de-chambord-mesle-de-comedie-de-musique-dentree-de-ballet\/#primaryimage"},"thumbnailUrl":"https:\/\/www.librairieclavreuil.com\/wp-content\/uploads\/2024\/06\/moliere-le-divertissement-de-chambord-mesle-de-comedie-de-musique-d-entree-de-ballet-8468-6648b93772d52-scaled.jpg","datePublished":"2024-06-19T10:44:33+00:00","dateModified":"2024-06-19T10:44:45+00:00","breadcrumb":{"@id":"https:\/\/www.librairieclavreuil.com\/en\/moliere-jean-baptiste-poquelin-dit-le-divertissement-de-chambord-mesle-de-comedie-de-musique-dentree-de-ballet\/#breadcrumb"},"inLanguage":"en-US","potentialAction":[{"@type":"ReadAction","target":["https:\/\/www.librairieclavreuil.com\/en\/moliere-jean-baptiste-poquelin-dit-le-divertissement-de-chambord-mesle-de-comedie-de-musique-dentree-de-ballet\/"]}]},{"@type":"ImageObject","inLanguage":"en-US","@id":"https:\/\/www.librairieclavreuil.com\/en\/moliere-jean-baptiste-poquelin-dit-le-divertissement-de-chambord-mesle-de-comedie-de-musique-dentree-de-ballet\/#primaryimage","url":"https:\/\/www.librairieclavreuil.com\/wp-content\/uploads\/2024\/06\/moliere-le-divertissement-de-chambord-mesle-de-comedie-de-musique-d-entree-de-ballet-8468-6648b93772d52-scaled.jpg","contentUrl":"https:\/\/www.librairieclavreuil.com\/wp-content\/uploads\/2024\/06\/moliere-le-divertissement-de-chambord-mesle-de-comedie-de-musique-d-entree-de-ballet-8468-6648b93772d52-scaled.jpg","width":1928,"height":2560},{"@type":"BreadcrumbList","@id":"https:\/\/www.librairieclavreuil.com\/en\/moliere-jean-baptiste-poquelin-dit-le-divertissement-de-chambord-mesle-de-comedie-de-musique-dentree-de-ballet\/#breadcrumb","itemListElement":[{"@type":"ListItem","position":1,"name":"Accueil","item":"https:\/\/www.librairieclavreuil.com\/"},{"@type":"ListItem","position":2,"name":"All our books","item":"https:\/\/www.librairieclavreuil.com\/en\/all-our-books\/"},{"@type":"ListItem","position":3,"name":"MOLIERE Jean-Baptiste Poquelin dit Le Divertissement de Chambord mesl\u00e9 de com\u00e9die, de musique, &amp; d&#8217;entr\u00e9e de ballet."}]},{"@type":"WebSite","@id":"https:\/\/www.librairieclavreuil.com\/#website","url":"https:\/\/www.librairieclavreuil.com\/","name":"Libairie Clavreuil","description":"Livres anciens, manuscrits rares et \u00e9ditions originales \u2013 Librairie Clavreuil","publisher":{"@id":"https:\/\/www.librairieclavreuil.com\/#organization"},"potentialAction":[{"@type":"SearchAction","target":{"@type":"EntryPoint","urlTemplate":"https:\/\/www.librairieclavreuil.com\/?s={search_term_string}"},"query-input":{"@type":"PropertyValueSpecification","valueRequired":true,"valueName":"search_term_string"}}],"inLanguage":"en-US"},{"@type":"Organization","@id":"https:\/\/www.librairieclavreuil.com\/#organization","name":"Libairie Clavreuil","url":"https:\/\/www.librairieclavreuil.com\/","logo":{"@type":"ImageObject","inLanguage":"en-US","@id":"https:\/\/www.librairieclavreuil.com\/#\/schema\/logo\/image\/","url":"https:\/\/www.librairieclavreuil.com\/wp-content\/uploads\/2021\/06\/cropped-LOGO_PNG_DATE-_gold-512x512-1.png","contentUrl":"https:\/\/www.librairieclavreuil.com\/wp-content\/uploads\/2021\/06\/cropped-LOGO_PNG_DATE-_gold-512x512-1.png","width":512,"height":512,"caption":"Libairie Clavreuil"},"image":{"@id":"https:\/\/www.librairieclavreuil.com\/#\/schema\/logo\/image\/"},"sameAs":["https:\/\/www.instagram.com\/librairieclavreuil\/"]}]}},"jetpack_sharing_enabled":true,"_links":{"self":[{"href":"https:\/\/www.librairieclavreuil.com\/en\/wp-json\/wp\/v2\/product\/78439","targetHints":{"allow":["GET"]}}],"collection":[{"href":"https:\/\/www.librairieclavreuil.com\/en\/wp-json\/wp\/v2\/product"}],"about":[{"href":"https:\/\/www.librairieclavreuil.com\/en\/wp-json\/wp\/v2\/types\/product"}],"replies":[{"embeddable":true,"href":"https:\/\/www.librairieclavreuil.com\/en\/wp-json\/wp\/v2\/comments?post=78439"}],"wp:featuredmedia":[{"embeddable":true,"href":"https:\/\/www.librairieclavreuil.com\/en\/wp-json\/wp\/v2\/media\/78436"}],"wp:attachment":[{"href":"https:\/\/www.librairieclavreuil.com\/en\/wp-json\/wp\/v2\/media?parent=78439"}],"wp:term":[{"taxonomy":"product_brand","embeddable":true,"href":"https:\/\/www.librairieclavreuil.com\/en\/wp-json\/wp\/v2\/product_brand?post=78439"},{"taxonomy":"product_cat","embeddable":true,"href":"https:\/\/www.librairieclavreuil.com\/en\/wp-json\/wp\/v2\/product_cat?post=78439"},{"taxonomy":"product_tag","embeddable":true,"href":"https:\/\/www.librairieclavreuil.com\/en\/wp-json\/wp\/v2\/product_tag?post=78439"}],"curies":[{"name":"wp","href":"https:\/\/api.w.org\/{rel}","templated":true}]}}