{"id":78435,"date":"2024-06-19T12:44:13","date_gmt":"2024-06-19T10:44:13","guid":{"rendered":"https:\/\/www.librairieclavreuil.com\/moliere-jean-baptiste-poquelin-dit-le-bourgeois-gentil-homme-comedie-ballet-donne-par-le-roi-a-toute-sa-cour-dans-le-chasteau-de-chambort-au-mois-doctobre-1670-2\/"},"modified":"2024-06-27T15:41:34","modified_gmt":"2024-06-27T13:41:34","slug":"moliere-jean-baptiste-poquelin-dit-le-bourgeois-gentil-homme-comedie-ballet-donne-par-le-roi-a-toute-sa-cour-dans-le-chasteau-de-chambort-au-mois-doctobre-1670-2","status":"publish","type":"product","link":"https:\/\/www.librairieclavreuil.com\/en\/moliere-jean-baptiste-poquelin-dit-le-bourgeois-gentil-homme-comedie-ballet-donne-par-le-roi-a-toute-sa-cour-dans-le-chasteau-de-chambort-au-mois-doctobre-1670-2\/","title":{"rendered":"MOLIERE Jean-Baptiste Poquelin dit Le Bourgeois Gentil-Homme, com\u00e9die-ballet,..."},"content":{"rendered":"<p style=\"text-align:justify\"><i>Tchemerzine-Scheler, IV, 813 ; Lacroix, 201 ; Guibert, 468:1 ; Brunet, III, 1807;&nbsp;La Valli\u00e8re, Ballets, p. 84; Malkin, Dancing by the Book, 107.20.<\/i><\/p>\n<p><span style=\"font-variant:small-caps\">First edition, very rare of Moli\u00e8re&#8217;s and Lully&#8217;s most famous collaboration.<\/span><\/p>\n<p style=\"text-align:justify\">\u2018It is extremely rare and preceded the edition of the complete text\u2019 (see Tchemerzine).<\/p>\n<p style=\"text-align:justify\">At the request of Louis XIV, the play, which featured Turks and scenes inspired by the Orient, was first performed on 14 October 1670 at Chambord. The choreography was arranged by Beauchamp, the music by Lully, and Vigarani and de Gissey created the scenery.<\/p>\n<p style=\"text-align:justify\">\u2018<i>Le Bourgeois-Gentilhomme<\/i> was always in favour with the king, and long after Moli\u00e8re&#8217;s death the king would have the comedy performed to his music&#8230; The extraordinary variety of scenes and the possibilities offered by the ballets in this astonishing play have definitively placed it among the finest achievements of the theatre\u2019 (see Guibert).<\/p>\n<p style=\"text-align:justify\">&#8220;The most famous and the most influential of the com\u00e9die-ballets created by Moli\u00e8re and Lully in collaboration&#8221; (Malkin).<\/p>\n<p style=\"text-align:justify\">A very rare edition, of which we have not been able to trace any copies offered for public sale for over 100 years.<\/p>\n<p style=\"text-align:justify\">\u2018This first edition is extremely rare and remains highly sought after by bibliophiles specializing in 17th century ballets\u2019 (see Guibert).<\/p>\n<p style=\"text-align:justify\">A very good copy.<\/p>\n","protected":false},"excerpt":{"rendered":"<p>4to (223 x 172 mm) title, 26 pp. Modern flexible marbled boards, bound in style.<\/p>\n","protected":false},"featured_media":78432,"comment_status":"open","ping_status":"closed","template":"","meta":{"_acf_changed":false},"product_brand":[],"product_cat":[544],"product_tag":[1257,1450,1255],"class_list":{"0":"post-78435","1":"product","2":"type-product","3":"status-publish","4":"has-post-thumbnail","6":"product_cat-literature","7":"product_tag-dance","8":"product_tag-first-edition","9":"product_tag-theatre-dance","10":"pa_auteur-moliere-jean-baptiste-poquelin-dit-2","11":"pa_type-de-livre-printed-book","13":"first","14":"instock","15":"shipping-taxable","16":"purchasable","17":"product-type-simple"},"acf":{"artist":"Jean-Baptiste Poquelin dit MOLIERE","chapeau":"Louis XIV\u2019s favorite play","adresse_bibliographique":"Paris, Robert Ballard, 1670","book_type":"Printed book","provenance":"","afficher_prix":""},"yoast_head":"<!-- This site is optimized with the Yoast SEO plugin v24.7 - https:\/\/yoast.com\/wordpress\/plugins\/seo\/ -->\n<title>MOLIERE Jean-Baptiste Poquelin dit Le Bourgeois Gentil-Homme, com\u00e9die-ballet, donn\u00e9 par le roi \u00e0 toute sa cour dans le chasteau de Chambort, au mois d&#039;octobre 1670. - Libairie Clavreuil<\/title>\n<meta name=\"robots\" content=\"index, follow, max-snippet:-1, max-image-preview:large, max-video-preview:-1\" \/>\n<link rel=\"canonical\" href=\"https:\/\/www.librairieclavreuil.com\/en\/moliere-jean-baptiste-poquelin-dit-le-bourgeois-gentil-homme-comedie-ballet-donne-par-le-roi-a-toute-sa-cour-dans-le-chasteau-de-chambort-au-mois-doctobre-1670-2\/\" \/>\n<meta property=\"og:locale\" content=\"en_US\" \/>\n<meta property=\"og:type\" content=\"article\" \/>\n<meta property=\"og:title\" content=\"MOLIERE Jean-Baptiste Poquelin dit Le Bourgeois Gentil-Homme, com\u00e9die-ballet, donn\u00e9 par le roi \u00e0 toute sa cour dans le chasteau de Chambort, au mois d&#039;octobre 1670. - Libairie Clavreuil\" \/>\n<meta property=\"og:description\" content=\"4to (223 x 172 mm) title, 26 pp. Modern flexible marbled boards, bound in style.\" \/>\n<meta property=\"og:url\" content=\"https:\/\/www.librairieclavreuil.com\/en\/moliere-jean-baptiste-poquelin-dit-le-bourgeois-gentil-homme-comedie-ballet-donne-par-le-roi-a-toute-sa-cour-dans-le-chasteau-de-chambort-au-mois-doctobre-1670-2\/\" \/>\n<meta property=\"og:site_name\" content=\"Libairie Clavreuil\" \/>\n<meta property=\"article:modified_time\" content=\"2024-06-27T13:41:34+00:00\" \/>\n<meta property=\"og:image\" content=\"https:\/\/www.librairieclavreuil.com\/wp-content\/uploads\/2024\/06\/moliere-le-bourgeois-gentil-homme-comedie-ballet-donne-par-le-roi-a-toute-sa-cour-dans-le-chasteau-de-chambort-au-mois-d-octobre-1670-8461-6648b90153c-1-scaled.jpg\" \/>\n\t<meta property=\"og:image:width\" content=\"1789\" \/>\n\t<meta property=\"og:image:height\" content=\"2560\" \/>\n\t<meta property=\"og:image:type\" content=\"image\/jpeg\" \/>\n<meta name=\"twitter:card\" content=\"summary_large_image\" \/>\n<meta name=\"twitter:label1\" content=\"Est. reading time\" \/>\n\t<meta name=\"twitter:data1\" content=\"1 minute\" \/>\n<script type=\"application\/ld+json\" class=\"yoast-schema-graph\">{\"@context\":\"https:\/\/schema.org\",\"@graph\":[{\"@type\":\"WebPage\",\"@id\":\"https:\/\/www.librairieclavreuil.com\/en\/moliere-jean-baptiste-poquelin-dit-le-bourgeois-gentil-homme-comedie-ballet-donne-par-le-roi-a-toute-sa-cour-dans-le-chasteau-de-chambort-au-mois-doctobre-1670-2\/\",\"url\":\"https:\/\/www.librairieclavreuil.com\/en\/moliere-jean-baptiste-poquelin-dit-le-bourgeois-gentil-homme-comedie-ballet-donne-par-le-roi-a-toute-sa-cour-dans-le-chasteau-de-chambort-au-mois-doctobre-1670-2\/\",\"name\":\"MOLIERE Jean-Baptiste Poquelin dit Le Bourgeois Gentil-Homme, com\u00e9die-ballet, donn\u00e9 par le roi \u00e0 toute sa cour dans le chasteau de Chambort, au mois d'octobre 1670. - Libairie Clavreuil\",\"isPartOf\":{\"@id\":\"https:\/\/www.librairieclavreuil.com\/#website\"},\"primaryImageOfPage\":{\"@id\":\"https:\/\/www.librairieclavreuil.com\/en\/moliere-jean-baptiste-poquelin-dit-le-bourgeois-gentil-homme-comedie-ballet-donne-par-le-roi-a-toute-sa-cour-dans-le-chasteau-de-chambort-au-mois-doctobre-1670-2\/#primaryimage\"},\"image\":{\"@id\":\"https:\/\/www.librairieclavreuil.com\/en\/moliere-jean-baptiste-poquelin-dit-le-bourgeois-gentil-homme-comedie-ballet-donne-par-le-roi-a-toute-sa-cour-dans-le-chasteau-de-chambort-au-mois-doctobre-1670-2\/#primaryimage\"},\"thumbnailUrl\":\"https:\/\/www.librairieclavreuil.com\/wp-content\/uploads\/2024\/06\/moliere-le-bourgeois-gentil-homme-comedie-ballet-donne-par-le-roi-a-toute-sa-cour-dans-le-chasteau-de-chambort-au-mois-d-octobre-1670-8461-6648b90153c-1-scaled.jpg\",\"datePublished\":\"2024-06-19T10:44:13+00:00\",\"dateModified\":\"2024-06-27T13:41:34+00:00\",\"breadcrumb\":{\"@id\":\"https:\/\/www.librairieclavreuil.com\/en\/moliere-jean-baptiste-poquelin-dit-le-bourgeois-gentil-homme-comedie-ballet-donne-par-le-roi-a-toute-sa-cour-dans-le-chasteau-de-chambort-au-mois-doctobre-1670-2\/#breadcrumb\"},\"inLanguage\":\"en-US\",\"potentialAction\":[{\"@type\":\"ReadAction\",\"target\":[\"https:\/\/www.librairieclavreuil.com\/en\/moliere-jean-baptiste-poquelin-dit-le-bourgeois-gentil-homme-comedie-ballet-donne-par-le-roi-a-toute-sa-cour-dans-le-chasteau-de-chambort-au-mois-doctobre-1670-2\/\"]}]},{\"@type\":\"ImageObject\",\"inLanguage\":\"en-US\",\"@id\":\"https:\/\/www.librairieclavreuil.com\/en\/moliere-jean-baptiste-poquelin-dit-le-bourgeois-gentil-homme-comedie-ballet-donne-par-le-roi-a-toute-sa-cour-dans-le-chasteau-de-chambort-au-mois-doctobre-1670-2\/#primaryimage\",\"url\":\"https:\/\/www.librairieclavreuil.com\/wp-content\/uploads\/2024\/06\/moliere-le-bourgeois-gentil-homme-comedie-ballet-donne-par-le-roi-a-toute-sa-cour-dans-le-chasteau-de-chambort-au-mois-d-octobre-1670-8461-6648b90153c-1-scaled.jpg\",\"contentUrl\":\"https:\/\/www.librairieclavreuil.com\/wp-content\/uploads\/2024\/06\/moliere-le-bourgeois-gentil-homme-comedie-ballet-donne-par-le-roi-a-toute-sa-cour-dans-le-chasteau-de-chambort-au-mois-d-octobre-1670-8461-6648b90153c-1-scaled.jpg\",\"width\":1789,\"height\":2560},{\"@type\":\"BreadcrumbList\",\"@id\":\"https:\/\/www.librairieclavreuil.com\/en\/moliere-jean-baptiste-poquelin-dit-le-bourgeois-gentil-homme-comedie-ballet-donne-par-le-roi-a-toute-sa-cour-dans-le-chasteau-de-chambort-au-mois-doctobre-1670-2\/#breadcrumb\",\"itemListElement\":[{\"@type\":\"ListItem\",\"position\":1,\"name\":\"Accueil\",\"item\":\"https:\/\/www.librairieclavreuil.com\/\"},{\"@type\":\"ListItem\",\"position\":2,\"name\":\"All our books\",\"item\":\"https:\/\/www.librairieclavreuil.com\/en\/all-our-books\/\"},{\"@type\":\"ListItem\",\"position\":3,\"name\":\"MOLIERE Jean-Baptiste Poquelin dit Le Bourgeois Gentil-Homme, com\u00e9die-ballet, donn\u00e9 par le roi \u00e0 toute sa cour dans le chasteau de Chambort, au mois d&#8217;octobre 1670.\"}]},{\"@type\":\"WebSite\",\"@id\":\"https:\/\/www.librairieclavreuil.com\/#website\",\"url\":\"https:\/\/www.librairieclavreuil.com\/\",\"name\":\"Libairie Clavreuil\",\"description\":\"Livres anciens, manuscrits rares et \u00e9ditions originales \u2013 Librairie Clavreuil\",\"publisher\":{\"@id\":\"https:\/\/www.librairieclavreuil.com\/#organization\"},\"potentialAction\":[{\"@type\":\"SearchAction\",\"target\":{\"@type\":\"EntryPoint\",\"urlTemplate\":\"https:\/\/www.librairieclavreuil.com\/?s={search_term_string}\"},\"query-input\":{\"@type\":\"PropertyValueSpecification\",\"valueRequired\":true,\"valueName\":\"search_term_string\"}}],\"inLanguage\":\"en-US\"},{\"@type\":\"Organization\",\"@id\":\"https:\/\/www.librairieclavreuil.com\/#organization\",\"name\":\"Libairie Clavreuil\",\"url\":\"https:\/\/www.librairieclavreuil.com\/\",\"logo\":{\"@type\":\"ImageObject\",\"inLanguage\":\"en-US\",\"@id\":\"https:\/\/www.librairieclavreuil.com\/#\/schema\/logo\/image\/\",\"url\":\"https:\/\/www.librairieclavreuil.com\/wp-content\/uploads\/2021\/06\/cropped-LOGO_PNG_DATE-_gold-512x512-1.png\",\"contentUrl\":\"https:\/\/www.librairieclavreuil.com\/wp-content\/uploads\/2021\/06\/cropped-LOGO_PNG_DATE-_gold-512x512-1.png\",\"width\":512,\"height\":512,\"caption\":\"Libairie Clavreuil\"},\"image\":{\"@id\":\"https:\/\/www.librairieclavreuil.com\/#\/schema\/logo\/image\/\"},\"sameAs\":[\"https:\/\/www.instagram.com\/librairieclavreuil\/\"]}]}<\/script>\n<!-- \/ Yoast SEO plugin. -->","yoast_head_json":{"title":"MOLIERE Jean-Baptiste Poquelin dit Le Bourgeois Gentil-Homme, com\u00e9die-ballet, donn\u00e9 par le roi \u00e0 toute sa cour dans le chasteau de Chambort, au mois d'octobre 1670. - Libairie Clavreuil","robots":{"index":"index","follow":"follow","max-snippet":"max-snippet:-1","max-image-preview":"max-image-preview:large","max-video-preview":"max-video-preview:-1"},"canonical":"https:\/\/www.librairieclavreuil.com\/en\/moliere-jean-baptiste-poquelin-dit-le-bourgeois-gentil-homme-comedie-ballet-donne-par-le-roi-a-toute-sa-cour-dans-le-chasteau-de-chambort-au-mois-doctobre-1670-2\/","og_locale":"en_US","og_type":"article","og_title":"MOLIERE Jean-Baptiste Poquelin dit Le Bourgeois Gentil-Homme, com\u00e9die-ballet, donn\u00e9 par le roi \u00e0 toute sa cour dans le chasteau de Chambort, au mois d'octobre 1670. - Libairie Clavreuil","og_description":"4to (223 x 172 mm) title, 26 pp. Modern flexible marbled boards, bound in style.","og_url":"https:\/\/www.librairieclavreuil.com\/en\/moliere-jean-baptiste-poquelin-dit-le-bourgeois-gentil-homme-comedie-ballet-donne-par-le-roi-a-toute-sa-cour-dans-le-chasteau-de-chambort-au-mois-doctobre-1670-2\/","og_site_name":"Libairie Clavreuil","article_modified_time":"2024-06-27T13:41:34+00:00","og_image":[{"width":1789,"height":2560,"url":"https:\/\/www.librairieclavreuil.com\/wp-content\/uploads\/2024\/06\/moliere-le-bourgeois-gentil-homme-comedie-ballet-donne-par-le-roi-a-toute-sa-cour-dans-le-chasteau-de-chambort-au-mois-d-octobre-1670-8461-6648b90153c-1-scaled.jpg","type":"image\/jpeg"}],"twitter_card":"summary_large_image","twitter_misc":{"Est. reading time":"1 minute"},"schema":{"@context":"https:\/\/schema.org","@graph":[{"@type":"WebPage","@id":"https:\/\/www.librairieclavreuil.com\/en\/moliere-jean-baptiste-poquelin-dit-le-bourgeois-gentil-homme-comedie-ballet-donne-par-le-roi-a-toute-sa-cour-dans-le-chasteau-de-chambort-au-mois-doctobre-1670-2\/","url":"https:\/\/www.librairieclavreuil.com\/en\/moliere-jean-baptiste-poquelin-dit-le-bourgeois-gentil-homme-comedie-ballet-donne-par-le-roi-a-toute-sa-cour-dans-le-chasteau-de-chambort-au-mois-doctobre-1670-2\/","name":"MOLIERE Jean-Baptiste Poquelin dit Le Bourgeois Gentil-Homme, com\u00e9die-ballet, donn\u00e9 par le roi \u00e0 toute sa cour dans le chasteau de Chambort, au mois d'octobre 1670. - Libairie Clavreuil","isPartOf":{"@id":"https:\/\/www.librairieclavreuil.com\/#website"},"primaryImageOfPage":{"@id":"https:\/\/www.librairieclavreuil.com\/en\/moliere-jean-baptiste-poquelin-dit-le-bourgeois-gentil-homme-comedie-ballet-donne-par-le-roi-a-toute-sa-cour-dans-le-chasteau-de-chambort-au-mois-doctobre-1670-2\/#primaryimage"},"image":{"@id":"https:\/\/www.librairieclavreuil.com\/en\/moliere-jean-baptiste-poquelin-dit-le-bourgeois-gentil-homme-comedie-ballet-donne-par-le-roi-a-toute-sa-cour-dans-le-chasteau-de-chambort-au-mois-doctobre-1670-2\/#primaryimage"},"thumbnailUrl":"https:\/\/www.librairieclavreuil.com\/wp-content\/uploads\/2024\/06\/moliere-le-bourgeois-gentil-homme-comedie-ballet-donne-par-le-roi-a-toute-sa-cour-dans-le-chasteau-de-chambort-au-mois-d-octobre-1670-8461-6648b90153c-1-scaled.jpg","datePublished":"2024-06-19T10:44:13+00:00","dateModified":"2024-06-27T13:41:34+00:00","breadcrumb":{"@id":"https:\/\/www.librairieclavreuil.com\/en\/moliere-jean-baptiste-poquelin-dit-le-bourgeois-gentil-homme-comedie-ballet-donne-par-le-roi-a-toute-sa-cour-dans-le-chasteau-de-chambort-au-mois-doctobre-1670-2\/#breadcrumb"},"inLanguage":"en-US","potentialAction":[{"@type":"ReadAction","target":["https:\/\/www.librairieclavreuil.com\/en\/moliere-jean-baptiste-poquelin-dit-le-bourgeois-gentil-homme-comedie-ballet-donne-par-le-roi-a-toute-sa-cour-dans-le-chasteau-de-chambort-au-mois-doctobre-1670-2\/"]}]},{"@type":"ImageObject","inLanguage":"en-US","@id":"https:\/\/www.librairieclavreuil.com\/en\/moliere-jean-baptiste-poquelin-dit-le-bourgeois-gentil-homme-comedie-ballet-donne-par-le-roi-a-toute-sa-cour-dans-le-chasteau-de-chambort-au-mois-doctobre-1670-2\/#primaryimage","url":"https:\/\/www.librairieclavreuil.com\/wp-content\/uploads\/2024\/06\/moliere-le-bourgeois-gentil-homme-comedie-ballet-donne-par-le-roi-a-toute-sa-cour-dans-le-chasteau-de-chambort-au-mois-d-octobre-1670-8461-6648b90153c-1-scaled.jpg","contentUrl":"https:\/\/www.librairieclavreuil.com\/wp-content\/uploads\/2024\/06\/moliere-le-bourgeois-gentil-homme-comedie-ballet-donne-par-le-roi-a-toute-sa-cour-dans-le-chasteau-de-chambort-au-mois-d-octobre-1670-8461-6648b90153c-1-scaled.jpg","width":1789,"height":2560},{"@type":"BreadcrumbList","@id":"https:\/\/www.librairieclavreuil.com\/en\/moliere-jean-baptiste-poquelin-dit-le-bourgeois-gentil-homme-comedie-ballet-donne-par-le-roi-a-toute-sa-cour-dans-le-chasteau-de-chambort-au-mois-doctobre-1670-2\/#breadcrumb","itemListElement":[{"@type":"ListItem","position":1,"name":"Accueil","item":"https:\/\/www.librairieclavreuil.com\/"},{"@type":"ListItem","position":2,"name":"All our books","item":"https:\/\/www.librairieclavreuil.com\/en\/all-our-books\/"},{"@type":"ListItem","position":3,"name":"MOLIERE Jean-Baptiste Poquelin dit Le Bourgeois Gentil-Homme, com\u00e9die-ballet, donn\u00e9 par le roi \u00e0 toute sa cour dans le chasteau de Chambort, au mois d&#8217;octobre 1670."}]},{"@type":"WebSite","@id":"https:\/\/www.librairieclavreuil.com\/#website","url":"https:\/\/www.librairieclavreuil.com\/","name":"Libairie Clavreuil","description":"Livres anciens, manuscrits rares et \u00e9ditions originales \u2013 Librairie Clavreuil","publisher":{"@id":"https:\/\/www.librairieclavreuil.com\/#organization"},"potentialAction":[{"@type":"SearchAction","target":{"@type":"EntryPoint","urlTemplate":"https:\/\/www.librairieclavreuil.com\/?s={search_term_string}"},"query-input":{"@type":"PropertyValueSpecification","valueRequired":true,"valueName":"search_term_string"}}],"inLanguage":"en-US"},{"@type":"Organization","@id":"https:\/\/www.librairieclavreuil.com\/#organization","name":"Libairie Clavreuil","url":"https:\/\/www.librairieclavreuil.com\/","logo":{"@type":"ImageObject","inLanguage":"en-US","@id":"https:\/\/www.librairieclavreuil.com\/#\/schema\/logo\/image\/","url":"https:\/\/www.librairieclavreuil.com\/wp-content\/uploads\/2021\/06\/cropped-LOGO_PNG_DATE-_gold-512x512-1.png","contentUrl":"https:\/\/www.librairieclavreuil.com\/wp-content\/uploads\/2021\/06\/cropped-LOGO_PNG_DATE-_gold-512x512-1.png","width":512,"height":512,"caption":"Libairie Clavreuil"},"image":{"@id":"https:\/\/www.librairieclavreuil.com\/#\/schema\/logo\/image\/"},"sameAs":["https:\/\/www.instagram.com\/librairieclavreuil\/"]}]}},"jetpack_sharing_enabled":true,"_links":{"self":[{"href":"https:\/\/www.librairieclavreuil.com\/en\/wp-json\/wp\/v2\/product\/78435","targetHints":{"allow":["GET"]}}],"collection":[{"href":"https:\/\/www.librairieclavreuil.com\/en\/wp-json\/wp\/v2\/product"}],"about":[{"href":"https:\/\/www.librairieclavreuil.com\/en\/wp-json\/wp\/v2\/types\/product"}],"replies":[{"embeddable":true,"href":"https:\/\/www.librairieclavreuil.com\/en\/wp-json\/wp\/v2\/comments?post=78435"}],"wp:featuredmedia":[{"embeddable":true,"href":"https:\/\/www.librairieclavreuil.com\/en\/wp-json\/wp\/v2\/media\/78432"}],"wp:attachment":[{"href":"https:\/\/www.librairieclavreuil.com\/en\/wp-json\/wp\/v2\/media?parent=78435"}],"wp:term":[{"taxonomy":"product_brand","embeddable":true,"href":"https:\/\/www.librairieclavreuil.com\/en\/wp-json\/wp\/v2\/product_brand?post=78435"},{"taxonomy":"product_cat","embeddable":true,"href":"https:\/\/www.librairieclavreuil.com\/en\/wp-json\/wp\/v2\/product_cat?post=78435"},{"taxonomy":"product_tag","embeddable":true,"href":"https:\/\/www.librairieclavreuil.com\/en\/wp-json\/wp\/v2\/product_tag?post=78435"}],"curies":[{"name":"wp","href":"https:\/\/api.w.org\/{rel}","templated":true}]}}