{"id":78427,"date":"2024-06-19T12:42:01","date_gmt":"2024-06-19T10:42:01","guid":{"rendered":"https:\/\/www.librairieclavreuil.com\/moliere-jean-baptiste-poquelin-dit-ballet-des-muses-danse-par-sa-majeste-a-son-chasteau-de-s-germain-en-laye-le-2-decembre-1666\/"},"modified":"2024-06-19T12:42:14","modified_gmt":"2024-06-19T10:42:14","slug":"moliere-jean-baptiste-poquelin-dit-ballet-des-muses-danse-par-sa-majeste-a-son-chasteau-de-s-germain-en-laye-le-2-decembre-1666","status":"publish","type":"product","link":"https:\/\/www.librairieclavreuil.com\/en\/moliere-jean-baptiste-poquelin-dit-ballet-des-muses-danse-par-sa-majeste-a-son-chasteau-de-s-germain-en-laye-le-2-decembre-1666\/","title":{"rendered":"MOLIERE Jean-Baptiste Poquelin dit Ballet des muses. Dans\u00e9..."},"content":{"rendered":"<p><em>Guibert, 501:5; Tchemerzine-Scheler, IV, 810; Lacroix, 197; Brunet, III, 1805; Malkin, Dancing by the Book, 107.17.<\/em><\/p>\n<p>Definitive edition, the fifth in the chronology given by Guibert.<\/p>\n<p>&quot;Elle est rarissime. On y trouve l&#039;adjonction de la quatorzi&egrave;me <em>Entr&eacute;e<\/em> de la <em>Com&eacute;die du Sicilien<\/em> occupant les pages 37 &agrave; 47, soit 11 pages avec un verso blanc. La mention &#039;Fin du Ballet&#039; ne figure pas cette &eacute;dition [&quot;It is extremely rare. It contains the addition of the fourteenth <em>Entr&eacute;e de la Com&eacute;die du Sicilien<\/em> occupying pages 37 to 47, that is to say 11 pages with a blank verso. The words &#039;Fin du Ballet&#039; do not appear in this edition]&quot; (Guibert).<\/p>\n<p>&quot;Ce ballet est pr&eacute;cieux, parce qu&#039;il nous a conserv&eacute; quelques fragments d&#039;une pi&egrave;ce de Moli&egrave;re, qui n&#039;existe plus. Cette pi&egrave;ce en XV sc&egrave;nes, intitul&eacute;e : <em>M&eacute;licerte, Pastorale comique<\/em>, faisait partie de la 3e entr&eacute;e du ballet. Moli&egrave;re y jouait le r&ocirc;le de Lycas, un des bergers. La jugeant sans doute indigne, il la mit au feu&#8230; La troisi&egrave;me &eacute;dition [!] du <em>Ballet des Muses<\/em>, la plus compl&egrave;te (80 pages), tandis que la premi&egrave;re n&#039;en a que 29, est rarissime.&quot; [&quot;This ballet is precious because it has preserved for us some fragments of a play by Moli&egrave;re, which no longer exists. This play in XV scenes, entitled: <em>M&eacute;licerte, Pastorale comique<\/em>, was part of the 3rd entry of the ballet. Moli&egrave;re played the role of Lycas, one of the shepherds. No doubt deeming it unworthy, he burned it&#8230; The third edition [!] of the <em>Ballet des Muses<\/em>, the most complete (80 pages), while the first has only 29, is extremely rare&quot;] (Lacroix).<\/p>\n<p>&quot;It contains the outline and the two scenes sung by the musicians and the Turkish slaves&quot; (Tchemerzine).<\/p>\n<p>&quot;The ballet was given with music by Lully. Most probably the second part, &quot;Vers sur la perosnne &amp; le personnage&#8230;&quot;, which begins on xH1, was printed first, miscalculating the extent of the first part and necessitating the repeated&nbsp; signatures and pagination&quot; (Malkin).<\/p>\n<p>Of this rare edition USTC locates only one institutional copy(BnF), no copy is indicated neither in the United Kingdom nor in the United States.<\/p>\n<p>A good copy of this very rare edition.<\/p>\n","protected":false},"excerpt":{"rendered":"<p>4to (223 x 165 mm) [80]pp. (paginated 1-47, 29-60). Modern boards.<\/p>\n","protected":false},"featured_media":78424,"comment_status":"open","ping_status":"closed","template":"","meta":{"_acf_changed":false},"product_brand":[],"product_cat":[544],"product_tag":[1257],"class_list":{"0":"post-78427","1":"product","2":"type-product","3":"status-publish","4":"has-post-thumbnail","6":"product_cat-literature","7":"product_tag-dance","8":"pa_auteur-moliere-jean-baptiste-poquelin-dit-2","9":"pa_type-de-livre-printed-book","11":"first","12":"instock","13":"shipping-taxable","14":"purchasable","15":"product-type-simple"},"acf":{"artist":"Jean-Baptiste Poquelin dit MOLIERE","chapeau":"","adresse_bibliographique":"Paris, Robert Ballard, 1666","book_type":"Printed book","provenance":"","afficher_prix":""},"yoast_head":"<!-- This site is optimized with the Yoast SEO plugin v24.7 - https:\/\/yoast.com\/wordpress\/plugins\/seo\/ -->\n<title>MOLIERE Jean-Baptiste Poquelin dit Ballet des muses. Dans\u00e9 par sa majest\u00e9 \u00e0 son chasteau de S. Germain en Laye le 2. d\u00e9cembre 1666. - Libairie Clavreuil<\/title>\n<meta name=\"robots\" content=\"index, follow, max-snippet:-1, max-image-preview:large, max-video-preview:-1\" \/>\n<link rel=\"canonical\" href=\"https:\/\/www.librairieclavreuil.com\/en\/moliere-jean-baptiste-poquelin-dit-ballet-des-muses-danse-par-sa-majeste-a-son-chasteau-de-s-germain-en-laye-le-2-decembre-1666\/\" \/>\n<meta property=\"og:locale\" content=\"en_US\" \/>\n<meta property=\"og:type\" content=\"article\" \/>\n<meta property=\"og:title\" content=\"MOLIERE Jean-Baptiste Poquelin dit Ballet des muses. Dans\u00e9 par sa majest\u00e9 \u00e0 son chasteau de S. Germain en Laye le 2. d\u00e9cembre 1666. - Libairie Clavreuil\" \/>\n<meta property=\"og:description\" content=\"4to (223 x 165 mm) [80]pp. (paginated 1-47, 29-60). Modern boards.\" \/>\n<meta property=\"og:url\" content=\"https:\/\/www.librairieclavreuil.com\/en\/moliere-jean-baptiste-poquelin-dit-ballet-des-muses-danse-par-sa-majeste-a-son-chasteau-de-s-germain-en-laye-le-2-decembre-1666\/\" \/>\n<meta property=\"og:site_name\" content=\"Libairie Clavreuil\" \/>\n<meta property=\"article:modified_time\" content=\"2024-06-19T10:42:14+00:00\" \/>\n<meta property=\"og:image\" content=\"https:\/\/www.librairieclavreuil.com\/wp-content\/uploads\/2024\/06\/jean-baptiste-poquelin-dit-moliere-ballet-des-muses-danse-par-sa-majeste-a-son-chasteau-de-s-germain-en-laye-le-2-decembre-1666-8362-66585255e23ca.jpg\" \/>\n\t<meta property=\"og:image:width\" content=\"1523\" \/>\n\t<meta property=\"og:image:height\" content=\"2042\" \/>\n\t<meta property=\"og:image:type\" content=\"image\/jpeg\" \/>\n<meta name=\"twitter:card\" content=\"summary_large_image\" \/>\n<meta name=\"twitter:label1\" content=\"Est. reading time\" \/>\n\t<meta name=\"twitter:data1\" content=\"2 minutes\" \/>\n<script type=\"application\/ld+json\" class=\"yoast-schema-graph\">{\"@context\":\"https:\/\/schema.org\",\"@graph\":[{\"@type\":\"WebPage\",\"@id\":\"https:\/\/www.librairieclavreuil.com\/en\/moliere-jean-baptiste-poquelin-dit-ballet-des-muses-danse-par-sa-majeste-a-son-chasteau-de-s-germain-en-laye-le-2-decembre-1666\/\",\"url\":\"https:\/\/www.librairieclavreuil.com\/en\/moliere-jean-baptiste-poquelin-dit-ballet-des-muses-danse-par-sa-majeste-a-son-chasteau-de-s-germain-en-laye-le-2-decembre-1666\/\",\"name\":\"MOLIERE Jean-Baptiste Poquelin dit Ballet des muses. Dans\u00e9 par sa majest\u00e9 \u00e0 son chasteau de S. Germain en Laye le 2. d\u00e9cembre 1666. - Libairie Clavreuil\",\"isPartOf\":{\"@id\":\"https:\/\/www.librairieclavreuil.com\/#website\"},\"primaryImageOfPage\":{\"@id\":\"https:\/\/www.librairieclavreuil.com\/en\/moliere-jean-baptiste-poquelin-dit-ballet-des-muses-danse-par-sa-majeste-a-son-chasteau-de-s-germain-en-laye-le-2-decembre-1666\/#primaryimage\"},\"image\":{\"@id\":\"https:\/\/www.librairieclavreuil.com\/en\/moliere-jean-baptiste-poquelin-dit-ballet-des-muses-danse-par-sa-majeste-a-son-chasteau-de-s-germain-en-laye-le-2-decembre-1666\/#primaryimage\"},\"thumbnailUrl\":\"https:\/\/www.librairieclavreuil.com\/wp-content\/uploads\/2024\/06\/jean-baptiste-poquelin-dit-moliere-ballet-des-muses-danse-par-sa-majeste-a-son-chasteau-de-s-germain-en-laye-le-2-decembre-1666-8362-66585255e23ca.jpg\",\"datePublished\":\"2024-06-19T10:42:01+00:00\",\"dateModified\":\"2024-06-19T10:42:14+00:00\",\"breadcrumb\":{\"@id\":\"https:\/\/www.librairieclavreuil.com\/en\/moliere-jean-baptiste-poquelin-dit-ballet-des-muses-danse-par-sa-majeste-a-son-chasteau-de-s-germain-en-laye-le-2-decembre-1666\/#breadcrumb\"},\"inLanguage\":\"en-US\",\"potentialAction\":[{\"@type\":\"ReadAction\",\"target\":[\"https:\/\/www.librairieclavreuil.com\/en\/moliere-jean-baptiste-poquelin-dit-ballet-des-muses-danse-par-sa-majeste-a-son-chasteau-de-s-germain-en-laye-le-2-decembre-1666\/\"]}]},{\"@type\":\"ImageObject\",\"inLanguage\":\"en-US\",\"@id\":\"https:\/\/www.librairieclavreuil.com\/en\/moliere-jean-baptiste-poquelin-dit-ballet-des-muses-danse-par-sa-majeste-a-son-chasteau-de-s-germain-en-laye-le-2-decembre-1666\/#primaryimage\",\"url\":\"https:\/\/www.librairieclavreuil.com\/wp-content\/uploads\/2024\/06\/jean-baptiste-poquelin-dit-moliere-ballet-des-muses-danse-par-sa-majeste-a-son-chasteau-de-s-germain-en-laye-le-2-decembre-1666-8362-66585255e23ca.jpg\",\"contentUrl\":\"https:\/\/www.librairieclavreuil.com\/wp-content\/uploads\/2024\/06\/jean-baptiste-poquelin-dit-moliere-ballet-des-muses-danse-par-sa-majeste-a-son-chasteau-de-s-germain-en-laye-le-2-decembre-1666-8362-66585255e23ca.jpg\",\"width\":1523,\"height\":2042},{\"@type\":\"BreadcrumbList\",\"@id\":\"https:\/\/www.librairieclavreuil.com\/en\/moliere-jean-baptiste-poquelin-dit-ballet-des-muses-danse-par-sa-majeste-a-son-chasteau-de-s-germain-en-laye-le-2-decembre-1666\/#breadcrumb\",\"itemListElement\":[{\"@type\":\"ListItem\",\"position\":1,\"name\":\"Accueil\",\"item\":\"https:\/\/www.librairieclavreuil.com\/\"},{\"@type\":\"ListItem\",\"position\":2,\"name\":\"All our books\",\"item\":\"https:\/\/www.librairieclavreuil.com\/en\/all-our-books\/\"},{\"@type\":\"ListItem\",\"position\":3,\"name\":\"MOLIERE Jean-Baptiste Poquelin dit Ballet des muses. Dans\u00e9 par sa majest\u00e9 \u00e0 son chasteau de S. Germain en Laye le 2. d\u00e9cembre 1666.\"}]},{\"@type\":\"WebSite\",\"@id\":\"https:\/\/www.librairieclavreuil.com\/#website\",\"url\":\"https:\/\/www.librairieclavreuil.com\/\",\"name\":\"Libairie Clavreuil\",\"description\":\"Livres anciens, manuscrits rares et \u00e9ditions originales \u2013 Librairie Clavreuil\",\"publisher\":{\"@id\":\"https:\/\/www.librairieclavreuil.com\/#organization\"},\"potentialAction\":[{\"@type\":\"SearchAction\",\"target\":{\"@type\":\"EntryPoint\",\"urlTemplate\":\"https:\/\/www.librairieclavreuil.com\/?s={search_term_string}\"},\"query-input\":{\"@type\":\"PropertyValueSpecification\",\"valueRequired\":true,\"valueName\":\"search_term_string\"}}],\"inLanguage\":\"en-US\"},{\"@type\":\"Organization\",\"@id\":\"https:\/\/www.librairieclavreuil.com\/#organization\",\"name\":\"Libairie Clavreuil\",\"url\":\"https:\/\/www.librairieclavreuil.com\/\",\"logo\":{\"@type\":\"ImageObject\",\"inLanguage\":\"en-US\",\"@id\":\"https:\/\/www.librairieclavreuil.com\/#\/schema\/logo\/image\/\",\"url\":\"https:\/\/www.librairieclavreuil.com\/wp-content\/uploads\/2021\/06\/cropped-LOGO_PNG_DATE-_gold-512x512-1.png\",\"contentUrl\":\"https:\/\/www.librairieclavreuil.com\/wp-content\/uploads\/2021\/06\/cropped-LOGO_PNG_DATE-_gold-512x512-1.png\",\"width\":512,\"height\":512,\"caption\":\"Libairie Clavreuil\"},\"image\":{\"@id\":\"https:\/\/www.librairieclavreuil.com\/#\/schema\/logo\/image\/\"},\"sameAs\":[\"https:\/\/www.instagram.com\/librairieclavreuil\/\"]}]}<\/script>\n<!-- \/ Yoast SEO plugin. -->","yoast_head_json":{"title":"MOLIERE Jean-Baptiste Poquelin dit Ballet des muses. Dans\u00e9 par sa majest\u00e9 \u00e0 son chasteau de S. Germain en Laye le 2. d\u00e9cembre 1666. - Libairie Clavreuil","robots":{"index":"index","follow":"follow","max-snippet":"max-snippet:-1","max-image-preview":"max-image-preview:large","max-video-preview":"max-video-preview:-1"},"canonical":"https:\/\/www.librairieclavreuil.com\/en\/moliere-jean-baptiste-poquelin-dit-ballet-des-muses-danse-par-sa-majeste-a-son-chasteau-de-s-germain-en-laye-le-2-decembre-1666\/","og_locale":"en_US","og_type":"article","og_title":"MOLIERE Jean-Baptiste Poquelin dit Ballet des muses. Dans\u00e9 par sa majest\u00e9 \u00e0 son chasteau de S. Germain en Laye le 2. d\u00e9cembre 1666. - Libairie Clavreuil","og_description":"4to (223 x 165 mm) [80]pp. (paginated 1-47, 29-60). Modern boards.","og_url":"https:\/\/www.librairieclavreuil.com\/en\/moliere-jean-baptiste-poquelin-dit-ballet-des-muses-danse-par-sa-majeste-a-son-chasteau-de-s-germain-en-laye-le-2-decembre-1666\/","og_site_name":"Libairie Clavreuil","article_modified_time":"2024-06-19T10:42:14+00:00","og_image":[{"width":1523,"height":2042,"url":"https:\/\/www.librairieclavreuil.com\/wp-content\/uploads\/2024\/06\/jean-baptiste-poquelin-dit-moliere-ballet-des-muses-danse-par-sa-majeste-a-son-chasteau-de-s-germain-en-laye-le-2-decembre-1666-8362-66585255e23ca.jpg","type":"image\/jpeg"}],"twitter_card":"summary_large_image","twitter_misc":{"Est. reading time":"2 minutes"},"schema":{"@context":"https:\/\/schema.org","@graph":[{"@type":"WebPage","@id":"https:\/\/www.librairieclavreuil.com\/en\/moliere-jean-baptiste-poquelin-dit-ballet-des-muses-danse-par-sa-majeste-a-son-chasteau-de-s-germain-en-laye-le-2-decembre-1666\/","url":"https:\/\/www.librairieclavreuil.com\/en\/moliere-jean-baptiste-poquelin-dit-ballet-des-muses-danse-par-sa-majeste-a-son-chasteau-de-s-germain-en-laye-le-2-decembre-1666\/","name":"MOLIERE Jean-Baptiste Poquelin dit Ballet des muses. Dans\u00e9 par sa majest\u00e9 \u00e0 son chasteau de S. Germain en Laye le 2. d\u00e9cembre 1666. - Libairie Clavreuil","isPartOf":{"@id":"https:\/\/www.librairieclavreuil.com\/#website"},"primaryImageOfPage":{"@id":"https:\/\/www.librairieclavreuil.com\/en\/moliere-jean-baptiste-poquelin-dit-ballet-des-muses-danse-par-sa-majeste-a-son-chasteau-de-s-germain-en-laye-le-2-decembre-1666\/#primaryimage"},"image":{"@id":"https:\/\/www.librairieclavreuil.com\/en\/moliere-jean-baptiste-poquelin-dit-ballet-des-muses-danse-par-sa-majeste-a-son-chasteau-de-s-germain-en-laye-le-2-decembre-1666\/#primaryimage"},"thumbnailUrl":"https:\/\/www.librairieclavreuil.com\/wp-content\/uploads\/2024\/06\/jean-baptiste-poquelin-dit-moliere-ballet-des-muses-danse-par-sa-majeste-a-son-chasteau-de-s-germain-en-laye-le-2-decembre-1666-8362-66585255e23ca.jpg","datePublished":"2024-06-19T10:42:01+00:00","dateModified":"2024-06-19T10:42:14+00:00","breadcrumb":{"@id":"https:\/\/www.librairieclavreuil.com\/en\/moliere-jean-baptiste-poquelin-dit-ballet-des-muses-danse-par-sa-majeste-a-son-chasteau-de-s-germain-en-laye-le-2-decembre-1666\/#breadcrumb"},"inLanguage":"en-US","potentialAction":[{"@type":"ReadAction","target":["https:\/\/www.librairieclavreuil.com\/en\/moliere-jean-baptiste-poquelin-dit-ballet-des-muses-danse-par-sa-majeste-a-son-chasteau-de-s-germain-en-laye-le-2-decembre-1666\/"]}]},{"@type":"ImageObject","inLanguage":"en-US","@id":"https:\/\/www.librairieclavreuil.com\/en\/moliere-jean-baptiste-poquelin-dit-ballet-des-muses-danse-par-sa-majeste-a-son-chasteau-de-s-germain-en-laye-le-2-decembre-1666\/#primaryimage","url":"https:\/\/www.librairieclavreuil.com\/wp-content\/uploads\/2024\/06\/jean-baptiste-poquelin-dit-moliere-ballet-des-muses-danse-par-sa-majeste-a-son-chasteau-de-s-germain-en-laye-le-2-decembre-1666-8362-66585255e23ca.jpg","contentUrl":"https:\/\/www.librairieclavreuil.com\/wp-content\/uploads\/2024\/06\/jean-baptiste-poquelin-dit-moliere-ballet-des-muses-danse-par-sa-majeste-a-son-chasteau-de-s-germain-en-laye-le-2-decembre-1666-8362-66585255e23ca.jpg","width":1523,"height":2042},{"@type":"BreadcrumbList","@id":"https:\/\/www.librairieclavreuil.com\/en\/moliere-jean-baptiste-poquelin-dit-ballet-des-muses-danse-par-sa-majeste-a-son-chasteau-de-s-germain-en-laye-le-2-decembre-1666\/#breadcrumb","itemListElement":[{"@type":"ListItem","position":1,"name":"Accueil","item":"https:\/\/www.librairieclavreuil.com\/"},{"@type":"ListItem","position":2,"name":"All our books","item":"https:\/\/www.librairieclavreuil.com\/en\/all-our-books\/"},{"@type":"ListItem","position":3,"name":"MOLIERE Jean-Baptiste Poquelin dit Ballet des muses. Dans\u00e9 par sa majest\u00e9 \u00e0 son chasteau de S. Germain en Laye le 2. d\u00e9cembre 1666."}]},{"@type":"WebSite","@id":"https:\/\/www.librairieclavreuil.com\/#website","url":"https:\/\/www.librairieclavreuil.com\/","name":"Libairie Clavreuil","description":"Livres anciens, manuscrits rares et \u00e9ditions originales \u2013 Librairie Clavreuil","publisher":{"@id":"https:\/\/www.librairieclavreuil.com\/#organization"},"potentialAction":[{"@type":"SearchAction","target":{"@type":"EntryPoint","urlTemplate":"https:\/\/www.librairieclavreuil.com\/?s={search_term_string}"},"query-input":{"@type":"PropertyValueSpecification","valueRequired":true,"valueName":"search_term_string"}}],"inLanguage":"en-US"},{"@type":"Organization","@id":"https:\/\/www.librairieclavreuil.com\/#organization","name":"Libairie Clavreuil","url":"https:\/\/www.librairieclavreuil.com\/","logo":{"@type":"ImageObject","inLanguage":"en-US","@id":"https:\/\/www.librairieclavreuil.com\/#\/schema\/logo\/image\/","url":"https:\/\/www.librairieclavreuil.com\/wp-content\/uploads\/2021\/06\/cropped-LOGO_PNG_DATE-_gold-512x512-1.png","contentUrl":"https:\/\/www.librairieclavreuil.com\/wp-content\/uploads\/2021\/06\/cropped-LOGO_PNG_DATE-_gold-512x512-1.png","width":512,"height":512,"caption":"Libairie Clavreuil"},"image":{"@id":"https:\/\/www.librairieclavreuil.com\/#\/schema\/logo\/image\/"},"sameAs":["https:\/\/www.instagram.com\/librairieclavreuil\/"]}]}},"jetpack_sharing_enabled":true,"_links":{"self":[{"href":"https:\/\/www.librairieclavreuil.com\/en\/wp-json\/wp\/v2\/product\/78427","targetHints":{"allow":["GET"]}}],"collection":[{"href":"https:\/\/www.librairieclavreuil.com\/en\/wp-json\/wp\/v2\/product"}],"about":[{"href":"https:\/\/www.librairieclavreuil.com\/en\/wp-json\/wp\/v2\/types\/product"}],"replies":[{"embeddable":true,"href":"https:\/\/www.librairieclavreuil.com\/en\/wp-json\/wp\/v2\/comments?post=78427"}],"wp:featuredmedia":[{"embeddable":true,"href":"https:\/\/www.librairieclavreuil.com\/en\/wp-json\/wp\/v2\/media\/78424"}],"wp:attachment":[{"href":"https:\/\/www.librairieclavreuil.com\/en\/wp-json\/wp\/v2\/media?parent=78427"}],"wp:term":[{"taxonomy":"product_brand","embeddable":true,"href":"https:\/\/www.librairieclavreuil.com\/en\/wp-json\/wp\/v2\/product_brand?post=78427"},{"taxonomy":"product_cat","embeddable":true,"href":"https:\/\/www.librairieclavreuil.com\/en\/wp-json\/wp\/v2\/product_cat?post=78427"},{"taxonomy":"product_tag","embeddable":true,"href":"https:\/\/www.librairieclavreuil.com\/en\/wp-json\/wp\/v2\/product_tag?post=78427"}],"curies":[{"name":"wp","href":"https:\/\/api.w.org\/{rel}","templated":true}]}}