{"id":78423,"date":"2024-06-19T12:41:42","date_gmt":"2024-06-19T10:41:42","guid":{"rendered":"https:\/\/www.librairieclavreuil.com\/moliere-jean-baptiste-poquelin-dit-ballet-des-ballets-danse-devant-sa-majeste-en-son-chasteau-de-s-germain-en-laye-au-mois-de-decembre-1671\/"},"modified":"2024-06-19T12:41:56","modified_gmt":"2024-06-19T10:41:56","slug":"moliere-jean-baptiste-poquelin-dit-ballet-des-ballets-danse-devant-sa-majeste-en-son-chasteau-de-s-germain-en-laye-au-mois-de-decembre-1671","status":"publish","type":"product","link":"https:\/\/www.librairieclavreuil.com\/en\/moliere-jean-baptiste-poquelin-dit-ballet-des-ballets-danse-devant-sa-majeste-en-son-chasteau-de-s-germain-en-laye-au-mois-de-decembre-1671\/","title":{"rendered":"MOLIERE Jean-Baptiste Poquelin dit Ballet des ballets, dans\u00e9..."},"content":{"rendered":"<p style=\"text-align:justify\"><i>Guibert, 530:1 ; Lacroix, 204 ; Tchemerzine-Scheler, IV, 815 ; Brunet, III, 1807;&nbsp;La Valli\u00e8re, Ballets, p. 85; Malkin, Dancing by the Book, 107.20.<\/i><\/p>\n<p style=\"text-align:justify\"><span style=\"font-variant:small-caps\">First edition, rare.<\/span><\/p>\n<p style=\"text-align:justify\">The <i>Ballet des ballets<\/i> is a selection of the best passages from the <i>Divertissements Royaux<\/i>. It includes in particular the first <i>Intermezzo<\/i> (pp.17-23), and the last <i>Intermezzo<\/i> of <i>Psich\u00e9<\/i> (pp.50-64), the third and fourth <i>Entr\u00e9es<\/i> at the end of <i>Le Bourgeois Gentilhomme<\/i> (pp.44-49) and especially the <i>C\u00e9r\u00e9monie Turque<\/i> of this comedy (pp.39-43).<\/p>\n<p>&#8220;Compiled by Moli\u00e8re using extracts from works given during the years of his collaboration with Lully, including <i>Les Amants magnifiques<\/i> (1670), <i>Le Bourgeois gentilhomme<\/i>, and <i>Psich\u00e9<\/i>&#8221; (Malkin).<\/p>\n","protected":false},"excerpt":{"rendered":"<p>4to (223 x 170 mm) 64 pp. Modern marbled flexible boards, bound in style.<\/p>\n","protected":false},"featured_media":78420,"comment_status":"open","ping_status":"closed","template":"","meta":{"_acf_changed":false},"product_brand":[],"product_cat":[544],"product_tag":[1257,1450],"class_list":{"0":"post-78423","1":"product","2":"type-product","3":"status-publish","4":"has-post-thumbnail","6":"product_cat-literature","7":"product_tag-dance","8":"product_tag-first-edition","9":"pa_auteur-moliere-jean-baptiste-poquelin-dit-2","10":"pa_type-de-livre-printed-book","12":"first","13":"outofstock","14":"shipping-taxable","15":"purchasable","16":"product-type-simple"},"acf":{"artist":"Jean-Baptiste Poquelin dit MOLIERE","chapeau":"","adresse_bibliographique":"Paris, Robert Ballard, 1671","book_type":"Printed book","provenance":"","afficher_prix":""},"yoast_head":"<!-- This site is optimized with the Yoast SEO plugin v24.7 - https:\/\/yoast.com\/wordpress\/plugins\/seo\/ -->\n<title>MOLIERE Jean-Baptiste Poquelin dit Ballet des ballets, dans\u00e9 devant sa majest\u00e9 en son chasteau de S. Germain en Laye au mois de d\u00e9cembre 1671. - Libairie Clavreuil<\/title>\n<meta name=\"robots\" content=\"index, follow, max-snippet:-1, max-image-preview:large, max-video-preview:-1\" \/>\n<link rel=\"canonical\" href=\"https:\/\/www.librairieclavreuil.com\/en\/moliere-jean-baptiste-poquelin-dit-ballet-des-ballets-danse-devant-sa-majeste-en-son-chasteau-de-s-germain-en-laye-au-mois-de-decembre-1671\/\" \/>\n<meta property=\"og:locale\" content=\"en_US\" \/>\n<meta property=\"og:type\" content=\"article\" \/>\n<meta property=\"og:title\" content=\"MOLIERE Jean-Baptiste Poquelin dit Ballet des ballets, dans\u00e9 devant sa majest\u00e9 en son chasteau de S. Germain en Laye au mois de d\u00e9cembre 1671. - Libairie Clavreuil\" \/>\n<meta property=\"og:description\" content=\"4to (223 x 170 mm) 64 pp. Modern marbled flexible boards, bound in style.\" \/>\n<meta property=\"og:url\" content=\"https:\/\/www.librairieclavreuil.com\/en\/moliere-jean-baptiste-poquelin-dit-ballet-des-ballets-danse-devant-sa-majeste-en-son-chasteau-de-s-germain-en-laye-au-mois-de-decembre-1671\/\" \/>\n<meta property=\"og:site_name\" content=\"Libairie Clavreuil\" \/>\n<meta property=\"article:modified_time\" content=\"2024-06-19T10:41:56+00:00\" \/>\n<meta property=\"og:image\" content=\"https:\/\/www.librairieclavreuil.com\/wp-content\/uploads\/2024\/06\/moliere-ballet-des-ballets-danse-devant-sa-majeste-en-son-chasteau-de-s-germain-en-laye-au-mois-de-decembre-1671-8462-6648b91d589f0-scaled.jpg\" \/>\n\t<meta property=\"og:image:width\" content=\"1887\" \/>\n\t<meta property=\"og:image:height\" content=\"2560\" \/>\n\t<meta property=\"og:image:type\" content=\"image\/jpeg\" \/>\n<meta name=\"twitter:card\" content=\"summary_large_image\" \/>\n<meta name=\"twitter:label1\" content=\"Est. reading time\" \/>\n\t<meta name=\"twitter:data1\" content=\"1 minute\" \/>\n<script type=\"application\/ld+json\" class=\"yoast-schema-graph\">{\"@context\":\"https:\/\/schema.org\",\"@graph\":[{\"@type\":\"WebPage\",\"@id\":\"https:\/\/www.librairieclavreuil.com\/en\/moliere-jean-baptiste-poquelin-dit-ballet-des-ballets-danse-devant-sa-majeste-en-son-chasteau-de-s-germain-en-laye-au-mois-de-decembre-1671\/\",\"url\":\"https:\/\/www.librairieclavreuil.com\/en\/moliere-jean-baptiste-poquelin-dit-ballet-des-ballets-danse-devant-sa-majeste-en-son-chasteau-de-s-germain-en-laye-au-mois-de-decembre-1671\/\",\"name\":\"MOLIERE Jean-Baptiste Poquelin dit Ballet des ballets, dans\u00e9 devant sa majest\u00e9 en son chasteau de S. Germain en Laye au mois de d\u00e9cembre 1671. - Libairie Clavreuil\",\"isPartOf\":{\"@id\":\"https:\/\/www.librairieclavreuil.com\/#website\"},\"primaryImageOfPage\":{\"@id\":\"https:\/\/www.librairieclavreuil.com\/en\/moliere-jean-baptiste-poquelin-dit-ballet-des-ballets-danse-devant-sa-majeste-en-son-chasteau-de-s-germain-en-laye-au-mois-de-decembre-1671\/#primaryimage\"},\"image\":{\"@id\":\"https:\/\/www.librairieclavreuil.com\/en\/moliere-jean-baptiste-poquelin-dit-ballet-des-ballets-danse-devant-sa-majeste-en-son-chasteau-de-s-germain-en-laye-au-mois-de-decembre-1671\/#primaryimage\"},\"thumbnailUrl\":\"https:\/\/www.librairieclavreuil.com\/wp-content\/uploads\/2024\/06\/moliere-ballet-des-ballets-danse-devant-sa-majeste-en-son-chasteau-de-s-germain-en-laye-au-mois-de-decembre-1671-8462-6648b91d589f0-scaled.jpg\",\"datePublished\":\"2024-06-19T10:41:42+00:00\",\"dateModified\":\"2024-06-19T10:41:56+00:00\",\"breadcrumb\":{\"@id\":\"https:\/\/www.librairieclavreuil.com\/en\/moliere-jean-baptiste-poquelin-dit-ballet-des-ballets-danse-devant-sa-majeste-en-son-chasteau-de-s-germain-en-laye-au-mois-de-decembre-1671\/#breadcrumb\"},\"inLanguage\":\"en-US\",\"potentialAction\":[{\"@type\":\"ReadAction\",\"target\":[\"https:\/\/www.librairieclavreuil.com\/en\/moliere-jean-baptiste-poquelin-dit-ballet-des-ballets-danse-devant-sa-majeste-en-son-chasteau-de-s-germain-en-laye-au-mois-de-decembre-1671\/\"]}]},{\"@type\":\"ImageObject\",\"inLanguage\":\"en-US\",\"@id\":\"https:\/\/www.librairieclavreuil.com\/en\/moliere-jean-baptiste-poquelin-dit-ballet-des-ballets-danse-devant-sa-majeste-en-son-chasteau-de-s-germain-en-laye-au-mois-de-decembre-1671\/#primaryimage\",\"url\":\"https:\/\/www.librairieclavreuil.com\/wp-content\/uploads\/2024\/06\/moliere-ballet-des-ballets-danse-devant-sa-majeste-en-son-chasteau-de-s-germain-en-laye-au-mois-de-decembre-1671-8462-6648b91d589f0-scaled.jpg\",\"contentUrl\":\"https:\/\/www.librairieclavreuil.com\/wp-content\/uploads\/2024\/06\/moliere-ballet-des-ballets-danse-devant-sa-majeste-en-son-chasteau-de-s-germain-en-laye-au-mois-de-decembre-1671-8462-6648b91d589f0-scaled.jpg\",\"width\":1887,\"height\":2560},{\"@type\":\"BreadcrumbList\",\"@id\":\"https:\/\/www.librairieclavreuil.com\/en\/moliere-jean-baptiste-poquelin-dit-ballet-des-ballets-danse-devant-sa-majeste-en-son-chasteau-de-s-germain-en-laye-au-mois-de-decembre-1671\/#breadcrumb\",\"itemListElement\":[{\"@type\":\"ListItem\",\"position\":1,\"name\":\"Accueil\",\"item\":\"https:\/\/www.librairieclavreuil.com\/\"},{\"@type\":\"ListItem\",\"position\":2,\"name\":\"All our books\",\"item\":\"https:\/\/www.librairieclavreuil.com\/en\/all-our-books\/\"},{\"@type\":\"ListItem\",\"position\":3,\"name\":\"MOLIERE Jean-Baptiste Poquelin dit Ballet des ballets, dans\u00e9 devant sa majest\u00e9 en son chasteau de S. Germain en Laye au mois de d\u00e9cembre 1671.\"}]},{\"@type\":\"WebSite\",\"@id\":\"https:\/\/www.librairieclavreuil.com\/#website\",\"url\":\"https:\/\/www.librairieclavreuil.com\/\",\"name\":\"Libairie Clavreuil\",\"description\":\"Livres anciens, manuscrits rares et \u00e9ditions originales \u2013 Librairie Clavreuil\",\"publisher\":{\"@id\":\"https:\/\/www.librairieclavreuil.com\/#organization\"},\"potentialAction\":[{\"@type\":\"SearchAction\",\"target\":{\"@type\":\"EntryPoint\",\"urlTemplate\":\"https:\/\/www.librairieclavreuil.com\/?s={search_term_string}\"},\"query-input\":{\"@type\":\"PropertyValueSpecification\",\"valueRequired\":true,\"valueName\":\"search_term_string\"}}],\"inLanguage\":\"en-US\"},{\"@type\":\"Organization\",\"@id\":\"https:\/\/www.librairieclavreuil.com\/#organization\",\"name\":\"Libairie Clavreuil\",\"url\":\"https:\/\/www.librairieclavreuil.com\/\",\"logo\":{\"@type\":\"ImageObject\",\"inLanguage\":\"en-US\",\"@id\":\"https:\/\/www.librairieclavreuil.com\/#\/schema\/logo\/image\/\",\"url\":\"https:\/\/www.librairieclavreuil.com\/wp-content\/uploads\/2021\/06\/cropped-LOGO_PNG_DATE-_gold-512x512-1.png\",\"contentUrl\":\"https:\/\/www.librairieclavreuil.com\/wp-content\/uploads\/2021\/06\/cropped-LOGO_PNG_DATE-_gold-512x512-1.png\",\"width\":512,\"height\":512,\"caption\":\"Libairie Clavreuil\"},\"image\":{\"@id\":\"https:\/\/www.librairieclavreuil.com\/#\/schema\/logo\/image\/\"},\"sameAs\":[\"https:\/\/www.instagram.com\/librairieclavreuil\/\"]}]}<\/script>\n<!-- \/ Yoast SEO plugin. -->","yoast_head_json":{"title":"MOLIERE Jean-Baptiste Poquelin dit Ballet des ballets, dans\u00e9 devant sa majest\u00e9 en son chasteau de S. Germain en Laye au mois de d\u00e9cembre 1671. - Libairie Clavreuil","robots":{"index":"index","follow":"follow","max-snippet":"max-snippet:-1","max-image-preview":"max-image-preview:large","max-video-preview":"max-video-preview:-1"},"canonical":"https:\/\/www.librairieclavreuil.com\/en\/moliere-jean-baptiste-poquelin-dit-ballet-des-ballets-danse-devant-sa-majeste-en-son-chasteau-de-s-germain-en-laye-au-mois-de-decembre-1671\/","og_locale":"en_US","og_type":"article","og_title":"MOLIERE Jean-Baptiste Poquelin dit Ballet des ballets, dans\u00e9 devant sa majest\u00e9 en son chasteau de S. Germain en Laye au mois de d\u00e9cembre 1671. - Libairie Clavreuil","og_description":"4to (223 x 170 mm) 64 pp. Modern marbled flexible boards, bound in style.","og_url":"https:\/\/www.librairieclavreuil.com\/en\/moliere-jean-baptiste-poquelin-dit-ballet-des-ballets-danse-devant-sa-majeste-en-son-chasteau-de-s-germain-en-laye-au-mois-de-decembre-1671\/","og_site_name":"Libairie Clavreuil","article_modified_time":"2024-06-19T10:41:56+00:00","og_image":[{"width":1887,"height":2560,"url":"https:\/\/www.librairieclavreuil.com\/wp-content\/uploads\/2024\/06\/moliere-ballet-des-ballets-danse-devant-sa-majeste-en-son-chasteau-de-s-germain-en-laye-au-mois-de-decembre-1671-8462-6648b91d589f0-scaled.jpg","type":"image\/jpeg"}],"twitter_card":"summary_large_image","twitter_misc":{"Est. reading time":"1 minute"},"schema":{"@context":"https:\/\/schema.org","@graph":[{"@type":"WebPage","@id":"https:\/\/www.librairieclavreuil.com\/en\/moliere-jean-baptiste-poquelin-dit-ballet-des-ballets-danse-devant-sa-majeste-en-son-chasteau-de-s-germain-en-laye-au-mois-de-decembre-1671\/","url":"https:\/\/www.librairieclavreuil.com\/en\/moliere-jean-baptiste-poquelin-dit-ballet-des-ballets-danse-devant-sa-majeste-en-son-chasteau-de-s-germain-en-laye-au-mois-de-decembre-1671\/","name":"MOLIERE Jean-Baptiste Poquelin dit Ballet des ballets, dans\u00e9 devant sa majest\u00e9 en son chasteau de S. Germain en Laye au mois de d\u00e9cembre 1671. - Libairie Clavreuil","isPartOf":{"@id":"https:\/\/www.librairieclavreuil.com\/#website"},"primaryImageOfPage":{"@id":"https:\/\/www.librairieclavreuil.com\/en\/moliere-jean-baptiste-poquelin-dit-ballet-des-ballets-danse-devant-sa-majeste-en-son-chasteau-de-s-germain-en-laye-au-mois-de-decembre-1671\/#primaryimage"},"image":{"@id":"https:\/\/www.librairieclavreuil.com\/en\/moliere-jean-baptiste-poquelin-dit-ballet-des-ballets-danse-devant-sa-majeste-en-son-chasteau-de-s-germain-en-laye-au-mois-de-decembre-1671\/#primaryimage"},"thumbnailUrl":"https:\/\/www.librairieclavreuil.com\/wp-content\/uploads\/2024\/06\/moliere-ballet-des-ballets-danse-devant-sa-majeste-en-son-chasteau-de-s-germain-en-laye-au-mois-de-decembre-1671-8462-6648b91d589f0-scaled.jpg","datePublished":"2024-06-19T10:41:42+00:00","dateModified":"2024-06-19T10:41:56+00:00","breadcrumb":{"@id":"https:\/\/www.librairieclavreuil.com\/en\/moliere-jean-baptiste-poquelin-dit-ballet-des-ballets-danse-devant-sa-majeste-en-son-chasteau-de-s-germain-en-laye-au-mois-de-decembre-1671\/#breadcrumb"},"inLanguage":"en-US","potentialAction":[{"@type":"ReadAction","target":["https:\/\/www.librairieclavreuil.com\/en\/moliere-jean-baptiste-poquelin-dit-ballet-des-ballets-danse-devant-sa-majeste-en-son-chasteau-de-s-germain-en-laye-au-mois-de-decembre-1671\/"]}]},{"@type":"ImageObject","inLanguage":"en-US","@id":"https:\/\/www.librairieclavreuil.com\/en\/moliere-jean-baptiste-poquelin-dit-ballet-des-ballets-danse-devant-sa-majeste-en-son-chasteau-de-s-germain-en-laye-au-mois-de-decembre-1671\/#primaryimage","url":"https:\/\/www.librairieclavreuil.com\/wp-content\/uploads\/2024\/06\/moliere-ballet-des-ballets-danse-devant-sa-majeste-en-son-chasteau-de-s-germain-en-laye-au-mois-de-decembre-1671-8462-6648b91d589f0-scaled.jpg","contentUrl":"https:\/\/www.librairieclavreuil.com\/wp-content\/uploads\/2024\/06\/moliere-ballet-des-ballets-danse-devant-sa-majeste-en-son-chasteau-de-s-germain-en-laye-au-mois-de-decembre-1671-8462-6648b91d589f0-scaled.jpg","width":1887,"height":2560},{"@type":"BreadcrumbList","@id":"https:\/\/www.librairieclavreuil.com\/en\/moliere-jean-baptiste-poquelin-dit-ballet-des-ballets-danse-devant-sa-majeste-en-son-chasteau-de-s-germain-en-laye-au-mois-de-decembre-1671\/#breadcrumb","itemListElement":[{"@type":"ListItem","position":1,"name":"Accueil","item":"https:\/\/www.librairieclavreuil.com\/"},{"@type":"ListItem","position":2,"name":"All our books","item":"https:\/\/www.librairieclavreuil.com\/en\/all-our-books\/"},{"@type":"ListItem","position":3,"name":"MOLIERE Jean-Baptiste Poquelin dit Ballet des ballets, dans\u00e9 devant sa majest\u00e9 en son chasteau de S. Germain en Laye au mois de d\u00e9cembre 1671."}]},{"@type":"WebSite","@id":"https:\/\/www.librairieclavreuil.com\/#website","url":"https:\/\/www.librairieclavreuil.com\/","name":"Libairie Clavreuil","description":"Livres anciens, manuscrits rares et \u00e9ditions originales \u2013 Librairie Clavreuil","publisher":{"@id":"https:\/\/www.librairieclavreuil.com\/#organization"},"potentialAction":[{"@type":"SearchAction","target":{"@type":"EntryPoint","urlTemplate":"https:\/\/www.librairieclavreuil.com\/?s={search_term_string}"},"query-input":{"@type":"PropertyValueSpecification","valueRequired":true,"valueName":"search_term_string"}}],"inLanguage":"en-US"},{"@type":"Organization","@id":"https:\/\/www.librairieclavreuil.com\/#organization","name":"Libairie Clavreuil","url":"https:\/\/www.librairieclavreuil.com\/","logo":{"@type":"ImageObject","inLanguage":"en-US","@id":"https:\/\/www.librairieclavreuil.com\/#\/schema\/logo\/image\/","url":"https:\/\/www.librairieclavreuil.com\/wp-content\/uploads\/2021\/06\/cropped-LOGO_PNG_DATE-_gold-512x512-1.png","contentUrl":"https:\/\/www.librairieclavreuil.com\/wp-content\/uploads\/2021\/06\/cropped-LOGO_PNG_DATE-_gold-512x512-1.png","width":512,"height":512,"caption":"Libairie Clavreuil"},"image":{"@id":"https:\/\/www.librairieclavreuil.com\/#\/schema\/logo\/image\/"},"sameAs":["https:\/\/www.instagram.com\/librairieclavreuil\/"]}]}},"jetpack_sharing_enabled":true,"_links":{"self":[{"href":"https:\/\/www.librairieclavreuil.com\/en\/wp-json\/wp\/v2\/product\/78423","targetHints":{"allow":["GET"]}}],"collection":[{"href":"https:\/\/www.librairieclavreuil.com\/en\/wp-json\/wp\/v2\/product"}],"about":[{"href":"https:\/\/www.librairieclavreuil.com\/en\/wp-json\/wp\/v2\/types\/product"}],"replies":[{"embeddable":true,"href":"https:\/\/www.librairieclavreuil.com\/en\/wp-json\/wp\/v2\/comments?post=78423"}],"wp:featuredmedia":[{"embeddable":true,"href":"https:\/\/www.librairieclavreuil.com\/en\/wp-json\/wp\/v2\/media\/78420"}],"wp:attachment":[{"href":"https:\/\/www.librairieclavreuil.com\/en\/wp-json\/wp\/v2\/media?parent=78423"}],"wp:term":[{"taxonomy":"product_brand","embeddable":true,"href":"https:\/\/www.librairieclavreuil.com\/en\/wp-json\/wp\/v2\/product_brand?post=78423"},{"taxonomy":"product_cat","embeddable":true,"href":"https:\/\/www.librairieclavreuil.com\/en\/wp-json\/wp\/v2\/product_cat?post=78423"},{"taxonomy":"product_tag","embeddable":true,"href":"https:\/\/www.librairieclavreuil.com\/en\/wp-json\/wp\/v2\/product_tag?post=78423"}],"curies":[{"name":"wp","href":"https:\/\/api.w.org\/{rel}","templated":true}]}}