{"id":78383,"date":"2024-06-11T18:21:14","date_gmt":"2024-06-11T16:21:14","guid":{"rendered":"https:\/\/www.librairieclavreuil.com\/produit-11\/"},"modified":"2024-09-03T15:53:36","modified_gmt":"2024-09-03T13:53:36","slug":"produit-11","status":"publish","type":"product","link":"https:\/\/www.librairieclavreuil.com\/en\/produit-11\/","title":{"rendered":"TZARA Tristan Vingt-cinq po\u00e8mes. H. Arp. Dix gravures..."},"content":{"rendered":"<p style=\"text-align:justify\">Garvey, no. 2.<\/p>\n<p style=\"text-align:justify\"><span style=\"font-variant:small-caps\">First edition of this lovely book illustrated with 10 original woodcuts by Hans Arp.<\/span><\/p>\n<p style=\"text-align:justify\">A very fine copy inscribed by Tzara to the artist and painter Pierre Daval.<\/p>\n<p style=\"text-align:justify\">Regular issue.<\/p>\n<p style=\"text-align:justify\">The first collection of Tzara&#8217;s poems, illustrated by Arp, two of the most important figures at the beginning of the newly created Dada style being the artistic expression of the most decisive European avant-garde movement of the 20th century. Composed between 1916 and 1918, these poems in the purest Dadaist vein hold an important place in the history of poetry, privileging pure rhythm over meaning.<\/p>\n<p style=\"text-align:justify\">They also mark the first meeting between the Romanian poet and the Alsatian painter, both co-founders of the Dada movement.<\/p>\n<p style=\"text-align:justify\">Dada was born in 1916 in Zurich, a meeting place for artists and writers who had fled the First World War. It was there that Tristan Tzara, Marcel Janco, Hugo Ball, Richard Huelsenbeck and Hans\/Jean Arp met.<\/p>\n<p style=\"text-align:justify\">&#8220;In February 1916, Ball ad his partner Emmy Hennings foundet Cabaret Volatire, the epicenter of the Dada movement, where artists conveived ideas and organized performances. Dadaism erupted as a reaction to the mechanized atrocities unleashed by the war and quickly established itself in Berlin, Paris, New York, and various European centers. Unlike the Italian Futurists, who glorified militarism, Dada artists saw the war as the ultimate breakdown of Western civilization&#8221; (Andel, Avant-garde paper Design, p. 124).<\/p>\n<p style=\"text-align:justify\">&#8220;En janvier 1920, quittant Z\u00fcrich pour Paris, Tristan Tzara \u00e9tait d\u00e9j\u00e0 c\u00e9l\u00e8bre. Les manifestations de Dada auxquelles il avait particip\u00e9es avec Hugo Ball ou qu\u2019il avait foment\u00e9es, les expositions qu\u2019il avait organis\u00e9es, la revue Dada qu\u2019il dirigeait depuis 1917, la Collection Dada, qu\u2019il avait cr\u00e9\u00e9e, o\u00f9 deux de ses plaquettes avaient paru (La Premi\u00e8re aventure c\u00e9leste de Monsieur Antipyrine en 1916, puis Vingt-cinq po\u00e8mes en 1918) l\u2019avaient situ\u00e9 apr\u00e8s le retrait d\u2019Hugo Ball comme la principale figure de Dada&#8221; (Antoine Coron, De Goya \u00e0 Max Ernst, Biblioth\u00e8que de R.M., p. 202).<\/p>\n<p style=\"text-align:justify\">The book is illustrated with 10 original woodcuts by Hans Arp, including one repeat for the lettering piece on the front cover.<\/p>\n<p style=\"text-align:justify\">&#8220;An important document of the Dada movement by two of the founders. The non-objective woodcuts are similar to Arp&#8217;s wooden reliefs and collages at this time and their free form is expressive of the automatic quality valued by the Dadaists&#8221; (Garvey).<\/p>\n<p style=\"text-align:justify\">Important provenance This copy is inscribed<\/p>\n<p style=\"text-align:center\">&#8220;\u00e0 Pierre Deval<br \/>tr\u00e8s gazom\u00e9triquement<br \/>avec pain<br \/>sel<br \/>acier<br \/>chapeau<br \/>glace<br \/>son<br \/>Tristan Tzara<br \/>chez Cerf\u00e0 7 mai 1921&#8243;<\/p>\n<p style=\"text-align:justify\">Pierre Deval (1897-1993), artist and painter, born Lyon, moved to Paris in 1921 as an art student. He there met the protagonists of Dada, namely Tzara, Breton et Aragon and participated in the movement.<\/p>\n<p style=\"text-align:justify\">Very good copy.<\/p>\n","protected":false},"excerpt":{"rendered":"<p>8vo (197 x 142 mm) 26 un.l. Original publishers boards, stapled, gilt paper label on top cover with title and decorated with an original woodcut by Hans Arp, modern chemise in bronze coloured calf backed boards and slipcase (Pierre Lucien Martin).<\/p>\n","protected":false},"featured_media":79146,"comment_status":"open","ping_status":"closed","template":"","meta":{"_acf_changed":false},"product_brand":[],"product_cat":[544],"product_tag":[1241,1246,1450,1264],"class_list":{"0":"post-78383","1":"product","2":"type-product","3":"status-publish","4":"has-post-thumbnail","6":"product_cat-literature","7":"product_tag-20th-century-illustrations","8":"product_tag-20th-century-literature","9":"product_tag-first-edition","10":"product_tag-inscription","11":"pa_auteur-tzara-tristan-2","12":"pa_type-de-livre-printed-book","14":"first","15":"instock","16":"shipping-taxable","17":"purchasable","18":"product-type-simple"},"acf":{"artist":" Tristan TZARA","chapeau":"Inscribed by Tzara","adresse_bibliographique":"Z\u00fcrich, collection dada, 1918","book_type":"Printed book","provenance":"","afficher_prix":""},"yoast_head":"<!-- This site is optimized with the Yoast SEO plugin v24.7 - https:\/\/yoast.com\/wordpress\/plugins\/seo\/ -->\n<title>TZARA Tristan Vingt-cinq po\u00e8mes. H. Arp. Dix gravures sur bois. - Libairie Clavreuil<\/title>\n<meta name=\"robots\" content=\"index, follow, max-snippet:-1, max-image-preview:large, max-video-preview:-1\" \/>\n<link rel=\"canonical\" href=\"https:\/\/www.librairieclavreuil.com\/produit\/produit-10\/\" \/>\n<meta property=\"og:locale\" content=\"en_US\" \/>\n<meta property=\"og:type\" content=\"article\" \/>\n<meta property=\"og:title\" content=\"TZARA Tristan Vingt-cinq po\u00e8mes. H. Arp. Dix gravures sur bois. - Libairie Clavreuil\" \/>\n<meta property=\"og:description\" content=\"8vo (197 x 142 mm) 26 un.l. Original publishers boards, stapled, gilt paper label on top cover with title and decorated with an original woodcut by Hans Arp, modern chemise in bronze coloured calf backed boards and slipcase (Pierre Lucien Martin).\" \/>\n<meta property=\"og:url\" content=\"https:\/\/www.librairieclavreuil.com\/produit\/produit-10\/\" \/>\n<meta property=\"og:site_name\" content=\"Libairie Clavreuil\" \/>\n<meta property=\"article:modified_time\" content=\"2024-09-03T13:53:36+00:00\" \/>\n<meta property=\"og:image\" content=\"https:\/\/www.librairieclavreuil.com\/wp-content\/uploads\/2024\/07\/tristan-tzara-vingt-cinq-poemes-h-arp-dix-gravures-sur-bois-8041-6648ab139e859.jpg\" \/>\n\t<meta property=\"og:image:width\" content=\"589\" \/>\n\t<meta property=\"og:image:height\" content=\"800\" \/>\n\t<meta property=\"og:image:type\" content=\"image\/jpeg\" \/>\n<meta name=\"twitter:card\" content=\"summary_large_image\" \/>\n<meta name=\"twitter:label1\" content=\"Est. reading time\" \/>\n\t<meta name=\"twitter:data1\" content=\"2 minutes\" \/>\n<script type=\"application\/ld+json\" class=\"yoast-schema-graph\">{\"@context\":\"https:\/\/schema.org\",\"@graph\":[{\"@type\":\"WebPage\",\"@id\":\"https:\/\/www.librairieclavreuil.com\/produit\/produit-10\/\",\"url\":\"https:\/\/www.librairieclavreuil.com\/produit\/produit-10\/\",\"name\":\"TZARA Tristan Vingt-cinq po\u00e8mes. H. Arp. Dix gravures sur bois. - Libairie Clavreuil\",\"isPartOf\":{\"@id\":\"https:\/\/www.librairieclavreuil.com\/#website\"},\"primaryImageOfPage\":{\"@id\":\"https:\/\/www.librairieclavreuil.com\/produit\/produit-10\/#primaryimage\"},\"image\":{\"@id\":\"https:\/\/www.librairieclavreuil.com\/produit\/produit-10\/#primaryimage\"},\"thumbnailUrl\":\"https:\/\/www.librairieclavreuil.com\/wp-content\/uploads\/2024\/07\/tristan-tzara-vingt-cinq-poemes-h-arp-dix-gravures-sur-bois-8041-6648ab139e859.jpg\",\"datePublished\":\"2024-06-11T16:21:14+00:00\",\"dateModified\":\"2024-09-03T13:53:36+00:00\",\"breadcrumb\":{\"@id\":\"https:\/\/www.librairieclavreuil.com\/produit\/produit-10\/#breadcrumb\"},\"inLanguage\":\"en-US\",\"potentialAction\":[{\"@type\":\"ReadAction\",\"target\":[\"https:\/\/www.librairieclavreuil.com\/produit\/produit-10\/\"]}]},{\"@type\":\"ImageObject\",\"inLanguage\":\"en-US\",\"@id\":\"https:\/\/www.librairieclavreuil.com\/produit\/produit-10\/#primaryimage\",\"url\":\"https:\/\/www.librairieclavreuil.com\/wp-content\/uploads\/2024\/07\/tristan-tzara-vingt-cinq-poemes-h-arp-dix-gravures-sur-bois-8041-6648ab139e859.jpg\",\"contentUrl\":\"https:\/\/www.librairieclavreuil.com\/wp-content\/uploads\/2024\/07\/tristan-tzara-vingt-cinq-poemes-h-arp-dix-gravures-sur-bois-8041-6648ab139e859.jpg\",\"width\":589,\"height\":800},{\"@type\":\"BreadcrumbList\",\"@id\":\"https:\/\/www.librairieclavreuil.com\/produit\/produit-10\/#breadcrumb\",\"itemListElement\":[{\"@type\":\"ListItem\",\"position\":1,\"name\":\"Accueil\",\"item\":\"https:\/\/www.librairieclavreuil.com\/\"},{\"@type\":\"ListItem\",\"position\":2,\"name\":\"All our books\",\"item\":\"https:\/\/www.librairieclavreuil.com\/en\/all-our-books\/\"},{\"@type\":\"ListItem\",\"position\":3,\"name\":\"TZARA Tristan Vingt-cinq po\u00e8mes. H. Arp. Dix gravures...\"}]},{\"@type\":\"WebSite\",\"@id\":\"https:\/\/www.librairieclavreuil.com\/#website\",\"url\":\"https:\/\/www.librairieclavreuil.com\/\",\"name\":\"Libairie Clavreuil\",\"description\":\"Livres anciens, manuscrits rares et \u00e9ditions originales \u2013 Librairie Clavreuil\",\"publisher\":{\"@id\":\"https:\/\/www.librairieclavreuil.com\/#organization\"},\"potentialAction\":[{\"@type\":\"SearchAction\",\"target\":{\"@type\":\"EntryPoint\",\"urlTemplate\":\"https:\/\/www.librairieclavreuil.com\/?s={search_term_string}\"},\"query-input\":{\"@type\":\"PropertyValueSpecification\",\"valueRequired\":true,\"valueName\":\"search_term_string\"}}],\"inLanguage\":\"en-US\"},{\"@type\":\"Organization\",\"@id\":\"https:\/\/www.librairieclavreuil.com\/#organization\",\"name\":\"Libairie Clavreuil\",\"url\":\"https:\/\/www.librairieclavreuil.com\/\",\"logo\":{\"@type\":\"ImageObject\",\"inLanguage\":\"en-US\",\"@id\":\"https:\/\/www.librairieclavreuil.com\/#\/schema\/logo\/image\/\",\"url\":\"https:\/\/www.librairieclavreuil.com\/wp-content\/uploads\/2021\/06\/cropped-LOGO_PNG_DATE-_gold-512x512-1.png\",\"contentUrl\":\"https:\/\/www.librairieclavreuil.com\/wp-content\/uploads\/2021\/06\/cropped-LOGO_PNG_DATE-_gold-512x512-1.png\",\"width\":512,\"height\":512,\"caption\":\"Libairie Clavreuil\"},\"image\":{\"@id\":\"https:\/\/www.librairieclavreuil.com\/#\/schema\/logo\/image\/\"},\"sameAs\":[\"https:\/\/www.instagram.com\/librairieclavreuil\/\"]}]}<\/script>\n<!-- \/ Yoast SEO plugin. -->","yoast_head_json":{"title":"TZARA Tristan Vingt-cinq po\u00e8mes. H. Arp. Dix gravures sur bois. - Libairie Clavreuil","robots":{"index":"index","follow":"follow","max-snippet":"max-snippet:-1","max-image-preview":"max-image-preview:large","max-video-preview":"max-video-preview:-1"},"canonical":"https:\/\/www.librairieclavreuil.com\/produit\/produit-10\/","og_locale":"en_US","og_type":"article","og_title":"TZARA Tristan Vingt-cinq po\u00e8mes. H. Arp. Dix gravures sur bois. - Libairie Clavreuil","og_description":"8vo (197 x 142 mm) 26 un.l. Original publishers boards, stapled, gilt paper label on top cover with title and decorated with an original woodcut by Hans Arp, modern chemise in bronze coloured calf backed boards and slipcase (Pierre Lucien Martin).","og_url":"https:\/\/www.librairieclavreuil.com\/produit\/produit-10\/","og_site_name":"Libairie Clavreuil","article_modified_time":"2024-09-03T13:53:36+00:00","og_image":[{"width":589,"height":800,"url":"https:\/\/www.librairieclavreuil.com\/wp-content\/uploads\/2024\/07\/tristan-tzara-vingt-cinq-poemes-h-arp-dix-gravures-sur-bois-8041-6648ab139e859.jpg","type":"image\/jpeg"}],"twitter_card":"summary_large_image","twitter_misc":{"Est. reading time":"2 minutes"},"schema":{"@context":"https:\/\/schema.org","@graph":[{"@type":"WebPage","@id":"https:\/\/www.librairieclavreuil.com\/produit\/produit-10\/","url":"https:\/\/www.librairieclavreuil.com\/produit\/produit-10\/","name":"TZARA Tristan Vingt-cinq po\u00e8mes. H. Arp. Dix gravures sur bois. - Libairie Clavreuil","isPartOf":{"@id":"https:\/\/www.librairieclavreuil.com\/#website"},"primaryImageOfPage":{"@id":"https:\/\/www.librairieclavreuil.com\/produit\/produit-10\/#primaryimage"},"image":{"@id":"https:\/\/www.librairieclavreuil.com\/produit\/produit-10\/#primaryimage"},"thumbnailUrl":"https:\/\/www.librairieclavreuil.com\/wp-content\/uploads\/2024\/07\/tristan-tzara-vingt-cinq-poemes-h-arp-dix-gravures-sur-bois-8041-6648ab139e859.jpg","datePublished":"2024-06-11T16:21:14+00:00","dateModified":"2024-09-03T13:53:36+00:00","breadcrumb":{"@id":"https:\/\/www.librairieclavreuil.com\/produit\/produit-10\/#breadcrumb"},"inLanguage":"en-US","potentialAction":[{"@type":"ReadAction","target":["https:\/\/www.librairieclavreuil.com\/produit\/produit-10\/"]}]},{"@type":"ImageObject","inLanguage":"en-US","@id":"https:\/\/www.librairieclavreuil.com\/produit\/produit-10\/#primaryimage","url":"https:\/\/www.librairieclavreuil.com\/wp-content\/uploads\/2024\/07\/tristan-tzara-vingt-cinq-poemes-h-arp-dix-gravures-sur-bois-8041-6648ab139e859.jpg","contentUrl":"https:\/\/www.librairieclavreuil.com\/wp-content\/uploads\/2024\/07\/tristan-tzara-vingt-cinq-poemes-h-arp-dix-gravures-sur-bois-8041-6648ab139e859.jpg","width":589,"height":800},{"@type":"BreadcrumbList","@id":"https:\/\/www.librairieclavreuil.com\/produit\/produit-10\/#breadcrumb","itemListElement":[{"@type":"ListItem","position":1,"name":"Accueil","item":"https:\/\/www.librairieclavreuil.com\/"},{"@type":"ListItem","position":2,"name":"All our books","item":"https:\/\/www.librairieclavreuil.com\/en\/all-our-books\/"},{"@type":"ListItem","position":3,"name":"TZARA Tristan Vingt-cinq po\u00e8mes. H. Arp. Dix gravures..."}]},{"@type":"WebSite","@id":"https:\/\/www.librairieclavreuil.com\/#website","url":"https:\/\/www.librairieclavreuil.com\/","name":"Libairie Clavreuil","description":"Livres anciens, manuscrits rares et \u00e9ditions originales \u2013 Librairie Clavreuil","publisher":{"@id":"https:\/\/www.librairieclavreuil.com\/#organization"},"potentialAction":[{"@type":"SearchAction","target":{"@type":"EntryPoint","urlTemplate":"https:\/\/www.librairieclavreuil.com\/?s={search_term_string}"},"query-input":{"@type":"PropertyValueSpecification","valueRequired":true,"valueName":"search_term_string"}}],"inLanguage":"en-US"},{"@type":"Organization","@id":"https:\/\/www.librairieclavreuil.com\/#organization","name":"Libairie Clavreuil","url":"https:\/\/www.librairieclavreuil.com\/","logo":{"@type":"ImageObject","inLanguage":"en-US","@id":"https:\/\/www.librairieclavreuil.com\/#\/schema\/logo\/image\/","url":"https:\/\/www.librairieclavreuil.com\/wp-content\/uploads\/2021\/06\/cropped-LOGO_PNG_DATE-_gold-512x512-1.png","contentUrl":"https:\/\/www.librairieclavreuil.com\/wp-content\/uploads\/2021\/06\/cropped-LOGO_PNG_DATE-_gold-512x512-1.png","width":512,"height":512,"caption":"Libairie Clavreuil"},"image":{"@id":"https:\/\/www.librairieclavreuil.com\/#\/schema\/logo\/image\/"},"sameAs":["https:\/\/www.instagram.com\/librairieclavreuil\/"]}]}},"jetpack_sharing_enabled":true,"_links":{"self":[{"href":"https:\/\/www.librairieclavreuil.com\/en\/wp-json\/wp\/v2\/product\/78383","targetHints":{"allow":["GET"]}}],"collection":[{"href":"https:\/\/www.librairieclavreuil.com\/en\/wp-json\/wp\/v2\/product"}],"about":[{"href":"https:\/\/www.librairieclavreuil.com\/en\/wp-json\/wp\/v2\/types\/product"}],"replies":[{"embeddable":true,"href":"https:\/\/www.librairieclavreuil.com\/en\/wp-json\/wp\/v2\/comments?post=78383"}],"wp:featuredmedia":[{"embeddable":true,"href":"https:\/\/www.librairieclavreuil.com\/en\/wp-json\/wp\/v2\/media\/79146"}],"wp:attachment":[{"href":"https:\/\/www.librairieclavreuil.com\/en\/wp-json\/wp\/v2\/media?parent=78383"}],"wp:term":[{"taxonomy":"product_brand","embeddable":true,"href":"https:\/\/www.librairieclavreuil.com\/en\/wp-json\/wp\/v2\/product_brand?post=78383"},{"taxonomy":"product_cat","embeddable":true,"href":"https:\/\/www.librairieclavreuil.com\/en\/wp-json\/wp\/v2\/product_cat?post=78383"},{"taxonomy":"product_tag","embeddable":true,"href":"https:\/\/www.librairieclavreuil.com\/en\/wp-json\/wp\/v2\/product_tag?post=78383"}],"curies":[{"name":"wp","href":"https:\/\/api.w.org\/{rel}","templated":true}]}}