{"id":78359,"date":"2024-06-11T18:20:03","date_gmt":"2024-06-11T16:20:03","guid":{"rendered":"https:\/\/www.librairieclavreuil.com\/prevost-dexiles-antoine-francois-dit-labbe-prevost-memoires-et-avantures-dun-homme-de-qualite-qui-sest-retire-du-monde\/"},"modified":"2024-06-11T18:20:20","modified_gmt":"2024-06-11T16:20:20","slug":"prevost-dexiles-antoine-francois-dit-labbe-prevost-memoires-et-avantures-dun-homme-de-qualite-qui-sest-retire-du-monde","status":"publish","type":"product","link":"https:\/\/www.librairieclavreuil.com\/en\/prevost-dexiles-antoine-francois-dit-labbe-prevost-memoires-et-avantures-dun-homme-de-qualite-qui-sest-retire-du-monde\/","title":{"rendered":"PR\u00c9VOST D&#8217;EXILES Antoine Fran\u00e7ois, dit l&#8217;abb\u00e9 Pr\u00e9vost M\u00e9moires..."},"content":{"rendered":"<p style=\"text-align:justify\"><i>Brunet, IV, col. 867 ; Tchemerzine-Scheler, V, pp. 217-218, b ; En fran\u00e7ais dans le texte, n\u00b0 144 ; V. de Diesbach, Six si\u00e8cles de litt\u00e9rature fran\u00e7aise. XVIIIe si\u00e8cle. Biblioth\u00e8que Jean Bonna, n\u00b0 111 H ; Harrisse, Bibliographie de Manon Lescaut, Paris, 1877, p. 10, A, et p. 49, n\u00b0 3 ; M. Brun, \u201cContribution bibliographique sur les \u00e9ditions des M\u00e9moires et avantures d&#8217;un homme de qualit\u00e9 et de Manon Lescaut publi\u00e9es du vivant de l&#8217;abb\u00e9 Pr\u00e9vost\u201d, in : Histoire du chevalier des Grieux et de Manon Lescaut, Paris, 1960, pp. 329-388 ; A. Holland, Manon Lescaut, Gen\u00e8ve, 1984, pp. 10-23.<\/i><\/p>\n<p style=\"text-align:justify\"><span style=\"font-variant:small-caps\">First edition of <\/span><i><span style=\"font-variant:small-caps\">Manon Lescault<\/span><\/i><span style=\"font-variant:small-caps\">, one of the great books of French literature, bound for Le Peletier de Saint-Fargeau.<\/span><\/p>\n<p style=\"text-align:justify\">Copy of the issue &#8220;A\u201d according to Harrisse, Brun and Holland (copper-engraved title vignette for titles of parts I, III, V et VII, and woodcut vignette on titles to parts II, IV et VI ; only parts V to VII have a half-title, as indicated by the bibliographers).<\/p>\n<p style=\"text-align:justify\">Parts I to IV were first published in 1728 and 1729. Volumes V to VII appeared in Amsterdam in 1731, where the author had taken refuge. The Compagnie des libraires d&#8217;Amsterdam republished the first four volumes at the same time in order to form a homogeneous whole.<\/p>\n<p style=\"text-align:justify\">A very fine copy of this rare edition bound with the arms of Michel Robert Le Peletier des Forts, comte de Saint-Fargeau (1675-1740) was ma\u00eetre des requ\u00eates in 1698, intendant des finances in 1701 and conseiller d&#8217;\u00c9tat in 1714 under Louis XIV, then contr\u00f4leur g\u00e9n\u00e9ral des finances from 1726 to 1730. His library was sold at auction in 1741.<\/p>\n<p style=\"text-align:justify\">Provenance : Michel-Robert Le Peletier des Forts, comte de Saint-Fargeau (1675-1740; his sale, Paris, 1741, lot 1418, 8 livres 10 sols) &#8211; unidentified bookplate with the monogramm &#8216;RS&#8217; in the first volume.<\/p>\n","protected":false},"excerpt":{"rendered":"<p>7 parts in 4 volumes, 12mo (131 x 77 mm) 2 nn.ll., 218 pp., 1 nn.l. (blank) for part I; 1 nn.l., 173 pp. for part II; 232 pp. for part III ; 2 nn.ll. (first blank), 221 pp. for part IV; 4 nn.ll. (half-title indicating &#8220;M\u00e9moires\u2026. Tome V&#8221;), 288 pp. for part V; 2 nn.ll. (half-title indicating &#8220;M\u00e9moires\u2026 tome VI&#8221;), 283 pp. for part VI; 2 nn.ll. (half-title indicating &#8220;M\u00e9moires\u2026 tome VII&#8221;) 344 pp. for part VII. Contemporary speckled calf, central coat of arms of Michel Robert Le Peletier des Forts (OHR, 893, tool 3), spine gilt with raised bands, res speckled edges.<\/p>\n","protected":false},"featured_media":78352,"comment_status":"open","ping_status":"closed","template":"","meta":{"_acf_changed":false},"product_brand":[],"product_cat":[544],"product_tag":[1245,1270,1267,1450],"class_list":{"0":"post-78359","1":"product","2":"type-product","3":"status-publish","4":"has-post-thumbnail","6":"product_cat-literature","7":"product_tag-18th-century-literature","8":"product_tag-armoured","9":"product_tag-binding","10":"product_tag-first-edition","11":"pa_auteur-prevost-dexiles-antoine-francois-dit-labbe-prevost-2","12":"pa_type-de-livre-printed-book","14":"first","15":"instock","16":"shipping-taxable","17":"purchasable","18":"product-type-simple"},"acf":{"artist":"Antoine Fran\u00e7ois, dit l'abb\u00e9 Pr\u00e9vost PR\u00c9VOST D'EXILES","chapeau":"The first complete edition\r\nin a nice armorial binding","adresse_bibliographique":"Amsterdam, Aux d\u00e9pens de la Compagnie, 1731","book_type":"Printed book","provenance":"","afficher_prix":""},"yoast_head":"<!-- This site is optimized with the Yoast SEO plugin v24.7 - https:\/\/yoast.com\/wordpress\/plugins\/seo\/ -->\n<title>PR\u00c9VOST D&#039;EXILES Antoine Fran\u00e7ois, dit l&#039;abb\u00e9 Pr\u00e9vost M\u00e9moires et Avantures d&#039;un homme de Qualit\u00e9, qui s&#039;est retir\u00e9 du monde - Libairie Clavreuil<\/title>\n<meta name=\"robots\" content=\"index, follow, max-snippet:-1, max-image-preview:large, max-video-preview:-1\" \/>\n<link rel=\"canonical\" href=\"https:\/\/www.librairieclavreuil.com\/en\/prevost-dexiles-antoine-francois-dit-labbe-prevost-memoires-et-avantures-dun-homme-de-qualite-qui-sest-retire-du-monde\/\" \/>\n<meta property=\"og:locale\" content=\"en_US\" \/>\n<meta property=\"og:type\" content=\"article\" \/>\n<meta property=\"og:title\" content=\"PR\u00c9VOST D&#039;EXILES Antoine Fran\u00e7ois, dit l&#039;abb\u00e9 Pr\u00e9vost M\u00e9moires et Avantures d&#039;un homme de Qualit\u00e9, qui s&#039;est retir\u00e9 du monde - Libairie Clavreuil\" \/>\n<meta property=\"og:description\" content=\"7 parts in 4 volumes, 12mo (131 x 77 mm) 2 nn.ll., 218 pp., 1 nn.l. (blank) for part I; 1 nn.l., 173 pp. for part II; 232 pp. for part III ; 2 nn.ll. (first blank), 221 pp. for part IV; 4 nn.ll. (half-title indicating &quot;M\u00e9moires\u2026. Tome V&quot;), 288 pp. for part V; 2 nn.ll. (half-title indicating &quot;M\u00e9moires\u2026 tome VI&quot;), 283 pp. for part VI; 2 nn.ll. (half-title indicating &quot;M\u00e9moires\u2026 tome VII&quot;) 344 pp. for part VII. Contemporary speckled calf, central coat of arms of Michel Robert Le Peletier des Forts (OHR, 893, tool 3), spine gilt with raised bands, res speckled edges.\" \/>\n<meta property=\"og:url\" content=\"https:\/\/www.librairieclavreuil.com\/en\/prevost-dexiles-antoine-francois-dit-labbe-prevost-memoires-et-avantures-dun-homme-de-qualite-qui-sest-retire-du-monde\/\" \/>\n<meta property=\"og:site_name\" content=\"Libairie Clavreuil\" \/>\n<meta property=\"article:modified_time\" content=\"2024-06-11T16:20:20+00:00\" \/>\n<meta property=\"og:image\" content=\"https:\/\/www.librairieclavreuil.com\/wp-content\/uploads\/2024\/06\/antoine-francois-dit-l-abbe-prevost-prevost-d-exiles-memoires-et-avantures-d-un-homme-de-qualite-qui-s-est-retire-du-monde-9504-66587d85722e3-scaled.jpg\" \/>\n\t<meta property=\"og:image:width\" content=\"2560\" \/>\n\t<meta property=\"og:image:height\" content=\"1700\" \/>\n\t<meta property=\"og:image:type\" content=\"image\/jpeg\" \/>\n<meta name=\"twitter:card\" content=\"summary_large_image\" \/>\n<meta name=\"twitter:label1\" content=\"Est. reading time\" \/>\n\t<meta name=\"twitter:data1\" content=\"1 minute\" \/>\n<script type=\"application\/ld+json\" class=\"yoast-schema-graph\">{\"@context\":\"https:\/\/schema.org\",\"@graph\":[{\"@type\":\"WebPage\",\"@id\":\"https:\/\/www.librairieclavreuil.com\/en\/prevost-dexiles-antoine-francois-dit-labbe-prevost-memoires-et-avantures-dun-homme-de-qualite-qui-sest-retire-du-monde\/\",\"url\":\"https:\/\/www.librairieclavreuil.com\/en\/prevost-dexiles-antoine-francois-dit-labbe-prevost-memoires-et-avantures-dun-homme-de-qualite-qui-sest-retire-du-monde\/\",\"name\":\"PR\u00c9VOST D'EXILES Antoine Fran\u00e7ois, dit l'abb\u00e9 Pr\u00e9vost M\u00e9moires et Avantures d'un homme de Qualit\u00e9, qui s'est retir\u00e9 du monde - Libairie Clavreuil\",\"isPartOf\":{\"@id\":\"https:\/\/www.librairieclavreuil.com\/#website\"},\"primaryImageOfPage\":{\"@id\":\"https:\/\/www.librairieclavreuil.com\/en\/prevost-dexiles-antoine-francois-dit-labbe-prevost-memoires-et-avantures-dun-homme-de-qualite-qui-sest-retire-du-monde\/#primaryimage\"},\"image\":{\"@id\":\"https:\/\/www.librairieclavreuil.com\/en\/prevost-dexiles-antoine-francois-dit-labbe-prevost-memoires-et-avantures-dun-homme-de-qualite-qui-sest-retire-du-monde\/#primaryimage\"},\"thumbnailUrl\":\"https:\/\/www.librairieclavreuil.com\/wp-content\/uploads\/2024\/06\/antoine-francois-dit-l-abbe-prevost-prevost-d-exiles-memoires-et-avantures-d-un-homme-de-qualite-qui-s-est-retire-du-monde-9504-66587d85722e3-scaled.jpg\",\"datePublished\":\"2024-06-11T16:20:03+00:00\",\"dateModified\":\"2024-06-11T16:20:20+00:00\",\"breadcrumb\":{\"@id\":\"https:\/\/www.librairieclavreuil.com\/en\/prevost-dexiles-antoine-francois-dit-labbe-prevost-memoires-et-avantures-dun-homme-de-qualite-qui-sest-retire-du-monde\/#breadcrumb\"},\"inLanguage\":\"en-US\",\"potentialAction\":[{\"@type\":\"ReadAction\",\"target\":[\"https:\/\/www.librairieclavreuil.com\/en\/prevost-dexiles-antoine-francois-dit-labbe-prevost-memoires-et-avantures-dun-homme-de-qualite-qui-sest-retire-du-monde\/\"]}]},{\"@type\":\"ImageObject\",\"inLanguage\":\"en-US\",\"@id\":\"https:\/\/www.librairieclavreuil.com\/en\/prevost-dexiles-antoine-francois-dit-labbe-prevost-memoires-et-avantures-dun-homme-de-qualite-qui-sest-retire-du-monde\/#primaryimage\",\"url\":\"https:\/\/www.librairieclavreuil.com\/wp-content\/uploads\/2024\/06\/antoine-francois-dit-l-abbe-prevost-prevost-d-exiles-memoires-et-avantures-d-un-homme-de-qualite-qui-s-est-retire-du-monde-9504-66587d85722e3-scaled.jpg\",\"contentUrl\":\"https:\/\/www.librairieclavreuil.com\/wp-content\/uploads\/2024\/06\/antoine-francois-dit-l-abbe-prevost-prevost-d-exiles-memoires-et-avantures-d-un-homme-de-qualite-qui-s-est-retire-du-monde-9504-66587d85722e3-scaled.jpg\",\"width\":2560,\"height\":1700},{\"@type\":\"BreadcrumbList\",\"@id\":\"https:\/\/www.librairieclavreuil.com\/en\/prevost-dexiles-antoine-francois-dit-labbe-prevost-memoires-et-avantures-dun-homme-de-qualite-qui-sest-retire-du-monde\/#breadcrumb\",\"itemListElement\":[{\"@type\":\"ListItem\",\"position\":1,\"name\":\"Accueil\",\"item\":\"https:\/\/www.librairieclavreuil.com\/\"},{\"@type\":\"ListItem\",\"position\":2,\"name\":\"All our books\",\"item\":\"https:\/\/www.librairieclavreuil.com\/en\/all-our-books\/\"},{\"@type\":\"ListItem\",\"position\":3,\"name\":\"PR\u00c9VOST D&#8217;EXILES Antoine Fran\u00e7ois, dit l&#8217;abb\u00e9 Pr\u00e9vost M\u00e9moires et Avantures d&#8217;un homme de Qualit\u00e9, qui s&#8217;est retir\u00e9 du monde\"}]},{\"@type\":\"WebSite\",\"@id\":\"https:\/\/www.librairieclavreuil.com\/#website\",\"url\":\"https:\/\/www.librairieclavreuil.com\/\",\"name\":\"Libairie Clavreuil\",\"description\":\"Livres anciens, manuscrits rares et \u00e9ditions originales \u2013 Librairie Clavreuil\",\"publisher\":{\"@id\":\"https:\/\/www.librairieclavreuil.com\/#organization\"},\"potentialAction\":[{\"@type\":\"SearchAction\",\"target\":{\"@type\":\"EntryPoint\",\"urlTemplate\":\"https:\/\/www.librairieclavreuil.com\/?s={search_term_string}\"},\"query-input\":{\"@type\":\"PropertyValueSpecification\",\"valueRequired\":true,\"valueName\":\"search_term_string\"}}],\"inLanguage\":\"en-US\"},{\"@type\":\"Organization\",\"@id\":\"https:\/\/www.librairieclavreuil.com\/#organization\",\"name\":\"Libairie Clavreuil\",\"url\":\"https:\/\/www.librairieclavreuil.com\/\",\"logo\":{\"@type\":\"ImageObject\",\"inLanguage\":\"en-US\",\"@id\":\"https:\/\/www.librairieclavreuil.com\/#\/schema\/logo\/image\/\",\"url\":\"https:\/\/www.librairieclavreuil.com\/wp-content\/uploads\/2021\/06\/cropped-LOGO_PNG_DATE-_gold-512x512-1.png\",\"contentUrl\":\"https:\/\/www.librairieclavreuil.com\/wp-content\/uploads\/2021\/06\/cropped-LOGO_PNG_DATE-_gold-512x512-1.png\",\"width\":512,\"height\":512,\"caption\":\"Libairie Clavreuil\"},\"image\":{\"@id\":\"https:\/\/www.librairieclavreuil.com\/#\/schema\/logo\/image\/\"},\"sameAs\":[\"https:\/\/www.instagram.com\/librairieclavreuil\/\"]}]}<\/script>\n<!-- \/ Yoast SEO plugin. -->","yoast_head_json":{"title":"PR\u00c9VOST D'EXILES Antoine Fran\u00e7ois, dit l'abb\u00e9 Pr\u00e9vost M\u00e9moires et Avantures d'un homme de Qualit\u00e9, qui s'est retir\u00e9 du monde - Libairie Clavreuil","robots":{"index":"index","follow":"follow","max-snippet":"max-snippet:-1","max-image-preview":"max-image-preview:large","max-video-preview":"max-video-preview:-1"},"canonical":"https:\/\/www.librairieclavreuil.com\/en\/prevost-dexiles-antoine-francois-dit-labbe-prevost-memoires-et-avantures-dun-homme-de-qualite-qui-sest-retire-du-monde\/","og_locale":"en_US","og_type":"article","og_title":"PR\u00c9VOST D'EXILES Antoine Fran\u00e7ois, dit l'abb\u00e9 Pr\u00e9vost M\u00e9moires et Avantures d'un homme de Qualit\u00e9, qui s'est retir\u00e9 du monde - Libairie Clavreuil","og_description":"7 parts in 4 volumes, 12mo (131 x 77 mm) 2 nn.ll., 218 pp., 1 nn.l. (blank) for part I; 1 nn.l., 173 pp. for part II; 232 pp. for part III ; 2 nn.ll. (first blank), 221 pp. for part IV; 4 nn.ll. (half-title indicating \"M\u00e9moires\u2026. Tome V\"), 288 pp. for part V; 2 nn.ll. (half-title indicating \"M\u00e9moires\u2026 tome VI\"), 283 pp. for part VI; 2 nn.ll. (half-title indicating \"M\u00e9moires\u2026 tome VII\") 344 pp. for part VII. Contemporary speckled calf, central coat of arms of Michel Robert Le Peletier des Forts (OHR, 893, tool 3), spine gilt with raised bands, res speckled edges.","og_url":"https:\/\/www.librairieclavreuil.com\/en\/prevost-dexiles-antoine-francois-dit-labbe-prevost-memoires-et-avantures-dun-homme-de-qualite-qui-sest-retire-du-monde\/","og_site_name":"Libairie Clavreuil","article_modified_time":"2024-06-11T16:20:20+00:00","og_image":[{"width":2560,"height":1700,"url":"https:\/\/www.librairieclavreuil.com\/wp-content\/uploads\/2024\/06\/antoine-francois-dit-l-abbe-prevost-prevost-d-exiles-memoires-et-avantures-d-un-homme-de-qualite-qui-s-est-retire-du-monde-9504-66587d85722e3-scaled.jpg","type":"image\/jpeg"}],"twitter_card":"summary_large_image","twitter_misc":{"Est. reading time":"1 minute"},"schema":{"@context":"https:\/\/schema.org","@graph":[{"@type":"WebPage","@id":"https:\/\/www.librairieclavreuil.com\/en\/prevost-dexiles-antoine-francois-dit-labbe-prevost-memoires-et-avantures-dun-homme-de-qualite-qui-sest-retire-du-monde\/","url":"https:\/\/www.librairieclavreuil.com\/en\/prevost-dexiles-antoine-francois-dit-labbe-prevost-memoires-et-avantures-dun-homme-de-qualite-qui-sest-retire-du-monde\/","name":"PR\u00c9VOST D'EXILES Antoine Fran\u00e7ois, dit l'abb\u00e9 Pr\u00e9vost M\u00e9moires et Avantures d'un homme de Qualit\u00e9, qui s'est retir\u00e9 du monde - Libairie Clavreuil","isPartOf":{"@id":"https:\/\/www.librairieclavreuil.com\/#website"},"primaryImageOfPage":{"@id":"https:\/\/www.librairieclavreuil.com\/en\/prevost-dexiles-antoine-francois-dit-labbe-prevost-memoires-et-avantures-dun-homme-de-qualite-qui-sest-retire-du-monde\/#primaryimage"},"image":{"@id":"https:\/\/www.librairieclavreuil.com\/en\/prevost-dexiles-antoine-francois-dit-labbe-prevost-memoires-et-avantures-dun-homme-de-qualite-qui-sest-retire-du-monde\/#primaryimage"},"thumbnailUrl":"https:\/\/www.librairieclavreuil.com\/wp-content\/uploads\/2024\/06\/antoine-francois-dit-l-abbe-prevost-prevost-d-exiles-memoires-et-avantures-d-un-homme-de-qualite-qui-s-est-retire-du-monde-9504-66587d85722e3-scaled.jpg","datePublished":"2024-06-11T16:20:03+00:00","dateModified":"2024-06-11T16:20:20+00:00","breadcrumb":{"@id":"https:\/\/www.librairieclavreuil.com\/en\/prevost-dexiles-antoine-francois-dit-labbe-prevost-memoires-et-avantures-dun-homme-de-qualite-qui-sest-retire-du-monde\/#breadcrumb"},"inLanguage":"en-US","potentialAction":[{"@type":"ReadAction","target":["https:\/\/www.librairieclavreuil.com\/en\/prevost-dexiles-antoine-francois-dit-labbe-prevost-memoires-et-avantures-dun-homme-de-qualite-qui-sest-retire-du-monde\/"]}]},{"@type":"ImageObject","inLanguage":"en-US","@id":"https:\/\/www.librairieclavreuil.com\/en\/prevost-dexiles-antoine-francois-dit-labbe-prevost-memoires-et-avantures-dun-homme-de-qualite-qui-sest-retire-du-monde\/#primaryimage","url":"https:\/\/www.librairieclavreuil.com\/wp-content\/uploads\/2024\/06\/antoine-francois-dit-l-abbe-prevost-prevost-d-exiles-memoires-et-avantures-d-un-homme-de-qualite-qui-s-est-retire-du-monde-9504-66587d85722e3-scaled.jpg","contentUrl":"https:\/\/www.librairieclavreuil.com\/wp-content\/uploads\/2024\/06\/antoine-francois-dit-l-abbe-prevost-prevost-d-exiles-memoires-et-avantures-d-un-homme-de-qualite-qui-s-est-retire-du-monde-9504-66587d85722e3-scaled.jpg","width":2560,"height":1700},{"@type":"BreadcrumbList","@id":"https:\/\/www.librairieclavreuil.com\/en\/prevost-dexiles-antoine-francois-dit-labbe-prevost-memoires-et-avantures-dun-homme-de-qualite-qui-sest-retire-du-monde\/#breadcrumb","itemListElement":[{"@type":"ListItem","position":1,"name":"Accueil","item":"https:\/\/www.librairieclavreuil.com\/"},{"@type":"ListItem","position":2,"name":"All our books","item":"https:\/\/www.librairieclavreuil.com\/en\/all-our-books\/"},{"@type":"ListItem","position":3,"name":"PR\u00c9VOST D&#8217;EXILES Antoine Fran\u00e7ois, dit l&#8217;abb\u00e9 Pr\u00e9vost M\u00e9moires et Avantures d&#8217;un homme de Qualit\u00e9, qui s&#8217;est retir\u00e9 du monde"}]},{"@type":"WebSite","@id":"https:\/\/www.librairieclavreuil.com\/#website","url":"https:\/\/www.librairieclavreuil.com\/","name":"Libairie Clavreuil","description":"Livres anciens, manuscrits rares et \u00e9ditions originales \u2013 Librairie Clavreuil","publisher":{"@id":"https:\/\/www.librairieclavreuil.com\/#organization"},"potentialAction":[{"@type":"SearchAction","target":{"@type":"EntryPoint","urlTemplate":"https:\/\/www.librairieclavreuil.com\/?s={search_term_string}"},"query-input":{"@type":"PropertyValueSpecification","valueRequired":true,"valueName":"search_term_string"}}],"inLanguage":"en-US"},{"@type":"Organization","@id":"https:\/\/www.librairieclavreuil.com\/#organization","name":"Libairie Clavreuil","url":"https:\/\/www.librairieclavreuil.com\/","logo":{"@type":"ImageObject","inLanguage":"en-US","@id":"https:\/\/www.librairieclavreuil.com\/#\/schema\/logo\/image\/","url":"https:\/\/www.librairieclavreuil.com\/wp-content\/uploads\/2021\/06\/cropped-LOGO_PNG_DATE-_gold-512x512-1.png","contentUrl":"https:\/\/www.librairieclavreuil.com\/wp-content\/uploads\/2021\/06\/cropped-LOGO_PNG_DATE-_gold-512x512-1.png","width":512,"height":512,"caption":"Libairie Clavreuil"},"image":{"@id":"https:\/\/www.librairieclavreuil.com\/#\/schema\/logo\/image\/"},"sameAs":["https:\/\/www.instagram.com\/librairieclavreuil\/"]}]}},"jetpack_sharing_enabled":true,"_links":{"self":[{"href":"https:\/\/www.librairieclavreuil.com\/en\/wp-json\/wp\/v2\/product\/78359","targetHints":{"allow":["GET"]}}],"collection":[{"href":"https:\/\/www.librairieclavreuil.com\/en\/wp-json\/wp\/v2\/product"}],"about":[{"href":"https:\/\/www.librairieclavreuil.com\/en\/wp-json\/wp\/v2\/types\/product"}],"replies":[{"embeddable":true,"href":"https:\/\/www.librairieclavreuil.com\/en\/wp-json\/wp\/v2\/comments?post=78359"}],"wp:featuredmedia":[{"embeddable":true,"href":"https:\/\/www.librairieclavreuil.com\/en\/wp-json\/wp\/v2\/media\/78352"}],"wp:attachment":[{"href":"https:\/\/www.librairieclavreuil.com\/en\/wp-json\/wp\/v2\/media?parent=78359"}],"wp:term":[{"taxonomy":"product_brand","embeddable":true,"href":"https:\/\/www.librairieclavreuil.com\/en\/wp-json\/wp\/v2\/product_brand?post=78359"},{"taxonomy":"product_cat","embeddable":true,"href":"https:\/\/www.librairieclavreuil.com\/en\/wp-json\/wp\/v2\/product_cat?post=78359"},{"taxonomy":"product_tag","embeddable":true,"href":"https:\/\/www.librairieclavreuil.com\/en\/wp-json\/wp\/v2\/product_tag?post=78359"}],"curies":[{"name":"wp","href":"https:\/\/api.w.org\/{rel}","templated":true}]}}