{"id":78351,"date":"2024-06-11T18:19:20","date_gmt":"2024-06-11T16:19:20","guid":{"rendered":"https:\/\/www.librairieclavreuil.com\/produit-9\/"},"modified":"2025-06-03T12:44:17","modified_gmt":"2025-06-03T10:44:17","slug":"produit-9","status":"publish","type":"product","link":"https:\/\/www.librairieclavreuil.com\/en\/produit-9\/","title":{"rendered":"NOSTRADAMUS Michel de Nostredame Les Propheties de M...."},"content":{"rendered":"<p style=\"text-align:justify\"><i>Guinard, p. 51 ; Chomarat, 96 ; Benazra, 11 ; Ruzo, 21 ; see also : Jean Paul Barbier, Ma biblioth\u00e8que po\u00e9tique, part IV, pp. 445-462, for another edition at the same date (Guinard, p. 52 &amp; Chomarat, 97) &#8211; Guinard locates 6 copies in institutional libraries (including one incomplete) and one in privat hands.<\/i><\/p>\n<p style=\"text-align:justify\"><span style=\"font-variant:small-caps\">Second complete edition of Nostradamus&#8217; <\/span><i><span style=\"font-variant:small-caps\">Proph\u00e9ties<\/span><\/i><span style=\"font-variant:small-caps\">, of great rarity.<\/span><\/p>\n<p style=\"text-align:justify\">Most probably printed ca. 1571, the edition has recently been baptized &#8220;\u00c9dition A&#8221; by Patrice Guinard, who placed it second in his chronology of Nostradamus editions by Benoist Rigaud bearing the date of 1568. The great Peruvian Nostradamus specialist Daniel Ruzo did not own a copy, and Guinard locates only 6 copies : Lyon BM (incomplete) ; Lyon BM (Fonds Chomarat), Ch\u00e2teauroux BM, Heidelberg UB, Wroclaw BU Glowna, Firenze BN \u2013 to which one should the copy illustrated in Der Schl\u00fcssel zur Welt des Nostradamus by Ren\u00e9 Troyan (Stammham, Merano, 2003), &#8220;achet\u00e9 chez un libraire selon l&#8217;auteur. Estampille de biblioth\u00e8que visible au second livre&#8221; (Guinard).<\/p>\n<p style=\"text-align:justify\">Each part is illustrated with a fine woodcut vignette: part one depicts the sky with a sun, moon and five stars as well as sphere held by a hand emerging out of a cloud while another hand is measuring its surface (Chomarat, woodcut no. 2); the vignette of part two depicts Atlas carrying the celestial globe, with a seascape in the back ground (Chomarat, woodcut no. 4). Engraved initials, borders and a floral woodcut complete the ornamentation (Chomarat, woodcut no. 17).<\/p>\n<p style=\"text-align:justify\">The editions by Benoist Rigaud are highly important, especially concerning the establishment of the last three &#8216;centuries&#8217; of the new preface which some believed to be apocryphal and of which no printed version is known to be published during the author&#8217;s lifetime. Patrice Guinard insists on the fact the first 942 quatrains are published here for the very first time (see: Revue fran\u00e7aise d&#8217;histoire du livre, n\u00b0 129, Nouvelle s\u00e9rie, 2008, pp. 9-142).<\/p>\n<p style=\"text-align:justify\">&#8220;En effet l&#8217;\u00e9dition lyonnaise de 1558 et son hypoth\u00e9tique r\u00e9plique parisienne sont aujourd&#8217;hui perdues, et les \u00e9ditions dites de 1568, dont la premi\u00e8re fut probablement imprim\u00e9e environ deux ans apr\u00e8s le d\u00e9c\u00e8s de Nostadamus, sont les premiers vestiges du texte originel, et probablement les plus fiables&#8221; (Guinard).<\/p>\n<p style=\"text-align:justify\">Text slightly browned, small restoration to leaf G5 without loss.<\/p>\n<p style=\"text-align:justify\">Very good copy in its first binding.<\/p>\n<p style=\"text-align:justify\">Provenance: 17th century signature inside the first cover &#8220;di fran[cesco] Bulgarini&#8221; : possibly Cardinal Francesco Bulgarini, member of an important Roman family &#8211; &#8220;Cesare Campori&#8221; (19th century printed book-plate).<\/p>\n","protected":false},"excerpt":{"rendered":"<p style=\"text-align:justify\">2 parts in one volume, 16mo (115 x 76 mm) 125 pp. (with title), one blank leaf for part one; 76 pp. (with title) for part two. Contemporary flexible vellum.<\/p>\n","protected":false},"featured_media":79134,"comment_status":"open","ping_status":"closed","template":"","meta":{"_acf_changed":false},"product_brand":[],"product_cat":[550],"product_tag":[1317],"class_list":{"0":"post-78351","1":"product","2":"type-product","3":"status-publish","4":"has-post-thumbnail","6":"product_cat-science","7":"product_tag-astrology","8":"pa_auteur-nostradamus-michel-de-nostredame-2","9":"pa_type-de-livre-printed-book","11":"first","12":"instock","13":"shipping-taxable","14":"purchasable","15":"product-type-simple"},"acf":{"artist":" Michel de Nostredame NOSTRADAMUS","chapeau":"The very rare edition of the Proph\u00e9ties printed by Benoist Rigaud","adresse_bibliographique":"Lyon, Benoist Rigaud, 1568","book_type":"Printed book","provenance":"","afficher_prix":""},"yoast_head":"<!-- This site is optimized with the Yoast SEO plugin v24.7 - https:\/\/yoast.com\/wordpress\/plugins\/seo\/ -->\n<title>NOSTRADAMUS Michel de Nostredame Les Propheties de M. Michel Nostradamus. Dont il y en a trois cens qui n&#039;ont encores iamais est\u00e9 imprim\u00e9es. Adioust\u00e9es de nouueau par ledict Autheur. - Libairie Clavreuil<\/title>\n<meta name=\"robots\" content=\"index, follow, max-snippet:-1, max-image-preview:large, max-video-preview:-1\" \/>\n<link rel=\"canonical\" href=\"https:\/\/www.librairieclavreuil.com\/en\/produit-9\/\" \/>\n<meta property=\"og:locale\" content=\"en_US\" \/>\n<meta property=\"og:type\" content=\"article\" \/>\n<meta property=\"og:title\" content=\"NOSTRADAMUS Michel de Nostredame Les Propheties de M. Michel Nostradamus. Dont il y en a trois cens qui n&#039;ont encores iamais est\u00e9 imprim\u00e9es. Adioust\u00e9es de nouueau par ledict Autheur. - Libairie Clavreuil\" \/>\n<meta property=\"og:description\" content=\"2 parts in one volume, 16mo (115 x 76 mm) 125 pp. (with title), one blank leaf for part one; 76 pp. (with title) for part two. Contemporary flexible vellum.\" \/>\n<meta property=\"og:url\" content=\"https:\/\/www.librairieclavreuil.com\/en\/produit-9\/\" \/>\n<meta property=\"og:site_name\" content=\"Libairie Clavreuil\" \/>\n<meta property=\"article:modified_time\" content=\"2025-06-03T10:44:17+00:00\" \/>\n<meta property=\"og:image\" content=\"https:\/\/www.librairieclavreuil.com\/wp-content\/uploads\/2024\/07\/michel-de-nostredame-nostradamus-les-propheties-de-m-michel-nostradamus-dont-il-y-en-a-trois-cens-qui-n-ont-encores-iamais-este-imprimees-adioustees-d.jpg\" \/>\n\t<meta property=\"og:image:width\" content=\"613\" \/>\n\t<meta property=\"og:image:height\" content=\"800\" \/>\n\t<meta property=\"og:image:type\" content=\"image\/jpeg\" \/>\n<meta name=\"twitter:card\" content=\"summary_large_image\" \/>\n<meta name=\"twitter:label1\" content=\"Est. reading time\" \/>\n\t<meta name=\"twitter:data1\" content=\"2 minutes\" \/>\n<script type=\"application\/ld+json\" class=\"yoast-schema-graph\">{\"@context\":\"https:\/\/schema.org\",\"@graph\":[{\"@type\":\"WebPage\",\"@id\":\"https:\/\/www.librairieclavreuil.com\/en\/produit-9\/\",\"url\":\"https:\/\/www.librairieclavreuil.com\/en\/produit-9\/\",\"name\":\"NOSTRADAMUS Michel de Nostredame Les Propheties de M. Michel Nostradamus. Dont il y en a trois cens qui n'ont encores iamais est\u00e9 imprim\u00e9es. Adioust\u00e9es de nouueau par ledict Autheur. - Libairie Clavreuil\",\"isPartOf\":{\"@id\":\"https:\/\/www.librairieclavreuil.com\/#website\"},\"primaryImageOfPage\":{\"@id\":\"https:\/\/www.librairieclavreuil.com\/en\/produit-9\/#primaryimage\"},\"image\":{\"@id\":\"https:\/\/www.librairieclavreuil.com\/en\/produit-9\/#primaryimage\"},\"thumbnailUrl\":\"https:\/\/www.librairieclavreuil.com\/wp-content\/uploads\/2024\/07\/michel-de-nostredame-nostradamus-les-propheties-de-m-michel-nostradamus-dont-il-y-en-a-trois-cens-qui-n-ont-encores-iamais-este-imprimees-adioustees-d.jpg\",\"datePublished\":\"2024-06-11T16:19:20+00:00\",\"dateModified\":\"2025-06-03T10:44:17+00:00\",\"breadcrumb\":{\"@id\":\"https:\/\/www.librairieclavreuil.com\/en\/produit-9\/#breadcrumb\"},\"inLanguage\":\"en-US\",\"potentialAction\":[{\"@type\":\"ReadAction\",\"target\":[\"https:\/\/www.librairieclavreuil.com\/en\/produit-9\/\"]}]},{\"@type\":\"ImageObject\",\"inLanguage\":\"en-US\",\"@id\":\"https:\/\/www.librairieclavreuil.com\/en\/produit-9\/#primaryimage\",\"url\":\"https:\/\/www.librairieclavreuil.com\/wp-content\/uploads\/2024\/07\/michel-de-nostredame-nostradamus-les-propheties-de-m-michel-nostradamus-dont-il-y-en-a-trois-cens-qui-n-ont-encores-iamais-este-imprimees-adioustees-d.jpg\",\"contentUrl\":\"https:\/\/www.librairieclavreuil.com\/wp-content\/uploads\/2024\/07\/michel-de-nostredame-nostradamus-les-propheties-de-m-michel-nostradamus-dont-il-y-en-a-trois-cens-qui-n-ont-encores-iamais-este-imprimees-adioustees-d.jpg\",\"width\":613,\"height\":800},{\"@type\":\"BreadcrumbList\",\"@id\":\"https:\/\/www.librairieclavreuil.com\/en\/produit-9\/#breadcrumb\",\"itemListElement\":[{\"@type\":\"ListItem\",\"position\":1,\"name\":\"Accueil\",\"item\":\"https:\/\/www.librairieclavreuil.com\/\"},{\"@type\":\"ListItem\",\"position\":2,\"name\":\"All our books\",\"item\":\"https:\/\/www.librairieclavreuil.com\/en\/all-our-books\/\"},{\"@type\":\"ListItem\",\"position\":3,\"name\":\"NOSTRADAMUS Michel de Nostredame Les Propheties de M....\"}]},{\"@type\":\"WebSite\",\"@id\":\"https:\/\/www.librairieclavreuil.com\/#website\",\"url\":\"https:\/\/www.librairieclavreuil.com\/\",\"name\":\"Libairie Clavreuil\",\"description\":\"Livres anciens, manuscrits rares et \u00e9ditions originales \u2013 Librairie Clavreuil\",\"publisher\":{\"@id\":\"https:\/\/www.librairieclavreuil.com\/#organization\"},\"potentialAction\":[{\"@type\":\"SearchAction\",\"target\":{\"@type\":\"EntryPoint\",\"urlTemplate\":\"https:\/\/www.librairieclavreuil.com\/?s={search_term_string}\"},\"query-input\":{\"@type\":\"PropertyValueSpecification\",\"valueRequired\":true,\"valueName\":\"search_term_string\"}}],\"inLanguage\":\"en-US\"},{\"@type\":\"Organization\",\"@id\":\"https:\/\/www.librairieclavreuil.com\/#organization\",\"name\":\"Libairie Clavreuil\",\"url\":\"https:\/\/www.librairieclavreuil.com\/\",\"logo\":{\"@type\":\"ImageObject\",\"inLanguage\":\"en-US\",\"@id\":\"https:\/\/www.librairieclavreuil.com\/#\/schema\/logo\/image\/\",\"url\":\"https:\/\/www.librairieclavreuil.com\/wp-content\/uploads\/2021\/06\/cropped-LOGO_PNG_DATE-_gold-512x512-1.png\",\"contentUrl\":\"https:\/\/www.librairieclavreuil.com\/wp-content\/uploads\/2021\/06\/cropped-LOGO_PNG_DATE-_gold-512x512-1.png\",\"width\":512,\"height\":512,\"caption\":\"Libairie Clavreuil\"},\"image\":{\"@id\":\"https:\/\/www.librairieclavreuil.com\/#\/schema\/logo\/image\/\"},\"sameAs\":[\"https:\/\/www.instagram.com\/librairieclavreuil\/\"]}]}<\/script>\n<!-- \/ Yoast SEO plugin. -->","yoast_head_json":{"title":"NOSTRADAMUS Michel de Nostredame Les Propheties de M. Michel Nostradamus. Dont il y en a trois cens qui n'ont encores iamais est\u00e9 imprim\u00e9es. Adioust\u00e9es de nouueau par ledict Autheur. - Libairie Clavreuil","robots":{"index":"index","follow":"follow","max-snippet":"max-snippet:-1","max-image-preview":"max-image-preview:large","max-video-preview":"max-video-preview:-1"},"canonical":"https:\/\/www.librairieclavreuil.com\/en\/produit-9\/","og_locale":"en_US","og_type":"article","og_title":"NOSTRADAMUS Michel de Nostredame Les Propheties de M. Michel Nostradamus. Dont il y en a trois cens qui n'ont encores iamais est\u00e9 imprim\u00e9es. Adioust\u00e9es de nouueau par ledict Autheur. - Libairie Clavreuil","og_description":"2 parts in one volume, 16mo (115 x 76 mm) 125 pp. (with title), one blank leaf for part one; 76 pp. (with title) for part two. Contemporary flexible vellum.","og_url":"https:\/\/www.librairieclavreuil.com\/en\/produit-9\/","og_site_name":"Libairie Clavreuil","article_modified_time":"2025-06-03T10:44:17+00:00","og_image":[{"width":613,"height":800,"url":"https:\/\/www.librairieclavreuil.com\/wp-content\/uploads\/2024\/07\/michel-de-nostredame-nostradamus-les-propheties-de-m-michel-nostradamus-dont-il-y-en-a-trois-cens-qui-n-ont-encores-iamais-este-imprimees-adioustees-d.jpg","type":"image\/jpeg"}],"twitter_card":"summary_large_image","twitter_misc":{"Est. reading time":"2 minutes"},"schema":{"@context":"https:\/\/schema.org","@graph":[{"@type":"WebPage","@id":"https:\/\/www.librairieclavreuil.com\/en\/produit-9\/","url":"https:\/\/www.librairieclavreuil.com\/en\/produit-9\/","name":"NOSTRADAMUS Michel de Nostredame Les Propheties de M. Michel Nostradamus. Dont il y en a trois cens qui n'ont encores iamais est\u00e9 imprim\u00e9es. Adioust\u00e9es de nouueau par ledict Autheur. - Libairie Clavreuil","isPartOf":{"@id":"https:\/\/www.librairieclavreuil.com\/#website"},"primaryImageOfPage":{"@id":"https:\/\/www.librairieclavreuil.com\/en\/produit-9\/#primaryimage"},"image":{"@id":"https:\/\/www.librairieclavreuil.com\/en\/produit-9\/#primaryimage"},"thumbnailUrl":"https:\/\/www.librairieclavreuil.com\/wp-content\/uploads\/2024\/07\/michel-de-nostredame-nostradamus-les-propheties-de-m-michel-nostradamus-dont-il-y-en-a-trois-cens-qui-n-ont-encores-iamais-este-imprimees-adioustees-d.jpg","datePublished":"2024-06-11T16:19:20+00:00","dateModified":"2025-06-03T10:44:17+00:00","breadcrumb":{"@id":"https:\/\/www.librairieclavreuil.com\/en\/produit-9\/#breadcrumb"},"inLanguage":"en-US","potentialAction":[{"@type":"ReadAction","target":["https:\/\/www.librairieclavreuil.com\/en\/produit-9\/"]}]},{"@type":"ImageObject","inLanguage":"en-US","@id":"https:\/\/www.librairieclavreuil.com\/en\/produit-9\/#primaryimage","url":"https:\/\/www.librairieclavreuil.com\/wp-content\/uploads\/2024\/07\/michel-de-nostredame-nostradamus-les-propheties-de-m-michel-nostradamus-dont-il-y-en-a-trois-cens-qui-n-ont-encores-iamais-este-imprimees-adioustees-d.jpg","contentUrl":"https:\/\/www.librairieclavreuil.com\/wp-content\/uploads\/2024\/07\/michel-de-nostredame-nostradamus-les-propheties-de-m-michel-nostradamus-dont-il-y-en-a-trois-cens-qui-n-ont-encores-iamais-este-imprimees-adioustees-d.jpg","width":613,"height":800},{"@type":"BreadcrumbList","@id":"https:\/\/www.librairieclavreuil.com\/en\/produit-9\/#breadcrumb","itemListElement":[{"@type":"ListItem","position":1,"name":"Accueil","item":"https:\/\/www.librairieclavreuil.com\/"},{"@type":"ListItem","position":2,"name":"All our books","item":"https:\/\/www.librairieclavreuil.com\/en\/all-our-books\/"},{"@type":"ListItem","position":3,"name":"NOSTRADAMUS Michel de Nostredame Les Propheties de M...."}]},{"@type":"WebSite","@id":"https:\/\/www.librairieclavreuil.com\/#website","url":"https:\/\/www.librairieclavreuil.com\/","name":"Libairie Clavreuil","description":"Livres anciens, manuscrits rares et \u00e9ditions originales \u2013 Librairie Clavreuil","publisher":{"@id":"https:\/\/www.librairieclavreuil.com\/#organization"},"potentialAction":[{"@type":"SearchAction","target":{"@type":"EntryPoint","urlTemplate":"https:\/\/www.librairieclavreuil.com\/?s={search_term_string}"},"query-input":{"@type":"PropertyValueSpecification","valueRequired":true,"valueName":"search_term_string"}}],"inLanguage":"en-US"},{"@type":"Organization","@id":"https:\/\/www.librairieclavreuil.com\/#organization","name":"Libairie Clavreuil","url":"https:\/\/www.librairieclavreuil.com\/","logo":{"@type":"ImageObject","inLanguage":"en-US","@id":"https:\/\/www.librairieclavreuil.com\/#\/schema\/logo\/image\/","url":"https:\/\/www.librairieclavreuil.com\/wp-content\/uploads\/2021\/06\/cropped-LOGO_PNG_DATE-_gold-512x512-1.png","contentUrl":"https:\/\/www.librairieclavreuil.com\/wp-content\/uploads\/2021\/06\/cropped-LOGO_PNG_DATE-_gold-512x512-1.png","width":512,"height":512,"caption":"Libairie Clavreuil"},"image":{"@id":"https:\/\/www.librairieclavreuil.com\/#\/schema\/logo\/image\/"},"sameAs":["https:\/\/www.instagram.com\/librairieclavreuil\/"]}]}},"jetpack_sharing_enabled":true,"_links":{"self":[{"href":"https:\/\/www.librairieclavreuil.com\/en\/wp-json\/wp\/v2\/product\/78351","targetHints":{"allow":["GET"]}}],"collection":[{"href":"https:\/\/www.librairieclavreuil.com\/en\/wp-json\/wp\/v2\/product"}],"about":[{"href":"https:\/\/www.librairieclavreuil.com\/en\/wp-json\/wp\/v2\/types\/product"}],"replies":[{"embeddable":true,"href":"https:\/\/www.librairieclavreuil.com\/en\/wp-json\/wp\/v2\/comments?post=78351"}],"wp:featuredmedia":[{"embeddable":true,"href":"https:\/\/www.librairieclavreuil.com\/en\/wp-json\/wp\/v2\/media\/79134"}],"wp:attachment":[{"href":"https:\/\/www.librairieclavreuil.com\/en\/wp-json\/wp\/v2\/media?parent=78351"}],"wp:term":[{"taxonomy":"product_brand","embeddable":true,"href":"https:\/\/www.librairieclavreuil.com\/en\/wp-json\/wp\/v2\/product_brand?post=78351"},{"taxonomy":"product_cat","embeddable":true,"href":"https:\/\/www.librairieclavreuil.com\/en\/wp-json\/wp\/v2\/product_cat?post=78351"},{"taxonomy":"product_tag","embeddable":true,"href":"https:\/\/www.librairieclavreuil.com\/en\/wp-json\/wp\/v2\/product_tag?post=78351"}],"curies":[{"name":"wp","href":"https:\/\/api.w.org\/{rel}","templated":true}]}}