{"id":78345,"date":"2024-06-11T18:18:23","date_gmt":"2024-06-11T16:18:23","guid":{"rendered":"https:\/\/www.librairieclavreuil.com\/rochefort-charles-de-le-tableau-de-lisle-de-tabago-ou-de-la-nouvelle-oualchre-lune-des-isles-antilles-de-lamerique\/"},"modified":"2024-07-17T14:53:07","modified_gmt":"2024-07-17T12:53:07","slug":"rochefort-charles-de-le-tableau-de-lisle-de-tabago-ou-de-la-nouvelle-oualchre-lune-des-isles-antilles-de-lamerique","status":"publish","type":"product","link":"https:\/\/www.librairieclavreuil.com\/en\/rochefort-charles-de-le-tableau-de-lisle-de-tabago-ou-de-la-nouvelle-oualchre-lune-des-isles-antilles-de-lamerique\/","title":{"rendered":"ROCHEFORT Charles de Le Tableau de l&#8217;isle de..."},"content":{"rendered":"<p style=\"text-align:justify\"><i>Sabin 72324; Alden-Landis, III, 665\/174; John Carter Brown, III, p. 137; Leclerc, 1147; not in Chadenat ; see Boucher de La Richarderie, VI, p. 193 (for the edition 1666 under a different title).<\/i><\/p>\n<p style=\"text-align:justify\">Extremely rare first edition.<\/p>\n<p style=\"text-align:justify\">Very rare travel report by the Huguenot Charles de Rochefort (1605-1683).<\/p>\n<p style=\"text-align:justify\">Having lived in the West Indies, Rochefort is best known as the author of <i>Histoire Naturelle et Morale des isles Antilles de l&#8217;Am\u00e9rique<\/i>, published in Rotterdam in 1658. His work aroused a great deal of interest and was subsequently translated into Dutch (1662) and English (1666).<\/p>\n<p style=\"text-align:justify\">The present book, <i>Tableau de l&#8217;Isle de Tabago<\/i>, is much rarer and remained unknown to Chadenat, who owned several copies of <i>Histoire Naturelle des Antilles<\/i>.<\/p>\n<p style=\"text-align:justify\">In his introduction Rochefort states that \u2018ce tableau que nous pr\u00e9sentons n&#8217;est qu&#8217;une pi\u00e8ce d\u00e9tach\u00e9e de notre Histoire naturelle &amp; morale des Antilles\u2019 but he goes on to say that he has drawn on many new details provided by \u2018Monsieur Chaillou, l&#8217;un des pasteurs de la colonie de la m\u00eame Isle de Tobago &amp; qui en est retourn\u00e9 depuis peu avoir mis entre les mains plusieurs excellens m\u00e9moires, qui nous ont donn\u00e9 l&#8217;occasion &amp; fourni en riche mati\u00e8re, d&#8217;amplifier ce que nous avions d\u00e9j\u00e0 dit ailleurs &amp; d&#8217;en former cette relation toute particuli\u00e8re, en faveur d&#8217;un nombre bien consid\u00e9rable\u2019. He felt that this \u2018little treatise\u2019 therefore contained a wealth of additional information to that given in his <i>Histoire des Antilles<\/i>, which had only touched on a superficial part of the subject.<\/p>\n<p style=\"text-align:justify\">Divided into fifteen chapters, it contains a wealth of details about Tobago and the first European colonisation activities. Beginning with the geographical situation, he discusses the climate, the quality of the soil, and the plants and herbs used for food, medicine and dyeing (he mentions several types of palm trees). He continues his description with details of ornithology, quadrupeds, fish and shellfish, as well as the food that can be harvested there (manioc, potatoes, fruit, etc).<\/p>\n<p style=\"text-align:justify\">He also mentions alcoholic beverages such as a local beer and a wine made from sugar cane (p. 54-55).<\/p>\n<p style=\"text-align:justify\">Commercial activities are then described, including the production of tobacco, indigo, ginger and cotton. After a brief overview of the history of colonisation, Rochefort praises the island as a means of attracting new settlers in chapter XIV entitled \u2018des Avantages qu&#8217;on peut attendre de cette \u00eele &amp; des singularitez qui s&#8217;y trouvent\u2019. According to him, this island \u2018does not support any venomous beasts\u2019. He describes the routes to be taken from Vlissingen (in the province of Zeeland) and praises Mr Lampsins&#8217; ships as \u201clarge and strong, good under sail &amp; perfectly well equipped with cannons and all the provisions required for such an undertaking\u201d.<\/p>\n<p style=\"text-align:justify\">&#8220;Dampierre, Antiles Fran\u00e7aise, pages 139-140, describes in full this colonization tract. It contains the material of pages 7-23 of Rochefort&#8217;s Histoire Naturelle des Isles Antilles, edition of 1665, rewritten and augmented by data given the author by M. Chaillon, a missionary from Tabago. The same work was reprinted in 1666 and published under the title <i>Relation de l&#8217;Isle de Tabago<\/i>&#8221; (JCB).<\/p>\n<p style=\"text-align:justify\">A very rare edition of which we have been able to trace a single copy at auction over the past 100 years.<\/p>\n<p style=\"text-align:justify\">Title and first dedication leaf slightly cut in white margin and formerly restored, small stains.<\/p>\n<p style=\"text-align:justify\">Provenance: Dr\u00e9lincourt (handwritten mention on the endpaper \u2018Don de l&#8217;auteur, \u00e0 Rotterdam &#8211; 1665) &#8211; signatures of Mariette Comte, L. Caille, and Lucien Caille on the fly-leaf. Charles Drelincourt (1633-1697) was an important French physician and anatomist, who settled in Leiden as a professor from the late 1660s.<\/p>\n","protected":false},"excerpt":{"rendered":"<p style=\"text-align:justify\">Small 8vo&nbsp; (153 x 902 mm) 8 nn.ll., 146 pp. (erroneous pagination at end, misnumbered 143). Contemporayr limp vellum, flat spine<\/p>\n","protected":false},"featured_media":78338,"comment_status":"open","ping_status":"closed","template":"","meta":{"_acf_changed":false},"product_brand":[],"product_cat":[552],"product_tag":[1363,1450,1264,620],"class_list":{"0":"post-78345","1":"product","2":"type-product","3":"status-publish","4":"has-post-thumbnail","6":"product_cat-travel","7":"product_tag-caribbean","8":"product_tag-first-edition","9":"product_tag-inscription","10":"product_tag-travel","11":"pa_auteur-rochefort-charles-de-2","12":"pa_type-de-livre-printed-book","14":"first","15":"instock","16":"shipping-taxable","17":"purchasable","18":"product-type-simple"},"acf":{"artist":" Charles de  ROCHEFORT","chapeau":"Very rare first edition\r\nEx-dono of the author","adresse_bibliographique":"Leyde, Jean Le Carpentier, 1665","book_type":"Printed book","provenance":"","afficher_prix":""},"yoast_head":"<!-- This site is optimized with the Yoast SEO plugin v24.7 - https:\/\/yoast.com\/wordpress\/plugins\/seo\/ -->\n<title>ROCHEFORT Charles de  Le Tableau de l&#039;isle de Tabago ou de la Nouvelle-O\u00fcalchre, l&#039;une des isles Antilles de l&#039;Am\u00e9rique - Libairie Clavreuil<\/title>\n<meta name=\"robots\" content=\"index, follow, max-snippet:-1, max-image-preview:large, max-video-preview:-1\" \/>\n<link rel=\"canonical\" href=\"https:\/\/www.librairieclavreuil.com\/produit\/rochefort-charles-de-le-tableau-de-lisle-de-tabago-ou-de-la-nouvelle-oualchre-lune-des-isles-antilles-de-lamerique\/\" \/>\n<meta property=\"og:locale\" content=\"en_US\" \/>\n<meta property=\"og:type\" content=\"article\" \/>\n<meta property=\"og:title\" content=\"ROCHEFORT Charles de  Le Tableau de l&#039;isle de Tabago ou de la Nouvelle-O\u00fcalchre, l&#039;une des isles Antilles de l&#039;Am\u00e9rique - Libairie Clavreuil\" \/>\n<meta property=\"og:description\" content=\"Small 8vo&nbsp; (153 x 902 mm) 8 nn.ll., 146 pp. (erroneous pagination at end, misnumbered 143). Contemporayr limp vellum, flat spine\" \/>\n<meta property=\"og:url\" content=\"https:\/\/www.librairieclavreuil.com\/produit\/rochefort-charles-de-le-tableau-de-lisle-de-tabago-ou-de-la-nouvelle-oualchre-lune-des-isles-antilles-de-lamerique\/\" \/>\n<meta property=\"og:site_name\" content=\"Libairie Clavreuil\" \/>\n<meta property=\"article:modified_time\" content=\"2024-07-17T12:53:07+00:00\" \/>\n<meta property=\"og:image\" content=\"https:\/\/www.librairieclavreuil.com\/wp-content\/uploads\/2024\/06\/charles-de-rochefort-le-tableau-de-l-isle-de-tabago-ou-de-la-nouvelle-ouealchre-l-une-des-isles-antilles-de-l-amerique-9435-6648ba1fe4596-scaled.jpg\" \/>\n\t<meta property=\"og:image:width\" content=\"1648\" \/>\n\t<meta property=\"og:image:height\" content=\"2560\" \/>\n\t<meta property=\"og:image:type\" content=\"image\/jpeg\" \/>\n<meta name=\"twitter:card\" content=\"summary_large_image\" \/>\n<meta name=\"twitter:label1\" content=\"Est. reading time\" \/>\n\t<meta name=\"twitter:data1\" content=\"3 minutes\" \/>\n<script type=\"application\/ld+json\" class=\"yoast-schema-graph\">{\"@context\":\"https:\/\/schema.org\",\"@graph\":[{\"@type\":\"WebPage\",\"@id\":\"https:\/\/www.librairieclavreuil.com\/produit\/rochefort-charles-de-le-tableau-de-lisle-de-tabago-ou-de-la-nouvelle-oualchre-lune-des-isles-antilles-de-lamerique\/\",\"url\":\"https:\/\/www.librairieclavreuil.com\/produit\/rochefort-charles-de-le-tableau-de-lisle-de-tabago-ou-de-la-nouvelle-oualchre-lune-des-isles-antilles-de-lamerique\/\",\"name\":\"ROCHEFORT Charles de Le Tableau de l'isle de Tabago ou de la Nouvelle-O\u00fcalchre, l'une des isles Antilles de l'Am\u00e9rique - Libairie Clavreuil\",\"isPartOf\":{\"@id\":\"https:\/\/www.librairieclavreuil.com\/#website\"},\"primaryImageOfPage\":{\"@id\":\"https:\/\/www.librairieclavreuil.com\/produit\/rochefort-charles-de-le-tableau-de-lisle-de-tabago-ou-de-la-nouvelle-oualchre-lune-des-isles-antilles-de-lamerique\/#primaryimage\"},\"image\":{\"@id\":\"https:\/\/www.librairieclavreuil.com\/produit\/rochefort-charles-de-le-tableau-de-lisle-de-tabago-ou-de-la-nouvelle-oualchre-lune-des-isles-antilles-de-lamerique\/#primaryimage\"},\"thumbnailUrl\":\"https:\/\/www.librairieclavreuil.com\/wp-content\/uploads\/2024\/06\/charles-de-rochefort-le-tableau-de-l-isle-de-tabago-ou-de-la-nouvelle-ouealchre-l-une-des-isles-antilles-de-l-amerique-9435-6648ba1fe4596-scaled.jpg\",\"datePublished\":\"2024-06-11T16:18:23+00:00\",\"dateModified\":\"2024-07-17T12:53:07+00:00\",\"breadcrumb\":{\"@id\":\"https:\/\/www.librairieclavreuil.com\/produit\/rochefort-charles-de-le-tableau-de-lisle-de-tabago-ou-de-la-nouvelle-oualchre-lune-des-isles-antilles-de-lamerique\/#breadcrumb\"},\"inLanguage\":\"en-US\",\"potentialAction\":[{\"@type\":\"ReadAction\",\"target\":[\"https:\/\/www.librairieclavreuil.com\/produit\/rochefort-charles-de-le-tableau-de-lisle-de-tabago-ou-de-la-nouvelle-oualchre-lune-des-isles-antilles-de-lamerique\/\"]}]},{\"@type\":\"ImageObject\",\"inLanguage\":\"en-US\",\"@id\":\"https:\/\/www.librairieclavreuil.com\/produit\/rochefort-charles-de-le-tableau-de-lisle-de-tabago-ou-de-la-nouvelle-oualchre-lune-des-isles-antilles-de-lamerique\/#primaryimage\",\"url\":\"https:\/\/www.librairieclavreuil.com\/wp-content\/uploads\/2024\/06\/charles-de-rochefort-le-tableau-de-l-isle-de-tabago-ou-de-la-nouvelle-ouealchre-l-une-des-isles-antilles-de-l-amerique-9435-6648ba1fe4596-scaled.jpg\",\"contentUrl\":\"https:\/\/www.librairieclavreuil.com\/wp-content\/uploads\/2024\/06\/charles-de-rochefort-le-tableau-de-l-isle-de-tabago-ou-de-la-nouvelle-ouealchre-l-une-des-isles-antilles-de-l-amerique-9435-6648ba1fe4596-scaled.jpg\",\"width\":1648,\"height\":2560},{\"@type\":\"BreadcrumbList\",\"@id\":\"https:\/\/www.librairieclavreuil.com\/produit\/rochefort-charles-de-le-tableau-de-lisle-de-tabago-ou-de-la-nouvelle-oualchre-lune-des-isles-antilles-de-lamerique\/#breadcrumb\",\"itemListElement\":[{\"@type\":\"ListItem\",\"position\":1,\"name\":\"Accueil\",\"item\":\"https:\/\/www.librairieclavreuil.com\/\"},{\"@type\":\"ListItem\",\"position\":2,\"name\":\"All our books\",\"item\":\"https:\/\/www.librairieclavreuil.com\/en\/all-our-books\/\"},{\"@type\":\"ListItem\",\"position\":3,\"name\":\"ROCHEFORT Charles de Le Tableau de l&rsquo;isle de...\"}]},{\"@type\":\"WebSite\",\"@id\":\"https:\/\/www.librairieclavreuil.com\/#website\",\"url\":\"https:\/\/www.librairieclavreuil.com\/\",\"name\":\"Libairie Clavreuil\",\"description\":\"Livres anciens, manuscrits rares et \u00e9ditions originales \u2013 Librairie Clavreuil\",\"publisher\":{\"@id\":\"https:\/\/www.librairieclavreuil.com\/#organization\"},\"potentialAction\":[{\"@type\":\"SearchAction\",\"target\":{\"@type\":\"EntryPoint\",\"urlTemplate\":\"https:\/\/www.librairieclavreuil.com\/?s={search_term_string}\"},\"query-input\":{\"@type\":\"PropertyValueSpecification\",\"valueRequired\":true,\"valueName\":\"search_term_string\"}}],\"inLanguage\":\"en-US\"},{\"@type\":\"Organization\",\"@id\":\"https:\/\/www.librairieclavreuil.com\/#organization\",\"name\":\"Libairie Clavreuil\",\"url\":\"https:\/\/www.librairieclavreuil.com\/\",\"logo\":{\"@type\":\"ImageObject\",\"inLanguage\":\"en-US\",\"@id\":\"https:\/\/www.librairieclavreuil.com\/#\/schema\/logo\/image\/\",\"url\":\"https:\/\/www.librairieclavreuil.com\/wp-content\/uploads\/2021\/06\/cropped-LOGO_PNG_DATE-_gold-512x512-1.png\",\"contentUrl\":\"https:\/\/www.librairieclavreuil.com\/wp-content\/uploads\/2021\/06\/cropped-LOGO_PNG_DATE-_gold-512x512-1.png\",\"width\":512,\"height\":512,\"caption\":\"Libairie Clavreuil\"},\"image\":{\"@id\":\"https:\/\/www.librairieclavreuil.com\/#\/schema\/logo\/image\/\"},\"sameAs\":[\"https:\/\/www.instagram.com\/librairieclavreuil\/\"]}]}<\/script>\n<!-- \/ Yoast SEO plugin. -->","yoast_head_json":{"title":"ROCHEFORT Charles de  Le Tableau de l'isle de Tabago ou de la Nouvelle-O\u00fcalchre, l'une des isles Antilles de l'Am\u00e9rique - Libairie Clavreuil","robots":{"index":"index","follow":"follow","max-snippet":"max-snippet:-1","max-image-preview":"max-image-preview:large","max-video-preview":"max-video-preview:-1"},"canonical":"https:\/\/www.librairieclavreuil.com\/produit\/rochefort-charles-de-le-tableau-de-lisle-de-tabago-ou-de-la-nouvelle-oualchre-lune-des-isles-antilles-de-lamerique\/","og_locale":"en_US","og_type":"article","og_title":"ROCHEFORT Charles de  Le Tableau de l'isle de Tabago ou de la Nouvelle-O\u00fcalchre, l'une des isles Antilles de l'Am\u00e9rique - Libairie Clavreuil","og_description":"Small 8vo&nbsp; (153 x 902 mm) 8 nn.ll., 146 pp. (erroneous pagination at end, misnumbered 143). Contemporayr limp vellum, flat spine","og_url":"https:\/\/www.librairieclavreuil.com\/produit\/rochefort-charles-de-le-tableau-de-lisle-de-tabago-ou-de-la-nouvelle-oualchre-lune-des-isles-antilles-de-lamerique\/","og_site_name":"Libairie Clavreuil","article_modified_time":"2024-07-17T12:53:07+00:00","og_image":[{"width":1648,"height":2560,"url":"https:\/\/www.librairieclavreuil.com\/wp-content\/uploads\/2024\/06\/charles-de-rochefort-le-tableau-de-l-isle-de-tabago-ou-de-la-nouvelle-ouealchre-l-une-des-isles-antilles-de-l-amerique-9435-6648ba1fe4596-scaled.jpg","type":"image\/jpeg"}],"twitter_card":"summary_large_image","twitter_misc":{"Est. reading time":"3 minutes"},"schema":{"@context":"https:\/\/schema.org","@graph":[{"@type":"WebPage","@id":"https:\/\/www.librairieclavreuil.com\/produit\/rochefort-charles-de-le-tableau-de-lisle-de-tabago-ou-de-la-nouvelle-oualchre-lune-des-isles-antilles-de-lamerique\/","url":"https:\/\/www.librairieclavreuil.com\/produit\/rochefort-charles-de-le-tableau-de-lisle-de-tabago-ou-de-la-nouvelle-oualchre-lune-des-isles-antilles-de-lamerique\/","name":"ROCHEFORT Charles de Le Tableau de l'isle de Tabago ou de la Nouvelle-O\u00fcalchre, l'une des isles Antilles de l'Am\u00e9rique - Libairie Clavreuil","isPartOf":{"@id":"https:\/\/www.librairieclavreuil.com\/#website"},"primaryImageOfPage":{"@id":"https:\/\/www.librairieclavreuil.com\/produit\/rochefort-charles-de-le-tableau-de-lisle-de-tabago-ou-de-la-nouvelle-oualchre-lune-des-isles-antilles-de-lamerique\/#primaryimage"},"image":{"@id":"https:\/\/www.librairieclavreuil.com\/produit\/rochefort-charles-de-le-tableau-de-lisle-de-tabago-ou-de-la-nouvelle-oualchre-lune-des-isles-antilles-de-lamerique\/#primaryimage"},"thumbnailUrl":"https:\/\/www.librairieclavreuil.com\/wp-content\/uploads\/2024\/06\/charles-de-rochefort-le-tableau-de-l-isle-de-tabago-ou-de-la-nouvelle-ouealchre-l-une-des-isles-antilles-de-l-amerique-9435-6648ba1fe4596-scaled.jpg","datePublished":"2024-06-11T16:18:23+00:00","dateModified":"2024-07-17T12:53:07+00:00","breadcrumb":{"@id":"https:\/\/www.librairieclavreuil.com\/produit\/rochefort-charles-de-le-tableau-de-lisle-de-tabago-ou-de-la-nouvelle-oualchre-lune-des-isles-antilles-de-lamerique\/#breadcrumb"},"inLanguage":"en-US","potentialAction":[{"@type":"ReadAction","target":["https:\/\/www.librairieclavreuil.com\/produit\/rochefort-charles-de-le-tableau-de-lisle-de-tabago-ou-de-la-nouvelle-oualchre-lune-des-isles-antilles-de-lamerique\/"]}]},{"@type":"ImageObject","inLanguage":"en-US","@id":"https:\/\/www.librairieclavreuil.com\/produit\/rochefort-charles-de-le-tableau-de-lisle-de-tabago-ou-de-la-nouvelle-oualchre-lune-des-isles-antilles-de-lamerique\/#primaryimage","url":"https:\/\/www.librairieclavreuil.com\/wp-content\/uploads\/2024\/06\/charles-de-rochefort-le-tableau-de-l-isle-de-tabago-ou-de-la-nouvelle-ouealchre-l-une-des-isles-antilles-de-l-amerique-9435-6648ba1fe4596-scaled.jpg","contentUrl":"https:\/\/www.librairieclavreuil.com\/wp-content\/uploads\/2024\/06\/charles-de-rochefort-le-tableau-de-l-isle-de-tabago-ou-de-la-nouvelle-ouealchre-l-une-des-isles-antilles-de-l-amerique-9435-6648ba1fe4596-scaled.jpg","width":1648,"height":2560},{"@type":"BreadcrumbList","@id":"https:\/\/www.librairieclavreuil.com\/produit\/rochefort-charles-de-le-tableau-de-lisle-de-tabago-ou-de-la-nouvelle-oualchre-lune-des-isles-antilles-de-lamerique\/#breadcrumb","itemListElement":[{"@type":"ListItem","position":1,"name":"Accueil","item":"https:\/\/www.librairieclavreuil.com\/"},{"@type":"ListItem","position":2,"name":"All our books","item":"https:\/\/www.librairieclavreuil.com\/en\/all-our-books\/"},{"@type":"ListItem","position":3,"name":"ROCHEFORT Charles de Le Tableau de l&rsquo;isle de..."}]},{"@type":"WebSite","@id":"https:\/\/www.librairieclavreuil.com\/#website","url":"https:\/\/www.librairieclavreuil.com\/","name":"Libairie Clavreuil","description":"Livres anciens, manuscrits rares et \u00e9ditions originales \u2013 Librairie Clavreuil","publisher":{"@id":"https:\/\/www.librairieclavreuil.com\/#organization"},"potentialAction":[{"@type":"SearchAction","target":{"@type":"EntryPoint","urlTemplate":"https:\/\/www.librairieclavreuil.com\/?s={search_term_string}"},"query-input":{"@type":"PropertyValueSpecification","valueRequired":true,"valueName":"search_term_string"}}],"inLanguage":"en-US"},{"@type":"Organization","@id":"https:\/\/www.librairieclavreuil.com\/#organization","name":"Libairie Clavreuil","url":"https:\/\/www.librairieclavreuil.com\/","logo":{"@type":"ImageObject","inLanguage":"en-US","@id":"https:\/\/www.librairieclavreuil.com\/#\/schema\/logo\/image\/","url":"https:\/\/www.librairieclavreuil.com\/wp-content\/uploads\/2021\/06\/cropped-LOGO_PNG_DATE-_gold-512x512-1.png","contentUrl":"https:\/\/www.librairieclavreuil.com\/wp-content\/uploads\/2021\/06\/cropped-LOGO_PNG_DATE-_gold-512x512-1.png","width":512,"height":512,"caption":"Libairie Clavreuil"},"image":{"@id":"https:\/\/www.librairieclavreuil.com\/#\/schema\/logo\/image\/"},"sameAs":["https:\/\/www.instagram.com\/librairieclavreuil\/"]}]}},"jetpack_sharing_enabled":true,"_links":{"self":[{"href":"https:\/\/www.librairieclavreuil.com\/en\/wp-json\/wp\/v2\/product\/78345","targetHints":{"allow":["GET"]}}],"collection":[{"href":"https:\/\/www.librairieclavreuil.com\/en\/wp-json\/wp\/v2\/product"}],"about":[{"href":"https:\/\/www.librairieclavreuil.com\/en\/wp-json\/wp\/v2\/types\/product"}],"replies":[{"embeddable":true,"href":"https:\/\/www.librairieclavreuil.com\/en\/wp-json\/wp\/v2\/comments?post=78345"}],"wp:featuredmedia":[{"embeddable":true,"href":"https:\/\/www.librairieclavreuil.com\/en\/wp-json\/wp\/v2\/media\/78338"}],"wp:attachment":[{"href":"https:\/\/www.librairieclavreuil.com\/en\/wp-json\/wp\/v2\/media?parent=78345"}],"wp:term":[{"taxonomy":"product_brand","embeddable":true,"href":"https:\/\/www.librairieclavreuil.com\/en\/wp-json\/wp\/v2\/product_brand?post=78345"},{"taxonomy":"product_cat","embeddable":true,"href":"https:\/\/www.librairieclavreuil.com\/en\/wp-json\/wp\/v2\/product_cat?post=78345"},{"taxonomy":"product_tag","embeddable":true,"href":"https:\/\/www.librairieclavreuil.com\/en\/wp-json\/wp\/v2\/product_tag?post=78345"}],"curies":[{"name":"wp","href":"https:\/\/api.w.org\/{rel}","templated":true}]}}