{"id":78337,"date":"2024-06-11T18:17:44","date_gmt":"2024-06-11T16:17:44","guid":{"rendered":"https:\/\/www.librairieclavreuil.com\/perrot-georges-exploration-archeologique-de-la-galatie-et-la-bithynie-dune-partie-de-la-mysie-de-la-phrygie-de-la-cappadoce-et-du-pont-executee-en-1861-et-publiee-sous-auspices-du-ministre-deta\/"},"modified":"2024-06-11T18:18:08","modified_gmt":"2024-06-11T16:18:08","slug":"perrot-georges-exploration-archeologique-de-la-galatie-et-la-bithynie-dune-partie-de-la-mysie-de-la-phrygie-de-la-cappadoce-et-du-pont-executee-en-1861-et-publiee-sous-auspices-du-ministre-deta","status":"publish","type":"product","link":"https:\/\/www.librairieclavreuil.com\/en\/perrot-georges-exploration-archeologique-de-la-galatie-et-la-bithynie-dune-partie-de-la-mysie-de-la-phrygie-de-la-cappadoce-et-du-pont-executee-en-1861-et-publiee-sous-auspices-du-ministre-deta\/","title":{"rendered":"PERROT Georges Exploration arch\u00e9ologique de la Galatie et..."},"content":{"rendered":"<p style=\"text-align:justify\"><i>Atabey, 940 ; Vinet, 1802. Not in Blackmer.<\/i><\/p>\n<p style=\"text-align:justify\"><span style=\"font-variant:small-caps\">First edition of one of the first books on Asia Minor to be illustrated by photography.<\/span><\/p>\n<p style=\"text-align:justify\">Important account by Georges Perrot (1832-1914) of his expedition to Asia Minor, one of the earliest photographically illustrated works on the area. Perrot, Guillaume and Delbet undertook their six-month expedition to Asia Minor in 1861 to establish the definitive text of the <i>Monumentum Ancyranum<\/i> (the political testament of the Emperor Augustus), which was of interest to Napoleon III.<\/p>\n<p style=\"text-align:justify\">Their achievement is described thus by Vinet: &#8220;L&#8217;exploration a dur\u00e9e six mois ; le 2 mai 1861, M. Perrot et ses deux compagons de voyage mettaient le pied sur la terre d&#8217;Asie, et le 17 octobre ils s&#8217;embarquaient \u00e0 Samsousn, l&#8217;ancienne Amisius, pour retourner \u00e0 Constantinople. Pendant ces six mois, ils ont visit\u00e9 la Bithynie, la Mysie, la Phrygie, la Cappadoce et le Pont; recueilli deux cents inscriptions, fait des d\u00e9couvertes, rectifie les erreurs de Texier, compl\u00e8te Hamilton et Barth, mesure, dessine, photographie assez de monuments pour pouvoir publier quatre-vingts planches, et rapporte un v\u00e9ritable joyau \u00e9pigraphique, la copie la plus fid\u00e8le du testament politique d&#8217;Auguste, grave en latin et en grec sur les murs du temple \u00e9l\u00e8ve par la ville d&#8217;Ancyrea a ce ruse demi-dieu&#8230; De son c\u00f4t\u00e9, M. Waddington a expos\u00e9 devant l&#8217;Acad\u00e9mie des inscriptions les principaux r\u00e9sultats du voyage et des recherches de M. Perrot&#8230; Il a signal\u00e9 l&#8217;influence assyrienne en Cappadoce comme \u00e9tant d\u00e9montr\u00e9e, et les monuments de cette province, peu connus jusqu&#8217;e l\u00e0, se trouvant soumis pour la premi\u00e8re fois \u00e0 une \u00e9tude approfondie. Ce n&#8217;est pas tout. Gr\u00e2ce \u00e0 son habile restauration du temple d&#8217;Auguste \u00e0 Ancyre, M. Edmond Guillaume nous a fait conna\u00eetre un des plus beaux sp\u00e9cimens de l&#8217;\u00e9cole d&#8217;architecture ionienne apr\u00e8s la conqu\u00eate de l&#8217;Asie Mineure par les Romains&#8221;.<\/p>\n<p style=\"text-align:justify\">The work is also notable as one of the first photographically illustrated works on Asia Minor, with 31 of the 80 plates being photolithographic plates produced by the Poitevin process after Delbet&#8217;s images. The plate volume appears to have been issued with the title in two states: the first dated &#8216;1862&#8217; (cf. Atabey) and then later dated &#8216;1872&#8217; (as this copy).<\/p>\n<p style=\"text-align:justify\">Provenance<\/p>\n<p style=\"text-align:justify\">Partially faded inscription on the title page to Emmanuel Guillaume Rey (1837-1916). Emmanuel Guillaume-Rey, born in Chaumont and died in Chartres, was an eminent French archaeologist, topographer and Orientalist. Fluent in Arabic, he made his first trip to the Orient in Syria in 1857. Following this trip, he joined the Fondation de l&#8217;\u0153uvre des \u00c9coles d&#8217;Orient, where he was a member of the board of directors from 1858 until his death in 1916. Thanks to his scientific, topographical, and historical research, he is regarded today as the founder of crusade archaeology. He was the author of the beautiful <i>Voyage dans le Haouran et aux bords de la Mer Morte, ex\u00e9cut\u00e9 pendant les ann\u00e9es 1857 et 1858<\/i> (Paris, Arthus Bertrand, 1861).<\/p>\n<p style=\"text-align:justify\">Very good copy, complete with its 80 plates and 7 maps called for. Some occasional foxing.<\/p>\n","protected":false},"excerpt":{"rendered":"<p>2 folio volumes, text and plates (455 x 310 mm) 2 un.l., 392, 2 pp. for the text ; 2un.l., 80 numbered plates (including 49 engraved and\/or lithographed plates by Erhard, A.F. Lemaitre, Guillaume, J. Laurens, Mangeant and others after Guillaume, including 6 double page plates as well as 12 tinted plates; and 31 photolithographic plates reproduced after the Poitevin-process by Lemercier after Delbet), 7 engraved route maps marked &#8216;A&#8217; to &#8216;G&#8217;. Contemporary light blue buckram backed marbled boards.<\/p>\n","protected":false},"featured_media":78326,"comment_status":"open","ping_status":"closed","template":"","meta":{"_acf_changed":false},"product_brand":[],"product_cat":[552],"product_tag":[1382,1390,1205,620],"class_list":{"0":"post-78337","1":"product","2":"type-product","3":"status-publish","4":"has-post-thumbnail","6":"product_cat-travel","7":"product_tag-asia","8":"product_tag-europe-2","9":"product_tag-photography","10":"product_tag-travel","11":"pa_auteur-perrot-georges-2","12":"pa_type-de-livre-printed-book","14":"first","15":"instock","16":"shipping-taxable","17":"purchasable","18":"product-type-simple"},"acf":{"artist":"Georges PERROT","chapeau":"One of the first photographically illustrated works on the Middle East","adresse_bibliographique":"Paris, Firmin Didot fr\u00e8res, fils et Cie., 1862-1872","book_type":"Printed book","provenance":"","afficher_prix":""},"yoast_head":"<!-- This site is optimized with the Yoast SEO plugin v24.7 - https:\/\/yoast.com\/wordpress\/plugins\/seo\/ -->\n<title>PERROT Georges Exploration arch\u00e9ologique de la Galatie et la Bithynie, d&#039;une partie de la Mysie, de la Phrygie, de la Cappadoce et du Pont ex\u00e9cut\u00e9e en 1861 et publi\u00e9e sous auspices du ministre d&#039;\u00e9tat. - Libairie Clavreuil<\/title>\n<meta name=\"robots\" content=\"index, follow, max-snippet:-1, max-image-preview:large, max-video-preview:-1\" \/>\n<link rel=\"canonical\" href=\"https:\/\/www.librairieclavreuil.com\/produit\/perrot-georges-exploration-archeologique-de-la-galatie-et-la-bithynie-dune-partie-de-la-mysie-de-la-phrygie-de-la-cappadoce-et-du-pont-executee-en-1861-et-publiee-sous-auspices-du-ministre-deta\/\" \/>\n<meta property=\"og:locale\" content=\"en_US\" \/>\n<meta property=\"og:type\" content=\"article\" \/>\n<meta property=\"og:title\" content=\"PERROT Georges Exploration arch\u00e9ologique de la Galatie et la Bithynie, d&#039;une partie de la Mysie, de la Phrygie, de la Cappadoce et du Pont ex\u00e9cut\u00e9e en 1861 et publi\u00e9e sous auspices du ministre d&#039;\u00e9tat. - Libairie Clavreuil\" \/>\n<meta property=\"og:description\" content=\"2 folio volumes, text and plates (455 x 310 mm) 2 un.l., 392, 2 pp. for the text ; 2un.l., 80 numbered plates (including 49 engraved and\/or lithographed plates by Erhard, A.F. Lemaitre, Guillaume, J. Laurens, Mangeant and others after Guillaume, including 6 double page plates as well as 12 tinted plates; and 31 photolithographic plates reproduced after the Poitevin-process by Lemercier after Delbet), 7 engraved route maps marked &#039;A&#039; to &#039;G&#039;. Contemporary light blue buckram backed marbled boards.\" \/>\n<meta property=\"og:url\" content=\"https:\/\/www.librairieclavreuil.com\/produit\/perrot-georges-exploration-archeologique-de-la-galatie-et-la-bithynie-dune-partie-de-la-mysie-de-la-phrygie-de-la-cappadoce-et-du-pont-executee-en-1861-et-publiee-sous-auspices-du-ministre-deta\/\" \/>\n<meta property=\"og:site_name\" content=\"Libairie Clavreuil\" \/>\n<meta property=\"article:modified_time\" content=\"2024-06-11T16:18:08+00:00\" \/>\n<meta property=\"og:image\" content=\"https:\/\/www.librairieclavreuil.com\/wp-content\/uploads\/2024\/06\/georges-perrot-exploration-archeologique-de-la-galatie-et-la-bithynie-d-une-partie-de-la-mysie-de-la-phrygie-de-la-cappadoce-et-du-pont-exec-665dbc70c766d.jpg\" \/>\n\t<meta property=\"og:image:width\" content=\"1417\" \/>\n\t<meta property=\"og:image:height\" content=\"1893\" \/>\n\t<meta property=\"og:image:type\" content=\"image\/jpeg\" \/>\n<meta name=\"twitter:card\" content=\"summary_large_image\" \/>\n<meta name=\"twitter:label1\" content=\"Est. reading time\" \/>\n\t<meta name=\"twitter:data1\" content=\"2 minutes\" \/>\n<script type=\"application\/ld+json\" class=\"yoast-schema-graph\">{\"@context\":\"https:\/\/schema.org\",\"@graph\":[{\"@type\":\"WebPage\",\"@id\":\"https:\/\/www.librairieclavreuil.com\/produit\/perrot-georges-exploration-archeologique-de-la-galatie-et-la-bithynie-dune-partie-de-la-mysie-de-la-phrygie-de-la-cappadoce-et-du-pont-executee-en-1861-et-publiee-sous-auspices-du-ministre-deta\/\",\"url\":\"https:\/\/www.librairieclavreuil.com\/produit\/perrot-georges-exploration-archeologique-de-la-galatie-et-la-bithynie-dune-partie-de-la-mysie-de-la-phrygie-de-la-cappadoce-et-du-pont-executee-en-1861-et-publiee-sous-auspices-du-ministre-deta\/\",\"name\":\"PERROT Georges Exploration arch\u00e9ologique de la Galatie et la Bithynie, d'une partie de la Mysie, de la Phrygie, de la Cappadoce et du Pont ex\u00e9cut\u00e9e en 1861 et publi\u00e9e sous auspices du ministre d'\u00e9tat. - Libairie Clavreuil\",\"isPartOf\":{\"@id\":\"https:\/\/www.librairieclavreuil.com\/#website\"},\"primaryImageOfPage\":{\"@id\":\"https:\/\/www.librairieclavreuil.com\/produit\/perrot-georges-exploration-archeologique-de-la-galatie-et-la-bithynie-dune-partie-de-la-mysie-de-la-phrygie-de-la-cappadoce-et-du-pont-executee-en-1861-et-publiee-sous-auspices-du-ministre-deta\/#primaryimage\"},\"image\":{\"@id\":\"https:\/\/www.librairieclavreuil.com\/produit\/perrot-georges-exploration-archeologique-de-la-galatie-et-la-bithynie-dune-partie-de-la-mysie-de-la-phrygie-de-la-cappadoce-et-du-pont-executee-en-1861-et-publiee-sous-auspices-du-ministre-deta\/#primaryimage\"},\"thumbnailUrl\":\"https:\/\/www.librairieclavreuil.com\/wp-content\/uploads\/2024\/06\/georges-perrot-exploration-archeologique-de-la-galatie-et-la-bithynie-d-une-partie-de-la-mysie-de-la-phrygie-de-la-cappadoce-et-du-pont-exec-665dbc70c766d.jpg\",\"datePublished\":\"2024-06-11T16:17:44+00:00\",\"dateModified\":\"2024-06-11T16:18:08+00:00\",\"breadcrumb\":{\"@id\":\"https:\/\/www.librairieclavreuil.com\/produit\/perrot-georges-exploration-archeologique-de-la-galatie-et-la-bithynie-dune-partie-de-la-mysie-de-la-phrygie-de-la-cappadoce-et-du-pont-executee-en-1861-et-publiee-sous-auspices-du-ministre-deta\/#breadcrumb\"},\"inLanguage\":\"en-US\",\"potentialAction\":[{\"@type\":\"ReadAction\",\"target\":[\"https:\/\/www.librairieclavreuil.com\/produit\/perrot-georges-exploration-archeologique-de-la-galatie-et-la-bithynie-dune-partie-de-la-mysie-de-la-phrygie-de-la-cappadoce-et-du-pont-executee-en-1861-et-publiee-sous-auspices-du-ministre-deta\/\"]}]},{\"@type\":\"ImageObject\",\"inLanguage\":\"en-US\",\"@id\":\"https:\/\/www.librairieclavreuil.com\/produit\/perrot-georges-exploration-archeologique-de-la-galatie-et-la-bithynie-dune-partie-de-la-mysie-de-la-phrygie-de-la-cappadoce-et-du-pont-executee-en-1861-et-publiee-sous-auspices-du-ministre-deta\/#primaryimage\",\"url\":\"https:\/\/www.librairieclavreuil.com\/wp-content\/uploads\/2024\/06\/georges-perrot-exploration-archeologique-de-la-galatie-et-la-bithynie-d-une-partie-de-la-mysie-de-la-phrygie-de-la-cappadoce-et-du-pont-exec-665dbc70c766d.jpg\",\"contentUrl\":\"https:\/\/www.librairieclavreuil.com\/wp-content\/uploads\/2024\/06\/georges-perrot-exploration-archeologique-de-la-galatie-et-la-bithynie-d-une-partie-de-la-mysie-de-la-phrygie-de-la-cappadoce-et-du-pont-exec-665dbc70c766d.jpg\",\"width\":1417,\"height\":1893},{\"@type\":\"BreadcrumbList\",\"@id\":\"https:\/\/www.librairieclavreuil.com\/produit\/perrot-georges-exploration-archeologique-de-la-galatie-et-la-bithynie-dune-partie-de-la-mysie-de-la-phrygie-de-la-cappadoce-et-du-pont-executee-en-1861-et-publiee-sous-auspices-du-ministre-deta\/#breadcrumb\",\"itemListElement\":[{\"@type\":\"ListItem\",\"position\":1,\"name\":\"Accueil\",\"item\":\"https:\/\/www.librairieclavreuil.com\/\"},{\"@type\":\"ListItem\",\"position\":2,\"name\":\"All our books\",\"item\":\"https:\/\/www.librairieclavreuil.com\/en\/all-our-books\/\"},{\"@type\":\"ListItem\",\"position\":3,\"name\":\"PERROT Georges Exploration arch\u00e9ologique de la Galatie et...\"}]},{\"@type\":\"WebSite\",\"@id\":\"https:\/\/www.librairieclavreuil.com\/#website\",\"url\":\"https:\/\/www.librairieclavreuil.com\/\",\"name\":\"Libairie Clavreuil\",\"description\":\"Livres anciens, manuscrits rares et \u00e9ditions originales \u2013 Librairie Clavreuil\",\"publisher\":{\"@id\":\"https:\/\/www.librairieclavreuil.com\/#organization\"},\"potentialAction\":[{\"@type\":\"SearchAction\",\"target\":{\"@type\":\"EntryPoint\",\"urlTemplate\":\"https:\/\/www.librairieclavreuil.com\/?s={search_term_string}\"},\"query-input\":{\"@type\":\"PropertyValueSpecification\",\"valueRequired\":true,\"valueName\":\"search_term_string\"}}],\"inLanguage\":\"en-US\"},{\"@type\":\"Organization\",\"@id\":\"https:\/\/www.librairieclavreuil.com\/#organization\",\"name\":\"Libairie Clavreuil\",\"url\":\"https:\/\/www.librairieclavreuil.com\/\",\"logo\":{\"@type\":\"ImageObject\",\"inLanguage\":\"en-US\",\"@id\":\"https:\/\/www.librairieclavreuil.com\/#\/schema\/logo\/image\/\",\"url\":\"https:\/\/www.librairieclavreuil.com\/wp-content\/uploads\/2021\/06\/cropped-LOGO_PNG_DATE-_gold-512x512-1.png\",\"contentUrl\":\"https:\/\/www.librairieclavreuil.com\/wp-content\/uploads\/2021\/06\/cropped-LOGO_PNG_DATE-_gold-512x512-1.png\",\"width\":512,\"height\":512,\"caption\":\"Libairie Clavreuil\"},\"image\":{\"@id\":\"https:\/\/www.librairieclavreuil.com\/#\/schema\/logo\/image\/\"},\"sameAs\":[\"https:\/\/www.instagram.com\/librairieclavreuil\/\"]}]}<\/script>\n<!-- \/ Yoast SEO plugin. -->","yoast_head_json":{"title":"PERROT Georges Exploration arch\u00e9ologique de la Galatie et la Bithynie, d'une partie de la Mysie, de la Phrygie, de la Cappadoce et du Pont ex\u00e9cut\u00e9e en 1861 et publi\u00e9e sous auspices du ministre d'\u00e9tat. - Libairie Clavreuil","robots":{"index":"index","follow":"follow","max-snippet":"max-snippet:-1","max-image-preview":"max-image-preview:large","max-video-preview":"max-video-preview:-1"},"canonical":"https:\/\/www.librairieclavreuil.com\/produit\/perrot-georges-exploration-archeologique-de-la-galatie-et-la-bithynie-dune-partie-de-la-mysie-de-la-phrygie-de-la-cappadoce-et-du-pont-executee-en-1861-et-publiee-sous-auspices-du-ministre-deta\/","og_locale":"en_US","og_type":"article","og_title":"PERROT Georges Exploration arch\u00e9ologique de la Galatie et la Bithynie, d'une partie de la Mysie, de la Phrygie, de la Cappadoce et du Pont ex\u00e9cut\u00e9e en 1861 et publi\u00e9e sous auspices du ministre d'\u00e9tat. - Libairie Clavreuil","og_description":"2 folio volumes, text and plates (455 x 310 mm) 2 un.l., 392, 2 pp. for the text ; 2un.l., 80 numbered plates (including 49 engraved and\/or lithographed plates by Erhard, A.F. Lemaitre, Guillaume, J. Laurens, Mangeant and others after Guillaume, including 6 double page plates as well as 12 tinted plates; and 31 photolithographic plates reproduced after the Poitevin-process by Lemercier after Delbet), 7 engraved route maps marked 'A' to 'G'. Contemporary light blue buckram backed marbled boards.","og_url":"https:\/\/www.librairieclavreuil.com\/produit\/perrot-georges-exploration-archeologique-de-la-galatie-et-la-bithynie-dune-partie-de-la-mysie-de-la-phrygie-de-la-cappadoce-et-du-pont-executee-en-1861-et-publiee-sous-auspices-du-ministre-deta\/","og_site_name":"Libairie Clavreuil","article_modified_time":"2024-06-11T16:18:08+00:00","og_image":[{"width":1417,"height":1893,"url":"https:\/\/www.librairieclavreuil.com\/wp-content\/uploads\/2024\/06\/georges-perrot-exploration-archeologique-de-la-galatie-et-la-bithynie-d-une-partie-de-la-mysie-de-la-phrygie-de-la-cappadoce-et-du-pont-exec-665dbc70c766d.jpg","type":"image\/jpeg"}],"twitter_card":"summary_large_image","twitter_misc":{"Est. reading time":"2 minutes"},"schema":{"@context":"https:\/\/schema.org","@graph":[{"@type":"WebPage","@id":"https:\/\/www.librairieclavreuil.com\/produit\/perrot-georges-exploration-archeologique-de-la-galatie-et-la-bithynie-dune-partie-de-la-mysie-de-la-phrygie-de-la-cappadoce-et-du-pont-executee-en-1861-et-publiee-sous-auspices-du-ministre-deta\/","url":"https:\/\/www.librairieclavreuil.com\/produit\/perrot-georges-exploration-archeologique-de-la-galatie-et-la-bithynie-dune-partie-de-la-mysie-de-la-phrygie-de-la-cappadoce-et-du-pont-executee-en-1861-et-publiee-sous-auspices-du-ministre-deta\/","name":"PERROT Georges Exploration arch\u00e9ologique de la Galatie et la Bithynie, d'une partie de la Mysie, de la Phrygie, de la Cappadoce et du Pont ex\u00e9cut\u00e9e en 1861 et publi\u00e9e sous auspices du ministre d'\u00e9tat. - Libairie Clavreuil","isPartOf":{"@id":"https:\/\/www.librairieclavreuil.com\/#website"},"primaryImageOfPage":{"@id":"https:\/\/www.librairieclavreuil.com\/produit\/perrot-georges-exploration-archeologique-de-la-galatie-et-la-bithynie-dune-partie-de-la-mysie-de-la-phrygie-de-la-cappadoce-et-du-pont-executee-en-1861-et-publiee-sous-auspices-du-ministre-deta\/#primaryimage"},"image":{"@id":"https:\/\/www.librairieclavreuil.com\/produit\/perrot-georges-exploration-archeologique-de-la-galatie-et-la-bithynie-dune-partie-de-la-mysie-de-la-phrygie-de-la-cappadoce-et-du-pont-executee-en-1861-et-publiee-sous-auspices-du-ministre-deta\/#primaryimage"},"thumbnailUrl":"https:\/\/www.librairieclavreuil.com\/wp-content\/uploads\/2024\/06\/georges-perrot-exploration-archeologique-de-la-galatie-et-la-bithynie-d-une-partie-de-la-mysie-de-la-phrygie-de-la-cappadoce-et-du-pont-exec-665dbc70c766d.jpg","datePublished":"2024-06-11T16:17:44+00:00","dateModified":"2024-06-11T16:18:08+00:00","breadcrumb":{"@id":"https:\/\/www.librairieclavreuil.com\/produit\/perrot-georges-exploration-archeologique-de-la-galatie-et-la-bithynie-dune-partie-de-la-mysie-de-la-phrygie-de-la-cappadoce-et-du-pont-executee-en-1861-et-publiee-sous-auspices-du-ministre-deta\/#breadcrumb"},"inLanguage":"en-US","potentialAction":[{"@type":"ReadAction","target":["https:\/\/www.librairieclavreuil.com\/produit\/perrot-georges-exploration-archeologique-de-la-galatie-et-la-bithynie-dune-partie-de-la-mysie-de-la-phrygie-de-la-cappadoce-et-du-pont-executee-en-1861-et-publiee-sous-auspices-du-ministre-deta\/"]}]},{"@type":"ImageObject","inLanguage":"en-US","@id":"https:\/\/www.librairieclavreuil.com\/produit\/perrot-georges-exploration-archeologique-de-la-galatie-et-la-bithynie-dune-partie-de-la-mysie-de-la-phrygie-de-la-cappadoce-et-du-pont-executee-en-1861-et-publiee-sous-auspices-du-ministre-deta\/#primaryimage","url":"https:\/\/www.librairieclavreuil.com\/wp-content\/uploads\/2024\/06\/georges-perrot-exploration-archeologique-de-la-galatie-et-la-bithynie-d-une-partie-de-la-mysie-de-la-phrygie-de-la-cappadoce-et-du-pont-exec-665dbc70c766d.jpg","contentUrl":"https:\/\/www.librairieclavreuil.com\/wp-content\/uploads\/2024\/06\/georges-perrot-exploration-archeologique-de-la-galatie-et-la-bithynie-d-une-partie-de-la-mysie-de-la-phrygie-de-la-cappadoce-et-du-pont-exec-665dbc70c766d.jpg","width":1417,"height":1893},{"@type":"BreadcrumbList","@id":"https:\/\/www.librairieclavreuil.com\/produit\/perrot-georges-exploration-archeologique-de-la-galatie-et-la-bithynie-dune-partie-de-la-mysie-de-la-phrygie-de-la-cappadoce-et-du-pont-executee-en-1861-et-publiee-sous-auspices-du-ministre-deta\/#breadcrumb","itemListElement":[{"@type":"ListItem","position":1,"name":"Accueil","item":"https:\/\/www.librairieclavreuil.com\/"},{"@type":"ListItem","position":2,"name":"All our books","item":"https:\/\/www.librairieclavreuil.com\/en\/all-our-books\/"},{"@type":"ListItem","position":3,"name":"PERROT Georges Exploration arch\u00e9ologique de la Galatie et..."}]},{"@type":"WebSite","@id":"https:\/\/www.librairieclavreuil.com\/#website","url":"https:\/\/www.librairieclavreuil.com\/","name":"Libairie Clavreuil","description":"Livres anciens, manuscrits rares et \u00e9ditions originales \u2013 Librairie Clavreuil","publisher":{"@id":"https:\/\/www.librairieclavreuil.com\/#organization"},"potentialAction":[{"@type":"SearchAction","target":{"@type":"EntryPoint","urlTemplate":"https:\/\/www.librairieclavreuil.com\/?s={search_term_string}"},"query-input":{"@type":"PropertyValueSpecification","valueRequired":true,"valueName":"search_term_string"}}],"inLanguage":"en-US"},{"@type":"Organization","@id":"https:\/\/www.librairieclavreuil.com\/#organization","name":"Libairie Clavreuil","url":"https:\/\/www.librairieclavreuil.com\/","logo":{"@type":"ImageObject","inLanguage":"en-US","@id":"https:\/\/www.librairieclavreuil.com\/#\/schema\/logo\/image\/","url":"https:\/\/www.librairieclavreuil.com\/wp-content\/uploads\/2021\/06\/cropped-LOGO_PNG_DATE-_gold-512x512-1.png","contentUrl":"https:\/\/www.librairieclavreuil.com\/wp-content\/uploads\/2021\/06\/cropped-LOGO_PNG_DATE-_gold-512x512-1.png","width":512,"height":512,"caption":"Libairie Clavreuil"},"image":{"@id":"https:\/\/www.librairieclavreuil.com\/#\/schema\/logo\/image\/"},"sameAs":["https:\/\/www.instagram.com\/librairieclavreuil\/"]}]}},"jetpack_sharing_enabled":true,"_links":{"self":[{"href":"https:\/\/www.librairieclavreuil.com\/en\/wp-json\/wp\/v2\/product\/78337","targetHints":{"allow":["GET"]}}],"collection":[{"href":"https:\/\/www.librairieclavreuil.com\/en\/wp-json\/wp\/v2\/product"}],"about":[{"href":"https:\/\/www.librairieclavreuil.com\/en\/wp-json\/wp\/v2\/types\/product"}],"replies":[{"embeddable":true,"href":"https:\/\/www.librairieclavreuil.com\/en\/wp-json\/wp\/v2\/comments?post=78337"}],"wp:featuredmedia":[{"embeddable":true,"href":"https:\/\/www.librairieclavreuil.com\/en\/wp-json\/wp\/v2\/media\/78326"}],"wp:attachment":[{"href":"https:\/\/www.librairieclavreuil.com\/en\/wp-json\/wp\/v2\/media?parent=78337"}],"wp:term":[{"taxonomy":"product_brand","embeddable":true,"href":"https:\/\/www.librairieclavreuil.com\/en\/wp-json\/wp\/v2\/product_brand?post=78337"},{"taxonomy":"product_cat","embeddable":true,"href":"https:\/\/www.librairieclavreuil.com\/en\/wp-json\/wp\/v2\/product_cat?post=78337"},{"taxonomy":"product_tag","embeddable":true,"href":"https:\/\/www.librairieclavreuil.com\/en\/wp-json\/wp\/v2\/product_tag?post=78337"}],"curies":[{"name":"wp","href":"https:\/\/api.w.org\/{rel}","templated":true}]}}