{"id":78319,"date":"2024-06-11T18:16:35","date_gmt":"2024-06-11T16:16:35","guid":{"rendered":"https:\/\/www.librairieclavreuil.com\/wicquefort-abraham-de-advis-fidelle-aux-veritables-hollandois-touchant-ce-qui-sest-passe-dans-les-villages-de-bodegrave-swammerdam-les-cruautes-innouies-que-les-francois-y-ont-exerce\/"},"modified":"2024-07-15T13:24:16","modified_gmt":"2024-07-15T11:24:16","slug":"wicquefort-abraham-de-advis-fidelle-aux-veritables-hollandois-touchant-ce-qui-sest-passe-dans-les-villages-de-bodegrave-swammerdam-les-cruautes-innouies-que-les-francois-y-ont-exerce","status":"publish","type":"product","link":"https:\/\/www.librairieclavreuil.com\/en\/wicquefort-abraham-de-advis-fidelle-aux-veritables-hollandois-touchant-ce-qui-sest-passe-dans-les-villages-de-bodegrave-swammerdam-les-cruautes-innouies-que-les-francois-y-ont-exerce\/","title":{"rendered":"WICQUEFORT Abraham de Advis fidelle aux v\u00e9ritables Hollandois...."},"content":{"rendered":"<p style=\"text-align:justify\"><i>Landwehr, Romeyn de Hooghe, n\u00b0 30 ; Hofer, Baroque Book Illustration, 140.<\/i><\/p>\n<p style=\"text-align:justify\"><span style=\"font-variant:small-caps\">First edition of the account of the retreat of the Duke of Luxembourg&#8217;s army, which was forced to leave Holland by the thaw after a victorious march to The Hague.<\/span><\/p>\n<p style=\"text-align:justify\">The author, Abraham de Wicquefort (1606-1682), describes the atrocities committed by the French troops and urges the Dutch to resist.<\/p>\n<p style=\"text-align:justify\">The work is illustrated with 10 etchings by Romain de Hooghe (1645-1708) printed on eight double pages. All plates are in first proof, before the numbers. Preceded in this type of exercise by Jacques Callot (1592-1635) with the <i>Mis\u00e8res de la guerre<\/i>, de Hooghe delivers here one of his most famous series of engravings, depicting the atrocities of war. They depict scenes of looting, exactions and rapes perpetrated on civilians by soldiers and officers of Louis XIV&#8217;s army in Bodegrave, Swammerdam, and other Dutch localities.<\/p>\n<p>A fine copy.<\/p>\n","protected":false},"excerpt":{"rendered":"<p style=\"text-align:justify\">4to (228 x 178 mm) 2 nn.ll. (including first blanc), 202 pp., 8 engraved folding plates containing 10 illustrations by Romein de Hooghe. Contemporary spotted calf, triple filet in blind on covers, spine gilt with raised bands, red edges.<\/p>\n","protected":false},"featured_media":78312,"comment_status":"open","ping_status":"closed","template":"","meta":{"_acf_changed":false},"product_brand":[],"product_cat":[544],"product_tag":[1239,1450,1213],"class_list":{"0":"post-78319","1":"product","2":"type-product","3":"status-publish","4":"has-post-thumbnail","6":"product_cat-literature","7":"product_tag-17th-century-illustrations","8":"product_tag-first-edition","9":"product_tag-history","10":"pa_auteur-wicquefort-abraham-de-2","11":"pa_type-de-livre-printed-book","13":"first","14":"instock","15":"shipping-taxable","16":"purchasable","17":"product-type-simple"},"acf":{"artist":" Abraham de WICQUEFORT","chapeau":"","adresse_bibliographique":"S.l., s.n., 1673","book_type":"Printed book","provenance":"","afficher_prix":""},"yoast_head":"<!-- This site is optimized with the Yoast SEO plugin v24.7 - https:\/\/yoast.com\/wordpress\/plugins\/seo\/ -->\n<title>WICQUEFORT Abraham de Advis fidelle aux v\u00e9ritables Hollandois. Touchant ce qui s&#039;est pass\u00e9 dans les villages de Bodegrave &amp; Swammerdam, &amp; les cruaut\u00e9s inno\u00fcies, que les Fran\u00e7ois y ont exerc\u00e9es. Avec une m\u00e9moire de la derni\u00e8re marche de l&#039;arm\u00e9e du roi de France et Brabant &amp; en Flandre. - Libairie Clavreuil<\/title>\n<meta name=\"robots\" content=\"index, follow, max-snippet:-1, max-image-preview:large, max-video-preview:-1\" \/>\n<link rel=\"canonical\" href=\"https:\/\/www.librairieclavreuil.com\/en\/wicquefort-abraham-de-advis-fidelle-aux-veritables-hollandois-touchant-ce-qui-sest-passe-dans-les-villages-de-bodegrave-swammerdam-les-cruautes-innouies-que-les-francois-y-ont-exerce\/\" \/>\n<meta property=\"og:locale\" content=\"en_US\" \/>\n<meta property=\"og:type\" content=\"article\" \/>\n<meta property=\"og:title\" content=\"WICQUEFORT Abraham de Advis fidelle aux v\u00e9ritables Hollandois. Touchant ce qui s&#039;est pass\u00e9 dans les villages de Bodegrave &amp; Swammerdam, &amp; les cruaut\u00e9s inno\u00fcies, que les Fran\u00e7ois y ont exerc\u00e9es. Avec une m\u00e9moire de la derni\u00e8re marche de l&#039;arm\u00e9e du roi de France et Brabant &amp; en Flandre. - Libairie Clavreuil\" \/>\n<meta property=\"og:description\" content=\"4to (228 x 178 mm) 2 nn.ll. (including first blanc), 202 pp., 8 engraved folding plates containing 10 illustrations by Romein de Hooghe. Contemporary spotted calf, triple filet in blind on covers, spine gilt with raised bands, red edges.\" \/>\n<meta property=\"og:url\" content=\"https:\/\/www.librairieclavreuil.com\/en\/wicquefort-abraham-de-advis-fidelle-aux-veritables-hollandois-touchant-ce-qui-sest-passe-dans-les-villages-de-bodegrave-swammerdam-les-cruautes-innouies-que-les-francois-y-ont-exerce\/\" \/>\n<meta property=\"og:site_name\" content=\"Libairie Clavreuil\" \/>\n<meta property=\"article:modified_time\" content=\"2024-07-15T11:24:16+00:00\" \/>\n<meta property=\"og:image\" content=\"https:\/\/www.librairieclavreuil.com\/wp-content\/uploads\/2024\/06\/abraham-de-wicquefort-advis-fidelle-aux-veritables-hollandois-touchant-ce-qui-s-est-passe-dans-les-villages-de-bodegrave-swammerdam-les-cruautes-innou-scaled.jpg\" \/>\n\t<meta property=\"og:image:width\" content=\"2560\" \/>\n\t<meta property=\"og:image:height\" content=\"1701\" \/>\n\t<meta property=\"og:image:type\" content=\"image\/jpeg\" \/>\n<meta name=\"twitter:card\" content=\"summary_large_image\" \/>\n<meta name=\"twitter:label1\" content=\"Est. reading time\" \/>\n\t<meta name=\"twitter:data1\" content=\"1 minute\" \/>\n<script type=\"application\/ld+json\" class=\"yoast-schema-graph\">{\"@context\":\"https:\/\/schema.org\",\"@graph\":[{\"@type\":\"WebPage\",\"@id\":\"https:\/\/www.librairieclavreuil.com\/en\/wicquefort-abraham-de-advis-fidelle-aux-veritables-hollandois-touchant-ce-qui-sest-passe-dans-les-villages-de-bodegrave-swammerdam-les-cruautes-innouies-que-les-francois-y-ont-exerce\/\",\"url\":\"https:\/\/www.librairieclavreuil.com\/en\/wicquefort-abraham-de-advis-fidelle-aux-veritables-hollandois-touchant-ce-qui-sest-passe-dans-les-villages-de-bodegrave-swammerdam-les-cruautes-innouies-que-les-francois-y-ont-exerce\/\",\"name\":\"WICQUEFORT Abraham de Advis fidelle aux v\u00e9ritables Hollandois. Touchant ce qui s'est pass\u00e9 dans les villages de Bodegrave &amp; Swammerdam, &amp; les cruaut\u00e9s inno\u00fcies, que les Fran\u00e7ois y ont exerc\u00e9es. Avec une m\u00e9moire de la derni\u00e8re marche de l'arm\u00e9e du roi de France et Brabant &amp; en Flandre. - Libairie Clavreuil\",\"isPartOf\":{\"@id\":\"https:\/\/www.librairieclavreuil.com\/#website\"},\"primaryImageOfPage\":{\"@id\":\"https:\/\/www.librairieclavreuil.com\/en\/wicquefort-abraham-de-advis-fidelle-aux-veritables-hollandois-touchant-ce-qui-sest-passe-dans-les-villages-de-bodegrave-swammerdam-les-cruautes-innouies-que-les-francois-y-ont-exerce\/#primaryimage\"},\"image\":{\"@id\":\"https:\/\/www.librairieclavreuil.com\/en\/wicquefort-abraham-de-advis-fidelle-aux-veritables-hollandois-touchant-ce-qui-sest-passe-dans-les-villages-de-bodegrave-swammerdam-les-cruautes-innouies-que-les-francois-y-ont-exerce\/#primaryimage\"},\"thumbnailUrl\":\"https:\/\/www.librairieclavreuil.com\/wp-content\/uploads\/2024\/06\/abraham-de-wicquefort-advis-fidelle-aux-veritables-hollandois-touchant-ce-qui-s-est-passe-dans-les-villages-de-bodegrave-swammerdam-les-cruautes-innou-scaled.jpg\",\"datePublished\":\"2024-06-11T16:16:35+00:00\",\"dateModified\":\"2024-07-15T11:24:16+00:00\",\"breadcrumb\":{\"@id\":\"https:\/\/www.librairieclavreuil.com\/en\/wicquefort-abraham-de-advis-fidelle-aux-veritables-hollandois-touchant-ce-qui-sest-passe-dans-les-villages-de-bodegrave-swammerdam-les-cruautes-innouies-que-les-francois-y-ont-exerce\/#breadcrumb\"},\"inLanguage\":\"en-US\",\"potentialAction\":[{\"@type\":\"ReadAction\",\"target\":[\"https:\/\/www.librairieclavreuil.com\/en\/wicquefort-abraham-de-advis-fidelle-aux-veritables-hollandois-touchant-ce-qui-sest-passe-dans-les-villages-de-bodegrave-swammerdam-les-cruautes-innouies-que-les-francois-y-ont-exerce\/\"]}]},{\"@type\":\"ImageObject\",\"inLanguage\":\"en-US\",\"@id\":\"https:\/\/www.librairieclavreuil.com\/en\/wicquefort-abraham-de-advis-fidelle-aux-veritables-hollandois-touchant-ce-qui-sest-passe-dans-les-villages-de-bodegrave-swammerdam-les-cruautes-innouies-que-les-francois-y-ont-exerce\/#primaryimage\",\"url\":\"https:\/\/www.librairieclavreuil.com\/wp-content\/uploads\/2024\/06\/abraham-de-wicquefort-advis-fidelle-aux-veritables-hollandois-touchant-ce-qui-s-est-passe-dans-les-villages-de-bodegrave-swammerdam-les-cruautes-innou-scaled.jpg\",\"contentUrl\":\"https:\/\/www.librairieclavreuil.com\/wp-content\/uploads\/2024\/06\/abraham-de-wicquefort-advis-fidelle-aux-veritables-hollandois-touchant-ce-qui-s-est-passe-dans-les-villages-de-bodegrave-swammerdam-les-cruautes-innou-scaled.jpg\",\"width\":2560,\"height\":1701},{\"@type\":\"BreadcrumbList\",\"@id\":\"https:\/\/www.librairieclavreuil.com\/en\/wicquefort-abraham-de-advis-fidelle-aux-veritables-hollandois-touchant-ce-qui-sest-passe-dans-les-villages-de-bodegrave-swammerdam-les-cruautes-innouies-que-les-francois-y-ont-exerce\/#breadcrumb\",\"itemListElement\":[{\"@type\":\"ListItem\",\"position\":1,\"name\":\"Accueil\",\"item\":\"https:\/\/www.librairieclavreuil.com\/\"},{\"@type\":\"ListItem\",\"position\":2,\"name\":\"All our books\",\"item\":\"https:\/\/www.librairieclavreuil.com\/en\/all-our-books\/\"},{\"@type\":\"ListItem\",\"position\":3,\"name\":\"WICQUEFORT Abraham de Advis fidelle aux v\u00e9ritables Hollandois. Touchant ce qui s&#8217;est pass\u00e9 dans les villages de Bodegrave &amp; Swammerdam, &amp; les cruaut\u00e9s inno\u00fcies, que les Fran\u00e7ois y ont exerc\u00e9es. Avec une m\u00e9moire de la derni\u00e8re marche de l&#8217;arm\u00e9e du roi de France et Brabant &amp; en Flandre.\"}]},{\"@type\":\"WebSite\",\"@id\":\"https:\/\/www.librairieclavreuil.com\/#website\",\"url\":\"https:\/\/www.librairieclavreuil.com\/\",\"name\":\"Libairie Clavreuil\",\"description\":\"Livres anciens, manuscrits rares et \u00e9ditions originales \u2013 Librairie Clavreuil\",\"publisher\":{\"@id\":\"https:\/\/www.librairieclavreuil.com\/#organization\"},\"potentialAction\":[{\"@type\":\"SearchAction\",\"target\":{\"@type\":\"EntryPoint\",\"urlTemplate\":\"https:\/\/www.librairieclavreuil.com\/?s={search_term_string}\"},\"query-input\":{\"@type\":\"PropertyValueSpecification\",\"valueRequired\":true,\"valueName\":\"search_term_string\"}}],\"inLanguage\":\"en-US\"},{\"@type\":\"Organization\",\"@id\":\"https:\/\/www.librairieclavreuil.com\/#organization\",\"name\":\"Libairie Clavreuil\",\"url\":\"https:\/\/www.librairieclavreuil.com\/\",\"logo\":{\"@type\":\"ImageObject\",\"inLanguage\":\"en-US\",\"@id\":\"https:\/\/www.librairieclavreuil.com\/#\/schema\/logo\/image\/\",\"url\":\"https:\/\/www.librairieclavreuil.com\/wp-content\/uploads\/2021\/06\/cropped-LOGO_PNG_DATE-_gold-512x512-1.png\",\"contentUrl\":\"https:\/\/www.librairieclavreuil.com\/wp-content\/uploads\/2021\/06\/cropped-LOGO_PNG_DATE-_gold-512x512-1.png\",\"width\":512,\"height\":512,\"caption\":\"Libairie Clavreuil\"},\"image\":{\"@id\":\"https:\/\/www.librairieclavreuil.com\/#\/schema\/logo\/image\/\"},\"sameAs\":[\"https:\/\/www.instagram.com\/librairieclavreuil\/\"]}]}<\/script>\n<!-- \/ Yoast SEO plugin. -->","yoast_head_json":{"title":"WICQUEFORT Abraham de Advis fidelle aux v\u00e9ritables Hollandois. Touchant ce qui s'est pass\u00e9 dans les villages de Bodegrave &amp; Swammerdam, &amp; les cruaut\u00e9s inno\u00fcies, que les Fran\u00e7ois y ont exerc\u00e9es. Avec une m\u00e9moire de la derni\u00e8re marche de l'arm\u00e9e du roi de France et Brabant &amp; en Flandre. - Libairie Clavreuil","robots":{"index":"index","follow":"follow","max-snippet":"max-snippet:-1","max-image-preview":"max-image-preview:large","max-video-preview":"max-video-preview:-1"},"canonical":"https:\/\/www.librairieclavreuil.com\/en\/wicquefort-abraham-de-advis-fidelle-aux-veritables-hollandois-touchant-ce-qui-sest-passe-dans-les-villages-de-bodegrave-swammerdam-les-cruautes-innouies-que-les-francois-y-ont-exerce\/","og_locale":"en_US","og_type":"article","og_title":"WICQUEFORT Abraham de Advis fidelle aux v\u00e9ritables Hollandois. Touchant ce qui s'est pass\u00e9 dans les villages de Bodegrave &amp; Swammerdam, &amp; les cruaut\u00e9s inno\u00fcies, que les Fran\u00e7ois y ont exerc\u00e9es. Avec une m\u00e9moire de la derni\u00e8re marche de l'arm\u00e9e du roi de France et Brabant &amp; en Flandre. - Libairie Clavreuil","og_description":"4to (228 x 178 mm) 2 nn.ll. (including first blanc), 202 pp., 8 engraved folding plates containing 10 illustrations by Romein de Hooghe. Contemporary spotted calf, triple filet in blind on covers, spine gilt with raised bands, red edges.","og_url":"https:\/\/www.librairieclavreuil.com\/en\/wicquefort-abraham-de-advis-fidelle-aux-veritables-hollandois-touchant-ce-qui-sest-passe-dans-les-villages-de-bodegrave-swammerdam-les-cruautes-innouies-que-les-francois-y-ont-exerce\/","og_site_name":"Libairie Clavreuil","article_modified_time":"2024-07-15T11:24:16+00:00","og_image":[{"width":2560,"height":1701,"url":"https:\/\/www.librairieclavreuil.com\/wp-content\/uploads\/2024\/06\/abraham-de-wicquefort-advis-fidelle-aux-veritables-hollandois-touchant-ce-qui-s-est-passe-dans-les-villages-de-bodegrave-swammerdam-les-cruautes-innou-scaled.jpg","type":"image\/jpeg"}],"twitter_card":"summary_large_image","twitter_misc":{"Est. reading time":"1 minute"},"schema":{"@context":"https:\/\/schema.org","@graph":[{"@type":"WebPage","@id":"https:\/\/www.librairieclavreuil.com\/en\/wicquefort-abraham-de-advis-fidelle-aux-veritables-hollandois-touchant-ce-qui-sest-passe-dans-les-villages-de-bodegrave-swammerdam-les-cruautes-innouies-que-les-francois-y-ont-exerce\/","url":"https:\/\/www.librairieclavreuil.com\/en\/wicquefort-abraham-de-advis-fidelle-aux-veritables-hollandois-touchant-ce-qui-sest-passe-dans-les-villages-de-bodegrave-swammerdam-les-cruautes-innouies-que-les-francois-y-ont-exerce\/","name":"WICQUEFORT Abraham de Advis fidelle aux v\u00e9ritables Hollandois. Touchant ce qui s'est pass\u00e9 dans les villages de Bodegrave &amp; Swammerdam, &amp; les cruaut\u00e9s inno\u00fcies, que les Fran\u00e7ois y ont exerc\u00e9es. Avec une m\u00e9moire de la derni\u00e8re marche de l'arm\u00e9e du roi de France et Brabant &amp; en Flandre. - Libairie Clavreuil","isPartOf":{"@id":"https:\/\/www.librairieclavreuil.com\/#website"},"primaryImageOfPage":{"@id":"https:\/\/www.librairieclavreuil.com\/en\/wicquefort-abraham-de-advis-fidelle-aux-veritables-hollandois-touchant-ce-qui-sest-passe-dans-les-villages-de-bodegrave-swammerdam-les-cruautes-innouies-que-les-francois-y-ont-exerce\/#primaryimage"},"image":{"@id":"https:\/\/www.librairieclavreuil.com\/en\/wicquefort-abraham-de-advis-fidelle-aux-veritables-hollandois-touchant-ce-qui-sest-passe-dans-les-villages-de-bodegrave-swammerdam-les-cruautes-innouies-que-les-francois-y-ont-exerce\/#primaryimage"},"thumbnailUrl":"https:\/\/www.librairieclavreuil.com\/wp-content\/uploads\/2024\/06\/abraham-de-wicquefort-advis-fidelle-aux-veritables-hollandois-touchant-ce-qui-s-est-passe-dans-les-villages-de-bodegrave-swammerdam-les-cruautes-innou-scaled.jpg","datePublished":"2024-06-11T16:16:35+00:00","dateModified":"2024-07-15T11:24:16+00:00","breadcrumb":{"@id":"https:\/\/www.librairieclavreuil.com\/en\/wicquefort-abraham-de-advis-fidelle-aux-veritables-hollandois-touchant-ce-qui-sest-passe-dans-les-villages-de-bodegrave-swammerdam-les-cruautes-innouies-que-les-francois-y-ont-exerce\/#breadcrumb"},"inLanguage":"en-US","potentialAction":[{"@type":"ReadAction","target":["https:\/\/www.librairieclavreuil.com\/en\/wicquefort-abraham-de-advis-fidelle-aux-veritables-hollandois-touchant-ce-qui-sest-passe-dans-les-villages-de-bodegrave-swammerdam-les-cruautes-innouies-que-les-francois-y-ont-exerce\/"]}]},{"@type":"ImageObject","inLanguage":"en-US","@id":"https:\/\/www.librairieclavreuil.com\/en\/wicquefort-abraham-de-advis-fidelle-aux-veritables-hollandois-touchant-ce-qui-sest-passe-dans-les-villages-de-bodegrave-swammerdam-les-cruautes-innouies-que-les-francois-y-ont-exerce\/#primaryimage","url":"https:\/\/www.librairieclavreuil.com\/wp-content\/uploads\/2024\/06\/abraham-de-wicquefort-advis-fidelle-aux-veritables-hollandois-touchant-ce-qui-s-est-passe-dans-les-villages-de-bodegrave-swammerdam-les-cruautes-innou-scaled.jpg","contentUrl":"https:\/\/www.librairieclavreuil.com\/wp-content\/uploads\/2024\/06\/abraham-de-wicquefort-advis-fidelle-aux-veritables-hollandois-touchant-ce-qui-s-est-passe-dans-les-villages-de-bodegrave-swammerdam-les-cruautes-innou-scaled.jpg","width":2560,"height":1701},{"@type":"BreadcrumbList","@id":"https:\/\/www.librairieclavreuil.com\/en\/wicquefort-abraham-de-advis-fidelle-aux-veritables-hollandois-touchant-ce-qui-sest-passe-dans-les-villages-de-bodegrave-swammerdam-les-cruautes-innouies-que-les-francois-y-ont-exerce\/#breadcrumb","itemListElement":[{"@type":"ListItem","position":1,"name":"Accueil","item":"https:\/\/www.librairieclavreuil.com\/"},{"@type":"ListItem","position":2,"name":"All our books","item":"https:\/\/www.librairieclavreuil.com\/en\/all-our-books\/"},{"@type":"ListItem","position":3,"name":"WICQUEFORT Abraham de Advis fidelle aux v\u00e9ritables Hollandois. Touchant ce qui s&#8217;est pass\u00e9 dans les villages de Bodegrave &amp; Swammerdam, &amp; les cruaut\u00e9s inno\u00fcies, que les Fran\u00e7ois y ont exerc\u00e9es. Avec une m\u00e9moire de la derni\u00e8re marche de l&#8217;arm\u00e9e du roi de France et Brabant &amp; en Flandre."}]},{"@type":"WebSite","@id":"https:\/\/www.librairieclavreuil.com\/#website","url":"https:\/\/www.librairieclavreuil.com\/","name":"Libairie Clavreuil","description":"Livres anciens, manuscrits rares et \u00e9ditions originales \u2013 Librairie Clavreuil","publisher":{"@id":"https:\/\/www.librairieclavreuil.com\/#organization"},"potentialAction":[{"@type":"SearchAction","target":{"@type":"EntryPoint","urlTemplate":"https:\/\/www.librairieclavreuil.com\/?s={search_term_string}"},"query-input":{"@type":"PropertyValueSpecification","valueRequired":true,"valueName":"search_term_string"}}],"inLanguage":"en-US"},{"@type":"Organization","@id":"https:\/\/www.librairieclavreuil.com\/#organization","name":"Libairie Clavreuil","url":"https:\/\/www.librairieclavreuil.com\/","logo":{"@type":"ImageObject","inLanguage":"en-US","@id":"https:\/\/www.librairieclavreuil.com\/#\/schema\/logo\/image\/","url":"https:\/\/www.librairieclavreuil.com\/wp-content\/uploads\/2021\/06\/cropped-LOGO_PNG_DATE-_gold-512x512-1.png","contentUrl":"https:\/\/www.librairieclavreuil.com\/wp-content\/uploads\/2021\/06\/cropped-LOGO_PNG_DATE-_gold-512x512-1.png","width":512,"height":512,"caption":"Libairie Clavreuil"},"image":{"@id":"https:\/\/www.librairieclavreuil.com\/#\/schema\/logo\/image\/"},"sameAs":["https:\/\/www.instagram.com\/librairieclavreuil\/"]}]}},"jetpack_sharing_enabled":true,"_links":{"self":[{"href":"https:\/\/www.librairieclavreuil.com\/en\/wp-json\/wp\/v2\/product\/78319","targetHints":{"allow":["GET"]}}],"collection":[{"href":"https:\/\/www.librairieclavreuil.com\/en\/wp-json\/wp\/v2\/product"}],"about":[{"href":"https:\/\/www.librairieclavreuil.com\/en\/wp-json\/wp\/v2\/types\/product"}],"replies":[{"embeddable":true,"href":"https:\/\/www.librairieclavreuil.com\/en\/wp-json\/wp\/v2\/comments?post=78319"}],"wp:featuredmedia":[{"embeddable":true,"href":"https:\/\/www.librairieclavreuil.com\/en\/wp-json\/wp\/v2\/media\/78312"}],"wp:attachment":[{"href":"https:\/\/www.librairieclavreuil.com\/en\/wp-json\/wp\/v2\/media?parent=78319"}],"wp:term":[{"taxonomy":"product_brand","embeddable":true,"href":"https:\/\/www.librairieclavreuil.com\/en\/wp-json\/wp\/v2\/product_brand?post=78319"},{"taxonomy":"product_cat","embeddable":true,"href":"https:\/\/www.librairieclavreuil.com\/en\/wp-json\/wp\/v2\/product_cat?post=78319"},{"taxonomy":"product_tag","embeddable":true,"href":"https:\/\/www.librairieclavreuil.com\/en\/wp-json\/wp\/v2\/product_tag?post=78319"}],"curies":[{"name":"wp","href":"https:\/\/api.w.org\/{rel}","templated":true}]}}