{"id":78299,"date":"2024-06-11T18:11:03","date_gmt":"2024-06-11T16:11:03","guid":{"rendered":"https:\/\/www.librairieclavreuil.com\/produit-7\/"},"modified":"2025-06-05T15:40:35","modified_gmt":"2025-06-05T13:40:35","slug":"produit-7","status":"publish","type":"product","link":"https:\/\/www.librairieclavreuil.com\/en\/produit-7\/","title":{"rendered":"MOREAU Jean-Baptiste Interm\u00e8des en musique de la trag\u00e9die..."},"content":{"rendered":"<p style=\"text-align:justify\"><i>Guibert, 105:3 ; F\u00e9tis, VI, 192.<\/i><\/p>\n<p style=\"text-align:justify\"><span style=\"font-variant:small-caps\">First edition under this new title. The music had previously been published in 1689 under the title&nbsp;<\/span><i><span style=\"font-variant:small-caps\">Ch\u0153urs de la trag\u00e9die d&#8217;Esther<\/span><\/i><span style=\"font-variant:small-caps\">.<\/span><\/p>\n<p style=\"text-align:justify\">The large head-piece at the beginning of the scores is engraved by the famous woodcutter Papillon.<\/p>\n<p style=\"text-align:justify\">&#8220;Madame de Maintenon ayant pri\u00e9 Racine de composer pour les Demoiselles de Saint-Cyr, dont elle assurait l&#8217;\u00e9ducation, un po\u00e8me moral susceptible de les distraire il d\u00e9couvrit dans l\u2019histoire d&#8217;Esther des situations et des sentiments propres \u00e0 satisfaire les go\u00fbts de sa protectrice et de convenir au but de l&#8217;institution&#8221; (Guibert).<\/p>\n<p style=\"text-align:justify\">The tragedy was first performed for the King on 26 January 1689 in a sumptuous setting. The play was a great success, and it was thanks to it that the King awarded its author the title of \u2018Gentilhomme ordinaire de sa majest\u00e9\u2019.<\/p>\n<p style=\"text-align:justify\">Jean-Baptiste Moreau (1656-1733) received his musical education in his native town of Angers before moving to Paris. He was introduced to Victoire de Bavi\u00e8re and later entered the service of the king. &#8220;Ce fut lui que Racine choisit pour composer la premi\u00e8re musique d&#8217;Esther et d&#8217;Athalie&#8221; (F\u00e9tis).<\/p>\n<p style=\"text-align:justify\">Magnificent, historical copy, bound with the coat of arms of Saint-Cyr and with binders instruction on the first page.<\/p>\n<p style=\"text-align:justify\">A pencil note suggests that this copy was used during the performances organised at the school (&#8220;<i>servi pour les repr\u00e9sentations<\/i>&#8220;).<\/p>\n","protected":false},"excerpt":{"rendered":"<p>4to (250 x 186 mm) title, 99 pp. Contemporary polished calf, central coat of arms of the educational institution of Saint-Cyr, spine gilt with raised bands, red speckled edges.<\/p>\n","protected":false},"featured_media":79140,"comment_status":"open","ping_status":"closed","template":"","meta":{"_acf_changed":false},"product_brand":[],"product_cat":[544],"product_tag":[1267,568],"class_list":{"0":"post-78299","1":"product","2":"type-product","3":"status-publish","4":"has-post-thumbnail","6":"product_cat-literature","7":"product_tag-binding","8":"product_tag-music","9":"pa_auteur-moreau-jean-baptiste-2","10":"pa_type-de-livre-printed-book","12":"first","13":"instock","14":"shipping-taxable","15":"purchasable","16":"product-type-simple"},"acf":{"artist":"Jean-Baptiste MOREAU","chapeau":"Bound with the coat of arms of the School of Saint Cyr directed by Madame de Maintenon","adresse_bibliographique":"Paris, Christophe Ballard, 1696","book_type":"Printed book","provenance":"","afficher_prix":""},"yoast_head":"<!-- This site is optimized with the Yoast SEO plugin v24.7 - https:\/\/yoast.com\/wordpress\/plugins\/seo\/ -->\n<title>MOREAU Jean-Baptiste Interm\u00e8des en musique de la trag\u00e9die d&#039;Esther. Propres pour les dames religieuses &amp; toutes autres personnes. - Libairie Clavreuil<\/title>\n<meta name=\"robots\" content=\"index, follow, max-snippet:-1, max-image-preview:large, max-video-preview:-1\" \/>\n<link rel=\"canonical\" href=\"https:\/\/www.librairieclavreuil.com\/en\/produit-7\/\" \/>\n<meta property=\"og:locale\" content=\"en_US\" \/>\n<meta property=\"og:type\" content=\"article\" \/>\n<meta property=\"og:title\" content=\"MOREAU Jean-Baptiste Interm\u00e8des en musique de la trag\u00e9die d&#039;Esther. Propres pour les dames religieuses &amp; toutes autres personnes. - Libairie Clavreuil\" \/>\n<meta property=\"og:description\" content=\"4to (250 x 186 mm) title, 99 pp. Contemporary polished calf, central coat of arms of the educational institution of Saint-Cyr, spine gilt with raised bands, red speckled edges.\" \/>\n<meta property=\"og:url\" content=\"https:\/\/www.librairieclavreuil.com\/en\/produit-7\/\" \/>\n<meta property=\"og:site_name\" content=\"Libairie Clavreuil\" \/>\n<meta property=\"article:modified_time\" content=\"2025-06-05T13:40:35+00:00\" \/>\n<meta property=\"og:image\" content=\"https:\/\/www.librairieclavreuil.com\/wp-content\/uploads\/2024\/07\/jean-baptiste-moreau-intermedes-en-musique-de-la-tragedie-d-esther-propres-pour-les-dames-religieuses-toutes-autres-personnes-9362-6648a8229f525.jpg\" \/>\n\t<meta property=\"og:image:width\" content=\"588\" \/>\n\t<meta property=\"og:image:height\" content=\"800\" \/>\n\t<meta property=\"og:image:type\" content=\"image\/jpeg\" \/>\n<meta name=\"twitter:card\" content=\"summary_large_image\" \/>\n<meta name=\"twitter:label1\" content=\"Est. reading time\" \/>\n\t<meta name=\"twitter:data1\" content=\"1 minute\" \/>\n<script type=\"application\/ld+json\" class=\"yoast-schema-graph\">{\"@context\":\"https:\/\/schema.org\",\"@graph\":[{\"@type\":\"WebPage\",\"@id\":\"https:\/\/www.librairieclavreuil.com\/en\/produit-7\/\",\"url\":\"https:\/\/www.librairieclavreuil.com\/en\/produit-7\/\",\"name\":\"MOREAU Jean-Baptiste Interm\u00e8des en musique de la trag\u00e9die d'Esther. Propres pour les dames religieuses &amp; toutes autres personnes. - Libairie Clavreuil\",\"isPartOf\":{\"@id\":\"https:\/\/www.librairieclavreuil.com\/#website\"},\"primaryImageOfPage\":{\"@id\":\"https:\/\/www.librairieclavreuil.com\/en\/produit-7\/#primaryimage\"},\"image\":{\"@id\":\"https:\/\/www.librairieclavreuil.com\/en\/produit-7\/#primaryimage\"},\"thumbnailUrl\":\"https:\/\/www.librairieclavreuil.com\/wp-content\/uploads\/2024\/07\/jean-baptiste-moreau-intermedes-en-musique-de-la-tragedie-d-esther-propres-pour-les-dames-religieuses-toutes-autres-personnes-9362-6648a8229f525.jpg\",\"datePublished\":\"2024-06-11T16:11:03+00:00\",\"dateModified\":\"2025-06-05T13:40:35+00:00\",\"breadcrumb\":{\"@id\":\"https:\/\/www.librairieclavreuil.com\/en\/produit-7\/#breadcrumb\"},\"inLanguage\":\"en-US\",\"potentialAction\":[{\"@type\":\"ReadAction\",\"target\":[\"https:\/\/www.librairieclavreuil.com\/en\/produit-7\/\"]}]},{\"@type\":\"ImageObject\",\"inLanguage\":\"en-US\",\"@id\":\"https:\/\/www.librairieclavreuil.com\/en\/produit-7\/#primaryimage\",\"url\":\"https:\/\/www.librairieclavreuil.com\/wp-content\/uploads\/2024\/07\/jean-baptiste-moreau-intermedes-en-musique-de-la-tragedie-d-esther-propres-pour-les-dames-religieuses-toutes-autres-personnes-9362-6648a8229f525.jpg\",\"contentUrl\":\"https:\/\/www.librairieclavreuil.com\/wp-content\/uploads\/2024\/07\/jean-baptiste-moreau-intermedes-en-musique-de-la-tragedie-d-esther-propres-pour-les-dames-religieuses-toutes-autres-personnes-9362-6648a8229f525.jpg\",\"width\":588,\"height\":800},{\"@type\":\"BreadcrumbList\",\"@id\":\"https:\/\/www.librairieclavreuil.com\/en\/produit-7\/#breadcrumb\",\"itemListElement\":[{\"@type\":\"ListItem\",\"position\":1,\"name\":\"Accueil\",\"item\":\"https:\/\/www.librairieclavreuil.com\/\"},{\"@type\":\"ListItem\",\"position\":2,\"name\":\"All our books\",\"item\":\"https:\/\/www.librairieclavreuil.com\/en\/all-our-books\/\"},{\"@type\":\"ListItem\",\"position\":3,\"name\":\"MOREAU Jean-Baptiste Interm\u00e8des en musique de la trag\u00e9die...\"}]},{\"@type\":\"WebSite\",\"@id\":\"https:\/\/www.librairieclavreuil.com\/#website\",\"url\":\"https:\/\/www.librairieclavreuil.com\/\",\"name\":\"Libairie Clavreuil\",\"description\":\"Livres anciens, manuscrits rares et \u00e9ditions originales \u2013 Librairie Clavreuil\",\"publisher\":{\"@id\":\"https:\/\/www.librairieclavreuil.com\/#organization\"},\"potentialAction\":[{\"@type\":\"SearchAction\",\"target\":{\"@type\":\"EntryPoint\",\"urlTemplate\":\"https:\/\/www.librairieclavreuil.com\/?s={search_term_string}\"},\"query-input\":{\"@type\":\"PropertyValueSpecification\",\"valueRequired\":true,\"valueName\":\"search_term_string\"}}],\"inLanguage\":\"en-US\"},{\"@type\":\"Organization\",\"@id\":\"https:\/\/www.librairieclavreuil.com\/#organization\",\"name\":\"Libairie Clavreuil\",\"url\":\"https:\/\/www.librairieclavreuil.com\/\",\"logo\":{\"@type\":\"ImageObject\",\"inLanguage\":\"en-US\",\"@id\":\"https:\/\/www.librairieclavreuil.com\/#\/schema\/logo\/image\/\",\"url\":\"https:\/\/www.librairieclavreuil.com\/wp-content\/uploads\/2021\/06\/cropped-LOGO_PNG_DATE-_gold-512x512-1.png\",\"contentUrl\":\"https:\/\/www.librairieclavreuil.com\/wp-content\/uploads\/2021\/06\/cropped-LOGO_PNG_DATE-_gold-512x512-1.png\",\"width\":512,\"height\":512,\"caption\":\"Libairie Clavreuil\"},\"image\":{\"@id\":\"https:\/\/www.librairieclavreuil.com\/#\/schema\/logo\/image\/\"},\"sameAs\":[\"https:\/\/www.instagram.com\/librairieclavreuil\/\"]}]}<\/script>\n<!-- \/ Yoast SEO plugin. -->","yoast_head_json":{"title":"MOREAU Jean-Baptiste Interm\u00e8des en musique de la trag\u00e9die d'Esther. Propres pour les dames religieuses &amp; toutes autres personnes. - Libairie Clavreuil","robots":{"index":"index","follow":"follow","max-snippet":"max-snippet:-1","max-image-preview":"max-image-preview:large","max-video-preview":"max-video-preview:-1"},"canonical":"https:\/\/www.librairieclavreuil.com\/en\/produit-7\/","og_locale":"en_US","og_type":"article","og_title":"MOREAU Jean-Baptiste Interm\u00e8des en musique de la trag\u00e9die d'Esther. Propres pour les dames religieuses &amp; toutes autres personnes. - Libairie Clavreuil","og_description":"4to (250 x 186 mm) title, 99 pp. Contemporary polished calf, central coat of arms of the educational institution of Saint-Cyr, spine gilt with raised bands, red speckled edges.","og_url":"https:\/\/www.librairieclavreuil.com\/en\/produit-7\/","og_site_name":"Libairie Clavreuil","article_modified_time":"2025-06-05T13:40:35+00:00","og_image":[{"width":588,"height":800,"url":"https:\/\/www.librairieclavreuil.com\/wp-content\/uploads\/2024\/07\/jean-baptiste-moreau-intermedes-en-musique-de-la-tragedie-d-esther-propres-pour-les-dames-religieuses-toutes-autres-personnes-9362-6648a8229f525.jpg","type":"image\/jpeg"}],"twitter_card":"summary_large_image","twitter_misc":{"Est. reading time":"1 minute"},"schema":{"@context":"https:\/\/schema.org","@graph":[{"@type":"WebPage","@id":"https:\/\/www.librairieclavreuil.com\/en\/produit-7\/","url":"https:\/\/www.librairieclavreuil.com\/en\/produit-7\/","name":"MOREAU Jean-Baptiste Interm\u00e8des en musique de la trag\u00e9die d'Esther. Propres pour les dames religieuses &amp; toutes autres personnes. - Libairie Clavreuil","isPartOf":{"@id":"https:\/\/www.librairieclavreuil.com\/#website"},"primaryImageOfPage":{"@id":"https:\/\/www.librairieclavreuil.com\/en\/produit-7\/#primaryimage"},"image":{"@id":"https:\/\/www.librairieclavreuil.com\/en\/produit-7\/#primaryimage"},"thumbnailUrl":"https:\/\/www.librairieclavreuil.com\/wp-content\/uploads\/2024\/07\/jean-baptiste-moreau-intermedes-en-musique-de-la-tragedie-d-esther-propres-pour-les-dames-religieuses-toutes-autres-personnes-9362-6648a8229f525.jpg","datePublished":"2024-06-11T16:11:03+00:00","dateModified":"2025-06-05T13:40:35+00:00","breadcrumb":{"@id":"https:\/\/www.librairieclavreuil.com\/en\/produit-7\/#breadcrumb"},"inLanguage":"en-US","potentialAction":[{"@type":"ReadAction","target":["https:\/\/www.librairieclavreuil.com\/en\/produit-7\/"]}]},{"@type":"ImageObject","inLanguage":"en-US","@id":"https:\/\/www.librairieclavreuil.com\/en\/produit-7\/#primaryimage","url":"https:\/\/www.librairieclavreuil.com\/wp-content\/uploads\/2024\/07\/jean-baptiste-moreau-intermedes-en-musique-de-la-tragedie-d-esther-propres-pour-les-dames-religieuses-toutes-autres-personnes-9362-6648a8229f525.jpg","contentUrl":"https:\/\/www.librairieclavreuil.com\/wp-content\/uploads\/2024\/07\/jean-baptiste-moreau-intermedes-en-musique-de-la-tragedie-d-esther-propres-pour-les-dames-religieuses-toutes-autres-personnes-9362-6648a8229f525.jpg","width":588,"height":800},{"@type":"BreadcrumbList","@id":"https:\/\/www.librairieclavreuil.com\/en\/produit-7\/#breadcrumb","itemListElement":[{"@type":"ListItem","position":1,"name":"Accueil","item":"https:\/\/www.librairieclavreuil.com\/"},{"@type":"ListItem","position":2,"name":"All our books","item":"https:\/\/www.librairieclavreuil.com\/en\/all-our-books\/"},{"@type":"ListItem","position":3,"name":"MOREAU Jean-Baptiste Interm\u00e8des en musique de la trag\u00e9die..."}]},{"@type":"WebSite","@id":"https:\/\/www.librairieclavreuil.com\/#website","url":"https:\/\/www.librairieclavreuil.com\/","name":"Libairie Clavreuil","description":"Livres anciens, manuscrits rares et \u00e9ditions originales \u2013 Librairie Clavreuil","publisher":{"@id":"https:\/\/www.librairieclavreuil.com\/#organization"},"potentialAction":[{"@type":"SearchAction","target":{"@type":"EntryPoint","urlTemplate":"https:\/\/www.librairieclavreuil.com\/?s={search_term_string}"},"query-input":{"@type":"PropertyValueSpecification","valueRequired":true,"valueName":"search_term_string"}}],"inLanguage":"en-US"},{"@type":"Organization","@id":"https:\/\/www.librairieclavreuil.com\/#organization","name":"Libairie Clavreuil","url":"https:\/\/www.librairieclavreuil.com\/","logo":{"@type":"ImageObject","inLanguage":"en-US","@id":"https:\/\/www.librairieclavreuil.com\/#\/schema\/logo\/image\/","url":"https:\/\/www.librairieclavreuil.com\/wp-content\/uploads\/2021\/06\/cropped-LOGO_PNG_DATE-_gold-512x512-1.png","contentUrl":"https:\/\/www.librairieclavreuil.com\/wp-content\/uploads\/2021\/06\/cropped-LOGO_PNG_DATE-_gold-512x512-1.png","width":512,"height":512,"caption":"Libairie Clavreuil"},"image":{"@id":"https:\/\/www.librairieclavreuil.com\/#\/schema\/logo\/image\/"},"sameAs":["https:\/\/www.instagram.com\/librairieclavreuil\/"]}]}},"jetpack_sharing_enabled":true,"_links":{"self":[{"href":"https:\/\/www.librairieclavreuil.com\/en\/wp-json\/wp\/v2\/product\/78299","targetHints":{"allow":["GET"]}}],"collection":[{"href":"https:\/\/www.librairieclavreuil.com\/en\/wp-json\/wp\/v2\/product"}],"about":[{"href":"https:\/\/www.librairieclavreuil.com\/en\/wp-json\/wp\/v2\/types\/product"}],"replies":[{"embeddable":true,"href":"https:\/\/www.librairieclavreuil.com\/en\/wp-json\/wp\/v2\/comments?post=78299"}],"wp:featuredmedia":[{"embeddable":true,"href":"https:\/\/www.librairieclavreuil.com\/en\/wp-json\/wp\/v2\/media\/79140"}],"wp:attachment":[{"href":"https:\/\/www.librairieclavreuil.com\/en\/wp-json\/wp\/v2\/media?parent=78299"}],"wp:term":[{"taxonomy":"product_brand","embeddable":true,"href":"https:\/\/www.librairieclavreuil.com\/en\/wp-json\/wp\/v2\/product_brand?post=78299"},{"taxonomy":"product_cat","embeddable":true,"href":"https:\/\/www.librairieclavreuil.com\/en\/wp-json\/wp\/v2\/product_cat?post=78299"},{"taxonomy":"product_tag","embeddable":true,"href":"https:\/\/www.librairieclavreuil.com\/en\/wp-json\/wp\/v2\/product_tag?post=78299"}],"curies":[{"name":"wp","href":"https:\/\/api.w.org\/{rel}","templated":true}]}}