{"id":78258,"date":"2024-06-11T17:52:42","date_gmt":"2024-06-11T15:52:42","guid":{"rendered":"https:\/\/www.librairieclavreuil.com\/mantuan-baptiste-la-parthenice-de-mariane-de-baptiste-mantuan-poete-theologue-de-lordre-de-nostre-dame-des-carmes-traslatee-de-latin-en-francoys\/"},"modified":"2025-08-27T16:52:16","modified_gmt":"2025-08-27T14:52:16","slug":"mantuan-baptiste-la-parthenice-de-mariane-de-baptiste-mantuan-poete-theologue-de-lordre-de-nostre-dame-des-carmes-traslatee-de-latin-en-francoys","status":"publish","type":"product","link":"https:\/\/www.librairieclavreuil.com\/en\/mantuan-baptiste-la-parthenice-de-mariane-de-baptiste-mantuan-poete-theologue-de-lordre-de-nostre-dame-des-carmes-traslatee-de-latin-en-francoys\/","title":{"rendered":"MANTUAN Baptiste La Parthenice de Mariane de Baptiste..."},"content":{"rendered":"<p style=\"text-align:justify\"><i>Bechtel, B4 ; Brunet, III, 1376 ; Baudrier, I, 44 &amp; XII, 127 (with illustration) ; G\u00fcltlingen, Lyon, I, p. 85, no. 104 ; Brun, p. 244. See sale S. Brunschwig, 1955, lot 473 (other copy). Not in Mortimer.<\/i><\/p>\n<p style=\"text-align:justify\"><span style=\"font-variant:small-caps\">First and only translation in verses by Jacques de Morti\u00e8res.<\/span><\/p>\n<p style=\"text-align:justify\">Written by Baptiste Mantuan, also known as Battista Spagnoli (1447\u20131516), one of the most renowned Latin poets of his time, with an immense output of around 50,000 verses.<\/p>\n<p style=\"text-align:justify\">Highly regarded by William Shakespeare, Edmund Spenser and John Milton, Erasmus described this important poet of Italian humanism as \u2018the Christian Virgil\u2019. Venerated since his death, Battista Mantuan was beatified by Pope Leo XIII in 1885. Mantuan entered the Carmelite Order in Mantua and took his religious vows in 1464; a talented man, he was elected Prior General of the congregation in 1513.<\/p>\n<p style=\"text-align:justify\">This edition, carefully printed in Lyon, is illustrated with two large figures (the Holy Family, repeated), the arms of Marguerite de France, and 33 woodcut vignettes, most of which illustrate the life of Christ. The title is decorated with a large vignette bearing the printer&#8217;s mark.<\/p>\n<p style=\"text-align:justify\">This book is very rare in institutional libraries; G\u00fcltlingen locates three copies in France (Lyon, BM; Paris, Arsenal; Paris, BnF) and one copy in the United Kingdom (London, BL). USTC does not locate any copies in the United States. Apart from this copy, we have only found one other copy for sale at public auction (a copy from the Hoe and Froissart collections).<\/p>\n<p style=\"text-align:justify\">A very fine copy, complete with the page containing the acrostic poem with the name of Marguerite de France, author of the H\u00e9ptameron, to whom the work is dedicated by the translator.<\/p>\n<p style=\"text-align:justify\">Provenance: Charles-Maurice de Talleyrand-P\u00e9rigord, Ch\u00e2teau de Valen\u00e7ay (bookplate) &#8211; Antoine Danyau (bookplate) &#8211; F. Desq (bookplate).<\/p>\n","protected":false},"excerpt":{"rendered":"<p style=\"text-align:justify\">4to (245 x 173 mm) 4 unn.ll., 86 num.l., 1 un.l. with an acrostic poem (last blank removed by the binder). Title printed in red and black. Collation : a4 b-m8-1. Green morocco, gilt filet on covers, gilt edges (Koehler).<\/p>\n","protected":false},"featured_media":78247,"comment_status":"open","ping_status":"closed","template":"","meta":{"_acf_changed":false},"product_brand":[],"product_cat":[544],"product_tag":[1238,1243],"class_list":{"0":"post-78258","1":"product","2":"type-product","3":"status-publish","4":"has-post-thumbnail","6":"product_cat-literature","7":"product_tag-16th-century-illustrations","8":"product_tag-16th-century-literature","9":"pa_auteur-mantuan-baptiste-2","10":"pa_type-de-livre-printed-book","12":"first","13":"instock","14":"shipping-taxable","15":"purchasable","16":"product-type-simple"},"acf":{"artist":" Baptiste MANTUAN","chapeau":"","adresse_bibliographique":"Lyon, nouvellement imprim\u00e9e pour Claude Nourry & Jehan Besson, 1523","book_type":"Printed book","provenance":"","afficher_prix":""},"yoast_head":"<!-- This site is optimized with the Yoast SEO plugin v24.7 - https:\/\/yoast.com\/wordpress\/plugins\/seo\/ -->\n<title>MANTUAN Baptiste La Parthenice de Mariane de Baptiste Mantuan poete theologue de l&#039;ordre de nostre dame des carmes tr\u00e2slatee de latin en fran\u00e7oys. - Libairie Clavreuil<\/title>\n<meta name=\"robots\" content=\"index, follow, max-snippet:-1, max-image-preview:large, max-video-preview:-1\" \/>\n<link rel=\"canonical\" href=\"https:\/\/www.librairieclavreuil.com\/en\/mantuan-baptiste-la-parthenice-de-mariane-de-baptiste-mantuan-poete-theologue-de-lordre-de-nostre-dame-des-carmes-traslatee-de-latin-en-francoys\/\" \/>\n<meta property=\"og:locale\" content=\"en_US\" \/>\n<meta property=\"og:type\" content=\"article\" \/>\n<meta property=\"og:title\" content=\"MANTUAN Baptiste La Parthenice de Mariane de Baptiste Mantuan poete theologue de l&#039;ordre de nostre dame des carmes tr\u00e2slatee de latin en fran\u00e7oys. - Libairie Clavreuil\" \/>\n<meta property=\"og:description\" content=\"4to (245 x 173 mm) 4 unn.ll., 86 num.l., 1 un.l. with an acrostic poem (last blank removed by the binder). Title printed in red and black. Collation : a4 b-m8-1. Green morocco, gilt filet on covers, gilt edges (Koehler).\" \/>\n<meta property=\"og:url\" content=\"https:\/\/www.librairieclavreuil.com\/en\/mantuan-baptiste-la-parthenice-de-mariane-de-baptiste-mantuan-poete-theologue-de-lordre-de-nostre-dame-des-carmes-traslatee-de-latin-en-francoys\/\" \/>\n<meta property=\"og:site_name\" content=\"Libairie Clavreuil\" \/>\n<meta property=\"article:modified_time\" content=\"2025-08-27T14:52:16+00:00\" \/>\n<meta property=\"og:image\" content=\"https:\/\/www.librairieclavreuil.com\/wp-content\/uploads\/2024\/06\/baptiste-mantuan-la-parthenice-de-mariane-de-baptiste-mantuan-poete-theologue-de-l-ordre-de-nostre-dame-des-carmes-traslatee-de-latin-en-francoys-8330-scaled.jpg\" \/>\n\t<meta property=\"og:image:width\" content=\"1835\" \/>\n\t<meta property=\"og:image:height\" content=\"2560\" \/>\n\t<meta property=\"og:image:type\" content=\"image\/jpeg\" \/>\n<meta name=\"twitter:card\" content=\"summary_large_image\" \/>\n<meta name=\"twitter:label1\" content=\"Est. reading time\" \/>\n\t<meta name=\"twitter:data1\" content=\"1 minute\" \/>\n<script type=\"application\/ld+json\" class=\"yoast-schema-graph\">{\"@context\":\"https:\/\/schema.org\",\"@graph\":[{\"@type\":\"WebPage\",\"@id\":\"https:\/\/www.librairieclavreuil.com\/en\/mantuan-baptiste-la-parthenice-de-mariane-de-baptiste-mantuan-poete-theologue-de-lordre-de-nostre-dame-des-carmes-traslatee-de-latin-en-francoys\/\",\"url\":\"https:\/\/www.librairieclavreuil.com\/en\/mantuan-baptiste-la-parthenice-de-mariane-de-baptiste-mantuan-poete-theologue-de-lordre-de-nostre-dame-des-carmes-traslatee-de-latin-en-francoys\/\",\"name\":\"MANTUAN Baptiste La Parthenice de Mariane de Baptiste Mantuan poete theologue de l'ordre de nostre dame des carmes tr\u00e2slatee de latin en fran\u00e7oys. - Libairie Clavreuil\",\"isPartOf\":{\"@id\":\"https:\/\/www.librairieclavreuil.com\/#website\"},\"primaryImageOfPage\":{\"@id\":\"https:\/\/www.librairieclavreuil.com\/en\/mantuan-baptiste-la-parthenice-de-mariane-de-baptiste-mantuan-poete-theologue-de-lordre-de-nostre-dame-des-carmes-traslatee-de-latin-en-francoys\/#primaryimage\"},\"image\":{\"@id\":\"https:\/\/www.librairieclavreuil.com\/en\/mantuan-baptiste-la-parthenice-de-mariane-de-baptiste-mantuan-poete-theologue-de-lordre-de-nostre-dame-des-carmes-traslatee-de-latin-en-francoys\/#primaryimage\"},\"thumbnailUrl\":\"https:\/\/www.librairieclavreuil.com\/wp-content\/uploads\/2024\/06\/baptiste-mantuan-la-parthenice-de-mariane-de-baptiste-mantuan-poete-theologue-de-l-ordre-de-nostre-dame-des-carmes-traslatee-de-latin-en-francoys-8330-scaled.jpg\",\"datePublished\":\"2024-06-11T15:52:42+00:00\",\"dateModified\":\"2025-08-27T14:52:16+00:00\",\"breadcrumb\":{\"@id\":\"https:\/\/www.librairieclavreuil.com\/en\/mantuan-baptiste-la-parthenice-de-mariane-de-baptiste-mantuan-poete-theologue-de-lordre-de-nostre-dame-des-carmes-traslatee-de-latin-en-francoys\/#breadcrumb\"},\"inLanguage\":\"en-US\",\"potentialAction\":[{\"@type\":\"ReadAction\",\"target\":[\"https:\/\/www.librairieclavreuil.com\/en\/mantuan-baptiste-la-parthenice-de-mariane-de-baptiste-mantuan-poete-theologue-de-lordre-de-nostre-dame-des-carmes-traslatee-de-latin-en-francoys\/\"]}]},{\"@type\":\"ImageObject\",\"inLanguage\":\"en-US\",\"@id\":\"https:\/\/www.librairieclavreuil.com\/en\/mantuan-baptiste-la-parthenice-de-mariane-de-baptiste-mantuan-poete-theologue-de-lordre-de-nostre-dame-des-carmes-traslatee-de-latin-en-francoys\/#primaryimage\",\"url\":\"https:\/\/www.librairieclavreuil.com\/wp-content\/uploads\/2024\/06\/baptiste-mantuan-la-parthenice-de-mariane-de-baptiste-mantuan-poete-theologue-de-l-ordre-de-nostre-dame-des-carmes-traslatee-de-latin-en-francoys-8330-scaled.jpg\",\"contentUrl\":\"https:\/\/www.librairieclavreuil.com\/wp-content\/uploads\/2024\/06\/baptiste-mantuan-la-parthenice-de-mariane-de-baptiste-mantuan-poete-theologue-de-l-ordre-de-nostre-dame-des-carmes-traslatee-de-latin-en-francoys-8330-scaled.jpg\",\"width\":1835,\"height\":2560},{\"@type\":\"BreadcrumbList\",\"@id\":\"https:\/\/www.librairieclavreuil.com\/en\/mantuan-baptiste-la-parthenice-de-mariane-de-baptiste-mantuan-poete-theologue-de-lordre-de-nostre-dame-des-carmes-traslatee-de-latin-en-francoys\/#breadcrumb\",\"itemListElement\":[{\"@type\":\"ListItem\",\"position\":1,\"name\":\"Accueil\",\"item\":\"https:\/\/www.librairieclavreuil.com\/\"},{\"@type\":\"ListItem\",\"position\":2,\"name\":\"All our books\",\"item\":\"https:\/\/www.librairieclavreuil.com\/en\/all-our-books\/\"},{\"@type\":\"ListItem\",\"position\":3,\"name\":\"MANTUAN Baptiste La Parthenice de Mariane de Baptiste...\"}]},{\"@type\":\"WebSite\",\"@id\":\"https:\/\/www.librairieclavreuil.com\/#website\",\"url\":\"https:\/\/www.librairieclavreuil.com\/\",\"name\":\"Libairie Clavreuil\",\"description\":\"Livres anciens, manuscrits rares et \u00e9ditions originales \u2013 Librairie Clavreuil\",\"publisher\":{\"@id\":\"https:\/\/www.librairieclavreuil.com\/#organization\"},\"potentialAction\":[{\"@type\":\"SearchAction\",\"target\":{\"@type\":\"EntryPoint\",\"urlTemplate\":\"https:\/\/www.librairieclavreuil.com\/?s={search_term_string}\"},\"query-input\":{\"@type\":\"PropertyValueSpecification\",\"valueRequired\":true,\"valueName\":\"search_term_string\"}}],\"inLanguage\":\"en-US\"},{\"@type\":\"Organization\",\"@id\":\"https:\/\/www.librairieclavreuil.com\/#organization\",\"name\":\"Libairie Clavreuil\",\"url\":\"https:\/\/www.librairieclavreuil.com\/\",\"logo\":{\"@type\":\"ImageObject\",\"inLanguage\":\"en-US\",\"@id\":\"https:\/\/www.librairieclavreuil.com\/#\/schema\/logo\/image\/\",\"url\":\"https:\/\/www.librairieclavreuil.com\/wp-content\/uploads\/2021\/06\/cropped-LOGO_PNG_DATE-_gold-512x512-1.png\",\"contentUrl\":\"https:\/\/www.librairieclavreuil.com\/wp-content\/uploads\/2021\/06\/cropped-LOGO_PNG_DATE-_gold-512x512-1.png\",\"width\":512,\"height\":512,\"caption\":\"Libairie Clavreuil\"},\"image\":{\"@id\":\"https:\/\/www.librairieclavreuil.com\/#\/schema\/logo\/image\/\"},\"sameAs\":[\"https:\/\/www.instagram.com\/librairieclavreuil\/\"]}]}<\/script>\n<!-- \/ Yoast SEO plugin. -->","yoast_head_json":{"title":"MANTUAN Baptiste La Parthenice de Mariane de Baptiste Mantuan poete theologue de l'ordre de nostre dame des carmes tr\u00e2slatee de latin en fran\u00e7oys. - Libairie Clavreuil","robots":{"index":"index","follow":"follow","max-snippet":"max-snippet:-1","max-image-preview":"max-image-preview:large","max-video-preview":"max-video-preview:-1"},"canonical":"https:\/\/www.librairieclavreuil.com\/en\/mantuan-baptiste-la-parthenice-de-mariane-de-baptiste-mantuan-poete-theologue-de-lordre-de-nostre-dame-des-carmes-traslatee-de-latin-en-francoys\/","og_locale":"en_US","og_type":"article","og_title":"MANTUAN Baptiste La Parthenice de Mariane de Baptiste Mantuan poete theologue de l'ordre de nostre dame des carmes tr\u00e2slatee de latin en fran\u00e7oys. - Libairie Clavreuil","og_description":"4to (245 x 173 mm) 4 unn.ll., 86 num.l., 1 un.l. with an acrostic poem (last blank removed by the binder). Title printed in red and black. Collation : a4 b-m8-1. Green morocco, gilt filet on covers, gilt edges (Koehler).","og_url":"https:\/\/www.librairieclavreuil.com\/en\/mantuan-baptiste-la-parthenice-de-mariane-de-baptiste-mantuan-poete-theologue-de-lordre-de-nostre-dame-des-carmes-traslatee-de-latin-en-francoys\/","og_site_name":"Libairie Clavreuil","article_modified_time":"2025-08-27T14:52:16+00:00","og_image":[{"width":1835,"height":2560,"url":"https:\/\/www.librairieclavreuil.com\/wp-content\/uploads\/2024\/06\/baptiste-mantuan-la-parthenice-de-mariane-de-baptiste-mantuan-poete-theologue-de-l-ordre-de-nostre-dame-des-carmes-traslatee-de-latin-en-francoys-8330-scaled.jpg","type":"image\/jpeg"}],"twitter_card":"summary_large_image","twitter_misc":{"Est. reading time":"1 minute"},"schema":{"@context":"https:\/\/schema.org","@graph":[{"@type":"WebPage","@id":"https:\/\/www.librairieclavreuil.com\/en\/mantuan-baptiste-la-parthenice-de-mariane-de-baptiste-mantuan-poete-theologue-de-lordre-de-nostre-dame-des-carmes-traslatee-de-latin-en-francoys\/","url":"https:\/\/www.librairieclavreuil.com\/en\/mantuan-baptiste-la-parthenice-de-mariane-de-baptiste-mantuan-poete-theologue-de-lordre-de-nostre-dame-des-carmes-traslatee-de-latin-en-francoys\/","name":"MANTUAN Baptiste La Parthenice de Mariane de Baptiste Mantuan poete theologue de l'ordre de nostre dame des carmes tr\u00e2slatee de latin en fran\u00e7oys. - Libairie Clavreuil","isPartOf":{"@id":"https:\/\/www.librairieclavreuil.com\/#website"},"primaryImageOfPage":{"@id":"https:\/\/www.librairieclavreuil.com\/en\/mantuan-baptiste-la-parthenice-de-mariane-de-baptiste-mantuan-poete-theologue-de-lordre-de-nostre-dame-des-carmes-traslatee-de-latin-en-francoys\/#primaryimage"},"image":{"@id":"https:\/\/www.librairieclavreuil.com\/en\/mantuan-baptiste-la-parthenice-de-mariane-de-baptiste-mantuan-poete-theologue-de-lordre-de-nostre-dame-des-carmes-traslatee-de-latin-en-francoys\/#primaryimage"},"thumbnailUrl":"https:\/\/www.librairieclavreuil.com\/wp-content\/uploads\/2024\/06\/baptiste-mantuan-la-parthenice-de-mariane-de-baptiste-mantuan-poete-theologue-de-l-ordre-de-nostre-dame-des-carmes-traslatee-de-latin-en-francoys-8330-scaled.jpg","datePublished":"2024-06-11T15:52:42+00:00","dateModified":"2025-08-27T14:52:16+00:00","breadcrumb":{"@id":"https:\/\/www.librairieclavreuil.com\/en\/mantuan-baptiste-la-parthenice-de-mariane-de-baptiste-mantuan-poete-theologue-de-lordre-de-nostre-dame-des-carmes-traslatee-de-latin-en-francoys\/#breadcrumb"},"inLanguage":"en-US","potentialAction":[{"@type":"ReadAction","target":["https:\/\/www.librairieclavreuil.com\/en\/mantuan-baptiste-la-parthenice-de-mariane-de-baptiste-mantuan-poete-theologue-de-lordre-de-nostre-dame-des-carmes-traslatee-de-latin-en-francoys\/"]}]},{"@type":"ImageObject","inLanguage":"en-US","@id":"https:\/\/www.librairieclavreuil.com\/en\/mantuan-baptiste-la-parthenice-de-mariane-de-baptiste-mantuan-poete-theologue-de-lordre-de-nostre-dame-des-carmes-traslatee-de-latin-en-francoys\/#primaryimage","url":"https:\/\/www.librairieclavreuil.com\/wp-content\/uploads\/2024\/06\/baptiste-mantuan-la-parthenice-de-mariane-de-baptiste-mantuan-poete-theologue-de-l-ordre-de-nostre-dame-des-carmes-traslatee-de-latin-en-francoys-8330-scaled.jpg","contentUrl":"https:\/\/www.librairieclavreuil.com\/wp-content\/uploads\/2024\/06\/baptiste-mantuan-la-parthenice-de-mariane-de-baptiste-mantuan-poete-theologue-de-l-ordre-de-nostre-dame-des-carmes-traslatee-de-latin-en-francoys-8330-scaled.jpg","width":1835,"height":2560},{"@type":"BreadcrumbList","@id":"https:\/\/www.librairieclavreuil.com\/en\/mantuan-baptiste-la-parthenice-de-mariane-de-baptiste-mantuan-poete-theologue-de-lordre-de-nostre-dame-des-carmes-traslatee-de-latin-en-francoys\/#breadcrumb","itemListElement":[{"@type":"ListItem","position":1,"name":"Accueil","item":"https:\/\/www.librairieclavreuil.com\/"},{"@type":"ListItem","position":2,"name":"All our books","item":"https:\/\/www.librairieclavreuil.com\/en\/all-our-books\/"},{"@type":"ListItem","position":3,"name":"MANTUAN Baptiste La Parthenice de Mariane de Baptiste..."}]},{"@type":"WebSite","@id":"https:\/\/www.librairieclavreuil.com\/#website","url":"https:\/\/www.librairieclavreuil.com\/","name":"Libairie Clavreuil","description":"Livres anciens, manuscrits rares et \u00e9ditions originales \u2013 Librairie Clavreuil","publisher":{"@id":"https:\/\/www.librairieclavreuil.com\/#organization"},"potentialAction":[{"@type":"SearchAction","target":{"@type":"EntryPoint","urlTemplate":"https:\/\/www.librairieclavreuil.com\/?s={search_term_string}"},"query-input":{"@type":"PropertyValueSpecification","valueRequired":true,"valueName":"search_term_string"}}],"inLanguage":"en-US"},{"@type":"Organization","@id":"https:\/\/www.librairieclavreuil.com\/#organization","name":"Libairie Clavreuil","url":"https:\/\/www.librairieclavreuil.com\/","logo":{"@type":"ImageObject","inLanguage":"en-US","@id":"https:\/\/www.librairieclavreuil.com\/#\/schema\/logo\/image\/","url":"https:\/\/www.librairieclavreuil.com\/wp-content\/uploads\/2021\/06\/cropped-LOGO_PNG_DATE-_gold-512x512-1.png","contentUrl":"https:\/\/www.librairieclavreuil.com\/wp-content\/uploads\/2021\/06\/cropped-LOGO_PNG_DATE-_gold-512x512-1.png","width":512,"height":512,"caption":"Libairie Clavreuil"},"image":{"@id":"https:\/\/www.librairieclavreuil.com\/#\/schema\/logo\/image\/"},"sameAs":["https:\/\/www.instagram.com\/librairieclavreuil\/"]}]}},"jetpack_sharing_enabled":true,"_links":{"self":[{"href":"https:\/\/www.librairieclavreuil.com\/en\/wp-json\/wp\/v2\/product\/78258","targetHints":{"allow":["GET"]}}],"collection":[{"href":"https:\/\/www.librairieclavreuil.com\/en\/wp-json\/wp\/v2\/product"}],"about":[{"href":"https:\/\/www.librairieclavreuil.com\/en\/wp-json\/wp\/v2\/types\/product"}],"replies":[{"embeddable":true,"href":"https:\/\/www.librairieclavreuil.com\/en\/wp-json\/wp\/v2\/comments?post=78258"}],"wp:featuredmedia":[{"embeddable":true,"href":"https:\/\/www.librairieclavreuil.com\/en\/wp-json\/wp\/v2\/media\/78247"}],"wp:attachment":[{"href":"https:\/\/www.librairieclavreuil.com\/en\/wp-json\/wp\/v2\/media?parent=78258"}],"wp:term":[{"taxonomy":"product_brand","embeddable":true,"href":"https:\/\/www.librairieclavreuil.com\/en\/wp-json\/wp\/v2\/product_brand?post=78258"},{"taxonomy":"product_cat","embeddable":true,"href":"https:\/\/www.librairieclavreuil.com\/en\/wp-json\/wp\/v2\/product_cat?post=78258"},{"taxonomy":"product_tag","embeddable":true,"href":"https:\/\/www.librairieclavreuil.com\/en\/wp-json\/wp\/v2\/product_tag?post=78258"}],"curies":[{"name":"wp","href":"https:\/\/api.w.org\/{rel}","templated":true}]}}