{"id":78234,"date":"2024-06-11T17:51:43","date_gmt":"2024-06-11T15:51:43","guid":{"rendered":"https:\/\/www.librairieclavreuil.com\/la-fayette-marie-madeleine-de-la-princesse-de-monpensier\/"},"modified":"2024-06-11T17:51:55","modified_gmt":"2024-06-11T15:51:55","slug":"la-fayette-marie-madeleine-de-la-princesse-de-monpensier","status":"publish","type":"product","link":"https:\/\/www.librairieclavreuil.com\/en\/la-fayette-marie-madeleine-de-la-princesse-de-monpensier\/","title":{"rendered":"LA FAYETTE Marie-Madeleine de La Princesse de Monpensier."},"content":{"rendered":"<p><i>Tchemerzine-Scheler, III, 832.<\/i><\/p>\n<p style=\"text-align:justify\"><span style=\"font-variant:small-caps\">Second, partly original edition, of the first published work by Marie-Madeleine Pioche de la Vergne, comtesse de La Fayette (1634-1693). The copy of the author of the <\/span><i><span style=\"font-variant:small-caps\">Maximes<\/span><\/i><span style=\"font-variant:small-caps\">, Fran\u00e7ois VI de La Rochefoucauld (1613-1680), duc de La Rochefoucauld et de la Roche-Guyon.<\/span><\/p>\n<p style=\"text-align:justify\">A immense publishing success, the <i>Princesse de Monpensier<\/i> is considered a masterpiece in a new literary genre. First published in 1662, this work marks the beginning of the historical novel.<\/p>\n<p style=\"text-align:justify\">&#8220;The publisher warned the reader that any resemblance to living characters was purely coincidental, that it was a question of &#8216;adventures invented for pleasure'&#8221; (see Lafont-Bompiani).<\/p>\n<p style=\"text-align:justify\">Despite this indication, all the characters in this novel are indeed drawn from reality: the Princesse de Monpensier in fact portrays the life of Henriette of England. The young writer drew on Enrico Davila&#8217;s <i>Histoire des guerres civiles de France<\/i> and Fran\u00e7ois de M\u00e9zeray&#8217;s <i>Histoire de la France depuis Pharamond jusqu&#8217;au r\u00e8gne de Louis le Juste<\/i>.<\/p>\n<p style=\"text-align:justify\">An exceptional copy bearing the arms of the author of the <i>Maximes<\/i>, Fran\u00e7ois VI de La Rochefoucauld (1613-1680), Duke of La Rochefoucauld and La Roche-Guyon. This provenance is extremely important given the close relationship between the two writers.<\/p>\n<p style=\"text-align:justify\">&#8220;En 1680 mourut La Rochefoucauld. Si les relations de celui-ci avec Mme de La Fayette restent entour\u00e9es d&#8217;un r\u00e9el myst\u00e8re (prot\u00e9g\u00e9, semble-t-il, par une tacite entente de leurs amis), nous avons pourtant \u00e0 ce sujet un mot r\u00e9v\u00e9lateur de Mme de S\u00e9vign\u00e9 : &#8220;Je crois que nulle passion ne peut surpasser la force d&#8217;une telle liaison.&#8221; Au point de vue litt\u00e9raire et spirituel, ils s&#8217;influenc\u00e8rent r\u00e9ciproquement, car si la concision de La Princesse de Cl\u00e8ves doit certainement beaucoup au duc, Mme de La Fayette adoucit heureusement l&#8217;\u00e9tat d&#8217;esprit jans\u00e9niste que son amiti\u00e9 avec Mme de Sabl\u00e9 avait confirm\u00e9 chez La Rochefoucauld. Peut-\u00eatre m\u00eame le persuada-t-elle d&#8217;att\u00e9nuer plusieurs maximes par trop rigoureuses, et l&#8217;on cite souvent d&#8217;elle cette parole : &#8220;M. de La Rochefoucauld m&#8217;a donn\u00e9 de l&#8217;esprit, mais j&#8217;ai r\u00e9form\u00e9 son c\u0153ur&#8221; (Michel Mourre, La R\u00e9publique des Lettres).<\/p>\n<p>Very fine copy.<\/p>\n","protected":false},"excerpt":{"rendered":"<p style=\"text-align:justify\">12mo (144 x 81 mm) 4 nn.ll., 143 pp. Contemporary speckled calf, blind rule on covers, central coat of arms of Fran\u00e7ois VI de La Rochefoucauld, spine gilt with raised bands, red speckled edges, later morocco slipcase.<\/p>\n","protected":false},"featured_media":78229,"comment_status":"open","ping_status":"closed","template":"","meta":{"_acf_changed":false},"product_brand":[],"product_cat":[544],"product_tag":[1244,1267,1235],"class_list":{"0":"post-78234","1":"product","2":"type-product","3":"status-publish","4":"has-post-thumbnail","6":"product_cat-literature","7":"product_tag-17th-century-literature","8":"product_tag-binding","9":"product_tag-women","10":"pa_auteur-la-fayette-marie-madeleine-de-2","11":"pa_type-de-livre-printed-book","13":"first","14":"outofstock","15":"shipping-taxable","16":"purchasable","17":"product-type-simple"},"acf":{"artist":" Marie-Madeleine de LA FAYETTE","chapeau":"Bound for the author of the  'Maximes'\r\nFran\u00e7ois de La Rochefoucauld","adresse_bibliographique":"Paris, Charles Osmont, 1674","book_type":"Printed book","provenance":"","afficher_prix":""},"yoast_head":"<!-- This site is optimized with the Yoast SEO plugin v24.7 - https:\/\/yoast.com\/wordpress\/plugins\/seo\/ -->\n<title>LA FAYETTE Marie-Madeleine de La Princesse de Monpensier. - Libairie Clavreuil<\/title>\n<meta name=\"robots\" content=\"index, follow, max-snippet:-1, max-image-preview:large, max-video-preview:-1\" \/>\n<link rel=\"canonical\" href=\"https:\/\/www.librairieclavreuil.com\/produit\/la-fayette-marie-madeleine-de-la-princesse-de-monpensier\/\" \/>\n<meta property=\"og:locale\" content=\"en_US\" \/>\n<meta property=\"og:type\" content=\"article\" \/>\n<meta property=\"og:title\" content=\"LA FAYETTE Marie-Madeleine de La Princesse de Monpensier. - Libairie Clavreuil\" \/>\n<meta property=\"og:description\" content=\"12mo (144 x 81 mm) 4 nn.ll., 143 pp. Contemporary speckled calf, blind rule on covers, central coat of arms of Fran\u00e7ois VI de La Rochefoucauld, spine gilt with raised bands, red speckled edges, later morocco slipcase.\" \/>\n<meta property=\"og:url\" content=\"https:\/\/www.librairieclavreuil.com\/produit\/la-fayette-marie-madeleine-de-la-princesse-de-monpensier\/\" \/>\n<meta property=\"og:site_name\" content=\"Libairie Clavreuil\" \/>\n<meta property=\"article:modified_time\" content=\"2024-06-11T15:51:55+00:00\" \/>\n<meta property=\"og:image\" content=\"https:\/\/www.librairieclavreuil.com\/wp-content\/uploads\/2024\/06\/marie-madeleine-de-la-fayette-la-princesse-de-monpensier-7984-6627880b4a4f1.jpg\" \/>\n\t<meta property=\"og:image:width\" content=\"1736\" \/>\n\t<meta property=\"og:image:height\" content=\"2115\" \/>\n\t<meta property=\"og:image:type\" content=\"image\/jpeg\" \/>\n<meta name=\"twitter:card\" content=\"summary_large_image\" \/>\n<meta name=\"twitter:label1\" content=\"Est. reading time\" \/>\n\t<meta name=\"twitter:data1\" content=\"2 minutes\" \/>\n<script type=\"application\/ld+json\" class=\"yoast-schema-graph\">{\"@context\":\"https:\/\/schema.org\",\"@graph\":[{\"@type\":\"WebPage\",\"@id\":\"https:\/\/www.librairieclavreuil.com\/produit\/la-fayette-marie-madeleine-de-la-princesse-de-monpensier\/\",\"url\":\"https:\/\/www.librairieclavreuil.com\/produit\/la-fayette-marie-madeleine-de-la-princesse-de-monpensier\/\",\"name\":\"LA FAYETTE Marie-Madeleine de La Princesse de Monpensier. - Libairie Clavreuil\",\"isPartOf\":{\"@id\":\"https:\/\/www.librairieclavreuil.com\/#website\"},\"primaryImageOfPage\":{\"@id\":\"https:\/\/www.librairieclavreuil.com\/produit\/la-fayette-marie-madeleine-de-la-princesse-de-monpensier\/#primaryimage\"},\"image\":{\"@id\":\"https:\/\/www.librairieclavreuil.com\/produit\/la-fayette-marie-madeleine-de-la-princesse-de-monpensier\/#primaryimage\"},\"thumbnailUrl\":\"https:\/\/www.librairieclavreuil.com\/wp-content\/uploads\/2024\/06\/marie-madeleine-de-la-fayette-la-princesse-de-monpensier-7984-6627880b4a4f1.jpg\",\"datePublished\":\"2024-06-11T15:51:43+00:00\",\"dateModified\":\"2024-06-11T15:51:55+00:00\",\"breadcrumb\":{\"@id\":\"https:\/\/www.librairieclavreuil.com\/produit\/la-fayette-marie-madeleine-de-la-princesse-de-monpensier\/#breadcrumb\"},\"inLanguage\":\"en-US\",\"potentialAction\":[{\"@type\":\"ReadAction\",\"target\":[\"https:\/\/www.librairieclavreuil.com\/produit\/la-fayette-marie-madeleine-de-la-princesse-de-monpensier\/\"]}]},{\"@type\":\"ImageObject\",\"inLanguage\":\"en-US\",\"@id\":\"https:\/\/www.librairieclavreuil.com\/produit\/la-fayette-marie-madeleine-de-la-princesse-de-monpensier\/#primaryimage\",\"url\":\"https:\/\/www.librairieclavreuil.com\/wp-content\/uploads\/2024\/06\/marie-madeleine-de-la-fayette-la-princesse-de-monpensier-7984-6627880b4a4f1.jpg\",\"contentUrl\":\"https:\/\/www.librairieclavreuil.com\/wp-content\/uploads\/2024\/06\/marie-madeleine-de-la-fayette-la-princesse-de-monpensier-7984-6627880b4a4f1.jpg\",\"width\":1736,\"height\":2115},{\"@type\":\"BreadcrumbList\",\"@id\":\"https:\/\/www.librairieclavreuil.com\/produit\/la-fayette-marie-madeleine-de-la-princesse-de-monpensier\/#breadcrumb\",\"itemListElement\":[{\"@type\":\"ListItem\",\"position\":1,\"name\":\"Accueil\",\"item\":\"https:\/\/www.librairieclavreuil.com\/\"},{\"@type\":\"ListItem\",\"position\":2,\"name\":\"All our books\",\"item\":\"https:\/\/www.librairieclavreuil.com\/en\/all-our-books\/\"},{\"@type\":\"ListItem\",\"position\":3,\"name\":\"LA FAYETTE Marie-Madeleine de La Princesse de Monpensier.\"}]},{\"@type\":\"WebSite\",\"@id\":\"https:\/\/www.librairieclavreuil.com\/#website\",\"url\":\"https:\/\/www.librairieclavreuil.com\/\",\"name\":\"Libairie Clavreuil\",\"description\":\"Livres anciens, manuscrits rares et \u00e9ditions originales \u2013 Librairie Clavreuil\",\"publisher\":{\"@id\":\"https:\/\/www.librairieclavreuil.com\/#organization\"},\"potentialAction\":[{\"@type\":\"SearchAction\",\"target\":{\"@type\":\"EntryPoint\",\"urlTemplate\":\"https:\/\/www.librairieclavreuil.com\/?s={search_term_string}\"},\"query-input\":{\"@type\":\"PropertyValueSpecification\",\"valueRequired\":true,\"valueName\":\"search_term_string\"}}],\"inLanguage\":\"en-US\"},{\"@type\":\"Organization\",\"@id\":\"https:\/\/www.librairieclavreuil.com\/#organization\",\"name\":\"Libairie Clavreuil\",\"url\":\"https:\/\/www.librairieclavreuil.com\/\",\"logo\":{\"@type\":\"ImageObject\",\"inLanguage\":\"en-US\",\"@id\":\"https:\/\/www.librairieclavreuil.com\/#\/schema\/logo\/image\/\",\"url\":\"https:\/\/www.librairieclavreuil.com\/wp-content\/uploads\/2021\/06\/cropped-LOGO_PNG_DATE-_gold-512x512-1.png\",\"contentUrl\":\"https:\/\/www.librairieclavreuil.com\/wp-content\/uploads\/2021\/06\/cropped-LOGO_PNG_DATE-_gold-512x512-1.png\",\"width\":512,\"height\":512,\"caption\":\"Libairie Clavreuil\"},\"image\":{\"@id\":\"https:\/\/www.librairieclavreuil.com\/#\/schema\/logo\/image\/\"},\"sameAs\":[\"https:\/\/www.instagram.com\/librairieclavreuil\/\"]}]}<\/script>\n<!-- \/ Yoast SEO plugin. -->","yoast_head_json":{"title":"LA FAYETTE Marie-Madeleine de La Princesse de Monpensier. - Libairie Clavreuil","robots":{"index":"index","follow":"follow","max-snippet":"max-snippet:-1","max-image-preview":"max-image-preview:large","max-video-preview":"max-video-preview:-1"},"canonical":"https:\/\/www.librairieclavreuil.com\/produit\/la-fayette-marie-madeleine-de-la-princesse-de-monpensier\/","og_locale":"en_US","og_type":"article","og_title":"LA FAYETTE Marie-Madeleine de La Princesse de Monpensier. - Libairie Clavreuil","og_description":"12mo (144 x 81 mm) 4 nn.ll., 143 pp. Contemporary speckled calf, blind rule on covers, central coat of arms of Fran\u00e7ois VI de La Rochefoucauld, spine gilt with raised bands, red speckled edges, later morocco slipcase.","og_url":"https:\/\/www.librairieclavreuil.com\/produit\/la-fayette-marie-madeleine-de-la-princesse-de-monpensier\/","og_site_name":"Libairie Clavreuil","article_modified_time":"2024-06-11T15:51:55+00:00","og_image":[{"width":1736,"height":2115,"url":"https:\/\/www.librairieclavreuil.com\/wp-content\/uploads\/2024\/06\/marie-madeleine-de-la-fayette-la-princesse-de-monpensier-7984-6627880b4a4f1.jpg","type":"image\/jpeg"}],"twitter_card":"summary_large_image","twitter_misc":{"Est. reading time":"2 minutes"},"schema":{"@context":"https:\/\/schema.org","@graph":[{"@type":"WebPage","@id":"https:\/\/www.librairieclavreuil.com\/produit\/la-fayette-marie-madeleine-de-la-princesse-de-monpensier\/","url":"https:\/\/www.librairieclavreuil.com\/produit\/la-fayette-marie-madeleine-de-la-princesse-de-monpensier\/","name":"LA FAYETTE Marie-Madeleine de La Princesse de Monpensier. - Libairie Clavreuil","isPartOf":{"@id":"https:\/\/www.librairieclavreuil.com\/#website"},"primaryImageOfPage":{"@id":"https:\/\/www.librairieclavreuil.com\/produit\/la-fayette-marie-madeleine-de-la-princesse-de-monpensier\/#primaryimage"},"image":{"@id":"https:\/\/www.librairieclavreuil.com\/produit\/la-fayette-marie-madeleine-de-la-princesse-de-monpensier\/#primaryimage"},"thumbnailUrl":"https:\/\/www.librairieclavreuil.com\/wp-content\/uploads\/2024\/06\/marie-madeleine-de-la-fayette-la-princesse-de-monpensier-7984-6627880b4a4f1.jpg","datePublished":"2024-06-11T15:51:43+00:00","dateModified":"2024-06-11T15:51:55+00:00","breadcrumb":{"@id":"https:\/\/www.librairieclavreuil.com\/produit\/la-fayette-marie-madeleine-de-la-princesse-de-monpensier\/#breadcrumb"},"inLanguage":"en-US","potentialAction":[{"@type":"ReadAction","target":["https:\/\/www.librairieclavreuil.com\/produit\/la-fayette-marie-madeleine-de-la-princesse-de-monpensier\/"]}]},{"@type":"ImageObject","inLanguage":"en-US","@id":"https:\/\/www.librairieclavreuil.com\/produit\/la-fayette-marie-madeleine-de-la-princesse-de-monpensier\/#primaryimage","url":"https:\/\/www.librairieclavreuil.com\/wp-content\/uploads\/2024\/06\/marie-madeleine-de-la-fayette-la-princesse-de-monpensier-7984-6627880b4a4f1.jpg","contentUrl":"https:\/\/www.librairieclavreuil.com\/wp-content\/uploads\/2024\/06\/marie-madeleine-de-la-fayette-la-princesse-de-monpensier-7984-6627880b4a4f1.jpg","width":1736,"height":2115},{"@type":"BreadcrumbList","@id":"https:\/\/www.librairieclavreuil.com\/produit\/la-fayette-marie-madeleine-de-la-princesse-de-monpensier\/#breadcrumb","itemListElement":[{"@type":"ListItem","position":1,"name":"Accueil","item":"https:\/\/www.librairieclavreuil.com\/"},{"@type":"ListItem","position":2,"name":"All our books","item":"https:\/\/www.librairieclavreuil.com\/en\/all-our-books\/"},{"@type":"ListItem","position":3,"name":"LA FAYETTE Marie-Madeleine de La Princesse de Monpensier."}]},{"@type":"WebSite","@id":"https:\/\/www.librairieclavreuil.com\/#website","url":"https:\/\/www.librairieclavreuil.com\/","name":"Libairie Clavreuil","description":"Livres anciens, manuscrits rares et \u00e9ditions originales \u2013 Librairie Clavreuil","publisher":{"@id":"https:\/\/www.librairieclavreuil.com\/#organization"},"potentialAction":[{"@type":"SearchAction","target":{"@type":"EntryPoint","urlTemplate":"https:\/\/www.librairieclavreuil.com\/?s={search_term_string}"},"query-input":{"@type":"PropertyValueSpecification","valueRequired":true,"valueName":"search_term_string"}}],"inLanguage":"en-US"},{"@type":"Organization","@id":"https:\/\/www.librairieclavreuil.com\/#organization","name":"Libairie Clavreuil","url":"https:\/\/www.librairieclavreuil.com\/","logo":{"@type":"ImageObject","inLanguage":"en-US","@id":"https:\/\/www.librairieclavreuil.com\/#\/schema\/logo\/image\/","url":"https:\/\/www.librairieclavreuil.com\/wp-content\/uploads\/2021\/06\/cropped-LOGO_PNG_DATE-_gold-512x512-1.png","contentUrl":"https:\/\/www.librairieclavreuil.com\/wp-content\/uploads\/2021\/06\/cropped-LOGO_PNG_DATE-_gold-512x512-1.png","width":512,"height":512,"caption":"Libairie Clavreuil"},"image":{"@id":"https:\/\/www.librairieclavreuil.com\/#\/schema\/logo\/image\/"},"sameAs":["https:\/\/www.instagram.com\/librairieclavreuil\/"]}]}},"jetpack_sharing_enabled":true,"_links":{"self":[{"href":"https:\/\/www.librairieclavreuil.com\/en\/wp-json\/wp\/v2\/product\/78234","targetHints":{"allow":["GET"]}}],"collection":[{"href":"https:\/\/www.librairieclavreuil.com\/en\/wp-json\/wp\/v2\/product"}],"about":[{"href":"https:\/\/www.librairieclavreuil.com\/en\/wp-json\/wp\/v2\/types\/product"}],"replies":[{"embeddable":true,"href":"https:\/\/www.librairieclavreuil.com\/en\/wp-json\/wp\/v2\/comments?post=78234"}],"wp:featuredmedia":[{"embeddable":true,"href":"https:\/\/www.librairieclavreuil.com\/en\/wp-json\/wp\/v2\/media\/78229"}],"wp:attachment":[{"href":"https:\/\/www.librairieclavreuil.com\/en\/wp-json\/wp\/v2\/media?parent=78234"}],"wp:term":[{"taxonomy":"product_brand","embeddable":true,"href":"https:\/\/www.librairieclavreuil.com\/en\/wp-json\/wp\/v2\/product_brand?post=78234"},{"taxonomy":"product_cat","embeddable":true,"href":"https:\/\/www.librairieclavreuil.com\/en\/wp-json\/wp\/v2\/product_cat?post=78234"},{"taxonomy":"product_tag","embeddable":true,"href":"https:\/\/www.librairieclavreuil.com\/en\/wp-json\/wp\/v2\/product_tag?post=78234"}],"curies":[{"name":"wp","href":"https:\/\/api.w.org\/{rel}","templated":true}]}}