{"id":78228,"date":"2024-06-11T17:39:51","date_gmt":"2024-06-11T15:39:51","guid":{"rendered":"https:\/\/www.librairieclavreuil.com\/jesuites-lettres-edifiantes-et-curieuses-ecrites-des-missions-etrangeres-par-quelques-missionnaires-de-la-compagnie-de-jesus\/"},"modified":"2025-08-27T16:11:06","modified_gmt":"2025-08-27T14:11:06","slug":"jesuites-lettres-edifiantes-et-curieuses-ecrites-des-missions-etrangeres-par-quelques-missionnaires-de-la-compagnie-de-jesus","status":"publish","type":"product","link":"https:\/\/www.librairieclavreuil.com\/en\/jesuites-lettres-edifiantes-et-curieuses-ecrites-des-missions-etrangeres-par-quelques-missionnaires-de-la-compagnie-de-jesus\/","title":{"rendered":"JESUITES Lettres \u00e9difiantes et curieuses, \u00e9crites des missions..."},"content":{"rendered":"<p style=\"text-align:justify\"><i>Sabin, 40697 ; de Backer-Sommervogel, III, 1514 (under the name of the editor Le Gobien with only parts I \u00e0 XXVI) &#8211; V, 35-36 (for the parts edited by Du Halde)- VI, 353-354 (for the volumes edited by Father Patouillet) ; Alden-Landis, 703\/78) ; Cordier, Sinica, 927-930 ; Streeter collection, vol. IV, 2424 (only part V with the map by Kino on California, published in 1705) ; Hill, 1014 (only 2nd edition, 1780-1783) ; L\u00f6wendahl, p. XLV, number &#8216;b&#8217; &amp; 299 (7), 301 (8), 324 (3), 328 (11), 330-331 (1-2), 335 (13), 337 (14), 340 (15) 343 (6), 346 (16) 347 (5), 353 (17), 358 (18), 360 (19), 367 (9), 370 (20), 376 (10), 387 (21), 400 (22), 405 (23), 410 (24), 418 (12), 419 (25), 426 (26), 451 (27), 495 (28), 579-580 (31-32), 590-591 (33-34).<\/i><\/p>\n<p style=\"text-align:justify\"><span style=\"font-variant:small-caps\">An extremely rare copy of this compendium of knowledge gathered by Jesuit travellers in the 18th century. It is complete with all 34 volumes, most of which are original editions.<\/span><\/p>\n<p style=\"text-align:justify\">Volumes VIII, XII, and XIII-XXXIV in first edition; the others in re-issues.<\/p>\n<p style=\"text-align:justify\">The<i> Lettres \u00e9difiantes<\/i> are a system of correspondence established by Ignatius of Loyola, founder of the Society of Jesus, in which missionaries provide news and details about the countries they visit. Initially published individually, it was Father Le Gobien (1652\u20131708) from Brittany who began publishing them systematically in 1702.<\/p>\n<p style=\"text-align:justify\">This monumental series, begun under the direction of Charles Le Gobien, was intended to provide a history of the Jesuit missions and news from China. Subsequently, reports from numerous missionary missives from the Jesuit Company from all the regions where they were active were added, with information on science, medicine, natural history, technology and geography, as well as theological issues. After Le Gobien, the editorship passed to Jean-Baptiste du Halde, a great supporter of Jesuit science as a means of gaining imperial favour in China, and then to several other editors until the publication of the last volume in 1776.<\/p>\n<p style=\"text-align:justify\">Each letter is preceded by a preface to the French Jesuit fathers. These prefaces are not reproduced in other editions. Volume V contains the very important letter from Father Fran\u00e7ois Mari Picolo on California, illustrated with a map drawn up by Kino with details on California, the Gulf of California, and New Mexico, with the locations of several Indian tribes (Apaches, Alchedomas, Quiquimas, Yumas, Cocmaricopas, and others). &#8220;The map is the famous Kino map of California, which appeared for the first time in this book. The map is remarkably accurate, and remained the best map of much of the area until the twentieth century&#8221; (Streeter).<\/p>\n<p style=\"text-align:justify\">There were many authors of the letters published, some of whom are listed below: for China, Fathers Contancin, Premare, Parennin, Gaubil, d&#8217;Entrecolles, Amiot and Cibot; for the East Indies, Fathers Bouchet, Tachard, Pons, Martin and de Bourzes; for the Americas, Fathers Rasles, Marest, du Poisson, Le Petit, Fauque, Lombard and Ch\u00f4m\u00e9; for the Levant, Fathers Siccard, Souciet, Chabert and Fromage.<\/p>\n<p style=\"text-align:justify\">&#8220;The Lettres are the most valuable 18th-century source on Jesuit activities in frontier regions throughout the world&#8221; (Hill).<\/p>\n<p style=\"text-align:justify\">Some edifying letters were sent from India, where a major mission had developed. As in China, a quarrel over rites had taken hold of the missionaries, to their detriment. &#8220;A quarrel over Malabar rites developed in the East Indies, over a question of cultural adaptation. Whereas in China they resembled mandarins, in India the Jesuits presented themselves as &#8216;Saniassi Brahmins&#8217; from the North. They had to abide by the laws of the castes and adapted the religious ceremonies somewhat to Indian society. Their attitude led to protests, complicated by diplomatic difficulties with the Portuguese in India. Less resounding than the Chinese affair, this quarrel raged at the beginning of the seventeenth century, and resurfaced in 1703 with the mandate of Father Mailla de Tournon, legate of the Holy See; but there the local clergy was to calm the conflict&#8221; (see : Dictionnaire des journaux 1600-1789).<\/p>\n<p style=\"text-align:justify\">The iconography consists of an engraved portrait of Father Verjus (bound as a frontispiece) and 38 plates (maps, views and natural history), including the famous map of California, a large map (2 parts) of Tong King, a map of the Philippines and the Mariana Islands, two maps of Peru, the Amazon River, Formosa, India, etc. A large fold-out plate (volume XXIV) shows the beheading of four Jesuit fathers, notably Barth\u00e9l\u00e9my Alvarez, Emmanuel de Abreu, Jean Gaspard Cratz, and Vincent da Cunha at Tong King on 12 January 1737. Another (volume XII) illustrates Catherine Tekah Ko\u00efta &#8220;Iroquois woman who died in the odour of sanctity in Canada&#8221;.<\/p>\n<p style=\"text-align:justify\">A very good copy, despite minor occasional worming: beginning of volumes V, VII, XIV, XVI (notably in the last 3 quires), XVII slightly waterstained.<\/p>\n<p style=\"text-align:justify\">Copies complete with all volumes, the portrait and all 38 engravings are extremely rare. Lowendahl (who was missing a map in volume 27) mentions 2 maps for volume 8 (we have one), 2 maps for volume 11 (we have one). The digitised copies of volumes 8 and 11 in the Bayerische Staatsbibliothek are like ours (each illustrated with a single map). The only complete copy recently offered for sale contained the same number of plates as here (portrait and 38 plates and maps in total). Another (Duc d&#8217;Aumont copy, auctioned in 2020) contained only the portrait and 36 plates. The classic bibliographies (de Backer and Cordier) do not give a detailed collation and do not list any plates, maps or portraits.<\/p>\n<p>Detailed collation on request<\/p>\n<p style=\"text-align:justify\">Detailed collation : 34 parts in 32 volumes, 12mo (160 x 90 mm). I-II (Le Clerc, 1717) : portrait frontispiece, 12 nn.ll., 136 pp., 4 nn.ll., 4 nn.ll., 194 pp., 12 nn.ll.. III-IV (Le Mercier, 1713) : title, X, 224pp., 2 nn.ll., XIX, 195 pp. V (Le Clerc, 1724) : 16 nn.ll., 287 pp., 2 nn.ll. (privilege), 1 engraved folding map (trail to California) ; VI (Le Clerc, 1723) : LXIV, 2 nn.ll., 250 pp., 3 nn.ll. (privilege), 1 engraved folding map (New Philippines) ; VII (Le Clerc, 1707) : 14 nn.ll., 366 pp., 2 nn.ll. (index), 2 engraved foldin maps (Terre de Feu, d\u00e9troits de Magellan et de Le Maire ; Mer du Sud) ; VIII (Le Clerc, 1708) : 132, 343 pp., 3 nn.ll., 1 engraved folding map (Nangasaki); IX (Le Clerc, 1730) : XXIV, 431 pp., 6 nn.ll. (final blank); X (Le Clerc, 1732) 16 nn.ll., 439 pp., 4 nn.ll., 2 engraved folding plates (chinese symbols ; Ginseng plant) ; XI (Le Clerc, 1715) : 12 nn.ll., 428 pp., 3 nn.ll., 1 engraved folding map (Philippines &amp; Mariane Islands) ; XII (Le Mercier &amp; Boudet, 1741) : title, XXVIII, 447 pp., 1 nn.l. (approbation), 2 engraved folding maps (Mission des Moxes dans le P\u00e9rou ; cours du fleuve Maragnon), 5 engraved plates (Missionnaire aux Indes ; Rang Mouttou, fils d&#8217;un roi de Madur\u00e9 ; Brame premier ministre de Madur\u00e9 ; Catherine Tekah Ko\u00efta Iroquoise morte en odeur de saintet\u00e9 dans le Canada ; plan de la ville et de la rivi\u00e8re Ganjam); XIII (Le Mercier, 1718): XXIII, 436 pp., 4 nn.ll., (index and privilege); XIV (Le Clerc, 1720) : XXVII pp., 1 nn.l. (errata &amp; privilege), 499 pp., 4 nn.ll. (index &amp; privilege), 3 engraved folding maps (carte des \u00eeles Ponghou ; carte de ce qui appartient \u00e0 l\u2019empereur de la Chine\u2026 \u00eele Formose; plan du fort de Z\u00e9lande \u00e0 Formose); XV (Le Clerc, 1722) : XL, 418 pp., 5 nn.ll., (index &amp; privilege), 1 engraved folding map (carte des mission des pp. J\u00e9suites dans le Madur\u00e9); XVI (Le Clerc, 1724) : XLIV (pp. 41-44 misbound at the beginning) 411 pp., 6 nn.ll. (index &amp; privilege), 1 engraved folding map \/plan grav\u00e9es d\u00e9pliante (plan de l\u2019\u00eele d\u2019Orl\u00e9ans), 3 engraved folding plates (vue ile de Bourbon ; l\u00e9zard et \u00e9cureuil volants ; poisson cornu), 4 single plates (depicting a variety of crosses); XVII (Le Clerc, 1726) : XXXIV pp., 1 nn.l. (approbation), 446 pp., 7 nn.ll. (index &amp; privilege); XVIII (Le Clerc, 1728) : XLII pp., 3 nn.ll., (approbation), 463 pp., 6 nn.ll. (index), 1 engraved folding map (Nouvelle carte des \u00eeles Carolines); XIX (Le Clerc, 1729) : XXVIII, 506 pp., 7 nn.ll., (index &amp; approbation); XX (Le Clerc, 1731) : XLVIII, 449 pp., 8 nn.ll., (index &amp; privilege); XXI (Le Clerc, 1734): XLI, 486 pp., 7 nn.ll., (index &amp; privilege), 1 engraved folding map (le Paraguay); XXII (Le Clerc, 1736): L pp., 1 nn.l. (approbation), 480 pp., 6 nn.ll. (index &amp; privilege); XXIII (Le Clerc, 1738): XXVIII, 519 pp., 8 nn.ll. (index &amp; privilege), 1engraved folding map (Nouvelle carte d\u2019une grande partie de la presqu\u2019\u00eele des Indes en de\u00e7\u00e0 du Gange); XXIV (Le Clerc, 1739) : XXVIII pp., 4 nn.ll., (privilege), 444 pp., 6 nn.ll., (index), 1 engraved folding plate (quatre missionnaires j\u00e9suites\u2026 qui ont eu la t\u00eate tranch\u00e9e); XXV (Le Mercier &amp; Boudet, 1741): XXXII pp., 4 nn.ll. (approbation &amp; privilege), 486 pp., 1 nn.l.; XXVI (Le Mercier, 1743) : title, XXXI pp., 1 nn.l. (approbation), 458 pp., 1 engraved folding plate (mollusque p\u00e9trifi\u00e9); XXVII (fr\u00e8res Gu\u00e9rin, 1749) : XLIII pp., 2 nn.ll. (privilege), 480 pp., 1 engraved folding map (carte des envirions du cap Fran\u00e7ois [St Domingue]), 1 engraved folding plate (Chayaver plant); XXVIII (H.L. Gu\u00e9rin &amp; L.F. Delatour, 1758) : LXXXVIII, 451 pp., 1 engraved folding map (carte des \u00eeles Lieou-Kieou); XXIX (Ruault, 1773) : XXIV, 379 pp. XXX (Ruault, 1773): 2 nn.ll., 410 pp., 1 nn.l. (privilege); XXXI (de Hansy, 1774) : XVI, 390 pp., 1 nn.l. (privilege), 2 engraved folding maps (2 mapd of Tong-King), 1 woodcut folding plate with typographical (column in the synagogue at Cai-Fong-Fou); XXXII (de Hansy, 1774) : XII, 394 pp. 1 nn.l.(privilege); XXXIII (Charles-Pierre Berton, 1776): XII, 443 pp.; XXXIV (Charles-Pierre Berton, 1776): XXIV, 402 pp.<\/p>\n","protected":false},"excerpt":{"rendered":"<p style=\"text-align:justify\">34 parts in 32 volumes, 12mo (160 x 90 mm). Almost uniformly bound (except for <i>Letters<\/i>&nbsp;VI, XXI, XXVII, XXVIII) in contemporary marbled calf, spine gilt with raised bands, red edges (skilfully restored).<\/p>\n","protected":false},"featured_media":78213,"comment_status":"open","ping_status":"closed","template":"","meta":{"_acf_changed":false},"product_brand":[],"product_cat":[552],"product_tag":[620],"class_list":{"0":"post-78228","1":"product","2":"type-product","3":"status-publish","4":"has-post-thumbnail","6":"product_cat-travel","7":"product_tag-travel","8":"pa_auteur-jesuites-2","9":"pa_type-de-livre-printed-book","11":"first","12":"instock","13":"shipping-taxable","14":"purchasable","15":"product-type-simple"},"acf":{"artist":"JESUITES","chapeau":"","adresse_bibliographique":"Paris, Nicolas Le Clerc, Le Mercier, Boudet, Gu\u00e9rin, Ruault, de Hansy, Berton, 1707-1776","book_type":"Printed book","provenance":"","afficher_prix":""},"yoast_head":"<!-- This site is optimized with the Yoast SEO plugin v24.7 - https:\/\/yoast.com\/wordpress\/plugins\/seo\/ -->\n<title>JESUITES  Lettres \u00e9difiantes et curieuses, \u00e9crites des missions \u00e9trang\u00e8res, par quelques missionnaires de la Compagnie de J\u00e9sus. - Libairie Clavreuil<\/title>\n<meta name=\"robots\" content=\"index, follow, max-snippet:-1, max-image-preview:large, max-video-preview:-1\" \/>\n<link rel=\"canonical\" href=\"https:\/\/www.librairieclavreuil.com\/en\/jesuites-lettres-edifiantes-et-curieuses-ecrites-des-missions-etrangeres-par-quelques-missionnaires-de-la-compagnie-de-jesus\/\" \/>\n<meta property=\"og:locale\" content=\"en_US\" \/>\n<meta property=\"og:type\" content=\"article\" \/>\n<meta property=\"og:title\" content=\"JESUITES  Lettres \u00e9difiantes et curieuses, \u00e9crites des missions \u00e9trang\u00e8res, par quelques missionnaires de la Compagnie de J\u00e9sus. - Libairie Clavreuil\" \/>\n<meta property=\"og:description\" content=\"34 parts in 32 volumes, 12mo (160 x 90 mm). Almost uniformly bound (except for Letters&nbsp;VI, XXI, XXVII, XXVIII) in contemporary marbled calf, spine gilt with raised bands, red edges (skilfully restored).\" \/>\n<meta property=\"og:url\" content=\"https:\/\/www.librairieclavreuil.com\/en\/jesuites-lettres-edifiantes-et-curieuses-ecrites-des-missions-etrangeres-par-quelques-missionnaires-de-la-compagnie-de-jesus\/\" \/>\n<meta property=\"og:site_name\" content=\"Libairie Clavreuil\" \/>\n<meta property=\"article:modified_time\" content=\"2025-08-27T14:11:06+00:00\" \/>\n<meta property=\"og:image\" content=\"https:\/\/www.librairieclavreuil.com\/wp-content\/uploads\/2024\/06\/jesuites-lettres-edifiantes-et-curieuses-ecrites-des-missions-etrangeres-par-quelques-missionnaires-de-la-compagnie-de-jesus-8336-6659f027b5da6-890x1024.jpg\" \/>\n\t<meta property=\"og:image:width\" content=\"890\" \/>\n\t<meta property=\"og:image:height\" content=\"1024\" \/>\n\t<meta property=\"og:image:type\" content=\"image\/jpeg\" \/>\n<meta name=\"twitter:card\" content=\"summary_large_image\" \/>\n<meta name=\"twitter:label1\" content=\"Est. reading time\" \/>\n\t<meta name=\"twitter:data1\" content=\"7 minutes\" \/>\n<script type=\"application\/ld+json\" class=\"yoast-schema-graph\">{\"@context\":\"https:\/\/schema.org\",\"@graph\":[{\"@type\":\"WebPage\",\"@id\":\"https:\/\/www.librairieclavreuil.com\/en\/jesuites-lettres-edifiantes-et-curieuses-ecrites-des-missions-etrangeres-par-quelques-missionnaires-de-la-compagnie-de-jesus\/\",\"url\":\"https:\/\/www.librairieclavreuil.com\/en\/jesuites-lettres-edifiantes-et-curieuses-ecrites-des-missions-etrangeres-par-quelques-missionnaires-de-la-compagnie-de-jesus\/\",\"name\":\"JESUITES Lettres \u00e9difiantes et curieuses, \u00e9crites des missions \u00e9trang\u00e8res, par quelques missionnaires de la Compagnie de J\u00e9sus. - Libairie Clavreuil\",\"isPartOf\":{\"@id\":\"https:\/\/www.librairieclavreuil.com\/#website\"},\"primaryImageOfPage\":{\"@id\":\"https:\/\/www.librairieclavreuil.com\/en\/jesuites-lettres-edifiantes-et-curieuses-ecrites-des-missions-etrangeres-par-quelques-missionnaires-de-la-compagnie-de-jesus\/#primaryimage\"},\"image\":{\"@id\":\"https:\/\/www.librairieclavreuil.com\/en\/jesuites-lettres-edifiantes-et-curieuses-ecrites-des-missions-etrangeres-par-quelques-missionnaires-de-la-compagnie-de-jesus\/#primaryimage\"},\"thumbnailUrl\":\"https:\/\/www.librairieclavreuil.com\/wp-content\/uploads\/2024\/06\/jesuites-lettres-edifiantes-et-curieuses-ecrites-des-missions-etrangeres-par-quelques-missionnaires-de-la-compagnie-de-jesus-8336-6659f027b5da6.jpg\",\"datePublished\":\"2024-06-11T15:39:51+00:00\",\"dateModified\":\"2025-08-27T14:11:06+00:00\",\"breadcrumb\":{\"@id\":\"https:\/\/www.librairieclavreuil.com\/en\/jesuites-lettres-edifiantes-et-curieuses-ecrites-des-missions-etrangeres-par-quelques-missionnaires-de-la-compagnie-de-jesus\/#breadcrumb\"},\"inLanguage\":\"en-US\",\"potentialAction\":[{\"@type\":\"ReadAction\",\"target\":[\"https:\/\/www.librairieclavreuil.com\/en\/jesuites-lettres-edifiantes-et-curieuses-ecrites-des-missions-etrangeres-par-quelques-missionnaires-de-la-compagnie-de-jesus\/\"]}]},{\"@type\":\"ImageObject\",\"inLanguage\":\"en-US\",\"@id\":\"https:\/\/www.librairieclavreuil.com\/en\/jesuites-lettres-edifiantes-et-curieuses-ecrites-des-missions-etrangeres-par-quelques-missionnaires-de-la-compagnie-de-jesus\/#primaryimage\",\"url\":\"https:\/\/www.librairieclavreuil.com\/wp-content\/uploads\/2024\/06\/jesuites-lettres-edifiantes-et-curieuses-ecrites-des-missions-etrangeres-par-quelques-missionnaires-de-la-compagnie-de-jesus-8336-6659f027b5da6.jpg\",\"contentUrl\":\"https:\/\/www.librairieclavreuil.com\/wp-content\/uploads\/2024\/06\/jesuites-lettres-edifiantes-et-curieuses-ecrites-des-missions-etrangeres-par-quelques-missionnaires-de-la-compagnie-de-jesus-8336-6659f027b5da6.jpg\",\"width\":1645,\"height\":1893},{\"@type\":\"BreadcrumbList\",\"@id\":\"https:\/\/www.librairieclavreuil.com\/en\/jesuites-lettres-edifiantes-et-curieuses-ecrites-des-missions-etrangeres-par-quelques-missionnaires-de-la-compagnie-de-jesus\/#breadcrumb\",\"itemListElement\":[{\"@type\":\"ListItem\",\"position\":1,\"name\":\"Accueil\",\"item\":\"https:\/\/www.librairieclavreuil.com\/\"},{\"@type\":\"ListItem\",\"position\":2,\"name\":\"All our books\",\"item\":\"https:\/\/www.librairieclavreuil.com\/en\/all-our-books\/\"},{\"@type\":\"ListItem\",\"position\":3,\"name\":\"JESUITES Lettres \u00e9difiantes et curieuses, \u00e9crites des missions...\"}]},{\"@type\":\"WebSite\",\"@id\":\"https:\/\/www.librairieclavreuil.com\/#website\",\"url\":\"https:\/\/www.librairieclavreuil.com\/\",\"name\":\"Libairie Clavreuil\",\"description\":\"Livres anciens, manuscrits rares et \u00e9ditions originales \u2013 Librairie Clavreuil\",\"publisher\":{\"@id\":\"https:\/\/www.librairieclavreuil.com\/#organization\"},\"potentialAction\":[{\"@type\":\"SearchAction\",\"target\":{\"@type\":\"EntryPoint\",\"urlTemplate\":\"https:\/\/www.librairieclavreuil.com\/?s={search_term_string}\"},\"query-input\":{\"@type\":\"PropertyValueSpecification\",\"valueRequired\":true,\"valueName\":\"search_term_string\"}}],\"inLanguage\":\"en-US\"},{\"@type\":\"Organization\",\"@id\":\"https:\/\/www.librairieclavreuil.com\/#organization\",\"name\":\"Libairie Clavreuil\",\"url\":\"https:\/\/www.librairieclavreuil.com\/\",\"logo\":{\"@type\":\"ImageObject\",\"inLanguage\":\"en-US\",\"@id\":\"https:\/\/www.librairieclavreuil.com\/#\/schema\/logo\/image\/\",\"url\":\"https:\/\/www.librairieclavreuil.com\/wp-content\/uploads\/2021\/06\/cropped-LOGO_PNG_DATE-_gold-512x512-1.png\",\"contentUrl\":\"https:\/\/www.librairieclavreuil.com\/wp-content\/uploads\/2021\/06\/cropped-LOGO_PNG_DATE-_gold-512x512-1.png\",\"width\":512,\"height\":512,\"caption\":\"Libairie Clavreuil\"},\"image\":{\"@id\":\"https:\/\/www.librairieclavreuil.com\/#\/schema\/logo\/image\/\"},\"sameAs\":[\"https:\/\/www.instagram.com\/librairieclavreuil\/\"]}]}<\/script>\n<!-- \/ Yoast SEO plugin. -->","yoast_head_json":{"title":"JESUITES  Lettres \u00e9difiantes et curieuses, \u00e9crites des missions \u00e9trang\u00e8res, par quelques missionnaires de la Compagnie de J\u00e9sus. - Libairie Clavreuil","robots":{"index":"index","follow":"follow","max-snippet":"max-snippet:-1","max-image-preview":"max-image-preview:large","max-video-preview":"max-video-preview:-1"},"canonical":"https:\/\/www.librairieclavreuil.com\/en\/jesuites-lettres-edifiantes-et-curieuses-ecrites-des-missions-etrangeres-par-quelques-missionnaires-de-la-compagnie-de-jesus\/","og_locale":"en_US","og_type":"article","og_title":"JESUITES  Lettres \u00e9difiantes et curieuses, \u00e9crites des missions \u00e9trang\u00e8res, par quelques missionnaires de la Compagnie de J\u00e9sus. - Libairie Clavreuil","og_description":"34 parts in 32 volumes, 12mo (160 x 90 mm). Almost uniformly bound (except for Letters&nbsp;VI, XXI, XXVII, XXVIII) in contemporary marbled calf, spine gilt with raised bands, red edges (skilfully restored).","og_url":"https:\/\/www.librairieclavreuil.com\/en\/jesuites-lettres-edifiantes-et-curieuses-ecrites-des-missions-etrangeres-par-quelques-missionnaires-de-la-compagnie-de-jesus\/","og_site_name":"Libairie Clavreuil","article_modified_time":"2025-08-27T14:11:06+00:00","og_image":[{"width":890,"height":1024,"url":"https:\/\/www.librairieclavreuil.com\/wp-content\/uploads\/2024\/06\/jesuites-lettres-edifiantes-et-curieuses-ecrites-des-missions-etrangeres-par-quelques-missionnaires-de-la-compagnie-de-jesus-8336-6659f027b5da6-890x1024.jpg","type":"image\/jpeg"}],"twitter_card":"summary_large_image","twitter_misc":{"Est. reading time":"7 minutes"},"schema":{"@context":"https:\/\/schema.org","@graph":[{"@type":"WebPage","@id":"https:\/\/www.librairieclavreuil.com\/en\/jesuites-lettres-edifiantes-et-curieuses-ecrites-des-missions-etrangeres-par-quelques-missionnaires-de-la-compagnie-de-jesus\/","url":"https:\/\/www.librairieclavreuil.com\/en\/jesuites-lettres-edifiantes-et-curieuses-ecrites-des-missions-etrangeres-par-quelques-missionnaires-de-la-compagnie-de-jesus\/","name":"JESUITES Lettres \u00e9difiantes et curieuses, \u00e9crites des missions \u00e9trang\u00e8res, par quelques missionnaires de la Compagnie de J\u00e9sus. - Libairie Clavreuil","isPartOf":{"@id":"https:\/\/www.librairieclavreuil.com\/#website"},"primaryImageOfPage":{"@id":"https:\/\/www.librairieclavreuil.com\/en\/jesuites-lettres-edifiantes-et-curieuses-ecrites-des-missions-etrangeres-par-quelques-missionnaires-de-la-compagnie-de-jesus\/#primaryimage"},"image":{"@id":"https:\/\/www.librairieclavreuil.com\/en\/jesuites-lettres-edifiantes-et-curieuses-ecrites-des-missions-etrangeres-par-quelques-missionnaires-de-la-compagnie-de-jesus\/#primaryimage"},"thumbnailUrl":"https:\/\/www.librairieclavreuil.com\/wp-content\/uploads\/2024\/06\/jesuites-lettres-edifiantes-et-curieuses-ecrites-des-missions-etrangeres-par-quelques-missionnaires-de-la-compagnie-de-jesus-8336-6659f027b5da6.jpg","datePublished":"2024-06-11T15:39:51+00:00","dateModified":"2025-08-27T14:11:06+00:00","breadcrumb":{"@id":"https:\/\/www.librairieclavreuil.com\/en\/jesuites-lettres-edifiantes-et-curieuses-ecrites-des-missions-etrangeres-par-quelques-missionnaires-de-la-compagnie-de-jesus\/#breadcrumb"},"inLanguage":"en-US","potentialAction":[{"@type":"ReadAction","target":["https:\/\/www.librairieclavreuil.com\/en\/jesuites-lettres-edifiantes-et-curieuses-ecrites-des-missions-etrangeres-par-quelques-missionnaires-de-la-compagnie-de-jesus\/"]}]},{"@type":"ImageObject","inLanguage":"en-US","@id":"https:\/\/www.librairieclavreuil.com\/en\/jesuites-lettres-edifiantes-et-curieuses-ecrites-des-missions-etrangeres-par-quelques-missionnaires-de-la-compagnie-de-jesus\/#primaryimage","url":"https:\/\/www.librairieclavreuil.com\/wp-content\/uploads\/2024\/06\/jesuites-lettres-edifiantes-et-curieuses-ecrites-des-missions-etrangeres-par-quelques-missionnaires-de-la-compagnie-de-jesus-8336-6659f027b5da6.jpg","contentUrl":"https:\/\/www.librairieclavreuil.com\/wp-content\/uploads\/2024\/06\/jesuites-lettres-edifiantes-et-curieuses-ecrites-des-missions-etrangeres-par-quelques-missionnaires-de-la-compagnie-de-jesus-8336-6659f027b5da6.jpg","width":1645,"height":1893},{"@type":"BreadcrumbList","@id":"https:\/\/www.librairieclavreuil.com\/en\/jesuites-lettres-edifiantes-et-curieuses-ecrites-des-missions-etrangeres-par-quelques-missionnaires-de-la-compagnie-de-jesus\/#breadcrumb","itemListElement":[{"@type":"ListItem","position":1,"name":"Accueil","item":"https:\/\/www.librairieclavreuil.com\/"},{"@type":"ListItem","position":2,"name":"All our books","item":"https:\/\/www.librairieclavreuil.com\/en\/all-our-books\/"},{"@type":"ListItem","position":3,"name":"JESUITES Lettres \u00e9difiantes et curieuses, \u00e9crites des missions..."}]},{"@type":"WebSite","@id":"https:\/\/www.librairieclavreuil.com\/#website","url":"https:\/\/www.librairieclavreuil.com\/","name":"Libairie Clavreuil","description":"Livres anciens, manuscrits rares et \u00e9ditions originales \u2013 Librairie Clavreuil","publisher":{"@id":"https:\/\/www.librairieclavreuil.com\/#organization"},"potentialAction":[{"@type":"SearchAction","target":{"@type":"EntryPoint","urlTemplate":"https:\/\/www.librairieclavreuil.com\/?s={search_term_string}"},"query-input":{"@type":"PropertyValueSpecification","valueRequired":true,"valueName":"search_term_string"}}],"inLanguage":"en-US"},{"@type":"Organization","@id":"https:\/\/www.librairieclavreuil.com\/#organization","name":"Libairie Clavreuil","url":"https:\/\/www.librairieclavreuil.com\/","logo":{"@type":"ImageObject","inLanguage":"en-US","@id":"https:\/\/www.librairieclavreuil.com\/#\/schema\/logo\/image\/","url":"https:\/\/www.librairieclavreuil.com\/wp-content\/uploads\/2021\/06\/cropped-LOGO_PNG_DATE-_gold-512x512-1.png","contentUrl":"https:\/\/www.librairieclavreuil.com\/wp-content\/uploads\/2021\/06\/cropped-LOGO_PNG_DATE-_gold-512x512-1.png","width":512,"height":512,"caption":"Libairie Clavreuil"},"image":{"@id":"https:\/\/www.librairieclavreuil.com\/#\/schema\/logo\/image\/"},"sameAs":["https:\/\/www.instagram.com\/librairieclavreuil\/"]}]}},"jetpack_sharing_enabled":true,"_links":{"self":[{"href":"https:\/\/www.librairieclavreuil.com\/en\/wp-json\/wp\/v2\/product\/78228","targetHints":{"allow":["GET"]}}],"collection":[{"href":"https:\/\/www.librairieclavreuil.com\/en\/wp-json\/wp\/v2\/product"}],"about":[{"href":"https:\/\/www.librairieclavreuil.com\/en\/wp-json\/wp\/v2\/types\/product"}],"replies":[{"embeddable":true,"href":"https:\/\/www.librairieclavreuil.com\/en\/wp-json\/wp\/v2\/comments?post=78228"}],"wp:featuredmedia":[{"embeddable":true,"href":"https:\/\/www.librairieclavreuil.com\/en\/wp-json\/wp\/v2\/media\/78213"}],"wp:attachment":[{"href":"https:\/\/www.librairieclavreuil.com\/en\/wp-json\/wp\/v2\/media?parent=78228"}],"wp:term":[{"taxonomy":"product_brand","embeddable":true,"href":"https:\/\/www.librairieclavreuil.com\/en\/wp-json\/wp\/v2\/product_brand?post=78228"},{"taxonomy":"product_cat","embeddable":true,"href":"https:\/\/www.librairieclavreuil.com\/en\/wp-json\/wp\/v2\/product_cat?post=78228"},{"taxonomy":"product_tag","embeddable":true,"href":"https:\/\/www.librairieclavreuil.com\/en\/wp-json\/wp\/v2\/product_tag?post=78228"}],"curies":[{"name":"wp","href":"https:\/\/api.w.org\/{rel}","templated":true}]}}