{"id":78212,"date":"2024-06-11T17:39:10","date_gmt":"2024-06-11T15:39:10","guid":{"rendered":"https:\/\/www.librairieclavreuil.com\/hauy-abbe-rene-just-traite-de-mineralogie\/"},"modified":"2024-07-05T18:05:49","modified_gmt":"2024-07-05T16:05:49","slug":"hauy-abbe-rene-just-traite-de-mineralogie","status":"publish","type":"product","link":"https:\/\/www.librairieclavreuil.com\/en\/hauy-abbe-rene-just-traite-de-mineralogie\/","title":{"rendered":"HA\u00dcY abb\u00e9 Ren\u00e9-Just Trait\u00e9 de min\u00e9ralogie."},"content":{"rendered":"<p style=\"text-align:justify\"><i>Hoover, 391 (missing the rare atlas volume); see Honeyman, vente IV, lot 1627.<\/i><\/p>\n<p style=\"text-align:justify\"><span style=\"font-variant:small-caps\">First edition, very rare complete with the atlas. Neville only describes the second edition (1822) and the book is missing to Sinkankas.<\/span><\/p>\n<p style=\"text-align:justify\">Ha\u00fcy (1743-1822) was a French mineralogist and crystallographer, considered to be the founder of modern crystallography. In 1770, he was ordained a priest and assigned to teach at the Coll\u00e8ge Cardinal Lemoine. After attending Daubenton&#8217;s lectures on mineralogy, he concentrated his studies and research on this subject. In 1794, he published his pioneering work \u2018<i>Essai d&#8217;une th\u00e9orie sur la structure des cristaux<\/i>\u2019 and left teaching to devote himself exclusively to mineralogical studies.<\/p>\n<p style=\"text-align:justify\">Ha\u00fcy was arrested during the French Revolution, but thanks to the efforts of a former student, Geoffroy Saint-Hilaire, he was released the night before the execution of the other members of his group. In 1795, he was appointed Professor of Physics and Mineralogy at the \u00c9cole des Mines, before becoming Professor of Mineralogy at the Mus\u00e9um d&#8217;Histoire Naturelle, where he also continued his mineralogical research and considerably enlarged the mineral collection. In 1809, Ha\u00fcy also took up the chair of mineralogy at the Sorbonne, which he held until his death in 1822.<\/p>\n<p style=\"text-align:justify\">The <i>Traite de Min\u00e9ralogie<\/i>, published in 1801, is considered his most influential work on mineralogy and crystallography. In it, Hau\u00ff established a system of mineralogical classification and crystal structure and led future researchers towards the laws of rational indices.<\/p>\n<p style=\"text-align:justify\">In this work, Hau\u00ff made the science of crystallography the basis for determining mineral species. His mathematical approach to the presentation of crystallographic facts provided for the first time an exact basis for mineralogy and the identification of mineral species.<\/p>\n<p style=\"text-align:justify\">The first volume contains his theory of crystals, and in the following three volumes he developed the classification of minerals and revised their nomenclature.<\/p>\n<p style=\"text-align:justify\">&#8220;This is the man who truly founded and developed the science of crystallography and, as Adam says, was simple, modest, a lover of learning, whose attention was directed to the study of mineralogy almost by chance. In handling a group of calcite crystals at the home of a friend, Ha\u00fcy accidentally dropped them. When he re-examined the broken prism, he noticed a new form, bounded by faces a smooth and shining as the original. &#8216;A new light broke up in the subject'&#8221; (Hoover).<\/p>\n<p style=\"text-align:justify\">Spines expertly restored. A very attractive set of this rare edition.<\/p>\n<p style=\"text-align:justify\">The first text volume has the extract of the copyright laws printed on the verso of the half-title.<\/p>\n","protected":false},"excerpt":{"rendered":"<p style=\"text-align:justify\">4 text volumes, 8vo (204 x 120 mm) 2 nn.ll., LVI, 494 pp., 1 nn.l. (errata) for volume I ; 2 nn.ll., 617 pp., 1 nn.l. (errata) for volume II ; 2 nn.ll., 588 pp., 1 nn.l. (errata) for volume III ; 2 nn.ll., 592 pp., 1 nn.l. (errata) for volume IV; and 1 atlas volume, 4to oblong (250 x 333 mm) title, 2 tables (inculding 1 folding), 10 pp., 1 nn.l. (\u00ab&nbsp;figures g\u00e9om\u00e9triques&nbsp;\u00bb), and 86 engraved plates by Maleuvre. Text in contempoprary tree-calf, flat spines gilt, yellow edges, atlas bound to style in calf-backed boards.<\/p>\n","protected":false},"featured_media":78199,"comment_status":"open","ping_status":"closed","template":"","meta":{"_acf_changed":false},"product_brand":[],"product_cat":[550],"product_tag":[1450,572,1339,554,1335],"class_list":{"0":"post-78212","1":"product","2":"type-product","3":"status-publish","4":"has-post-thumbnail","6":"product_cat-science","7":"product_tag-first-edition","8":"product_tag-gemmology","9":"product_tag-general-physics","10":"product_tag-mineralogy","11":"product_tag-physics","12":"pa_auteur-hauy-abbe-rene-just-2","13":"pa_type-de-livre-printed-book","15":"first","16":"instock","17":"shipping-taxable","18":"purchasable","19":"product-type-simple"},"acf":{"artist":" abb\u00e9 Ren\u00e9-Just HA\u00dcY","chapeau":"The founder of crystallography\r\nComplete with the rare atlas","adresse_bibliographique":"Paris, chez Louis de l'imprimerie de Delance, 1801","book_type":"Printed book","provenance":"","afficher_prix":""},"yoast_head":"<!-- This site is optimized with the Yoast SEO plugin v24.7 - https:\/\/yoast.com\/wordpress\/plugins\/seo\/ -->\n<title>HA\u00dcY abb\u00e9 Ren\u00e9-Just Trait\u00e9 de min\u00e9ralogie. - Libairie Clavreuil<\/title>\n<meta name=\"robots\" content=\"index, follow, max-snippet:-1, max-image-preview:large, max-video-preview:-1\" \/>\n<link rel=\"canonical\" href=\"https:\/\/www.librairieclavreuil.com\/en\/hauy-abbe-rene-just-traite-de-mineralogie\/\" \/>\n<meta property=\"og:locale\" content=\"en_US\" \/>\n<meta property=\"og:type\" content=\"article\" \/>\n<meta property=\"og:title\" content=\"HA\u00dcY abb\u00e9 Ren\u00e9-Just Trait\u00e9 de min\u00e9ralogie. - Libairie Clavreuil\" \/>\n<meta property=\"og:description\" content=\"4 text volumes, 8vo (204 x 120 mm) 2 nn.ll., LVI, 494 pp., 1 nn.l. (errata) for volume I ; 2 nn.ll., 617 pp., 1 nn.l. (errata) for volume II ; 2 nn.ll., 588 pp., 1 nn.l. (errata) for volume III ; 2 nn.ll., 592 pp., 1 nn.l. (errata) for volume IV; and 1 atlas volume, 4to oblong (250 x 333 mm) title, 2 tables (inculding 1 folding), 10 pp., 1 nn.l. (\u00ab&nbsp;figures g\u00e9om\u00e9triques&nbsp;\u00bb), and 86 engraved plates by Maleuvre. Text in contempoprary tree-calf, flat spines gilt, yellow edges, atlas bound to style in calf-backed boards.\" \/>\n<meta property=\"og:url\" content=\"https:\/\/www.librairieclavreuil.com\/en\/hauy-abbe-rene-just-traite-de-mineralogie\/\" \/>\n<meta property=\"og:site_name\" content=\"Libairie Clavreuil\" \/>\n<meta property=\"article:modified_time\" content=\"2024-07-05T16:05:49+00:00\" \/>\n<meta property=\"og:image\" content=\"https:\/\/www.librairieclavreuil.com\/wp-content\/uploads\/2024\/06\/abbe-rene-just-hauey-traite-de-mineralogie-7181-6659e6aa6e25f-1-1024x848.jpg\" \/>\n\t<meta property=\"og:image:width\" content=\"1024\" \/>\n\t<meta property=\"og:image:height\" content=\"848\" \/>\n\t<meta property=\"og:image:type\" content=\"image\/jpeg\" \/>\n<meta name=\"twitter:card\" content=\"summary_large_image\" \/>\n<meta name=\"twitter:label1\" content=\"Est. reading time\" \/>\n\t<meta name=\"twitter:data1\" content=\"2 minutes\" \/>\n<script type=\"application\/ld+json\" class=\"yoast-schema-graph\">{\"@context\":\"https:\/\/schema.org\",\"@graph\":[{\"@type\":\"WebPage\",\"@id\":\"https:\/\/www.librairieclavreuil.com\/en\/hauy-abbe-rene-just-traite-de-mineralogie\/\",\"url\":\"https:\/\/www.librairieclavreuil.com\/en\/hauy-abbe-rene-just-traite-de-mineralogie\/\",\"name\":\"HA\u00dcY abb\u00e9 Ren\u00e9-Just Trait\u00e9 de min\u00e9ralogie. - Libairie Clavreuil\",\"isPartOf\":{\"@id\":\"https:\/\/www.librairieclavreuil.com\/#website\"},\"primaryImageOfPage\":{\"@id\":\"https:\/\/www.librairieclavreuil.com\/en\/hauy-abbe-rene-just-traite-de-mineralogie\/#primaryimage\"},\"image\":{\"@id\":\"https:\/\/www.librairieclavreuil.com\/en\/hauy-abbe-rene-just-traite-de-mineralogie\/#primaryimage\"},\"thumbnailUrl\":\"https:\/\/www.librairieclavreuil.com\/wp-content\/uploads\/2024\/06\/abbe-rene-just-hauey-traite-de-mineralogie-7181-6659e6aa6e25f-1.jpg\",\"datePublished\":\"2024-06-11T15:39:10+00:00\",\"dateModified\":\"2024-07-05T16:05:49+00:00\",\"breadcrumb\":{\"@id\":\"https:\/\/www.librairieclavreuil.com\/en\/hauy-abbe-rene-just-traite-de-mineralogie\/#breadcrumb\"},\"inLanguage\":\"en-US\",\"potentialAction\":[{\"@type\":\"ReadAction\",\"target\":[\"https:\/\/www.librairieclavreuil.com\/en\/hauy-abbe-rene-just-traite-de-mineralogie\/\"]}]},{\"@type\":\"ImageObject\",\"inLanguage\":\"en-US\",\"@id\":\"https:\/\/www.librairieclavreuil.com\/en\/hauy-abbe-rene-just-traite-de-mineralogie\/#primaryimage\",\"url\":\"https:\/\/www.librairieclavreuil.com\/wp-content\/uploads\/2024\/06\/abbe-rene-just-hauey-traite-de-mineralogie-7181-6659e6aa6e25f-1.jpg\",\"contentUrl\":\"https:\/\/www.librairieclavreuil.com\/wp-content\/uploads\/2024\/06\/abbe-rene-just-hauey-traite-de-mineralogie-7181-6659e6aa6e25f-1.jpg\",\"width\":2287,\"height\":1893},{\"@type\":\"BreadcrumbList\",\"@id\":\"https:\/\/www.librairieclavreuil.com\/en\/hauy-abbe-rene-just-traite-de-mineralogie\/#breadcrumb\",\"itemListElement\":[{\"@type\":\"ListItem\",\"position\":1,\"name\":\"Accueil\",\"item\":\"https:\/\/www.librairieclavreuil.com\/\"},{\"@type\":\"ListItem\",\"position\":2,\"name\":\"All our books\",\"item\":\"https:\/\/www.librairieclavreuil.com\/en\/all-our-books\/\"},{\"@type\":\"ListItem\",\"position\":3,\"name\":\"HA\u00dcY abb\u00e9 Ren\u00e9-Just Trait\u00e9 de min\u00e9ralogie.\"}]},{\"@type\":\"WebSite\",\"@id\":\"https:\/\/www.librairieclavreuil.com\/#website\",\"url\":\"https:\/\/www.librairieclavreuil.com\/\",\"name\":\"Libairie Clavreuil\",\"description\":\"Livres anciens, manuscrits rares et \u00e9ditions originales \u2013 Librairie Clavreuil\",\"publisher\":{\"@id\":\"https:\/\/www.librairieclavreuil.com\/#organization\"},\"potentialAction\":[{\"@type\":\"SearchAction\",\"target\":{\"@type\":\"EntryPoint\",\"urlTemplate\":\"https:\/\/www.librairieclavreuil.com\/?s={search_term_string}\"},\"query-input\":{\"@type\":\"PropertyValueSpecification\",\"valueRequired\":true,\"valueName\":\"search_term_string\"}}],\"inLanguage\":\"en-US\"},{\"@type\":\"Organization\",\"@id\":\"https:\/\/www.librairieclavreuil.com\/#organization\",\"name\":\"Libairie Clavreuil\",\"url\":\"https:\/\/www.librairieclavreuil.com\/\",\"logo\":{\"@type\":\"ImageObject\",\"inLanguage\":\"en-US\",\"@id\":\"https:\/\/www.librairieclavreuil.com\/#\/schema\/logo\/image\/\",\"url\":\"https:\/\/www.librairieclavreuil.com\/wp-content\/uploads\/2021\/06\/cropped-LOGO_PNG_DATE-_gold-512x512-1.png\",\"contentUrl\":\"https:\/\/www.librairieclavreuil.com\/wp-content\/uploads\/2021\/06\/cropped-LOGO_PNG_DATE-_gold-512x512-1.png\",\"width\":512,\"height\":512,\"caption\":\"Libairie Clavreuil\"},\"image\":{\"@id\":\"https:\/\/www.librairieclavreuil.com\/#\/schema\/logo\/image\/\"},\"sameAs\":[\"https:\/\/www.instagram.com\/librairieclavreuil\/\"]}]}<\/script>\n<!-- \/ Yoast SEO plugin. -->","yoast_head_json":{"title":"HA\u00dcY abb\u00e9 Ren\u00e9-Just Trait\u00e9 de min\u00e9ralogie. - Libairie Clavreuil","robots":{"index":"index","follow":"follow","max-snippet":"max-snippet:-1","max-image-preview":"max-image-preview:large","max-video-preview":"max-video-preview:-1"},"canonical":"https:\/\/www.librairieclavreuil.com\/en\/hauy-abbe-rene-just-traite-de-mineralogie\/","og_locale":"en_US","og_type":"article","og_title":"HA\u00dcY abb\u00e9 Ren\u00e9-Just Trait\u00e9 de min\u00e9ralogie. - Libairie Clavreuil","og_description":"4 text volumes, 8vo (204 x 120 mm) 2 nn.ll., LVI, 494 pp., 1 nn.l. (errata) for volume I ; 2 nn.ll., 617 pp., 1 nn.l. (errata) for volume II ; 2 nn.ll., 588 pp., 1 nn.l. (errata) for volume III ; 2 nn.ll., 592 pp., 1 nn.l. (errata) for volume IV; and 1 atlas volume, 4to oblong (250 x 333 mm) title, 2 tables (inculding 1 folding), 10 pp., 1 nn.l. (\u00ab&nbsp;figures g\u00e9om\u00e9triques&nbsp;\u00bb), and 86 engraved plates by Maleuvre. Text in contempoprary tree-calf, flat spines gilt, yellow edges, atlas bound to style in calf-backed boards.","og_url":"https:\/\/www.librairieclavreuil.com\/en\/hauy-abbe-rene-just-traite-de-mineralogie\/","og_site_name":"Libairie Clavreuil","article_modified_time":"2024-07-05T16:05:49+00:00","og_image":[{"width":1024,"height":848,"url":"https:\/\/www.librairieclavreuil.com\/wp-content\/uploads\/2024\/06\/abbe-rene-just-hauey-traite-de-mineralogie-7181-6659e6aa6e25f-1-1024x848.jpg","type":"image\/jpeg"}],"twitter_card":"summary_large_image","twitter_misc":{"Est. reading time":"2 minutes"},"schema":{"@context":"https:\/\/schema.org","@graph":[{"@type":"WebPage","@id":"https:\/\/www.librairieclavreuil.com\/en\/hauy-abbe-rene-just-traite-de-mineralogie\/","url":"https:\/\/www.librairieclavreuil.com\/en\/hauy-abbe-rene-just-traite-de-mineralogie\/","name":"HA\u00dcY abb\u00e9 Ren\u00e9-Just Trait\u00e9 de min\u00e9ralogie. - Libairie Clavreuil","isPartOf":{"@id":"https:\/\/www.librairieclavreuil.com\/#website"},"primaryImageOfPage":{"@id":"https:\/\/www.librairieclavreuil.com\/en\/hauy-abbe-rene-just-traite-de-mineralogie\/#primaryimage"},"image":{"@id":"https:\/\/www.librairieclavreuil.com\/en\/hauy-abbe-rene-just-traite-de-mineralogie\/#primaryimage"},"thumbnailUrl":"https:\/\/www.librairieclavreuil.com\/wp-content\/uploads\/2024\/06\/abbe-rene-just-hauey-traite-de-mineralogie-7181-6659e6aa6e25f-1.jpg","datePublished":"2024-06-11T15:39:10+00:00","dateModified":"2024-07-05T16:05:49+00:00","breadcrumb":{"@id":"https:\/\/www.librairieclavreuil.com\/en\/hauy-abbe-rene-just-traite-de-mineralogie\/#breadcrumb"},"inLanguage":"en-US","potentialAction":[{"@type":"ReadAction","target":["https:\/\/www.librairieclavreuil.com\/en\/hauy-abbe-rene-just-traite-de-mineralogie\/"]}]},{"@type":"ImageObject","inLanguage":"en-US","@id":"https:\/\/www.librairieclavreuil.com\/en\/hauy-abbe-rene-just-traite-de-mineralogie\/#primaryimage","url":"https:\/\/www.librairieclavreuil.com\/wp-content\/uploads\/2024\/06\/abbe-rene-just-hauey-traite-de-mineralogie-7181-6659e6aa6e25f-1.jpg","contentUrl":"https:\/\/www.librairieclavreuil.com\/wp-content\/uploads\/2024\/06\/abbe-rene-just-hauey-traite-de-mineralogie-7181-6659e6aa6e25f-1.jpg","width":2287,"height":1893},{"@type":"BreadcrumbList","@id":"https:\/\/www.librairieclavreuil.com\/en\/hauy-abbe-rene-just-traite-de-mineralogie\/#breadcrumb","itemListElement":[{"@type":"ListItem","position":1,"name":"Accueil","item":"https:\/\/www.librairieclavreuil.com\/"},{"@type":"ListItem","position":2,"name":"All our books","item":"https:\/\/www.librairieclavreuil.com\/en\/all-our-books\/"},{"@type":"ListItem","position":3,"name":"HA\u00dcY abb\u00e9 Ren\u00e9-Just Trait\u00e9 de min\u00e9ralogie."}]},{"@type":"WebSite","@id":"https:\/\/www.librairieclavreuil.com\/#website","url":"https:\/\/www.librairieclavreuil.com\/","name":"Libairie Clavreuil","description":"Livres anciens, manuscrits rares et \u00e9ditions originales \u2013 Librairie Clavreuil","publisher":{"@id":"https:\/\/www.librairieclavreuil.com\/#organization"},"potentialAction":[{"@type":"SearchAction","target":{"@type":"EntryPoint","urlTemplate":"https:\/\/www.librairieclavreuil.com\/?s={search_term_string}"},"query-input":{"@type":"PropertyValueSpecification","valueRequired":true,"valueName":"search_term_string"}}],"inLanguage":"en-US"},{"@type":"Organization","@id":"https:\/\/www.librairieclavreuil.com\/#organization","name":"Libairie Clavreuil","url":"https:\/\/www.librairieclavreuil.com\/","logo":{"@type":"ImageObject","inLanguage":"en-US","@id":"https:\/\/www.librairieclavreuil.com\/#\/schema\/logo\/image\/","url":"https:\/\/www.librairieclavreuil.com\/wp-content\/uploads\/2021\/06\/cropped-LOGO_PNG_DATE-_gold-512x512-1.png","contentUrl":"https:\/\/www.librairieclavreuil.com\/wp-content\/uploads\/2021\/06\/cropped-LOGO_PNG_DATE-_gold-512x512-1.png","width":512,"height":512,"caption":"Libairie Clavreuil"},"image":{"@id":"https:\/\/www.librairieclavreuil.com\/#\/schema\/logo\/image\/"},"sameAs":["https:\/\/www.instagram.com\/librairieclavreuil\/"]}]}},"jetpack_sharing_enabled":true,"_links":{"self":[{"href":"https:\/\/www.librairieclavreuil.com\/en\/wp-json\/wp\/v2\/product\/78212","targetHints":{"allow":["GET"]}}],"collection":[{"href":"https:\/\/www.librairieclavreuil.com\/en\/wp-json\/wp\/v2\/product"}],"about":[{"href":"https:\/\/www.librairieclavreuil.com\/en\/wp-json\/wp\/v2\/types\/product"}],"replies":[{"embeddable":true,"href":"https:\/\/www.librairieclavreuil.com\/en\/wp-json\/wp\/v2\/comments?post=78212"}],"wp:featuredmedia":[{"embeddable":true,"href":"https:\/\/www.librairieclavreuil.com\/en\/wp-json\/wp\/v2\/media\/78199"}],"wp:attachment":[{"href":"https:\/\/www.librairieclavreuil.com\/en\/wp-json\/wp\/v2\/media?parent=78212"}],"wp:term":[{"taxonomy":"product_brand","embeddable":true,"href":"https:\/\/www.librairieclavreuil.com\/en\/wp-json\/wp\/v2\/product_brand?post=78212"},{"taxonomy":"product_cat","embeddable":true,"href":"https:\/\/www.librairieclavreuil.com\/en\/wp-json\/wp\/v2\/product_cat?post=78212"},{"taxonomy":"product_tag","embeddable":true,"href":"https:\/\/www.librairieclavreuil.com\/en\/wp-json\/wp\/v2\/product_tag?post=78212"}],"curies":[{"name":"wp","href":"https:\/\/api.w.org\/{rel}","templated":true}]}}