{"id":78179,"date":"2024-06-11T17:29:48","date_gmt":"2024-06-11T15:29:48","guid":{"rendered":"https:\/\/www.librairieclavreuil.com\/fourier-charles-theorie-des-quatre-mouvements-et-des-destinees-generales-prospectus-et-annonce-de-la-decouverte\/"},"modified":"2024-07-15T17:44:13","modified_gmt":"2024-07-15T15:44:13","slug":"fourier-charles-theorie-des-quatre-mouvements-et-des-destinees-generales-prospectus-et-annonce-de-la-decouverte","status":"publish","type":"product","link":"https:\/\/www.librairieclavreuil.com\/en\/fourier-charles-theorie-des-quatre-mouvements-et-des-destinees-generales-prospectus-et-annonce-de-la-decouverte\/","title":{"rendered":"FOURIER Charles Th\u00e9orie des quatre mouvements et des..."},"content":{"rendered":"<p style=\"text-align:justify\"><i>Kress, B-5351; Goldsmiths&#8217;, 19750; Feltrinelli, p.5; En fran\u00e7ais dans le texte, 218.<\/i><\/p>\n<p><span style=\"font-variant:small-caps\">First edition of Fourier&#8217;s first work, his rarest and most important.<\/span><\/p>\n<p>Fourier was born into a wealthy family in Besan\u00e7on in 1772 and died in Paris in 1837. Founder of the Ecole Soci\u00e9taire, he was the author of an original social doctrine that left its mark on the history of nineteenth-century socialism, and whose theory was based on a fierce critique of the society of his time.<\/p>\n<p style=\"text-align:justify\">\u00ab&nbsp;La Th\u00e9orie des quatre mouvements comprend trois parties (la philosophie g\u00e9n\u00e9rale : principes de l&#8217;association et de l&#8217;attraction passionn\u00e9e &#8211; le r\u00e9gime social : ordre combin\u00e9 et gastronomie combin\u00e9e &#8211; la critique de la civilisation : \u00e9chec de l&#8217;\u00e9conomie politique, vice du commerce) ; Fourier expose un syst\u00e8me complexe, qu&#8217;il compl\u00e9tera dans ses oeuvres ult\u00e9rieures, montrant comment passer du chaos actuel ou &#8220;Civilisation&#8221; \u00e0 l'&#8221;Harmonie&#8221; ; il annonce avoir d\u00e9couvert le &#8220;Mouvement Universel&#8221; (social, animal, organique, mat\u00e9riel), compl\u00e9tant la th\u00e9orie de Newton&#8230; Le moteur de sa pens\u00e9e est le scandale de l&#8217;organisation sociale ; jeune et sensible, il a d\u00e9couvert l&#8217;indigence ouvri\u00e8re, l&#8217;opulence inacceptable des puissants ; sa clairvoyance lui a r\u00e9v\u00e9l\u00e9 l&#8217;in\u00e9galit\u00e9 d\u00e9sordonn\u00e9e et a fait de lui un pr\u00e9curseur du socialisme anti-\u00e9tatique fond\u00e9 sur un ensemble de garanties qui sont encore partiellement \u00e0 l&#8217;horizon de nos d\u00e9mocraties. Son outil intellectuel est une combinatoire qu&#8217;il applique hardiment \u00e0 tout le champ du savoir, et une \u00e9criture extraordinaire associant la verve de Rabelais et le sarcasme de Swift, au moyen d&#8217;un lexique visionnaire, po\u00e9tique et subversif qui enchantera les surr\u00e9alistes (Andr\u00e9 Breton : Odes \u00e0 Fourier). Son principe est de dire oui \u00e0 tout, aux d\u00e9sirs, aux go\u00fbts, aux particularit\u00e9s les plus \u00e9tonnantes ; sa morale, sans sanction ni r\u00e9pression, a profond\u00e9ment troubl\u00e9 le public et ses disciples par son audace effr\u00e9n\u00e9e et placide r\u00e9habilitant le corps glorieusement. Fourier penseur de la Vie, heureuse et libre, est un pr\u00e9curseur de notre soci\u00e9t\u00e9 et un proph\u00e8te de son avenir.&nbsp;\u00bb (Denyse Linick, En fran\u00e7ais dans le texte).<\/p>\n<p>A fine copy, the outer margin of the title skilfully reinforced.<\/p>\n<p>A 19th century hand has added the author&#8217;s name and a footnote in ink to the title.<\/p>\n","protected":false},"excerpt":{"rendered":"<p style=\"text-align:justify\">8vo (200 x 124 mm) of 2 nn.l., 425 pp., 1 nn.l., 1 large folding table. Modern green half-calf over marbled boards, bound in style, flat spine gilt.<\/p>\n","protected":false},"featured_media":78172,"comment_status":"open","ping_status":"closed","template":"","meta":{"_acf_changed":false},"product_brand":[],"product_cat":[536],"product_tag":[1450,1266],"class_list":{"0":"post-78179","1":"product","2":"type-product","3":"status-publish","4":"has-post-thumbnail","6":"product_cat-right-economy","7":"product_tag-first-edition","8":"product_tag-philosophy","9":"pa_auteur-fourier-charles-2","10":"pa_type-de-livre-printed-book","12":"first","13":"instock","14":"shipping-taxable","15":"purchasable","16":"product-type-simple"},"acf":{"artist":" Charles FOURIER","chapeau":"","adresse_bibliographique":"Leipzig, 1808","book_type":"Printed book","provenance":"","afficher_prix":""},"yoast_head":"<!-- This site is optimized with the Yoast SEO plugin v24.7 - https:\/\/yoast.com\/wordpress\/plugins\/seo\/ -->\n<title>FOURIER Charles Th\u00e9orie des quatre mouvements et des destin\u00e9es g\u00e9n\u00e9rales. Prospectus et annonce de la d\u00e9couverte. - Libairie Clavreuil<\/title>\n<meta name=\"robots\" content=\"index, follow, max-snippet:-1, max-image-preview:large, max-video-preview:-1\" \/>\n<link rel=\"canonical\" href=\"https:\/\/www.librairieclavreuil.com\/en\/fourier-charles-theorie-des-quatre-mouvements-et-des-destinees-generales-prospectus-et-annonce-de-la-decouverte\/\" \/>\n<meta property=\"og:locale\" content=\"en_US\" \/>\n<meta property=\"og:type\" content=\"article\" \/>\n<meta property=\"og:title\" content=\"FOURIER Charles Th\u00e9orie des quatre mouvements et des destin\u00e9es g\u00e9n\u00e9rales. Prospectus et annonce de la d\u00e9couverte. - Libairie Clavreuil\" \/>\n<meta property=\"og:description\" content=\"8vo (200 x 124 mm) of 2 nn.l., 425 pp., 1 nn.l., 1 large folding table. Modern green half-calf over marbled boards, bound in style, flat spine gilt.\" \/>\n<meta property=\"og:url\" content=\"https:\/\/www.librairieclavreuil.com\/en\/fourier-charles-theorie-des-quatre-mouvements-et-des-destinees-generales-prospectus-et-annonce-de-la-decouverte\/\" \/>\n<meta property=\"og:site_name\" content=\"Libairie Clavreuil\" \/>\n<meta property=\"article:modified_time\" content=\"2024-07-15T15:44:13+00:00\" \/>\n<meta property=\"og:image\" content=\"https:\/\/www.librairieclavreuil.com\/wp-content\/uploads\/2024\/06\/charles-fourier-theorie-des-quatre-mouvements-et-des-destinees-generales-prospectus-et-annonce-de-la-decouverte-5594-6648b7c3bac31-scaled.jpg\" \/>\n\t<meta property=\"og:image:width\" content=\"1737\" \/>\n\t<meta property=\"og:image:height\" content=\"2560\" \/>\n\t<meta property=\"og:image:type\" content=\"image\/jpeg\" \/>\n<meta name=\"twitter:card\" content=\"summary_large_image\" \/>\n<meta name=\"twitter:label1\" content=\"Est. reading time\" \/>\n\t<meta name=\"twitter:data1\" content=\"2 minutes\" \/>\n<script type=\"application\/ld+json\" class=\"yoast-schema-graph\">{\"@context\":\"https:\/\/schema.org\",\"@graph\":[{\"@type\":\"WebPage\",\"@id\":\"https:\/\/www.librairieclavreuil.com\/en\/fourier-charles-theorie-des-quatre-mouvements-et-des-destinees-generales-prospectus-et-annonce-de-la-decouverte\/\",\"url\":\"https:\/\/www.librairieclavreuil.com\/en\/fourier-charles-theorie-des-quatre-mouvements-et-des-destinees-generales-prospectus-et-annonce-de-la-decouverte\/\",\"name\":\"FOURIER Charles Th\u00e9orie des quatre mouvements et des destin\u00e9es g\u00e9n\u00e9rales. Prospectus et annonce de la d\u00e9couverte. - Libairie Clavreuil\",\"isPartOf\":{\"@id\":\"https:\/\/www.librairieclavreuil.com\/#website\"},\"primaryImageOfPage\":{\"@id\":\"https:\/\/www.librairieclavreuil.com\/en\/fourier-charles-theorie-des-quatre-mouvements-et-des-destinees-generales-prospectus-et-annonce-de-la-decouverte\/#primaryimage\"},\"image\":{\"@id\":\"https:\/\/www.librairieclavreuil.com\/en\/fourier-charles-theorie-des-quatre-mouvements-et-des-destinees-generales-prospectus-et-annonce-de-la-decouverte\/#primaryimage\"},\"thumbnailUrl\":\"https:\/\/www.librairieclavreuil.com\/wp-content\/uploads\/2024\/06\/charles-fourier-theorie-des-quatre-mouvements-et-des-destinees-generales-prospectus-et-annonce-de-la-decouverte-5594-6648b7c3bac31-scaled.jpg\",\"datePublished\":\"2024-06-11T15:29:48+00:00\",\"dateModified\":\"2024-07-15T15:44:13+00:00\",\"breadcrumb\":{\"@id\":\"https:\/\/www.librairieclavreuil.com\/en\/fourier-charles-theorie-des-quatre-mouvements-et-des-destinees-generales-prospectus-et-annonce-de-la-decouverte\/#breadcrumb\"},\"inLanguage\":\"en-US\",\"potentialAction\":[{\"@type\":\"ReadAction\",\"target\":[\"https:\/\/www.librairieclavreuil.com\/en\/fourier-charles-theorie-des-quatre-mouvements-et-des-destinees-generales-prospectus-et-annonce-de-la-decouverte\/\"]}]},{\"@type\":\"ImageObject\",\"inLanguage\":\"en-US\",\"@id\":\"https:\/\/www.librairieclavreuil.com\/en\/fourier-charles-theorie-des-quatre-mouvements-et-des-destinees-generales-prospectus-et-annonce-de-la-decouverte\/#primaryimage\",\"url\":\"https:\/\/www.librairieclavreuil.com\/wp-content\/uploads\/2024\/06\/charles-fourier-theorie-des-quatre-mouvements-et-des-destinees-generales-prospectus-et-annonce-de-la-decouverte-5594-6648b7c3bac31-scaled.jpg\",\"contentUrl\":\"https:\/\/www.librairieclavreuil.com\/wp-content\/uploads\/2024\/06\/charles-fourier-theorie-des-quatre-mouvements-et-des-destinees-generales-prospectus-et-annonce-de-la-decouverte-5594-6648b7c3bac31-scaled.jpg\",\"width\":1737,\"height\":2560},{\"@type\":\"BreadcrumbList\",\"@id\":\"https:\/\/www.librairieclavreuil.com\/en\/fourier-charles-theorie-des-quatre-mouvements-et-des-destinees-generales-prospectus-et-annonce-de-la-decouverte\/#breadcrumb\",\"itemListElement\":[{\"@type\":\"ListItem\",\"position\":1,\"name\":\"Accueil\",\"item\":\"https:\/\/www.librairieclavreuil.com\/\"},{\"@type\":\"ListItem\",\"position\":2,\"name\":\"All our books\",\"item\":\"https:\/\/www.librairieclavreuil.com\/en\/all-our-books\/\"},{\"@type\":\"ListItem\",\"position\":3,\"name\":\"FOURIER Charles Th\u00e9orie des quatre mouvements et des destin\u00e9es g\u00e9n\u00e9rales. Prospectus et annonce de la d\u00e9couverte.\"}]},{\"@type\":\"WebSite\",\"@id\":\"https:\/\/www.librairieclavreuil.com\/#website\",\"url\":\"https:\/\/www.librairieclavreuil.com\/\",\"name\":\"Libairie Clavreuil\",\"description\":\"Livres anciens, manuscrits rares et \u00e9ditions originales \u2013 Librairie Clavreuil\",\"publisher\":{\"@id\":\"https:\/\/www.librairieclavreuil.com\/#organization\"},\"potentialAction\":[{\"@type\":\"SearchAction\",\"target\":{\"@type\":\"EntryPoint\",\"urlTemplate\":\"https:\/\/www.librairieclavreuil.com\/?s={search_term_string}\"},\"query-input\":{\"@type\":\"PropertyValueSpecification\",\"valueRequired\":true,\"valueName\":\"search_term_string\"}}],\"inLanguage\":\"en-US\"},{\"@type\":\"Organization\",\"@id\":\"https:\/\/www.librairieclavreuil.com\/#organization\",\"name\":\"Libairie Clavreuil\",\"url\":\"https:\/\/www.librairieclavreuil.com\/\",\"logo\":{\"@type\":\"ImageObject\",\"inLanguage\":\"en-US\",\"@id\":\"https:\/\/www.librairieclavreuil.com\/#\/schema\/logo\/image\/\",\"url\":\"https:\/\/www.librairieclavreuil.com\/wp-content\/uploads\/2021\/06\/cropped-LOGO_PNG_DATE-_gold-512x512-1.png\",\"contentUrl\":\"https:\/\/www.librairieclavreuil.com\/wp-content\/uploads\/2021\/06\/cropped-LOGO_PNG_DATE-_gold-512x512-1.png\",\"width\":512,\"height\":512,\"caption\":\"Libairie Clavreuil\"},\"image\":{\"@id\":\"https:\/\/www.librairieclavreuil.com\/#\/schema\/logo\/image\/\"},\"sameAs\":[\"https:\/\/www.instagram.com\/librairieclavreuil\/\"]}]}<\/script>\n<!-- \/ Yoast SEO plugin. -->","yoast_head_json":{"title":"FOURIER Charles Th\u00e9orie des quatre mouvements et des destin\u00e9es g\u00e9n\u00e9rales. Prospectus et annonce de la d\u00e9couverte. - Libairie Clavreuil","robots":{"index":"index","follow":"follow","max-snippet":"max-snippet:-1","max-image-preview":"max-image-preview:large","max-video-preview":"max-video-preview:-1"},"canonical":"https:\/\/www.librairieclavreuil.com\/en\/fourier-charles-theorie-des-quatre-mouvements-et-des-destinees-generales-prospectus-et-annonce-de-la-decouverte\/","og_locale":"en_US","og_type":"article","og_title":"FOURIER Charles Th\u00e9orie des quatre mouvements et des destin\u00e9es g\u00e9n\u00e9rales. Prospectus et annonce de la d\u00e9couverte. - Libairie Clavreuil","og_description":"8vo (200 x 124 mm) of 2 nn.l., 425 pp., 1 nn.l., 1 large folding table. Modern green half-calf over marbled boards, bound in style, flat spine gilt.","og_url":"https:\/\/www.librairieclavreuil.com\/en\/fourier-charles-theorie-des-quatre-mouvements-et-des-destinees-generales-prospectus-et-annonce-de-la-decouverte\/","og_site_name":"Libairie Clavreuil","article_modified_time":"2024-07-15T15:44:13+00:00","og_image":[{"width":1737,"height":2560,"url":"https:\/\/www.librairieclavreuil.com\/wp-content\/uploads\/2024\/06\/charles-fourier-theorie-des-quatre-mouvements-et-des-destinees-generales-prospectus-et-annonce-de-la-decouverte-5594-6648b7c3bac31-scaled.jpg","type":"image\/jpeg"}],"twitter_card":"summary_large_image","twitter_misc":{"Est. reading time":"2 minutes"},"schema":{"@context":"https:\/\/schema.org","@graph":[{"@type":"WebPage","@id":"https:\/\/www.librairieclavreuil.com\/en\/fourier-charles-theorie-des-quatre-mouvements-et-des-destinees-generales-prospectus-et-annonce-de-la-decouverte\/","url":"https:\/\/www.librairieclavreuil.com\/en\/fourier-charles-theorie-des-quatre-mouvements-et-des-destinees-generales-prospectus-et-annonce-de-la-decouverte\/","name":"FOURIER Charles Th\u00e9orie des quatre mouvements et des destin\u00e9es g\u00e9n\u00e9rales. Prospectus et annonce de la d\u00e9couverte. - Libairie Clavreuil","isPartOf":{"@id":"https:\/\/www.librairieclavreuil.com\/#website"},"primaryImageOfPage":{"@id":"https:\/\/www.librairieclavreuil.com\/en\/fourier-charles-theorie-des-quatre-mouvements-et-des-destinees-generales-prospectus-et-annonce-de-la-decouverte\/#primaryimage"},"image":{"@id":"https:\/\/www.librairieclavreuil.com\/en\/fourier-charles-theorie-des-quatre-mouvements-et-des-destinees-generales-prospectus-et-annonce-de-la-decouverte\/#primaryimage"},"thumbnailUrl":"https:\/\/www.librairieclavreuil.com\/wp-content\/uploads\/2024\/06\/charles-fourier-theorie-des-quatre-mouvements-et-des-destinees-generales-prospectus-et-annonce-de-la-decouverte-5594-6648b7c3bac31-scaled.jpg","datePublished":"2024-06-11T15:29:48+00:00","dateModified":"2024-07-15T15:44:13+00:00","breadcrumb":{"@id":"https:\/\/www.librairieclavreuil.com\/en\/fourier-charles-theorie-des-quatre-mouvements-et-des-destinees-generales-prospectus-et-annonce-de-la-decouverte\/#breadcrumb"},"inLanguage":"en-US","potentialAction":[{"@type":"ReadAction","target":["https:\/\/www.librairieclavreuil.com\/en\/fourier-charles-theorie-des-quatre-mouvements-et-des-destinees-generales-prospectus-et-annonce-de-la-decouverte\/"]}]},{"@type":"ImageObject","inLanguage":"en-US","@id":"https:\/\/www.librairieclavreuil.com\/en\/fourier-charles-theorie-des-quatre-mouvements-et-des-destinees-generales-prospectus-et-annonce-de-la-decouverte\/#primaryimage","url":"https:\/\/www.librairieclavreuil.com\/wp-content\/uploads\/2024\/06\/charles-fourier-theorie-des-quatre-mouvements-et-des-destinees-generales-prospectus-et-annonce-de-la-decouverte-5594-6648b7c3bac31-scaled.jpg","contentUrl":"https:\/\/www.librairieclavreuil.com\/wp-content\/uploads\/2024\/06\/charles-fourier-theorie-des-quatre-mouvements-et-des-destinees-generales-prospectus-et-annonce-de-la-decouverte-5594-6648b7c3bac31-scaled.jpg","width":1737,"height":2560},{"@type":"BreadcrumbList","@id":"https:\/\/www.librairieclavreuil.com\/en\/fourier-charles-theorie-des-quatre-mouvements-et-des-destinees-generales-prospectus-et-annonce-de-la-decouverte\/#breadcrumb","itemListElement":[{"@type":"ListItem","position":1,"name":"Accueil","item":"https:\/\/www.librairieclavreuil.com\/"},{"@type":"ListItem","position":2,"name":"All our books","item":"https:\/\/www.librairieclavreuil.com\/en\/all-our-books\/"},{"@type":"ListItem","position":3,"name":"FOURIER Charles Th\u00e9orie des quatre mouvements et des destin\u00e9es g\u00e9n\u00e9rales. Prospectus et annonce de la d\u00e9couverte."}]},{"@type":"WebSite","@id":"https:\/\/www.librairieclavreuil.com\/#website","url":"https:\/\/www.librairieclavreuil.com\/","name":"Libairie Clavreuil","description":"Livres anciens, manuscrits rares et \u00e9ditions originales \u2013 Librairie Clavreuil","publisher":{"@id":"https:\/\/www.librairieclavreuil.com\/#organization"},"potentialAction":[{"@type":"SearchAction","target":{"@type":"EntryPoint","urlTemplate":"https:\/\/www.librairieclavreuil.com\/?s={search_term_string}"},"query-input":{"@type":"PropertyValueSpecification","valueRequired":true,"valueName":"search_term_string"}}],"inLanguage":"en-US"},{"@type":"Organization","@id":"https:\/\/www.librairieclavreuil.com\/#organization","name":"Libairie Clavreuil","url":"https:\/\/www.librairieclavreuil.com\/","logo":{"@type":"ImageObject","inLanguage":"en-US","@id":"https:\/\/www.librairieclavreuil.com\/#\/schema\/logo\/image\/","url":"https:\/\/www.librairieclavreuil.com\/wp-content\/uploads\/2021\/06\/cropped-LOGO_PNG_DATE-_gold-512x512-1.png","contentUrl":"https:\/\/www.librairieclavreuil.com\/wp-content\/uploads\/2021\/06\/cropped-LOGO_PNG_DATE-_gold-512x512-1.png","width":512,"height":512,"caption":"Libairie Clavreuil"},"image":{"@id":"https:\/\/www.librairieclavreuil.com\/#\/schema\/logo\/image\/"},"sameAs":["https:\/\/www.instagram.com\/librairieclavreuil\/"]}]}},"jetpack_sharing_enabled":true,"_links":{"self":[{"href":"https:\/\/www.librairieclavreuil.com\/en\/wp-json\/wp\/v2\/product\/78179","targetHints":{"allow":["GET"]}}],"collection":[{"href":"https:\/\/www.librairieclavreuil.com\/en\/wp-json\/wp\/v2\/product"}],"about":[{"href":"https:\/\/www.librairieclavreuil.com\/en\/wp-json\/wp\/v2\/types\/product"}],"replies":[{"embeddable":true,"href":"https:\/\/www.librairieclavreuil.com\/en\/wp-json\/wp\/v2\/comments?post=78179"}],"wp:featuredmedia":[{"embeddable":true,"href":"https:\/\/www.librairieclavreuil.com\/en\/wp-json\/wp\/v2\/media\/78172"}],"wp:attachment":[{"href":"https:\/\/www.librairieclavreuil.com\/en\/wp-json\/wp\/v2\/media?parent=78179"}],"wp:term":[{"taxonomy":"product_brand","embeddable":true,"href":"https:\/\/www.librairieclavreuil.com\/en\/wp-json\/wp\/v2\/product_brand?post=78179"},{"taxonomy":"product_cat","embeddable":true,"href":"https:\/\/www.librairieclavreuil.com\/en\/wp-json\/wp\/v2\/product_cat?post=78179"},{"taxonomy":"product_tag","embeddable":true,"href":"https:\/\/www.librairieclavreuil.com\/en\/wp-json\/wp\/v2\/product_tag?post=78179"}],"curies":[{"name":"wp","href":"https:\/\/api.w.org\/{rel}","templated":true}]}}