{"id":78165,"date":"2024-06-11T17:23:07","date_gmt":"2024-06-11T15:23:07","guid":{"rendered":"https:\/\/www.librairieclavreuil.com\/dupain-de-montesson-louis-charles-nouveau-traite-ou-supplement-theorique-et-pratique-de-la-trigonometrie-rectiligne\/"},"modified":"2024-06-11T17:23:23","modified_gmt":"2024-06-11T15:23:23","slug":"dupain-de-montesson-louis-charles-nouveau-traite-ou-supplement-theorique-et-pratique-de-la-trigonometrie-rectiligne","status":"publish","type":"product","link":"https:\/\/www.librairieclavreuil.com\/en\/dupain-de-montesson-louis-charles-nouveau-traite-ou-supplement-theorique-et-pratique-de-la-trigonometrie-rectiligne\/","title":{"rendered":"DUPAIN DE MONTESSON Louis-Charles Nouveau trait\u00e9 ou Suppl\u00e9ment..."},"content":{"rendered":"<p style=\"text-align:justify\"><i>Qu\u00e9rard, II, 684.<\/i><\/p>\n<p style=\"text-align:justify\"><span style=\"font-variant:small-caps\">First edition bound in red morroco for the marquis de Monteynard.<\/span><\/p>\n<p style=\"text-align:justify\">A geometer and tactician, Louis Charles Dupain de Montesson took up the profession of arms at a very young age. Discharged in 1758, he was admitted to the corps of engineers and geographers and quickly distinguished himself through his knowledge of various areas of mathematics. He subsequently became tutor to the Duc de Berri, the future Louis XVI, and taught him how to draw up plans.<\/p>\n<p style=\"text-align:justify\">The work is decorated with a fine engraved plate illustrating the art of drawing up plans with the angles and perspectives to be respected.<\/p>\n<p style=\"text-align:justify\">A very fine copy in perfect condition.<\/p>\n<p style=\"text-align:justify\">Book plate of Dupain de Montesson on the inside back cover.<\/p>\n","protected":false},"excerpt":{"rendered":"<p style=\"text-align:justify\">8vo (193 x 125 mm) 4 nn.ll., (including first blank), 280 pp., VIII pp., 1 engraved folding plate. Contemporary red morocco, triple gilt filet on covers, central coat of arms of Marquis Monteynard (OHR, 2454), small corner pieces with special tool &#8216;\u00e0 l&#8217;oiseau&#8217;, flat spine gilt, gilt inner border, gilt edges.<\/p>\n","protected":false},"featured_media":78158,"comment_status":"open","ping_status":"closed","template":"","meta":{"_acf_changed":false},"product_brand":[],"product_cat":[550],"product_tag":[947,1331],"class_list":{"0":"post-78165","1":"product","2":"type-product","3":"status-publish","4":"has-post-thumbnail","6":"product_cat-science","7":"product_tag-algebra","8":"product_tag-geometry","9":"pa_auteur-dupain-de-montesson-louis-charles-2","10":"pa_type-de-livre-printed-book","12":"first","13":"outofstock","14":"shipping-taxable","15":"purchasable","16":"product-type-simple"},"acf":{"artist":"Louis-Charles DUPAIN DE MONTESSON","chapeau":"The Marquis de Monteynard's copy","adresse_bibliographique":"Paris, Imprimerie Royale, 1773","book_type":"Printed book","provenance":"","afficher_prix":""},"yoast_head":"<!-- This site is optimized with the Yoast SEO plugin v24.7 - https:\/\/yoast.com\/wordpress\/plugins\/seo\/ -->\n<title>DUPAIN DE MONTESSON Louis-Charles Nouveau trait\u00e9 ou Suppl\u00e9ment th\u00e9orique et pratique de la trigonom\u00e9trie rectiligne. - Libairie Clavreuil<\/title>\n<meta name=\"robots\" content=\"index, follow, max-snippet:-1, max-image-preview:large, max-video-preview:-1\" \/>\n<link rel=\"canonical\" href=\"https:\/\/www.librairieclavreuil.com\/en\/dupain-de-montesson-louis-charles-nouveau-traite-ou-supplement-theorique-et-pratique-de-la-trigonometrie-rectiligne\/\" \/>\n<meta property=\"og:locale\" content=\"en_US\" \/>\n<meta property=\"og:type\" content=\"article\" \/>\n<meta property=\"og:title\" content=\"DUPAIN DE MONTESSON Louis-Charles Nouveau trait\u00e9 ou Suppl\u00e9ment th\u00e9orique et pratique de la trigonom\u00e9trie rectiligne. - Libairie Clavreuil\" \/>\n<meta property=\"og:description\" content=\"8vo (193 x 125 mm) 4 nn.ll., (including first blank), 280 pp., VIII pp., 1 engraved folding plate. Contemporary red morocco, triple gilt filet on covers, central coat of arms of Marquis Monteynard (OHR, 2454), small corner pieces with special tool &#039;\u00e0 l&#039;oiseau&#039;, flat spine gilt, gilt inner border, gilt edges.\" \/>\n<meta property=\"og:url\" content=\"https:\/\/www.librairieclavreuil.com\/en\/dupain-de-montesson-louis-charles-nouveau-traite-ou-supplement-theorique-et-pratique-de-la-trigonometrie-rectiligne\/\" \/>\n<meta property=\"og:site_name\" content=\"Libairie Clavreuil\" \/>\n<meta property=\"article:modified_time\" content=\"2024-06-11T15:23:23+00:00\" \/>\n<meta property=\"og:image\" content=\"https:\/\/www.librairieclavreuil.com\/wp-content\/uploads\/2024\/06\/louis-charles-dupain-de-montesson-nouveau-traite-ou-supplement-theorique-et-pratique-de-la-trigonometrie-rectiligne-7482-6659da30327da.jpg\" \/>\n\t<meta property=\"og:image:width\" content=\"1502\" \/>\n\t<meta property=\"og:image:height\" content=\"1893\" \/>\n\t<meta property=\"og:image:type\" content=\"image\/jpeg\" \/>\n<meta name=\"twitter:card\" content=\"summary_large_image\" \/>\n<meta name=\"twitter:label1\" content=\"Est. reading time\" \/>\n\t<meta name=\"twitter:data1\" content=\"1 minute\" \/>\n<script type=\"application\/ld+json\" class=\"yoast-schema-graph\">{\"@context\":\"https:\/\/schema.org\",\"@graph\":[{\"@type\":\"WebPage\",\"@id\":\"https:\/\/www.librairieclavreuil.com\/en\/dupain-de-montesson-louis-charles-nouveau-traite-ou-supplement-theorique-et-pratique-de-la-trigonometrie-rectiligne\/\",\"url\":\"https:\/\/www.librairieclavreuil.com\/en\/dupain-de-montesson-louis-charles-nouveau-traite-ou-supplement-theorique-et-pratique-de-la-trigonometrie-rectiligne\/\",\"name\":\"DUPAIN DE MONTESSON Louis-Charles Nouveau trait\u00e9 ou Suppl\u00e9ment th\u00e9orique et pratique de la trigonom\u00e9trie rectiligne. - Libairie Clavreuil\",\"isPartOf\":{\"@id\":\"https:\/\/www.librairieclavreuil.com\/#website\"},\"primaryImageOfPage\":{\"@id\":\"https:\/\/www.librairieclavreuil.com\/en\/dupain-de-montesson-louis-charles-nouveau-traite-ou-supplement-theorique-et-pratique-de-la-trigonometrie-rectiligne\/#primaryimage\"},\"image\":{\"@id\":\"https:\/\/www.librairieclavreuil.com\/en\/dupain-de-montesson-louis-charles-nouveau-traite-ou-supplement-theorique-et-pratique-de-la-trigonometrie-rectiligne\/#primaryimage\"},\"thumbnailUrl\":\"https:\/\/www.librairieclavreuil.com\/wp-content\/uploads\/2024\/06\/louis-charles-dupain-de-montesson-nouveau-traite-ou-supplement-theorique-et-pratique-de-la-trigonometrie-rectiligne-7482-6659da30327da.jpg\",\"datePublished\":\"2024-06-11T15:23:07+00:00\",\"dateModified\":\"2024-06-11T15:23:23+00:00\",\"breadcrumb\":{\"@id\":\"https:\/\/www.librairieclavreuil.com\/en\/dupain-de-montesson-louis-charles-nouveau-traite-ou-supplement-theorique-et-pratique-de-la-trigonometrie-rectiligne\/#breadcrumb\"},\"inLanguage\":\"en-US\",\"potentialAction\":[{\"@type\":\"ReadAction\",\"target\":[\"https:\/\/www.librairieclavreuil.com\/en\/dupain-de-montesson-louis-charles-nouveau-traite-ou-supplement-theorique-et-pratique-de-la-trigonometrie-rectiligne\/\"]}]},{\"@type\":\"ImageObject\",\"inLanguage\":\"en-US\",\"@id\":\"https:\/\/www.librairieclavreuil.com\/en\/dupain-de-montesson-louis-charles-nouveau-traite-ou-supplement-theorique-et-pratique-de-la-trigonometrie-rectiligne\/#primaryimage\",\"url\":\"https:\/\/www.librairieclavreuil.com\/wp-content\/uploads\/2024\/06\/louis-charles-dupain-de-montesson-nouveau-traite-ou-supplement-theorique-et-pratique-de-la-trigonometrie-rectiligne-7482-6659da30327da.jpg\",\"contentUrl\":\"https:\/\/www.librairieclavreuil.com\/wp-content\/uploads\/2024\/06\/louis-charles-dupain-de-montesson-nouveau-traite-ou-supplement-theorique-et-pratique-de-la-trigonometrie-rectiligne-7482-6659da30327da.jpg\",\"width\":1502,\"height\":1893},{\"@type\":\"BreadcrumbList\",\"@id\":\"https:\/\/www.librairieclavreuil.com\/en\/dupain-de-montesson-louis-charles-nouveau-traite-ou-supplement-theorique-et-pratique-de-la-trigonometrie-rectiligne\/#breadcrumb\",\"itemListElement\":[{\"@type\":\"ListItem\",\"position\":1,\"name\":\"Accueil\",\"item\":\"https:\/\/www.librairieclavreuil.com\/\"},{\"@type\":\"ListItem\",\"position\":2,\"name\":\"All our books\",\"item\":\"https:\/\/www.librairieclavreuil.com\/en\/all-our-books\/\"},{\"@type\":\"ListItem\",\"position\":3,\"name\":\"DUPAIN DE MONTESSON Louis-Charles Nouveau trait\u00e9 ou Suppl\u00e9ment th\u00e9orique et pratique de la trigonom\u00e9trie rectiligne.\"}]},{\"@type\":\"WebSite\",\"@id\":\"https:\/\/www.librairieclavreuil.com\/#website\",\"url\":\"https:\/\/www.librairieclavreuil.com\/\",\"name\":\"Libairie Clavreuil\",\"description\":\"Livres anciens, manuscrits rares et \u00e9ditions originales \u2013 Librairie Clavreuil\",\"publisher\":{\"@id\":\"https:\/\/www.librairieclavreuil.com\/#organization\"},\"potentialAction\":[{\"@type\":\"SearchAction\",\"target\":{\"@type\":\"EntryPoint\",\"urlTemplate\":\"https:\/\/www.librairieclavreuil.com\/?s={search_term_string}\"},\"query-input\":{\"@type\":\"PropertyValueSpecification\",\"valueRequired\":true,\"valueName\":\"search_term_string\"}}],\"inLanguage\":\"en-US\"},{\"@type\":\"Organization\",\"@id\":\"https:\/\/www.librairieclavreuil.com\/#organization\",\"name\":\"Libairie Clavreuil\",\"url\":\"https:\/\/www.librairieclavreuil.com\/\",\"logo\":{\"@type\":\"ImageObject\",\"inLanguage\":\"en-US\",\"@id\":\"https:\/\/www.librairieclavreuil.com\/#\/schema\/logo\/image\/\",\"url\":\"https:\/\/www.librairieclavreuil.com\/wp-content\/uploads\/2021\/06\/cropped-LOGO_PNG_DATE-_gold-512x512-1.png\",\"contentUrl\":\"https:\/\/www.librairieclavreuil.com\/wp-content\/uploads\/2021\/06\/cropped-LOGO_PNG_DATE-_gold-512x512-1.png\",\"width\":512,\"height\":512,\"caption\":\"Libairie Clavreuil\"},\"image\":{\"@id\":\"https:\/\/www.librairieclavreuil.com\/#\/schema\/logo\/image\/\"},\"sameAs\":[\"https:\/\/www.instagram.com\/librairieclavreuil\/\"]}]}<\/script>\n<!-- \/ Yoast SEO plugin. -->","yoast_head_json":{"title":"DUPAIN DE MONTESSON Louis-Charles Nouveau trait\u00e9 ou Suppl\u00e9ment th\u00e9orique et pratique de la trigonom\u00e9trie rectiligne. - Libairie Clavreuil","robots":{"index":"index","follow":"follow","max-snippet":"max-snippet:-1","max-image-preview":"max-image-preview:large","max-video-preview":"max-video-preview:-1"},"canonical":"https:\/\/www.librairieclavreuil.com\/en\/dupain-de-montesson-louis-charles-nouveau-traite-ou-supplement-theorique-et-pratique-de-la-trigonometrie-rectiligne\/","og_locale":"en_US","og_type":"article","og_title":"DUPAIN DE MONTESSON Louis-Charles Nouveau trait\u00e9 ou Suppl\u00e9ment th\u00e9orique et pratique de la trigonom\u00e9trie rectiligne. - Libairie Clavreuil","og_description":"8vo (193 x 125 mm) 4 nn.ll., (including first blank), 280 pp., VIII pp., 1 engraved folding plate. Contemporary red morocco, triple gilt filet on covers, central coat of arms of Marquis Monteynard (OHR, 2454), small corner pieces with special tool '\u00e0 l'oiseau', flat spine gilt, gilt inner border, gilt edges.","og_url":"https:\/\/www.librairieclavreuil.com\/en\/dupain-de-montesson-louis-charles-nouveau-traite-ou-supplement-theorique-et-pratique-de-la-trigonometrie-rectiligne\/","og_site_name":"Libairie Clavreuil","article_modified_time":"2024-06-11T15:23:23+00:00","og_image":[{"width":1502,"height":1893,"url":"https:\/\/www.librairieclavreuil.com\/wp-content\/uploads\/2024\/06\/louis-charles-dupain-de-montesson-nouveau-traite-ou-supplement-theorique-et-pratique-de-la-trigonometrie-rectiligne-7482-6659da30327da.jpg","type":"image\/jpeg"}],"twitter_card":"summary_large_image","twitter_misc":{"Est. reading time":"1 minute"},"schema":{"@context":"https:\/\/schema.org","@graph":[{"@type":"WebPage","@id":"https:\/\/www.librairieclavreuil.com\/en\/dupain-de-montesson-louis-charles-nouveau-traite-ou-supplement-theorique-et-pratique-de-la-trigonometrie-rectiligne\/","url":"https:\/\/www.librairieclavreuil.com\/en\/dupain-de-montesson-louis-charles-nouveau-traite-ou-supplement-theorique-et-pratique-de-la-trigonometrie-rectiligne\/","name":"DUPAIN DE MONTESSON Louis-Charles Nouveau trait\u00e9 ou Suppl\u00e9ment th\u00e9orique et pratique de la trigonom\u00e9trie rectiligne. - Libairie Clavreuil","isPartOf":{"@id":"https:\/\/www.librairieclavreuil.com\/#website"},"primaryImageOfPage":{"@id":"https:\/\/www.librairieclavreuil.com\/en\/dupain-de-montesson-louis-charles-nouveau-traite-ou-supplement-theorique-et-pratique-de-la-trigonometrie-rectiligne\/#primaryimage"},"image":{"@id":"https:\/\/www.librairieclavreuil.com\/en\/dupain-de-montesson-louis-charles-nouveau-traite-ou-supplement-theorique-et-pratique-de-la-trigonometrie-rectiligne\/#primaryimage"},"thumbnailUrl":"https:\/\/www.librairieclavreuil.com\/wp-content\/uploads\/2024\/06\/louis-charles-dupain-de-montesson-nouveau-traite-ou-supplement-theorique-et-pratique-de-la-trigonometrie-rectiligne-7482-6659da30327da.jpg","datePublished":"2024-06-11T15:23:07+00:00","dateModified":"2024-06-11T15:23:23+00:00","breadcrumb":{"@id":"https:\/\/www.librairieclavreuil.com\/en\/dupain-de-montesson-louis-charles-nouveau-traite-ou-supplement-theorique-et-pratique-de-la-trigonometrie-rectiligne\/#breadcrumb"},"inLanguage":"en-US","potentialAction":[{"@type":"ReadAction","target":["https:\/\/www.librairieclavreuil.com\/en\/dupain-de-montesson-louis-charles-nouveau-traite-ou-supplement-theorique-et-pratique-de-la-trigonometrie-rectiligne\/"]}]},{"@type":"ImageObject","inLanguage":"en-US","@id":"https:\/\/www.librairieclavreuil.com\/en\/dupain-de-montesson-louis-charles-nouveau-traite-ou-supplement-theorique-et-pratique-de-la-trigonometrie-rectiligne\/#primaryimage","url":"https:\/\/www.librairieclavreuil.com\/wp-content\/uploads\/2024\/06\/louis-charles-dupain-de-montesson-nouveau-traite-ou-supplement-theorique-et-pratique-de-la-trigonometrie-rectiligne-7482-6659da30327da.jpg","contentUrl":"https:\/\/www.librairieclavreuil.com\/wp-content\/uploads\/2024\/06\/louis-charles-dupain-de-montesson-nouveau-traite-ou-supplement-theorique-et-pratique-de-la-trigonometrie-rectiligne-7482-6659da30327da.jpg","width":1502,"height":1893},{"@type":"BreadcrumbList","@id":"https:\/\/www.librairieclavreuil.com\/en\/dupain-de-montesson-louis-charles-nouveau-traite-ou-supplement-theorique-et-pratique-de-la-trigonometrie-rectiligne\/#breadcrumb","itemListElement":[{"@type":"ListItem","position":1,"name":"Accueil","item":"https:\/\/www.librairieclavreuil.com\/"},{"@type":"ListItem","position":2,"name":"All our books","item":"https:\/\/www.librairieclavreuil.com\/en\/all-our-books\/"},{"@type":"ListItem","position":3,"name":"DUPAIN DE MONTESSON Louis-Charles Nouveau trait\u00e9 ou Suppl\u00e9ment th\u00e9orique et pratique de la trigonom\u00e9trie rectiligne."}]},{"@type":"WebSite","@id":"https:\/\/www.librairieclavreuil.com\/#website","url":"https:\/\/www.librairieclavreuil.com\/","name":"Libairie Clavreuil","description":"Livres anciens, manuscrits rares et \u00e9ditions originales \u2013 Librairie Clavreuil","publisher":{"@id":"https:\/\/www.librairieclavreuil.com\/#organization"},"potentialAction":[{"@type":"SearchAction","target":{"@type":"EntryPoint","urlTemplate":"https:\/\/www.librairieclavreuil.com\/?s={search_term_string}"},"query-input":{"@type":"PropertyValueSpecification","valueRequired":true,"valueName":"search_term_string"}}],"inLanguage":"en-US"},{"@type":"Organization","@id":"https:\/\/www.librairieclavreuil.com\/#organization","name":"Libairie Clavreuil","url":"https:\/\/www.librairieclavreuil.com\/","logo":{"@type":"ImageObject","inLanguage":"en-US","@id":"https:\/\/www.librairieclavreuil.com\/#\/schema\/logo\/image\/","url":"https:\/\/www.librairieclavreuil.com\/wp-content\/uploads\/2021\/06\/cropped-LOGO_PNG_DATE-_gold-512x512-1.png","contentUrl":"https:\/\/www.librairieclavreuil.com\/wp-content\/uploads\/2021\/06\/cropped-LOGO_PNG_DATE-_gold-512x512-1.png","width":512,"height":512,"caption":"Libairie Clavreuil"},"image":{"@id":"https:\/\/www.librairieclavreuil.com\/#\/schema\/logo\/image\/"},"sameAs":["https:\/\/www.instagram.com\/librairieclavreuil\/"]}]}},"jetpack_sharing_enabled":true,"_links":{"self":[{"href":"https:\/\/www.librairieclavreuil.com\/en\/wp-json\/wp\/v2\/product\/78165","targetHints":{"allow":["GET"]}}],"collection":[{"href":"https:\/\/www.librairieclavreuil.com\/en\/wp-json\/wp\/v2\/product"}],"about":[{"href":"https:\/\/www.librairieclavreuil.com\/en\/wp-json\/wp\/v2\/types\/product"}],"replies":[{"embeddable":true,"href":"https:\/\/www.librairieclavreuil.com\/en\/wp-json\/wp\/v2\/comments?post=78165"}],"wp:featuredmedia":[{"embeddable":true,"href":"https:\/\/www.librairieclavreuil.com\/en\/wp-json\/wp\/v2\/media\/78158"}],"wp:attachment":[{"href":"https:\/\/www.librairieclavreuil.com\/en\/wp-json\/wp\/v2\/media?parent=78165"}],"wp:term":[{"taxonomy":"product_brand","embeddable":true,"href":"https:\/\/www.librairieclavreuil.com\/en\/wp-json\/wp\/v2\/product_brand?post=78165"},{"taxonomy":"product_cat","embeddable":true,"href":"https:\/\/www.librairieclavreuil.com\/en\/wp-json\/wp\/v2\/product_cat?post=78165"},{"taxonomy":"product_tag","embeddable":true,"href":"https:\/\/www.librairieclavreuil.com\/en\/wp-json\/wp\/v2\/product_tag?post=78165"}],"curies":[{"name":"wp","href":"https:\/\/api.w.org\/{rel}","templated":true}]}}