{"id":78157,"date":"2024-06-11T17:22:23","date_gmt":"2024-06-11T15:22:23","guid":{"rendered":"https:\/\/www.librairieclavreuil.com\/faulhaber-johann-newe-geometrische-und-perspectivische-inventiones-etlicher-sonderbarer-instrument-die-zum-perspectivischen-grundreissen-der-pasteyen-und-vestungen-wie-auch-zum-planimetrischen-grun\/"},"modified":"2025-06-05T14:11:06","modified_gmt":"2025-06-05T12:11:06","slug":"faulhaber-johann-newe-geometrische-und-perspectivische-inventiones-etlicher-sonderbarer-instrument-die-zum-perspectivischen-grundreissen-der-pasteyen-und-vestungen-wie-auch-zum-planimetrischen-grun","status":"publish","type":"product","link":"https:\/\/www.librairieclavreuil.com\/en\/faulhaber-johann-newe-geometrische-und-perspectivische-inventiones-etlicher-sonderbarer-instrument-die-zum-perspectivischen-grundreissen-der-pasteyen-und-vestungen-wie-auch-zum-planimetrischen-grun\/","title":{"rendered":"FAULHABER Johann Newe geometrische und perspectivische Inventiones etlicher..."},"content":{"rendered":"<p style=\"text-align:justify\"><i>Vagnetti, EIIIb5; DSB, IV, 552.<\/i><\/p>\n<p style=\"text-align:justify\"><span style=\"font-variant:small-caps\">First edition, rare. It contains the description of the newly invented perspectival instruments.<\/span><\/p>\n<p style=\"text-align:justify\">Johann Faulhaber (1580-1635) was teacher of mathematics in the city of Ulm, where the Faulhabers family resided since the 15th century.<\/p>\n<p style=\"text-align:justify\">Destined to follow the family tradition to become a weaver, Faulhaber soon found his vocation in mathematics. Having helped Johann Kraft to publish an arithmetic text, \u201che founded his own school in Ulm in 1600. From 1604 on, Faulhaber received a salary of 30 guldens for running this school, but it was withdrawn in 1610 for a few months because he was concerning himself more and more with physical and technical inventions and developing an extensive literary activity that took him away from his pedagogic duties\u2026 About this time Faulhaber set up the formulas for the sum of the powers for natural numbers up to the thirteenth power, a problem with which Leonhard Euler was later concerned in a general way\u201d (DSB).<\/p>\n<p style=\"text-align:justify\">Faulhaber\u2019s reputation as a learned mathematician grew quickly, and he had Descartes among his student and had lively contact with Kepler. Faulhaber designed together with Kepler a gauging kettle for the measurement of length, volume and weight.<\/p>\n<p style=\"text-align:justify\">&#8220;Faulhaber&#8217;s lasting accomplishment was the dissemination and explanation of the logarithmic method of calculation&#8221; (DSB).<\/p>\n<p style=\"text-align:justify\">Illustration includes a beautifully engraved border on the title page with portraits of the author (?), instruments and a perspectival view with a draughtsman using Faulhaber\u2019s tool, the engraved coat of arms of the dedicatee Wilhelm Schnoeden, a full-page engraving depicting the perspectival use of the instrument, and 3 folding plates of other measuring tools of the author\u2019s own invention.<\/p>\n<p style=\"text-align:justify\">Beautiful copy.<\/p>\n<p style=\"text-align:justify\">Provenance: Donaueschingen (rubber stamp on the title page verso).<\/p>\n","protected":false},"excerpt":{"rendered":"<p style=\"text-align:justify\">4to (191 x 147 mm) 38 pp., 2 engraved folding plates. Contemporary flexible vellum, covers decorated with floral corner pieces and a central fleur-de-lys, manuscript title on spine, traces of ties.<\/p>\n","protected":false},"featured_media":78150,"comment_status":"open","ping_status":"closed","template":"","meta":{"_acf_changed":false},"product_brand":[],"product_cat":[550],"product_tag":[1330],"class_list":{"0":"post-78157","1":"product","2":"type-product","3":"status-publish","4":"has-post-thumbnail","6":"product_cat-science","7":"product_tag-mathematics","8":"pa_auteur-faulhaber-johann-2","9":"pa_type-de-livre-printed-book","11":"first","12":"instock","13":"shipping-taxable","14":"purchasable","15":"product-type-simple"},"acf":{"artist":" Johann FAULHABER","chapeau":"","adresse_bibliographique":"Francfort, Wolffgang Richter pour Anton Hummen, 1610","book_type":"Printed book","provenance":"","afficher_prix":""},"yoast_head":"<!-- This site is optimized with the Yoast SEO plugin v24.7 - https:\/\/yoast.com\/wordpress\/plugins\/seo\/ -->\n<title>FAULHABER Johann Newe geometrische und perspectivische Inventiones etlicher sonderbarer Instrument, die zum perspectivischen Grundreissen der Pasteyen und Vestungen, wie auch zum planimetrischen Grundlegen der St\u00e4tt, Feldl\u00e4ger und Landtschafften, dessgleichen zur B\u00fcchsenmeisterey sehr n\u00fctzlich unnd gebrauchsam seynd. - Libairie Clavreuil<\/title>\n<meta name=\"robots\" content=\"index, follow, max-snippet:-1, max-image-preview:large, max-video-preview:-1\" \/>\n<link rel=\"canonical\" href=\"https:\/\/www.librairieclavreuil.com\/en\/faulhaber-johann-newe-geometrische-und-perspectivische-inventiones-etlicher-sonderbarer-instrument-die-zum-perspectivischen-grundreissen-der-pasteyen-und-vestungen-wie-auch-zum-planimetrischen-grun\/\" \/>\n<meta property=\"og:locale\" content=\"en_US\" \/>\n<meta property=\"og:type\" content=\"article\" \/>\n<meta property=\"og:title\" content=\"FAULHABER Johann Newe geometrische und perspectivische Inventiones etlicher sonderbarer Instrument, die zum perspectivischen Grundreissen der Pasteyen und Vestungen, wie auch zum planimetrischen Grundlegen der St\u00e4tt, Feldl\u00e4ger und Landtschafften, dessgleichen zur B\u00fcchsenmeisterey sehr n\u00fctzlich unnd gebrauchsam seynd. - Libairie Clavreuil\" \/>\n<meta property=\"og:description\" content=\"4to (191 x 147 mm) 38 pp., 2 engraved folding plates. Contemporary flexible vellum, covers decorated with floral corner pieces and a central fleur-de-lys, manuscript title on spine, traces of ties.\" \/>\n<meta property=\"og:url\" content=\"https:\/\/www.librairieclavreuil.com\/en\/faulhaber-johann-newe-geometrische-und-perspectivische-inventiones-etlicher-sonderbarer-instrument-die-zum-perspectivischen-grundreissen-der-pasteyen-und-vestungen-wie-auch-zum-planimetrischen-grun\/\" \/>\n<meta property=\"og:site_name\" content=\"Libairie Clavreuil\" \/>\n<meta property=\"article:modified_time\" content=\"2025-06-05T12:11:06+00:00\" \/>\n<meta property=\"og:image\" content=\"https:\/\/www.librairieclavreuil.com\/wp-content\/uploads\/2024\/06\/johann-faulhaber-newe-geometrische-und-perspectivische-inventiones-etlicher-sonderbarer-instrument-die-zum-perspectivischen-grundreissen-der-pasteyen--scaled.jpg\" \/>\n\t<meta property=\"og:image:width\" content=\"1707\" \/>\n\t<meta property=\"og:image:height\" content=\"2560\" \/>\n\t<meta property=\"og:image:type\" content=\"image\/jpeg\" \/>\n<meta name=\"twitter:card\" content=\"summary_large_image\" \/>\n<meta name=\"twitter:label1\" content=\"Est. reading time\" \/>\n\t<meta name=\"twitter:data1\" content=\"1 minute\" \/>\n<script type=\"application\/ld+json\" class=\"yoast-schema-graph\">{\"@context\":\"https:\/\/schema.org\",\"@graph\":[{\"@type\":\"WebPage\",\"@id\":\"https:\/\/www.librairieclavreuil.com\/en\/faulhaber-johann-newe-geometrische-und-perspectivische-inventiones-etlicher-sonderbarer-instrument-die-zum-perspectivischen-grundreissen-der-pasteyen-und-vestungen-wie-auch-zum-planimetrischen-grun\/\",\"url\":\"https:\/\/www.librairieclavreuil.com\/en\/faulhaber-johann-newe-geometrische-und-perspectivische-inventiones-etlicher-sonderbarer-instrument-die-zum-perspectivischen-grundreissen-der-pasteyen-und-vestungen-wie-auch-zum-planimetrischen-grun\/\",\"name\":\"FAULHABER Johann Newe geometrische und perspectivische Inventiones etlicher sonderbarer Instrument, die zum perspectivischen Grundreissen der Pasteyen und Vestungen, wie auch zum planimetrischen Grundlegen der St\u00e4tt, Feldl\u00e4ger und Landtschafften, dessgleichen zur B\u00fcchsenmeisterey sehr n\u00fctzlich unnd gebrauchsam seynd. - Libairie Clavreuil\",\"isPartOf\":{\"@id\":\"https:\/\/www.librairieclavreuil.com\/#website\"},\"primaryImageOfPage\":{\"@id\":\"https:\/\/www.librairieclavreuil.com\/en\/faulhaber-johann-newe-geometrische-und-perspectivische-inventiones-etlicher-sonderbarer-instrument-die-zum-perspectivischen-grundreissen-der-pasteyen-und-vestungen-wie-auch-zum-planimetrischen-grun\/#primaryimage\"},\"image\":{\"@id\":\"https:\/\/www.librairieclavreuil.com\/en\/faulhaber-johann-newe-geometrische-und-perspectivische-inventiones-etlicher-sonderbarer-instrument-die-zum-perspectivischen-grundreissen-der-pasteyen-und-vestungen-wie-auch-zum-planimetrischen-grun\/#primaryimage\"},\"thumbnailUrl\":\"https:\/\/www.librairieclavreuil.com\/wp-content\/uploads\/2024\/06\/johann-faulhaber-newe-geometrische-und-perspectivische-inventiones-etlicher-sonderbarer-instrument-die-zum-perspectivischen-grundreissen-der-pasteyen--scaled.jpg\",\"datePublished\":\"2024-06-11T15:22:23+00:00\",\"dateModified\":\"2025-06-05T12:11:06+00:00\",\"breadcrumb\":{\"@id\":\"https:\/\/www.librairieclavreuil.com\/en\/faulhaber-johann-newe-geometrische-und-perspectivische-inventiones-etlicher-sonderbarer-instrument-die-zum-perspectivischen-grundreissen-der-pasteyen-und-vestungen-wie-auch-zum-planimetrischen-grun\/#breadcrumb\"},\"inLanguage\":\"en-US\",\"potentialAction\":[{\"@type\":\"ReadAction\",\"target\":[\"https:\/\/www.librairieclavreuil.com\/en\/faulhaber-johann-newe-geometrische-und-perspectivische-inventiones-etlicher-sonderbarer-instrument-die-zum-perspectivischen-grundreissen-der-pasteyen-und-vestungen-wie-auch-zum-planimetrischen-grun\/\"]}]},{\"@type\":\"ImageObject\",\"inLanguage\":\"en-US\",\"@id\":\"https:\/\/www.librairieclavreuil.com\/en\/faulhaber-johann-newe-geometrische-und-perspectivische-inventiones-etlicher-sonderbarer-instrument-die-zum-perspectivischen-grundreissen-der-pasteyen-und-vestungen-wie-auch-zum-planimetrischen-grun\/#primaryimage\",\"url\":\"https:\/\/www.librairieclavreuil.com\/wp-content\/uploads\/2024\/06\/johann-faulhaber-newe-geometrische-und-perspectivische-inventiones-etlicher-sonderbarer-instrument-die-zum-perspectivischen-grundreissen-der-pasteyen--scaled.jpg\",\"contentUrl\":\"https:\/\/www.librairieclavreuil.com\/wp-content\/uploads\/2024\/06\/johann-faulhaber-newe-geometrische-und-perspectivische-inventiones-etlicher-sonderbarer-instrument-die-zum-perspectivischen-grundreissen-der-pasteyen--scaled.jpg\",\"width\":1707,\"height\":2560},{\"@type\":\"BreadcrumbList\",\"@id\":\"https:\/\/www.librairieclavreuil.com\/en\/faulhaber-johann-newe-geometrische-und-perspectivische-inventiones-etlicher-sonderbarer-instrument-die-zum-perspectivischen-grundreissen-der-pasteyen-und-vestungen-wie-auch-zum-planimetrischen-grun\/#breadcrumb\",\"itemListElement\":[{\"@type\":\"ListItem\",\"position\":1,\"name\":\"Accueil\",\"item\":\"https:\/\/www.librairieclavreuil.com\/\"},{\"@type\":\"ListItem\",\"position\":2,\"name\":\"All our books\",\"item\":\"https:\/\/www.librairieclavreuil.com\/en\/all-our-books\/\"},{\"@type\":\"ListItem\",\"position\":3,\"name\":\"FAULHABER Johann Newe geometrische und perspectivische Inventiones etlicher...\"}]},{\"@type\":\"WebSite\",\"@id\":\"https:\/\/www.librairieclavreuil.com\/#website\",\"url\":\"https:\/\/www.librairieclavreuil.com\/\",\"name\":\"Libairie Clavreuil\",\"description\":\"Livres anciens, manuscrits rares et \u00e9ditions originales \u2013 Librairie Clavreuil\",\"publisher\":{\"@id\":\"https:\/\/www.librairieclavreuil.com\/#organization\"},\"potentialAction\":[{\"@type\":\"SearchAction\",\"target\":{\"@type\":\"EntryPoint\",\"urlTemplate\":\"https:\/\/www.librairieclavreuil.com\/?s={search_term_string}\"},\"query-input\":{\"@type\":\"PropertyValueSpecification\",\"valueRequired\":true,\"valueName\":\"search_term_string\"}}],\"inLanguage\":\"en-US\"},{\"@type\":\"Organization\",\"@id\":\"https:\/\/www.librairieclavreuil.com\/#organization\",\"name\":\"Libairie Clavreuil\",\"url\":\"https:\/\/www.librairieclavreuil.com\/\",\"logo\":{\"@type\":\"ImageObject\",\"inLanguage\":\"en-US\",\"@id\":\"https:\/\/www.librairieclavreuil.com\/#\/schema\/logo\/image\/\",\"url\":\"https:\/\/www.librairieclavreuil.com\/wp-content\/uploads\/2021\/06\/cropped-LOGO_PNG_DATE-_gold-512x512-1.png\",\"contentUrl\":\"https:\/\/www.librairieclavreuil.com\/wp-content\/uploads\/2021\/06\/cropped-LOGO_PNG_DATE-_gold-512x512-1.png\",\"width\":512,\"height\":512,\"caption\":\"Libairie Clavreuil\"},\"image\":{\"@id\":\"https:\/\/www.librairieclavreuil.com\/#\/schema\/logo\/image\/\"},\"sameAs\":[\"https:\/\/www.instagram.com\/librairieclavreuil\/\"]}]}<\/script>\n<!-- \/ Yoast SEO plugin. -->","yoast_head_json":{"title":"FAULHABER Johann Newe geometrische und perspectivische Inventiones etlicher sonderbarer Instrument, die zum perspectivischen Grundreissen der Pasteyen und Vestungen, wie auch zum planimetrischen Grundlegen der St\u00e4tt, Feldl\u00e4ger und Landtschafften, dessgleichen zur B\u00fcchsenmeisterey sehr n\u00fctzlich unnd gebrauchsam seynd. - Libairie Clavreuil","robots":{"index":"index","follow":"follow","max-snippet":"max-snippet:-1","max-image-preview":"max-image-preview:large","max-video-preview":"max-video-preview:-1"},"canonical":"https:\/\/www.librairieclavreuil.com\/en\/faulhaber-johann-newe-geometrische-und-perspectivische-inventiones-etlicher-sonderbarer-instrument-die-zum-perspectivischen-grundreissen-der-pasteyen-und-vestungen-wie-auch-zum-planimetrischen-grun\/","og_locale":"en_US","og_type":"article","og_title":"FAULHABER Johann Newe geometrische und perspectivische Inventiones etlicher sonderbarer Instrument, die zum perspectivischen Grundreissen der Pasteyen und Vestungen, wie auch zum planimetrischen Grundlegen der St\u00e4tt, Feldl\u00e4ger und Landtschafften, dessgleichen zur B\u00fcchsenmeisterey sehr n\u00fctzlich unnd gebrauchsam seynd. - Libairie Clavreuil","og_description":"4to (191 x 147 mm) 38 pp., 2 engraved folding plates. Contemporary flexible vellum, covers decorated with floral corner pieces and a central fleur-de-lys, manuscript title on spine, traces of ties.","og_url":"https:\/\/www.librairieclavreuil.com\/en\/faulhaber-johann-newe-geometrische-und-perspectivische-inventiones-etlicher-sonderbarer-instrument-die-zum-perspectivischen-grundreissen-der-pasteyen-und-vestungen-wie-auch-zum-planimetrischen-grun\/","og_site_name":"Libairie Clavreuil","article_modified_time":"2025-06-05T12:11:06+00:00","og_image":[{"width":1707,"height":2560,"url":"https:\/\/www.librairieclavreuil.com\/wp-content\/uploads\/2024\/06\/johann-faulhaber-newe-geometrische-und-perspectivische-inventiones-etlicher-sonderbarer-instrument-die-zum-perspectivischen-grundreissen-der-pasteyen--scaled.jpg","type":"image\/jpeg"}],"twitter_card":"summary_large_image","twitter_misc":{"Est. reading time":"1 minute"},"schema":{"@context":"https:\/\/schema.org","@graph":[{"@type":"WebPage","@id":"https:\/\/www.librairieclavreuil.com\/en\/faulhaber-johann-newe-geometrische-und-perspectivische-inventiones-etlicher-sonderbarer-instrument-die-zum-perspectivischen-grundreissen-der-pasteyen-und-vestungen-wie-auch-zum-planimetrischen-grun\/","url":"https:\/\/www.librairieclavreuil.com\/en\/faulhaber-johann-newe-geometrische-und-perspectivische-inventiones-etlicher-sonderbarer-instrument-die-zum-perspectivischen-grundreissen-der-pasteyen-und-vestungen-wie-auch-zum-planimetrischen-grun\/","name":"FAULHABER Johann Newe geometrische und perspectivische Inventiones etlicher sonderbarer Instrument, die zum perspectivischen Grundreissen der Pasteyen und Vestungen, wie auch zum planimetrischen Grundlegen der St\u00e4tt, Feldl\u00e4ger und Landtschafften, dessgleichen zur B\u00fcchsenmeisterey sehr n\u00fctzlich unnd gebrauchsam seynd. - Libairie Clavreuil","isPartOf":{"@id":"https:\/\/www.librairieclavreuil.com\/#website"},"primaryImageOfPage":{"@id":"https:\/\/www.librairieclavreuil.com\/en\/faulhaber-johann-newe-geometrische-und-perspectivische-inventiones-etlicher-sonderbarer-instrument-die-zum-perspectivischen-grundreissen-der-pasteyen-und-vestungen-wie-auch-zum-planimetrischen-grun\/#primaryimage"},"image":{"@id":"https:\/\/www.librairieclavreuil.com\/en\/faulhaber-johann-newe-geometrische-und-perspectivische-inventiones-etlicher-sonderbarer-instrument-die-zum-perspectivischen-grundreissen-der-pasteyen-und-vestungen-wie-auch-zum-planimetrischen-grun\/#primaryimage"},"thumbnailUrl":"https:\/\/www.librairieclavreuil.com\/wp-content\/uploads\/2024\/06\/johann-faulhaber-newe-geometrische-und-perspectivische-inventiones-etlicher-sonderbarer-instrument-die-zum-perspectivischen-grundreissen-der-pasteyen--scaled.jpg","datePublished":"2024-06-11T15:22:23+00:00","dateModified":"2025-06-05T12:11:06+00:00","breadcrumb":{"@id":"https:\/\/www.librairieclavreuil.com\/en\/faulhaber-johann-newe-geometrische-und-perspectivische-inventiones-etlicher-sonderbarer-instrument-die-zum-perspectivischen-grundreissen-der-pasteyen-und-vestungen-wie-auch-zum-planimetrischen-grun\/#breadcrumb"},"inLanguage":"en-US","potentialAction":[{"@type":"ReadAction","target":["https:\/\/www.librairieclavreuil.com\/en\/faulhaber-johann-newe-geometrische-und-perspectivische-inventiones-etlicher-sonderbarer-instrument-die-zum-perspectivischen-grundreissen-der-pasteyen-und-vestungen-wie-auch-zum-planimetrischen-grun\/"]}]},{"@type":"ImageObject","inLanguage":"en-US","@id":"https:\/\/www.librairieclavreuil.com\/en\/faulhaber-johann-newe-geometrische-und-perspectivische-inventiones-etlicher-sonderbarer-instrument-die-zum-perspectivischen-grundreissen-der-pasteyen-und-vestungen-wie-auch-zum-planimetrischen-grun\/#primaryimage","url":"https:\/\/www.librairieclavreuil.com\/wp-content\/uploads\/2024\/06\/johann-faulhaber-newe-geometrische-und-perspectivische-inventiones-etlicher-sonderbarer-instrument-die-zum-perspectivischen-grundreissen-der-pasteyen--scaled.jpg","contentUrl":"https:\/\/www.librairieclavreuil.com\/wp-content\/uploads\/2024\/06\/johann-faulhaber-newe-geometrische-und-perspectivische-inventiones-etlicher-sonderbarer-instrument-die-zum-perspectivischen-grundreissen-der-pasteyen--scaled.jpg","width":1707,"height":2560},{"@type":"BreadcrumbList","@id":"https:\/\/www.librairieclavreuil.com\/en\/faulhaber-johann-newe-geometrische-und-perspectivische-inventiones-etlicher-sonderbarer-instrument-die-zum-perspectivischen-grundreissen-der-pasteyen-und-vestungen-wie-auch-zum-planimetrischen-grun\/#breadcrumb","itemListElement":[{"@type":"ListItem","position":1,"name":"Accueil","item":"https:\/\/www.librairieclavreuil.com\/"},{"@type":"ListItem","position":2,"name":"All our books","item":"https:\/\/www.librairieclavreuil.com\/en\/all-our-books\/"},{"@type":"ListItem","position":3,"name":"FAULHABER Johann Newe geometrische und perspectivische Inventiones etlicher..."}]},{"@type":"WebSite","@id":"https:\/\/www.librairieclavreuil.com\/#website","url":"https:\/\/www.librairieclavreuil.com\/","name":"Libairie Clavreuil","description":"Livres anciens, manuscrits rares et \u00e9ditions originales \u2013 Librairie Clavreuil","publisher":{"@id":"https:\/\/www.librairieclavreuil.com\/#organization"},"potentialAction":[{"@type":"SearchAction","target":{"@type":"EntryPoint","urlTemplate":"https:\/\/www.librairieclavreuil.com\/?s={search_term_string}"},"query-input":{"@type":"PropertyValueSpecification","valueRequired":true,"valueName":"search_term_string"}}],"inLanguage":"en-US"},{"@type":"Organization","@id":"https:\/\/www.librairieclavreuil.com\/#organization","name":"Libairie Clavreuil","url":"https:\/\/www.librairieclavreuil.com\/","logo":{"@type":"ImageObject","inLanguage":"en-US","@id":"https:\/\/www.librairieclavreuil.com\/#\/schema\/logo\/image\/","url":"https:\/\/www.librairieclavreuil.com\/wp-content\/uploads\/2021\/06\/cropped-LOGO_PNG_DATE-_gold-512x512-1.png","contentUrl":"https:\/\/www.librairieclavreuil.com\/wp-content\/uploads\/2021\/06\/cropped-LOGO_PNG_DATE-_gold-512x512-1.png","width":512,"height":512,"caption":"Libairie Clavreuil"},"image":{"@id":"https:\/\/www.librairieclavreuil.com\/#\/schema\/logo\/image\/"},"sameAs":["https:\/\/www.instagram.com\/librairieclavreuil\/"]}]}},"jetpack_sharing_enabled":true,"_links":{"self":[{"href":"https:\/\/www.librairieclavreuil.com\/en\/wp-json\/wp\/v2\/product\/78157","targetHints":{"allow":["GET"]}}],"collection":[{"href":"https:\/\/www.librairieclavreuil.com\/en\/wp-json\/wp\/v2\/product"}],"about":[{"href":"https:\/\/www.librairieclavreuil.com\/en\/wp-json\/wp\/v2\/types\/product"}],"replies":[{"embeddable":true,"href":"https:\/\/www.librairieclavreuil.com\/en\/wp-json\/wp\/v2\/comments?post=78157"}],"wp:featuredmedia":[{"embeddable":true,"href":"https:\/\/www.librairieclavreuil.com\/en\/wp-json\/wp\/v2\/media\/78150"}],"wp:attachment":[{"href":"https:\/\/www.librairieclavreuil.com\/en\/wp-json\/wp\/v2\/media?parent=78157"}],"wp:term":[{"taxonomy":"product_brand","embeddable":true,"href":"https:\/\/www.librairieclavreuil.com\/en\/wp-json\/wp\/v2\/product_brand?post=78157"},{"taxonomy":"product_cat","embeddable":true,"href":"https:\/\/www.librairieclavreuil.com\/en\/wp-json\/wp\/v2\/product_cat?post=78157"},{"taxonomy":"product_tag","embeddable":true,"href":"https:\/\/www.librairieclavreuil.com\/en\/wp-json\/wp\/v2\/product_tag?post=78157"}],"curies":[{"name":"wp","href":"https:\/\/api.w.org\/{rel}","templated":true}]}}