{"id":78083,"date":"2024-06-11T16:58:23","date_gmt":"2024-06-11T14:58:23","guid":{"rendered":"https:\/\/www.librairieclavreuil.com\/chavigny-jean-aime-de-commentaires-du-sr-de-chavigny-beaunois-sur-les-centuries-et-prognostications-de-feu-m-michel-de-nostradamus\/"},"modified":"2024-06-11T16:58:37","modified_gmt":"2024-06-11T14:58:37","slug":"chavigny-jean-aime-de-commentaires-du-sr-de-chavigny-beaunois-sur-les-centuries-et-prognostications-de-feu-m-michel-de-nostradamus","status":"publish","type":"product","link":"https:\/\/www.librairieclavreuil.com\/en\/chavigny-jean-aime-de-commentaires-du-sr-de-chavigny-beaunois-sur-les-centuries-et-prognostications-de-feu-m-michel-de-nostradamus\/","title":{"rendered":"CHAVIGNY Jean-Aim\u00e9 de Commentaires du Sr de Chavigny..."},"content":{"rendered":"<p style=\"text-align:justify\"><i>USTC 12761 ; Brunet, I, col. 1828 ; Caillet, n\u00b0 2304 ; Chomarat-Laroche, Bibliographie Nostradamus, n\u00b0 160 ; Benazra, R\u00e9pertoire chronologique nostradamique, pp. 142-143.<\/i><\/p>\n<p style=\"text-align:justify\"><span style=\"font-variant:small-caps\">First edition of this fundamental work for Nostradamist studies.<\/span><\/p>\n<p style=\"text-align:justify\">Poet, astrologer and doctor, Jean-Aim\u00e9 de Chavigny (1524-1604) had left his home town of Beaune to settle in Salon-de-Provence with Nostradamus, whom he assisted until his death as a disciple and friend. Chavigny met Nostradamus in Salon in the summer of 1560, at the age of 27. On the following 1 September, while in Aix, he wrote to Nostradamus to thank him for his welcome and also for having kindly drawn up his birth chart. After a few exchanges of letters, Chevigny returned to Salon the following summer and became the astrologer&#8217;s private secretary, employed by the latter partly because of his terrible handwriting.<\/p>\n<p style=\"text-align:justify\">Nostradamus (1503-1566) is presented here through the magnifying glass of his secretary, who in this extremely rare little work wanted not only to pay tribute to the author of the famous Centuries, but also to sweep away all the slander that flourished against his master from the time of his death.<\/p>\n<p style=\"text-align:justify\">\u2018Later in his life several of his astrological clients complained of his execrable hand. This was partly why he eventually resorted to employing a secretary, Chavigny\u2019 (Wilson, The man Behind the Prophecies, p. 18).<\/p>\n<p style=\"text-align:justify\">This extremely rare work begins with a \u2018&#8221;brief discours sur la vie de M. Michel de Nostre Dame&#8221;, the first biography of the astrologer. It is followed by commentaries &#8211; of which there are 347 &#8211; on Nostradame&#8217;s prophecies \u2018advenues depuis l&#8217;an 1534 jusqu&#8217;\u00e0 pr\u00e9sent\u2019. The last 6 leaves contain the omens \u2018&#8221;advenement \u00e0 la couronne de France, de tr\u00e8s illustre et tr\u00e8s g\u00e9n\u00e9raux prince, Henry de Bourbon, Roi de Navarre&#8221;.<\/p>\n<p style=\"text-align:justify\">The privilege of this edition was shared between the booksellers Gilles Robinot and Anthoine du Brueil. The title bears Robinot&#8217;s large printer&#8217;s mark.<\/p>\n<p style=\"text-align:justify\">A very rare work of which we have only been able to find one copy at public sale (very damaged and with a facsimile leaf).<\/p>\n<p style=\"text-align:justify\">A fine copy, old angular restoration of paper in D3, spine faded.<\/p>\n<p style=\"text-align:justify\">Provenance: Antoine-Bernard Caillard (1737-1807 ; sale Paris, 1810, n\u00b0 603, 4 livres 10 sols) &#8211; Jean Blondelet (his signature on the lower fly-leaf).<\/p>\n","protected":false},"excerpt":{"rendered":"<p style=\"text-align:justify\">8vo (167 x 101 mm). 80 ll. including last blank. Erroneous foliation: [1]-4, 7-74, 74-80. Collation :&nbsp;A<sup>4<\/sup> B<sup>2<\/sup> C-S<sup>4<\/sup> T<sup>2<\/sup> V-X<sup>4<\/sup> (X4 blank).&nbsp; 18th century light blue morocco, triple git filet on covers, flat spine gilt wiht vertical gilt lettering, gilt edges (slightly sunned).<\/p>\n","protected":false},"featured_media":78076,"comment_status":"open","ping_status":"closed","template":"","meta":{"_acf_changed":false},"product_brand":[],"product_cat":[544],"product_tag":[1243,1267,1450],"class_list":{"0":"post-78083","1":"product","2":"type-product","3":"status-publish","4":"has-post-thumbnail","6":"product_cat-literature","7":"product_tag-16th-century-literature","8":"product_tag-binding","9":"product_tag-first-edition","10":"pa_auteur-chavigny-jean-aime-de-2","11":"pa_type-de-livre-printed-book","13":"first","14":"instock","15":"shipping-taxable","16":"purchasable","17":"product-type-simple"},"acf":{"artist":"Jean-Aim\u00e9 de CHAVIGNY","chapeau":"Nostradamus\u2019 first biography","adresse_bibliographique":"Paris, Gilles Robinot, 1596","book_type":"Printed book","provenance":"","afficher_prix":""},"yoast_head":"<!-- This site is optimized with the Yoast SEO plugin v24.7 - https:\/\/yoast.com\/wordpress\/plugins\/seo\/ -->\n<title>CHAVIGNY Jean-Aim\u00e9 de Commentaires du Sr de Chavigny Beaunois sur les Centuries et Prognostications de feu M. Michel de Nostradamus. - Libairie Clavreuil<\/title>\n<meta name=\"robots\" content=\"index, follow, max-snippet:-1, max-image-preview:large, max-video-preview:-1\" \/>\n<link rel=\"canonical\" href=\"https:\/\/www.librairieclavreuil.com\/en\/chavigny-jean-aime-de-commentaires-du-sr-de-chavigny-beaunois-sur-les-centuries-et-prognostications-de-feu-m-michel-de-nostradamus\/\" \/>\n<meta property=\"og:locale\" content=\"en_US\" \/>\n<meta property=\"og:type\" content=\"article\" \/>\n<meta property=\"og:title\" content=\"CHAVIGNY Jean-Aim\u00e9 de Commentaires du Sr de Chavigny Beaunois sur les Centuries et Prognostications de feu M. Michel de Nostradamus. - Libairie Clavreuil\" \/>\n<meta property=\"og:description\" content=\"8vo (167 x 101 mm). 80 ll. including last blank. Erroneous foliation: [1]-4, 7-74, 74-80. Collation :&nbsp;A4 B2 C-S4 T2 V-X4 (X4 blank).&nbsp; 18th century light blue morocco, triple git filet on covers, flat spine gilt wiht vertical gilt lettering, gilt edges (slightly sunned).\" \/>\n<meta property=\"og:url\" content=\"https:\/\/www.librairieclavreuil.com\/en\/chavigny-jean-aime-de-commentaires-du-sr-de-chavigny-beaunois-sur-les-centuries-et-prognostications-de-feu-m-michel-de-nostradamus\/\" \/>\n<meta property=\"og:site_name\" content=\"Libairie Clavreuil\" \/>\n<meta property=\"article:modified_time\" content=\"2024-06-11T14:58:37+00:00\" \/>\n<meta property=\"og:image\" content=\"https:\/\/www.librairieclavreuil.com\/wp-content\/uploads\/2024\/06\/jean-aime-de-chavigny-commentaires-du-sr-de-chavigny-beaunois-sur-les-centuries-et-prognostications-de-feu-m-michel-de-nostradamus-9508-665ddafa952db.jpg\" \/>\n\t<meta property=\"og:image:width\" content=\"1175\" \/>\n\t<meta property=\"og:image:height\" content=\"1893\" \/>\n\t<meta property=\"og:image:type\" content=\"image\/jpeg\" \/>\n<meta name=\"twitter:card\" content=\"summary_large_image\" \/>\n<meta name=\"twitter:label1\" content=\"Est. reading time\" \/>\n\t<meta name=\"twitter:data1\" content=\"2 minutes\" \/>\n<script type=\"application\/ld+json\" class=\"yoast-schema-graph\">{\"@context\":\"https:\/\/schema.org\",\"@graph\":[{\"@type\":\"WebPage\",\"@id\":\"https:\/\/www.librairieclavreuil.com\/en\/chavigny-jean-aime-de-commentaires-du-sr-de-chavigny-beaunois-sur-les-centuries-et-prognostications-de-feu-m-michel-de-nostradamus\/\",\"url\":\"https:\/\/www.librairieclavreuil.com\/en\/chavigny-jean-aime-de-commentaires-du-sr-de-chavigny-beaunois-sur-les-centuries-et-prognostications-de-feu-m-michel-de-nostradamus\/\",\"name\":\"CHAVIGNY Jean-Aim\u00e9 de Commentaires du Sr de Chavigny Beaunois sur les Centuries et Prognostications de feu M. Michel de Nostradamus. - Libairie Clavreuil\",\"isPartOf\":{\"@id\":\"https:\/\/www.librairieclavreuil.com\/#website\"},\"primaryImageOfPage\":{\"@id\":\"https:\/\/www.librairieclavreuil.com\/en\/chavigny-jean-aime-de-commentaires-du-sr-de-chavigny-beaunois-sur-les-centuries-et-prognostications-de-feu-m-michel-de-nostradamus\/#primaryimage\"},\"image\":{\"@id\":\"https:\/\/www.librairieclavreuil.com\/en\/chavigny-jean-aime-de-commentaires-du-sr-de-chavigny-beaunois-sur-les-centuries-et-prognostications-de-feu-m-michel-de-nostradamus\/#primaryimage\"},\"thumbnailUrl\":\"https:\/\/www.librairieclavreuil.com\/wp-content\/uploads\/2024\/06\/jean-aime-de-chavigny-commentaires-du-sr-de-chavigny-beaunois-sur-les-centuries-et-prognostications-de-feu-m-michel-de-nostradamus-9508-665ddafa952db.jpg\",\"datePublished\":\"2024-06-11T14:58:23+00:00\",\"dateModified\":\"2024-06-11T14:58:37+00:00\",\"breadcrumb\":{\"@id\":\"https:\/\/www.librairieclavreuil.com\/en\/chavigny-jean-aime-de-commentaires-du-sr-de-chavigny-beaunois-sur-les-centuries-et-prognostications-de-feu-m-michel-de-nostradamus\/#breadcrumb\"},\"inLanguage\":\"en-US\",\"potentialAction\":[{\"@type\":\"ReadAction\",\"target\":[\"https:\/\/www.librairieclavreuil.com\/en\/chavigny-jean-aime-de-commentaires-du-sr-de-chavigny-beaunois-sur-les-centuries-et-prognostications-de-feu-m-michel-de-nostradamus\/\"]}]},{\"@type\":\"ImageObject\",\"inLanguage\":\"en-US\",\"@id\":\"https:\/\/www.librairieclavreuil.com\/en\/chavigny-jean-aime-de-commentaires-du-sr-de-chavigny-beaunois-sur-les-centuries-et-prognostications-de-feu-m-michel-de-nostradamus\/#primaryimage\",\"url\":\"https:\/\/www.librairieclavreuil.com\/wp-content\/uploads\/2024\/06\/jean-aime-de-chavigny-commentaires-du-sr-de-chavigny-beaunois-sur-les-centuries-et-prognostications-de-feu-m-michel-de-nostradamus-9508-665ddafa952db.jpg\",\"contentUrl\":\"https:\/\/www.librairieclavreuil.com\/wp-content\/uploads\/2024\/06\/jean-aime-de-chavigny-commentaires-du-sr-de-chavigny-beaunois-sur-les-centuries-et-prognostications-de-feu-m-michel-de-nostradamus-9508-665ddafa952db.jpg\",\"width\":1175,\"height\":1893},{\"@type\":\"BreadcrumbList\",\"@id\":\"https:\/\/www.librairieclavreuil.com\/en\/chavigny-jean-aime-de-commentaires-du-sr-de-chavigny-beaunois-sur-les-centuries-et-prognostications-de-feu-m-michel-de-nostradamus\/#breadcrumb\",\"itemListElement\":[{\"@type\":\"ListItem\",\"position\":1,\"name\":\"Accueil\",\"item\":\"https:\/\/www.librairieclavreuil.com\/\"},{\"@type\":\"ListItem\",\"position\":2,\"name\":\"All our books\",\"item\":\"https:\/\/www.librairieclavreuil.com\/en\/all-our-books\/\"},{\"@type\":\"ListItem\",\"position\":3,\"name\":\"CHAVIGNY Jean-Aim\u00e9 de Commentaires du Sr de Chavigny Beaunois sur les Centuries et Prognostications de feu M. Michel de Nostradamus.\"}]},{\"@type\":\"WebSite\",\"@id\":\"https:\/\/www.librairieclavreuil.com\/#website\",\"url\":\"https:\/\/www.librairieclavreuil.com\/\",\"name\":\"Libairie Clavreuil\",\"description\":\"Livres anciens, manuscrits rares et \u00e9ditions originales \u2013 Librairie Clavreuil\",\"publisher\":{\"@id\":\"https:\/\/www.librairieclavreuil.com\/#organization\"},\"potentialAction\":[{\"@type\":\"SearchAction\",\"target\":{\"@type\":\"EntryPoint\",\"urlTemplate\":\"https:\/\/www.librairieclavreuil.com\/?s={search_term_string}\"},\"query-input\":{\"@type\":\"PropertyValueSpecification\",\"valueRequired\":true,\"valueName\":\"search_term_string\"}}],\"inLanguage\":\"en-US\"},{\"@type\":\"Organization\",\"@id\":\"https:\/\/www.librairieclavreuil.com\/#organization\",\"name\":\"Libairie Clavreuil\",\"url\":\"https:\/\/www.librairieclavreuil.com\/\",\"logo\":{\"@type\":\"ImageObject\",\"inLanguage\":\"en-US\",\"@id\":\"https:\/\/www.librairieclavreuil.com\/#\/schema\/logo\/image\/\",\"url\":\"https:\/\/www.librairieclavreuil.com\/wp-content\/uploads\/2021\/06\/cropped-LOGO_PNG_DATE-_gold-512x512-1.png\",\"contentUrl\":\"https:\/\/www.librairieclavreuil.com\/wp-content\/uploads\/2021\/06\/cropped-LOGO_PNG_DATE-_gold-512x512-1.png\",\"width\":512,\"height\":512,\"caption\":\"Libairie Clavreuil\"},\"image\":{\"@id\":\"https:\/\/www.librairieclavreuil.com\/#\/schema\/logo\/image\/\"},\"sameAs\":[\"https:\/\/www.instagram.com\/librairieclavreuil\/\"]}]}<\/script>\n<!-- \/ Yoast SEO plugin. -->","yoast_head_json":{"title":"CHAVIGNY Jean-Aim\u00e9 de Commentaires du Sr de Chavigny Beaunois sur les Centuries et Prognostications de feu M. Michel de Nostradamus. - Libairie Clavreuil","robots":{"index":"index","follow":"follow","max-snippet":"max-snippet:-1","max-image-preview":"max-image-preview:large","max-video-preview":"max-video-preview:-1"},"canonical":"https:\/\/www.librairieclavreuil.com\/en\/chavigny-jean-aime-de-commentaires-du-sr-de-chavigny-beaunois-sur-les-centuries-et-prognostications-de-feu-m-michel-de-nostradamus\/","og_locale":"en_US","og_type":"article","og_title":"CHAVIGNY Jean-Aim\u00e9 de Commentaires du Sr de Chavigny Beaunois sur les Centuries et Prognostications de feu M. Michel de Nostradamus. - Libairie Clavreuil","og_description":"8vo (167 x 101 mm). 80 ll. including last blank. Erroneous foliation: [1]-4, 7-74, 74-80. Collation :&nbsp;A4 B2 C-S4 T2 V-X4 (X4 blank).&nbsp; 18th century light blue morocco, triple git filet on covers, flat spine gilt wiht vertical gilt lettering, gilt edges (slightly sunned).","og_url":"https:\/\/www.librairieclavreuil.com\/en\/chavigny-jean-aime-de-commentaires-du-sr-de-chavigny-beaunois-sur-les-centuries-et-prognostications-de-feu-m-michel-de-nostradamus\/","og_site_name":"Libairie Clavreuil","article_modified_time":"2024-06-11T14:58:37+00:00","og_image":[{"width":1175,"height":1893,"url":"https:\/\/www.librairieclavreuil.com\/wp-content\/uploads\/2024\/06\/jean-aime-de-chavigny-commentaires-du-sr-de-chavigny-beaunois-sur-les-centuries-et-prognostications-de-feu-m-michel-de-nostradamus-9508-665ddafa952db.jpg","type":"image\/jpeg"}],"twitter_card":"summary_large_image","twitter_misc":{"Est. reading time":"2 minutes"},"schema":{"@context":"https:\/\/schema.org","@graph":[{"@type":"WebPage","@id":"https:\/\/www.librairieclavreuil.com\/en\/chavigny-jean-aime-de-commentaires-du-sr-de-chavigny-beaunois-sur-les-centuries-et-prognostications-de-feu-m-michel-de-nostradamus\/","url":"https:\/\/www.librairieclavreuil.com\/en\/chavigny-jean-aime-de-commentaires-du-sr-de-chavigny-beaunois-sur-les-centuries-et-prognostications-de-feu-m-michel-de-nostradamus\/","name":"CHAVIGNY Jean-Aim\u00e9 de Commentaires du Sr de Chavigny Beaunois sur les Centuries et Prognostications de feu M. Michel de Nostradamus. - Libairie Clavreuil","isPartOf":{"@id":"https:\/\/www.librairieclavreuil.com\/#website"},"primaryImageOfPage":{"@id":"https:\/\/www.librairieclavreuil.com\/en\/chavigny-jean-aime-de-commentaires-du-sr-de-chavigny-beaunois-sur-les-centuries-et-prognostications-de-feu-m-michel-de-nostradamus\/#primaryimage"},"image":{"@id":"https:\/\/www.librairieclavreuil.com\/en\/chavigny-jean-aime-de-commentaires-du-sr-de-chavigny-beaunois-sur-les-centuries-et-prognostications-de-feu-m-michel-de-nostradamus\/#primaryimage"},"thumbnailUrl":"https:\/\/www.librairieclavreuil.com\/wp-content\/uploads\/2024\/06\/jean-aime-de-chavigny-commentaires-du-sr-de-chavigny-beaunois-sur-les-centuries-et-prognostications-de-feu-m-michel-de-nostradamus-9508-665ddafa952db.jpg","datePublished":"2024-06-11T14:58:23+00:00","dateModified":"2024-06-11T14:58:37+00:00","breadcrumb":{"@id":"https:\/\/www.librairieclavreuil.com\/en\/chavigny-jean-aime-de-commentaires-du-sr-de-chavigny-beaunois-sur-les-centuries-et-prognostications-de-feu-m-michel-de-nostradamus\/#breadcrumb"},"inLanguage":"en-US","potentialAction":[{"@type":"ReadAction","target":["https:\/\/www.librairieclavreuil.com\/en\/chavigny-jean-aime-de-commentaires-du-sr-de-chavigny-beaunois-sur-les-centuries-et-prognostications-de-feu-m-michel-de-nostradamus\/"]}]},{"@type":"ImageObject","inLanguage":"en-US","@id":"https:\/\/www.librairieclavreuil.com\/en\/chavigny-jean-aime-de-commentaires-du-sr-de-chavigny-beaunois-sur-les-centuries-et-prognostications-de-feu-m-michel-de-nostradamus\/#primaryimage","url":"https:\/\/www.librairieclavreuil.com\/wp-content\/uploads\/2024\/06\/jean-aime-de-chavigny-commentaires-du-sr-de-chavigny-beaunois-sur-les-centuries-et-prognostications-de-feu-m-michel-de-nostradamus-9508-665ddafa952db.jpg","contentUrl":"https:\/\/www.librairieclavreuil.com\/wp-content\/uploads\/2024\/06\/jean-aime-de-chavigny-commentaires-du-sr-de-chavigny-beaunois-sur-les-centuries-et-prognostications-de-feu-m-michel-de-nostradamus-9508-665ddafa952db.jpg","width":1175,"height":1893},{"@type":"BreadcrumbList","@id":"https:\/\/www.librairieclavreuil.com\/en\/chavigny-jean-aime-de-commentaires-du-sr-de-chavigny-beaunois-sur-les-centuries-et-prognostications-de-feu-m-michel-de-nostradamus\/#breadcrumb","itemListElement":[{"@type":"ListItem","position":1,"name":"Accueil","item":"https:\/\/www.librairieclavreuil.com\/"},{"@type":"ListItem","position":2,"name":"All our books","item":"https:\/\/www.librairieclavreuil.com\/en\/all-our-books\/"},{"@type":"ListItem","position":3,"name":"CHAVIGNY Jean-Aim\u00e9 de Commentaires du Sr de Chavigny Beaunois sur les Centuries et Prognostications de feu M. Michel de Nostradamus."}]},{"@type":"WebSite","@id":"https:\/\/www.librairieclavreuil.com\/#website","url":"https:\/\/www.librairieclavreuil.com\/","name":"Libairie Clavreuil","description":"Livres anciens, manuscrits rares et \u00e9ditions originales \u2013 Librairie Clavreuil","publisher":{"@id":"https:\/\/www.librairieclavreuil.com\/#organization"},"potentialAction":[{"@type":"SearchAction","target":{"@type":"EntryPoint","urlTemplate":"https:\/\/www.librairieclavreuil.com\/?s={search_term_string}"},"query-input":{"@type":"PropertyValueSpecification","valueRequired":true,"valueName":"search_term_string"}}],"inLanguage":"en-US"},{"@type":"Organization","@id":"https:\/\/www.librairieclavreuil.com\/#organization","name":"Libairie Clavreuil","url":"https:\/\/www.librairieclavreuil.com\/","logo":{"@type":"ImageObject","inLanguage":"en-US","@id":"https:\/\/www.librairieclavreuil.com\/#\/schema\/logo\/image\/","url":"https:\/\/www.librairieclavreuil.com\/wp-content\/uploads\/2021\/06\/cropped-LOGO_PNG_DATE-_gold-512x512-1.png","contentUrl":"https:\/\/www.librairieclavreuil.com\/wp-content\/uploads\/2021\/06\/cropped-LOGO_PNG_DATE-_gold-512x512-1.png","width":512,"height":512,"caption":"Libairie Clavreuil"},"image":{"@id":"https:\/\/www.librairieclavreuil.com\/#\/schema\/logo\/image\/"},"sameAs":["https:\/\/www.instagram.com\/librairieclavreuil\/"]}]}},"jetpack_sharing_enabled":true,"_links":{"self":[{"href":"https:\/\/www.librairieclavreuil.com\/en\/wp-json\/wp\/v2\/product\/78083","targetHints":{"allow":["GET"]}}],"collection":[{"href":"https:\/\/www.librairieclavreuil.com\/en\/wp-json\/wp\/v2\/product"}],"about":[{"href":"https:\/\/www.librairieclavreuil.com\/en\/wp-json\/wp\/v2\/types\/product"}],"replies":[{"embeddable":true,"href":"https:\/\/www.librairieclavreuil.com\/en\/wp-json\/wp\/v2\/comments?post=78083"}],"wp:featuredmedia":[{"embeddable":true,"href":"https:\/\/www.librairieclavreuil.com\/en\/wp-json\/wp\/v2\/media\/78076"}],"wp:attachment":[{"href":"https:\/\/www.librairieclavreuil.com\/en\/wp-json\/wp\/v2\/media?parent=78083"}],"wp:term":[{"taxonomy":"product_brand","embeddable":true,"href":"https:\/\/www.librairieclavreuil.com\/en\/wp-json\/wp\/v2\/product_brand?post=78083"},{"taxonomy":"product_cat","embeddable":true,"href":"https:\/\/www.librairieclavreuil.com\/en\/wp-json\/wp\/v2\/product_cat?post=78083"},{"taxonomy":"product_tag","embeddable":true,"href":"https:\/\/www.librairieclavreuil.com\/en\/wp-json\/wp\/v2\/product_tag?post=78083"}],"curies":[{"name":"wp","href":"https:\/\/api.w.org\/{rel}","templated":true}]}}