{"id":78017,"date":"2024-06-11T16:27:43","date_gmt":"2024-06-11T14:27:43","guid":{"rendered":"https:\/\/www.librairieclavreuil.com\/belon-pierre-les-observations-de-plusieurs-singularites-et-choses-memorables-trouvees-en-grece-asie-judee-egypte-arabie-autres-pays-estranges\/"},"modified":"2024-06-11T16:28:37","modified_gmt":"2024-06-11T14:28:37","slug":"belon-pierre-les-observations-de-plusieurs-singularites-et-choses-memorables-trouvees-en-grece-asie-judee-egypte-arabie-autres-pays-estranges","status":"publish","type":"product","link":"https:\/\/www.librairieclavreuil.com\/en\/belon-pierre-les-observations-de-plusieurs-singularites-et-choses-memorables-trouvees-en-grece-asie-judee-egypte-arabie-autres-pays-estranges\/","title":{"rendered":"BELON Pierre Les Observations de plusieurs singularit\u00e9s et..."},"content":{"rendered":"<p style=\"text-align:justify\"><i>Brun p. 120 ; Weber n\u00b0 153 ; Nissen, ZBI n\u00b0 304. Cf. Blackmer 115 and Atabey 93 (both for the second edition 1554), Ko\u00e7 n\u00b0 12 (for the 1555 edition). Not in Adams.<\/i><\/p>\n<p style=\"text-align:justify\"><span style=\"font-variant:small-caps\">First edition of one of the first accounts on the Middle East by a French naturalist traveller.<\/span><\/p>\n<p style=\"text-align:justify\">Pierre Belon (1517-1564) went on an expedition to the Levant between 1546 and 1549 passing by Mount Athos, Turkey, Egypt, where he visited Alexandria and Cairo. He continued his travel through Judea, Arabia, and Persia and was able to assemble detailed information on habits of its people as well as in depth information on the flora and fauna of the visited countries. After his return to France in 1553 he published <i>Les Observations de plusieurs singularitez et choses memorables trouv\u00e9es en Gr\u00e8ce, Asie, Jud\u00e9e, Egypte, Arabie, &amp; autres pays estrangers<\/i>.<\/p>\n<p style=\"text-align:justify\">The book is in fact one of the first travel accounts by a French naturalist. Divided in three parts, the book starts with the travel account until reaching Constantinople, followed by the description of the journey from Constantinople through Turkey to Egypt, the last part gives an insight to the rites and beliefs of the Turkish population as well as travel accounts to Mecca.<\/p>\n<p style=\"text-align:justify\">The 34 fine woodcuts depict plants and animals including one of the first images of a chameleon and an armadillo; the two maps depict the Bosporus and the city of Alexandria.<\/p>\n<p style=\"text-align:justify\">&#8220;His journey was inspired by a desire to see the plants and medicinal substances of which he had read, but his travels through Greece, Asia Minor, Egypt and the Holy Land resulted in observations more than merely botanical, in a most remarkable work, which discusses the antiquities, customs and manners of the countries Belon visited, as well as the natural history. His was the most documented account of the Levant which had appeared up to that time in French. Of importance is his description of Cairo after 30 years of Turkish occupation&#8221; (Blackmer).<\/p>\n<p style=\"text-align:justify\">Light occasional staining. Very good and broad margined copy in its first binding.<\/p>\n<p style=\"text-align:justify\">Provenance: book plates of Louis Duhamel and D&#8217;Henry.<\/p>\n","protected":false},"excerpt":{"rendered":"<p style=\"text-align:justify\">4to (213 x 160 mm) 12 nn.ll., 210 pp., 2 nn.ll. (privilege, errata with the large printer&#8217;s device). Contemporary flexible vellum with yapp edges, flat spine with manuscript title, title in ink on outer margin, no ties (slightly stained).<\/p>\n","protected":false},"featured_media":77996,"comment_status":"open","ping_status":"closed","template":"","meta":{"_acf_changed":false},"product_brand":[],"product_cat":[540],"product_tag":[1450,1400,1315,1402,1340],"class_list":{"0":"post-78017","1":"product","2":"type-product","3":"status-publish","4":"has-post-thumbnail","6":"product_cat-natural-history","7":"product_tag-first-edition","8":"product_tag-persia","9":"product_tag-science","10":"product_tag-turkey","11":"product_tag-zoology","12":"pa_auteur-belon-pierre-2","13":"pa_type-de-livre-printed-book","15":"first","16":"instock","17":"shipping-taxable","18":"purchasable","19":"product-type-simple"},"acf":{"artist":" Pierre BELON","chapeau":"One of the most important 16th century studies in French of the Levant","adresse_bibliographique":"Paris, Guillaume Cavellat \"\u00e0 l'enseigne de la poule grasse\", 1553","book_type":"Printed book","provenance":"","afficher_prix":""},"yoast_head":"<!-- This site is optimized with the Yoast SEO plugin v24.7 - https:\/\/yoast.com\/wordpress\/plugins\/seo\/ -->\n<title>BELON Pierre Les Observations de plusieurs singularit\u00e9s et choses m\u00e9morables trouv\u00e9es en Gr\u00e8ce, Asie, Jud\u00e9e, Egypte, Arabie, &amp; autres pays estranges. - Libairie Clavreuil<\/title>\n<meta name=\"robots\" content=\"index, follow, max-snippet:-1, max-image-preview:large, max-video-preview:-1\" \/>\n<link rel=\"canonical\" href=\"https:\/\/www.librairieclavreuil.com\/produit\/belon-pierre-les-observations-de-plusieurs-singularites-et-choses-memorables-trouvees-en-grece-asie-judee-egypte-arabie-autres-pays-estranges\/\" \/>\n<meta property=\"og:locale\" content=\"en_US\" \/>\n<meta property=\"og:type\" content=\"article\" \/>\n<meta property=\"og:title\" content=\"BELON Pierre Les Observations de plusieurs singularit\u00e9s et choses m\u00e9morables trouv\u00e9es en Gr\u00e8ce, Asie, Jud\u00e9e, Egypte, Arabie, &amp; autres pays estranges. - Libairie Clavreuil\" \/>\n<meta property=\"og:description\" content=\"4to (213 x 160 mm) 12 nn.ll., 210 pp., 2 nn.ll. (privilege, errata with the large printer&#039;s device). Contemporary flexible vellum with yapp edges, flat spine with manuscript title, title in ink on outer margin, no ties (slightly stained).\" \/>\n<meta property=\"og:url\" content=\"https:\/\/www.librairieclavreuil.com\/produit\/belon-pierre-les-observations-de-plusieurs-singularites-et-choses-memorables-trouvees-en-grece-asie-judee-egypte-arabie-autres-pays-estranges\/\" \/>\n<meta property=\"og:site_name\" content=\"Libairie Clavreuil\" \/>\n<meta property=\"article:modified_time\" content=\"2024-06-11T14:28:37+00:00\" \/>\n<meta property=\"og:image\" content=\"https:\/\/www.librairieclavreuil.com\/wp-content\/uploads\/2024\/06\/pierre-belon-les-observations-de-plusieurs-singularites-et-choses-memorables-trouvees-en-grece-asie-judee-egypte-arabie-autres-pays-estranges-8159-664-scaled.jpg\" \/>\n\t<meta property=\"og:image:width\" content=\"2003\" \/>\n\t<meta property=\"og:image:height\" content=\"2560\" \/>\n\t<meta property=\"og:image:type\" content=\"image\/jpeg\" \/>\n<meta name=\"twitter:card\" content=\"summary_large_image\" \/>\n<meta name=\"twitter:label1\" content=\"Est. reading time\" \/>\n\t<meta name=\"twitter:data1\" content=\"2 minutes\" \/>\n<script type=\"application\/ld+json\" class=\"yoast-schema-graph\">{\"@context\":\"https:\/\/schema.org\",\"@graph\":[{\"@type\":\"WebPage\",\"@id\":\"https:\/\/www.librairieclavreuil.com\/produit\/belon-pierre-les-observations-de-plusieurs-singularites-et-choses-memorables-trouvees-en-grece-asie-judee-egypte-arabie-autres-pays-estranges\/\",\"url\":\"https:\/\/www.librairieclavreuil.com\/produit\/belon-pierre-les-observations-de-plusieurs-singularites-et-choses-memorables-trouvees-en-grece-asie-judee-egypte-arabie-autres-pays-estranges\/\",\"name\":\"BELON Pierre Les Observations de plusieurs singularit\u00e9s et choses m\u00e9morables trouv\u00e9es en Gr\u00e8ce, Asie, Jud\u00e9e, Egypte, Arabie, &amp; autres pays estranges. - Libairie Clavreuil\",\"isPartOf\":{\"@id\":\"https:\/\/www.librairieclavreuil.com\/#website\"},\"primaryImageOfPage\":{\"@id\":\"https:\/\/www.librairieclavreuil.com\/produit\/belon-pierre-les-observations-de-plusieurs-singularites-et-choses-memorables-trouvees-en-grece-asie-judee-egypte-arabie-autres-pays-estranges\/#primaryimage\"},\"image\":{\"@id\":\"https:\/\/www.librairieclavreuil.com\/produit\/belon-pierre-les-observations-de-plusieurs-singularites-et-choses-memorables-trouvees-en-grece-asie-judee-egypte-arabie-autres-pays-estranges\/#primaryimage\"},\"thumbnailUrl\":\"https:\/\/www.librairieclavreuil.com\/wp-content\/uploads\/2024\/06\/pierre-belon-les-observations-de-plusieurs-singularites-et-choses-memorables-trouvees-en-grece-asie-judee-egypte-arabie-autres-pays-estranges-8159-664-scaled.jpg\",\"datePublished\":\"2024-06-11T14:27:43+00:00\",\"dateModified\":\"2024-06-11T14:28:37+00:00\",\"breadcrumb\":{\"@id\":\"https:\/\/www.librairieclavreuil.com\/produit\/belon-pierre-les-observations-de-plusieurs-singularites-et-choses-memorables-trouvees-en-grece-asie-judee-egypte-arabie-autres-pays-estranges\/#breadcrumb\"},\"inLanguage\":\"en-US\",\"potentialAction\":[{\"@type\":\"ReadAction\",\"target\":[\"https:\/\/www.librairieclavreuil.com\/produit\/belon-pierre-les-observations-de-plusieurs-singularites-et-choses-memorables-trouvees-en-grece-asie-judee-egypte-arabie-autres-pays-estranges\/\"]}]},{\"@type\":\"ImageObject\",\"inLanguage\":\"en-US\",\"@id\":\"https:\/\/www.librairieclavreuil.com\/produit\/belon-pierre-les-observations-de-plusieurs-singularites-et-choses-memorables-trouvees-en-grece-asie-judee-egypte-arabie-autres-pays-estranges\/#primaryimage\",\"url\":\"https:\/\/www.librairieclavreuil.com\/wp-content\/uploads\/2024\/06\/pierre-belon-les-observations-de-plusieurs-singularites-et-choses-memorables-trouvees-en-grece-asie-judee-egypte-arabie-autres-pays-estranges-8159-664-scaled.jpg\",\"contentUrl\":\"https:\/\/www.librairieclavreuil.com\/wp-content\/uploads\/2024\/06\/pierre-belon-les-observations-de-plusieurs-singularites-et-choses-memorables-trouvees-en-grece-asie-judee-egypte-arabie-autres-pays-estranges-8159-664-scaled.jpg\",\"width\":2003,\"height\":2560},{\"@type\":\"BreadcrumbList\",\"@id\":\"https:\/\/www.librairieclavreuil.com\/produit\/belon-pierre-les-observations-de-plusieurs-singularites-et-choses-memorables-trouvees-en-grece-asie-judee-egypte-arabie-autres-pays-estranges\/#breadcrumb\",\"itemListElement\":[{\"@type\":\"ListItem\",\"position\":1,\"name\":\"Accueil\",\"item\":\"https:\/\/www.librairieclavreuil.com\/\"},{\"@type\":\"ListItem\",\"position\":2,\"name\":\"All our books\",\"item\":\"https:\/\/www.librairieclavreuil.com\/en\/all-our-books\/\"},{\"@type\":\"ListItem\",\"position\":3,\"name\":\"BELON Pierre Les Observations de plusieurs singularit\u00e9s et...\"}]},{\"@type\":\"WebSite\",\"@id\":\"https:\/\/www.librairieclavreuil.com\/#website\",\"url\":\"https:\/\/www.librairieclavreuil.com\/\",\"name\":\"Libairie Clavreuil\",\"description\":\"Livres anciens, manuscrits rares et \u00e9ditions originales \u2013 Librairie Clavreuil\",\"publisher\":{\"@id\":\"https:\/\/www.librairieclavreuil.com\/#organization\"},\"potentialAction\":[{\"@type\":\"SearchAction\",\"target\":{\"@type\":\"EntryPoint\",\"urlTemplate\":\"https:\/\/www.librairieclavreuil.com\/?s={search_term_string}\"},\"query-input\":{\"@type\":\"PropertyValueSpecification\",\"valueRequired\":true,\"valueName\":\"search_term_string\"}}],\"inLanguage\":\"en-US\"},{\"@type\":\"Organization\",\"@id\":\"https:\/\/www.librairieclavreuil.com\/#organization\",\"name\":\"Libairie Clavreuil\",\"url\":\"https:\/\/www.librairieclavreuil.com\/\",\"logo\":{\"@type\":\"ImageObject\",\"inLanguage\":\"en-US\",\"@id\":\"https:\/\/www.librairieclavreuil.com\/#\/schema\/logo\/image\/\",\"url\":\"https:\/\/www.librairieclavreuil.com\/wp-content\/uploads\/2021\/06\/cropped-LOGO_PNG_DATE-_gold-512x512-1.png\",\"contentUrl\":\"https:\/\/www.librairieclavreuil.com\/wp-content\/uploads\/2021\/06\/cropped-LOGO_PNG_DATE-_gold-512x512-1.png\",\"width\":512,\"height\":512,\"caption\":\"Libairie Clavreuil\"},\"image\":{\"@id\":\"https:\/\/www.librairieclavreuil.com\/#\/schema\/logo\/image\/\"},\"sameAs\":[\"https:\/\/www.instagram.com\/librairieclavreuil\/\"]}]}<\/script>\n<!-- \/ Yoast SEO plugin. -->","yoast_head_json":{"title":"BELON Pierre Les Observations de plusieurs singularit\u00e9s et choses m\u00e9morables trouv\u00e9es en Gr\u00e8ce, Asie, Jud\u00e9e, Egypte, Arabie, &amp; autres pays estranges. - Libairie Clavreuil","robots":{"index":"index","follow":"follow","max-snippet":"max-snippet:-1","max-image-preview":"max-image-preview:large","max-video-preview":"max-video-preview:-1"},"canonical":"https:\/\/www.librairieclavreuil.com\/produit\/belon-pierre-les-observations-de-plusieurs-singularites-et-choses-memorables-trouvees-en-grece-asie-judee-egypte-arabie-autres-pays-estranges\/","og_locale":"en_US","og_type":"article","og_title":"BELON Pierre Les Observations de plusieurs singularit\u00e9s et choses m\u00e9morables trouv\u00e9es en Gr\u00e8ce, Asie, Jud\u00e9e, Egypte, Arabie, &amp; autres pays estranges. - Libairie Clavreuil","og_description":"4to (213 x 160 mm) 12 nn.ll., 210 pp., 2 nn.ll. (privilege, errata with the large printer's device). Contemporary flexible vellum with yapp edges, flat spine with manuscript title, title in ink on outer margin, no ties (slightly stained).","og_url":"https:\/\/www.librairieclavreuil.com\/produit\/belon-pierre-les-observations-de-plusieurs-singularites-et-choses-memorables-trouvees-en-grece-asie-judee-egypte-arabie-autres-pays-estranges\/","og_site_name":"Libairie Clavreuil","article_modified_time":"2024-06-11T14:28:37+00:00","og_image":[{"width":2003,"height":2560,"url":"https:\/\/www.librairieclavreuil.com\/wp-content\/uploads\/2024\/06\/pierre-belon-les-observations-de-plusieurs-singularites-et-choses-memorables-trouvees-en-grece-asie-judee-egypte-arabie-autres-pays-estranges-8159-664-scaled.jpg","type":"image\/jpeg"}],"twitter_card":"summary_large_image","twitter_misc":{"Est. reading time":"2 minutes"},"schema":{"@context":"https:\/\/schema.org","@graph":[{"@type":"WebPage","@id":"https:\/\/www.librairieclavreuil.com\/produit\/belon-pierre-les-observations-de-plusieurs-singularites-et-choses-memorables-trouvees-en-grece-asie-judee-egypte-arabie-autres-pays-estranges\/","url":"https:\/\/www.librairieclavreuil.com\/produit\/belon-pierre-les-observations-de-plusieurs-singularites-et-choses-memorables-trouvees-en-grece-asie-judee-egypte-arabie-autres-pays-estranges\/","name":"BELON Pierre Les Observations de plusieurs singularit\u00e9s et choses m\u00e9morables trouv\u00e9es en Gr\u00e8ce, Asie, Jud\u00e9e, Egypte, Arabie, &amp; autres pays estranges. - Libairie Clavreuil","isPartOf":{"@id":"https:\/\/www.librairieclavreuil.com\/#website"},"primaryImageOfPage":{"@id":"https:\/\/www.librairieclavreuil.com\/produit\/belon-pierre-les-observations-de-plusieurs-singularites-et-choses-memorables-trouvees-en-grece-asie-judee-egypte-arabie-autres-pays-estranges\/#primaryimage"},"image":{"@id":"https:\/\/www.librairieclavreuil.com\/produit\/belon-pierre-les-observations-de-plusieurs-singularites-et-choses-memorables-trouvees-en-grece-asie-judee-egypte-arabie-autres-pays-estranges\/#primaryimage"},"thumbnailUrl":"https:\/\/www.librairieclavreuil.com\/wp-content\/uploads\/2024\/06\/pierre-belon-les-observations-de-plusieurs-singularites-et-choses-memorables-trouvees-en-grece-asie-judee-egypte-arabie-autres-pays-estranges-8159-664-scaled.jpg","datePublished":"2024-06-11T14:27:43+00:00","dateModified":"2024-06-11T14:28:37+00:00","breadcrumb":{"@id":"https:\/\/www.librairieclavreuil.com\/produit\/belon-pierre-les-observations-de-plusieurs-singularites-et-choses-memorables-trouvees-en-grece-asie-judee-egypte-arabie-autres-pays-estranges\/#breadcrumb"},"inLanguage":"en-US","potentialAction":[{"@type":"ReadAction","target":["https:\/\/www.librairieclavreuil.com\/produit\/belon-pierre-les-observations-de-plusieurs-singularites-et-choses-memorables-trouvees-en-grece-asie-judee-egypte-arabie-autres-pays-estranges\/"]}]},{"@type":"ImageObject","inLanguage":"en-US","@id":"https:\/\/www.librairieclavreuil.com\/produit\/belon-pierre-les-observations-de-plusieurs-singularites-et-choses-memorables-trouvees-en-grece-asie-judee-egypte-arabie-autres-pays-estranges\/#primaryimage","url":"https:\/\/www.librairieclavreuil.com\/wp-content\/uploads\/2024\/06\/pierre-belon-les-observations-de-plusieurs-singularites-et-choses-memorables-trouvees-en-grece-asie-judee-egypte-arabie-autres-pays-estranges-8159-664-scaled.jpg","contentUrl":"https:\/\/www.librairieclavreuil.com\/wp-content\/uploads\/2024\/06\/pierre-belon-les-observations-de-plusieurs-singularites-et-choses-memorables-trouvees-en-grece-asie-judee-egypte-arabie-autres-pays-estranges-8159-664-scaled.jpg","width":2003,"height":2560},{"@type":"BreadcrumbList","@id":"https:\/\/www.librairieclavreuil.com\/produit\/belon-pierre-les-observations-de-plusieurs-singularites-et-choses-memorables-trouvees-en-grece-asie-judee-egypte-arabie-autres-pays-estranges\/#breadcrumb","itemListElement":[{"@type":"ListItem","position":1,"name":"Accueil","item":"https:\/\/www.librairieclavreuil.com\/"},{"@type":"ListItem","position":2,"name":"All our books","item":"https:\/\/www.librairieclavreuil.com\/en\/all-our-books\/"},{"@type":"ListItem","position":3,"name":"BELON Pierre Les Observations de plusieurs singularit\u00e9s et..."}]},{"@type":"WebSite","@id":"https:\/\/www.librairieclavreuil.com\/#website","url":"https:\/\/www.librairieclavreuil.com\/","name":"Libairie Clavreuil","description":"Livres anciens, manuscrits rares et \u00e9ditions originales \u2013 Librairie Clavreuil","publisher":{"@id":"https:\/\/www.librairieclavreuil.com\/#organization"},"potentialAction":[{"@type":"SearchAction","target":{"@type":"EntryPoint","urlTemplate":"https:\/\/www.librairieclavreuil.com\/?s={search_term_string}"},"query-input":{"@type":"PropertyValueSpecification","valueRequired":true,"valueName":"search_term_string"}}],"inLanguage":"en-US"},{"@type":"Organization","@id":"https:\/\/www.librairieclavreuil.com\/#organization","name":"Libairie Clavreuil","url":"https:\/\/www.librairieclavreuil.com\/","logo":{"@type":"ImageObject","inLanguage":"en-US","@id":"https:\/\/www.librairieclavreuil.com\/#\/schema\/logo\/image\/","url":"https:\/\/www.librairieclavreuil.com\/wp-content\/uploads\/2021\/06\/cropped-LOGO_PNG_DATE-_gold-512x512-1.png","contentUrl":"https:\/\/www.librairieclavreuil.com\/wp-content\/uploads\/2021\/06\/cropped-LOGO_PNG_DATE-_gold-512x512-1.png","width":512,"height":512,"caption":"Libairie Clavreuil"},"image":{"@id":"https:\/\/www.librairieclavreuil.com\/#\/schema\/logo\/image\/"},"sameAs":["https:\/\/www.instagram.com\/librairieclavreuil\/"]}]}},"jetpack_sharing_enabled":true,"_links":{"self":[{"href":"https:\/\/www.librairieclavreuil.com\/en\/wp-json\/wp\/v2\/product\/78017","targetHints":{"allow":["GET"]}}],"collection":[{"href":"https:\/\/www.librairieclavreuil.com\/en\/wp-json\/wp\/v2\/product"}],"about":[{"href":"https:\/\/www.librairieclavreuil.com\/en\/wp-json\/wp\/v2\/types\/product"}],"replies":[{"embeddable":true,"href":"https:\/\/www.librairieclavreuil.com\/en\/wp-json\/wp\/v2\/comments?post=78017"}],"wp:featuredmedia":[{"embeddable":true,"href":"https:\/\/www.librairieclavreuil.com\/en\/wp-json\/wp\/v2\/media\/77996"}],"wp:attachment":[{"href":"https:\/\/www.librairieclavreuil.com\/en\/wp-json\/wp\/v2\/media?parent=78017"}],"wp:term":[{"taxonomy":"product_brand","embeddable":true,"href":"https:\/\/www.librairieclavreuil.com\/en\/wp-json\/wp\/v2\/product_brand?post=78017"},{"taxonomy":"product_cat","embeddable":true,"href":"https:\/\/www.librairieclavreuil.com\/en\/wp-json\/wp\/v2\/product_cat?post=78017"},{"taxonomy":"product_tag","embeddable":true,"href":"https:\/\/www.librairieclavreuil.com\/en\/wp-json\/wp\/v2\/product_tag?post=78017"}],"curies":[{"name":"wp","href":"https:\/\/api.w.org\/{rel}","templated":true}]}}