{"id":77995,"date":"2024-06-11T16:27:09","date_gmt":"2024-06-11T14:27:09","guid":{"rendered":"https:\/\/www.librairieclavreuil.com\/baudelaire-charles-theophile-gautier-notice-litteraire-precedee-dune-lettre-de-victor-hugo\/"},"modified":"2024-07-12T17:32:57","modified_gmt":"2024-07-12T15:32:57","slug":"baudelaire-charles-theophile-gautier-notice-litteraire-precedee-dune-lettre-de-victor-hugo","status":"publish","type":"product","link":"https:\/\/www.librairieclavreuil.com\/en\/baudelaire-charles-theophile-gautier-notice-litteraire-precedee-dune-lettre-de-victor-hugo\/","title":{"rendered":"BAUDELAIRE Charles Th\u00e9ophile Gautier, notice litt\u00e9raire pr\u00e9c\u00e9d\u00e9e d&#8217;une..."},"content":{"rendered":"<p style=\"text-align:justify\"><i>Oberl\u00e9, 226; Vicaire, I, p.345.<\/i><\/p>\n<p style=\"text-align:justify\"><span style=\"font-variant:small-caps\">First edition, only 500 copies on blue wove paper (&#8216;v\u00e9lin bleut\u00e9&#8217;).<\/span><\/p>\n<p style=\"text-align:justify\">The frontispiece features Th\u00e9ophile Gautier in a medallion surrounded by arabesque decoration. It is etched by \u00c9mile Th\u00e9rond and inspired by a photographic portrait by Nadar.<\/p>\n<p style=\"text-align:justify\">The text is framed throughout by a black fillet.<\/p>\n<p style=\"text-align:justify\">This literary notice by Baudelaire first appeared in the review <i>L&#8217;Artiste<\/i> in January 1859 (p.161-170) and was accompanied by a portrait of Gautier by Bracquemond. The text was then part of the \u2018galerie du XIXe si\u00e8cle\u2019 collection, which appeared regularly in the magazine, and the letter from Victor Hugo did not appear. In this first version of the text, Baudelaire compliments &#8220;l&#8217;excellente gravure qui accompagne&#8221;<\/p>\n<p style=\"text-align:justify\">the text (p.163). This was Bracquemond&#8217;s work. Poulet-Malassis did not wish to alter Baudelaire&#8217;s text when it appeared in book form, so \u00c9mile Th\u00e9rond found himself the recipient of a compliment not originally addressed to him.<\/p>\n<p style=\"text-align:justify\">The transcription of Hugo&#8217;s letter at the beginning of the book is in fact a response to the article in<i> L&#8217;Artiste.<\/i> On 6 October 1859, Hugo wrote a laudatory letter from Hauteville House, a few words of which have remained famous:&nbsp;&#8220;Vous dotez le ciel de l&#8217;art d&#8217;on ne sait quel rayon macabre. Vous cr\u00e9ez un frisson nouveau.&#8221;<\/p>\n<p style=\"text-align:justify\">A fine copy, with spine preserved.<\/p>\n<p style=\"text-align:justify\">Front cover slightly torn at the bottom, without damage to the text.<\/p>\n","protected":false},"excerpt":{"rendered":"<p style=\"text-align:justify\">12mo (180 x 119 mm), with 1 blank l. pasted on first cover, 3 nn.l. (half title, frontispiece, title), III pp. (letter from Victor Hugo to Charles Baudelaire), 68 pp. 1 blank l. pasted on second cover. Original green printed cover.<\/p>\n","protected":false},"featured_media":77988,"comment_status":"open","ping_status":"closed","template":"","meta":{"_acf_changed":false},"product_brand":[],"product_cat":[544],"product_tag":[598,1450],"class_list":{"0":"post-77995","1":"product","2":"type-product","3":"status-publish","4":"has-post-thumbnail","6":"product_cat-literature","7":"product_tag-19th-century-literature","8":"product_tag-first-edition","9":"pa_auteur-baudelaire-charles-2","10":"pa_type-de-livre-printed-book","12":"first","13":"instock","14":"shipping-taxable","15":"purchasable","16":"product-type-simple"},"acf":{"artist":" Charles BAUDELAIRE","chapeau":"","adresse_bibliographique":"Paris, Poulet-Malassis et de Broise, 1859","book_type":"Printed book","provenance":"","afficher_prix":""},"yoast_head":"<!-- This site is optimized with the Yoast SEO plugin v24.7 - https:\/\/yoast.com\/wordpress\/plugins\/seo\/ -->\n<title>BAUDELAIRE Charles Th\u00e9ophile Gautier, notice litt\u00e9raire pr\u00e9c\u00e9d\u00e9e d&#039;une lettre de Victor Hugo. - Libairie Clavreuil<\/title>\n<meta name=\"robots\" content=\"index, follow, max-snippet:-1, max-image-preview:large, max-video-preview:-1\" \/>\n<link rel=\"canonical\" href=\"https:\/\/www.librairieclavreuil.com\/en\/baudelaire-charles-theophile-gautier-notice-litteraire-precedee-dune-lettre-de-victor-hugo\/\" \/>\n<meta property=\"og:locale\" content=\"en_US\" \/>\n<meta property=\"og:type\" content=\"article\" \/>\n<meta property=\"og:title\" content=\"BAUDELAIRE Charles Th\u00e9ophile Gautier, notice litt\u00e9raire pr\u00e9c\u00e9d\u00e9e d&#039;une lettre de Victor Hugo. - Libairie Clavreuil\" \/>\n<meta property=\"og:description\" content=\"12mo (180 x 119 mm), with 1 blank l. pasted on first cover, 3 nn.l. (half title, frontispiece, title), III pp. (letter from Victor Hugo to Charles Baudelaire), 68 pp. 1 blank l. pasted on second cover. Original green printed cover.\" \/>\n<meta property=\"og:url\" content=\"https:\/\/www.librairieclavreuil.com\/en\/baudelaire-charles-theophile-gautier-notice-litteraire-precedee-dune-lettre-de-victor-hugo\/\" \/>\n<meta property=\"og:site_name\" content=\"Libairie Clavreuil\" \/>\n<meta property=\"article:modified_time\" content=\"2024-07-12T15:32:57+00:00\" \/>\n<meta property=\"og:image\" content=\"https:\/\/www.librairieclavreuil.com\/wp-content\/uploads\/2024\/06\/charles-baudelaire-theophile-gautier-notice-litteraire-precedee-d-une-lettre-de-victor-hugo-8348-66310653c1051-scaled.jpg\" \/>\n\t<meta property=\"og:image:width\" content=\"1792\" \/>\n\t<meta property=\"og:image:height\" content=\"2560\" \/>\n\t<meta property=\"og:image:type\" content=\"image\/jpeg\" \/>\n<meta name=\"twitter:card\" content=\"summary_large_image\" \/>\n<meta name=\"twitter:label1\" content=\"Est. reading time\" \/>\n\t<meta name=\"twitter:data1\" content=\"1 minute\" \/>\n<script type=\"application\/ld+json\" class=\"yoast-schema-graph\">{\"@context\":\"https:\/\/schema.org\",\"@graph\":[{\"@type\":\"WebPage\",\"@id\":\"https:\/\/www.librairieclavreuil.com\/en\/baudelaire-charles-theophile-gautier-notice-litteraire-precedee-dune-lettre-de-victor-hugo\/\",\"url\":\"https:\/\/www.librairieclavreuil.com\/en\/baudelaire-charles-theophile-gautier-notice-litteraire-precedee-dune-lettre-de-victor-hugo\/\",\"name\":\"BAUDELAIRE Charles Th\u00e9ophile Gautier, notice litt\u00e9raire pr\u00e9c\u00e9d\u00e9e d'une lettre de Victor Hugo. - Libairie Clavreuil\",\"isPartOf\":{\"@id\":\"https:\/\/www.librairieclavreuil.com\/#website\"},\"primaryImageOfPage\":{\"@id\":\"https:\/\/www.librairieclavreuil.com\/en\/baudelaire-charles-theophile-gautier-notice-litteraire-precedee-dune-lettre-de-victor-hugo\/#primaryimage\"},\"image\":{\"@id\":\"https:\/\/www.librairieclavreuil.com\/en\/baudelaire-charles-theophile-gautier-notice-litteraire-precedee-dune-lettre-de-victor-hugo\/#primaryimage\"},\"thumbnailUrl\":\"https:\/\/www.librairieclavreuil.com\/wp-content\/uploads\/2024\/06\/charles-baudelaire-theophile-gautier-notice-litteraire-precedee-d-une-lettre-de-victor-hugo-8348-66310653c1051-scaled.jpg\",\"datePublished\":\"2024-06-11T14:27:09+00:00\",\"dateModified\":\"2024-07-12T15:32:57+00:00\",\"breadcrumb\":{\"@id\":\"https:\/\/www.librairieclavreuil.com\/en\/baudelaire-charles-theophile-gautier-notice-litteraire-precedee-dune-lettre-de-victor-hugo\/#breadcrumb\"},\"inLanguage\":\"en-US\",\"potentialAction\":[{\"@type\":\"ReadAction\",\"target\":[\"https:\/\/www.librairieclavreuil.com\/en\/baudelaire-charles-theophile-gautier-notice-litteraire-precedee-dune-lettre-de-victor-hugo\/\"]}]},{\"@type\":\"ImageObject\",\"inLanguage\":\"en-US\",\"@id\":\"https:\/\/www.librairieclavreuil.com\/en\/baudelaire-charles-theophile-gautier-notice-litteraire-precedee-dune-lettre-de-victor-hugo\/#primaryimage\",\"url\":\"https:\/\/www.librairieclavreuil.com\/wp-content\/uploads\/2024\/06\/charles-baudelaire-theophile-gautier-notice-litteraire-precedee-d-une-lettre-de-victor-hugo-8348-66310653c1051-scaled.jpg\",\"contentUrl\":\"https:\/\/www.librairieclavreuil.com\/wp-content\/uploads\/2024\/06\/charles-baudelaire-theophile-gautier-notice-litteraire-precedee-d-une-lettre-de-victor-hugo-8348-66310653c1051-scaled.jpg\",\"width\":1792,\"height\":2560},{\"@type\":\"BreadcrumbList\",\"@id\":\"https:\/\/www.librairieclavreuil.com\/en\/baudelaire-charles-theophile-gautier-notice-litteraire-precedee-dune-lettre-de-victor-hugo\/#breadcrumb\",\"itemListElement\":[{\"@type\":\"ListItem\",\"position\":1,\"name\":\"Accueil\",\"item\":\"https:\/\/www.librairieclavreuil.com\/\"},{\"@type\":\"ListItem\",\"position\":2,\"name\":\"All our books\",\"item\":\"https:\/\/www.librairieclavreuil.com\/en\/all-our-books\/\"},{\"@type\":\"ListItem\",\"position\":3,\"name\":\"BAUDELAIRE Charles Th\u00e9ophile Gautier, notice litt\u00e9raire pr\u00e9c\u00e9d\u00e9e d&#8217;une lettre de Victor Hugo.\"}]},{\"@type\":\"WebSite\",\"@id\":\"https:\/\/www.librairieclavreuil.com\/#website\",\"url\":\"https:\/\/www.librairieclavreuil.com\/\",\"name\":\"Libairie Clavreuil\",\"description\":\"Livres anciens, manuscrits rares et \u00e9ditions originales \u2013 Librairie Clavreuil\",\"publisher\":{\"@id\":\"https:\/\/www.librairieclavreuil.com\/#organization\"},\"potentialAction\":[{\"@type\":\"SearchAction\",\"target\":{\"@type\":\"EntryPoint\",\"urlTemplate\":\"https:\/\/www.librairieclavreuil.com\/?s={search_term_string}\"},\"query-input\":{\"@type\":\"PropertyValueSpecification\",\"valueRequired\":true,\"valueName\":\"search_term_string\"}}],\"inLanguage\":\"en-US\"},{\"@type\":\"Organization\",\"@id\":\"https:\/\/www.librairieclavreuil.com\/#organization\",\"name\":\"Libairie Clavreuil\",\"url\":\"https:\/\/www.librairieclavreuil.com\/\",\"logo\":{\"@type\":\"ImageObject\",\"inLanguage\":\"en-US\",\"@id\":\"https:\/\/www.librairieclavreuil.com\/#\/schema\/logo\/image\/\",\"url\":\"https:\/\/www.librairieclavreuil.com\/wp-content\/uploads\/2021\/06\/cropped-LOGO_PNG_DATE-_gold-512x512-1.png\",\"contentUrl\":\"https:\/\/www.librairieclavreuil.com\/wp-content\/uploads\/2021\/06\/cropped-LOGO_PNG_DATE-_gold-512x512-1.png\",\"width\":512,\"height\":512,\"caption\":\"Libairie Clavreuil\"},\"image\":{\"@id\":\"https:\/\/www.librairieclavreuil.com\/#\/schema\/logo\/image\/\"},\"sameAs\":[\"https:\/\/www.instagram.com\/librairieclavreuil\/\"]}]}<\/script>\n<!-- \/ Yoast SEO plugin. -->","yoast_head_json":{"title":"BAUDELAIRE Charles Th\u00e9ophile Gautier, notice litt\u00e9raire pr\u00e9c\u00e9d\u00e9e d'une lettre de Victor Hugo. - Libairie Clavreuil","robots":{"index":"index","follow":"follow","max-snippet":"max-snippet:-1","max-image-preview":"max-image-preview:large","max-video-preview":"max-video-preview:-1"},"canonical":"https:\/\/www.librairieclavreuil.com\/en\/baudelaire-charles-theophile-gautier-notice-litteraire-precedee-dune-lettre-de-victor-hugo\/","og_locale":"en_US","og_type":"article","og_title":"BAUDELAIRE Charles Th\u00e9ophile Gautier, notice litt\u00e9raire pr\u00e9c\u00e9d\u00e9e d'une lettre de Victor Hugo. - Libairie Clavreuil","og_description":"12mo (180 x 119 mm), with 1 blank l. pasted on first cover, 3 nn.l. (half title, frontispiece, title), III pp. (letter from Victor Hugo to Charles Baudelaire), 68 pp. 1 blank l. pasted on second cover. Original green printed cover.","og_url":"https:\/\/www.librairieclavreuil.com\/en\/baudelaire-charles-theophile-gautier-notice-litteraire-precedee-dune-lettre-de-victor-hugo\/","og_site_name":"Libairie Clavreuil","article_modified_time":"2024-07-12T15:32:57+00:00","og_image":[{"width":1792,"height":2560,"url":"https:\/\/www.librairieclavreuil.com\/wp-content\/uploads\/2024\/06\/charles-baudelaire-theophile-gautier-notice-litteraire-precedee-d-une-lettre-de-victor-hugo-8348-66310653c1051-scaled.jpg","type":"image\/jpeg"}],"twitter_card":"summary_large_image","twitter_misc":{"Est. reading time":"1 minute"},"schema":{"@context":"https:\/\/schema.org","@graph":[{"@type":"WebPage","@id":"https:\/\/www.librairieclavreuil.com\/en\/baudelaire-charles-theophile-gautier-notice-litteraire-precedee-dune-lettre-de-victor-hugo\/","url":"https:\/\/www.librairieclavreuil.com\/en\/baudelaire-charles-theophile-gautier-notice-litteraire-precedee-dune-lettre-de-victor-hugo\/","name":"BAUDELAIRE Charles Th\u00e9ophile Gautier, notice litt\u00e9raire pr\u00e9c\u00e9d\u00e9e d'une lettre de Victor Hugo. - Libairie Clavreuil","isPartOf":{"@id":"https:\/\/www.librairieclavreuil.com\/#website"},"primaryImageOfPage":{"@id":"https:\/\/www.librairieclavreuil.com\/en\/baudelaire-charles-theophile-gautier-notice-litteraire-precedee-dune-lettre-de-victor-hugo\/#primaryimage"},"image":{"@id":"https:\/\/www.librairieclavreuil.com\/en\/baudelaire-charles-theophile-gautier-notice-litteraire-precedee-dune-lettre-de-victor-hugo\/#primaryimage"},"thumbnailUrl":"https:\/\/www.librairieclavreuil.com\/wp-content\/uploads\/2024\/06\/charles-baudelaire-theophile-gautier-notice-litteraire-precedee-d-une-lettre-de-victor-hugo-8348-66310653c1051-scaled.jpg","datePublished":"2024-06-11T14:27:09+00:00","dateModified":"2024-07-12T15:32:57+00:00","breadcrumb":{"@id":"https:\/\/www.librairieclavreuil.com\/en\/baudelaire-charles-theophile-gautier-notice-litteraire-precedee-dune-lettre-de-victor-hugo\/#breadcrumb"},"inLanguage":"en-US","potentialAction":[{"@type":"ReadAction","target":["https:\/\/www.librairieclavreuil.com\/en\/baudelaire-charles-theophile-gautier-notice-litteraire-precedee-dune-lettre-de-victor-hugo\/"]}]},{"@type":"ImageObject","inLanguage":"en-US","@id":"https:\/\/www.librairieclavreuil.com\/en\/baudelaire-charles-theophile-gautier-notice-litteraire-precedee-dune-lettre-de-victor-hugo\/#primaryimage","url":"https:\/\/www.librairieclavreuil.com\/wp-content\/uploads\/2024\/06\/charles-baudelaire-theophile-gautier-notice-litteraire-precedee-d-une-lettre-de-victor-hugo-8348-66310653c1051-scaled.jpg","contentUrl":"https:\/\/www.librairieclavreuil.com\/wp-content\/uploads\/2024\/06\/charles-baudelaire-theophile-gautier-notice-litteraire-precedee-d-une-lettre-de-victor-hugo-8348-66310653c1051-scaled.jpg","width":1792,"height":2560},{"@type":"BreadcrumbList","@id":"https:\/\/www.librairieclavreuil.com\/en\/baudelaire-charles-theophile-gautier-notice-litteraire-precedee-dune-lettre-de-victor-hugo\/#breadcrumb","itemListElement":[{"@type":"ListItem","position":1,"name":"Accueil","item":"https:\/\/www.librairieclavreuil.com\/"},{"@type":"ListItem","position":2,"name":"All our books","item":"https:\/\/www.librairieclavreuil.com\/en\/all-our-books\/"},{"@type":"ListItem","position":3,"name":"BAUDELAIRE Charles Th\u00e9ophile Gautier, notice litt\u00e9raire pr\u00e9c\u00e9d\u00e9e d&#8217;une lettre de Victor Hugo."}]},{"@type":"WebSite","@id":"https:\/\/www.librairieclavreuil.com\/#website","url":"https:\/\/www.librairieclavreuil.com\/","name":"Libairie Clavreuil","description":"Livres anciens, manuscrits rares et \u00e9ditions originales \u2013 Librairie Clavreuil","publisher":{"@id":"https:\/\/www.librairieclavreuil.com\/#organization"},"potentialAction":[{"@type":"SearchAction","target":{"@type":"EntryPoint","urlTemplate":"https:\/\/www.librairieclavreuil.com\/?s={search_term_string}"},"query-input":{"@type":"PropertyValueSpecification","valueRequired":true,"valueName":"search_term_string"}}],"inLanguage":"en-US"},{"@type":"Organization","@id":"https:\/\/www.librairieclavreuil.com\/#organization","name":"Libairie Clavreuil","url":"https:\/\/www.librairieclavreuil.com\/","logo":{"@type":"ImageObject","inLanguage":"en-US","@id":"https:\/\/www.librairieclavreuil.com\/#\/schema\/logo\/image\/","url":"https:\/\/www.librairieclavreuil.com\/wp-content\/uploads\/2021\/06\/cropped-LOGO_PNG_DATE-_gold-512x512-1.png","contentUrl":"https:\/\/www.librairieclavreuil.com\/wp-content\/uploads\/2021\/06\/cropped-LOGO_PNG_DATE-_gold-512x512-1.png","width":512,"height":512,"caption":"Libairie Clavreuil"},"image":{"@id":"https:\/\/www.librairieclavreuil.com\/#\/schema\/logo\/image\/"},"sameAs":["https:\/\/www.instagram.com\/librairieclavreuil\/"]}]}},"jetpack_sharing_enabled":true,"_links":{"self":[{"href":"https:\/\/www.librairieclavreuil.com\/en\/wp-json\/wp\/v2\/product\/77995","targetHints":{"allow":["GET"]}}],"collection":[{"href":"https:\/\/www.librairieclavreuil.com\/en\/wp-json\/wp\/v2\/product"}],"about":[{"href":"https:\/\/www.librairieclavreuil.com\/en\/wp-json\/wp\/v2\/types\/product"}],"replies":[{"embeddable":true,"href":"https:\/\/www.librairieclavreuil.com\/en\/wp-json\/wp\/v2\/comments?post=77995"}],"wp:featuredmedia":[{"embeddable":true,"href":"https:\/\/www.librairieclavreuil.com\/en\/wp-json\/wp\/v2\/media\/77988"}],"wp:attachment":[{"href":"https:\/\/www.librairieclavreuil.com\/en\/wp-json\/wp\/v2\/media?parent=77995"}],"wp:term":[{"taxonomy":"product_brand","embeddable":true,"href":"https:\/\/www.librairieclavreuil.com\/en\/wp-json\/wp\/v2\/product_brand?post=77995"},{"taxonomy":"product_cat","embeddable":true,"href":"https:\/\/www.librairieclavreuil.com\/en\/wp-json\/wp\/v2\/product_cat?post=77995"},{"taxonomy":"product_tag","embeddable":true,"href":"https:\/\/www.librairieclavreuil.com\/en\/wp-json\/wp\/v2\/product_tag?post=77995"}],"curies":[{"name":"wp","href":"https:\/\/api.w.org\/{rel}","templated":true}]}}