{"id":77963,"date":"2024-06-11T16:03:30","date_gmt":"2024-06-11T14:03:30","guid":{"rendered":"https:\/\/www.librairieclavreuil.com\/apollinaire-guillaume-calligrammes-jeu-depreuves-apres-correction\/"},"modified":"2024-06-11T16:04:08","modified_gmt":"2024-06-11T14:04:08","slug":"apollinaire-guillaume-calligrammes-jeu-depreuves-apres-correction","status":"publish","type":"product","link":"https:\/\/www.librairieclavreuil.com\/en\/apollinaire-guillaume-calligrammes-jeu-depreuves-apres-correction\/","title":{"rendered":"APOLLINAIRE Guillaume Calligrammes. Jeu d&#8217;\u00e9preuves apr\u00e8s correction."},"content":{"rendered":"<p style=\"text-align:justify\"><span style=\"font-variant:small-caps\">Important galley proofs after correction of 61 poems for the publication of Calligrammes with the blind stamp on the first leaf &#8220;2\u00e8me \u00e9preuve, [date] \u00e0 retourner&#8221;.<\/span><\/p>\n<p style=\"text-align:justify\">The numbering, written in blue pencil, most probably by the prototypist, is consistent, even if some poems are missing compared to the edition.<\/p>\n<p style=\"text-align:justify\">These proofs contain 60 of the 84 poems published in 1918 for the first edition of <i>Calligrammes<\/i>. The poem &#8220;Paris&#8221;, appearing here in the section &#8220;T\u00eate \u00e9toil\u00e9e&#8221;, was not part of the definitive edition.<\/p>\n<p style=\"text-align:justify\">The proofs contain, in this order :<\/p>\n<p style=\"text-align:justify\">For <i>Ondes<\/i> : &#8220;Liens&#8221;, &#8220;Arbre&#8221;, &#8220;Les Fen\u00eatres&#8221;, &#8220;Tours&#8221;, &#8220;Lundi rue Christine&#8221;, &#8220;Proph\u00e9ties&#8221;, &#8220;Le musicien de Saint-Merry&#8221;, &#8221; Un fant\u00f4me de nu\u00e9es&#8221;.<\/p>\n<p style=\"text-align:justify\">For <i>\u00c9tendards<\/i> : &#8220;Fum\u00e9e&#8221;, &#8221; A N\u00eemes&#8221;, &#8220;Vieille&#8221;, &#8220;C&#8217;est Lou qu&#8217;elle ne nomme&#8221;.<\/p>\n<p style=\"text-align:justify\">For <i>Case d&#8217;Armons<\/i> : &#8220;Reconnaissance&#8221;, &#8220;F\u00eate&#8221;, &#8220;Saillant&#8221;, &#8220;Guerre&#8221;, &#8220;Mutation&#8221;, &#8220;Oracles&#8221;, &#8220;14 Juin 1915&#8221;, &#8220;De la Batterie de Tir&#8221;, &#8220;Echelon&#8221;, &#8220;Les Saisons&#8221;, &#8220;Vers le Sud&#8221;, &#8220;Les soupirs du servant de Dakar&#8221;, Toujours&#8221;, &#8220;La Nuit d&#8217;Avril 1915&#8221;.<\/p>\n<p style=\"text-align:justify\">For <i>Lueurs des Tirs<\/i> : &#8220;L&#8217;inscription anglaise&#8221;, &#8220;Photographie&#8221;, &#8220;Fus\u00e9e&#8221;, &#8220;D\u00e9sir&#8221;, &#8220;A L&#8217;Italie&#8221;, &#8220;La Grace exil\u00e9e, &#8220;La boucle retrouv\u00e9e&#8221;, &#8220;Refus de la Colombe&#8221;, &#8220;Les feux du bivouac&#8221;, &#8220;Les Grenadines repentantes&#8221;, &#8220;Tourbillon de Mouches&#8221;, &#8220;L&#8217;adieu du cavalier&#8221;, &#8220;La Travers\u00e9e&#8221;, &#8220;Il y a&#8221;, &#8220;Le Palais du tonnerre&#8221;, &#8220;Du coton dans les oreilles&#8221;, &#8220;Le chant d&#8217;amour&#8221;, &#8220;Chant de l&#8217;horizon en Champagne&#8221;, &#8220;Dans l&#8217;abri caverne&#8221;.<\/p>\n<p style=\"text-align:justify\">For <i>La T\u00eate \u00e9toil\u00e9e<\/i> : &#8220;Carte postale&#8221;, &#8220;Chef de section&#8221;, &#8220;Exercice&#8221;, &#8220;L&#8217;Espionne&#8221;, &#8220;Merveille de la Guerre&#8221;, &#8220;Aussi bien que les cigales&#8221;, &#8220;Souvenirs&#8221;, &#8220;Chevaux de frise&#8221;, &#8220;Simultan\u00e9it\u00e9s&#8221;, &#8220;L&#8217;Avenir&#8221;, &#8220;Le vigneron champenois&#8221;, &#8220;Un oiseau chante&#8221;, &#8220;Paris&#8221;, &#8220;Le D\u00e9part&#8221;, &#8220;Tristesse d&#8217;\u00e9toile&#8221;, &#8220;La Victoire&#8221;.<\/p>\n<p style=\"text-align:justify\">All these poems are printed consecutively, with no page breaks between the pieces, and the page layout does not follow the order of the definitive edition. For example, the poem &#8220;Arbre&#8221;, which is the 2nd in our proofs, is the 5th in the definitive collection, and &#8220;Tour&#8221;, which is in 4th position in our copy, appears in 13th position in the first edition.<br \/>The section &#8220;Obus couleur de Lune&#8221; does not exist in our proofs. The poems in this division are divided between &#8220;Lueurs de Tirs&#8221; and &#8220;La T\u00eate \u00e9toil\u00e9e&#8221;.<\/p>\n<p style=\"text-align:justify\">The dedications for the poem &#8220;Arbre&#8221; (&#8220;A Fr\u00e9d\u00e9ric Boutet&#8221;), and &#8220;A N\u00eemes (A \u00c9mile L\u00e9onard&#8221;), do not exist in the proofs, but were added later.<\/p>\n<p style=\"text-align:justify\">In the proofs, the poem &#8220;14 Juin 1915&#8221; is dedicated &#8220;A maman&#8221;, but this reference disappears in the printed version. Similarly, the poem &#8220;Echelon&#8221; is dedicated &#8220;Au mar\u00e9chal des logis Piot&#8221; in the proofs, but this reference disappears in the printed version.<\/p>\n<p style=\"text-align:justify\">In the proofs, the poem &#8220;Toujours&#8221; is dedicated to &#8220;Louise Faure-Favier&#8221;; the tribute becomes &#8220;\u00e0 Madame Faure-Favier&#8221; in the definitive edition.<\/p>\n<p style=\"text-align:justify\">The title of the poem &#8220;Proph\u00e9ties&#8221; becomes &#8220;Sur les Proph\u00e9ties&#8221; in the definitive version, and &#8220;C&#8217;est Lou qu&#8217;elle ne nomme&#8221; becomes &#8220;C&#8217;est Lou qu&#8217;on la nommait&#8221; and &#8220;Tristesse d&#8217;\u00e9toile&#8221; becomes &#8220;Tristesse d&#8217;une \u00e9toile&#8221;.<br \/>The spelling of the title of the poem &#8220;Echelon&#8221; changes slightly in the final version to incorporate the accent in the capital letter.<\/p>\n<p style=\"text-align:justify\">The typographical layout of the penultimate line of &#8220;La Nuit d&#8217;Avril 1915&#8221; changes in the final version.<\/p>\n<p style=\"text-align:justify\">Most of the missing poems are calligrams, with the exception of &#8220;Les Collines&#8221;, &#8220;A travers l\u2019Europe&#8221;, &#8220;Ombre&#8221;, &#8220;Oc\u00e9an de terre&#8221;, &#8220;Chant de l\u2019honneur&#8221; and &#8220;La Jolie Rousse&#8221;.<\/p>\n<p style=\"text-align:justify\">Given the difficulty of printing calligrams, it is possible that they were part of another set of independent proofs. What&#8217;s more, most of them had already been published in <i>Les Soir\u00e9es de Paris<\/i>, or in the magazine <i>SIC<\/i>, which meant that the <i>Mercure de France<\/i> typesetter did not have to do this tedious work again.<\/p>\n<p style=\"text-align:justify\">This was the case for &#8220;Paysage&#8221; (published under the title &#8220;Paysage anim\u00e9&#8221;, n\u00b027, August 1914), &#8220;Lettre-Oc\u00e9an&#8221; (n\u00b025, 15 June 1914), &#8220;La Cravate et la montre&#8221; (n\u00b027, August 1914), &#8220;C\u0153ur couronne et miroir&#8221; (n\u00b027, August 1914), &#8220;Voyage&#8221; (no. 27, August 1914), &#8220;Il pleut&#8221; (no. 12, SIC, December 1916), &#8220;2e canonnier conducteur&#8221; (prepublished as &#8220;Feldpost brief&#8221;, Der Mistral, Zurich, no. 1, 3 March 1915).<\/p>\n<p style=\"text-align:justify\">The paper on which these proofs are printed differs from that of the original edition, which is a relatively stiff and brittle wood paper. Our proofs are printed on fine wove paper, which is much softer than the paper used in the definitive edition.<\/p>\n<p style=\"text-align:justify\">Extremely rare proofs on uncommon paper that have already incorporated corrections from the first set of proofs held by the Biblioth\u00e8que nationale de France.<\/p>\n","protected":false},"excerpt":{"rendered":"<p style=\"text-align:justify\">4to (243 x 190 mm) de 84 num.ll. Galley-proofs, printed on rectos only, numbered in blue pencil. Modern folder in black half-morocco.<\/p>\n","protected":false},"featured_media":77950,"comment_status":"open","ping_status":"closed","template":"","meta":{"_acf_changed":false},"product_brand":[],"product_cat":[544],"product_tag":[1246],"class_list":{"0":"post-77963","1":"product","2":"type-product","3":"status-publish","4":"has-post-thumbnail","6":"product_cat-literature","7":"product_tag-20th-century-literature","8":"pa_auteur-apollinaire-guillaume-2","9":"pa_type-de-livre-printed-book","11":"first","12":"instock","13":"shipping-taxable","14":"purchasable","15":"product-type-simple"},"acf":{"artist":" Guillaume APOLLINAIRE","chapeau":"","adresse_bibliographique":"1917","book_type":"Printed book","provenance":"","afficher_prix":""},"yoast_head":"<!-- This site is optimized with the Yoast SEO plugin v24.7 - https:\/\/yoast.com\/wordpress\/plugins\/seo\/ -->\n<title>APOLLINAIRE Guillaume Calligrammes. Jeu d&#039;\u00e9preuves apr\u00e8s correction. - Libairie Clavreuil<\/title>\n<meta name=\"robots\" content=\"index, follow, max-snippet:-1, max-image-preview:large, max-video-preview:-1\" \/>\n<link rel=\"canonical\" href=\"https:\/\/www.librairieclavreuil.com\/en\/apollinaire-guillaume-calligrammes-jeu-depreuves-apres-correction\/\" \/>\n<meta property=\"og:locale\" content=\"en_US\" \/>\n<meta property=\"og:type\" content=\"article\" \/>\n<meta property=\"og:title\" content=\"APOLLINAIRE Guillaume Calligrammes. Jeu d&#039;\u00e9preuves apr\u00e8s correction. - Libairie Clavreuil\" \/>\n<meta property=\"og:description\" content=\"4to (243 x 190 mm) de 84 num.ll. Galley-proofs, printed on rectos only, numbered in blue pencil. Modern folder in black half-morocco.\" \/>\n<meta property=\"og:url\" content=\"https:\/\/www.librairieclavreuil.com\/en\/apollinaire-guillaume-calligrammes-jeu-depreuves-apres-correction\/\" \/>\n<meta property=\"og:site_name\" content=\"Libairie Clavreuil\" \/>\n<meta property=\"article:modified_time\" content=\"2024-06-11T14:04:08+00:00\" \/>\n<meta property=\"og:image\" content=\"https:\/\/www.librairieclavreuil.com\/wp-content\/uploads\/2024\/06\/guillaume-apollinaire-calligrammes-jeu-d-epreuves-apres-correction-4477-662a76d2e91a3-scaled.jpg\" \/>\n\t<meta property=\"og:image:width\" content=\"2014\" \/>\n\t<meta property=\"og:image:height\" content=\"2560\" \/>\n\t<meta property=\"og:image:type\" content=\"image\/jpeg\" \/>\n<meta name=\"twitter:card\" content=\"summary_large_image\" \/>\n<meta name=\"twitter:label1\" content=\"Est. reading time\" \/>\n\t<meta name=\"twitter:data1\" content=\"4 minutes\" \/>\n<script type=\"application\/ld+json\" class=\"yoast-schema-graph\">{\"@context\":\"https:\/\/schema.org\",\"@graph\":[{\"@type\":\"WebPage\",\"@id\":\"https:\/\/www.librairieclavreuil.com\/en\/apollinaire-guillaume-calligrammes-jeu-depreuves-apres-correction\/\",\"url\":\"https:\/\/www.librairieclavreuil.com\/en\/apollinaire-guillaume-calligrammes-jeu-depreuves-apres-correction\/\",\"name\":\"APOLLINAIRE Guillaume Calligrammes. Jeu d'\u00e9preuves apr\u00e8s correction. - Libairie Clavreuil\",\"isPartOf\":{\"@id\":\"https:\/\/www.librairieclavreuil.com\/#website\"},\"primaryImageOfPage\":{\"@id\":\"https:\/\/www.librairieclavreuil.com\/en\/apollinaire-guillaume-calligrammes-jeu-depreuves-apres-correction\/#primaryimage\"},\"image\":{\"@id\":\"https:\/\/www.librairieclavreuil.com\/en\/apollinaire-guillaume-calligrammes-jeu-depreuves-apres-correction\/#primaryimage\"},\"thumbnailUrl\":\"https:\/\/www.librairieclavreuil.com\/wp-content\/uploads\/2024\/06\/guillaume-apollinaire-calligrammes-jeu-d-epreuves-apres-correction-4477-662a76d2e91a3-scaled.jpg\",\"datePublished\":\"2024-06-11T14:03:30+00:00\",\"dateModified\":\"2024-06-11T14:04:08+00:00\",\"breadcrumb\":{\"@id\":\"https:\/\/www.librairieclavreuil.com\/en\/apollinaire-guillaume-calligrammes-jeu-depreuves-apres-correction\/#breadcrumb\"},\"inLanguage\":\"en-US\",\"potentialAction\":[{\"@type\":\"ReadAction\",\"target\":[\"https:\/\/www.librairieclavreuil.com\/en\/apollinaire-guillaume-calligrammes-jeu-depreuves-apres-correction\/\"]}]},{\"@type\":\"ImageObject\",\"inLanguage\":\"en-US\",\"@id\":\"https:\/\/www.librairieclavreuil.com\/en\/apollinaire-guillaume-calligrammes-jeu-depreuves-apres-correction\/#primaryimage\",\"url\":\"https:\/\/www.librairieclavreuil.com\/wp-content\/uploads\/2024\/06\/guillaume-apollinaire-calligrammes-jeu-d-epreuves-apres-correction-4477-662a76d2e91a3-scaled.jpg\",\"contentUrl\":\"https:\/\/www.librairieclavreuil.com\/wp-content\/uploads\/2024\/06\/guillaume-apollinaire-calligrammes-jeu-d-epreuves-apres-correction-4477-662a76d2e91a3-scaled.jpg\",\"width\":2014,\"height\":2560},{\"@type\":\"BreadcrumbList\",\"@id\":\"https:\/\/www.librairieclavreuil.com\/en\/apollinaire-guillaume-calligrammes-jeu-depreuves-apres-correction\/#breadcrumb\",\"itemListElement\":[{\"@type\":\"ListItem\",\"position\":1,\"name\":\"Accueil\",\"item\":\"https:\/\/www.librairieclavreuil.com\/\"},{\"@type\":\"ListItem\",\"position\":2,\"name\":\"All our books\",\"item\":\"https:\/\/www.librairieclavreuil.com\/en\/all-our-books\/\"},{\"@type\":\"ListItem\",\"position\":3,\"name\":\"APOLLINAIRE Guillaume Calligrammes. Jeu d&#8217;\u00e9preuves apr\u00e8s correction.\"}]},{\"@type\":\"WebSite\",\"@id\":\"https:\/\/www.librairieclavreuil.com\/#website\",\"url\":\"https:\/\/www.librairieclavreuil.com\/\",\"name\":\"Libairie Clavreuil\",\"description\":\"Livres anciens, manuscrits rares et \u00e9ditions originales \u2013 Librairie Clavreuil\",\"publisher\":{\"@id\":\"https:\/\/www.librairieclavreuil.com\/#organization\"},\"potentialAction\":[{\"@type\":\"SearchAction\",\"target\":{\"@type\":\"EntryPoint\",\"urlTemplate\":\"https:\/\/www.librairieclavreuil.com\/?s={search_term_string}\"},\"query-input\":{\"@type\":\"PropertyValueSpecification\",\"valueRequired\":true,\"valueName\":\"search_term_string\"}}],\"inLanguage\":\"en-US\"},{\"@type\":\"Organization\",\"@id\":\"https:\/\/www.librairieclavreuil.com\/#organization\",\"name\":\"Libairie Clavreuil\",\"url\":\"https:\/\/www.librairieclavreuil.com\/\",\"logo\":{\"@type\":\"ImageObject\",\"inLanguage\":\"en-US\",\"@id\":\"https:\/\/www.librairieclavreuil.com\/#\/schema\/logo\/image\/\",\"url\":\"https:\/\/www.librairieclavreuil.com\/wp-content\/uploads\/2021\/06\/cropped-LOGO_PNG_DATE-_gold-512x512-1.png\",\"contentUrl\":\"https:\/\/www.librairieclavreuil.com\/wp-content\/uploads\/2021\/06\/cropped-LOGO_PNG_DATE-_gold-512x512-1.png\",\"width\":512,\"height\":512,\"caption\":\"Libairie Clavreuil\"},\"image\":{\"@id\":\"https:\/\/www.librairieclavreuil.com\/#\/schema\/logo\/image\/\"},\"sameAs\":[\"https:\/\/www.instagram.com\/librairieclavreuil\/\"]}]}<\/script>\n<!-- \/ Yoast SEO plugin. -->","yoast_head_json":{"title":"APOLLINAIRE Guillaume Calligrammes. Jeu d'\u00e9preuves apr\u00e8s correction. - Libairie Clavreuil","robots":{"index":"index","follow":"follow","max-snippet":"max-snippet:-1","max-image-preview":"max-image-preview:large","max-video-preview":"max-video-preview:-1"},"canonical":"https:\/\/www.librairieclavreuil.com\/en\/apollinaire-guillaume-calligrammes-jeu-depreuves-apres-correction\/","og_locale":"en_US","og_type":"article","og_title":"APOLLINAIRE Guillaume Calligrammes. Jeu d'\u00e9preuves apr\u00e8s correction. - Libairie Clavreuil","og_description":"4to (243 x 190 mm) de 84 num.ll. Galley-proofs, printed on rectos only, numbered in blue pencil. Modern folder in black half-morocco.","og_url":"https:\/\/www.librairieclavreuil.com\/en\/apollinaire-guillaume-calligrammes-jeu-depreuves-apres-correction\/","og_site_name":"Libairie Clavreuil","article_modified_time":"2024-06-11T14:04:08+00:00","og_image":[{"width":2014,"height":2560,"url":"https:\/\/www.librairieclavreuil.com\/wp-content\/uploads\/2024\/06\/guillaume-apollinaire-calligrammes-jeu-d-epreuves-apres-correction-4477-662a76d2e91a3-scaled.jpg","type":"image\/jpeg"}],"twitter_card":"summary_large_image","twitter_misc":{"Est. reading time":"4 minutes"},"schema":{"@context":"https:\/\/schema.org","@graph":[{"@type":"WebPage","@id":"https:\/\/www.librairieclavreuil.com\/en\/apollinaire-guillaume-calligrammes-jeu-depreuves-apres-correction\/","url":"https:\/\/www.librairieclavreuil.com\/en\/apollinaire-guillaume-calligrammes-jeu-depreuves-apres-correction\/","name":"APOLLINAIRE Guillaume Calligrammes. Jeu d'\u00e9preuves apr\u00e8s correction. - Libairie Clavreuil","isPartOf":{"@id":"https:\/\/www.librairieclavreuil.com\/#website"},"primaryImageOfPage":{"@id":"https:\/\/www.librairieclavreuil.com\/en\/apollinaire-guillaume-calligrammes-jeu-depreuves-apres-correction\/#primaryimage"},"image":{"@id":"https:\/\/www.librairieclavreuil.com\/en\/apollinaire-guillaume-calligrammes-jeu-depreuves-apres-correction\/#primaryimage"},"thumbnailUrl":"https:\/\/www.librairieclavreuil.com\/wp-content\/uploads\/2024\/06\/guillaume-apollinaire-calligrammes-jeu-d-epreuves-apres-correction-4477-662a76d2e91a3-scaled.jpg","datePublished":"2024-06-11T14:03:30+00:00","dateModified":"2024-06-11T14:04:08+00:00","breadcrumb":{"@id":"https:\/\/www.librairieclavreuil.com\/en\/apollinaire-guillaume-calligrammes-jeu-depreuves-apres-correction\/#breadcrumb"},"inLanguage":"en-US","potentialAction":[{"@type":"ReadAction","target":["https:\/\/www.librairieclavreuil.com\/en\/apollinaire-guillaume-calligrammes-jeu-depreuves-apres-correction\/"]}]},{"@type":"ImageObject","inLanguage":"en-US","@id":"https:\/\/www.librairieclavreuil.com\/en\/apollinaire-guillaume-calligrammes-jeu-depreuves-apres-correction\/#primaryimage","url":"https:\/\/www.librairieclavreuil.com\/wp-content\/uploads\/2024\/06\/guillaume-apollinaire-calligrammes-jeu-d-epreuves-apres-correction-4477-662a76d2e91a3-scaled.jpg","contentUrl":"https:\/\/www.librairieclavreuil.com\/wp-content\/uploads\/2024\/06\/guillaume-apollinaire-calligrammes-jeu-d-epreuves-apres-correction-4477-662a76d2e91a3-scaled.jpg","width":2014,"height":2560},{"@type":"BreadcrumbList","@id":"https:\/\/www.librairieclavreuil.com\/en\/apollinaire-guillaume-calligrammes-jeu-depreuves-apres-correction\/#breadcrumb","itemListElement":[{"@type":"ListItem","position":1,"name":"Accueil","item":"https:\/\/www.librairieclavreuil.com\/"},{"@type":"ListItem","position":2,"name":"All our books","item":"https:\/\/www.librairieclavreuil.com\/en\/all-our-books\/"},{"@type":"ListItem","position":3,"name":"APOLLINAIRE Guillaume Calligrammes. Jeu d&#8217;\u00e9preuves apr\u00e8s correction."}]},{"@type":"WebSite","@id":"https:\/\/www.librairieclavreuil.com\/#website","url":"https:\/\/www.librairieclavreuil.com\/","name":"Libairie Clavreuil","description":"Livres anciens, manuscrits rares et \u00e9ditions originales \u2013 Librairie Clavreuil","publisher":{"@id":"https:\/\/www.librairieclavreuil.com\/#organization"},"potentialAction":[{"@type":"SearchAction","target":{"@type":"EntryPoint","urlTemplate":"https:\/\/www.librairieclavreuil.com\/?s={search_term_string}"},"query-input":{"@type":"PropertyValueSpecification","valueRequired":true,"valueName":"search_term_string"}}],"inLanguage":"en-US"},{"@type":"Organization","@id":"https:\/\/www.librairieclavreuil.com\/#organization","name":"Libairie Clavreuil","url":"https:\/\/www.librairieclavreuil.com\/","logo":{"@type":"ImageObject","inLanguage":"en-US","@id":"https:\/\/www.librairieclavreuil.com\/#\/schema\/logo\/image\/","url":"https:\/\/www.librairieclavreuil.com\/wp-content\/uploads\/2021\/06\/cropped-LOGO_PNG_DATE-_gold-512x512-1.png","contentUrl":"https:\/\/www.librairieclavreuil.com\/wp-content\/uploads\/2021\/06\/cropped-LOGO_PNG_DATE-_gold-512x512-1.png","width":512,"height":512,"caption":"Libairie Clavreuil"},"image":{"@id":"https:\/\/www.librairieclavreuil.com\/#\/schema\/logo\/image\/"},"sameAs":["https:\/\/www.instagram.com\/librairieclavreuil\/"]}]}},"jetpack_sharing_enabled":true,"_links":{"self":[{"href":"https:\/\/www.librairieclavreuil.com\/en\/wp-json\/wp\/v2\/product\/77963","targetHints":{"allow":["GET"]}}],"collection":[{"href":"https:\/\/www.librairieclavreuil.com\/en\/wp-json\/wp\/v2\/product"}],"about":[{"href":"https:\/\/www.librairieclavreuil.com\/en\/wp-json\/wp\/v2\/types\/product"}],"replies":[{"embeddable":true,"href":"https:\/\/www.librairieclavreuil.com\/en\/wp-json\/wp\/v2\/comments?post=77963"}],"wp:featuredmedia":[{"embeddable":true,"href":"https:\/\/www.librairieclavreuil.com\/en\/wp-json\/wp\/v2\/media\/77950"}],"wp:attachment":[{"href":"https:\/\/www.librairieclavreuil.com\/en\/wp-json\/wp\/v2\/media?parent=77963"}],"wp:term":[{"taxonomy":"product_brand","embeddable":true,"href":"https:\/\/www.librairieclavreuil.com\/en\/wp-json\/wp\/v2\/product_brand?post=77963"},{"taxonomy":"product_cat","embeddable":true,"href":"https:\/\/www.librairieclavreuil.com\/en\/wp-json\/wp\/v2\/product_cat?post=77963"},{"taxonomy":"product_tag","embeddable":true,"href":"https:\/\/www.librairieclavreuil.com\/en\/wp-json\/wp\/v2\/product_tag?post=77963"}],"curies":[{"name":"wp","href":"https:\/\/api.w.org\/{rel}","templated":true}]}}