{"id":77838,"date":"2024-06-05T14:58:03","date_gmt":"2024-06-05T12:58:03","guid":{"rendered":"https:\/\/www.librairieclavreuil.com\/terence-comedies-de-terence-traduites-en-francois-avec-le-latin-a-coste-et-rendues-tres-honnestes-en-y-changeant-fort-peu-de-chose-pour-servir-a-bien-entendre-la-langue-latine-et-a-bien-traduire-e\/"},"modified":"2024-07-15T11:09:59","modified_gmt":"2024-07-15T09:09:59","slug":"terence-comedies-de-terence-traduites-en-francois-avec-le-latin-a-coste-et-rendues-tres-honnestes-en-y-changeant-fort-peu-de-chose-pour-servir-a-bien-entendre-la-langue-latine-et-a-bien-traduire-e","status":"publish","type":"product","link":"https:\/\/www.librairieclavreuil.com\/en\/terence-comedies-de-terence-traduites-en-francois-avec-le-latin-a-coste-et-rendues-tres-honnestes-en-y-changeant-fort-peu-de-chose-pour-servir-a-bien-entendre-la-langue-latine-et-a-bien-traduire-e\/","title":{"rendered":"TERENCE Com\u00e9dies de T\u00e9rence, traduites en fran\u00e7ois, avec..."},"content":{"rendered":"<p style=\"text-align:justify\">Juxta-linear edition.<\/p>\n<p style=\"text-align:justify\">Uncommon edition of the Comedies of Terence, who along with Plautus was a great master of the genre in Ancient Rome. Pages 229-230 and 236-237 are nicked, cardboards replace them after page 257.<\/p>\n<p style=\"text-align:justify\">Binding stained on part of the spine and lower board.<\/p>\n<p style=\"text-align:justify\">Provenance: Robert Arnauld d&#8217;Andilly (1589-1674), intendant general of the house of Gaston d&#8217;Orl\u00e9ans, arms on the boards. Arnauld de Torcy, handwritten bookplate on the title page, great uncle of Catherine-F\u00e9licit\u00e9 Arnauld (1670-1757), daughter of the Minister of Foreign Affairs, Simon Arnauld de Pomponne (1618-1699) and Catherine Ladvocat (1636-1711). She married Jean-Baptiste Colbert, Marquis de Torcy on 2 August 1696 (Jean-Baptiste Colbert, Journal in\u00e9dit, Paris, Soci\u00e9t\u00e9 d&#8217;\u00e9ditions litt\u00e9raires et artistiques, 1903).<\/p>\n","protected":false},"excerpt":{"rendered":"<p>12mo (133 x 80 mm) 12 unn.l, 257 pp. (bilingual French-Latin), pages 229-230 and 236-237 (cancel leaf), pages 258 to 266. Full calf, arms of Robert Arnauld d&#8217;Andilly on boards, spine gilt with raised bands (<i>17th century binding<\/i>).<\/p>\n","protected":false},"featured_media":80354,"comment_status":"open","ping_status":"closed","template":"","meta":{"_acf_changed":false},"product_brand":[],"product_cat":[530],"product_tag":[1244,1255],"class_list":{"0":"post-77838","1":"product","2":"type-product","3":"status-publish","4":"has-post-thumbnail","6":"product_cat-binding","7":"product_tag-17th-century-literature","8":"product_tag-theatre-dance","9":"pa_auteur-terence-2","10":"pa_type-de-livre-printed-book","12":"first","13":"instock","14":"shipping-taxable","15":"purchasable","16":"product-type-simple"},"acf":{"artist":" TERENCE","chapeau":"","adresse_bibliographique":"Paris, Chez le Veuve Martin Durand, 1647","book_type":"Printed book","provenance":"","afficher_prix":""},"yoast_head":"<!-- This site is optimized with the Yoast SEO plugin v24.7 - https:\/\/yoast.com\/wordpress\/plugins\/seo\/ -->\n<title>TERENCE  Com\u00e9dies de T\u00e9rence, traduites en fran\u00e7ois, avec le latin \u00e0 cost\u00e9 et rendues tr\u00e8s honnestes en y changeant fort peu de chose, pour servir \u00e0 bien entendre la langue latine et \u00e0 bien traduire en fran\u00e7ois. - Libairie Clavreuil<\/title>\n<meta name=\"robots\" content=\"index, follow, max-snippet:-1, max-image-preview:large, max-video-preview:-1\" \/>\n<link rel=\"canonical\" href=\"https:\/\/www.librairieclavreuil.com\/en\/terence-comedies-de-terence-traduites-en-francois-avec-le-latin-a-coste-et-rendues-tres-honnestes-en-y-changeant-fort-peu-de-chose-pour-servir-a-bien-entendre-la-langue-latine-et-a-bien-traduire-e\/\" \/>\n<meta property=\"og:locale\" content=\"en_US\" \/>\n<meta property=\"og:type\" content=\"article\" \/>\n<meta property=\"og:title\" content=\"TERENCE  Com\u00e9dies de T\u00e9rence, traduites en fran\u00e7ois, avec le latin \u00e0 cost\u00e9 et rendues tr\u00e8s honnestes en y changeant fort peu de chose, pour servir \u00e0 bien entendre la langue latine et \u00e0 bien traduire en fran\u00e7ois. - Libairie Clavreuil\" \/>\n<meta property=\"og:description\" content=\"12mo (133 x 80 mm) 12 unn.l, 257 pp. (bilingual French-Latin), pages 229-230 and 236-237 (cancel leaf), pages 258 to 266. Full calf, arms of Robert Arnauld d&#039;Andilly on boards, spine gilt with raised bands (17th century binding).\" \/>\n<meta property=\"og:url\" content=\"https:\/\/www.librairieclavreuil.com\/en\/terence-comedies-de-terence-traduites-en-francois-avec-le-latin-a-coste-et-rendues-tres-honnestes-en-y-changeant-fort-peu-de-chose-pour-servir-a-bien-entendre-la-langue-latine-et-a-bien-traduire-e\/\" \/>\n<meta property=\"og:site_name\" content=\"Libairie Clavreuil\" \/>\n<meta property=\"article:modified_time\" content=\"2024-07-15T09:09:59+00:00\" \/>\n<meta property=\"og:image\" content=\"https:\/\/www.librairieclavreuil.com\/wp-content\/uploads\/2024\/07\/terence-comedies-de-terence-traduites-en-francois-avec-le-latin-a-coste-et-rendues-tres-honnestes-en-y-changeant-fort-peu-de-chose-pour-serv-6694e748bbf0f.jpg\" \/>\n\t<meta property=\"og:image:width\" content=\"482\" \/>\n\t<meta property=\"og:image:height\" content=\"600\" \/>\n\t<meta property=\"og:image:type\" content=\"image\/jpeg\" \/>\n<meta name=\"twitter:card\" content=\"summary_large_image\" \/>\n<meta name=\"twitter:label1\" content=\"Est. reading time\" \/>\n\t<meta name=\"twitter:data1\" content=\"1 minute\" \/>\n<script type=\"application\/ld+json\" class=\"yoast-schema-graph\">{\"@context\":\"https:\/\/schema.org\",\"@graph\":[{\"@type\":\"WebPage\",\"@id\":\"https:\/\/www.librairieclavreuil.com\/en\/terence-comedies-de-terence-traduites-en-francois-avec-le-latin-a-coste-et-rendues-tres-honnestes-en-y-changeant-fort-peu-de-chose-pour-servir-a-bien-entendre-la-langue-latine-et-a-bien-traduire-e\/\",\"url\":\"https:\/\/www.librairieclavreuil.com\/en\/terence-comedies-de-terence-traduites-en-francois-avec-le-latin-a-coste-et-rendues-tres-honnestes-en-y-changeant-fort-peu-de-chose-pour-servir-a-bien-entendre-la-langue-latine-et-a-bien-traduire-e\/\",\"name\":\"TERENCE Com\u00e9dies de T\u00e9rence, traduites en fran\u00e7ois, avec le latin \u00e0 cost\u00e9 et rendues tr\u00e8s honnestes en y changeant fort peu de chose, pour servir \u00e0 bien entendre la langue latine et \u00e0 bien traduire en fran\u00e7ois. - Libairie Clavreuil\",\"isPartOf\":{\"@id\":\"https:\/\/www.librairieclavreuil.com\/#website\"},\"primaryImageOfPage\":{\"@id\":\"https:\/\/www.librairieclavreuil.com\/en\/terence-comedies-de-terence-traduites-en-francois-avec-le-latin-a-coste-et-rendues-tres-honnestes-en-y-changeant-fort-peu-de-chose-pour-servir-a-bien-entendre-la-langue-latine-et-a-bien-traduire-e\/#primaryimage\"},\"image\":{\"@id\":\"https:\/\/www.librairieclavreuil.com\/en\/terence-comedies-de-terence-traduites-en-francois-avec-le-latin-a-coste-et-rendues-tres-honnestes-en-y-changeant-fort-peu-de-chose-pour-servir-a-bien-entendre-la-langue-latine-et-a-bien-traduire-e\/#primaryimage\"},\"thumbnailUrl\":\"https:\/\/www.librairieclavreuil.com\/wp-content\/uploads\/2024\/07\/terence-comedies-de-terence-traduites-en-francois-avec-le-latin-a-coste-et-rendues-tres-honnestes-en-y-changeant-fort-peu-de-chose-pour-serv-6694e748bbf0f.jpg\",\"datePublished\":\"2024-06-05T12:58:03+00:00\",\"dateModified\":\"2024-07-15T09:09:59+00:00\",\"breadcrumb\":{\"@id\":\"https:\/\/www.librairieclavreuil.com\/en\/terence-comedies-de-terence-traduites-en-francois-avec-le-latin-a-coste-et-rendues-tres-honnestes-en-y-changeant-fort-peu-de-chose-pour-servir-a-bien-entendre-la-langue-latine-et-a-bien-traduire-e\/#breadcrumb\"},\"inLanguage\":\"en-US\",\"potentialAction\":[{\"@type\":\"ReadAction\",\"target\":[\"https:\/\/www.librairieclavreuil.com\/en\/terence-comedies-de-terence-traduites-en-francois-avec-le-latin-a-coste-et-rendues-tres-honnestes-en-y-changeant-fort-peu-de-chose-pour-servir-a-bien-entendre-la-langue-latine-et-a-bien-traduire-e\/\"]}]},{\"@type\":\"ImageObject\",\"inLanguage\":\"en-US\",\"@id\":\"https:\/\/www.librairieclavreuil.com\/en\/terence-comedies-de-terence-traduites-en-francois-avec-le-latin-a-coste-et-rendues-tres-honnestes-en-y-changeant-fort-peu-de-chose-pour-servir-a-bien-entendre-la-langue-latine-et-a-bien-traduire-e\/#primaryimage\",\"url\":\"https:\/\/www.librairieclavreuil.com\/wp-content\/uploads\/2024\/07\/terence-comedies-de-terence-traduites-en-francois-avec-le-latin-a-coste-et-rendues-tres-honnestes-en-y-changeant-fort-peu-de-chose-pour-serv-6694e748bbf0f.jpg\",\"contentUrl\":\"https:\/\/www.librairieclavreuil.com\/wp-content\/uploads\/2024\/07\/terence-comedies-de-terence-traduites-en-francois-avec-le-latin-a-coste-et-rendues-tres-honnestes-en-y-changeant-fort-peu-de-chose-pour-serv-6694e748bbf0f.jpg\",\"width\":482,\"height\":600},{\"@type\":\"BreadcrumbList\",\"@id\":\"https:\/\/www.librairieclavreuil.com\/en\/terence-comedies-de-terence-traduites-en-francois-avec-le-latin-a-coste-et-rendues-tres-honnestes-en-y-changeant-fort-peu-de-chose-pour-servir-a-bien-entendre-la-langue-latine-et-a-bien-traduire-e\/#breadcrumb\",\"itemListElement\":[{\"@type\":\"ListItem\",\"position\":1,\"name\":\"Accueil\",\"item\":\"https:\/\/www.librairieclavreuil.com\/\"},{\"@type\":\"ListItem\",\"position\":2,\"name\":\"All our books\",\"item\":\"https:\/\/www.librairieclavreuil.com\/en\/all-our-books\/\"},{\"@type\":\"ListItem\",\"position\":3,\"name\":\"TERENCE Com\u00e9dies de T\u00e9rence, traduites en fran\u00e7ois, avec le latin \u00e0 cost\u00e9 et rendues tr\u00e8s honnestes en y changeant fort peu de chose, pour servir \u00e0 bien entendre la langue latine et \u00e0 bien traduire en fran\u00e7ois.\"}]},{\"@type\":\"WebSite\",\"@id\":\"https:\/\/www.librairieclavreuil.com\/#website\",\"url\":\"https:\/\/www.librairieclavreuil.com\/\",\"name\":\"Libairie Clavreuil\",\"description\":\"Livres anciens, manuscrits rares et \u00e9ditions originales \u2013 Librairie Clavreuil\",\"publisher\":{\"@id\":\"https:\/\/www.librairieclavreuil.com\/#organization\"},\"potentialAction\":[{\"@type\":\"SearchAction\",\"target\":{\"@type\":\"EntryPoint\",\"urlTemplate\":\"https:\/\/www.librairieclavreuil.com\/?s={search_term_string}\"},\"query-input\":{\"@type\":\"PropertyValueSpecification\",\"valueRequired\":true,\"valueName\":\"search_term_string\"}}],\"inLanguage\":\"en-US\"},{\"@type\":\"Organization\",\"@id\":\"https:\/\/www.librairieclavreuil.com\/#organization\",\"name\":\"Libairie Clavreuil\",\"url\":\"https:\/\/www.librairieclavreuil.com\/\",\"logo\":{\"@type\":\"ImageObject\",\"inLanguage\":\"en-US\",\"@id\":\"https:\/\/www.librairieclavreuil.com\/#\/schema\/logo\/image\/\",\"url\":\"https:\/\/www.librairieclavreuil.com\/wp-content\/uploads\/2021\/06\/cropped-LOGO_PNG_DATE-_gold-512x512-1.png\",\"contentUrl\":\"https:\/\/www.librairieclavreuil.com\/wp-content\/uploads\/2021\/06\/cropped-LOGO_PNG_DATE-_gold-512x512-1.png\",\"width\":512,\"height\":512,\"caption\":\"Libairie Clavreuil\"},\"image\":{\"@id\":\"https:\/\/www.librairieclavreuil.com\/#\/schema\/logo\/image\/\"},\"sameAs\":[\"https:\/\/www.instagram.com\/librairieclavreuil\/\"]}]}<\/script>\n<!-- \/ Yoast SEO plugin. -->","yoast_head_json":{"title":"TERENCE  Com\u00e9dies de T\u00e9rence, traduites en fran\u00e7ois, avec le latin \u00e0 cost\u00e9 et rendues tr\u00e8s honnestes en y changeant fort peu de chose, pour servir \u00e0 bien entendre la langue latine et \u00e0 bien traduire en fran\u00e7ois. - Libairie Clavreuil","robots":{"index":"index","follow":"follow","max-snippet":"max-snippet:-1","max-image-preview":"max-image-preview:large","max-video-preview":"max-video-preview:-1"},"canonical":"https:\/\/www.librairieclavreuil.com\/en\/terence-comedies-de-terence-traduites-en-francois-avec-le-latin-a-coste-et-rendues-tres-honnestes-en-y-changeant-fort-peu-de-chose-pour-servir-a-bien-entendre-la-langue-latine-et-a-bien-traduire-e\/","og_locale":"en_US","og_type":"article","og_title":"TERENCE  Com\u00e9dies de T\u00e9rence, traduites en fran\u00e7ois, avec le latin \u00e0 cost\u00e9 et rendues tr\u00e8s honnestes en y changeant fort peu de chose, pour servir \u00e0 bien entendre la langue latine et \u00e0 bien traduire en fran\u00e7ois. - Libairie Clavreuil","og_description":"12mo (133 x 80 mm) 12 unn.l, 257 pp. (bilingual French-Latin), pages 229-230 and 236-237 (cancel leaf), pages 258 to 266. Full calf, arms of Robert Arnauld d'Andilly on boards, spine gilt with raised bands (17th century binding).","og_url":"https:\/\/www.librairieclavreuil.com\/en\/terence-comedies-de-terence-traduites-en-francois-avec-le-latin-a-coste-et-rendues-tres-honnestes-en-y-changeant-fort-peu-de-chose-pour-servir-a-bien-entendre-la-langue-latine-et-a-bien-traduire-e\/","og_site_name":"Libairie Clavreuil","article_modified_time":"2024-07-15T09:09:59+00:00","og_image":[{"width":482,"height":600,"url":"https:\/\/www.librairieclavreuil.com\/wp-content\/uploads\/2024\/07\/terence-comedies-de-terence-traduites-en-francois-avec-le-latin-a-coste-et-rendues-tres-honnestes-en-y-changeant-fort-peu-de-chose-pour-serv-6694e748bbf0f.jpg","type":"image\/jpeg"}],"twitter_card":"summary_large_image","twitter_misc":{"Est. reading time":"1 minute"},"schema":{"@context":"https:\/\/schema.org","@graph":[{"@type":"WebPage","@id":"https:\/\/www.librairieclavreuil.com\/en\/terence-comedies-de-terence-traduites-en-francois-avec-le-latin-a-coste-et-rendues-tres-honnestes-en-y-changeant-fort-peu-de-chose-pour-servir-a-bien-entendre-la-langue-latine-et-a-bien-traduire-e\/","url":"https:\/\/www.librairieclavreuil.com\/en\/terence-comedies-de-terence-traduites-en-francois-avec-le-latin-a-coste-et-rendues-tres-honnestes-en-y-changeant-fort-peu-de-chose-pour-servir-a-bien-entendre-la-langue-latine-et-a-bien-traduire-e\/","name":"TERENCE Com\u00e9dies de T\u00e9rence, traduites en fran\u00e7ois, avec le latin \u00e0 cost\u00e9 et rendues tr\u00e8s honnestes en y changeant fort peu de chose, pour servir \u00e0 bien entendre la langue latine et \u00e0 bien traduire en fran\u00e7ois. - Libairie Clavreuil","isPartOf":{"@id":"https:\/\/www.librairieclavreuil.com\/#website"},"primaryImageOfPage":{"@id":"https:\/\/www.librairieclavreuil.com\/en\/terence-comedies-de-terence-traduites-en-francois-avec-le-latin-a-coste-et-rendues-tres-honnestes-en-y-changeant-fort-peu-de-chose-pour-servir-a-bien-entendre-la-langue-latine-et-a-bien-traduire-e\/#primaryimage"},"image":{"@id":"https:\/\/www.librairieclavreuil.com\/en\/terence-comedies-de-terence-traduites-en-francois-avec-le-latin-a-coste-et-rendues-tres-honnestes-en-y-changeant-fort-peu-de-chose-pour-servir-a-bien-entendre-la-langue-latine-et-a-bien-traduire-e\/#primaryimage"},"thumbnailUrl":"https:\/\/www.librairieclavreuil.com\/wp-content\/uploads\/2024\/07\/terence-comedies-de-terence-traduites-en-francois-avec-le-latin-a-coste-et-rendues-tres-honnestes-en-y-changeant-fort-peu-de-chose-pour-serv-6694e748bbf0f.jpg","datePublished":"2024-06-05T12:58:03+00:00","dateModified":"2024-07-15T09:09:59+00:00","breadcrumb":{"@id":"https:\/\/www.librairieclavreuil.com\/en\/terence-comedies-de-terence-traduites-en-francois-avec-le-latin-a-coste-et-rendues-tres-honnestes-en-y-changeant-fort-peu-de-chose-pour-servir-a-bien-entendre-la-langue-latine-et-a-bien-traduire-e\/#breadcrumb"},"inLanguage":"en-US","potentialAction":[{"@type":"ReadAction","target":["https:\/\/www.librairieclavreuil.com\/en\/terence-comedies-de-terence-traduites-en-francois-avec-le-latin-a-coste-et-rendues-tres-honnestes-en-y-changeant-fort-peu-de-chose-pour-servir-a-bien-entendre-la-langue-latine-et-a-bien-traduire-e\/"]}]},{"@type":"ImageObject","inLanguage":"en-US","@id":"https:\/\/www.librairieclavreuil.com\/en\/terence-comedies-de-terence-traduites-en-francois-avec-le-latin-a-coste-et-rendues-tres-honnestes-en-y-changeant-fort-peu-de-chose-pour-servir-a-bien-entendre-la-langue-latine-et-a-bien-traduire-e\/#primaryimage","url":"https:\/\/www.librairieclavreuil.com\/wp-content\/uploads\/2024\/07\/terence-comedies-de-terence-traduites-en-francois-avec-le-latin-a-coste-et-rendues-tres-honnestes-en-y-changeant-fort-peu-de-chose-pour-serv-6694e748bbf0f.jpg","contentUrl":"https:\/\/www.librairieclavreuil.com\/wp-content\/uploads\/2024\/07\/terence-comedies-de-terence-traduites-en-francois-avec-le-latin-a-coste-et-rendues-tres-honnestes-en-y-changeant-fort-peu-de-chose-pour-serv-6694e748bbf0f.jpg","width":482,"height":600},{"@type":"BreadcrumbList","@id":"https:\/\/www.librairieclavreuil.com\/en\/terence-comedies-de-terence-traduites-en-francois-avec-le-latin-a-coste-et-rendues-tres-honnestes-en-y-changeant-fort-peu-de-chose-pour-servir-a-bien-entendre-la-langue-latine-et-a-bien-traduire-e\/#breadcrumb","itemListElement":[{"@type":"ListItem","position":1,"name":"Accueil","item":"https:\/\/www.librairieclavreuil.com\/"},{"@type":"ListItem","position":2,"name":"All our books","item":"https:\/\/www.librairieclavreuil.com\/en\/all-our-books\/"},{"@type":"ListItem","position":3,"name":"TERENCE Com\u00e9dies de T\u00e9rence, traduites en fran\u00e7ois, avec le latin \u00e0 cost\u00e9 et rendues tr\u00e8s honnestes en y changeant fort peu de chose, pour servir \u00e0 bien entendre la langue latine et \u00e0 bien traduire en fran\u00e7ois."}]},{"@type":"WebSite","@id":"https:\/\/www.librairieclavreuil.com\/#website","url":"https:\/\/www.librairieclavreuil.com\/","name":"Libairie Clavreuil","description":"Livres anciens, manuscrits rares et \u00e9ditions originales \u2013 Librairie Clavreuil","publisher":{"@id":"https:\/\/www.librairieclavreuil.com\/#organization"},"potentialAction":[{"@type":"SearchAction","target":{"@type":"EntryPoint","urlTemplate":"https:\/\/www.librairieclavreuil.com\/?s={search_term_string}"},"query-input":{"@type":"PropertyValueSpecification","valueRequired":true,"valueName":"search_term_string"}}],"inLanguage":"en-US"},{"@type":"Organization","@id":"https:\/\/www.librairieclavreuil.com\/#organization","name":"Libairie Clavreuil","url":"https:\/\/www.librairieclavreuil.com\/","logo":{"@type":"ImageObject","inLanguage":"en-US","@id":"https:\/\/www.librairieclavreuil.com\/#\/schema\/logo\/image\/","url":"https:\/\/www.librairieclavreuil.com\/wp-content\/uploads\/2021\/06\/cropped-LOGO_PNG_DATE-_gold-512x512-1.png","contentUrl":"https:\/\/www.librairieclavreuil.com\/wp-content\/uploads\/2021\/06\/cropped-LOGO_PNG_DATE-_gold-512x512-1.png","width":512,"height":512,"caption":"Libairie Clavreuil"},"image":{"@id":"https:\/\/www.librairieclavreuil.com\/#\/schema\/logo\/image\/"},"sameAs":["https:\/\/www.instagram.com\/librairieclavreuil\/"]}]}},"jetpack_sharing_enabled":true,"_links":{"self":[{"href":"https:\/\/www.librairieclavreuil.com\/en\/wp-json\/wp\/v2\/product\/77838","targetHints":{"allow":["GET"]}}],"collection":[{"href":"https:\/\/www.librairieclavreuil.com\/en\/wp-json\/wp\/v2\/product"}],"about":[{"href":"https:\/\/www.librairieclavreuil.com\/en\/wp-json\/wp\/v2\/types\/product"}],"replies":[{"embeddable":true,"href":"https:\/\/www.librairieclavreuil.com\/en\/wp-json\/wp\/v2\/comments?post=77838"}],"wp:featuredmedia":[{"embeddable":true,"href":"https:\/\/www.librairieclavreuil.com\/en\/wp-json\/wp\/v2\/media\/80354"}],"wp:attachment":[{"href":"https:\/\/www.librairieclavreuil.com\/en\/wp-json\/wp\/v2\/media?parent=77838"}],"wp:term":[{"taxonomy":"product_brand","embeddable":true,"href":"https:\/\/www.librairieclavreuil.com\/en\/wp-json\/wp\/v2\/product_brand?post=77838"},{"taxonomy":"product_cat","embeddable":true,"href":"https:\/\/www.librairieclavreuil.com\/en\/wp-json\/wp\/v2\/product_cat?post=77838"},{"taxonomy":"product_tag","embeddable":true,"href":"https:\/\/www.librairieclavreuil.com\/en\/wp-json\/wp\/v2\/product_tag?post=77838"}],"curies":[{"name":"wp","href":"https:\/\/api.w.org\/{rel}","templated":true}]}}