{"id":77832,"date":"2024-06-05T14:57:17","date_gmt":"2024-06-05T12:57:17","guid":{"rendered":"https:\/\/www.librairieclavreuil.com\/aretino-pietro-capricciosi-piacevoli-ragionamenti-di-m-pietro-aretino-nuova-editione-con-certe-postille-che-spianano-e-dichiarano-evidentemente-i-luoghi-le-parole-piu-oscure\/"},"modified":"2025-10-10T12:48:13","modified_gmt":"2025-10-10T10:48:13","slug":"aretino-pietro-capricciosi-piacevoli-ragionamenti-di-m-pietro-aretino-nuova-editione-con-certe-postille-che-spianano-e-dichiarano-evidentemente-i-luoghi-le-parole-piu-oscure","status":"publish","type":"product","link":"https:\/\/www.librairieclavreuil.com\/en\/aretino-pietro-capricciosi-piacevoli-ragionamenti-di-m-pietro-aretino-nuova-editione-con-certe-postille-che-spianano-e-dichiarano-evidentemente-i-luoghi-le-parole-piu-oscure\/","title":{"rendered":"ARETINO Pietro Capricciosi &amp; piacevoli ragionamenti di M...."},"content":{"rendered":"<p style=\"text-align:justify\"><i>Brunet, I, 412 : &#8220;la plus belle et la plus recherch\u00e9e&#8221; ; Gamba, p. 367 ; Gay &amp; Lemonnier, 471.<\/i><\/p>\n<p style=\"text-align:justify\"><span style=\"font-variant:small-caps\">One of the most beautiful edition edition of <\/span><i><span style=\"font-variant:small-caps\">Ragionamenti<\/span><\/i><span style=\"font-variant:small-caps\">.<\/span><\/p>\n<p style=\"text-align:justify\">Published in Amsterdam by the Elsevier printing family two almost identical issues are known of this edition: this copy belongs to the first, with the characteristics described by Brunet.<\/p>\n<p style=\"text-align:justify\"><i>The Ragionamenti <\/i>(1536-56) unite some of the most celebrated satirical or licencious works by Pietro Aretino (1492-1556). The dialogues are between a prostitute and various persons and mock society, the court of Rome, the holy sacrements, mariage, etc. The famous work <i>La Puttana errante<\/i>, published for the first time in Rome in 1530, was written by the Venetian poet Lorenzo Venier. It is a picturesque satire in which a Venetian courtesan sees herself forced to return her favours to 24 clients in one single session&#8230;.<\/p>\n<p style=\"text-align:justify\">Rare copy, complete with the often missing second part. A very charming copy in a very finely executed French Dentelle binding.<\/p>\n<p style=\"text-align:justify\">Small portions of corners missing on p.120\/121 touching one or two letters.<\/p>\n<p style=\"text-align:justify\">Provenance: Louis Nicolas Jean Joachim de Cayrol (<span>1775-1859), former deputy, member of the Society of Antiquaries of Picardy, some of his books were sold after his death in 1861 (rubber stamp on title).<\/span><\/p>\n","protected":false},"excerpt":{"rendered":"<p>2 parts in one volume, 8vo (151 x 91 mm) 541 pp., 1 un.l. (blank) for part I; 38 pp. for part II. Contemporary red French morocoo, large gilt dentelle on covers, flat spine richly tooled, green morocco spine label, blue endpapers, gilt edges, contemporary green morocco slipcase richly tooled, partly fitted with pink silk lining.<\/p>\n","protected":false},"featured_media":77821,"comment_status":"open","ping_status":"closed","template":"","meta":{"_acf_changed":false},"product_brand":[],"product_cat":[530],"product_tag":[1244,1267,1397],"class_list":{"0":"post-77832","1":"product","2":"type-product","3":"status-publish","4":"has-post-thumbnail","6":"product_cat-binding","7":"product_tag-17th-century-literature","8":"product_tag-binding","9":"product_tag-italy","10":"pa_auteur-aretino-pietro-2","11":"pa_type-de-livre-printed-book","13":"first","14":"outofstock","15":"shipping-taxable","16":"purchasable","17":"product-type-simple"},"acf":{"artist":" Pietro ARETINO","chapeau":"Exquisit 18th century red morocco dentelle binding\r\npreserved in the original green morocco slipcase","adresse_bibliographique":"Stampati in Cosmopoli, 1660","book_type":"Printed book","provenance":"","afficher_prix":""},"yoast_head":"<!-- This site is optimized with the Yoast SEO plugin v24.7 - https:\/\/yoast.com\/wordpress\/plugins\/seo\/ -->\n<title>ARETINO Pietro Capricciosi &amp; piacevoli ragionamenti di M. Pietro Aretino... Nuova Editione. Con certe postille, che spianano e dichiarano evidentemente i luoghi &amp; le parole pi\u00f9 oscure, &amp; pi\u00f9 difficili dell&#039;opera. [Suivi de :] La Puttana errante overo dialogo, di Madalena \u00e8 Giulia, di M. P. Aretino. - Libairie Clavreuil<\/title>\n<meta name=\"robots\" content=\"index, follow, max-snippet:-1, max-image-preview:large, max-video-preview:-1\" \/>\n<link rel=\"canonical\" href=\"https:\/\/www.librairieclavreuil.com\/en\/aretino-pietro-capricciosi-piacevoli-ragionamenti-di-m-pietro-aretino-nuova-editione-con-certe-postille-che-spianano-e-dichiarano-evidentemente-i-luoghi-le-parole-piu-oscure\/\" \/>\n<meta property=\"og:locale\" content=\"en_US\" \/>\n<meta property=\"og:type\" content=\"article\" \/>\n<meta property=\"og:title\" content=\"ARETINO Pietro Capricciosi &amp; piacevoli ragionamenti di M. Pietro Aretino... Nuova Editione. Con certe postille, che spianano e dichiarano evidentemente i luoghi &amp; le parole pi\u00f9 oscure, &amp; pi\u00f9 difficili dell&#039;opera. [Suivi de :] La Puttana errante overo dialogo, di Madalena \u00e8 Giulia, di M. P. Aretino. - Libairie Clavreuil\" \/>\n<meta property=\"og:description\" content=\"2 parts in one volume, 8vo (151 x 91 mm) 541 pp., 1 un.l. (blank) for part I; 38 pp. for part II. Contemporary red French morocoo, large gilt dentelle on covers, flat spine richly tooled, green morocco spine label, blue endpapers, gilt edges, contemporary green morocco slipcase richly tooled, partly fitted with pink silk lining.\" \/>\n<meta property=\"og:url\" content=\"https:\/\/www.librairieclavreuil.com\/en\/aretino-pietro-capricciosi-piacevoli-ragionamenti-di-m-pietro-aretino-nuova-editione-con-certe-postille-che-spianano-e-dichiarano-evidentemente-i-luoghi-le-parole-piu-oscure\/\" \/>\n<meta property=\"og:site_name\" content=\"Libairie Clavreuil\" \/>\n<meta property=\"article:modified_time\" content=\"2025-10-10T10:48:13+00:00\" \/>\n<meta property=\"og:image\" content=\"https:\/\/www.librairieclavreuil.com\/wp-content\/uploads\/2024\/06\/pietro-aretino-capricciosi-piacevoli-ragionamenti-di-m-pietro-aretino-nuova-editione-con-certe-postille-che-spianano-e-dichiarano-evidentemente-i-luog-scaled.jpg\" \/>\n\t<meta property=\"og:image:width\" content=\"2560\" \/>\n\t<meta property=\"og:image:height\" content=\"2372\" \/>\n\t<meta property=\"og:image:type\" content=\"image\/jpeg\" \/>\n<meta name=\"twitter:card\" content=\"summary_large_image\" \/>\n<meta name=\"twitter:label1\" content=\"Est. reading time\" \/>\n\t<meta name=\"twitter:data1\" content=\"1 minute\" \/>\n<script type=\"application\/ld+json\" class=\"yoast-schema-graph\">{\"@context\":\"https:\/\/schema.org\",\"@graph\":[{\"@type\":\"WebPage\",\"@id\":\"https:\/\/www.librairieclavreuil.com\/en\/aretino-pietro-capricciosi-piacevoli-ragionamenti-di-m-pietro-aretino-nuova-editione-con-certe-postille-che-spianano-e-dichiarano-evidentemente-i-luoghi-le-parole-piu-oscure\/\",\"url\":\"https:\/\/www.librairieclavreuil.com\/en\/aretino-pietro-capricciosi-piacevoli-ragionamenti-di-m-pietro-aretino-nuova-editione-con-certe-postille-che-spianano-e-dichiarano-evidentemente-i-luoghi-le-parole-piu-oscure\/\",\"name\":\"ARETINO Pietro Capricciosi &amp; piacevoli ragionamenti di M. Pietro Aretino... Nuova Editione. Con certe postille, che spianano e dichiarano evidentemente i luoghi &amp; le parole pi\u00f9 oscure, &amp; pi\u00f9 difficili dell'opera. [Suivi de :] La Puttana errante overo dialogo, di Madalena \u00e8 Giulia, di M. P. Aretino. - Libairie Clavreuil\",\"isPartOf\":{\"@id\":\"https:\/\/www.librairieclavreuil.com\/#website\"},\"primaryImageOfPage\":{\"@id\":\"https:\/\/www.librairieclavreuil.com\/en\/aretino-pietro-capricciosi-piacevoli-ragionamenti-di-m-pietro-aretino-nuova-editione-con-certe-postille-che-spianano-e-dichiarano-evidentemente-i-luoghi-le-parole-piu-oscure\/#primaryimage\"},\"image\":{\"@id\":\"https:\/\/www.librairieclavreuil.com\/en\/aretino-pietro-capricciosi-piacevoli-ragionamenti-di-m-pietro-aretino-nuova-editione-con-certe-postille-che-spianano-e-dichiarano-evidentemente-i-luoghi-le-parole-piu-oscure\/#primaryimage\"},\"thumbnailUrl\":\"https:\/\/www.librairieclavreuil.com\/wp-content\/uploads\/2024\/06\/pietro-aretino-capricciosi-piacevoli-ragionamenti-di-m-pietro-aretino-nuova-editione-con-certe-postille-che-spianano-e-dichiarano-evidentemente-i-luog-scaled.jpg\",\"datePublished\":\"2024-06-05T12:57:17+00:00\",\"dateModified\":\"2025-10-10T10:48:13+00:00\",\"breadcrumb\":{\"@id\":\"https:\/\/www.librairieclavreuil.com\/en\/aretino-pietro-capricciosi-piacevoli-ragionamenti-di-m-pietro-aretino-nuova-editione-con-certe-postille-che-spianano-e-dichiarano-evidentemente-i-luoghi-le-parole-piu-oscure\/#breadcrumb\"},\"inLanguage\":\"en-US\",\"potentialAction\":[{\"@type\":\"ReadAction\",\"target\":[\"https:\/\/www.librairieclavreuil.com\/en\/aretino-pietro-capricciosi-piacevoli-ragionamenti-di-m-pietro-aretino-nuova-editione-con-certe-postille-che-spianano-e-dichiarano-evidentemente-i-luoghi-le-parole-piu-oscure\/\"]}]},{\"@type\":\"ImageObject\",\"inLanguage\":\"en-US\",\"@id\":\"https:\/\/www.librairieclavreuil.com\/en\/aretino-pietro-capricciosi-piacevoli-ragionamenti-di-m-pietro-aretino-nuova-editione-con-certe-postille-che-spianano-e-dichiarano-evidentemente-i-luoghi-le-parole-piu-oscure\/#primaryimage\",\"url\":\"https:\/\/www.librairieclavreuil.com\/wp-content\/uploads\/2024\/06\/pietro-aretino-capricciosi-piacevoli-ragionamenti-di-m-pietro-aretino-nuova-editione-con-certe-postille-che-spianano-e-dichiarano-evidentemente-i-luog-scaled.jpg\",\"contentUrl\":\"https:\/\/www.librairieclavreuil.com\/wp-content\/uploads\/2024\/06\/pietro-aretino-capricciosi-piacevoli-ragionamenti-di-m-pietro-aretino-nuova-editione-con-certe-postille-che-spianano-e-dichiarano-evidentemente-i-luog-scaled.jpg\",\"width\":2560,\"height\":2372},{\"@type\":\"BreadcrumbList\",\"@id\":\"https:\/\/www.librairieclavreuil.com\/en\/aretino-pietro-capricciosi-piacevoli-ragionamenti-di-m-pietro-aretino-nuova-editione-con-certe-postille-che-spianano-e-dichiarano-evidentemente-i-luoghi-le-parole-piu-oscure\/#breadcrumb\",\"itemListElement\":[{\"@type\":\"ListItem\",\"position\":1,\"name\":\"Accueil\",\"item\":\"https:\/\/www.librairieclavreuil.com\/\"},{\"@type\":\"ListItem\",\"position\":2,\"name\":\"All our books\",\"item\":\"https:\/\/www.librairieclavreuil.com\/en\/all-our-books\/\"},{\"@type\":\"ListItem\",\"position\":3,\"name\":\"ARETINO Pietro Capricciosi &amp; piacevoli ragionamenti di M....\"}]},{\"@type\":\"WebSite\",\"@id\":\"https:\/\/www.librairieclavreuil.com\/#website\",\"url\":\"https:\/\/www.librairieclavreuil.com\/\",\"name\":\"Libairie Clavreuil\",\"description\":\"Livres anciens, manuscrits rares et \u00e9ditions originales \u2013 Librairie Clavreuil\",\"publisher\":{\"@id\":\"https:\/\/www.librairieclavreuil.com\/#organization\"},\"potentialAction\":[{\"@type\":\"SearchAction\",\"target\":{\"@type\":\"EntryPoint\",\"urlTemplate\":\"https:\/\/www.librairieclavreuil.com\/?s={search_term_string}\"},\"query-input\":{\"@type\":\"PropertyValueSpecification\",\"valueRequired\":true,\"valueName\":\"search_term_string\"}}],\"inLanguage\":\"en-US\"},{\"@type\":\"Organization\",\"@id\":\"https:\/\/www.librairieclavreuil.com\/#organization\",\"name\":\"Libairie Clavreuil\",\"url\":\"https:\/\/www.librairieclavreuil.com\/\",\"logo\":{\"@type\":\"ImageObject\",\"inLanguage\":\"en-US\",\"@id\":\"https:\/\/www.librairieclavreuil.com\/#\/schema\/logo\/image\/\",\"url\":\"https:\/\/www.librairieclavreuil.com\/wp-content\/uploads\/2021\/06\/cropped-LOGO_PNG_DATE-_gold-512x512-1.png\",\"contentUrl\":\"https:\/\/www.librairieclavreuil.com\/wp-content\/uploads\/2021\/06\/cropped-LOGO_PNG_DATE-_gold-512x512-1.png\",\"width\":512,\"height\":512,\"caption\":\"Libairie Clavreuil\"},\"image\":{\"@id\":\"https:\/\/www.librairieclavreuil.com\/#\/schema\/logo\/image\/\"},\"sameAs\":[\"https:\/\/www.instagram.com\/librairieclavreuil\/\"]}]}<\/script>\n<!-- \/ Yoast SEO plugin. -->","yoast_head_json":{"title":"ARETINO Pietro Capricciosi &amp; piacevoli ragionamenti di M. Pietro Aretino... Nuova Editione. Con certe postille, che spianano e dichiarano evidentemente i luoghi &amp; le parole pi\u00f9 oscure, &amp; pi\u00f9 difficili dell'opera. [Suivi de :] La Puttana errante overo dialogo, di Madalena \u00e8 Giulia, di M. P. Aretino. - Libairie Clavreuil","robots":{"index":"index","follow":"follow","max-snippet":"max-snippet:-1","max-image-preview":"max-image-preview:large","max-video-preview":"max-video-preview:-1"},"canonical":"https:\/\/www.librairieclavreuil.com\/en\/aretino-pietro-capricciosi-piacevoli-ragionamenti-di-m-pietro-aretino-nuova-editione-con-certe-postille-che-spianano-e-dichiarano-evidentemente-i-luoghi-le-parole-piu-oscure\/","og_locale":"en_US","og_type":"article","og_title":"ARETINO Pietro Capricciosi &amp; piacevoli ragionamenti di M. Pietro Aretino... Nuova Editione. Con certe postille, che spianano e dichiarano evidentemente i luoghi &amp; le parole pi\u00f9 oscure, &amp; pi\u00f9 difficili dell'opera. [Suivi de :] La Puttana errante overo dialogo, di Madalena \u00e8 Giulia, di M. P. Aretino. - Libairie Clavreuil","og_description":"2 parts in one volume, 8vo (151 x 91 mm) 541 pp., 1 un.l. (blank) for part I; 38 pp. for part II. Contemporary red French morocoo, large gilt dentelle on covers, flat spine richly tooled, green morocco spine label, blue endpapers, gilt edges, contemporary green morocco slipcase richly tooled, partly fitted with pink silk lining.","og_url":"https:\/\/www.librairieclavreuil.com\/en\/aretino-pietro-capricciosi-piacevoli-ragionamenti-di-m-pietro-aretino-nuova-editione-con-certe-postille-che-spianano-e-dichiarano-evidentemente-i-luoghi-le-parole-piu-oscure\/","og_site_name":"Libairie Clavreuil","article_modified_time":"2025-10-10T10:48:13+00:00","og_image":[{"width":2560,"height":2372,"url":"https:\/\/www.librairieclavreuil.com\/wp-content\/uploads\/2024\/06\/pietro-aretino-capricciosi-piacevoli-ragionamenti-di-m-pietro-aretino-nuova-editione-con-certe-postille-che-spianano-e-dichiarano-evidentemente-i-luog-scaled.jpg","type":"image\/jpeg"}],"twitter_card":"summary_large_image","twitter_misc":{"Est. reading time":"1 minute"},"schema":{"@context":"https:\/\/schema.org","@graph":[{"@type":"WebPage","@id":"https:\/\/www.librairieclavreuil.com\/en\/aretino-pietro-capricciosi-piacevoli-ragionamenti-di-m-pietro-aretino-nuova-editione-con-certe-postille-che-spianano-e-dichiarano-evidentemente-i-luoghi-le-parole-piu-oscure\/","url":"https:\/\/www.librairieclavreuil.com\/en\/aretino-pietro-capricciosi-piacevoli-ragionamenti-di-m-pietro-aretino-nuova-editione-con-certe-postille-che-spianano-e-dichiarano-evidentemente-i-luoghi-le-parole-piu-oscure\/","name":"ARETINO Pietro Capricciosi &amp; piacevoli ragionamenti di M. Pietro Aretino... Nuova Editione. Con certe postille, che spianano e dichiarano evidentemente i luoghi &amp; le parole pi\u00f9 oscure, &amp; pi\u00f9 difficili dell'opera. [Suivi de :] La Puttana errante overo dialogo, di Madalena \u00e8 Giulia, di M. P. Aretino. - Libairie Clavreuil","isPartOf":{"@id":"https:\/\/www.librairieclavreuil.com\/#website"},"primaryImageOfPage":{"@id":"https:\/\/www.librairieclavreuil.com\/en\/aretino-pietro-capricciosi-piacevoli-ragionamenti-di-m-pietro-aretino-nuova-editione-con-certe-postille-che-spianano-e-dichiarano-evidentemente-i-luoghi-le-parole-piu-oscure\/#primaryimage"},"image":{"@id":"https:\/\/www.librairieclavreuil.com\/en\/aretino-pietro-capricciosi-piacevoli-ragionamenti-di-m-pietro-aretino-nuova-editione-con-certe-postille-che-spianano-e-dichiarano-evidentemente-i-luoghi-le-parole-piu-oscure\/#primaryimage"},"thumbnailUrl":"https:\/\/www.librairieclavreuil.com\/wp-content\/uploads\/2024\/06\/pietro-aretino-capricciosi-piacevoli-ragionamenti-di-m-pietro-aretino-nuova-editione-con-certe-postille-che-spianano-e-dichiarano-evidentemente-i-luog-scaled.jpg","datePublished":"2024-06-05T12:57:17+00:00","dateModified":"2025-10-10T10:48:13+00:00","breadcrumb":{"@id":"https:\/\/www.librairieclavreuil.com\/en\/aretino-pietro-capricciosi-piacevoli-ragionamenti-di-m-pietro-aretino-nuova-editione-con-certe-postille-che-spianano-e-dichiarano-evidentemente-i-luoghi-le-parole-piu-oscure\/#breadcrumb"},"inLanguage":"en-US","potentialAction":[{"@type":"ReadAction","target":["https:\/\/www.librairieclavreuil.com\/en\/aretino-pietro-capricciosi-piacevoli-ragionamenti-di-m-pietro-aretino-nuova-editione-con-certe-postille-che-spianano-e-dichiarano-evidentemente-i-luoghi-le-parole-piu-oscure\/"]}]},{"@type":"ImageObject","inLanguage":"en-US","@id":"https:\/\/www.librairieclavreuil.com\/en\/aretino-pietro-capricciosi-piacevoli-ragionamenti-di-m-pietro-aretino-nuova-editione-con-certe-postille-che-spianano-e-dichiarano-evidentemente-i-luoghi-le-parole-piu-oscure\/#primaryimage","url":"https:\/\/www.librairieclavreuil.com\/wp-content\/uploads\/2024\/06\/pietro-aretino-capricciosi-piacevoli-ragionamenti-di-m-pietro-aretino-nuova-editione-con-certe-postille-che-spianano-e-dichiarano-evidentemente-i-luog-scaled.jpg","contentUrl":"https:\/\/www.librairieclavreuil.com\/wp-content\/uploads\/2024\/06\/pietro-aretino-capricciosi-piacevoli-ragionamenti-di-m-pietro-aretino-nuova-editione-con-certe-postille-che-spianano-e-dichiarano-evidentemente-i-luog-scaled.jpg","width":2560,"height":2372},{"@type":"BreadcrumbList","@id":"https:\/\/www.librairieclavreuil.com\/en\/aretino-pietro-capricciosi-piacevoli-ragionamenti-di-m-pietro-aretino-nuova-editione-con-certe-postille-che-spianano-e-dichiarano-evidentemente-i-luoghi-le-parole-piu-oscure\/#breadcrumb","itemListElement":[{"@type":"ListItem","position":1,"name":"Accueil","item":"https:\/\/www.librairieclavreuil.com\/"},{"@type":"ListItem","position":2,"name":"All our books","item":"https:\/\/www.librairieclavreuil.com\/en\/all-our-books\/"},{"@type":"ListItem","position":3,"name":"ARETINO Pietro Capricciosi &amp; piacevoli ragionamenti di M...."}]},{"@type":"WebSite","@id":"https:\/\/www.librairieclavreuil.com\/#website","url":"https:\/\/www.librairieclavreuil.com\/","name":"Libairie Clavreuil","description":"Livres anciens, manuscrits rares et \u00e9ditions originales \u2013 Librairie Clavreuil","publisher":{"@id":"https:\/\/www.librairieclavreuil.com\/#organization"},"potentialAction":[{"@type":"SearchAction","target":{"@type":"EntryPoint","urlTemplate":"https:\/\/www.librairieclavreuil.com\/?s={search_term_string}"},"query-input":{"@type":"PropertyValueSpecification","valueRequired":true,"valueName":"search_term_string"}}],"inLanguage":"en-US"},{"@type":"Organization","@id":"https:\/\/www.librairieclavreuil.com\/#organization","name":"Libairie Clavreuil","url":"https:\/\/www.librairieclavreuil.com\/","logo":{"@type":"ImageObject","inLanguage":"en-US","@id":"https:\/\/www.librairieclavreuil.com\/#\/schema\/logo\/image\/","url":"https:\/\/www.librairieclavreuil.com\/wp-content\/uploads\/2021\/06\/cropped-LOGO_PNG_DATE-_gold-512x512-1.png","contentUrl":"https:\/\/www.librairieclavreuil.com\/wp-content\/uploads\/2021\/06\/cropped-LOGO_PNG_DATE-_gold-512x512-1.png","width":512,"height":512,"caption":"Libairie Clavreuil"},"image":{"@id":"https:\/\/www.librairieclavreuil.com\/#\/schema\/logo\/image\/"},"sameAs":["https:\/\/www.instagram.com\/librairieclavreuil\/"]}]}},"jetpack_sharing_enabled":true,"_links":{"self":[{"href":"https:\/\/www.librairieclavreuil.com\/en\/wp-json\/wp\/v2\/product\/77832","targetHints":{"allow":["GET"]}}],"collection":[{"href":"https:\/\/www.librairieclavreuil.com\/en\/wp-json\/wp\/v2\/product"}],"about":[{"href":"https:\/\/www.librairieclavreuil.com\/en\/wp-json\/wp\/v2\/types\/product"}],"replies":[{"embeddable":true,"href":"https:\/\/www.librairieclavreuil.com\/en\/wp-json\/wp\/v2\/comments?post=77832"}],"wp:featuredmedia":[{"embeddable":true,"href":"https:\/\/www.librairieclavreuil.com\/en\/wp-json\/wp\/v2\/media\/77821"}],"wp:attachment":[{"href":"https:\/\/www.librairieclavreuil.com\/en\/wp-json\/wp\/v2\/media?parent=77832"}],"wp:term":[{"taxonomy":"product_brand","embeddable":true,"href":"https:\/\/www.librairieclavreuil.com\/en\/wp-json\/wp\/v2\/product_brand?post=77832"},{"taxonomy":"product_cat","embeddable":true,"href":"https:\/\/www.librairieclavreuil.com\/en\/wp-json\/wp\/v2\/product_cat?post=77832"},{"taxonomy":"product_tag","embeddable":true,"href":"https:\/\/www.librairieclavreuil.com\/en\/wp-json\/wp\/v2\/product_tag?post=77832"}],"curies":[{"name":"wp","href":"https:\/\/api.w.org\/{rel}","templated":true}]}}