{"id":77802,"date":"2024-06-01T17:24:42","date_gmt":"2024-06-01T15:24:42","guid":{"rendered":"https:\/\/www.librairieclavreuil.com\/voltaire-francois-marie-arouet-de-oedipe-tragedie\/"},"modified":"2024-06-03T15:58:26","modified_gmt":"2024-06-03T13:58:26","slug":"voltaire-francois-marie-arouet-de-oedipe-tragedie","status":"publish","type":"product","link":"https:\/\/www.librairieclavreuil.com\/en\/voltaire-francois-marie-arouet-de-oedipe-tragedie\/","title":{"rendered":"VOLTAIRE Fran\u00e7ois Marie Arouet de Oedipe, trag\u00e9die."},"content":{"rendered":"<p style=\"text-align:justify\"><i>Bengesco, 2.<\/i><\/p>\n<p style=\"text-align:justify\"><span style=\"font-variant:small-caps\">First edition of Voltaire\u2019s first book.<\/span><\/p>\n<p style=\"text-align:justify\">A tragedy written in alexandrines, the play, adapted from Sophocles&#8217; <i>Oedipus Rex<\/i>, is an anti-clerical version of the Oedipus myth, but one in which the hero&#8217;s fall from grace remains an enigma. Voltaire did, however, add an intrigue: Philoctetes&#8217; love for Jocasta, but reduced the importance of the incest theme.<\/p>\n<p style=\"text-align:justify\">The play was first performed on 18 November 1718 at the Com\u00e9die Fran\u00e7aise and was a resounding success, with 45 performances. In April 1719, taking advantage of the play&#8217;s popularity, the Com\u00e9die italienne staged a parody. <i>Oedipe<\/i> remained in the Com\u00e9die-Fran\u00e7aise repertoire until 1852.<\/p>\n<p style=\"text-align:justify\">\u00ab&nbsp;&#8230;La chaleur avec laquelle elle fut re\u00e7ue marqua pour Voltaire le d\u00e9but de son succ\u00e8s dans sa carri\u00e8re th\u00e9\u00e2trale. Il constitue, le plus grand succ\u00e8s dramatique du XVIIIe si\u00e8cle en France&nbsp;\u00bb. ( Jean-Pierre Vernant et Pierre Vidal-Naquet).<\/p>\n<p style=\"text-align:justify\">Back cover rubbed.<\/p>\n","protected":false},"excerpt":{"rendered":"<p>8vo (184 x 115 mm) of 4 unn.l. and 131 pp. Calf, spine gilt with raised bands (contemporary binding).<\/p>\n","protected":false},"featured_media":77797,"comment_status":"open","ping_status":"closed","template":"","meta":{"_acf_changed":false},"product_brand":[],"product_cat":[544],"product_tag":[1244,1450],"class_list":{"0":"post-77802","1":"product","2":"type-product","3":"status-publish","4":"has-post-thumbnail","6":"product_cat-literature","7":"product_tag-17th-century-literature","8":"product_tag-first-edition","9":"pa_auteur-voltaire-francois-marie-arouet-de-2","11":"first","12":"instock","13":"shipping-taxable","14":"purchasable","15":"product-type-simple"},"acf":{"artist":" Fran\u00e7ois Marie Arouet de VOLTAIRE","chapeau":"","adresse_bibliographique":"Paris, Ribou, Huet, Mazuel, Coustelier, 1719","book_type":"","provenance":"","afficher_prix":""},"yoast_head":"<!-- This site is optimized with the Yoast SEO plugin v24.7 - https:\/\/yoast.com\/wordpress\/plugins\/seo\/ -->\n<title>VOLTAIRE Fran\u00e7ois Marie Arouet de Oedipe, trag\u00e9die. - Libairie Clavreuil<\/title>\n<meta name=\"robots\" content=\"index, follow, max-snippet:-1, max-image-preview:large, max-video-preview:-1\" \/>\n<link rel=\"canonical\" href=\"https:\/\/www.librairieclavreuil.com\/en\/voltaire-francois-marie-arouet-de-oedipe-tragedie\/\" \/>\n<meta property=\"og:locale\" content=\"en_US\" \/>\n<meta property=\"og:type\" content=\"article\" \/>\n<meta property=\"og:title\" content=\"VOLTAIRE Fran\u00e7ois Marie Arouet de Oedipe, trag\u00e9die. - Libairie Clavreuil\" \/>\n<meta property=\"og:description\" content=\"8vo (184 x 115 mm) of 4 unn.l. and 131 pp. Calf, spine gilt with raised bands (contemporary binding).\" \/>\n<meta property=\"og:url\" content=\"https:\/\/www.librairieclavreuil.com\/en\/voltaire-francois-marie-arouet-de-oedipe-tragedie\/\" \/>\n<meta property=\"og:site_name\" content=\"Libairie Clavreuil\" \/>\n<meta property=\"article:modified_time\" content=\"2024-06-03T13:58:26+00:00\" \/>\n<meta property=\"og:image\" content=\"https:\/\/www.librairieclavreuil.com\/wp-content\/uploads\/2024\/06\/francois-marie-arouet-de-voltaire-oedipe-tragedie-5588-6648bb2ca71ca-scaled.jpg\" \/>\n\t<meta property=\"og:image:width\" content=\"1597\" \/>\n\t<meta property=\"og:image:height\" content=\"2560\" \/>\n\t<meta property=\"og:image:type\" content=\"image\/jpeg\" \/>\n<meta name=\"twitter:card\" content=\"summary_large_image\" \/>\n<meta name=\"twitter:label1\" content=\"Est. reading time\" \/>\n\t<meta name=\"twitter:data1\" content=\"1 minute\" \/>\n<script type=\"application\/ld+json\" class=\"yoast-schema-graph\">{\"@context\":\"https:\/\/schema.org\",\"@graph\":[{\"@type\":\"WebPage\",\"@id\":\"https:\/\/www.librairieclavreuil.com\/en\/voltaire-francois-marie-arouet-de-oedipe-tragedie\/\",\"url\":\"https:\/\/www.librairieclavreuil.com\/en\/voltaire-francois-marie-arouet-de-oedipe-tragedie\/\",\"name\":\"VOLTAIRE Fran\u00e7ois Marie Arouet de Oedipe, trag\u00e9die. - Libairie Clavreuil\",\"isPartOf\":{\"@id\":\"https:\/\/www.librairieclavreuil.com\/#website\"},\"primaryImageOfPage\":{\"@id\":\"https:\/\/www.librairieclavreuil.com\/en\/voltaire-francois-marie-arouet-de-oedipe-tragedie\/#primaryimage\"},\"image\":{\"@id\":\"https:\/\/www.librairieclavreuil.com\/en\/voltaire-francois-marie-arouet-de-oedipe-tragedie\/#primaryimage\"},\"thumbnailUrl\":\"https:\/\/www.librairieclavreuil.com\/wp-content\/uploads\/2024\/06\/francois-marie-arouet-de-voltaire-oedipe-tragedie-5588-6648bb2ca71ca-scaled.jpg\",\"datePublished\":\"2024-06-01T15:24:42+00:00\",\"dateModified\":\"2024-06-03T13:58:26+00:00\",\"breadcrumb\":{\"@id\":\"https:\/\/www.librairieclavreuil.com\/en\/voltaire-francois-marie-arouet-de-oedipe-tragedie\/#breadcrumb\"},\"inLanguage\":\"en-US\",\"potentialAction\":[{\"@type\":\"ReadAction\",\"target\":[\"https:\/\/www.librairieclavreuil.com\/en\/voltaire-francois-marie-arouet-de-oedipe-tragedie\/\"]}]},{\"@type\":\"ImageObject\",\"inLanguage\":\"en-US\",\"@id\":\"https:\/\/www.librairieclavreuil.com\/en\/voltaire-francois-marie-arouet-de-oedipe-tragedie\/#primaryimage\",\"url\":\"https:\/\/www.librairieclavreuil.com\/wp-content\/uploads\/2024\/06\/francois-marie-arouet-de-voltaire-oedipe-tragedie-5588-6648bb2ca71ca-scaled.jpg\",\"contentUrl\":\"https:\/\/www.librairieclavreuil.com\/wp-content\/uploads\/2024\/06\/francois-marie-arouet-de-voltaire-oedipe-tragedie-5588-6648bb2ca71ca-scaled.jpg\",\"width\":1597,\"height\":2560},{\"@type\":\"BreadcrumbList\",\"@id\":\"https:\/\/www.librairieclavreuil.com\/en\/voltaire-francois-marie-arouet-de-oedipe-tragedie\/#breadcrumb\",\"itemListElement\":[{\"@type\":\"ListItem\",\"position\":1,\"name\":\"Accueil\",\"item\":\"https:\/\/www.librairieclavreuil.com\/\"},{\"@type\":\"ListItem\",\"position\":2,\"name\":\"All our books\",\"item\":\"https:\/\/www.librairieclavreuil.com\/en\/all-our-books\/\"},{\"@type\":\"ListItem\",\"position\":3,\"name\":\"VOLTAIRE Fran\u00e7ois Marie Arouet de Oedipe, trag\u00e9die.\"}]},{\"@type\":\"WebSite\",\"@id\":\"https:\/\/www.librairieclavreuil.com\/#website\",\"url\":\"https:\/\/www.librairieclavreuil.com\/\",\"name\":\"Libairie Clavreuil\",\"description\":\"Livres anciens, manuscrits rares et \u00e9ditions originales \u2013 Librairie Clavreuil\",\"publisher\":{\"@id\":\"https:\/\/www.librairieclavreuil.com\/#organization\"},\"potentialAction\":[{\"@type\":\"SearchAction\",\"target\":{\"@type\":\"EntryPoint\",\"urlTemplate\":\"https:\/\/www.librairieclavreuil.com\/?s={search_term_string}\"},\"query-input\":{\"@type\":\"PropertyValueSpecification\",\"valueRequired\":true,\"valueName\":\"search_term_string\"}}],\"inLanguage\":\"en-US\"},{\"@type\":\"Organization\",\"@id\":\"https:\/\/www.librairieclavreuil.com\/#organization\",\"name\":\"Libairie Clavreuil\",\"url\":\"https:\/\/www.librairieclavreuil.com\/\",\"logo\":{\"@type\":\"ImageObject\",\"inLanguage\":\"en-US\",\"@id\":\"https:\/\/www.librairieclavreuil.com\/#\/schema\/logo\/image\/\",\"url\":\"https:\/\/www.librairieclavreuil.com\/wp-content\/uploads\/2021\/06\/cropped-LOGO_PNG_DATE-_gold-512x512-1.png\",\"contentUrl\":\"https:\/\/www.librairieclavreuil.com\/wp-content\/uploads\/2021\/06\/cropped-LOGO_PNG_DATE-_gold-512x512-1.png\",\"width\":512,\"height\":512,\"caption\":\"Libairie Clavreuil\"},\"image\":{\"@id\":\"https:\/\/www.librairieclavreuil.com\/#\/schema\/logo\/image\/\"},\"sameAs\":[\"https:\/\/www.instagram.com\/librairieclavreuil\/\"]}]}<\/script>\n<!-- \/ Yoast SEO plugin. -->","yoast_head_json":{"title":"VOLTAIRE Fran\u00e7ois Marie Arouet de Oedipe, trag\u00e9die. - Libairie Clavreuil","robots":{"index":"index","follow":"follow","max-snippet":"max-snippet:-1","max-image-preview":"max-image-preview:large","max-video-preview":"max-video-preview:-1"},"canonical":"https:\/\/www.librairieclavreuil.com\/en\/voltaire-francois-marie-arouet-de-oedipe-tragedie\/","og_locale":"en_US","og_type":"article","og_title":"VOLTAIRE Fran\u00e7ois Marie Arouet de Oedipe, trag\u00e9die. - Libairie Clavreuil","og_description":"8vo (184 x 115 mm) of 4 unn.l. and 131 pp. Calf, spine gilt with raised bands (contemporary binding).","og_url":"https:\/\/www.librairieclavreuil.com\/en\/voltaire-francois-marie-arouet-de-oedipe-tragedie\/","og_site_name":"Libairie Clavreuil","article_modified_time":"2024-06-03T13:58:26+00:00","og_image":[{"width":1597,"height":2560,"url":"https:\/\/www.librairieclavreuil.com\/wp-content\/uploads\/2024\/06\/francois-marie-arouet-de-voltaire-oedipe-tragedie-5588-6648bb2ca71ca-scaled.jpg","type":"image\/jpeg"}],"twitter_card":"summary_large_image","twitter_misc":{"Est. reading time":"1 minute"},"schema":{"@context":"https:\/\/schema.org","@graph":[{"@type":"WebPage","@id":"https:\/\/www.librairieclavreuil.com\/en\/voltaire-francois-marie-arouet-de-oedipe-tragedie\/","url":"https:\/\/www.librairieclavreuil.com\/en\/voltaire-francois-marie-arouet-de-oedipe-tragedie\/","name":"VOLTAIRE Fran\u00e7ois Marie Arouet de Oedipe, trag\u00e9die. - Libairie Clavreuil","isPartOf":{"@id":"https:\/\/www.librairieclavreuil.com\/#website"},"primaryImageOfPage":{"@id":"https:\/\/www.librairieclavreuil.com\/en\/voltaire-francois-marie-arouet-de-oedipe-tragedie\/#primaryimage"},"image":{"@id":"https:\/\/www.librairieclavreuil.com\/en\/voltaire-francois-marie-arouet-de-oedipe-tragedie\/#primaryimage"},"thumbnailUrl":"https:\/\/www.librairieclavreuil.com\/wp-content\/uploads\/2024\/06\/francois-marie-arouet-de-voltaire-oedipe-tragedie-5588-6648bb2ca71ca-scaled.jpg","datePublished":"2024-06-01T15:24:42+00:00","dateModified":"2024-06-03T13:58:26+00:00","breadcrumb":{"@id":"https:\/\/www.librairieclavreuil.com\/en\/voltaire-francois-marie-arouet-de-oedipe-tragedie\/#breadcrumb"},"inLanguage":"en-US","potentialAction":[{"@type":"ReadAction","target":["https:\/\/www.librairieclavreuil.com\/en\/voltaire-francois-marie-arouet-de-oedipe-tragedie\/"]}]},{"@type":"ImageObject","inLanguage":"en-US","@id":"https:\/\/www.librairieclavreuil.com\/en\/voltaire-francois-marie-arouet-de-oedipe-tragedie\/#primaryimage","url":"https:\/\/www.librairieclavreuil.com\/wp-content\/uploads\/2024\/06\/francois-marie-arouet-de-voltaire-oedipe-tragedie-5588-6648bb2ca71ca-scaled.jpg","contentUrl":"https:\/\/www.librairieclavreuil.com\/wp-content\/uploads\/2024\/06\/francois-marie-arouet-de-voltaire-oedipe-tragedie-5588-6648bb2ca71ca-scaled.jpg","width":1597,"height":2560},{"@type":"BreadcrumbList","@id":"https:\/\/www.librairieclavreuil.com\/en\/voltaire-francois-marie-arouet-de-oedipe-tragedie\/#breadcrumb","itemListElement":[{"@type":"ListItem","position":1,"name":"Accueil","item":"https:\/\/www.librairieclavreuil.com\/"},{"@type":"ListItem","position":2,"name":"All our books","item":"https:\/\/www.librairieclavreuil.com\/en\/all-our-books\/"},{"@type":"ListItem","position":3,"name":"VOLTAIRE Fran\u00e7ois Marie Arouet de Oedipe, trag\u00e9die."}]},{"@type":"WebSite","@id":"https:\/\/www.librairieclavreuil.com\/#website","url":"https:\/\/www.librairieclavreuil.com\/","name":"Libairie Clavreuil","description":"Livres anciens, manuscrits rares et \u00e9ditions originales \u2013 Librairie Clavreuil","publisher":{"@id":"https:\/\/www.librairieclavreuil.com\/#organization"},"potentialAction":[{"@type":"SearchAction","target":{"@type":"EntryPoint","urlTemplate":"https:\/\/www.librairieclavreuil.com\/?s={search_term_string}"},"query-input":{"@type":"PropertyValueSpecification","valueRequired":true,"valueName":"search_term_string"}}],"inLanguage":"en-US"},{"@type":"Organization","@id":"https:\/\/www.librairieclavreuil.com\/#organization","name":"Libairie Clavreuil","url":"https:\/\/www.librairieclavreuil.com\/","logo":{"@type":"ImageObject","inLanguage":"en-US","@id":"https:\/\/www.librairieclavreuil.com\/#\/schema\/logo\/image\/","url":"https:\/\/www.librairieclavreuil.com\/wp-content\/uploads\/2021\/06\/cropped-LOGO_PNG_DATE-_gold-512x512-1.png","contentUrl":"https:\/\/www.librairieclavreuil.com\/wp-content\/uploads\/2021\/06\/cropped-LOGO_PNG_DATE-_gold-512x512-1.png","width":512,"height":512,"caption":"Libairie Clavreuil"},"image":{"@id":"https:\/\/www.librairieclavreuil.com\/#\/schema\/logo\/image\/"},"sameAs":["https:\/\/www.instagram.com\/librairieclavreuil\/"]}]}},"jetpack_sharing_enabled":true,"_links":{"self":[{"href":"https:\/\/www.librairieclavreuil.com\/en\/wp-json\/wp\/v2\/product\/77802","targetHints":{"allow":["GET"]}}],"collection":[{"href":"https:\/\/www.librairieclavreuil.com\/en\/wp-json\/wp\/v2\/product"}],"about":[{"href":"https:\/\/www.librairieclavreuil.com\/en\/wp-json\/wp\/v2\/types\/product"}],"replies":[{"embeddable":true,"href":"https:\/\/www.librairieclavreuil.com\/en\/wp-json\/wp\/v2\/comments?post=77802"}],"wp:featuredmedia":[{"embeddable":true,"href":"https:\/\/www.librairieclavreuil.com\/en\/wp-json\/wp\/v2\/media\/77797"}],"wp:attachment":[{"href":"https:\/\/www.librairieclavreuil.com\/en\/wp-json\/wp\/v2\/media?parent=77802"}],"wp:term":[{"taxonomy":"product_brand","embeddable":true,"href":"https:\/\/www.librairieclavreuil.com\/en\/wp-json\/wp\/v2\/product_brand?post=77802"},{"taxonomy":"product_cat","embeddable":true,"href":"https:\/\/www.librairieclavreuil.com\/en\/wp-json\/wp\/v2\/product_cat?post=77802"},{"taxonomy":"product_tag","embeddable":true,"href":"https:\/\/www.librairieclavreuil.com\/en\/wp-json\/wp\/v2\/product_tag?post=77802"}],"curies":[{"name":"wp","href":"https:\/\/api.w.org\/{rel}","templated":true}]}}