{"id":77796,"date":"2024-05-31T18:56:05","date_gmt":"2024-05-31T16:56:05","guid":{"rendered":"https:\/\/www.librairieclavreuil.com\/montaigne-michel-de-les-essais-edition-nouvelle-prise-sur-lexemplaire-trouve-apres-le-deces-de-lautheur-revue-augmentee-dun-tiers-outre-les-precedentes-impressions\/"},"modified":"2025-04-30T11:27:16","modified_gmt":"2025-04-30T09:27:16","slug":"montaigne-michel-de-les-essais-edition-nouvelle-prise-sur-lexemplaire-trouve-apres-le-deces-de-lautheur-revue-augmentee-dun-tiers-outre-les-precedentes-impressions","status":"publish","type":"product","link":"https:\/\/www.librairieclavreuil.com\/en\/montaigne-michel-de-les-essais-edition-nouvelle-prise-sur-lexemplaire-trouve-apres-le-deces-de-lautheur-revue-augmentee-dun-tiers-outre-les-precedentes-impressions\/","title":{"rendered":"MONTAIGNE Michel de Les Essais. \u00c9dition nouvelle, prise..."},"content":{"rendered":"<p style=\"text-align:justify\"><i>Desan, 29.<\/i><\/p>\n<p style=\"text-align:justify\">Geneva edition, known as &#8216;Leyde B&#8217;, with the biography of Michel de Montaigne and a table of the &#8216;plus rares remarques de son livre&#8217;.<\/p>\n<p>It is probably the work of Pyramus de Candolle (alias Jean Doreau), who was printing books in Geneva at the time&#8230; The censorship of Montaigne&#8217;s text carried out in 1595 by Simon Goulart was not followed for this edition, which was based on the L&#8217;Angelier edition of 1598 (Desan).<\/p>\n<p>This edition, known as \u2018Leiden B\u2019, differs from the pirate edition known as \u2018Leiden A\u2019 by having a slightly different title page and by the presence of the very important table, absent from the pirate edition.<\/p>\n<p>A fine, very clean copy.<\/p>\n","protected":false},"excerpt":{"rendered":"<p>8vo (164 x 105 mm) of 36 unn.l. (including last blank), 1031 pp. Contemporary vellum with yapp edges, flat spine with &nbsp;manuscript title, traces of ties.<\/p>\n","protected":false},"featured_media":77791,"comment_status":"open","ping_status":"closed","template":"","meta":{"_acf_changed":false},"product_brand":[],"product_cat":[544],"product_tag":[1244],"class_list":{"0":"post-77796","1":"product","2":"type-product","3":"status-publish","4":"has-post-thumbnail","6":"product_cat-literature","7":"product_tag-17th-century-literature","8":"pa_auteur-montaigne-michel-de-2","9":"pa_type-de-livre-printed-book","11":"first","12":"outofstock","13":"shipping-taxable","14":"purchasable","15":"product-type-simple"},"acf":{"artist":" Michel de MONTAIGNE","chapeau":"","adresse_bibliographique":"Leyde [=Gen\u00e8ve], Jean Doreau, 1602","book_type":"Printed book","provenance":"","afficher_prix":""},"yoast_head":"<!-- This site is optimized with the Yoast SEO plugin v24.7 - https:\/\/yoast.com\/wordpress\/plugins\/seo\/ -->\n<title>MONTAIGNE Michel de Les Essais. \u00c9dition nouvelle, prise sur l&#039;exemplaire trouv\u00e9 apr\u00e8s le d\u00e9c\u00e8s de l&#039;autheur. Revue &amp;augment\u00e9e d&#039;un tiers outre les pr\u00e9c\u00e9dentes impressions. - Libairie Clavreuil<\/title>\n<meta name=\"robots\" content=\"index, follow, max-snippet:-1, max-image-preview:large, max-video-preview:-1\" \/>\n<link rel=\"canonical\" href=\"https:\/\/www.librairieclavreuil.com\/en\/montaigne-michel-de-les-essais-edition-nouvelle-prise-sur-lexemplaire-trouve-apres-le-deces-de-lautheur-revue-augmentee-dun-tiers-outre-les-precedentes-impressions\/\" \/>\n<meta property=\"og:locale\" content=\"en_US\" \/>\n<meta property=\"og:type\" content=\"article\" \/>\n<meta property=\"og:title\" content=\"MONTAIGNE Michel de Les Essais. \u00c9dition nouvelle, prise sur l&#039;exemplaire trouv\u00e9 apr\u00e8s le d\u00e9c\u00e8s de l&#039;autheur. Revue &amp;augment\u00e9e d&#039;un tiers outre les pr\u00e9c\u00e9dentes impressions. - Libairie Clavreuil\" \/>\n<meta property=\"og:description\" content=\"8vo (164 x 105 mm) of 36 unn.l. (including last blank), 1031 pp. Contemporary vellum with yapp edges, flat spine with &nbsp;manuscript title, traces of ties.\" \/>\n<meta property=\"og:url\" content=\"https:\/\/www.librairieclavreuil.com\/en\/montaigne-michel-de-les-essais-edition-nouvelle-prise-sur-lexemplaire-trouve-apres-le-deces-de-lautheur-revue-augmentee-dun-tiers-outre-les-precedentes-impressions\/\" \/>\n<meta property=\"og:site_name\" content=\"Libairie Clavreuil\" \/>\n<meta property=\"article:modified_time\" content=\"2025-04-30T09:27:16+00:00\" \/>\n<meta property=\"og:image\" content=\"https:\/\/www.librairieclavreuil.com\/wp-content\/uploads\/2024\/05\/michel-de-montaigne-les-essais-edition-nouvelle-prise-sur-l-exemplaire-trouve-apres-le-deces-de-l-autheur-revue-augmentee-d-un-tiers-outre-les-precede.jpg\" \/>\n\t<meta property=\"og:image:width\" content=\"947\" \/>\n\t<meta property=\"og:image:height\" content=\"1427\" \/>\n\t<meta property=\"og:image:type\" content=\"image\/jpeg\" \/>\n<meta name=\"twitter:card\" content=\"summary_large_image\" \/>\n<meta name=\"twitter:label1\" content=\"Est. reading time\" \/>\n\t<meta name=\"twitter:data1\" content=\"1 minute\" \/>\n<script type=\"application\/ld+json\" class=\"yoast-schema-graph\">{\"@context\":\"https:\/\/schema.org\",\"@graph\":[{\"@type\":\"WebPage\",\"@id\":\"https:\/\/www.librairieclavreuil.com\/en\/montaigne-michel-de-les-essais-edition-nouvelle-prise-sur-lexemplaire-trouve-apres-le-deces-de-lautheur-revue-augmentee-dun-tiers-outre-les-precedentes-impressions\/\",\"url\":\"https:\/\/www.librairieclavreuil.com\/en\/montaigne-michel-de-les-essais-edition-nouvelle-prise-sur-lexemplaire-trouve-apres-le-deces-de-lautheur-revue-augmentee-dun-tiers-outre-les-precedentes-impressions\/\",\"name\":\"MONTAIGNE Michel de Les Essais. \u00c9dition nouvelle, prise sur l'exemplaire trouv\u00e9 apr\u00e8s le d\u00e9c\u00e8s de l'autheur. Revue &amp;augment\u00e9e d'un tiers outre les pr\u00e9c\u00e9dentes impressions. - Libairie Clavreuil\",\"isPartOf\":{\"@id\":\"https:\/\/www.librairieclavreuil.com\/#website\"},\"primaryImageOfPage\":{\"@id\":\"https:\/\/www.librairieclavreuil.com\/en\/montaigne-michel-de-les-essais-edition-nouvelle-prise-sur-lexemplaire-trouve-apres-le-deces-de-lautheur-revue-augmentee-dun-tiers-outre-les-precedentes-impressions\/#primaryimage\"},\"image\":{\"@id\":\"https:\/\/www.librairieclavreuil.com\/en\/montaigne-michel-de-les-essais-edition-nouvelle-prise-sur-lexemplaire-trouve-apres-le-deces-de-lautheur-revue-augmentee-dun-tiers-outre-les-precedentes-impressions\/#primaryimage\"},\"thumbnailUrl\":\"https:\/\/www.librairieclavreuil.com\/wp-content\/uploads\/2024\/05\/michel-de-montaigne-les-essais-edition-nouvelle-prise-sur-l-exemplaire-trouve-apres-le-deces-de-l-autheur-revue-augmentee-d-un-tiers-outre-les-precede.jpg\",\"datePublished\":\"2024-05-31T16:56:05+00:00\",\"dateModified\":\"2025-04-30T09:27:16+00:00\",\"breadcrumb\":{\"@id\":\"https:\/\/www.librairieclavreuil.com\/en\/montaigne-michel-de-les-essais-edition-nouvelle-prise-sur-lexemplaire-trouve-apres-le-deces-de-lautheur-revue-augmentee-dun-tiers-outre-les-precedentes-impressions\/#breadcrumb\"},\"inLanguage\":\"en-US\",\"potentialAction\":[{\"@type\":\"ReadAction\",\"target\":[\"https:\/\/www.librairieclavreuil.com\/en\/montaigne-michel-de-les-essais-edition-nouvelle-prise-sur-lexemplaire-trouve-apres-le-deces-de-lautheur-revue-augmentee-dun-tiers-outre-les-precedentes-impressions\/\"]}]},{\"@type\":\"ImageObject\",\"inLanguage\":\"en-US\",\"@id\":\"https:\/\/www.librairieclavreuil.com\/en\/montaigne-michel-de-les-essais-edition-nouvelle-prise-sur-lexemplaire-trouve-apres-le-deces-de-lautheur-revue-augmentee-dun-tiers-outre-les-precedentes-impressions\/#primaryimage\",\"url\":\"https:\/\/www.librairieclavreuil.com\/wp-content\/uploads\/2024\/05\/michel-de-montaigne-les-essais-edition-nouvelle-prise-sur-l-exemplaire-trouve-apres-le-deces-de-l-autheur-revue-augmentee-d-un-tiers-outre-les-precede.jpg\",\"contentUrl\":\"https:\/\/www.librairieclavreuil.com\/wp-content\/uploads\/2024\/05\/michel-de-montaigne-les-essais-edition-nouvelle-prise-sur-l-exemplaire-trouve-apres-le-deces-de-l-autheur-revue-augmentee-d-un-tiers-outre-les-precede.jpg\",\"width\":947,\"height\":1427},{\"@type\":\"BreadcrumbList\",\"@id\":\"https:\/\/www.librairieclavreuil.com\/en\/montaigne-michel-de-les-essais-edition-nouvelle-prise-sur-lexemplaire-trouve-apres-le-deces-de-lautheur-revue-augmentee-dun-tiers-outre-les-precedentes-impressions\/#breadcrumb\",\"itemListElement\":[{\"@type\":\"ListItem\",\"position\":1,\"name\":\"Accueil\",\"item\":\"https:\/\/www.librairieclavreuil.com\/\"},{\"@type\":\"ListItem\",\"position\":2,\"name\":\"All our books\",\"item\":\"https:\/\/www.librairieclavreuil.com\/en\/all-our-books\/\"},{\"@type\":\"ListItem\",\"position\":3,\"name\":\"MONTAIGNE Michel de Les Essais. \u00c9dition nouvelle, prise...\"}]},{\"@type\":\"WebSite\",\"@id\":\"https:\/\/www.librairieclavreuil.com\/#website\",\"url\":\"https:\/\/www.librairieclavreuil.com\/\",\"name\":\"Libairie Clavreuil\",\"description\":\"Livres anciens, manuscrits rares et \u00e9ditions originales \u2013 Librairie Clavreuil\",\"publisher\":{\"@id\":\"https:\/\/www.librairieclavreuil.com\/#organization\"},\"potentialAction\":[{\"@type\":\"SearchAction\",\"target\":{\"@type\":\"EntryPoint\",\"urlTemplate\":\"https:\/\/www.librairieclavreuil.com\/?s={search_term_string}\"},\"query-input\":{\"@type\":\"PropertyValueSpecification\",\"valueRequired\":true,\"valueName\":\"search_term_string\"}}],\"inLanguage\":\"en-US\"},{\"@type\":\"Organization\",\"@id\":\"https:\/\/www.librairieclavreuil.com\/#organization\",\"name\":\"Libairie Clavreuil\",\"url\":\"https:\/\/www.librairieclavreuil.com\/\",\"logo\":{\"@type\":\"ImageObject\",\"inLanguage\":\"en-US\",\"@id\":\"https:\/\/www.librairieclavreuil.com\/#\/schema\/logo\/image\/\",\"url\":\"https:\/\/www.librairieclavreuil.com\/wp-content\/uploads\/2021\/06\/cropped-LOGO_PNG_DATE-_gold-512x512-1.png\",\"contentUrl\":\"https:\/\/www.librairieclavreuil.com\/wp-content\/uploads\/2021\/06\/cropped-LOGO_PNG_DATE-_gold-512x512-1.png\",\"width\":512,\"height\":512,\"caption\":\"Libairie Clavreuil\"},\"image\":{\"@id\":\"https:\/\/www.librairieclavreuil.com\/#\/schema\/logo\/image\/\"},\"sameAs\":[\"https:\/\/www.instagram.com\/librairieclavreuil\/\"]}]}<\/script>\n<!-- \/ Yoast SEO plugin. -->","yoast_head_json":{"title":"MONTAIGNE Michel de Les Essais. \u00c9dition nouvelle, prise sur l'exemplaire trouv\u00e9 apr\u00e8s le d\u00e9c\u00e8s de l'autheur. Revue &amp;augment\u00e9e d'un tiers outre les pr\u00e9c\u00e9dentes impressions. - Libairie Clavreuil","robots":{"index":"index","follow":"follow","max-snippet":"max-snippet:-1","max-image-preview":"max-image-preview:large","max-video-preview":"max-video-preview:-1"},"canonical":"https:\/\/www.librairieclavreuil.com\/en\/montaigne-michel-de-les-essais-edition-nouvelle-prise-sur-lexemplaire-trouve-apres-le-deces-de-lautheur-revue-augmentee-dun-tiers-outre-les-precedentes-impressions\/","og_locale":"en_US","og_type":"article","og_title":"MONTAIGNE Michel de Les Essais. \u00c9dition nouvelle, prise sur l'exemplaire trouv\u00e9 apr\u00e8s le d\u00e9c\u00e8s de l'autheur. Revue &amp;augment\u00e9e d'un tiers outre les pr\u00e9c\u00e9dentes impressions. - Libairie Clavreuil","og_description":"8vo (164 x 105 mm) of 36 unn.l. (including last blank), 1031 pp. Contemporary vellum with yapp edges, flat spine with &nbsp;manuscript title, traces of ties.","og_url":"https:\/\/www.librairieclavreuil.com\/en\/montaigne-michel-de-les-essais-edition-nouvelle-prise-sur-lexemplaire-trouve-apres-le-deces-de-lautheur-revue-augmentee-dun-tiers-outre-les-precedentes-impressions\/","og_site_name":"Libairie Clavreuil","article_modified_time":"2025-04-30T09:27:16+00:00","og_image":[{"width":947,"height":1427,"url":"https:\/\/www.librairieclavreuil.com\/wp-content\/uploads\/2024\/05\/michel-de-montaigne-les-essais-edition-nouvelle-prise-sur-l-exemplaire-trouve-apres-le-deces-de-l-autheur-revue-augmentee-d-un-tiers-outre-les-precede.jpg","type":"image\/jpeg"}],"twitter_card":"summary_large_image","twitter_misc":{"Est. reading time":"1 minute"},"schema":{"@context":"https:\/\/schema.org","@graph":[{"@type":"WebPage","@id":"https:\/\/www.librairieclavreuil.com\/en\/montaigne-michel-de-les-essais-edition-nouvelle-prise-sur-lexemplaire-trouve-apres-le-deces-de-lautheur-revue-augmentee-dun-tiers-outre-les-precedentes-impressions\/","url":"https:\/\/www.librairieclavreuil.com\/en\/montaigne-michel-de-les-essais-edition-nouvelle-prise-sur-lexemplaire-trouve-apres-le-deces-de-lautheur-revue-augmentee-dun-tiers-outre-les-precedentes-impressions\/","name":"MONTAIGNE Michel de Les Essais. \u00c9dition nouvelle, prise sur l'exemplaire trouv\u00e9 apr\u00e8s le d\u00e9c\u00e8s de l'autheur. Revue &amp;augment\u00e9e d'un tiers outre les pr\u00e9c\u00e9dentes impressions. - Libairie Clavreuil","isPartOf":{"@id":"https:\/\/www.librairieclavreuil.com\/#website"},"primaryImageOfPage":{"@id":"https:\/\/www.librairieclavreuil.com\/en\/montaigne-michel-de-les-essais-edition-nouvelle-prise-sur-lexemplaire-trouve-apres-le-deces-de-lautheur-revue-augmentee-dun-tiers-outre-les-precedentes-impressions\/#primaryimage"},"image":{"@id":"https:\/\/www.librairieclavreuil.com\/en\/montaigne-michel-de-les-essais-edition-nouvelle-prise-sur-lexemplaire-trouve-apres-le-deces-de-lautheur-revue-augmentee-dun-tiers-outre-les-precedentes-impressions\/#primaryimage"},"thumbnailUrl":"https:\/\/www.librairieclavreuil.com\/wp-content\/uploads\/2024\/05\/michel-de-montaigne-les-essais-edition-nouvelle-prise-sur-l-exemplaire-trouve-apres-le-deces-de-l-autheur-revue-augmentee-d-un-tiers-outre-les-precede.jpg","datePublished":"2024-05-31T16:56:05+00:00","dateModified":"2025-04-30T09:27:16+00:00","breadcrumb":{"@id":"https:\/\/www.librairieclavreuil.com\/en\/montaigne-michel-de-les-essais-edition-nouvelle-prise-sur-lexemplaire-trouve-apres-le-deces-de-lautheur-revue-augmentee-dun-tiers-outre-les-precedentes-impressions\/#breadcrumb"},"inLanguage":"en-US","potentialAction":[{"@type":"ReadAction","target":["https:\/\/www.librairieclavreuil.com\/en\/montaigne-michel-de-les-essais-edition-nouvelle-prise-sur-lexemplaire-trouve-apres-le-deces-de-lautheur-revue-augmentee-dun-tiers-outre-les-precedentes-impressions\/"]}]},{"@type":"ImageObject","inLanguage":"en-US","@id":"https:\/\/www.librairieclavreuil.com\/en\/montaigne-michel-de-les-essais-edition-nouvelle-prise-sur-lexemplaire-trouve-apres-le-deces-de-lautheur-revue-augmentee-dun-tiers-outre-les-precedentes-impressions\/#primaryimage","url":"https:\/\/www.librairieclavreuil.com\/wp-content\/uploads\/2024\/05\/michel-de-montaigne-les-essais-edition-nouvelle-prise-sur-l-exemplaire-trouve-apres-le-deces-de-l-autheur-revue-augmentee-d-un-tiers-outre-les-precede.jpg","contentUrl":"https:\/\/www.librairieclavreuil.com\/wp-content\/uploads\/2024\/05\/michel-de-montaigne-les-essais-edition-nouvelle-prise-sur-l-exemplaire-trouve-apres-le-deces-de-l-autheur-revue-augmentee-d-un-tiers-outre-les-precede.jpg","width":947,"height":1427},{"@type":"BreadcrumbList","@id":"https:\/\/www.librairieclavreuil.com\/en\/montaigne-michel-de-les-essais-edition-nouvelle-prise-sur-lexemplaire-trouve-apres-le-deces-de-lautheur-revue-augmentee-dun-tiers-outre-les-precedentes-impressions\/#breadcrumb","itemListElement":[{"@type":"ListItem","position":1,"name":"Accueil","item":"https:\/\/www.librairieclavreuil.com\/"},{"@type":"ListItem","position":2,"name":"All our books","item":"https:\/\/www.librairieclavreuil.com\/en\/all-our-books\/"},{"@type":"ListItem","position":3,"name":"MONTAIGNE Michel de Les Essais. \u00c9dition nouvelle, prise..."}]},{"@type":"WebSite","@id":"https:\/\/www.librairieclavreuil.com\/#website","url":"https:\/\/www.librairieclavreuil.com\/","name":"Libairie Clavreuil","description":"Livres anciens, manuscrits rares et \u00e9ditions originales \u2013 Librairie Clavreuil","publisher":{"@id":"https:\/\/www.librairieclavreuil.com\/#organization"},"potentialAction":[{"@type":"SearchAction","target":{"@type":"EntryPoint","urlTemplate":"https:\/\/www.librairieclavreuil.com\/?s={search_term_string}"},"query-input":{"@type":"PropertyValueSpecification","valueRequired":true,"valueName":"search_term_string"}}],"inLanguage":"en-US"},{"@type":"Organization","@id":"https:\/\/www.librairieclavreuil.com\/#organization","name":"Libairie Clavreuil","url":"https:\/\/www.librairieclavreuil.com\/","logo":{"@type":"ImageObject","inLanguage":"en-US","@id":"https:\/\/www.librairieclavreuil.com\/#\/schema\/logo\/image\/","url":"https:\/\/www.librairieclavreuil.com\/wp-content\/uploads\/2021\/06\/cropped-LOGO_PNG_DATE-_gold-512x512-1.png","contentUrl":"https:\/\/www.librairieclavreuil.com\/wp-content\/uploads\/2021\/06\/cropped-LOGO_PNG_DATE-_gold-512x512-1.png","width":512,"height":512,"caption":"Libairie Clavreuil"},"image":{"@id":"https:\/\/www.librairieclavreuil.com\/#\/schema\/logo\/image\/"},"sameAs":["https:\/\/www.instagram.com\/librairieclavreuil\/"]}]}},"jetpack_sharing_enabled":true,"_links":{"self":[{"href":"https:\/\/www.librairieclavreuil.com\/en\/wp-json\/wp\/v2\/product\/77796","targetHints":{"allow":["GET"]}}],"collection":[{"href":"https:\/\/www.librairieclavreuil.com\/en\/wp-json\/wp\/v2\/product"}],"about":[{"href":"https:\/\/www.librairieclavreuil.com\/en\/wp-json\/wp\/v2\/types\/product"}],"replies":[{"embeddable":true,"href":"https:\/\/www.librairieclavreuil.com\/en\/wp-json\/wp\/v2\/comments?post=77796"}],"wp:featuredmedia":[{"embeddable":true,"href":"https:\/\/www.librairieclavreuil.com\/en\/wp-json\/wp\/v2\/media\/77791"}],"wp:attachment":[{"href":"https:\/\/www.librairieclavreuil.com\/en\/wp-json\/wp\/v2\/media?parent=77796"}],"wp:term":[{"taxonomy":"product_brand","embeddable":true,"href":"https:\/\/www.librairieclavreuil.com\/en\/wp-json\/wp\/v2\/product_brand?post=77796"},{"taxonomy":"product_cat","embeddable":true,"href":"https:\/\/www.librairieclavreuil.com\/en\/wp-json\/wp\/v2\/product_cat?post=77796"},{"taxonomy":"product_tag","embeddable":true,"href":"https:\/\/www.librairieclavreuil.com\/en\/wp-json\/wp\/v2\/product_tag?post=77796"}],"curies":[{"name":"wp","href":"https:\/\/api.w.org\/{rel}","templated":true}]}}