{"id":77392,"date":"2024-05-15T16:02:33","date_gmt":"2024-05-15T14:02:33","guid":{"rendered":"https:\/\/www.librairieclavreuil.com\/choderlos-de-laclos-piere-ambroise-francois-les-liaisons-dangereuses-ou-lettres-recueillies-dans-une-societe-publiees-pour-linstruction-de-quelques-autres\/"},"modified":"2025-02-18T15:15:34","modified_gmt":"2025-02-18T14:15:34","slug":"choderlos-de-laclos-piere-ambroise-francois-les-liaisons-dangereuses-ou-lettres-recueillies-dans-une-societe-publiees-pour-linstruction-de-quelques-autres","status":"publish","type":"product","link":"https:\/\/www.librairieclavreuil.com\/en\/choderlos-de-laclos-piere-ambroise-francois-les-liaisons-dangereuses-ou-lettres-recueillies-dans-une-societe-publiees-pour-linstruction-de-quelques-autres\/","title":{"rendered":"CHODERLOS DE LACLOS Piere-Ambroise-Fran\u00e7ois Les Liaisons dangereuses, ou..."},"content":{"rendered":"<p style=\"text-align:justify\"><i>Ducup de Saint-Paul, n\u00b08; Max Brun, \u00c9tude des \u00e9ditions des Liaisons dangereuses portant le mill\u00e9sime 1782, \u00e9dition X ; En fran\u00e7ais dans le texte, 174.<\/i><\/p>\n<p>Rare first 8vo edition published the same year as the original, as described by Brun, with the same error in numbering the letter XIX, marked XXI. According to Brun, Ducup&#8217;s reasoning is flawed.<\/p>\n<p>When <i>Les Liaisons dangereuses <\/i>appeared in 1782, it was an immediate success, tinged with scandal, so much so that the 2000 copies of the original edition quickly sold out. Other editions, particularly pirate editions, were produced to satisfy curious readers.<\/p>\n<p>This epistolary novel, which touched on libertinism as well as sociology and the art of writing, not only fascinated Choderlos de Laclos&#8217;s contemporaries, but also had a lasting impact on literature. He is quoted in Proust&#8217;s novel <i>La Prisonni\u00e8re:<\/i>&nbsp; \u00ab Si je vais avec vous \u00e0 Versailles, comme nous avons convenu, je vous montrerai le portrait de l\u2019honn\u00eate homme par excellence, du meilleur des maris, Choderlos de Laclos, qui a \u00e9crit le plus effroyablement pervers des livres \u00bb (Marcel Proust, La Prisonni\u00e8re, 1923).<\/p>\n<p>Top of page 139 of first volume faded. Page 103 misquoted 203, page 170 misquoted 171, page 174 misquoted 114, page 205 misquoted 305, page 208 misquoted 308 in volume II.<\/p>\n<p>Corners dulled. A fine copy of an uncommon edition.<\/p>\n","protected":false},"excerpt":{"rendered":"<p>2 volumes, 8vo (196 x 123 mm) of 1 nn.l. (title), VIII pp. (avertissement, pr\u00e9face), 357 pp. for the volume I ; 1nn.l. (title), 365 pp. Half-sheep, flat spine decorated with small flowery tool, red morocco title-label, green morocco volume label, speckled edges (<i>contemporary binding<\/i>).<\/p>\n","protected":false},"featured_media":77387,"comment_status":"open","ping_status":"closed","template":"","meta":{"_acf_changed":false},"product_brand":[],"product_cat":[544],"product_tag":[1245],"class_list":{"0":"post-77392","1":"product","2":"type-product","3":"status-publish","4":"has-post-thumbnail","6":"product_cat-literature","7":"product_tag-18th-century-literature","8":"pa_auteur-choderlos-de-laclos-piere-ambroise-francois-2","9":"pa_type-de-livre-printed-book","11":"first","12":"outofstock","13":"shipping-taxable","14":"purchasable","15":"product-type-simple"},"acf":{"artist":" Piere-Ambroise-Fran\u00e7ois CHODERLOS DE LACLOS","chapeau":"","adresse_bibliographique":"Neuchatel, Soci\u00e9t\u00e9 Typographique, 1782","book_type":"Printed book","provenance":"","afficher_prix":""},"yoast_head":"<!-- This site is optimized with the Yoast SEO plugin v24.7 - https:\/\/yoast.com\/wordpress\/plugins\/seo\/ -->\n<title>CHODERLOS DE LACLOS Piere-Ambroise-Fran\u00e7ois Les Liaisons dangereuses, ou Lettres recueillies dans une soci\u00e9t\u00e9, &amp; publi\u00e9es pour l&#039;instruction de quelques autres. - Libairie Clavreuil<\/title>\n<meta name=\"robots\" content=\"index, follow, max-snippet:-1, max-image-preview:large, max-video-preview:-1\" \/>\n<link rel=\"canonical\" href=\"https:\/\/www.librairieclavreuil.com\/en\/choderlos-de-laclos-piere-ambroise-francois-les-liaisons-dangereuses-ou-lettres-recueillies-dans-une-societe-publiees-pour-linstruction-de-quelques-autres\/\" \/>\n<meta property=\"og:locale\" content=\"en_US\" \/>\n<meta property=\"og:type\" content=\"article\" \/>\n<meta property=\"og:title\" content=\"CHODERLOS DE LACLOS Piere-Ambroise-Fran\u00e7ois Les Liaisons dangereuses, ou Lettres recueillies dans une soci\u00e9t\u00e9, &amp; publi\u00e9es pour l&#039;instruction de quelques autres. - Libairie Clavreuil\" \/>\n<meta property=\"og:description\" content=\"2 volumes, 8vo (196 x 123 mm) of 1 nn.l. (title), VIII pp. (avertissement, pr\u00e9face), 357 pp. for the volume I ; 1nn.l. (title), 365 pp. Half-sheep, flat spine decorated with small flowery tool, red morocco title-label, green morocco volume label, speckled edges (contemporary binding).\" \/>\n<meta property=\"og:url\" content=\"https:\/\/www.librairieclavreuil.com\/en\/choderlos-de-laclos-piere-ambroise-francois-les-liaisons-dangereuses-ou-lettres-recueillies-dans-une-societe-publiees-pour-linstruction-de-quelques-autres\/\" \/>\n<meta property=\"og:site_name\" content=\"Libairie Clavreuil\" \/>\n<meta property=\"article:modified_time\" content=\"2025-02-18T14:15:34+00:00\" \/>\n<meta property=\"og:image\" content=\"https:\/\/www.librairieclavreuil.com\/wp-content\/uploads\/2024\/05\/piere-ambroise-francois-choderlos-de-laclos-les-liaisons-dangereuses-ou-lettres-recueillies-dans-une-societe-publiees-pour-l-instruction-de-quelques-a.jpg\" \/>\n\t<meta property=\"og:image:width\" content=\"515\" \/>\n\t<meta property=\"og:image:height\" content=\"813\" \/>\n\t<meta property=\"og:image:type\" content=\"image\/jpeg\" \/>\n<meta name=\"twitter:card\" content=\"summary_large_image\" \/>\n<meta name=\"twitter:label1\" content=\"Est. reading time\" \/>\n\t<meta name=\"twitter:data1\" content=\"1 minute\" \/>\n<script type=\"application\/ld+json\" class=\"yoast-schema-graph\">{\"@context\":\"https:\/\/schema.org\",\"@graph\":[{\"@type\":\"WebPage\",\"@id\":\"https:\/\/www.librairieclavreuil.com\/en\/choderlos-de-laclos-piere-ambroise-francois-les-liaisons-dangereuses-ou-lettres-recueillies-dans-une-societe-publiees-pour-linstruction-de-quelques-autres\/\",\"url\":\"https:\/\/www.librairieclavreuil.com\/en\/choderlos-de-laclos-piere-ambroise-francois-les-liaisons-dangereuses-ou-lettres-recueillies-dans-une-societe-publiees-pour-linstruction-de-quelques-autres\/\",\"name\":\"CHODERLOS DE LACLOS Piere-Ambroise-Fran\u00e7ois Les Liaisons dangereuses, ou Lettres recueillies dans une soci\u00e9t\u00e9, &amp; publi\u00e9es pour l'instruction de quelques autres. - Libairie Clavreuil\",\"isPartOf\":{\"@id\":\"https:\/\/www.librairieclavreuil.com\/#website\"},\"primaryImageOfPage\":{\"@id\":\"https:\/\/www.librairieclavreuil.com\/en\/choderlos-de-laclos-piere-ambroise-francois-les-liaisons-dangereuses-ou-lettres-recueillies-dans-une-societe-publiees-pour-linstruction-de-quelques-autres\/#primaryimage\"},\"image\":{\"@id\":\"https:\/\/www.librairieclavreuil.com\/en\/choderlos-de-laclos-piere-ambroise-francois-les-liaisons-dangereuses-ou-lettres-recueillies-dans-une-societe-publiees-pour-linstruction-de-quelques-autres\/#primaryimage\"},\"thumbnailUrl\":\"https:\/\/www.librairieclavreuil.com\/wp-content\/uploads\/2024\/05\/piere-ambroise-francois-choderlos-de-laclos-les-liaisons-dangereuses-ou-lettres-recueillies-dans-une-societe-publiees-pour-l-instruction-de-quelques-a.jpg\",\"datePublished\":\"2024-05-15T14:02:33+00:00\",\"dateModified\":\"2025-02-18T14:15:34+00:00\",\"breadcrumb\":{\"@id\":\"https:\/\/www.librairieclavreuil.com\/en\/choderlos-de-laclos-piere-ambroise-francois-les-liaisons-dangereuses-ou-lettres-recueillies-dans-une-societe-publiees-pour-linstruction-de-quelques-autres\/#breadcrumb\"},\"inLanguage\":\"en-US\",\"potentialAction\":[{\"@type\":\"ReadAction\",\"target\":[\"https:\/\/www.librairieclavreuil.com\/en\/choderlos-de-laclos-piere-ambroise-francois-les-liaisons-dangereuses-ou-lettres-recueillies-dans-une-societe-publiees-pour-linstruction-de-quelques-autres\/\"]}]},{\"@type\":\"ImageObject\",\"inLanguage\":\"en-US\",\"@id\":\"https:\/\/www.librairieclavreuil.com\/en\/choderlos-de-laclos-piere-ambroise-francois-les-liaisons-dangereuses-ou-lettres-recueillies-dans-une-societe-publiees-pour-linstruction-de-quelques-autres\/#primaryimage\",\"url\":\"https:\/\/www.librairieclavreuil.com\/wp-content\/uploads\/2024\/05\/piere-ambroise-francois-choderlos-de-laclos-les-liaisons-dangereuses-ou-lettres-recueillies-dans-une-societe-publiees-pour-l-instruction-de-quelques-a.jpg\",\"contentUrl\":\"https:\/\/www.librairieclavreuil.com\/wp-content\/uploads\/2024\/05\/piere-ambroise-francois-choderlos-de-laclos-les-liaisons-dangereuses-ou-lettres-recueillies-dans-une-societe-publiees-pour-l-instruction-de-quelques-a.jpg\",\"width\":515,\"height\":813},{\"@type\":\"BreadcrumbList\",\"@id\":\"https:\/\/www.librairieclavreuil.com\/en\/choderlos-de-laclos-piere-ambroise-francois-les-liaisons-dangereuses-ou-lettres-recueillies-dans-une-societe-publiees-pour-linstruction-de-quelques-autres\/#breadcrumb\",\"itemListElement\":[{\"@type\":\"ListItem\",\"position\":1,\"name\":\"Accueil\",\"item\":\"https:\/\/www.librairieclavreuil.com\/\"},{\"@type\":\"ListItem\",\"position\":2,\"name\":\"All our books\",\"item\":\"https:\/\/www.librairieclavreuil.com\/en\/all-our-books\/\"},{\"@type\":\"ListItem\",\"position\":3,\"name\":\"CHODERLOS DE LACLOS Piere-Ambroise-Fran\u00e7ois Les Liaisons dangereuses, ou...\"}]},{\"@type\":\"WebSite\",\"@id\":\"https:\/\/www.librairieclavreuil.com\/#website\",\"url\":\"https:\/\/www.librairieclavreuil.com\/\",\"name\":\"Libairie Clavreuil\",\"description\":\"Livres anciens, manuscrits rares et \u00e9ditions originales \u2013 Librairie Clavreuil\",\"publisher\":{\"@id\":\"https:\/\/www.librairieclavreuil.com\/#organization\"},\"potentialAction\":[{\"@type\":\"SearchAction\",\"target\":{\"@type\":\"EntryPoint\",\"urlTemplate\":\"https:\/\/www.librairieclavreuil.com\/?s={search_term_string}\"},\"query-input\":{\"@type\":\"PropertyValueSpecification\",\"valueRequired\":true,\"valueName\":\"search_term_string\"}}],\"inLanguage\":\"en-US\"},{\"@type\":\"Organization\",\"@id\":\"https:\/\/www.librairieclavreuil.com\/#organization\",\"name\":\"Libairie Clavreuil\",\"url\":\"https:\/\/www.librairieclavreuil.com\/\",\"logo\":{\"@type\":\"ImageObject\",\"inLanguage\":\"en-US\",\"@id\":\"https:\/\/www.librairieclavreuil.com\/#\/schema\/logo\/image\/\",\"url\":\"https:\/\/www.librairieclavreuil.com\/wp-content\/uploads\/2021\/06\/cropped-LOGO_PNG_DATE-_gold-512x512-1.png\",\"contentUrl\":\"https:\/\/www.librairieclavreuil.com\/wp-content\/uploads\/2021\/06\/cropped-LOGO_PNG_DATE-_gold-512x512-1.png\",\"width\":512,\"height\":512,\"caption\":\"Libairie Clavreuil\"},\"image\":{\"@id\":\"https:\/\/www.librairieclavreuil.com\/#\/schema\/logo\/image\/\"},\"sameAs\":[\"https:\/\/www.instagram.com\/librairieclavreuil\/\"]}]}<\/script>\n<!-- \/ Yoast SEO plugin. -->","yoast_head_json":{"title":"CHODERLOS DE LACLOS Piere-Ambroise-Fran\u00e7ois Les Liaisons dangereuses, ou Lettres recueillies dans une soci\u00e9t\u00e9, &amp; publi\u00e9es pour l'instruction de quelques autres. - Libairie Clavreuil","robots":{"index":"index","follow":"follow","max-snippet":"max-snippet:-1","max-image-preview":"max-image-preview:large","max-video-preview":"max-video-preview:-1"},"canonical":"https:\/\/www.librairieclavreuil.com\/en\/choderlos-de-laclos-piere-ambroise-francois-les-liaisons-dangereuses-ou-lettres-recueillies-dans-une-societe-publiees-pour-linstruction-de-quelques-autres\/","og_locale":"en_US","og_type":"article","og_title":"CHODERLOS DE LACLOS Piere-Ambroise-Fran\u00e7ois Les Liaisons dangereuses, ou Lettres recueillies dans une soci\u00e9t\u00e9, &amp; publi\u00e9es pour l'instruction de quelques autres. - Libairie Clavreuil","og_description":"2 volumes, 8vo (196 x 123 mm) of 1 nn.l. (title), VIII pp. (avertissement, pr\u00e9face), 357 pp. for the volume I ; 1nn.l. (title), 365 pp. Half-sheep, flat spine decorated with small flowery tool, red morocco title-label, green morocco volume label, speckled edges (contemporary binding).","og_url":"https:\/\/www.librairieclavreuil.com\/en\/choderlos-de-laclos-piere-ambroise-francois-les-liaisons-dangereuses-ou-lettres-recueillies-dans-une-societe-publiees-pour-linstruction-de-quelques-autres\/","og_site_name":"Libairie Clavreuil","article_modified_time":"2025-02-18T14:15:34+00:00","og_image":[{"width":515,"height":813,"url":"https:\/\/www.librairieclavreuil.com\/wp-content\/uploads\/2024\/05\/piere-ambroise-francois-choderlos-de-laclos-les-liaisons-dangereuses-ou-lettres-recueillies-dans-une-societe-publiees-pour-l-instruction-de-quelques-a.jpg","type":"image\/jpeg"}],"twitter_card":"summary_large_image","twitter_misc":{"Est. reading time":"1 minute"},"schema":{"@context":"https:\/\/schema.org","@graph":[{"@type":"WebPage","@id":"https:\/\/www.librairieclavreuil.com\/en\/choderlos-de-laclos-piere-ambroise-francois-les-liaisons-dangereuses-ou-lettres-recueillies-dans-une-societe-publiees-pour-linstruction-de-quelques-autres\/","url":"https:\/\/www.librairieclavreuil.com\/en\/choderlos-de-laclos-piere-ambroise-francois-les-liaisons-dangereuses-ou-lettres-recueillies-dans-une-societe-publiees-pour-linstruction-de-quelques-autres\/","name":"CHODERLOS DE LACLOS Piere-Ambroise-Fran\u00e7ois Les Liaisons dangereuses, ou Lettres recueillies dans une soci\u00e9t\u00e9, &amp; publi\u00e9es pour l'instruction de quelques autres. - Libairie Clavreuil","isPartOf":{"@id":"https:\/\/www.librairieclavreuil.com\/#website"},"primaryImageOfPage":{"@id":"https:\/\/www.librairieclavreuil.com\/en\/choderlos-de-laclos-piere-ambroise-francois-les-liaisons-dangereuses-ou-lettres-recueillies-dans-une-societe-publiees-pour-linstruction-de-quelques-autres\/#primaryimage"},"image":{"@id":"https:\/\/www.librairieclavreuil.com\/en\/choderlos-de-laclos-piere-ambroise-francois-les-liaisons-dangereuses-ou-lettres-recueillies-dans-une-societe-publiees-pour-linstruction-de-quelques-autres\/#primaryimage"},"thumbnailUrl":"https:\/\/www.librairieclavreuil.com\/wp-content\/uploads\/2024\/05\/piere-ambroise-francois-choderlos-de-laclos-les-liaisons-dangereuses-ou-lettres-recueillies-dans-une-societe-publiees-pour-l-instruction-de-quelques-a.jpg","datePublished":"2024-05-15T14:02:33+00:00","dateModified":"2025-02-18T14:15:34+00:00","breadcrumb":{"@id":"https:\/\/www.librairieclavreuil.com\/en\/choderlos-de-laclos-piere-ambroise-francois-les-liaisons-dangereuses-ou-lettres-recueillies-dans-une-societe-publiees-pour-linstruction-de-quelques-autres\/#breadcrumb"},"inLanguage":"en-US","potentialAction":[{"@type":"ReadAction","target":["https:\/\/www.librairieclavreuil.com\/en\/choderlos-de-laclos-piere-ambroise-francois-les-liaisons-dangereuses-ou-lettres-recueillies-dans-une-societe-publiees-pour-linstruction-de-quelques-autres\/"]}]},{"@type":"ImageObject","inLanguage":"en-US","@id":"https:\/\/www.librairieclavreuil.com\/en\/choderlos-de-laclos-piere-ambroise-francois-les-liaisons-dangereuses-ou-lettres-recueillies-dans-une-societe-publiees-pour-linstruction-de-quelques-autres\/#primaryimage","url":"https:\/\/www.librairieclavreuil.com\/wp-content\/uploads\/2024\/05\/piere-ambroise-francois-choderlos-de-laclos-les-liaisons-dangereuses-ou-lettres-recueillies-dans-une-societe-publiees-pour-l-instruction-de-quelques-a.jpg","contentUrl":"https:\/\/www.librairieclavreuil.com\/wp-content\/uploads\/2024\/05\/piere-ambroise-francois-choderlos-de-laclos-les-liaisons-dangereuses-ou-lettres-recueillies-dans-une-societe-publiees-pour-l-instruction-de-quelques-a.jpg","width":515,"height":813},{"@type":"BreadcrumbList","@id":"https:\/\/www.librairieclavreuil.com\/en\/choderlos-de-laclos-piere-ambroise-francois-les-liaisons-dangereuses-ou-lettres-recueillies-dans-une-societe-publiees-pour-linstruction-de-quelques-autres\/#breadcrumb","itemListElement":[{"@type":"ListItem","position":1,"name":"Accueil","item":"https:\/\/www.librairieclavreuil.com\/"},{"@type":"ListItem","position":2,"name":"All our books","item":"https:\/\/www.librairieclavreuil.com\/en\/all-our-books\/"},{"@type":"ListItem","position":3,"name":"CHODERLOS DE LACLOS Piere-Ambroise-Fran\u00e7ois Les Liaisons dangereuses, ou..."}]},{"@type":"WebSite","@id":"https:\/\/www.librairieclavreuil.com\/#website","url":"https:\/\/www.librairieclavreuil.com\/","name":"Libairie Clavreuil","description":"Livres anciens, manuscrits rares et \u00e9ditions originales \u2013 Librairie Clavreuil","publisher":{"@id":"https:\/\/www.librairieclavreuil.com\/#organization"},"potentialAction":[{"@type":"SearchAction","target":{"@type":"EntryPoint","urlTemplate":"https:\/\/www.librairieclavreuil.com\/?s={search_term_string}"},"query-input":{"@type":"PropertyValueSpecification","valueRequired":true,"valueName":"search_term_string"}}],"inLanguage":"en-US"},{"@type":"Organization","@id":"https:\/\/www.librairieclavreuil.com\/#organization","name":"Libairie Clavreuil","url":"https:\/\/www.librairieclavreuil.com\/","logo":{"@type":"ImageObject","inLanguage":"en-US","@id":"https:\/\/www.librairieclavreuil.com\/#\/schema\/logo\/image\/","url":"https:\/\/www.librairieclavreuil.com\/wp-content\/uploads\/2021\/06\/cropped-LOGO_PNG_DATE-_gold-512x512-1.png","contentUrl":"https:\/\/www.librairieclavreuil.com\/wp-content\/uploads\/2021\/06\/cropped-LOGO_PNG_DATE-_gold-512x512-1.png","width":512,"height":512,"caption":"Libairie Clavreuil"},"image":{"@id":"https:\/\/www.librairieclavreuil.com\/#\/schema\/logo\/image\/"},"sameAs":["https:\/\/www.instagram.com\/librairieclavreuil\/"]}]}},"jetpack_sharing_enabled":true,"_links":{"self":[{"href":"https:\/\/www.librairieclavreuil.com\/en\/wp-json\/wp\/v2\/product\/77392","targetHints":{"allow":["GET"]}}],"collection":[{"href":"https:\/\/www.librairieclavreuil.com\/en\/wp-json\/wp\/v2\/product"}],"about":[{"href":"https:\/\/www.librairieclavreuil.com\/en\/wp-json\/wp\/v2\/types\/product"}],"replies":[{"embeddable":true,"href":"https:\/\/www.librairieclavreuil.com\/en\/wp-json\/wp\/v2\/comments?post=77392"}],"wp:featuredmedia":[{"embeddable":true,"href":"https:\/\/www.librairieclavreuil.com\/en\/wp-json\/wp\/v2\/media\/77387"}],"wp:attachment":[{"href":"https:\/\/www.librairieclavreuil.com\/en\/wp-json\/wp\/v2\/media?parent=77392"}],"wp:term":[{"taxonomy":"product_brand","embeddable":true,"href":"https:\/\/www.librairieclavreuil.com\/en\/wp-json\/wp\/v2\/product_brand?post=77392"},{"taxonomy":"product_cat","embeddable":true,"href":"https:\/\/www.librairieclavreuil.com\/en\/wp-json\/wp\/v2\/product_cat?post=77392"},{"taxonomy":"product_tag","embeddable":true,"href":"https:\/\/www.librairieclavreuil.com\/en\/wp-json\/wp\/v2\/product_tag?post=77392"}],"curies":[{"name":"wp","href":"https:\/\/api.w.org\/{rel}","templated":true}]}}