{"id":77342,"date":"2024-05-14T17:26:12","date_gmt":"2024-05-14T15:26:12","guid":{"rendered":"https:\/\/www.librairieclavreuil.com\/droz-gustave-monsieur-madame-bebe-edition-illustree-par-edmond-morin-et-ornee-dun-portrait-de-lauteur-en-frontispice-grave-par-leopold-flameng\/"},"modified":"2025-06-03T12:28:06","modified_gmt":"2025-06-03T10:28:06","slug":"droz-gustave-monsieur-madame-bebe-edition-illustree-par-edmond-morin-et-ornee-dun-portrait-de-lauteur-en-frontispice-grave-par-leopold-flameng","status":"publish","type":"product","link":"https:\/\/www.librairieclavreuil.com\/en\/droz-gustave-monsieur-madame-bebe-edition-illustree-par-edmond-morin-et-ornee-dun-portrait-de-lauteur-en-frontispice-grave-par-leopold-flameng\/","title":{"rendered":"DROZ Gustave Monsieur, Madame &amp; B\u00e9b\u00e9, \u00e9dition illustr\u00e9e..."},"content":{"rendered":"<p style=\"text-align:justify\"><i>Clouzot, 91 ; Monod, I, 3921 ; Talvard &amp; Place, IV, 324, I.B ; Vicaire, III, 295-296.<\/i><\/p>\n<p style=\"text-align:justify\"><span style=\"font-variant:small-caps\">First illustrated edition.<\/span><\/p>\n<p style=\"text-align:justify\">Autograph inscription on front cover: &#8220;A mon vieux camarade Louis David&#8221;.<\/p>\n<p style=\"text-align:justify\">Louis David was a regular contributor to the same publications as Gustave Droz, notably <i>L&#8217;Autographe au Salon<\/i>.<\/p>\n<p style=\"text-align:justify\"><i>Monsieur, Madame et b\u00e9b\u00e9<\/i> was a huge success from the first publication, with no fewer than 20 editions in 1867, the year following the original, and as many as 116 in 1882. These were in fact some of the articles Droz had published in <i>La Vie parisienne<\/i>.<\/p>\n<p style=\"text-align:justify\">Barbey d&#8217;Aurevilly devoted a long article to the work on 20 June 1866, praising the author and his story, particularly the last part: B\u00e9b\u00e9. He was quick to point out the sensuality of Droz&#8217;s writing in a comparison with La Bruy\u00e8re : &#8220;Malgr\u00e9 ses m\u00e9rites incontest\u00e9s, je ne crois pas que La Bruy\u00e8re ait eu jamais celui de lacer un corset \u00e0 personne et de remettre une \u00e9pingle en place, tandis que M. Gustave Droz, lui, au contraire, habille, d\u00e9shabille, et r\u00e9habille [sic], \u00e9pingle et d\u00e9s\u00e9pingle et r\u00e9-\u00e9pingle avec une incomparable sup\u00e9riorit\u00e9 ! &#8221; (<i>Le Nain Jaune<\/i>, 20 juin 1866, p.2-3).<\/p>\n<p style=\"text-align:justify\">A very fine copy, beautifully illustrated.<\/p>\n","protected":false},"excerpt":{"rendered":"<p style=\"text-align:justify\">4to (266 x 181 mm) of unn.l. (half -title, engraved title, frontispiece, title, &#8220;\u00e0 ma lectrice&#8221;),436 pp. Blue half- morocco with corners, spine with raised bands, gilt head, cover preserved (<i>contemporary binding<\/i>).<\/p>\n","protected":false},"featured_media":77333,"comment_status":"open","ping_status":"closed","template":"","meta":{"_acf_changed":false},"product_brand":[],"product_cat":[544],"product_tag":[604,598,1264],"class_list":{"0":"post-77342","1":"product","2":"type-product","3":"status-publish","4":"has-post-thumbnail","6":"product_cat-literature","7":"product_tag-19th-century-illustrations","8":"product_tag-19th-century-literature","9":"product_tag-inscription","10":"pa_auteur-droz-gustave-2","11":"pa_type-de-livre-printed-book","13":"first","14":"instock","15":"shipping-taxable","16":"purchasable","17":"product-type-simple"},"acf":{"artist":" Gustave DROZ","chapeau":"Autograph inscription on cover to Louis David","adresse_bibliographique":"Paris, Victor Havard, 1878","book_type":"Printed book","provenance":"","afficher_prix":""},"yoast_head":"<!-- This site is optimized with the Yoast SEO plugin v24.7 - https:\/\/yoast.com\/wordpress\/plugins\/seo\/ -->\n<title>DROZ Gustave Monsieur, Madame &amp; B\u00e9b\u00e9, \u00e9dition illustr\u00e9e par Edmond Morin et orn\u00e9e d&#039;un portrait de l&#039;auteur en frontispice grav\u00e9 par L\u00e9opold Flameng. - Libairie Clavreuil<\/title>\n<meta name=\"robots\" content=\"index, follow, max-snippet:-1, max-image-preview:large, max-video-preview:-1\" \/>\n<link rel=\"canonical\" href=\"https:\/\/www.librairieclavreuil.com\/en\/droz-gustave-monsieur-madame-bebe-edition-illustree-par-edmond-morin-et-ornee-dun-portrait-de-lauteur-en-frontispice-grave-par-leopold-flameng\/\" \/>\n<meta property=\"og:locale\" content=\"en_US\" \/>\n<meta property=\"og:type\" content=\"article\" \/>\n<meta property=\"og:title\" content=\"DROZ Gustave Monsieur, Madame &amp; B\u00e9b\u00e9, \u00e9dition illustr\u00e9e par Edmond Morin et orn\u00e9e d&#039;un portrait de l&#039;auteur en frontispice grav\u00e9 par L\u00e9opold Flameng. - Libairie Clavreuil\" \/>\n<meta property=\"og:description\" content=\"4to (266 x 181 mm) of unn.l. (half -title, engraved title, frontispiece, title, &quot;\u00e0 ma lectrice&quot;),436 pp. Blue half- morocco with corners, spine with raised bands, gilt head, cover preserved (contemporary binding).\" \/>\n<meta property=\"og:url\" content=\"https:\/\/www.librairieclavreuil.com\/en\/droz-gustave-monsieur-madame-bebe-edition-illustree-par-edmond-morin-et-ornee-dun-portrait-de-lauteur-en-frontispice-grave-par-leopold-flameng\/\" \/>\n<meta property=\"og:site_name\" content=\"Libairie Clavreuil\" \/>\n<meta property=\"article:modified_time\" content=\"2025-06-03T10:28:06+00:00\" \/>\n<meta property=\"og:image\" content=\"https:\/\/www.librairieclavreuil.com\/wp-content\/uploads\/2024\/05\/gustave-droz-monsieur-madame-bebe-edition-illustree-par-edmond-morin-et-ornee-d-un-portrait-de-l-auteur-en-frontispice-grave-par-leopold-flameng-8424-.jpg\" \/>\n\t<meta property=\"og:image:width\" content=\"561\" \/>\n\t<meta property=\"og:image:height\" content=\"813\" \/>\n\t<meta property=\"og:image:type\" content=\"image\/jpeg\" \/>\n<meta name=\"twitter:card\" content=\"summary_large_image\" \/>\n<meta name=\"twitter:label1\" content=\"Est. reading time\" \/>\n\t<meta name=\"twitter:data1\" content=\"1 minute\" \/>\n<script type=\"application\/ld+json\" class=\"yoast-schema-graph\">{\"@context\":\"https:\/\/schema.org\",\"@graph\":[{\"@type\":\"WebPage\",\"@id\":\"https:\/\/www.librairieclavreuil.com\/en\/droz-gustave-monsieur-madame-bebe-edition-illustree-par-edmond-morin-et-ornee-dun-portrait-de-lauteur-en-frontispice-grave-par-leopold-flameng\/\",\"url\":\"https:\/\/www.librairieclavreuil.com\/en\/droz-gustave-monsieur-madame-bebe-edition-illustree-par-edmond-morin-et-ornee-dun-portrait-de-lauteur-en-frontispice-grave-par-leopold-flameng\/\",\"name\":\"DROZ Gustave Monsieur, Madame &amp; B\u00e9b\u00e9, \u00e9dition illustr\u00e9e par Edmond Morin et orn\u00e9e d'un portrait de l'auteur en frontispice grav\u00e9 par L\u00e9opold Flameng. - Libairie Clavreuil\",\"isPartOf\":{\"@id\":\"https:\/\/www.librairieclavreuil.com\/#website\"},\"primaryImageOfPage\":{\"@id\":\"https:\/\/www.librairieclavreuil.com\/en\/droz-gustave-monsieur-madame-bebe-edition-illustree-par-edmond-morin-et-ornee-dun-portrait-de-lauteur-en-frontispice-grave-par-leopold-flameng\/#primaryimage\"},\"image\":{\"@id\":\"https:\/\/www.librairieclavreuil.com\/en\/droz-gustave-monsieur-madame-bebe-edition-illustree-par-edmond-morin-et-ornee-dun-portrait-de-lauteur-en-frontispice-grave-par-leopold-flameng\/#primaryimage\"},\"thumbnailUrl\":\"https:\/\/www.librairieclavreuil.com\/wp-content\/uploads\/2024\/05\/gustave-droz-monsieur-madame-bebe-edition-illustree-par-edmond-morin-et-ornee-d-un-portrait-de-l-auteur-en-frontispice-grave-par-leopold-flameng-8424-.jpg\",\"datePublished\":\"2024-05-14T15:26:12+00:00\",\"dateModified\":\"2025-06-03T10:28:06+00:00\",\"breadcrumb\":{\"@id\":\"https:\/\/www.librairieclavreuil.com\/en\/droz-gustave-monsieur-madame-bebe-edition-illustree-par-edmond-morin-et-ornee-dun-portrait-de-lauteur-en-frontispice-grave-par-leopold-flameng\/#breadcrumb\"},\"inLanguage\":\"en-US\",\"potentialAction\":[{\"@type\":\"ReadAction\",\"target\":[\"https:\/\/www.librairieclavreuil.com\/en\/droz-gustave-monsieur-madame-bebe-edition-illustree-par-edmond-morin-et-ornee-dun-portrait-de-lauteur-en-frontispice-grave-par-leopold-flameng\/\"]}]},{\"@type\":\"ImageObject\",\"inLanguage\":\"en-US\",\"@id\":\"https:\/\/www.librairieclavreuil.com\/en\/droz-gustave-monsieur-madame-bebe-edition-illustree-par-edmond-morin-et-ornee-dun-portrait-de-lauteur-en-frontispice-grave-par-leopold-flameng\/#primaryimage\",\"url\":\"https:\/\/www.librairieclavreuil.com\/wp-content\/uploads\/2024\/05\/gustave-droz-monsieur-madame-bebe-edition-illustree-par-edmond-morin-et-ornee-d-un-portrait-de-l-auteur-en-frontispice-grave-par-leopold-flameng-8424-.jpg\",\"contentUrl\":\"https:\/\/www.librairieclavreuil.com\/wp-content\/uploads\/2024\/05\/gustave-droz-monsieur-madame-bebe-edition-illustree-par-edmond-morin-et-ornee-d-un-portrait-de-l-auteur-en-frontispice-grave-par-leopold-flameng-8424-.jpg\",\"width\":561,\"height\":813},{\"@type\":\"BreadcrumbList\",\"@id\":\"https:\/\/www.librairieclavreuil.com\/en\/droz-gustave-monsieur-madame-bebe-edition-illustree-par-edmond-morin-et-ornee-dun-portrait-de-lauteur-en-frontispice-grave-par-leopold-flameng\/#breadcrumb\",\"itemListElement\":[{\"@type\":\"ListItem\",\"position\":1,\"name\":\"Accueil\",\"item\":\"https:\/\/www.librairieclavreuil.com\/\"},{\"@type\":\"ListItem\",\"position\":2,\"name\":\"All our books\",\"item\":\"https:\/\/www.librairieclavreuil.com\/en\/all-our-books\/\"},{\"@type\":\"ListItem\",\"position\":3,\"name\":\"DROZ Gustave Monsieur, Madame &amp; B\u00e9b\u00e9, \u00e9dition illustr\u00e9e...\"}]},{\"@type\":\"WebSite\",\"@id\":\"https:\/\/www.librairieclavreuil.com\/#website\",\"url\":\"https:\/\/www.librairieclavreuil.com\/\",\"name\":\"Libairie Clavreuil\",\"description\":\"Livres anciens, manuscrits rares et \u00e9ditions originales \u2013 Librairie Clavreuil\",\"publisher\":{\"@id\":\"https:\/\/www.librairieclavreuil.com\/#organization\"},\"potentialAction\":[{\"@type\":\"SearchAction\",\"target\":{\"@type\":\"EntryPoint\",\"urlTemplate\":\"https:\/\/www.librairieclavreuil.com\/?s={search_term_string}\"},\"query-input\":{\"@type\":\"PropertyValueSpecification\",\"valueRequired\":true,\"valueName\":\"search_term_string\"}}],\"inLanguage\":\"en-US\"},{\"@type\":\"Organization\",\"@id\":\"https:\/\/www.librairieclavreuil.com\/#organization\",\"name\":\"Libairie Clavreuil\",\"url\":\"https:\/\/www.librairieclavreuil.com\/\",\"logo\":{\"@type\":\"ImageObject\",\"inLanguage\":\"en-US\",\"@id\":\"https:\/\/www.librairieclavreuil.com\/#\/schema\/logo\/image\/\",\"url\":\"https:\/\/www.librairieclavreuil.com\/wp-content\/uploads\/2021\/06\/cropped-LOGO_PNG_DATE-_gold-512x512-1.png\",\"contentUrl\":\"https:\/\/www.librairieclavreuil.com\/wp-content\/uploads\/2021\/06\/cropped-LOGO_PNG_DATE-_gold-512x512-1.png\",\"width\":512,\"height\":512,\"caption\":\"Libairie Clavreuil\"},\"image\":{\"@id\":\"https:\/\/www.librairieclavreuil.com\/#\/schema\/logo\/image\/\"},\"sameAs\":[\"https:\/\/www.instagram.com\/librairieclavreuil\/\"]}]}<\/script>\n<!-- \/ Yoast SEO plugin. -->","yoast_head_json":{"title":"DROZ Gustave Monsieur, Madame &amp; B\u00e9b\u00e9, \u00e9dition illustr\u00e9e par Edmond Morin et orn\u00e9e d'un portrait de l'auteur en frontispice grav\u00e9 par L\u00e9opold Flameng. - Libairie Clavreuil","robots":{"index":"index","follow":"follow","max-snippet":"max-snippet:-1","max-image-preview":"max-image-preview:large","max-video-preview":"max-video-preview:-1"},"canonical":"https:\/\/www.librairieclavreuil.com\/en\/droz-gustave-monsieur-madame-bebe-edition-illustree-par-edmond-morin-et-ornee-dun-portrait-de-lauteur-en-frontispice-grave-par-leopold-flameng\/","og_locale":"en_US","og_type":"article","og_title":"DROZ Gustave Monsieur, Madame &amp; B\u00e9b\u00e9, \u00e9dition illustr\u00e9e par Edmond Morin et orn\u00e9e d'un portrait de l'auteur en frontispice grav\u00e9 par L\u00e9opold Flameng. - Libairie Clavreuil","og_description":"4to (266 x 181 mm) of unn.l. (half -title, engraved title, frontispiece, title, \"\u00e0 ma lectrice\"),436 pp. Blue half- morocco with corners, spine with raised bands, gilt head, cover preserved (contemporary binding).","og_url":"https:\/\/www.librairieclavreuil.com\/en\/droz-gustave-monsieur-madame-bebe-edition-illustree-par-edmond-morin-et-ornee-dun-portrait-de-lauteur-en-frontispice-grave-par-leopold-flameng\/","og_site_name":"Libairie Clavreuil","article_modified_time":"2025-06-03T10:28:06+00:00","og_image":[{"width":561,"height":813,"url":"https:\/\/www.librairieclavreuil.com\/wp-content\/uploads\/2024\/05\/gustave-droz-monsieur-madame-bebe-edition-illustree-par-edmond-morin-et-ornee-d-un-portrait-de-l-auteur-en-frontispice-grave-par-leopold-flameng-8424-.jpg","type":"image\/jpeg"}],"twitter_card":"summary_large_image","twitter_misc":{"Est. reading time":"1 minute"},"schema":{"@context":"https:\/\/schema.org","@graph":[{"@type":"WebPage","@id":"https:\/\/www.librairieclavreuil.com\/en\/droz-gustave-monsieur-madame-bebe-edition-illustree-par-edmond-morin-et-ornee-dun-portrait-de-lauteur-en-frontispice-grave-par-leopold-flameng\/","url":"https:\/\/www.librairieclavreuil.com\/en\/droz-gustave-monsieur-madame-bebe-edition-illustree-par-edmond-morin-et-ornee-dun-portrait-de-lauteur-en-frontispice-grave-par-leopold-flameng\/","name":"DROZ Gustave Monsieur, Madame &amp; B\u00e9b\u00e9, \u00e9dition illustr\u00e9e par Edmond Morin et orn\u00e9e d'un portrait de l'auteur en frontispice grav\u00e9 par L\u00e9opold Flameng. - Libairie Clavreuil","isPartOf":{"@id":"https:\/\/www.librairieclavreuil.com\/#website"},"primaryImageOfPage":{"@id":"https:\/\/www.librairieclavreuil.com\/en\/droz-gustave-monsieur-madame-bebe-edition-illustree-par-edmond-morin-et-ornee-dun-portrait-de-lauteur-en-frontispice-grave-par-leopold-flameng\/#primaryimage"},"image":{"@id":"https:\/\/www.librairieclavreuil.com\/en\/droz-gustave-monsieur-madame-bebe-edition-illustree-par-edmond-morin-et-ornee-dun-portrait-de-lauteur-en-frontispice-grave-par-leopold-flameng\/#primaryimage"},"thumbnailUrl":"https:\/\/www.librairieclavreuil.com\/wp-content\/uploads\/2024\/05\/gustave-droz-monsieur-madame-bebe-edition-illustree-par-edmond-morin-et-ornee-d-un-portrait-de-l-auteur-en-frontispice-grave-par-leopold-flameng-8424-.jpg","datePublished":"2024-05-14T15:26:12+00:00","dateModified":"2025-06-03T10:28:06+00:00","breadcrumb":{"@id":"https:\/\/www.librairieclavreuil.com\/en\/droz-gustave-monsieur-madame-bebe-edition-illustree-par-edmond-morin-et-ornee-dun-portrait-de-lauteur-en-frontispice-grave-par-leopold-flameng\/#breadcrumb"},"inLanguage":"en-US","potentialAction":[{"@type":"ReadAction","target":["https:\/\/www.librairieclavreuil.com\/en\/droz-gustave-monsieur-madame-bebe-edition-illustree-par-edmond-morin-et-ornee-dun-portrait-de-lauteur-en-frontispice-grave-par-leopold-flameng\/"]}]},{"@type":"ImageObject","inLanguage":"en-US","@id":"https:\/\/www.librairieclavreuil.com\/en\/droz-gustave-monsieur-madame-bebe-edition-illustree-par-edmond-morin-et-ornee-dun-portrait-de-lauteur-en-frontispice-grave-par-leopold-flameng\/#primaryimage","url":"https:\/\/www.librairieclavreuil.com\/wp-content\/uploads\/2024\/05\/gustave-droz-monsieur-madame-bebe-edition-illustree-par-edmond-morin-et-ornee-d-un-portrait-de-l-auteur-en-frontispice-grave-par-leopold-flameng-8424-.jpg","contentUrl":"https:\/\/www.librairieclavreuil.com\/wp-content\/uploads\/2024\/05\/gustave-droz-monsieur-madame-bebe-edition-illustree-par-edmond-morin-et-ornee-d-un-portrait-de-l-auteur-en-frontispice-grave-par-leopold-flameng-8424-.jpg","width":561,"height":813},{"@type":"BreadcrumbList","@id":"https:\/\/www.librairieclavreuil.com\/en\/droz-gustave-monsieur-madame-bebe-edition-illustree-par-edmond-morin-et-ornee-dun-portrait-de-lauteur-en-frontispice-grave-par-leopold-flameng\/#breadcrumb","itemListElement":[{"@type":"ListItem","position":1,"name":"Accueil","item":"https:\/\/www.librairieclavreuil.com\/"},{"@type":"ListItem","position":2,"name":"All our books","item":"https:\/\/www.librairieclavreuil.com\/en\/all-our-books\/"},{"@type":"ListItem","position":3,"name":"DROZ Gustave Monsieur, Madame &amp; B\u00e9b\u00e9, \u00e9dition illustr\u00e9e..."}]},{"@type":"WebSite","@id":"https:\/\/www.librairieclavreuil.com\/#website","url":"https:\/\/www.librairieclavreuil.com\/","name":"Libairie Clavreuil","description":"Livres anciens, manuscrits rares et \u00e9ditions originales \u2013 Librairie Clavreuil","publisher":{"@id":"https:\/\/www.librairieclavreuil.com\/#organization"},"potentialAction":[{"@type":"SearchAction","target":{"@type":"EntryPoint","urlTemplate":"https:\/\/www.librairieclavreuil.com\/?s={search_term_string}"},"query-input":{"@type":"PropertyValueSpecification","valueRequired":true,"valueName":"search_term_string"}}],"inLanguage":"en-US"},{"@type":"Organization","@id":"https:\/\/www.librairieclavreuil.com\/#organization","name":"Libairie Clavreuil","url":"https:\/\/www.librairieclavreuil.com\/","logo":{"@type":"ImageObject","inLanguage":"en-US","@id":"https:\/\/www.librairieclavreuil.com\/#\/schema\/logo\/image\/","url":"https:\/\/www.librairieclavreuil.com\/wp-content\/uploads\/2021\/06\/cropped-LOGO_PNG_DATE-_gold-512x512-1.png","contentUrl":"https:\/\/www.librairieclavreuil.com\/wp-content\/uploads\/2021\/06\/cropped-LOGO_PNG_DATE-_gold-512x512-1.png","width":512,"height":512,"caption":"Libairie Clavreuil"},"image":{"@id":"https:\/\/www.librairieclavreuil.com\/#\/schema\/logo\/image\/"},"sameAs":["https:\/\/www.instagram.com\/librairieclavreuil\/"]}]}},"jetpack_sharing_enabled":true,"_links":{"self":[{"href":"https:\/\/www.librairieclavreuil.com\/en\/wp-json\/wp\/v2\/product\/77342","targetHints":{"allow":["GET"]}}],"collection":[{"href":"https:\/\/www.librairieclavreuil.com\/en\/wp-json\/wp\/v2\/product"}],"about":[{"href":"https:\/\/www.librairieclavreuil.com\/en\/wp-json\/wp\/v2\/types\/product"}],"replies":[{"embeddable":true,"href":"https:\/\/www.librairieclavreuil.com\/en\/wp-json\/wp\/v2\/comments?post=77342"}],"wp:featuredmedia":[{"embeddable":true,"href":"https:\/\/www.librairieclavreuil.com\/en\/wp-json\/wp\/v2\/media\/77333"}],"wp:attachment":[{"href":"https:\/\/www.librairieclavreuil.com\/en\/wp-json\/wp\/v2\/media?parent=77342"}],"wp:term":[{"taxonomy":"product_brand","embeddable":true,"href":"https:\/\/www.librairieclavreuil.com\/en\/wp-json\/wp\/v2\/product_brand?post=77342"},{"taxonomy":"product_cat","embeddable":true,"href":"https:\/\/www.librairieclavreuil.com\/en\/wp-json\/wp\/v2\/product_cat?post=77342"},{"taxonomy":"product_tag","embeddable":true,"href":"https:\/\/www.librairieclavreuil.com\/en\/wp-json\/wp\/v2\/product_tag?post=77342"}],"curies":[{"name":"wp","href":"https:\/\/api.w.org\/{rel}","templated":true}]}}