{"id":77302,"date":"2024-05-14T13:14:25","date_gmt":"2024-05-14T11:14:25","guid":{"rendered":"https:\/\/www.librairieclavreuil.com\/descartes-rene-lettres-ou-sont-traitees-les-plus-belles-question-de-la-morale-de-la-physique-de-la-medecine-des-mathematiques-ou-sont-expliquees-plusieurs-belles-difficultez-touchant-ses-a\/"},"modified":"2024-07-03T19:40:07","modified_gmt":"2024-07-03T17:40:07","slug":"descartes-rene-lettres-ou-sont-traitees-les-plus-belles-question-de-la-morale-de-la-physique-de-la-medecine-des-mathematiques-ou-sont-expliquees-plusieurs-belles-difficultez-touchant-ses-a","status":"publish","type":"product","link":"https:\/\/www.librairieclavreuil.com\/en\/descartes-rene-lettres-ou-sont-traitees-les-plus-belles-question-de-la-morale-de-la-physique-de-la-medecine-des-mathematiques-ou-sont-expliquees-plusieurs-belles-difficultez-touchant-ses-a\/","title":{"rendered":"DESCARTES Ren\u00e9 Lettres o\u00f9 sont trait\u00e9es les plus..."},"content":{"rendered":"<p style=\"text-align:justify\"><i>Guibert, 83:7<\/i><\/p>\n<p><span style=\"font-variant:small-caps\">First complete edition of the <\/span><i><span style=\"font-variant:small-caps\">Lettres<\/span><\/i> (volume I in 3rd issue with some pagination errors corrected; volume II in 2nd issue with the addition of \u2018Tome Second\u2019 on the title; volume III in first edition) as described by Guibert.<\/p>\n<p>This first complete edition brings together a large number of letters, most of them scientific (and sometimes with replies), notably to Morin and Mersenne. Some of the letters deal with questions of geometry, optics or medicine and are illustrated with engravings or diagrams.<\/p>\n<p style=\"text-align:justify\"><strong>[Together with, in identical binding:]<\/strong><\/p>\n<p style=\"text-align:justify\"><strong>DESCARTES, Ren\u00e9.<\/strong> L&#8217;Homme et un trait\u00e9 de la formation du foetus. Avec les remarques de Louis de La Forge. <i>Paris, Jacques le Gras, 1664<\/i>. 4to, 35 nn.l, 448 pp., 4 nn.l.<\/p>\n<p style=\"text-align:justify\"><i>Guibert, 198:3.<\/i><\/p>\n<p style=\"text-align:justify\"><span style=\"font-variant:small-caps\">First French edition.<\/span><\/p>\n<p style=\"text-align:justify\">Decorated with woodcuts &#8220;imagin\u00e9es par Descartes&#8221; (Guibert).<\/p>\n<p style=\"text-align:justify\">Provenance<\/p>\n<p>A copy bearing the arms of Jeanne Guyon (1676-1736) and Louis Nicolas Fouquet (1653-1707), viscount of Vaux, son of the famous magistrate and businessman Nicolas Fouquet (1615-1680).<\/p>\n<p>Other provenance: La Hamonais (bookplate)&nbsp;<\/p>\n<p>Pleasant copy despite small stains on the binding and a few passages underlined in pencil.<\/p>\n","protected":false},"excerpt":{"rendered":"<p style=\"text-align:justify\">3 volumes, 4to (222 x 158 mm) of 15 unn.l., 663 pp. for the volume I ; 12 unn.l., 564 pp., 1 nn.l. (privil\u00e8ge) for the volume II ; 12 ff.n.ch., 646 pp. for the volume III. Blond calf, spine gilt with raised bands, caisson at head and tail with the twin arms of Louis Nicolas Fouquet and Jeanne Guyon, speckled edges (<i>contemporary binding<\/i>).<\/p>\n","protected":false},"featured_media":77289,"comment_status":"open","ping_status":"closed","template":"","meta":{"_acf_changed":false},"product_brand":[],"product_cat":[550],"product_tag":[1270,1267,1450,1331,1330,1271,610],"class_list":{"0":"post-77302","1":"product","2":"type-product","3":"status-publish","4":"has-post-thumbnail","6":"product_cat-science","7":"product_tag-armoured","8":"product_tag-binding","9":"product_tag-first-edition","10":"product_tag-geometry","11":"product_tag-mathematics","12":"product_tag-medicine","13":"product_tag-optical","14":"pa_auteur-descartes-rene-2","15":"pa_type-de-livre-printed-book","17":"first","18":"instock","19":"shipping-taxable","20":"purchasable","21":"product-type-simple"},"acf":{"artist":" Ren\u00e9 DESCARTES","chapeau":"The Fouquet-Guyon copy","adresse_bibliographique":"Paris, Henry Le Gras, 1657-1667","book_type":"Printed book","provenance":"","afficher_prix":""},"yoast_head":"<!-- This site is optimized with the Yoast SEO plugin v24.7 - https:\/\/yoast.com\/wordpress\/plugins\/seo\/ -->\n<title>DESCARTES Ren\u00e9 Lettres o\u00f9 sont trait\u00e9es les plus belles question de la morale, de la physique, de la m\u00e9decine, &amp; des math\u00e9matiques.- O\u00f9 sont expliqu\u00e9es plusieurs belles difficult\u00e9z touchant ses autres ouvrages.- O\u00f9 il r\u00e9pond \u00e0 plusieurs difficultez qui lui ont est\u00e9 propos\u00e9es sur la Dioptrique, la g\u00e9om\u00e9trie &amp; sur plusieurs autres sujets. - Libairie Clavreuil<\/title>\n<meta name=\"robots\" content=\"index, follow, max-snippet:-1, max-image-preview:large, max-video-preview:-1\" \/>\n<link rel=\"canonical\" href=\"https:\/\/www.librairieclavreuil.com\/produit\/descartes-rene-lettres-ou-sont-traitees-les-plus-belles-question-de-la-morale-de-la-physique-de-la-medecine-des-mathematiques-ou-sont-expliquees-plusieurs-belles-difficultez-touchant-ses-a\/\" \/>\n<meta property=\"og:locale\" content=\"en_US\" \/>\n<meta property=\"og:type\" content=\"article\" \/>\n<meta property=\"og:title\" content=\"DESCARTES Ren\u00e9 Lettres o\u00f9 sont trait\u00e9es les plus belles question de la morale, de la physique, de la m\u00e9decine, &amp; des math\u00e9matiques.- O\u00f9 sont expliqu\u00e9es plusieurs belles difficult\u00e9z touchant ses autres ouvrages.- O\u00f9 il r\u00e9pond \u00e0 plusieurs difficultez qui lui ont est\u00e9 propos\u00e9es sur la Dioptrique, la g\u00e9om\u00e9trie &amp; sur plusieurs autres sujets. - Libairie Clavreuil\" \/>\n<meta property=\"og:description\" content=\"3 volumes, 4to (222 x 158 mm) of 15 unn.l., 663 pp. for the volume I ; 12 unn.l., 564 pp., 1 nn.l. (privil\u00e8ge) for the volume II ; 12 ff.n.ch., 646 pp. for the volume III. Blond calf, spine gilt with raised bands, caisson at head and tail with the twin arms of Louis Nicolas Fouquet and Jeanne Guyon, speckled edges (contemporary binding).\" \/>\n<meta property=\"og:url\" content=\"https:\/\/www.librairieclavreuil.com\/produit\/descartes-rene-lettres-ou-sont-traitees-les-plus-belles-question-de-la-morale-de-la-physique-de-la-medecine-des-mathematiques-ou-sont-expliquees-plusieurs-belles-difficultez-touchant-ses-a\/\" \/>\n<meta property=\"og:site_name\" content=\"Libairie Clavreuil\" \/>\n<meta property=\"article:modified_time\" content=\"2024-07-03T17:40:07+00:00\" \/>\n<meta property=\"og:image\" content=\"https:\/\/www.librairieclavreuil.com\/wp-content\/uploads\/2024\/05\/rene-descartes-lettres-ou-sont-traitees-les-plus-belles-question-de-la-morale-de-la-physique-de-la-medecine-des-mathematiques-ou-sont-expliquees-plusi-scaled.jpg\" \/>\n\t<meta property=\"og:image:width\" content=\"1752\" \/>\n\t<meta property=\"og:image:height\" content=\"2560\" \/>\n\t<meta property=\"og:image:type\" content=\"image\/jpeg\" \/>\n<meta name=\"twitter:card\" content=\"summary_large_image\" \/>\n<meta name=\"twitter:label1\" content=\"Est. reading time\" \/>\n\t<meta name=\"twitter:data1\" content=\"1 minute\" \/>\n<script type=\"application\/ld+json\" class=\"yoast-schema-graph\">{\"@context\":\"https:\/\/schema.org\",\"@graph\":[{\"@type\":\"WebPage\",\"@id\":\"https:\/\/www.librairieclavreuil.com\/produit\/descartes-rene-lettres-ou-sont-traitees-les-plus-belles-question-de-la-morale-de-la-physique-de-la-medecine-des-mathematiques-ou-sont-expliquees-plusieurs-belles-difficultez-touchant-ses-a\/\",\"url\":\"https:\/\/www.librairieclavreuil.com\/produit\/descartes-rene-lettres-ou-sont-traitees-les-plus-belles-question-de-la-morale-de-la-physique-de-la-medecine-des-mathematiques-ou-sont-expliquees-plusieurs-belles-difficultez-touchant-ses-a\/\",\"name\":\"DESCARTES Ren\u00e9 Lettres o\u00f9 sont trait\u00e9es les plus belles question de la morale, de la physique, de la m\u00e9decine, &amp; des math\u00e9matiques.- O\u00f9 sont expliqu\u00e9es plusieurs belles difficult\u00e9z touchant ses autres ouvrages.- O\u00f9 il r\u00e9pond \u00e0 plusieurs difficultez qui lui ont est\u00e9 propos\u00e9es sur la Dioptrique, la g\u00e9om\u00e9trie &amp; sur plusieurs autres sujets. - Libairie Clavreuil\",\"isPartOf\":{\"@id\":\"https:\/\/www.librairieclavreuil.com\/#website\"},\"primaryImageOfPage\":{\"@id\":\"https:\/\/www.librairieclavreuil.com\/produit\/descartes-rene-lettres-ou-sont-traitees-les-plus-belles-question-de-la-morale-de-la-physique-de-la-medecine-des-mathematiques-ou-sont-expliquees-plusieurs-belles-difficultez-touchant-ses-a\/#primaryimage\"},\"image\":{\"@id\":\"https:\/\/www.librairieclavreuil.com\/produit\/descartes-rene-lettres-ou-sont-traitees-les-plus-belles-question-de-la-morale-de-la-physique-de-la-medecine-des-mathematiques-ou-sont-expliquees-plusieurs-belles-difficultez-touchant-ses-a\/#primaryimage\"},\"thumbnailUrl\":\"https:\/\/www.librairieclavreuil.com\/wp-content\/uploads\/2024\/05\/rene-descartes-lettres-ou-sont-traitees-les-plus-belles-question-de-la-morale-de-la-physique-de-la-medecine-des-mathematiques-ou-sont-expliquees-plusi-scaled.jpg\",\"datePublished\":\"2024-05-14T11:14:25+00:00\",\"dateModified\":\"2024-07-03T17:40:07+00:00\",\"breadcrumb\":{\"@id\":\"https:\/\/www.librairieclavreuil.com\/produit\/descartes-rene-lettres-ou-sont-traitees-les-plus-belles-question-de-la-morale-de-la-physique-de-la-medecine-des-mathematiques-ou-sont-expliquees-plusieurs-belles-difficultez-touchant-ses-a\/#breadcrumb\"},\"inLanguage\":\"en-US\",\"potentialAction\":[{\"@type\":\"ReadAction\",\"target\":[\"https:\/\/www.librairieclavreuil.com\/produit\/descartes-rene-lettres-ou-sont-traitees-les-plus-belles-question-de-la-morale-de-la-physique-de-la-medecine-des-mathematiques-ou-sont-expliquees-plusieurs-belles-difficultez-touchant-ses-a\/\"]}]},{\"@type\":\"ImageObject\",\"inLanguage\":\"en-US\",\"@id\":\"https:\/\/www.librairieclavreuil.com\/produit\/descartes-rene-lettres-ou-sont-traitees-les-plus-belles-question-de-la-morale-de-la-physique-de-la-medecine-des-mathematiques-ou-sont-expliquees-plusieurs-belles-difficultez-touchant-ses-a\/#primaryimage\",\"url\":\"https:\/\/www.librairieclavreuil.com\/wp-content\/uploads\/2024\/05\/rene-descartes-lettres-ou-sont-traitees-les-plus-belles-question-de-la-morale-de-la-physique-de-la-medecine-des-mathematiques-ou-sont-expliquees-plusi-scaled.jpg\",\"contentUrl\":\"https:\/\/www.librairieclavreuil.com\/wp-content\/uploads\/2024\/05\/rene-descartes-lettres-ou-sont-traitees-les-plus-belles-question-de-la-morale-de-la-physique-de-la-medecine-des-mathematiques-ou-sont-expliquees-plusi-scaled.jpg\",\"width\":1752,\"height\":2560},{\"@type\":\"BreadcrumbList\",\"@id\":\"https:\/\/www.librairieclavreuil.com\/produit\/descartes-rene-lettres-ou-sont-traitees-les-plus-belles-question-de-la-morale-de-la-physique-de-la-medecine-des-mathematiques-ou-sont-expliquees-plusieurs-belles-difficultez-touchant-ses-a\/#breadcrumb\",\"itemListElement\":[{\"@type\":\"ListItem\",\"position\":1,\"name\":\"Accueil\",\"item\":\"https:\/\/www.librairieclavreuil.com\/\"},{\"@type\":\"ListItem\",\"position\":2,\"name\":\"All our books\",\"item\":\"https:\/\/www.librairieclavreuil.com\/en\/all-our-books\/\"},{\"@type\":\"ListItem\",\"position\":3,\"name\":\"DESCARTES Ren\u00e9 Lettres o\u00f9 sont trait\u00e9es les plus...\"}]},{\"@type\":\"WebSite\",\"@id\":\"https:\/\/www.librairieclavreuil.com\/#website\",\"url\":\"https:\/\/www.librairieclavreuil.com\/\",\"name\":\"Libairie Clavreuil\",\"description\":\"Livres anciens, manuscrits rares et \u00e9ditions originales \u2013 Librairie Clavreuil\",\"publisher\":{\"@id\":\"https:\/\/www.librairieclavreuil.com\/#organization\"},\"potentialAction\":[{\"@type\":\"SearchAction\",\"target\":{\"@type\":\"EntryPoint\",\"urlTemplate\":\"https:\/\/www.librairieclavreuil.com\/?s={search_term_string}\"},\"query-input\":{\"@type\":\"PropertyValueSpecification\",\"valueRequired\":true,\"valueName\":\"search_term_string\"}}],\"inLanguage\":\"en-US\"},{\"@type\":\"Organization\",\"@id\":\"https:\/\/www.librairieclavreuil.com\/#organization\",\"name\":\"Libairie Clavreuil\",\"url\":\"https:\/\/www.librairieclavreuil.com\/\",\"logo\":{\"@type\":\"ImageObject\",\"inLanguage\":\"en-US\",\"@id\":\"https:\/\/www.librairieclavreuil.com\/#\/schema\/logo\/image\/\",\"url\":\"https:\/\/www.librairieclavreuil.com\/wp-content\/uploads\/2021\/06\/cropped-LOGO_PNG_DATE-_gold-512x512-1.png\",\"contentUrl\":\"https:\/\/www.librairieclavreuil.com\/wp-content\/uploads\/2021\/06\/cropped-LOGO_PNG_DATE-_gold-512x512-1.png\",\"width\":512,\"height\":512,\"caption\":\"Libairie Clavreuil\"},\"image\":{\"@id\":\"https:\/\/www.librairieclavreuil.com\/#\/schema\/logo\/image\/\"},\"sameAs\":[\"https:\/\/www.instagram.com\/librairieclavreuil\/\"]}]}<\/script>\n<!-- \/ Yoast SEO plugin. -->","yoast_head_json":{"title":"DESCARTES Ren\u00e9 Lettres o\u00f9 sont trait\u00e9es les plus belles question de la morale, de la physique, de la m\u00e9decine, &amp; des math\u00e9matiques.- O\u00f9 sont expliqu\u00e9es plusieurs belles difficult\u00e9z touchant ses autres ouvrages.- O\u00f9 il r\u00e9pond \u00e0 plusieurs difficultez qui lui ont est\u00e9 propos\u00e9es sur la Dioptrique, la g\u00e9om\u00e9trie &amp; sur plusieurs autres sujets. - Libairie Clavreuil","robots":{"index":"index","follow":"follow","max-snippet":"max-snippet:-1","max-image-preview":"max-image-preview:large","max-video-preview":"max-video-preview:-1"},"canonical":"https:\/\/www.librairieclavreuil.com\/produit\/descartes-rene-lettres-ou-sont-traitees-les-plus-belles-question-de-la-morale-de-la-physique-de-la-medecine-des-mathematiques-ou-sont-expliquees-plusieurs-belles-difficultez-touchant-ses-a\/","og_locale":"en_US","og_type":"article","og_title":"DESCARTES Ren\u00e9 Lettres o\u00f9 sont trait\u00e9es les plus belles question de la morale, de la physique, de la m\u00e9decine, &amp; des math\u00e9matiques.- O\u00f9 sont expliqu\u00e9es plusieurs belles difficult\u00e9z touchant ses autres ouvrages.- O\u00f9 il r\u00e9pond \u00e0 plusieurs difficultez qui lui ont est\u00e9 propos\u00e9es sur la Dioptrique, la g\u00e9om\u00e9trie &amp; sur plusieurs autres sujets. - Libairie Clavreuil","og_description":"3 volumes, 4to (222 x 158 mm) of 15 unn.l., 663 pp. for the volume I ; 12 unn.l., 564 pp., 1 nn.l. (privil\u00e8ge) for the volume II ; 12 ff.n.ch., 646 pp. for the volume III. Blond calf, spine gilt with raised bands, caisson at head and tail with the twin arms of Louis Nicolas Fouquet and Jeanne Guyon, speckled edges (contemporary binding).","og_url":"https:\/\/www.librairieclavreuil.com\/produit\/descartes-rene-lettres-ou-sont-traitees-les-plus-belles-question-de-la-morale-de-la-physique-de-la-medecine-des-mathematiques-ou-sont-expliquees-plusieurs-belles-difficultez-touchant-ses-a\/","og_site_name":"Libairie Clavreuil","article_modified_time":"2024-07-03T17:40:07+00:00","og_image":[{"width":1752,"height":2560,"url":"https:\/\/www.librairieclavreuil.com\/wp-content\/uploads\/2024\/05\/rene-descartes-lettres-ou-sont-traitees-les-plus-belles-question-de-la-morale-de-la-physique-de-la-medecine-des-mathematiques-ou-sont-expliquees-plusi-scaled.jpg","type":"image\/jpeg"}],"twitter_card":"summary_large_image","twitter_misc":{"Est. reading time":"1 minute"},"schema":{"@context":"https:\/\/schema.org","@graph":[{"@type":"WebPage","@id":"https:\/\/www.librairieclavreuil.com\/produit\/descartes-rene-lettres-ou-sont-traitees-les-plus-belles-question-de-la-morale-de-la-physique-de-la-medecine-des-mathematiques-ou-sont-expliquees-plusieurs-belles-difficultez-touchant-ses-a\/","url":"https:\/\/www.librairieclavreuil.com\/produit\/descartes-rene-lettres-ou-sont-traitees-les-plus-belles-question-de-la-morale-de-la-physique-de-la-medecine-des-mathematiques-ou-sont-expliquees-plusieurs-belles-difficultez-touchant-ses-a\/","name":"DESCARTES Ren\u00e9 Lettres o\u00f9 sont trait\u00e9es les plus belles question de la morale, de la physique, de la m\u00e9decine, &amp; des math\u00e9matiques.- O\u00f9 sont expliqu\u00e9es plusieurs belles difficult\u00e9z touchant ses autres ouvrages.- O\u00f9 il r\u00e9pond \u00e0 plusieurs difficultez qui lui ont est\u00e9 propos\u00e9es sur la Dioptrique, la g\u00e9om\u00e9trie &amp; sur plusieurs autres sujets. - Libairie Clavreuil","isPartOf":{"@id":"https:\/\/www.librairieclavreuil.com\/#website"},"primaryImageOfPage":{"@id":"https:\/\/www.librairieclavreuil.com\/produit\/descartes-rene-lettres-ou-sont-traitees-les-plus-belles-question-de-la-morale-de-la-physique-de-la-medecine-des-mathematiques-ou-sont-expliquees-plusieurs-belles-difficultez-touchant-ses-a\/#primaryimage"},"image":{"@id":"https:\/\/www.librairieclavreuil.com\/produit\/descartes-rene-lettres-ou-sont-traitees-les-plus-belles-question-de-la-morale-de-la-physique-de-la-medecine-des-mathematiques-ou-sont-expliquees-plusieurs-belles-difficultez-touchant-ses-a\/#primaryimage"},"thumbnailUrl":"https:\/\/www.librairieclavreuil.com\/wp-content\/uploads\/2024\/05\/rene-descartes-lettres-ou-sont-traitees-les-plus-belles-question-de-la-morale-de-la-physique-de-la-medecine-des-mathematiques-ou-sont-expliquees-plusi-scaled.jpg","datePublished":"2024-05-14T11:14:25+00:00","dateModified":"2024-07-03T17:40:07+00:00","breadcrumb":{"@id":"https:\/\/www.librairieclavreuil.com\/produit\/descartes-rene-lettres-ou-sont-traitees-les-plus-belles-question-de-la-morale-de-la-physique-de-la-medecine-des-mathematiques-ou-sont-expliquees-plusieurs-belles-difficultez-touchant-ses-a\/#breadcrumb"},"inLanguage":"en-US","potentialAction":[{"@type":"ReadAction","target":["https:\/\/www.librairieclavreuil.com\/produit\/descartes-rene-lettres-ou-sont-traitees-les-plus-belles-question-de-la-morale-de-la-physique-de-la-medecine-des-mathematiques-ou-sont-expliquees-plusieurs-belles-difficultez-touchant-ses-a\/"]}]},{"@type":"ImageObject","inLanguage":"en-US","@id":"https:\/\/www.librairieclavreuil.com\/produit\/descartes-rene-lettres-ou-sont-traitees-les-plus-belles-question-de-la-morale-de-la-physique-de-la-medecine-des-mathematiques-ou-sont-expliquees-plusieurs-belles-difficultez-touchant-ses-a\/#primaryimage","url":"https:\/\/www.librairieclavreuil.com\/wp-content\/uploads\/2024\/05\/rene-descartes-lettres-ou-sont-traitees-les-plus-belles-question-de-la-morale-de-la-physique-de-la-medecine-des-mathematiques-ou-sont-expliquees-plusi-scaled.jpg","contentUrl":"https:\/\/www.librairieclavreuil.com\/wp-content\/uploads\/2024\/05\/rene-descartes-lettres-ou-sont-traitees-les-plus-belles-question-de-la-morale-de-la-physique-de-la-medecine-des-mathematiques-ou-sont-expliquees-plusi-scaled.jpg","width":1752,"height":2560},{"@type":"BreadcrumbList","@id":"https:\/\/www.librairieclavreuil.com\/produit\/descartes-rene-lettres-ou-sont-traitees-les-plus-belles-question-de-la-morale-de-la-physique-de-la-medecine-des-mathematiques-ou-sont-expliquees-plusieurs-belles-difficultez-touchant-ses-a\/#breadcrumb","itemListElement":[{"@type":"ListItem","position":1,"name":"Accueil","item":"https:\/\/www.librairieclavreuil.com\/"},{"@type":"ListItem","position":2,"name":"All our books","item":"https:\/\/www.librairieclavreuil.com\/en\/all-our-books\/"},{"@type":"ListItem","position":3,"name":"DESCARTES Ren\u00e9 Lettres o\u00f9 sont trait\u00e9es les plus..."}]},{"@type":"WebSite","@id":"https:\/\/www.librairieclavreuil.com\/#website","url":"https:\/\/www.librairieclavreuil.com\/","name":"Libairie Clavreuil","description":"Livres anciens, manuscrits rares et \u00e9ditions originales \u2013 Librairie Clavreuil","publisher":{"@id":"https:\/\/www.librairieclavreuil.com\/#organization"},"potentialAction":[{"@type":"SearchAction","target":{"@type":"EntryPoint","urlTemplate":"https:\/\/www.librairieclavreuil.com\/?s={search_term_string}"},"query-input":{"@type":"PropertyValueSpecification","valueRequired":true,"valueName":"search_term_string"}}],"inLanguage":"en-US"},{"@type":"Organization","@id":"https:\/\/www.librairieclavreuil.com\/#organization","name":"Libairie Clavreuil","url":"https:\/\/www.librairieclavreuil.com\/","logo":{"@type":"ImageObject","inLanguage":"en-US","@id":"https:\/\/www.librairieclavreuil.com\/#\/schema\/logo\/image\/","url":"https:\/\/www.librairieclavreuil.com\/wp-content\/uploads\/2021\/06\/cropped-LOGO_PNG_DATE-_gold-512x512-1.png","contentUrl":"https:\/\/www.librairieclavreuil.com\/wp-content\/uploads\/2021\/06\/cropped-LOGO_PNG_DATE-_gold-512x512-1.png","width":512,"height":512,"caption":"Libairie Clavreuil"},"image":{"@id":"https:\/\/www.librairieclavreuil.com\/#\/schema\/logo\/image\/"},"sameAs":["https:\/\/www.instagram.com\/librairieclavreuil\/"]}]}},"jetpack_sharing_enabled":true,"_links":{"self":[{"href":"https:\/\/www.librairieclavreuil.com\/en\/wp-json\/wp\/v2\/product\/77302","targetHints":{"allow":["GET"]}}],"collection":[{"href":"https:\/\/www.librairieclavreuil.com\/en\/wp-json\/wp\/v2\/product"}],"about":[{"href":"https:\/\/www.librairieclavreuil.com\/en\/wp-json\/wp\/v2\/types\/product"}],"replies":[{"embeddable":true,"href":"https:\/\/www.librairieclavreuil.com\/en\/wp-json\/wp\/v2\/comments?post=77302"}],"wp:featuredmedia":[{"embeddable":true,"href":"https:\/\/www.librairieclavreuil.com\/en\/wp-json\/wp\/v2\/media\/77289"}],"wp:attachment":[{"href":"https:\/\/www.librairieclavreuil.com\/en\/wp-json\/wp\/v2\/media?parent=77302"}],"wp:term":[{"taxonomy":"product_brand","embeddable":true,"href":"https:\/\/www.librairieclavreuil.com\/en\/wp-json\/wp\/v2\/product_brand?post=77302"},{"taxonomy":"product_cat","embeddable":true,"href":"https:\/\/www.librairieclavreuil.com\/en\/wp-json\/wp\/v2\/product_cat?post=77302"},{"taxonomy":"product_tag","embeddable":true,"href":"https:\/\/www.librairieclavreuil.com\/en\/wp-json\/wp\/v2\/product_tag?post=77302"}],"curies":[{"name":"wp","href":"https:\/\/api.w.org\/{rel}","templated":true}]}}