{"id":77287,"date":"2024-05-14T12:01:16","date_gmt":"2024-05-14T10:01:16","guid":{"rendered":"https:\/\/www.librairieclavreuil.com\/bodin-jean-les-six-livres-de-la-republique-reveue-corrige-augmentee-de-nouveau-quatrieme-edition\/"},"modified":"2024-05-23T19:12:32","modified_gmt":"2024-05-23T17:12:32","slug":"bodin-jean-les-six-livres-de-la-republique-reveue-corrige-augmentee-de-nouveau-quatrieme-edition","status":"publish","type":"product","link":"https:\/\/www.librairieclavreuil.com\/en\/bodin-jean-les-six-livres-de-la-republique-reveue-corrige-augmentee-de-nouveau-quatrieme-edition\/","title":{"rendered":"BODIN Jean Les six livres de la r\u00e9publique&#8230;..."},"content":{"rendered":"<p style=\"text-align:justify\"><em>See En fran&ccedil;ais dans le texte, n&deg; 68 and PMM, 94 (for the first edition 1576); not in Adams nor at the British Library.<\/em><\/p>\n<p style=\"text-align:justify\">Second octavo edition, after the one in 1577.<\/p>\n<p style=\"text-align:justify\">The British Libreary catalogue and Adams list another editin by Jacques du Puys, published in 1580 with 1060 pages.<\/p>\n<p style=\"text-align:justify\">&quot;[Bodin] a domin&eacute; son si&egrave;cle par la force de sa pens&eacute;e politique, l&#039;ampleur de son rpjet, la fermet&eacute; de sa construction. En France, il faut attendre Montesquieu pour lui trouver un &eacute;gal. Ses contemporains ne s&#039;y &eacute;taient aps tromp&eacute;s, qui assur&egrave;rent le succ&egrave;s &eacute;clatant de La R&eacute;publique, d&egrave;s sa parution, dans toute l&#039;Europe&quot; (Luce Giard, in : En fran&ccedil;ais dans le texte).<\/p>\n<p style=\"text-align:justify\">&quot;The &#039;Six Books of the Republic&#039; went through many editions in the author&#039;s lifetime and after, and had an immense influence all over Europe. It is, in effect, the first modern attempt to create a complete system of political science&quot; (PMM).<\/p>\n<p style=\"text-align:justify\">Some occasional toning.<\/p>\n<p style=\"text-align:justify\">Provenance: C. Baltazar (signature on the title and some underlining).<\/p>\n","protected":false},"excerpt":{"rendered":"<p style=\"text-align:justify\">8vo (178 x 104 mm) 12 nn.ll., 1058 pp., 18 nn.ll. (table). Contemporary brown calf, gilt filet on covers with cental gilt medallion, spine with raised bands (some wear, head of spine damaged).<\/p>\n","protected":false},"featured_media":77282,"comment_status":"open","ping_status":"closed","template":"","meta":{"_acf_changed":false},"product_brand":[],"product_cat":[536],"product_tag":[1243,1233],"class_list":{"0":"post-77287","1":"product","2":"type-product","3":"status-publish","4":"has-post-thumbnail","6":"product_cat-right-economy","7":"product_tag-16th-century-literature","8":"product_tag-pmm-2","9":"pa_auteur-bodin-jean-2","10":"pa_type-de-livre-printed-book","12":"first","13":"instock","14":"shipping-taxable","15":"purchasable","16":"product-type-simple"},"acf":{"artist":" Jean BODIN","chapeau":"","adresse_bibliographique":"Paris, Jacques du Puys, 1579","book_type":"Printed book","provenance":"","afficher_prix":""},"yoast_head":"<!-- This site is optimized with the Yoast SEO plugin v24.7 - https:\/\/yoast.com\/wordpress\/plugins\/seo\/ -->\n<title>BODIN Jean Les six livres de la r\u00e9publique... Reveu\u00eb, corrig\u00e9 &amp; augment\u00e9e de nouveau. Quatri\u00e8me \u00e9dition. - Libairie Clavreuil<\/title>\n<meta name=\"robots\" content=\"index, follow, max-snippet:-1, max-image-preview:large, max-video-preview:-1\" \/>\n<link rel=\"canonical\" href=\"https:\/\/www.librairieclavreuil.com\/en\/bodin-jean-les-six-livres-de-la-republique-reveue-corrige-augmentee-de-nouveau-quatrieme-edition\/\" \/>\n<meta property=\"og:locale\" content=\"en_US\" \/>\n<meta property=\"og:type\" content=\"article\" \/>\n<meta property=\"og:title\" content=\"BODIN Jean Les six livres de la r\u00e9publique... Reveu\u00eb, corrig\u00e9 &amp; augment\u00e9e de nouveau. Quatri\u00e8me \u00e9dition. - Libairie Clavreuil\" \/>\n<meta property=\"og:description\" content=\"8vo (178 x 104 mm) 12 nn.ll., 1058 pp., 18 nn.ll. (table). Contemporary brown calf, gilt filet on covers with cental gilt medallion, spine with raised bands (some wear, head of spine damaged).\" \/>\n<meta property=\"og:url\" content=\"https:\/\/www.librairieclavreuil.com\/en\/bodin-jean-les-six-livres-de-la-republique-reveue-corrige-augmentee-de-nouveau-quatrieme-edition\/\" \/>\n<meta property=\"og:site_name\" content=\"Libairie Clavreuil\" \/>\n<meta property=\"article:modified_time\" content=\"2024-05-23T17:12:32+00:00\" \/>\n<meta property=\"og:image\" content=\"https:\/\/www.librairieclavreuil.com\/wp-content\/uploads\/2024\/05\/jean-bodin-les-six-livres-de-la-republique-reveue-corrige-augmentee-de-nouveau-quatrieme-edition-1269-659c2e907c3a2-scaled.jpg\" \/>\n\t<meta property=\"og:image:width\" content=\"1920\" \/>\n\t<meta property=\"og:image:height\" content=\"2560\" \/>\n\t<meta property=\"og:image:type\" content=\"image\/jpeg\" \/>\n<meta name=\"twitter:card\" content=\"summary_large_image\" \/>\n<meta name=\"twitter:label1\" content=\"Est. reading time\" \/>\n\t<meta name=\"twitter:data1\" content=\"1 minute\" \/>\n<script type=\"application\/ld+json\" class=\"yoast-schema-graph\">{\"@context\":\"https:\/\/schema.org\",\"@graph\":[{\"@type\":\"WebPage\",\"@id\":\"https:\/\/www.librairieclavreuil.com\/en\/bodin-jean-les-six-livres-de-la-republique-reveue-corrige-augmentee-de-nouveau-quatrieme-edition\/\",\"url\":\"https:\/\/www.librairieclavreuil.com\/en\/bodin-jean-les-six-livres-de-la-republique-reveue-corrige-augmentee-de-nouveau-quatrieme-edition\/\",\"name\":\"BODIN Jean Les six livres de la r\u00e9publique... Reveu\u00eb, corrig\u00e9 &amp; augment\u00e9e de nouveau. Quatri\u00e8me \u00e9dition. - Libairie Clavreuil\",\"isPartOf\":{\"@id\":\"https:\/\/www.librairieclavreuil.com\/#website\"},\"primaryImageOfPage\":{\"@id\":\"https:\/\/www.librairieclavreuil.com\/en\/bodin-jean-les-six-livres-de-la-republique-reveue-corrige-augmentee-de-nouveau-quatrieme-edition\/#primaryimage\"},\"image\":{\"@id\":\"https:\/\/www.librairieclavreuil.com\/en\/bodin-jean-les-six-livres-de-la-republique-reveue-corrige-augmentee-de-nouveau-quatrieme-edition\/#primaryimage\"},\"thumbnailUrl\":\"https:\/\/www.librairieclavreuil.com\/wp-content\/uploads\/2024\/05\/jean-bodin-les-six-livres-de-la-republique-reveue-corrige-augmentee-de-nouveau-quatrieme-edition-1269-659c2e907c3a2-scaled.jpg\",\"datePublished\":\"2024-05-14T10:01:16+00:00\",\"dateModified\":\"2024-05-23T17:12:32+00:00\",\"breadcrumb\":{\"@id\":\"https:\/\/www.librairieclavreuil.com\/en\/bodin-jean-les-six-livres-de-la-republique-reveue-corrige-augmentee-de-nouveau-quatrieme-edition\/#breadcrumb\"},\"inLanguage\":\"en-US\",\"potentialAction\":[{\"@type\":\"ReadAction\",\"target\":[\"https:\/\/www.librairieclavreuil.com\/en\/bodin-jean-les-six-livres-de-la-republique-reveue-corrige-augmentee-de-nouveau-quatrieme-edition\/\"]}]},{\"@type\":\"ImageObject\",\"inLanguage\":\"en-US\",\"@id\":\"https:\/\/www.librairieclavreuil.com\/en\/bodin-jean-les-six-livres-de-la-republique-reveue-corrige-augmentee-de-nouveau-quatrieme-edition\/#primaryimage\",\"url\":\"https:\/\/www.librairieclavreuil.com\/wp-content\/uploads\/2024\/05\/jean-bodin-les-six-livres-de-la-republique-reveue-corrige-augmentee-de-nouveau-quatrieme-edition-1269-659c2e907c3a2-scaled.jpg\",\"contentUrl\":\"https:\/\/www.librairieclavreuil.com\/wp-content\/uploads\/2024\/05\/jean-bodin-les-six-livres-de-la-republique-reveue-corrige-augmentee-de-nouveau-quatrieme-edition-1269-659c2e907c3a2-scaled.jpg\",\"width\":1920,\"height\":2560},{\"@type\":\"BreadcrumbList\",\"@id\":\"https:\/\/www.librairieclavreuil.com\/en\/bodin-jean-les-six-livres-de-la-republique-reveue-corrige-augmentee-de-nouveau-quatrieme-edition\/#breadcrumb\",\"itemListElement\":[{\"@type\":\"ListItem\",\"position\":1,\"name\":\"Accueil\",\"item\":\"https:\/\/www.librairieclavreuil.com\/\"},{\"@type\":\"ListItem\",\"position\":2,\"name\":\"All our books\",\"item\":\"https:\/\/www.librairieclavreuil.com\/en\/all-our-books\/\"},{\"@type\":\"ListItem\",\"position\":3,\"name\":\"BODIN Jean Les six livres de la r\u00e9publique&#8230; Reveu\u00eb, corrig\u00e9 &amp; augment\u00e9e de nouveau. Quatri\u00e8me \u00e9dition.\"}]},{\"@type\":\"WebSite\",\"@id\":\"https:\/\/www.librairieclavreuil.com\/#website\",\"url\":\"https:\/\/www.librairieclavreuil.com\/\",\"name\":\"Libairie Clavreuil\",\"description\":\"Livres anciens, manuscrits rares et \u00e9ditions originales \u2013 Librairie Clavreuil\",\"publisher\":{\"@id\":\"https:\/\/www.librairieclavreuil.com\/#organization\"},\"potentialAction\":[{\"@type\":\"SearchAction\",\"target\":{\"@type\":\"EntryPoint\",\"urlTemplate\":\"https:\/\/www.librairieclavreuil.com\/?s={search_term_string}\"},\"query-input\":{\"@type\":\"PropertyValueSpecification\",\"valueRequired\":true,\"valueName\":\"search_term_string\"}}],\"inLanguage\":\"en-US\"},{\"@type\":\"Organization\",\"@id\":\"https:\/\/www.librairieclavreuil.com\/#organization\",\"name\":\"Libairie Clavreuil\",\"url\":\"https:\/\/www.librairieclavreuil.com\/\",\"logo\":{\"@type\":\"ImageObject\",\"inLanguage\":\"en-US\",\"@id\":\"https:\/\/www.librairieclavreuil.com\/#\/schema\/logo\/image\/\",\"url\":\"https:\/\/www.librairieclavreuil.com\/wp-content\/uploads\/2021\/06\/cropped-LOGO_PNG_DATE-_gold-512x512-1.png\",\"contentUrl\":\"https:\/\/www.librairieclavreuil.com\/wp-content\/uploads\/2021\/06\/cropped-LOGO_PNG_DATE-_gold-512x512-1.png\",\"width\":512,\"height\":512,\"caption\":\"Libairie Clavreuil\"},\"image\":{\"@id\":\"https:\/\/www.librairieclavreuil.com\/#\/schema\/logo\/image\/\"},\"sameAs\":[\"https:\/\/www.instagram.com\/librairieclavreuil\/\"]}]}<\/script>\n<!-- \/ Yoast SEO plugin. -->","yoast_head_json":{"title":"BODIN Jean Les six livres de la r\u00e9publique... Reveu\u00eb, corrig\u00e9 &amp; augment\u00e9e de nouveau. Quatri\u00e8me \u00e9dition. - Libairie Clavreuil","robots":{"index":"index","follow":"follow","max-snippet":"max-snippet:-1","max-image-preview":"max-image-preview:large","max-video-preview":"max-video-preview:-1"},"canonical":"https:\/\/www.librairieclavreuil.com\/en\/bodin-jean-les-six-livres-de-la-republique-reveue-corrige-augmentee-de-nouveau-quatrieme-edition\/","og_locale":"en_US","og_type":"article","og_title":"BODIN Jean Les six livres de la r\u00e9publique... Reveu\u00eb, corrig\u00e9 &amp; augment\u00e9e de nouveau. Quatri\u00e8me \u00e9dition. - Libairie Clavreuil","og_description":"8vo (178 x 104 mm) 12 nn.ll., 1058 pp., 18 nn.ll. (table). Contemporary brown calf, gilt filet on covers with cental gilt medallion, spine with raised bands (some wear, head of spine damaged).","og_url":"https:\/\/www.librairieclavreuil.com\/en\/bodin-jean-les-six-livres-de-la-republique-reveue-corrige-augmentee-de-nouveau-quatrieme-edition\/","og_site_name":"Libairie Clavreuil","article_modified_time":"2024-05-23T17:12:32+00:00","og_image":[{"width":1920,"height":2560,"url":"https:\/\/www.librairieclavreuil.com\/wp-content\/uploads\/2024\/05\/jean-bodin-les-six-livres-de-la-republique-reveue-corrige-augmentee-de-nouveau-quatrieme-edition-1269-659c2e907c3a2-scaled.jpg","type":"image\/jpeg"}],"twitter_card":"summary_large_image","twitter_misc":{"Est. reading time":"1 minute"},"schema":{"@context":"https:\/\/schema.org","@graph":[{"@type":"WebPage","@id":"https:\/\/www.librairieclavreuil.com\/en\/bodin-jean-les-six-livres-de-la-republique-reveue-corrige-augmentee-de-nouveau-quatrieme-edition\/","url":"https:\/\/www.librairieclavreuil.com\/en\/bodin-jean-les-six-livres-de-la-republique-reveue-corrige-augmentee-de-nouveau-quatrieme-edition\/","name":"BODIN Jean Les six livres de la r\u00e9publique... Reveu\u00eb, corrig\u00e9 &amp; augment\u00e9e de nouveau. Quatri\u00e8me \u00e9dition. - Libairie Clavreuil","isPartOf":{"@id":"https:\/\/www.librairieclavreuil.com\/#website"},"primaryImageOfPage":{"@id":"https:\/\/www.librairieclavreuil.com\/en\/bodin-jean-les-six-livres-de-la-republique-reveue-corrige-augmentee-de-nouveau-quatrieme-edition\/#primaryimage"},"image":{"@id":"https:\/\/www.librairieclavreuil.com\/en\/bodin-jean-les-six-livres-de-la-republique-reveue-corrige-augmentee-de-nouveau-quatrieme-edition\/#primaryimage"},"thumbnailUrl":"https:\/\/www.librairieclavreuil.com\/wp-content\/uploads\/2024\/05\/jean-bodin-les-six-livres-de-la-republique-reveue-corrige-augmentee-de-nouveau-quatrieme-edition-1269-659c2e907c3a2-scaled.jpg","datePublished":"2024-05-14T10:01:16+00:00","dateModified":"2024-05-23T17:12:32+00:00","breadcrumb":{"@id":"https:\/\/www.librairieclavreuil.com\/en\/bodin-jean-les-six-livres-de-la-republique-reveue-corrige-augmentee-de-nouveau-quatrieme-edition\/#breadcrumb"},"inLanguage":"en-US","potentialAction":[{"@type":"ReadAction","target":["https:\/\/www.librairieclavreuil.com\/en\/bodin-jean-les-six-livres-de-la-republique-reveue-corrige-augmentee-de-nouveau-quatrieme-edition\/"]}]},{"@type":"ImageObject","inLanguage":"en-US","@id":"https:\/\/www.librairieclavreuil.com\/en\/bodin-jean-les-six-livres-de-la-republique-reveue-corrige-augmentee-de-nouveau-quatrieme-edition\/#primaryimage","url":"https:\/\/www.librairieclavreuil.com\/wp-content\/uploads\/2024\/05\/jean-bodin-les-six-livres-de-la-republique-reveue-corrige-augmentee-de-nouveau-quatrieme-edition-1269-659c2e907c3a2-scaled.jpg","contentUrl":"https:\/\/www.librairieclavreuil.com\/wp-content\/uploads\/2024\/05\/jean-bodin-les-six-livres-de-la-republique-reveue-corrige-augmentee-de-nouveau-quatrieme-edition-1269-659c2e907c3a2-scaled.jpg","width":1920,"height":2560},{"@type":"BreadcrumbList","@id":"https:\/\/www.librairieclavreuil.com\/en\/bodin-jean-les-six-livres-de-la-republique-reveue-corrige-augmentee-de-nouveau-quatrieme-edition\/#breadcrumb","itemListElement":[{"@type":"ListItem","position":1,"name":"Accueil","item":"https:\/\/www.librairieclavreuil.com\/"},{"@type":"ListItem","position":2,"name":"All our books","item":"https:\/\/www.librairieclavreuil.com\/en\/all-our-books\/"},{"@type":"ListItem","position":3,"name":"BODIN Jean Les six livres de la r\u00e9publique&#8230; Reveu\u00eb, corrig\u00e9 &amp; augment\u00e9e de nouveau. Quatri\u00e8me \u00e9dition."}]},{"@type":"WebSite","@id":"https:\/\/www.librairieclavreuil.com\/#website","url":"https:\/\/www.librairieclavreuil.com\/","name":"Libairie Clavreuil","description":"Livres anciens, manuscrits rares et \u00e9ditions originales \u2013 Librairie Clavreuil","publisher":{"@id":"https:\/\/www.librairieclavreuil.com\/#organization"},"potentialAction":[{"@type":"SearchAction","target":{"@type":"EntryPoint","urlTemplate":"https:\/\/www.librairieclavreuil.com\/?s={search_term_string}"},"query-input":{"@type":"PropertyValueSpecification","valueRequired":true,"valueName":"search_term_string"}}],"inLanguage":"en-US"},{"@type":"Organization","@id":"https:\/\/www.librairieclavreuil.com\/#organization","name":"Libairie Clavreuil","url":"https:\/\/www.librairieclavreuil.com\/","logo":{"@type":"ImageObject","inLanguage":"en-US","@id":"https:\/\/www.librairieclavreuil.com\/#\/schema\/logo\/image\/","url":"https:\/\/www.librairieclavreuil.com\/wp-content\/uploads\/2021\/06\/cropped-LOGO_PNG_DATE-_gold-512x512-1.png","contentUrl":"https:\/\/www.librairieclavreuil.com\/wp-content\/uploads\/2021\/06\/cropped-LOGO_PNG_DATE-_gold-512x512-1.png","width":512,"height":512,"caption":"Libairie Clavreuil"},"image":{"@id":"https:\/\/www.librairieclavreuil.com\/#\/schema\/logo\/image\/"},"sameAs":["https:\/\/www.instagram.com\/librairieclavreuil\/"]}]}},"jetpack_sharing_enabled":true,"_links":{"self":[{"href":"https:\/\/www.librairieclavreuil.com\/en\/wp-json\/wp\/v2\/product\/77287","targetHints":{"allow":["GET"]}}],"collection":[{"href":"https:\/\/www.librairieclavreuil.com\/en\/wp-json\/wp\/v2\/product"}],"about":[{"href":"https:\/\/www.librairieclavreuil.com\/en\/wp-json\/wp\/v2\/types\/product"}],"replies":[{"embeddable":true,"href":"https:\/\/www.librairieclavreuil.com\/en\/wp-json\/wp\/v2\/comments?post=77287"}],"wp:featuredmedia":[{"embeddable":true,"href":"https:\/\/www.librairieclavreuil.com\/en\/wp-json\/wp\/v2\/media\/77282"}],"wp:attachment":[{"href":"https:\/\/www.librairieclavreuil.com\/en\/wp-json\/wp\/v2\/media?parent=77287"}],"wp:term":[{"taxonomy":"product_brand","embeddable":true,"href":"https:\/\/www.librairieclavreuil.com\/en\/wp-json\/wp\/v2\/product_brand?post=77287"},{"taxonomy":"product_cat","embeddable":true,"href":"https:\/\/www.librairieclavreuil.com\/en\/wp-json\/wp\/v2\/product_cat?post=77287"},{"taxonomy":"product_tag","embeddable":true,"href":"https:\/\/www.librairieclavreuil.com\/en\/wp-json\/wp\/v2\/product_tag?post=77287"}],"curies":[{"name":"wp","href":"https:\/\/api.w.org\/{rel}","templated":true}]}}