{"id":77268,"date":"2024-05-04T17:49:58","date_gmt":"2024-05-04T15:49:58","guid":{"rendered":"https:\/\/www.librairieclavreuil.com\/bossuet-jacques-benigne-traite-de-lamour-de-dieu-necessaire-dans-le-sacrement-de-la-penitence-suivant-la-doctrine-du-concile-de-trente\/"},"modified":"2025-02-12T15:15:12","modified_gmt":"2025-02-12T14:15:12","slug":"bossuet-jacques-benigne-traite-de-lamour-de-dieu-necessaire-dans-le-sacrement-de-la-penitence-suivant-la-doctrine-du-concile-de-trente","status":"publish","type":"product","link":"https:\/\/www.librairieclavreuil.com\/en\/bossuet-jacques-benigne-traite-de-lamour-de-dieu-necessaire-dans-le-sacrement-de-la-penitence-suivant-la-doctrine-du-concile-de-trente\/","title":{"rendered":"BOSSUET Jacques B\u00e9nigne Trait\u00e9 de l&#8217;amour de Dieu,..."},"content":{"rendered":"<p style=\"text-align:justify\"><em>Tchemerzine-Scheler, I, 906 ; Verlaque, p. 87; Cardinal de Bausset, Histoire de Bossuet, 1819, IV, p. 26.<\/em><\/p>\n<p style=\"text-align:justify\">First edition, published posthumously.<\/p>\n<p style=\"text-align:justify\">It was Jacques-B&eacute;nigne, bishop of Troyes, homonymous nephew of Bossuet who, having inherited all the archives of the bishop of Meaux, edited the manuscript of the <em>Treatise on the Love of God<\/em> 32 years after the death of his uncle . Preceded by a long introduction recommending the work to the clergy and faithful of the diocese of Troyes, the original Latin text is followed by the French translation established by the bishop. The elegance of the style and the rigor of the argument place this important doctrinal work by Bossuet among the great successes of theological thought of the classical age.<\/p>\n<p style=\"text-align:justify\">Superb copy, bound in red morocco with the arms of Marie-Josephe de Saxe, Dauphine (1731-1767), mother of Louis XVI, Louis XVIII and Charles X. Marie-Jos&egrave;phe de Saxe was the second wife of the Dauphin of France.<\/p>\n","protected":false},"excerpt":{"rendered":"<p style=\"text-align:justify\">2 parts in 1 volume, 12mo (165 x 95 mm) CLXVIIIpp., 1 nn.l., 121 pp. (misnumbered 211) for part I; 1 nn.l., 225 pp., 9 nn.ll. (including last blank) for part II. Contemporary red morocco, triple gilt filet on covers, central coat of arms of Marie-Jos&egrave;phe de Saxe, spine gilt with raised bands, decoartive endpapers in &#039;papier dominot&eacute;&#039; decorated with stars, gilt edges.<\/p>\n","protected":false},"featured_media":77261,"comment_status":"open","ping_status":"closed","template":"","meta":{"_acf_changed":false},"product_brand":[],"product_cat":[530],"product_tag":[1244,1270,1450],"class_list":{"0":"post-77268","1":"product","2":"type-product","3":"status-publish","4":"has-post-thumbnail","6":"product_cat-binding","7":"product_tag-17th-century-literature","8":"product_tag-armoured","9":"product_tag-first-edition","10":"pa_auteur-bossuet-jacques-benigne-2","11":"pa_type-de-livre-printed-book","13":"first","14":"instock","15":"shipping-taxable","16":"purchasable","17":"product-type-simple"},"acf":{"artist":" Jacques B\u00e9nigne BOSSUET","chapeau":"Armorial binding for Marie-Jos\u00e8phe de Saxe","adresse_bibliographique":"Paris, Barth\u00e9l\u00e9my Alix, 1736","book_type":"Printed book","provenance":"","afficher_prix":""},"yoast_head":"<!-- This site is optimized with the Yoast SEO plugin v24.7 - https:\/\/yoast.com\/wordpress\/plugins\/seo\/ -->\n<title>BOSSUET Jacques B\u00e9nigne Trait\u00e9 de l&#039;amour de Dieu, n\u00e9cessaire dans le sacrement de la p\u00e9nitence, suivant la doctrine du Concile de Trente. - Libairie Clavreuil<\/title>\n<meta name=\"robots\" content=\"index, follow, max-snippet:-1, max-image-preview:large, max-video-preview:-1\" \/>\n<link rel=\"canonical\" href=\"https:\/\/www.librairieclavreuil.com\/produit\/bossuet-jacques-benigne-traite-de-lamour-de-dieu-necessaire-dans-le-sacrement-de-la-penitence-suivant-la-doctrine-du-concile-de-trente\/\" \/>\n<meta property=\"og:locale\" content=\"en_US\" \/>\n<meta property=\"og:type\" content=\"article\" \/>\n<meta property=\"og:title\" content=\"BOSSUET Jacques B\u00e9nigne Trait\u00e9 de l&#039;amour de Dieu, n\u00e9cessaire dans le sacrement de la p\u00e9nitence, suivant la doctrine du Concile de Trente. - Libairie Clavreuil\" \/>\n<meta property=\"og:description\" content=\"2 parts in 1 volume, 12mo (165 x 95 mm) CLXVIIIpp., 1 nn.l., 121 pp. (misnumbered 211) for part I; 1 nn.l., 225 pp., 9 nn.ll. (including last blank) for part II. Contemporary red morocco, triple gilt filet on covers, central coat of arms of Marie-Jos&egrave;phe de Saxe, spine gilt with raised bands, decoartive endpapers in &#039;papier dominot&eacute;&#039; decorated with stars, gilt edges.\" \/>\n<meta property=\"og:url\" content=\"https:\/\/www.librairieclavreuil.com\/produit\/bossuet-jacques-benigne-traite-de-lamour-de-dieu-necessaire-dans-le-sacrement-de-la-penitence-suivant-la-doctrine-du-concile-de-trente\/\" \/>\n<meta property=\"og:site_name\" content=\"Libairie Clavreuil\" \/>\n<meta property=\"article:modified_time\" content=\"2025-02-12T14:15:12+00:00\" \/>\n<meta property=\"og:image\" content=\"https:\/\/www.librairieclavreuil.com\/wp-content\/uploads\/2024\/05\/jacques-benigne-bossuet-traite-de-l-amour-de-dieu-necessaire-dans-le-sacrement-de-la-penitence-suivant-la-doctrine-du-concile-de-trente-4435-6607061e8.jpg\" \/>\n\t<meta property=\"og:image:width\" content=\"1436\" \/>\n\t<meta property=\"og:image:height\" content=\"1845\" \/>\n\t<meta property=\"og:image:type\" content=\"image\/jpeg\" \/>\n<meta name=\"twitter:card\" content=\"summary_large_image\" \/>\n<meta name=\"twitter:label1\" content=\"Est. reading time\" \/>\n\t<meta name=\"twitter:data1\" content=\"1 minute\" \/>\n<script type=\"application\/ld+json\" class=\"yoast-schema-graph\">{\"@context\":\"https:\/\/schema.org\",\"@graph\":[{\"@type\":\"WebPage\",\"@id\":\"https:\/\/www.librairieclavreuil.com\/produit\/bossuet-jacques-benigne-traite-de-lamour-de-dieu-necessaire-dans-le-sacrement-de-la-penitence-suivant-la-doctrine-du-concile-de-trente\/\",\"url\":\"https:\/\/www.librairieclavreuil.com\/produit\/bossuet-jacques-benigne-traite-de-lamour-de-dieu-necessaire-dans-le-sacrement-de-la-penitence-suivant-la-doctrine-du-concile-de-trente\/\",\"name\":\"BOSSUET Jacques B\u00e9nigne Trait\u00e9 de l'amour de Dieu, n\u00e9cessaire dans le sacrement de la p\u00e9nitence, suivant la doctrine du Concile de Trente. - Libairie Clavreuil\",\"isPartOf\":{\"@id\":\"https:\/\/www.librairieclavreuil.com\/#website\"},\"primaryImageOfPage\":{\"@id\":\"https:\/\/www.librairieclavreuil.com\/produit\/bossuet-jacques-benigne-traite-de-lamour-de-dieu-necessaire-dans-le-sacrement-de-la-penitence-suivant-la-doctrine-du-concile-de-trente\/#primaryimage\"},\"image\":{\"@id\":\"https:\/\/www.librairieclavreuil.com\/produit\/bossuet-jacques-benigne-traite-de-lamour-de-dieu-necessaire-dans-le-sacrement-de-la-penitence-suivant-la-doctrine-du-concile-de-trente\/#primaryimage\"},\"thumbnailUrl\":\"https:\/\/www.librairieclavreuil.com\/wp-content\/uploads\/2024\/05\/jacques-benigne-bossuet-traite-de-l-amour-de-dieu-necessaire-dans-le-sacrement-de-la-penitence-suivant-la-doctrine-du-concile-de-trente-4435-6607061e8.jpg\",\"datePublished\":\"2024-05-04T15:49:58+00:00\",\"dateModified\":\"2025-02-12T14:15:12+00:00\",\"breadcrumb\":{\"@id\":\"https:\/\/www.librairieclavreuil.com\/produit\/bossuet-jacques-benigne-traite-de-lamour-de-dieu-necessaire-dans-le-sacrement-de-la-penitence-suivant-la-doctrine-du-concile-de-trente\/#breadcrumb\"},\"inLanguage\":\"en-US\",\"potentialAction\":[{\"@type\":\"ReadAction\",\"target\":[\"https:\/\/www.librairieclavreuil.com\/produit\/bossuet-jacques-benigne-traite-de-lamour-de-dieu-necessaire-dans-le-sacrement-de-la-penitence-suivant-la-doctrine-du-concile-de-trente\/\"]}]},{\"@type\":\"ImageObject\",\"inLanguage\":\"en-US\",\"@id\":\"https:\/\/www.librairieclavreuil.com\/produit\/bossuet-jacques-benigne-traite-de-lamour-de-dieu-necessaire-dans-le-sacrement-de-la-penitence-suivant-la-doctrine-du-concile-de-trente\/#primaryimage\",\"url\":\"https:\/\/www.librairieclavreuil.com\/wp-content\/uploads\/2024\/05\/jacques-benigne-bossuet-traite-de-l-amour-de-dieu-necessaire-dans-le-sacrement-de-la-penitence-suivant-la-doctrine-du-concile-de-trente-4435-6607061e8.jpg\",\"contentUrl\":\"https:\/\/www.librairieclavreuil.com\/wp-content\/uploads\/2024\/05\/jacques-benigne-bossuet-traite-de-l-amour-de-dieu-necessaire-dans-le-sacrement-de-la-penitence-suivant-la-doctrine-du-concile-de-trente-4435-6607061e8.jpg\",\"width\":1436,\"height\":1845},{\"@type\":\"BreadcrumbList\",\"@id\":\"https:\/\/www.librairieclavreuil.com\/produit\/bossuet-jacques-benigne-traite-de-lamour-de-dieu-necessaire-dans-le-sacrement-de-la-penitence-suivant-la-doctrine-du-concile-de-trente\/#breadcrumb\",\"itemListElement\":[{\"@type\":\"ListItem\",\"position\":1,\"name\":\"Accueil\",\"item\":\"https:\/\/www.librairieclavreuil.com\/\"},{\"@type\":\"ListItem\",\"position\":2,\"name\":\"All our books\",\"item\":\"https:\/\/www.librairieclavreuil.com\/en\/all-our-books\/\"},{\"@type\":\"ListItem\",\"position\":3,\"name\":\"BOSSUET Jacques B\u00e9nigne Trait\u00e9 de l&rsquo;amour de Dieu,...\"}]},{\"@type\":\"WebSite\",\"@id\":\"https:\/\/www.librairieclavreuil.com\/#website\",\"url\":\"https:\/\/www.librairieclavreuil.com\/\",\"name\":\"Libairie Clavreuil\",\"description\":\"Livres anciens, manuscrits rares et \u00e9ditions originales \u2013 Librairie Clavreuil\",\"publisher\":{\"@id\":\"https:\/\/www.librairieclavreuil.com\/#organization\"},\"potentialAction\":[{\"@type\":\"SearchAction\",\"target\":{\"@type\":\"EntryPoint\",\"urlTemplate\":\"https:\/\/www.librairieclavreuil.com\/?s={search_term_string}\"},\"query-input\":{\"@type\":\"PropertyValueSpecification\",\"valueRequired\":true,\"valueName\":\"search_term_string\"}}],\"inLanguage\":\"en-US\"},{\"@type\":\"Organization\",\"@id\":\"https:\/\/www.librairieclavreuil.com\/#organization\",\"name\":\"Libairie Clavreuil\",\"url\":\"https:\/\/www.librairieclavreuil.com\/\",\"logo\":{\"@type\":\"ImageObject\",\"inLanguage\":\"en-US\",\"@id\":\"https:\/\/www.librairieclavreuil.com\/#\/schema\/logo\/image\/\",\"url\":\"https:\/\/www.librairieclavreuil.com\/wp-content\/uploads\/2021\/06\/cropped-LOGO_PNG_DATE-_gold-512x512-1.png\",\"contentUrl\":\"https:\/\/www.librairieclavreuil.com\/wp-content\/uploads\/2021\/06\/cropped-LOGO_PNG_DATE-_gold-512x512-1.png\",\"width\":512,\"height\":512,\"caption\":\"Libairie Clavreuil\"},\"image\":{\"@id\":\"https:\/\/www.librairieclavreuil.com\/#\/schema\/logo\/image\/\"},\"sameAs\":[\"https:\/\/www.instagram.com\/librairieclavreuil\/\"]}]}<\/script>\n<!-- \/ Yoast SEO plugin. -->","yoast_head_json":{"title":"BOSSUET Jacques B\u00e9nigne Trait\u00e9 de l'amour de Dieu, n\u00e9cessaire dans le sacrement de la p\u00e9nitence, suivant la doctrine du Concile de Trente. - Libairie Clavreuil","robots":{"index":"index","follow":"follow","max-snippet":"max-snippet:-1","max-image-preview":"max-image-preview:large","max-video-preview":"max-video-preview:-1"},"canonical":"https:\/\/www.librairieclavreuil.com\/produit\/bossuet-jacques-benigne-traite-de-lamour-de-dieu-necessaire-dans-le-sacrement-de-la-penitence-suivant-la-doctrine-du-concile-de-trente\/","og_locale":"en_US","og_type":"article","og_title":"BOSSUET Jacques B\u00e9nigne Trait\u00e9 de l'amour de Dieu, n\u00e9cessaire dans le sacrement de la p\u00e9nitence, suivant la doctrine du Concile de Trente. - Libairie Clavreuil","og_description":"2 parts in 1 volume, 12mo (165 x 95 mm) CLXVIIIpp., 1 nn.l., 121 pp. (misnumbered 211) for part I; 1 nn.l., 225 pp., 9 nn.ll. (including last blank) for part II. Contemporary red morocco, triple gilt filet on covers, central coat of arms of Marie-Jos&egrave;phe de Saxe, spine gilt with raised bands, decoartive endpapers in &#039;papier dominot&eacute;&#039; decorated with stars, gilt edges.","og_url":"https:\/\/www.librairieclavreuil.com\/produit\/bossuet-jacques-benigne-traite-de-lamour-de-dieu-necessaire-dans-le-sacrement-de-la-penitence-suivant-la-doctrine-du-concile-de-trente\/","og_site_name":"Libairie Clavreuil","article_modified_time":"2025-02-12T14:15:12+00:00","og_image":[{"width":1436,"height":1845,"url":"https:\/\/www.librairieclavreuil.com\/wp-content\/uploads\/2024\/05\/jacques-benigne-bossuet-traite-de-l-amour-de-dieu-necessaire-dans-le-sacrement-de-la-penitence-suivant-la-doctrine-du-concile-de-trente-4435-6607061e8.jpg","type":"image\/jpeg"}],"twitter_card":"summary_large_image","twitter_misc":{"Est. reading time":"1 minute"},"schema":{"@context":"https:\/\/schema.org","@graph":[{"@type":"WebPage","@id":"https:\/\/www.librairieclavreuil.com\/produit\/bossuet-jacques-benigne-traite-de-lamour-de-dieu-necessaire-dans-le-sacrement-de-la-penitence-suivant-la-doctrine-du-concile-de-trente\/","url":"https:\/\/www.librairieclavreuil.com\/produit\/bossuet-jacques-benigne-traite-de-lamour-de-dieu-necessaire-dans-le-sacrement-de-la-penitence-suivant-la-doctrine-du-concile-de-trente\/","name":"BOSSUET Jacques B\u00e9nigne Trait\u00e9 de l'amour de Dieu, n\u00e9cessaire dans le sacrement de la p\u00e9nitence, suivant la doctrine du Concile de Trente. - Libairie Clavreuil","isPartOf":{"@id":"https:\/\/www.librairieclavreuil.com\/#website"},"primaryImageOfPage":{"@id":"https:\/\/www.librairieclavreuil.com\/produit\/bossuet-jacques-benigne-traite-de-lamour-de-dieu-necessaire-dans-le-sacrement-de-la-penitence-suivant-la-doctrine-du-concile-de-trente\/#primaryimage"},"image":{"@id":"https:\/\/www.librairieclavreuil.com\/produit\/bossuet-jacques-benigne-traite-de-lamour-de-dieu-necessaire-dans-le-sacrement-de-la-penitence-suivant-la-doctrine-du-concile-de-trente\/#primaryimage"},"thumbnailUrl":"https:\/\/www.librairieclavreuil.com\/wp-content\/uploads\/2024\/05\/jacques-benigne-bossuet-traite-de-l-amour-de-dieu-necessaire-dans-le-sacrement-de-la-penitence-suivant-la-doctrine-du-concile-de-trente-4435-6607061e8.jpg","datePublished":"2024-05-04T15:49:58+00:00","dateModified":"2025-02-12T14:15:12+00:00","breadcrumb":{"@id":"https:\/\/www.librairieclavreuil.com\/produit\/bossuet-jacques-benigne-traite-de-lamour-de-dieu-necessaire-dans-le-sacrement-de-la-penitence-suivant-la-doctrine-du-concile-de-trente\/#breadcrumb"},"inLanguage":"en-US","potentialAction":[{"@type":"ReadAction","target":["https:\/\/www.librairieclavreuil.com\/produit\/bossuet-jacques-benigne-traite-de-lamour-de-dieu-necessaire-dans-le-sacrement-de-la-penitence-suivant-la-doctrine-du-concile-de-trente\/"]}]},{"@type":"ImageObject","inLanguage":"en-US","@id":"https:\/\/www.librairieclavreuil.com\/produit\/bossuet-jacques-benigne-traite-de-lamour-de-dieu-necessaire-dans-le-sacrement-de-la-penitence-suivant-la-doctrine-du-concile-de-trente\/#primaryimage","url":"https:\/\/www.librairieclavreuil.com\/wp-content\/uploads\/2024\/05\/jacques-benigne-bossuet-traite-de-l-amour-de-dieu-necessaire-dans-le-sacrement-de-la-penitence-suivant-la-doctrine-du-concile-de-trente-4435-6607061e8.jpg","contentUrl":"https:\/\/www.librairieclavreuil.com\/wp-content\/uploads\/2024\/05\/jacques-benigne-bossuet-traite-de-l-amour-de-dieu-necessaire-dans-le-sacrement-de-la-penitence-suivant-la-doctrine-du-concile-de-trente-4435-6607061e8.jpg","width":1436,"height":1845},{"@type":"BreadcrumbList","@id":"https:\/\/www.librairieclavreuil.com\/produit\/bossuet-jacques-benigne-traite-de-lamour-de-dieu-necessaire-dans-le-sacrement-de-la-penitence-suivant-la-doctrine-du-concile-de-trente\/#breadcrumb","itemListElement":[{"@type":"ListItem","position":1,"name":"Accueil","item":"https:\/\/www.librairieclavreuil.com\/"},{"@type":"ListItem","position":2,"name":"All our books","item":"https:\/\/www.librairieclavreuil.com\/en\/all-our-books\/"},{"@type":"ListItem","position":3,"name":"BOSSUET Jacques B\u00e9nigne Trait\u00e9 de l&rsquo;amour de Dieu,..."}]},{"@type":"WebSite","@id":"https:\/\/www.librairieclavreuil.com\/#website","url":"https:\/\/www.librairieclavreuil.com\/","name":"Libairie Clavreuil","description":"Livres anciens, manuscrits rares et \u00e9ditions originales \u2013 Librairie Clavreuil","publisher":{"@id":"https:\/\/www.librairieclavreuil.com\/#organization"},"potentialAction":[{"@type":"SearchAction","target":{"@type":"EntryPoint","urlTemplate":"https:\/\/www.librairieclavreuil.com\/?s={search_term_string}"},"query-input":{"@type":"PropertyValueSpecification","valueRequired":true,"valueName":"search_term_string"}}],"inLanguage":"en-US"},{"@type":"Organization","@id":"https:\/\/www.librairieclavreuil.com\/#organization","name":"Libairie Clavreuil","url":"https:\/\/www.librairieclavreuil.com\/","logo":{"@type":"ImageObject","inLanguage":"en-US","@id":"https:\/\/www.librairieclavreuil.com\/#\/schema\/logo\/image\/","url":"https:\/\/www.librairieclavreuil.com\/wp-content\/uploads\/2021\/06\/cropped-LOGO_PNG_DATE-_gold-512x512-1.png","contentUrl":"https:\/\/www.librairieclavreuil.com\/wp-content\/uploads\/2021\/06\/cropped-LOGO_PNG_DATE-_gold-512x512-1.png","width":512,"height":512,"caption":"Libairie Clavreuil"},"image":{"@id":"https:\/\/www.librairieclavreuil.com\/#\/schema\/logo\/image\/"},"sameAs":["https:\/\/www.instagram.com\/librairieclavreuil\/"]}]}},"jetpack_sharing_enabled":true,"_links":{"self":[{"href":"https:\/\/www.librairieclavreuil.com\/en\/wp-json\/wp\/v2\/product\/77268","targetHints":{"allow":["GET"]}}],"collection":[{"href":"https:\/\/www.librairieclavreuil.com\/en\/wp-json\/wp\/v2\/product"}],"about":[{"href":"https:\/\/www.librairieclavreuil.com\/en\/wp-json\/wp\/v2\/types\/product"}],"replies":[{"embeddable":true,"href":"https:\/\/www.librairieclavreuil.com\/en\/wp-json\/wp\/v2\/comments?post=77268"}],"wp:featuredmedia":[{"embeddable":true,"href":"https:\/\/www.librairieclavreuil.com\/en\/wp-json\/wp\/v2\/media\/77261"}],"wp:attachment":[{"href":"https:\/\/www.librairieclavreuil.com\/en\/wp-json\/wp\/v2\/media?parent=77268"}],"wp:term":[{"taxonomy":"product_brand","embeddable":true,"href":"https:\/\/www.librairieclavreuil.com\/en\/wp-json\/wp\/v2\/product_brand?post=77268"},{"taxonomy":"product_cat","embeddable":true,"href":"https:\/\/www.librairieclavreuil.com\/en\/wp-json\/wp\/v2\/product_cat?post=77268"},{"taxonomy":"product_tag","embeddable":true,"href":"https:\/\/www.librairieclavreuil.com\/en\/wp-json\/wp\/v2\/product_tag?post=77268"}],"curies":[{"name":"wp","href":"https:\/\/api.w.org\/{rel}","templated":true}]}}