{"id":77256,"date":"2024-05-04T17:02:07","date_gmt":"2024-05-04T15:02:07","guid":{"rendered":"https:\/\/www.librairieclavreuil.com\/cotin-charles-la-menagerie\/"},"modified":"2025-10-03T18:27:54","modified_gmt":"2025-10-03T16:27:54","slug":"cotin-charles-la-menagerie","status":"publish","type":"product","link":"https:\/\/www.librairieclavreuil.com\/en\/cotin-charles-la-menagerie\/","title":{"rendered":"COTIN Charles La M\u00e9nagerie."},"content":{"rendered":"<p style=\"text-align:justify\"><i>Gay-Lemonnier, III, 195 ; Viollet Le Duc, II, pp. 576-579.<\/i><\/p>\n<p style=\"text-align:justify\">Second edition after that of 1666 according to Gay-Lemonnier.<\/p>\n<p style=\"text-align:justify\">The &#8220;M\u00e9nagerie est un v\u00e9ritable libelle compos\u00e9 par Cotin (1604-1681) contre M\u00e9nage. C&#8217;est un recueil d&#8217;injures, de traits piquants en prose, d&#8217;\u00e9pigrammes en vers, o\u00f9 M\u00e9nage et son p\u00e9dantisme sont habill\u00e9s de toutes pi\u00e8ces par un homme qui se connaissait en plagiat, en vanit\u00e9 et en p\u00e9danterie&#8221; (Viollet Le Duc).<\/p>\n<p style=\"text-align:justify\">The work is made up of three parts, namely&nbsp;La M\u00e9nagerie, le Chapelain d\u00e9coiff\u00e9, et les Galanteries.<\/p>\n<p style=\"text-align:justify\">This last piece, with its very concrete poetry, is not by Cotin, according to Gay-Lemonnier.<\/p>\n<p style=\"text-align:justify\">&#8220;N&#8217;aille point chercher l&#8217;estranger \/ Les Indes sont trop \u00e9loign\u00e9s \/ Et nous avons des chemin\u00e9es \/ en ce pays \u00e0 ramoner&#8230;. Le Rammoneur du Pays Bas \/ Il est \u00e0 pr\u00e9sent \u00e0 Bruxelles \/ Tout prest \u00e0 servir les pucelles \/ Et se transporte promptement \/ A leur simple commandement \/ En leur logis &amp; leur demeure&#8230;&#8221;<\/p>\n<p>A very fine copy of this rare work.<\/p>\n<p>Provenance: Ambroise Firmin-Didot (ex-libris).<\/p>\n","protected":false},"excerpt":{"rendered":"<p>12vo (130 x 72 mm) of 65 pp. Green morocco, triple gilt fillet, spine gilt with raised bands, inner roll, edges gilt (<i>Hardy<\/i>).<\/p>\n","protected":false},"featured_media":77251,"comment_status":"open","ping_status":"closed","template":"","meta":{"_acf_changed":false},"product_brand":[],"product_cat":[544],"product_tag":[1245],"class_list":{"0":"post-77256","1":"product","2":"type-product","3":"status-publish","4":"has-post-thumbnail","6":"product_cat-literature","7":"product_tag-18th-century-literature","8":"pa_auteur-cotin-charles-2","9":"pa_type-de-livre-printed-book","11":"first","12":"instock","13":"shipping-taxable","14":"purchasable","15":"product-type-simple"},"acf":{"artist":" Charles COTIN","chapeau":"","adresse_bibliographique":"Amsterdam, Henri Schelte, 1705","book_type":"Printed book","provenance":"","afficher_prix":""},"yoast_head":"<!-- This site is optimized with the Yoast SEO plugin v24.7 - https:\/\/yoast.com\/wordpress\/plugins\/seo\/ -->\n<title>COTIN Charles La M\u00e9nagerie. - Libairie Clavreuil<\/title>\n<meta name=\"robots\" content=\"index, follow, max-snippet:-1, max-image-preview:large, max-video-preview:-1\" \/>\n<link rel=\"canonical\" href=\"https:\/\/www.librairieclavreuil.com\/en\/cotin-charles-la-menagerie\/\" \/>\n<meta property=\"og:locale\" content=\"en_US\" \/>\n<meta property=\"og:type\" content=\"article\" \/>\n<meta property=\"og:title\" content=\"COTIN Charles La M\u00e9nagerie. - Libairie Clavreuil\" \/>\n<meta property=\"og:description\" content=\"12vo (130 x 72 mm) of 65 pp. Green morocco, triple gilt fillet, spine gilt with raised bands, inner roll, edges gilt (Hardy).\" \/>\n<meta property=\"og:url\" content=\"https:\/\/www.librairieclavreuil.com\/en\/cotin-charles-la-menagerie\/\" \/>\n<meta property=\"og:site_name\" content=\"Libairie Clavreuil\" \/>\n<meta property=\"article:modified_time\" content=\"2025-10-03T16:27:54+00:00\" \/>\n<meta property=\"og:image\" content=\"https:\/\/www.librairieclavreuil.com\/wp-content\/uploads\/2024\/05\/charles-cotin-la-menagerie-8399-66364dce9637a-scaled.jpg\" \/>\n\t<meta property=\"og:image:width\" content=\"1512\" \/>\n\t<meta property=\"og:image:height\" content=\"2560\" \/>\n\t<meta property=\"og:image:type\" content=\"image\/jpeg\" \/>\n<meta name=\"twitter:card\" content=\"summary_large_image\" \/>\n<meta name=\"twitter:label1\" content=\"Est. reading time\" \/>\n\t<meta name=\"twitter:data1\" content=\"1 minute\" \/>\n<script type=\"application\/ld+json\" class=\"yoast-schema-graph\">{\"@context\":\"https:\/\/schema.org\",\"@graph\":[{\"@type\":\"WebPage\",\"@id\":\"https:\/\/www.librairieclavreuil.com\/en\/cotin-charles-la-menagerie\/\",\"url\":\"https:\/\/www.librairieclavreuil.com\/en\/cotin-charles-la-menagerie\/\",\"name\":\"COTIN Charles La M\u00e9nagerie. - Libairie Clavreuil\",\"isPartOf\":{\"@id\":\"https:\/\/www.librairieclavreuil.com\/#website\"},\"primaryImageOfPage\":{\"@id\":\"https:\/\/www.librairieclavreuil.com\/en\/cotin-charles-la-menagerie\/#primaryimage\"},\"image\":{\"@id\":\"https:\/\/www.librairieclavreuil.com\/en\/cotin-charles-la-menagerie\/#primaryimage\"},\"thumbnailUrl\":\"https:\/\/www.librairieclavreuil.com\/wp-content\/uploads\/2024\/05\/charles-cotin-la-menagerie-8399-66364dce9637a-scaled.jpg\",\"datePublished\":\"2024-05-04T15:02:07+00:00\",\"dateModified\":\"2025-10-03T16:27:54+00:00\",\"breadcrumb\":{\"@id\":\"https:\/\/www.librairieclavreuil.com\/en\/cotin-charles-la-menagerie\/#breadcrumb\"},\"inLanguage\":\"en-US\",\"potentialAction\":[{\"@type\":\"ReadAction\",\"target\":[\"https:\/\/www.librairieclavreuil.com\/en\/cotin-charles-la-menagerie\/\"]}]},{\"@type\":\"ImageObject\",\"inLanguage\":\"en-US\",\"@id\":\"https:\/\/www.librairieclavreuil.com\/en\/cotin-charles-la-menagerie\/#primaryimage\",\"url\":\"https:\/\/www.librairieclavreuil.com\/wp-content\/uploads\/2024\/05\/charles-cotin-la-menagerie-8399-66364dce9637a-scaled.jpg\",\"contentUrl\":\"https:\/\/www.librairieclavreuil.com\/wp-content\/uploads\/2024\/05\/charles-cotin-la-menagerie-8399-66364dce9637a-scaled.jpg\",\"width\":1512,\"height\":2560},{\"@type\":\"BreadcrumbList\",\"@id\":\"https:\/\/www.librairieclavreuil.com\/en\/cotin-charles-la-menagerie\/#breadcrumb\",\"itemListElement\":[{\"@type\":\"ListItem\",\"position\":1,\"name\":\"Accueil\",\"item\":\"https:\/\/www.librairieclavreuil.com\/\"},{\"@type\":\"ListItem\",\"position\":2,\"name\":\"All our books\",\"item\":\"https:\/\/www.librairieclavreuil.com\/en\/all-our-books\/\"},{\"@type\":\"ListItem\",\"position\":3,\"name\":\"COTIN Charles La M\u00e9nagerie.\"}]},{\"@type\":\"WebSite\",\"@id\":\"https:\/\/www.librairieclavreuil.com\/#website\",\"url\":\"https:\/\/www.librairieclavreuil.com\/\",\"name\":\"Libairie Clavreuil\",\"description\":\"Livres anciens, manuscrits rares et \u00e9ditions originales \u2013 Librairie Clavreuil\",\"publisher\":{\"@id\":\"https:\/\/www.librairieclavreuil.com\/#organization\"},\"potentialAction\":[{\"@type\":\"SearchAction\",\"target\":{\"@type\":\"EntryPoint\",\"urlTemplate\":\"https:\/\/www.librairieclavreuil.com\/?s={search_term_string}\"},\"query-input\":{\"@type\":\"PropertyValueSpecification\",\"valueRequired\":true,\"valueName\":\"search_term_string\"}}],\"inLanguage\":\"en-US\"},{\"@type\":\"Organization\",\"@id\":\"https:\/\/www.librairieclavreuil.com\/#organization\",\"name\":\"Libairie Clavreuil\",\"url\":\"https:\/\/www.librairieclavreuil.com\/\",\"logo\":{\"@type\":\"ImageObject\",\"inLanguage\":\"en-US\",\"@id\":\"https:\/\/www.librairieclavreuil.com\/#\/schema\/logo\/image\/\",\"url\":\"https:\/\/www.librairieclavreuil.com\/wp-content\/uploads\/2021\/06\/cropped-LOGO_PNG_DATE-_gold-512x512-1.png\",\"contentUrl\":\"https:\/\/www.librairieclavreuil.com\/wp-content\/uploads\/2021\/06\/cropped-LOGO_PNG_DATE-_gold-512x512-1.png\",\"width\":512,\"height\":512,\"caption\":\"Libairie Clavreuil\"},\"image\":{\"@id\":\"https:\/\/www.librairieclavreuil.com\/#\/schema\/logo\/image\/\"},\"sameAs\":[\"https:\/\/www.instagram.com\/librairieclavreuil\/\"]}]}<\/script>\n<!-- \/ Yoast SEO plugin. -->","yoast_head_json":{"title":"COTIN Charles La M\u00e9nagerie. - Libairie Clavreuil","robots":{"index":"index","follow":"follow","max-snippet":"max-snippet:-1","max-image-preview":"max-image-preview:large","max-video-preview":"max-video-preview:-1"},"canonical":"https:\/\/www.librairieclavreuil.com\/en\/cotin-charles-la-menagerie\/","og_locale":"en_US","og_type":"article","og_title":"COTIN Charles La M\u00e9nagerie. - Libairie Clavreuil","og_description":"12vo (130 x 72 mm) of 65 pp. Green morocco, triple gilt fillet, spine gilt with raised bands, inner roll, edges gilt (Hardy).","og_url":"https:\/\/www.librairieclavreuil.com\/en\/cotin-charles-la-menagerie\/","og_site_name":"Libairie Clavreuil","article_modified_time":"2025-10-03T16:27:54+00:00","og_image":[{"width":1512,"height":2560,"url":"https:\/\/www.librairieclavreuil.com\/wp-content\/uploads\/2024\/05\/charles-cotin-la-menagerie-8399-66364dce9637a-scaled.jpg","type":"image\/jpeg"}],"twitter_card":"summary_large_image","twitter_misc":{"Est. reading time":"1 minute"},"schema":{"@context":"https:\/\/schema.org","@graph":[{"@type":"WebPage","@id":"https:\/\/www.librairieclavreuil.com\/en\/cotin-charles-la-menagerie\/","url":"https:\/\/www.librairieclavreuil.com\/en\/cotin-charles-la-menagerie\/","name":"COTIN Charles La M\u00e9nagerie. - Libairie Clavreuil","isPartOf":{"@id":"https:\/\/www.librairieclavreuil.com\/#website"},"primaryImageOfPage":{"@id":"https:\/\/www.librairieclavreuil.com\/en\/cotin-charles-la-menagerie\/#primaryimage"},"image":{"@id":"https:\/\/www.librairieclavreuil.com\/en\/cotin-charles-la-menagerie\/#primaryimage"},"thumbnailUrl":"https:\/\/www.librairieclavreuil.com\/wp-content\/uploads\/2024\/05\/charles-cotin-la-menagerie-8399-66364dce9637a-scaled.jpg","datePublished":"2024-05-04T15:02:07+00:00","dateModified":"2025-10-03T16:27:54+00:00","breadcrumb":{"@id":"https:\/\/www.librairieclavreuil.com\/en\/cotin-charles-la-menagerie\/#breadcrumb"},"inLanguage":"en-US","potentialAction":[{"@type":"ReadAction","target":["https:\/\/www.librairieclavreuil.com\/en\/cotin-charles-la-menagerie\/"]}]},{"@type":"ImageObject","inLanguage":"en-US","@id":"https:\/\/www.librairieclavreuil.com\/en\/cotin-charles-la-menagerie\/#primaryimage","url":"https:\/\/www.librairieclavreuil.com\/wp-content\/uploads\/2024\/05\/charles-cotin-la-menagerie-8399-66364dce9637a-scaled.jpg","contentUrl":"https:\/\/www.librairieclavreuil.com\/wp-content\/uploads\/2024\/05\/charles-cotin-la-menagerie-8399-66364dce9637a-scaled.jpg","width":1512,"height":2560},{"@type":"BreadcrumbList","@id":"https:\/\/www.librairieclavreuil.com\/en\/cotin-charles-la-menagerie\/#breadcrumb","itemListElement":[{"@type":"ListItem","position":1,"name":"Accueil","item":"https:\/\/www.librairieclavreuil.com\/"},{"@type":"ListItem","position":2,"name":"All our books","item":"https:\/\/www.librairieclavreuil.com\/en\/all-our-books\/"},{"@type":"ListItem","position":3,"name":"COTIN Charles La M\u00e9nagerie."}]},{"@type":"WebSite","@id":"https:\/\/www.librairieclavreuil.com\/#website","url":"https:\/\/www.librairieclavreuil.com\/","name":"Libairie Clavreuil","description":"Livres anciens, manuscrits rares et \u00e9ditions originales \u2013 Librairie Clavreuil","publisher":{"@id":"https:\/\/www.librairieclavreuil.com\/#organization"},"potentialAction":[{"@type":"SearchAction","target":{"@type":"EntryPoint","urlTemplate":"https:\/\/www.librairieclavreuil.com\/?s={search_term_string}"},"query-input":{"@type":"PropertyValueSpecification","valueRequired":true,"valueName":"search_term_string"}}],"inLanguage":"en-US"},{"@type":"Organization","@id":"https:\/\/www.librairieclavreuil.com\/#organization","name":"Libairie Clavreuil","url":"https:\/\/www.librairieclavreuil.com\/","logo":{"@type":"ImageObject","inLanguage":"en-US","@id":"https:\/\/www.librairieclavreuil.com\/#\/schema\/logo\/image\/","url":"https:\/\/www.librairieclavreuil.com\/wp-content\/uploads\/2021\/06\/cropped-LOGO_PNG_DATE-_gold-512x512-1.png","contentUrl":"https:\/\/www.librairieclavreuil.com\/wp-content\/uploads\/2021\/06\/cropped-LOGO_PNG_DATE-_gold-512x512-1.png","width":512,"height":512,"caption":"Libairie Clavreuil"},"image":{"@id":"https:\/\/www.librairieclavreuil.com\/#\/schema\/logo\/image\/"},"sameAs":["https:\/\/www.instagram.com\/librairieclavreuil\/"]}]}},"jetpack_sharing_enabled":true,"_links":{"self":[{"href":"https:\/\/www.librairieclavreuil.com\/en\/wp-json\/wp\/v2\/product\/77256","targetHints":{"allow":["GET"]}}],"collection":[{"href":"https:\/\/www.librairieclavreuil.com\/en\/wp-json\/wp\/v2\/product"}],"about":[{"href":"https:\/\/www.librairieclavreuil.com\/en\/wp-json\/wp\/v2\/types\/product"}],"replies":[{"embeddable":true,"href":"https:\/\/www.librairieclavreuil.com\/en\/wp-json\/wp\/v2\/comments?post=77256"}],"wp:featuredmedia":[{"embeddable":true,"href":"https:\/\/www.librairieclavreuil.com\/en\/wp-json\/wp\/v2\/media\/77251"}],"wp:attachment":[{"href":"https:\/\/www.librairieclavreuil.com\/en\/wp-json\/wp\/v2\/media?parent=77256"}],"wp:term":[{"taxonomy":"product_brand","embeddable":true,"href":"https:\/\/www.librairieclavreuil.com\/en\/wp-json\/wp\/v2\/product_brand?post=77256"},{"taxonomy":"product_cat","embeddable":true,"href":"https:\/\/www.librairieclavreuil.com\/en\/wp-json\/wp\/v2\/product_cat?post=77256"},{"taxonomy":"product_tag","embeddable":true,"href":"https:\/\/www.librairieclavreuil.com\/en\/wp-json\/wp\/v2\/product_tag?post=77256"}],"curies":[{"name":"wp","href":"https:\/\/api.w.org\/{rel}","templated":true}]}}