{"id":77222,"date":"2024-05-04T12:52:43","date_gmt":"2024-05-04T10:52:43","guid":{"rendered":"https:\/\/www.librairieclavreuil.com\/anonyme-airs-de-cour-comprenans-le-tresor-des-tresors-la-fleur-des-fleurs-eslite-des-chansons-amoureuses-extraites-des-oeuvres-non-encor-cy-devant-mises-en-lumiere-des-plus-fameux-ren\/"},"modified":"2024-07-13T17:15:50","modified_gmt":"2024-07-13T15:15:50","slug":"anonyme-airs-de-cour-comprenans-le-tresor-des-tresors-la-fleur-des-fleurs-eslite-des-chansons-amoureuses-extraites-des-oeuvres-non-encor-cy-devant-mises-en-lumiere-des-plus-fameux-ren","status":"publish","type":"product","link":"https:\/\/www.librairieclavreuil.com\/en\/anonyme-airs-de-cour-comprenans-le-tresor-des-tresors-la-fleur-des-fleurs-eslite-des-chansons-amoureuses-extraites-des-oeuvres-non-encor-cy-devant-mises-en-lumiere-des-plus-fameux-ren\/","title":{"rendered":"ANONYME Airs de cour comprenans le tr\u00e9sor des..."},"content":{"rendered":"<p style=\"text-align:justify\"><i>Gay-Lemonnyer, I, 39.<\/i><\/p>\n<p style=\"text-align:justify\">First edition under this title of this collection of more than 300 tunes, some of them saucy, including: Allons berg\u00e8re \u00e0 l&#8217;ombrage ; Dans le touffu d&#8217;un boccage ; Madame ne vous faschez point, etc.<\/p>\n<p style=\"text-align:justify\">&#8220;Sous ce titre diff\u00e9rent, ce recueil reproduit en entier celui qui est intitul\u00e9 : Non le tr\u00e9sor, ny le trias, ne le cabinet&#8221; (Gay-Lemonnyer).<\/p>\n<p>The title is adorned with a fine vignette depicting a singer in front of a score, surrounded by a choir.<\/p>\n<p>The BnF copy is incomplete by two leaves.<\/p>\n<p>A very fine copy of this rare work in its contemporary vellum.<\/p>\n","protected":false},"excerpt":{"rendered":"<p>16mo (116 x 75 mm) 8 unn.l., 573 pp., 1 nn.l. Ivory vellum with flaps, red edges (<i>contemporary binding<\/i>).<\/p>\n","protected":false},"featured_media":77217,"comment_status":"open","ping_status":"closed","template":"","meta":{"_acf_changed":false},"product_brand":[],"product_cat":[544],"product_tag":[1244],"class_list":{"0":"post-77222","1":"product","2":"type-product","3":"status-publish","4":"has-post-thumbnail","6":"product_cat-literature","7":"product_tag-17th-century-literature","8":"pa_auteur-anonyme-2","9":"pa_type-de-livre-printed-book","11":"first","12":"instock","13":"shipping-taxable","14":"purchasable","15":"product-type-simple"},"acf":{"artist":" ANONYME","chapeau":"","adresse_bibliographique":"Poitiers, Pierre Brossart, 1607","book_type":"Printed book","provenance":"","afficher_prix":""},"yoast_head":"<!-- This site is optimized with the Yoast SEO plugin v24.7 - https:\/\/yoast.com\/wordpress\/plugins\/seo\/ -->\n<title>ANONYME  Airs de cour comprenans le tr\u00e9sor des tr\u00e9sors, la fleur des fleurs, &amp; eslite des chansons amoureuses. Extraites des oeuvres non encor cy devant mises en lumi\u00e8re, des plus fameux &amp; renommez po\u00e8tes de ce si\u00e8cle. - Libairie Clavreuil<\/title>\n<meta name=\"robots\" content=\"index, follow, max-snippet:-1, max-image-preview:large, max-video-preview:-1\" \/>\n<link rel=\"canonical\" href=\"https:\/\/www.librairieclavreuil.com\/en\/anonyme-airs-de-cour-comprenans-le-tresor-des-tresors-la-fleur-des-fleurs-eslite-des-chansons-amoureuses-extraites-des-oeuvres-non-encor-cy-devant-mises-en-lumiere-des-plus-fameux-ren\/\" \/>\n<meta property=\"og:locale\" content=\"en_US\" \/>\n<meta property=\"og:type\" content=\"article\" \/>\n<meta property=\"og:title\" content=\"ANONYME  Airs de cour comprenans le tr\u00e9sor des tr\u00e9sors, la fleur des fleurs, &amp; eslite des chansons amoureuses. Extraites des oeuvres non encor cy devant mises en lumi\u00e8re, des plus fameux &amp; renommez po\u00e8tes de ce si\u00e8cle. - Libairie Clavreuil\" \/>\n<meta property=\"og:description\" content=\"16mo (116 x 75 mm) 8 unn.l., 573 pp., 1 nn.l. Ivory vellum with flaps, red edges (contemporary binding).\" \/>\n<meta property=\"og:url\" content=\"https:\/\/www.librairieclavreuil.com\/en\/anonyme-airs-de-cour-comprenans-le-tresor-des-tresors-la-fleur-des-fleurs-eslite-des-chansons-amoureuses-extraites-des-oeuvres-non-encor-cy-devant-mises-en-lumiere-des-plus-fameux-ren\/\" \/>\n<meta property=\"og:site_name\" content=\"Libairie Clavreuil\" \/>\n<meta property=\"article:modified_time\" content=\"2024-07-13T15:15:50+00:00\" \/>\n<meta property=\"og:image\" content=\"https:\/\/www.librairieclavreuil.com\/wp-content\/uploads\/2024\/05\/anonyme-airs-de-cour-comprenans-le-tresor-des-tresors-la-fleur-des-fleurs-eslite-des-chansons-amoureuses-extraites-des-oeuvres-non-encor-cy-devant-mis-scaled.jpg\" \/>\n\t<meta property=\"og:image:width\" content=\"1514\" \/>\n\t<meta property=\"og:image:height\" content=\"2560\" \/>\n\t<meta property=\"og:image:type\" content=\"image\/jpeg\" \/>\n<meta name=\"twitter:card\" content=\"summary_large_image\" \/>\n<script type=\"application\/ld+json\" class=\"yoast-schema-graph\">{\"@context\":\"https:\/\/schema.org\",\"@graph\":[{\"@type\":\"WebPage\",\"@id\":\"https:\/\/www.librairieclavreuil.com\/en\/anonyme-airs-de-cour-comprenans-le-tresor-des-tresors-la-fleur-des-fleurs-eslite-des-chansons-amoureuses-extraites-des-oeuvres-non-encor-cy-devant-mises-en-lumiere-des-plus-fameux-ren\/\",\"url\":\"https:\/\/www.librairieclavreuil.com\/en\/anonyme-airs-de-cour-comprenans-le-tresor-des-tresors-la-fleur-des-fleurs-eslite-des-chansons-amoureuses-extraites-des-oeuvres-non-encor-cy-devant-mises-en-lumiere-des-plus-fameux-ren\/\",\"name\":\"ANONYME Airs de cour comprenans le tr\u00e9sor des tr\u00e9sors, la fleur des fleurs, &amp; eslite des chansons amoureuses. Extraites des oeuvres non encor cy devant mises en lumi\u00e8re, des plus fameux &amp; renommez po\u00e8tes de ce si\u00e8cle. - Libairie Clavreuil\",\"isPartOf\":{\"@id\":\"https:\/\/www.librairieclavreuil.com\/#website\"},\"primaryImageOfPage\":{\"@id\":\"https:\/\/www.librairieclavreuil.com\/en\/anonyme-airs-de-cour-comprenans-le-tresor-des-tresors-la-fleur-des-fleurs-eslite-des-chansons-amoureuses-extraites-des-oeuvres-non-encor-cy-devant-mises-en-lumiere-des-plus-fameux-ren\/#primaryimage\"},\"image\":{\"@id\":\"https:\/\/www.librairieclavreuil.com\/en\/anonyme-airs-de-cour-comprenans-le-tresor-des-tresors-la-fleur-des-fleurs-eslite-des-chansons-amoureuses-extraites-des-oeuvres-non-encor-cy-devant-mises-en-lumiere-des-plus-fameux-ren\/#primaryimage\"},\"thumbnailUrl\":\"https:\/\/www.librairieclavreuil.com\/wp-content\/uploads\/2024\/05\/anonyme-airs-de-cour-comprenans-le-tresor-des-tresors-la-fleur-des-fleurs-eslite-des-chansons-amoureuses-extraites-des-oeuvres-non-encor-cy-devant-mis-scaled.jpg\",\"datePublished\":\"2024-05-04T10:52:43+00:00\",\"dateModified\":\"2024-07-13T15:15:50+00:00\",\"breadcrumb\":{\"@id\":\"https:\/\/www.librairieclavreuil.com\/en\/anonyme-airs-de-cour-comprenans-le-tresor-des-tresors-la-fleur-des-fleurs-eslite-des-chansons-amoureuses-extraites-des-oeuvres-non-encor-cy-devant-mises-en-lumiere-des-plus-fameux-ren\/#breadcrumb\"},\"inLanguage\":\"en-US\",\"potentialAction\":[{\"@type\":\"ReadAction\",\"target\":[\"https:\/\/www.librairieclavreuil.com\/en\/anonyme-airs-de-cour-comprenans-le-tresor-des-tresors-la-fleur-des-fleurs-eslite-des-chansons-amoureuses-extraites-des-oeuvres-non-encor-cy-devant-mises-en-lumiere-des-plus-fameux-ren\/\"]}]},{\"@type\":\"ImageObject\",\"inLanguage\":\"en-US\",\"@id\":\"https:\/\/www.librairieclavreuil.com\/en\/anonyme-airs-de-cour-comprenans-le-tresor-des-tresors-la-fleur-des-fleurs-eslite-des-chansons-amoureuses-extraites-des-oeuvres-non-encor-cy-devant-mises-en-lumiere-des-plus-fameux-ren\/#primaryimage\",\"url\":\"https:\/\/www.librairieclavreuil.com\/wp-content\/uploads\/2024\/05\/anonyme-airs-de-cour-comprenans-le-tresor-des-tresors-la-fleur-des-fleurs-eslite-des-chansons-amoureuses-extraites-des-oeuvres-non-encor-cy-devant-mis-scaled.jpg\",\"contentUrl\":\"https:\/\/www.librairieclavreuil.com\/wp-content\/uploads\/2024\/05\/anonyme-airs-de-cour-comprenans-le-tresor-des-tresors-la-fleur-des-fleurs-eslite-des-chansons-amoureuses-extraites-des-oeuvres-non-encor-cy-devant-mis-scaled.jpg\",\"width\":1514,\"height\":2560},{\"@type\":\"BreadcrumbList\",\"@id\":\"https:\/\/www.librairieclavreuil.com\/en\/anonyme-airs-de-cour-comprenans-le-tresor-des-tresors-la-fleur-des-fleurs-eslite-des-chansons-amoureuses-extraites-des-oeuvres-non-encor-cy-devant-mises-en-lumiere-des-plus-fameux-ren\/#breadcrumb\",\"itemListElement\":[{\"@type\":\"ListItem\",\"position\":1,\"name\":\"Accueil\",\"item\":\"https:\/\/www.librairieclavreuil.com\/\"},{\"@type\":\"ListItem\",\"position\":2,\"name\":\"All our books\",\"item\":\"https:\/\/www.librairieclavreuil.com\/en\/all-our-books\/\"},{\"@type\":\"ListItem\",\"position\":3,\"name\":\"ANONYME Airs de cour comprenans le tr\u00e9sor des tr\u00e9sors, la fleur des fleurs, &amp; eslite des chansons amoureuses. Extraites des oeuvres non encor cy devant mises en lumi\u00e8re, des plus fameux &amp; renommez po\u00e8tes de ce si\u00e8cle.\"}]},{\"@type\":\"WebSite\",\"@id\":\"https:\/\/www.librairieclavreuil.com\/#website\",\"url\":\"https:\/\/www.librairieclavreuil.com\/\",\"name\":\"Libairie Clavreuil\",\"description\":\"Livres anciens, manuscrits rares et \u00e9ditions originales \u2013 Librairie Clavreuil\",\"publisher\":{\"@id\":\"https:\/\/www.librairieclavreuil.com\/#organization\"},\"potentialAction\":[{\"@type\":\"SearchAction\",\"target\":{\"@type\":\"EntryPoint\",\"urlTemplate\":\"https:\/\/www.librairieclavreuil.com\/?s={search_term_string}\"},\"query-input\":{\"@type\":\"PropertyValueSpecification\",\"valueRequired\":true,\"valueName\":\"search_term_string\"}}],\"inLanguage\":\"en-US\"},{\"@type\":\"Organization\",\"@id\":\"https:\/\/www.librairieclavreuil.com\/#organization\",\"name\":\"Libairie Clavreuil\",\"url\":\"https:\/\/www.librairieclavreuil.com\/\",\"logo\":{\"@type\":\"ImageObject\",\"inLanguage\":\"en-US\",\"@id\":\"https:\/\/www.librairieclavreuil.com\/#\/schema\/logo\/image\/\",\"url\":\"https:\/\/www.librairieclavreuil.com\/wp-content\/uploads\/2021\/06\/cropped-LOGO_PNG_DATE-_gold-512x512-1.png\",\"contentUrl\":\"https:\/\/www.librairieclavreuil.com\/wp-content\/uploads\/2021\/06\/cropped-LOGO_PNG_DATE-_gold-512x512-1.png\",\"width\":512,\"height\":512,\"caption\":\"Libairie Clavreuil\"},\"image\":{\"@id\":\"https:\/\/www.librairieclavreuil.com\/#\/schema\/logo\/image\/\"},\"sameAs\":[\"https:\/\/www.instagram.com\/librairieclavreuil\/\"]}]}<\/script>\n<!-- \/ Yoast SEO plugin. -->","yoast_head_json":{"title":"ANONYME  Airs de cour comprenans le tr\u00e9sor des tr\u00e9sors, la fleur des fleurs, &amp; eslite des chansons amoureuses. Extraites des oeuvres non encor cy devant mises en lumi\u00e8re, des plus fameux &amp; renommez po\u00e8tes de ce si\u00e8cle. - Libairie Clavreuil","robots":{"index":"index","follow":"follow","max-snippet":"max-snippet:-1","max-image-preview":"max-image-preview:large","max-video-preview":"max-video-preview:-1"},"canonical":"https:\/\/www.librairieclavreuil.com\/en\/anonyme-airs-de-cour-comprenans-le-tresor-des-tresors-la-fleur-des-fleurs-eslite-des-chansons-amoureuses-extraites-des-oeuvres-non-encor-cy-devant-mises-en-lumiere-des-plus-fameux-ren\/","og_locale":"en_US","og_type":"article","og_title":"ANONYME  Airs de cour comprenans le tr\u00e9sor des tr\u00e9sors, la fleur des fleurs, &amp; eslite des chansons amoureuses. Extraites des oeuvres non encor cy devant mises en lumi\u00e8re, des plus fameux &amp; renommez po\u00e8tes de ce si\u00e8cle. - Libairie Clavreuil","og_description":"16mo (116 x 75 mm) 8 unn.l., 573 pp., 1 nn.l. Ivory vellum with flaps, red edges (contemporary binding).","og_url":"https:\/\/www.librairieclavreuil.com\/en\/anonyme-airs-de-cour-comprenans-le-tresor-des-tresors-la-fleur-des-fleurs-eslite-des-chansons-amoureuses-extraites-des-oeuvres-non-encor-cy-devant-mises-en-lumiere-des-plus-fameux-ren\/","og_site_name":"Libairie Clavreuil","article_modified_time":"2024-07-13T15:15:50+00:00","og_image":[{"width":1514,"height":2560,"url":"https:\/\/www.librairieclavreuil.com\/wp-content\/uploads\/2024\/05\/anonyme-airs-de-cour-comprenans-le-tresor-des-tresors-la-fleur-des-fleurs-eslite-des-chansons-amoureuses-extraites-des-oeuvres-non-encor-cy-devant-mis-scaled.jpg","type":"image\/jpeg"}],"twitter_card":"summary_large_image","schema":{"@context":"https:\/\/schema.org","@graph":[{"@type":"WebPage","@id":"https:\/\/www.librairieclavreuil.com\/en\/anonyme-airs-de-cour-comprenans-le-tresor-des-tresors-la-fleur-des-fleurs-eslite-des-chansons-amoureuses-extraites-des-oeuvres-non-encor-cy-devant-mises-en-lumiere-des-plus-fameux-ren\/","url":"https:\/\/www.librairieclavreuil.com\/en\/anonyme-airs-de-cour-comprenans-le-tresor-des-tresors-la-fleur-des-fleurs-eslite-des-chansons-amoureuses-extraites-des-oeuvres-non-encor-cy-devant-mises-en-lumiere-des-plus-fameux-ren\/","name":"ANONYME Airs de cour comprenans le tr\u00e9sor des tr\u00e9sors, la fleur des fleurs, &amp; eslite des chansons amoureuses. Extraites des oeuvres non encor cy devant mises en lumi\u00e8re, des plus fameux &amp; renommez po\u00e8tes de ce si\u00e8cle. - Libairie Clavreuil","isPartOf":{"@id":"https:\/\/www.librairieclavreuil.com\/#website"},"primaryImageOfPage":{"@id":"https:\/\/www.librairieclavreuil.com\/en\/anonyme-airs-de-cour-comprenans-le-tresor-des-tresors-la-fleur-des-fleurs-eslite-des-chansons-amoureuses-extraites-des-oeuvres-non-encor-cy-devant-mises-en-lumiere-des-plus-fameux-ren\/#primaryimage"},"image":{"@id":"https:\/\/www.librairieclavreuil.com\/en\/anonyme-airs-de-cour-comprenans-le-tresor-des-tresors-la-fleur-des-fleurs-eslite-des-chansons-amoureuses-extraites-des-oeuvres-non-encor-cy-devant-mises-en-lumiere-des-plus-fameux-ren\/#primaryimage"},"thumbnailUrl":"https:\/\/www.librairieclavreuil.com\/wp-content\/uploads\/2024\/05\/anonyme-airs-de-cour-comprenans-le-tresor-des-tresors-la-fleur-des-fleurs-eslite-des-chansons-amoureuses-extraites-des-oeuvres-non-encor-cy-devant-mis-scaled.jpg","datePublished":"2024-05-04T10:52:43+00:00","dateModified":"2024-07-13T15:15:50+00:00","breadcrumb":{"@id":"https:\/\/www.librairieclavreuil.com\/en\/anonyme-airs-de-cour-comprenans-le-tresor-des-tresors-la-fleur-des-fleurs-eslite-des-chansons-amoureuses-extraites-des-oeuvres-non-encor-cy-devant-mises-en-lumiere-des-plus-fameux-ren\/#breadcrumb"},"inLanguage":"en-US","potentialAction":[{"@type":"ReadAction","target":["https:\/\/www.librairieclavreuil.com\/en\/anonyme-airs-de-cour-comprenans-le-tresor-des-tresors-la-fleur-des-fleurs-eslite-des-chansons-amoureuses-extraites-des-oeuvres-non-encor-cy-devant-mises-en-lumiere-des-plus-fameux-ren\/"]}]},{"@type":"ImageObject","inLanguage":"en-US","@id":"https:\/\/www.librairieclavreuil.com\/en\/anonyme-airs-de-cour-comprenans-le-tresor-des-tresors-la-fleur-des-fleurs-eslite-des-chansons-amoureuses-extraites-des-oeuvres-non-encor-cy-devant-mises-en-lumiere-des-plus-fameux-ren\/#primaryimage","url":"https:\/\/www.librairieclavreuil.com\/wp-content\/uploads\/2024\/05\/anonyme-airs-de-cour-comprenans-le-tresor-des-tresors-la-fleur-des-fleurs-eslite-des-chansons-amoureuses-extraites-des-oeuvres-non-encor-cy-devant-mis-scaled.jpg","contentUrl":"https:\/\/www.librairieclavreuil.com\/wp-content\/uploads\/2024\/05\/anonyme-airs-de-cour-comprenans-le-tresor-des-tresors-la-fleur-des-fleurs-eslite-des-chansons-amoureuses-extraites-des-oeuvres-non-encor-cy-devant-mis-scaled.jpg","width":1514,"height":2560},{"@type":"BreadcrumbList","@id":"https:\/\/www.librairieclavreuil.com\/en\/anonyme-airs-de-cour-comprenans-le-tresor-des-tresors-la-fleur-des-fleurs-eslite-des-chansons-amoureuses-extraites-des-oeuvres-non-encor-cy-devant-mises-en-lumiere-des-plus-fameux-ren\/#breadcrumb","itemListElement":[{"@type":"ListItem","position":1,"name":"Accueil","item":"https:\/\/www.librairieclavreuil.com\/"},{"@type":"ListItem","position":2,"name":"All our books","item":"https:\/\/www.librairieclavreuil.com\/en\/all-our-books\/"},{"@type":"ListItem","position":3,"name":"ANONYME Airs de cour comprenans le tr\u00e9sor des tr\u00e9sors, la fleur des fleurs, &amp; eslite des chansons amoureuses. Extraites des oeuvres non encor cy devant mises en lumi\u00e8re, des plus fameux &amp; renommez po\u00e8tes de ce si\u00e8cle."}]},{"@type":"WebSite","@id":"https:\/\/www.librairieclavreuil.com\/#website","url":"https:\/\/www.librairieclavreuil.com\/","name":"Libairie Clavreuil","description":"Livres anciens, manuscrits rares et \u00e9ditions originales \u2013 Librairie Clavreuil","publisher":{"@id":"https:\/\/www.librairieclavreuil.com\/#organization"},"potentialAction":[{"@type":"SearchAction","target":{"@type":"EntryPoint","urlTemplate":"https:\/\/www.librairieclavreuil.com\/?s={search_term_string}"},"query-input":{"@type":"PropertyValueSpecification","valueRequired":true,"valueName":"search_term_string"}}],"inLanguage":"en-US"},{"@type":"Organization","@id":"https:\/\/www.librairieclavreuil.com\/#organization","name":"Libairie Clavreuil","url":"https:\/\/www.librairieclavreuil.com\/","logo":{"@type":"ImageObject","inLanguage":"en-US","@id":"https:\/\/www.librairieclavreuil.com\/#\/schema\/logo\/image\/","url":"https:\/\/www.librairieclavreuil.com\/wp-content\/uploads\/2021\/06\/cropped-LOGO_PNG_DATE-_gold-512x512-1.png","contentUrl":"https:\/\/www.librairieclavreuil.com\/wp-content\/uploads\/2021\/06\/cropped-LOGO_PNG_DATE-_gold-512x512-1.png","width":512,"height":512,"caption":"Libairie Clavreuil"},"image":{"@id":"https:\/\/www.librairieclavreuil.com\/#\/schema\/logo\/image\/"},"sameAs":["https:\/\/www.instagram.com\/librairieclavreuil\/"]}]}},"jetpack_sharing_enabled":true,"_links":{"self":[{"href":"https:\/\/www.librairieclavreuil.com\/en\/wp-json\/wp\/v2\/product\/77222","targetHints":{"allow":["GET"]}}],"collection":[{"href":"https:\/\/www.librairieclavreuil.com\/en\/wp-json\/wp\/v2\/product"}],"about":[{"href":"https:\/\/www.librairieclavreuil.com\/en\/wp-json\/wp\/v2\/types\/product"}],"replies":[{"embeddable":true,"href":"https:\/\/www.librairieclavreuil.com\/en\/wp-json\/wp\/v2\/comments?post=77222"}],"wp:featuredmedia":[{"embeddable":true,"href":"https:\/\/www.librairieclavreuil.com\/en\/wp-json\/wp\/v2\/media\/77217"}],"wp:attachment":[{"href":"https:\/\/www.librairieclavreuil.com\/en\/wp-json\/wp\/v2\/media?parent=77222"}],"wp:term":[{"taxonomy":"product_brand","embeddable":true,"href":"https:\/\/www.librairieclavreuil.com\/en\/wp-json\/wp\/v2\/product_brand?post=77222"},{"taxonomy":"product_cat","embeddable":true,"href":"https:\/\/www.librairieclavreuil.com\/en\/wp-json\/wp\/v2\/product_cat?post=77222"},{"taxonomy":"product_tag","embeddable":true,"href":"https:\/\/www.librairieclavreuil.com\/en\/wp-json\/wp\/v2\/product_tag?post=77222"}],"curies":[{"name":"wp","href":"https:\/\/api.w.org\/{rel}","templated":true}]}}