{"id":77173,"date":"2024-05-03T18:13:12","date_gmt":"2024-05-03T16:13:12","guid":{"rendered":"https:\/\/www.librairieclavreuil.com\/gherardi-evaristo-le-theatre-italien-ou-recueil-general-de-toutes-les-comedies-scenes-francoises-jouees-par-les-comediens-italiens-du-roi-edition-nouvelle-revue-avec-beaucoup-dexactitude\/"},"modified":"2025-04-09T16:52:39","modified_gmt":"2025-04-09T14:52:39","slug":"gherardi-evaristo-le-theatre-italien-ou-recueil-general-de-toutes-les-comedies-scenes-francoises-jouees-par-les-comediens-italiens-du-roi-edition-nouvelle-revue-avec-beaucoup-dexactitude","status":"publish","type":"product","link":"https:\/\/www.librairieclavreuil.com\/en\/gherardi-evaristo-le-theatre-italien-ou-recueil-general-de-toutes-les-comedies-scenes-francoises-jouees-par-les-comediens-italiens-du-roi-edition-nouvelle-revue-avec-beaucoup-dexactitude\/","title":{"rendered":"GHERARDI Evaristo Le Th\u00e9\u00e2tre italien, ou Recueil g\u00e9n\u00e9ral..."},"content":{"rendered":"<p><i>Cohen-de Ricci, 437 (with erroneous collation of plates; he mentions only a portrait and 57 plates).<\/i><\/p>\n<p>New edition, richly illustrated.<\/p>\n<p>It is decorated with 6 frontispieces (including the portrait of the author in the first volume), 55 engraved plates, as well as engraved musical airs in all volumes (except for volume II). The total number of plates is therefore one portrait and 60 plates. \u00c9varisto Gherardi (1663-1701) was an Italian author and playwright who lived in Paris from 1670 and was murdered. The son of two actors in the Italian troupe, he began his acting career in October 1689.<\/p>\n<p>Author of the play Le Retour de la foire de Bezons (included in volume VI), he collected a large number of anonymous plays in his Th\u00e9\u00e2tre italien.<\/p>\n<p>A fine copy, complete with all the plates required.<\/p>\n<p>Quire &#8216;Bb&#8217; and &#8216;Cc&#8217; of volume IV interchanged, musical airs of volume I bound by mistake at the end of volume II.<\/p>\n","protected":false},"excerpt":{"rendered":"<p>6 volumes 12vo (160 x 95 mm) one engraved portrait by Edelinck after Vivien, 12 unn.l., 588 pp., 11 engraved plates for the volume I ; engraved frontispiece by Mathey, 2 unn.l., 510 pp., 9 engraved plates, 4 pp. engraved music [originally in volume I] for the volume II ; engraved frontispiece by Mathey, 2 unn.l., 560 pp., 8 engraved plates, 4 pp. engraved music for the volume III ; engraved frontispiece by Mathey after Humblot, 2 unn.l., 557 pp., 9 engraved plates, 16 pp. engraved music for the volume IV ; engraved frontispiece byMathey, 2 unn.l., 518 pp., 9 engraved plates, 16 pp. engraved music for the volume V ; engraved frontispiece byMathey d&#8217;apr\u00e8s Humblot, 2 unn.l., 647 pp., 9 engraved plates, 32 pp. engraved music, 1 unn.l (privil\u00e8ge) for the volume VI.&nbsp;Polished calf, Rohan-Chabot coat of arms in the corners, spine gilt with raised bands red edges (<i>contemporary binding<\/i>).<\/p>\n","protected":false},"featured_media":77166,"comment_status":"open","ping_status":"closed","template":"","meta":{"_acf_changed":false},"product_brand":[],"product_cat":[544],"product_tag":[1245,1267,1255],"class_list":{"0":"post-77173","1":"product","2":"type-product","3":"status-publish","4":"has-post-thumbnail","6":"product_cat-literature","7":"product_tag-18th-century-literature","8":"product_tag-binding","9":"product_tag-theatre-dance","10":"pa_auteur-gherardi-evaristo-2","11":"pa_type-de-livre-printed-book","13":"first","14":"instock","15":"shipping-taxable","16":"purchasable","17":"product-type-simple"},"acf":{"artist":" Evaristo GHERARDI","chapeau":"The Rohan-Chabot copy","adresse_bibliographique":"Paris, Chez Briasson, 1741","book_type":"Printed book","provenance":"Rohan-Chabot library (arms).","afficher_prix":""},"yoast_head":"<!-- This site is optimized with the Yoast SEO plugin v24.7 - https:\/\/yoast.com\/wordpress\/plugins\/seo\/ -->\n<title>GHERARDI Evaristo Le Th\u00e9\u00e2tre italien, ou Recueil g\u00e9n\u00e9ral de toutes les com\u00e9dies &amp; sc\u00e8nes fran\u00e7oises jou\u00e9es par les Com\u00e9diens Italiens du roi. \u00c9dition nouvelle, revue avec beaucoup d&#039;exactitude. - Libairie Clavreuil<\/title>\n<meta name=\"robots\" content=\"index, follow, max-snippet:-1, max-image-preview:large, max-video-preview:-1\" \/>\n<link rel=\"canonical\" href=\"https:\/\/www.librairieclavreuil.com\/en\/gherardi-evaristo-le-theatre-italien-ou-recueil-general-de-toutes-les-comedies-scenes-francoises-jouees-par-les-comediens-italiens-du-roi-edition-nouvelle-revue-avec-beaucoup-dexactitude\/\" \/>\n<meta property=\"og:locale\" content=\"en_US\" \/>\n<meta property=\"og:type\" content=\"article\" \/>\n<meta property=\"og:title\" content=\"GHERARDI Evaristo Le Th\u00e9\u00e2tre italien, ou Recueil g\u00e9n\u00e9ral de toutes les com\u00e9dies &amp; sc\u00e8nes fran\u00e7oises jou\u00e9es par les Com\u00e9diens Italiens du roi. \u00c9dition nouvelle, revue avec beaucoup d&#039;exactitude. - Libairie Clavreuil\" \/>\n<meta property=\"og:description\" content=\"6 volumes 12vo (160 x 95 mm) one engraved portrait by Edelinck after Vivien, 12 unn.l., 588 pp., 11 engraved plates for the volume I ; engraved frontispiece by Mathey, 2 unn.l., 510 pp., 9 engraved plates, 4 pp. engraved music [originally in volume I] for the volume II ; engraved frontispiece by Mathey, 2 unn.l., 560 pp., 8 engraved plates, 4 pp. engraved music for the volume III ; engraved frontispiece by Mathey after Humblot, 2 unn.l., 557 pp., 9 engraved plates, 16 pp. engraved music for the volume IV ; engraved frontispiece byMathey, 2 unn.l., 518 pp., 9 engraved plates, 16 pp. engraved music for the volume V ; engraved frontispiece byMathey d&#039;apr\u00e8s Humblot, 2 unn.l., 647 pp., 9 engraved plates, 32 pp. engraved music, 1 unn.l (privil\u00e8ge) for the volume VI.&nbsp;Polished calf, Rohan-Chabot coat of arms in the corners, spine gilt with raised bands red edges (contemporary binding).\" \/>\n<meta property=\"og:url\" content=\"https:\/\/www.librairieclavreuil.com\/en\/gherardi-evaristo-le-theatre-italien-ou-recueil-general-de-toutes-les-comedies-scenes-francoises-jouees-par-les-comediens-italiens-du-roi-edition-nouvelle-revue-avec-beaucoup-dexactitude\/\" \/>\n<meta property=\"og:site_name\" content=\"Libairie Clavreuil\" \/>\n<meta property=\"article:modified_time\" content=\"2025-04-09T14:52:39+00:00\" \/>\n<meta property=\"og:image\" content=\"https:\/\/www.librairieclavreuil.com\/wp-content\/uploads\/2024\/05\/evaristo-gherardi-le-theatre-italien-ou-recueil-general-de-toutes-les-comedies-scenes-francoises-jouees-par-les-comediens-italiens-du-roi-edition-nouv-scaled.jpg\" \/>\n\t<meta property=\"og:image:width\" content=\"1920\" \/>\n\t<meta property=\"og:image:height\" content=\"2560\" \/>\n\t<meta property=\"og:image:type\" content=\"image\/jpeg\" \/>\n<meta name=\"twitter:card\" content=\"summary_large_image\" \/>\n<meta name=\"twitter:label1\" content=\"Est. reading time\" \/>\n\t<meta name=\"twitter:data1\" content=\"1 minute\" \/>\n<script type=\"application\/ld+json\" class=\"yoast-schema-graph\">{\"@context\":\"https:\/\/schema.org\",\"@graph\":[{\"@type\":\"WebPage\",\"@id\":\"https:\/\/www.librairieclavreuil.com\/en\/gherardi-evaristo-le-theatre-italien-ou-recueil-general-de-toutes-les-comedies-scenes-francoises-jouees-par-les-comediens-italiens-du-roi-edition-nouvelle-revue-avec-beaucoup-dexactitude\/\",\"url\":\"https:\/\/www.librairieclavreuil.com\/en\/gherardi-evaristo-le-theatre-italien-ou-recueil-general-de-toutes-les-comedies-scenes-francoises-jouees-par-les-comediens-italiens-du-roi-edition-nouvelle-revue-avec-beaucoup-dexactitude\/\",\"name\":\"GHERARDI Evaristo Le Th\u00e9\u00e2tre italien, ou Recueil g\u00e9n\u00e9ral de toutes les com\u00e9dies &amp; sc\u00e8nes fran\u00e7oises jou\u00e9es par les Com\u00e9diens Italiens du roi. \u00c9dition nouvelle, revue avec beaucoup d'exactitude. - Libairie Clavreuil\",\"isPartOf\":{\"@id\":\"https:\/\/www.librairieclavreuil.com\/#website\"},\"primaryImageOfPage\":{\"@id\":\"https:\/\/www.librairieclavreuil.com\/en\/gherardi-evaristo-le-theatre-italien-ou-recueil-general-de-toutes-les-comedies-scenes-francoises-jouees-par-les-comediens-italiens-du-roi-edition-nouvelle-revue-avec-beaucoup-dexactitude\/#primaryimage\"},\"image\":{\"@id\":\"https:\/\/www.librairieclavreuil.com\/en\/gherardi-evaristo-le-theatre-italien-ou-recueil-general-de-toutes-les-comedies-scenes-francoises-jouees-par-les-comediens-italiens-du-roi-edition-nouvelle-revue-avec-beaucoup-dexactitude\/#primaryimage\"},\"thumbnailUrl\":\"https:\/\/www.librairieclavreuil.com\/wp-content\/uploads\/2024\/05\/evaristo-gherardi-le-theatre-italien-ou-recueil-general-de-toutes-les-comedies-scenes-francoises-jouees-par-les-comediens-italiens-du-roi-edition-nouv-scaled.jpg\",\"datePublished\":\"2024-05-03T16:13:12+00:00\",\"dateModified\":\"2025-04-09T14:52:39+00:00\",\"breadcrumb\":{\"@id\":\"https:\/\/www.librairieclavreuil.com\/en\/gherardi-evaristo-le-theatre-italien-ou-recueil-general-de-toutes-les-comedies-scenes-francoises-jouees-par-les-comediens-italiens-du-roi-edition-nouvelle-revue-avec-beaucoup-dexactitude\/#breadcrumb\"},\"inLanguage\":\"en-US\",\"potentialAction\":[{\"@type\":\"ReadAction\",\"target\":[\"https:\/\/www.librairieclavreuil.com\/en\/gherardi-evaristo-le-theatre-italien-ou-recueil-general-de-toutes-les-comedies-scenes-francoises-jouees-par-les-comediens-italiens-du-roi-edition-nouvelle-revue-avec-beaucoup-dexactitude\/\"]}]},{\"@type\":\"ImageObject\",\"inLanguage\":\"en-US\",\"@id\":\"https:\/\/www.librairieclavreuil.com\/en\/gherardi-evaristo-le-theatre-italien-ou-recueil-general-de-toutes-les-comedies-scenes-francoises-jouees-par-les-comediens-italiens-du-roi-edition-nouvelle-revue-avec-beaucoup-dexactitude\/#primaryimage\",\"url\":\"https:\/\/www.librairieclavreuil.com\/wp-content\/uploads\/2024\/05\/evaristo-gherardi-le-theatre-italien-ou-recueil-general-de-toutes-les-comedies-scenes-francoises-jouees-par-les-comediens-italiens-du-roi-edition-nouv-scaled.jpg\",\"contentUrl\":\"https:\/\/www.librairieclavreuil.com\/wp-content\/uploads\/2024\/05\/evaristo-gherardi-le-theatre-italien-ou-recueil-general-de-toutes-les-comedies-scenes-francoises-jouees-par-les-comediens-italiens-du-roi-edition-nouv-scaled.jpg\",\"width\":1920,\"height\":2560},{\"@type\":\"BreadcrumbList\",\"@id\":\"https:\/\/www.librairieclavreuil.com\/en\/gherardi-evaristo-le-theatre-italien-ou-recueil-general-de-toutes-les-comedies-scenes-francoises-jouees-par-les-comediens-italiens-du-roi-edition-nouvelle-revue-avec-beaucoup-dexactitude\/#breadcrumb\",\"itemListElement\":[{\"@type\":\"ListItem\",\"position\":1,\"name\":\"Accueil\",\"item\":\"https:\/\/www.librairieclavreuil.com\/\"},{\"@type\":\"ListItem\",\"position\":2,\"name\":\"All our books\",\"item\":\"https:\/\/www.librairieclavreuil.com\/en\/all-our-books\/\"},{\"@type\":\"ListItem\",\"position\":3,\"name\":\"GHERARDI Evaristo Le Th\u00e9\u00e2tre italien, ou Recueil g\u00e9n\u00e9ral...\"}]},{\"@type\":\"WebSite\",\"@id\":\"https:\/\/www.librairieclavreuil.com\/#website\",\"url\":\"https:\/\/www.librairieclavreuil.com\/\",\"name\":\"Libairie Clavreuil\",\"description\":\"Livres anciens, manuscrits rares et \u00e9ditions originales \u2013 Librairie Clavreuil\",\"publisher\":{\"@id\":\"https:\/\/www.librairieclavreuil.com\/#organization\"},\"potentialAction\":[{\"@type\":\"SearchAction\",\"target\":{\"@type\":\"EntryPoint\",\"urlTemplate\":\"https:\/\/www.librairieclavreuil.com\/?s={search_term_string}\"},\"query-input\":{\"@type\":\"PropertyValueSpecification\",\"valueRequired\":true,\"valueName\":\"search_term_string\"}}],\"inLanguage\":\"en-US\"},{\"@type\":\"Organization\",\"@id\":\"https:\/\/www.librairieclavreuil.com\/#organization\",\"name\":\"Libairie Clavreuil\",\"url\":\"https:\/\/www.librairieclavreuil.com\/\",\"logo\":{\"@type\":\"ImageObject\",\"inLanguage\":\"en-US\",\"@id\":\"https:\/\/www.librairieclavreuil.com\/#\/schema\/logo\/image\/\",\"url\":\"https:\/\/www.librairieclavreuil.com\/wp-content\/uploads\/2021\/06\/cropped-LOGO_PNG_DATE-_gold-512x512-1.png\",\"contentUrl\":\"https:\/\/www.librairieclavreuil.com\/wp-content\/uploads\/2021\/06\/cropped-LOGO_PNG_DATE-_gold-512x512-1.png\",\"width\":512,\"height\":512,\"caption\":\"Libairie Clavreuil\"},\"image\":{\"@id\":\"https:\/\/www.librairieclavreuil.com\/#\/schema\/logo\/image\/\"},\"sameAs\":[\"https:\/\/www.instagram.com\/librairieclavreuil\/\"]}]}<\/script>\n<!-- \/ Yoast SEO plugin. -->","yoast_head_json":{"title":"GHERARDI Evaristo Le Th\u00e9\u00e2tre italien, ou Recueil g\u00e9n\u00e9ral de toutes les com\u00e9dies &amp; sc\u00e8nes fran\u00e7oises jou\u00e9es par les Com\u00e9diens Italiens du roi. \u00c9dition nouvelle, revue avec beaucoup d'exactitude. - Libairie Clavreuil","robots":{"index":"index","follow":"follow","max-snippet":"max-snippet:-1","max-image-preview":"max-image-preview:large","max-video-preview":"max-video-preview:-1"},"canonical":"https:\/\/www.librairieclavreuil.com\/en\/gherardi-evaristo-le-theatre-italien-ou-recueil-general-de-toutes-les-comedies-scenes-francoises-jouees-par-les-comediens-italiens-du-roi-edition-nouvelle-revue-avec-beaucoup-dexactitude\/","og_locale":"en_US","og_type":"article","og_title":"GHERARDI Evaristo Le Th\u00e9\u00e2tre italien, ou Recueil g\u00e9n\u00e9ral de toutes les com\u00e9dies &amp; sc\u00e8nes fran\u00e7oises jou\u00e9es par les Com\u00e9diens Italiens du roi. \u00c9dition nouvelle, revue avec beaucoup d'exactitude. - Libairie Clavreuil","og_description":"6 volumes 12vo (160 x 95 mm) one engraved portrait by Edelinck after Vivien, 12 unn.l., 588 pp., 11 engraved plates for the volume I ; engraved frontispiece by Mathey, 2 unn.l., 510 pp., 9 engraved plates, 4 pp. engraved music [originally in volume I] for the volume II ; engraved frontispiece by Mathey, 2 unn.l., 560 pp., 8 engraved plates, 4 pp. engraved music for the volume III ; engraved frontispiece by Mathey after Humblot, 2 unn.l., 557 pp., 9 engraved plates, 16 pp. engraved music for the volume IV ; engraved frontispiece byMathey, 2 unn.l., 518 pp., 9 engraved plates, 16 pp. engraved music for the volume V ; engraved frontispiece byMathey d'apr\u00e8s Humblot, 2 unn.l., 647 pp., 9 engraved plates, 32 pp. engraved music, 1 unn.l (privil\u00e8ge) for the volume VI.&nbsp;Polished calf, Rohan-Chabot coat of arms in the corners, spine gilt with raised bands red edges (contemporary binding).","og_url":"https:\/\/www.librairieclavreuil.com\/en\/gherardi-evaristo-le-theatre-italien-ou-recueil-general-de-toutes-les-comedies-scenes-francoises-jouees-par-les-comediens-italiens-du-roi-edition-nouvelle-revue-avec-beaucoup-dexactitude\/","og_site_name":"Libairie Clavreuil","article_modified_time":"2025-04-09T14:52:39+00:00","og_image":[{"width":1920,"height":2560,"url":"https:\/\/www.librairieclavreuil.com\/wp-content\/uploads\/2024\/05\/evaristo-gherardi-le-theatre-italien-ou-recueil-general-de-toutes-les-comedies-scenes-francoises-jouees-par-les-comediens-italiens-du-roi-edition-nouv-scaled.jpg","type":"image\/jpeg"}],"twitter_card":"summary_large_image","twitter_misc":{"Est. reading time":"1 minute"},"schema":{"@context":"https:\/\/schema.org","@graph":[{"@type":"WebPage","@id":"https:\/\/www.librairieclavreuil.com\/en\/gherardi-evaristo-le-theatre-italien-ou-recueil-general-de-toutes-les-comedies-scenes-francoises-jouees-par-les-comediens-italiens-du-roi-edition-nouvelle-revue-avec-beaucoup-dexactitude\/","url":"https:\/\/www.librairieclavreuil.com\/en\/gherardi-evaristo-le-theatre-italien-ou-recueil-general-de-toutes-les-comedies-scenes-francoises-jouees-par-les-comediens-italiens-du-roi-edition-nouvelle-revue-avec-beaucoup-dexactitude\/","name":"GHERARDI Evaristo Le Th\u00e9\u00e2tre italien, ou Recueil g\u00e9n\u00e9ral de toutes les com\u00e9dies &amp; sc\u00e8nes fran\u00e7oises jou\u00e9es par les Com\u00e9diens Italiens du roi. \u00c9dition nouvelle, revue avec beaucoup d'exactitude. - Libairie Clavreuil","isPartOf":{"@id":"https:\/\/www.librairieclavreuil.com\/#website"},"primaryImageOfPage":{"@id":"https:\/\/www.librairieclavreuil.com\/en\/gherardi-evaristo-le-theatre-italien-ou-recueil-general-de-toutes-les-comedies-scenes-francoises-jouees-par-les-comediens-italiens-du-roi-edition-nouvelle-revue-avec-beaucoup-dexactitude\/#primaryimage"},"image":{"@id":"https:\/\/www.librairieclavreuil.com\/en\/gherardi-evaristo-le-theatre-italien-ou-recueil-general-de-toutes-les-comedies-scenes-francoises-jouees-par-les-comediens-italiens-du-roi-edition-nouvelle-revue-avec-beaucoup-dexactitude\/#primaryimage"},"thumbnailUrl":"https:\/\/www.librairieclavreuil.com\/wp-content\/uploads\/2024\/05\/evaristo-gherardi-le-theatre-italien-ou-recueil-general-de-toutes-les-comedies-scenes-francoises-jouees-par-les-comediens-italiens-du-roi-edition-nouv-scaled.jpg","datePublished":"2024-05-03T16:13:12+00:00","dateModified":"2025-04-09T14:52:39+00:00","breadcrumb":{"@id":"https:\/\/www.librairieclavreuil.com\/en\/gherardi-evaristo-le-theatre-italien-ou-recueil-general-de-toutes-les-comedies-scenes-francoises-jouees-par-les-comediens-italiens-du-roi-edition-nouvelle-revue-avec-beaucoup-dexactitude\/#breadcrumb"},"inLanguage":"en-US","potentialAction":[{"@type":"ReadAction","target":["https:\/\/www.librairieclavreuil.com\/en\/gherardi-evaristo-le-theatre-italien-ou-recueil-general-de-toutes-les-comedies-scenes-francoises-jouees-par-les-comediens-italiens-du-roi-edition-nouvelle-revue-avec-beaucoup-dexactitude\/"]}]},{"@type":"ImageObject","inLanguage":"en-US","@id":"https:\/\/www.librairieclavreuil.com\/en\/gherardi-evaristo-le-theatre-italien-ou-recueil-general-de-toutes-les-comedies-scenes-francoises-jouees-par-les-comediens-italiens-du-roi-edition-nouvelle-revue-avec-beaucoup-dexactitude\/#primaryimage","url":"https:\/\/www.librairieclavreuil.com\/wp-content\/uploads\/2024\/05\/evaristo-gherardi-le-theatre-italien-ou-recueil-general-de-toutes-les-comedies-scenes-francoises-jouees-par-les-comediens-italiens-du-roi-edition-nouv-scaled.jpg","contentUrl":"https:\/\/www.librairieclavreuil.com\/wp-content\/uploads\/2024\/05\/evaristo-gherardi-le-theatre-italien-ou-recueil-general-de-toutes-les-comedies-scenes-francoises-jouees-par-les-comediens-italiens-du-roi-edition-nouv-scaled.jpg","width":1920,"height":2560},{"@type":"BreadcrumbList","@id":"https:\/\/www.librairieclavreuil.com\/en\/gherardi-evaristo-le-theatre-italien-ou-recueil-general-de-toutes-les-comedies-scenes-francoises-jouees-par-les-comediens-italiens-du-roi-edition-nouvelle-revue-avec-beaucoup-dexactitude\/#breadcrumb","itemListElement":[{"@type":"ListItem","position":1,"name":"Accueil","item":"https:\/\/www.librairieclavreuil.com\/"},{"@type":"ListItem","position":2,"name":"All our books","item":"https:\/\/www.librairieclavreuil.com\/en\/all-our-books\/"},{"@type":"ListItem","position":3,"name":"GHERARDI Evaristo Le Th\u00e9\u00e2tre italien, ou Recueil g\u00e9n\u00e9ral..."}]},{"@type":"WebSite","@id":"https:\/\/www.librairieclavreuil.com\/#website","url":"https:\/\/www.librairieclavreuil.com\/","name":"Libairie Clavreuil","description":"Livres anciens, manuscrits rares et \u00e9ditions originales \u2013 Librairie Clavreuil","publisher":{"@id":"https:\/\/www.librairieclavreuil.com\/#organization"},"potentialAction":[{"@type":"SearchAction","target":{"@type":"EntryPoint","urlTemplate":"https:\/\/www.librairieclavreuil.com\/?s={search_term_string}"},"query-input":{"@type":"PropertyValueSpecification","valueRequired":true,"valueName":"search_term_string"}}],"inLanguage":"en-US"},{"@type":"Organization","@id":"https:\/\/www.librairieclavreuil.com\/#organization","name":"Libairie Clavreuil","url":"https:\/\/www.librairieclavreuil.com\/","logo":{"@type":"ImageObject","inLanguage":"en-US","@id":"https:\/\/www.librairieclavreuil.com\/#\/schema\/logo\/image\/","url":"https:\/\/www.librairieclavreuil.com\/wp-content\/uploads\/2021\/06\/cropped-LOGO_PNG_DATE-_gold-512x512-1.png","contentUrl":"https:\/\/www.librairieclavreuil.com\/wp-content\/uploads\/2021\/06\/cropped-LOGO_PNG_DATE-_gold-512x512-1.png","width":512,"height":512,"caption":"Libairie Clavreuil"},"image":{"@id":"https:\/\/www.librairieclavreuil.com\/#\/schema\/logo\/image\/"},"sameAs":["https:\/\/www.instagram.com\/librairieclavreuil\/"]}]}},"jetpack_sharing_enabled":true,"_links":{"self":[{"href":"https:\/\/www.librairieclavreuil.com\/en\/wp-json\/wp\/v2\/product\/77173","targetHints":{"allow":["GET"]}}],"collection":[{"href":"https:\/\/www.librairieclavreuil.com\/en\/wp-json\/wp\/v2\/product"}],"about":[{"href":"https:\/\/www.librairieclavreuil.com\/en\/wp-json\/wp\/v2\/types\/product"}],"replies":[{"embeddable":true,"href":"https:\/\/www.librairieclavreuil.com\/en\/wp-json\/wp\/v2\/comments?post=77173"}],"wp:featuredmedia":[{"embeddable":true,"href":"https:\/\/www.librairieclavreuil.com\/en\/wp-json\/wp\/v2\/media\/77166"}],"wp:attachment":[{"href":"https:\/\/www.librairieclavreuil.com\/en\/wp-json\/wp\/v2\/media?parent=77173"}],"wp:term":[{"taxonomy":"product_brand","embeddable":true,"href":"https:\/\/www.librairieclavreuil.com\/en\/wp-json\/wp\/v2\/product_brand?post=77173"},{"taxonomy":"product_cat","embeddable":true,"href":"https:\/\/www.librairieclavreuil.com\/en\/wp-json\/wp\/v2\/product_cat?post=77173"},{"taxonomy":"product_tag","embeddable":true,"href":"https:\/\/www.librairieclavreuil.com\/en\/wp-json\/wp\/v2\/product_tag?post=77173"}],"curies":[{"name":"wp","href":"https:\/\/api.w.org\/{rel}","templated":true}]}}