{"id":77036,"date":"2024-04-27T16:10:54","date_gmt":"2024-04-27T14:10:54","guid":{"rendered":"https:\/\/clavreuil-wordpress.logiciel-arteo.fr\/mordant-de-launay-jean-claude-michel-herbier-general-de-lamateur-contenant-la-description-lhistoire-les-proprietes-et-la-culture-des-vegetaux-utiles-et-agreables\/"},"modified":"2025-08-27T18:09:49","modified_gmt":"2025-08-27T16:09:49","slug":"mordant-de-launay-jean-claude-michel-herbier-general-de-lamateur-contenant-la-description-lhistoire-les-proprietes-et-la-culture-des-vegetaux-utiles-et-agreables","status":"publish","type":"product","link":"https:\/\/www.librairieclavreuil.com\/en\/mordant-de-launay-jean-claude-michel-herbier-general-de-lamateur-contenant-la-description-lhistoire-les-proprietes-et-la-culture-des-vegetaux-utiles-et-agreables\/","title":{"rendered":"MORDANT DE LAUNAY Jean Claude Michel Herbier g\u00e9n\u00e9ral..."},"content":{"rendered":"<p style=\"text-align:justify\"><i>Nissen, BBI, 2323 &amp; Sitwell, p. 159 (erroneously mentioning that quire 384 was not published) &nbsp;; Stafleu-Cowan, 4952 ; see Dunthorne, 32 (for Herbier de l\u2019amateur, Bruxelles edition 1828-1835).<\/i><\/p>\n<p style=\"text-align:justify\"><span style=\"font-variant:small-caps\">First edition illustrated with 575 engraved and finely coloured plates. A superb copy printed on large paper and bound by Bibolet.<\/span><\/p>\n<p style=\"text-align:justify\">This magnificent and important work is complete with the 575 plates required (572, as well as two double-numbered quires 171-172 with 2 plates, and plate 199bis), drawn from life and accompanied by a sheet of descriptive text, each flower being the subject of a printed notice, generally one double-sided page.<\/p>\n<p style=\"text-align:justify\">The beautiful plates, most of which were drawn by Pancrace Bessa, were engraved by Pierre Fran\u00e7ois Barrois, S\u00e9raphin Goulet, Antoine Fran\u00e7ois Dennel, Bigant, Lejeune and other artists. A pupil of Redout\u00e9 and Van Spaendock, Pancrace Bessa (1772-1846) was a prot\u00e9g\u00e9 of the Duchess of Berry, to whom he taught floral painting. From 1823 onwards, he was responsible for providing the Natural History Museum with flower paintings and contributed to the illustration of several other botanical works. Bessa&#8217;s original plates for the <i>Herbier g\u00e9n\u00e9ral de l&#8217;amateur<\/i> were painted for the future Charles X, who presented them in 1826 to his niece the Duchess of Berry, who in turn presented them to her sister the Empress of Brazil.<\/p>\n<p style=\"text-align:justify\">Published over a period of 13 years in 96 issues, the first 11 of which featured texts by Mordant de Launay (1750-1816), the rest were edited by Jean Louis Auguste Loiseleur-Deslonghamps (1774-1849). Mordant de Launay was sub-librarian at the Mus\u00e9um national d&#8217;histoire naturelle when it opened to the public in 1794 and was then director of the menagerie from 1798 to 1801.<\/p>\n<p style=\"text-align:justify\">The work, produced at the request of the future Charles X, is dedicated to the King. The author states in his preface that it was written for \u2018the library of the scholar, the man of taste, the cabinet of the amateur, and the studio of the artist\u2019. This is followed by a long note on the botanical works published in Europe, in which the author stresses the superior quality of the coloured engravings included in this luxurious production: \u2018This advantage, which the Herbier de l&#8217;Amateur has over the other works with figures that preceded it, comes from the fact that the printing of the plates, instead of being done in colour, is done in grey, which makes it possible to use, in illuminating, a truth of tone and colour that is not supported by colour printing\u2019. The botanist and artist went on to praise the usefulness of this fine publication for \u2018artists and manufacturers in certain genres, such as decorative painters, manufacturers of porcelain, earthenware, painted canvas, wallpaper, embroiderers, etc.\u2019.<\/p>\n<p style=\"text-align:justify\">Nissen and Sitwell indicate that quire 384 would not have been published; it is indeed present here in double quire 383\/384. The other double quires are: 79\/80; 100\/101; 140\/141; 177-180; 366-368; 413-415; 435-437; 515-516.<\/p>\n<p style=\"text-align:justify\">A very fine copy bound by Bibolet, despite a few slightly toned plates in volume VI and a few slightly spotted text leaves. Complete copies in uniform binding are very rare.<\/p>\n","protected":false},"excerpt":{"rendered":"<p style=\"text-align:justify\">8 volumes 4to (290 x 210 mm) 4 nn.ll., VIIIpp., quires 1-72 with explanatory text and 72 engraved and coloured plates, 2 nn.ll. (index) for volume I ; 4 nn.ll., 2 nn.ll. (table), quires 73-142 with explanatory text and plates 73-142 engraved and colored for volume II ; 4 nn.ll., quires 143-212 with explanatory text and plates 143-212 (numbering of quires 171-172 repeated with different text and plates,; and the additional plate 199bis) engraved and colored for volume III ; 6 nn.ll., quires 213-290 with explanatory text and plates 213-290 engraved and coloured for volume IV ; 6 nn.ll., quires 291-368 with explanatory text and plates&nbsp; 291-368 engraved and coloured for volume V ; 6 nn.ll., quires 369-446 with explanatory text and plates 369-446 engraved and coloured for volume VI ; 6 nn.ll., quires 447-506 with explanatory text and plates 447-507 engraved and coloured for volume VII ; 10 nn.ll., quires 507-572 with explanatory text and plates 507-572 engraved and coloured, 8 pp. of list of subscribers for volume VIII. Contemporary calf gilt by Bibolet, covers paneled with borders tooled in black, gilt, and blind, spines gilt with black labels, gilt edges.&nbsp;<\/p>\n","protected":false},"featured_media":77015,"comment_status":"open","ping_status":"closed","template":"","meta":{"_acf_changed":false},"product_brand":[],"product_cat":[532],"product_tag":[590,1450,1518],"class_list":{"0":"post-77036","1":"product","2":"type-product","3":"status-publish","4":"has-post-thumbnail","6":"product_cat-botanical","7":"product_tag-botanical","8":"product_tag-first-edition","9":"product_tag-large-paper","10":"pa_auteur-mordant-de-launay-jean-claude-michel-2","11":"pa_type-de-livre-printed-book","13":"first","14":"instock","15":"shipping-taxable","16":"purchasable","17":"product-type-simple"},"acf":{"artist":"Jean Claude Michel MORDANT DE LAUNAY","chapeau":"Bound by Biblot\r\nLarge Paper copy","adresse_bibliographique":"Paris, imprimerie Didot pour Audot, 1816-1827","book_type":"Printed book","provenance":"","afficher_prix":""},"yoast_head":"<!-- This site is optimized with the Yoast SEO plugin v24.7 - https:\/\/yoast.com\/wordpress\/plugins\/seo\/ -->\n<title>MORDANT DE LAUNAY Jean Claude Michel Herbier g\u00e9n\u00e9ral de l\u2019amateur, contenant la description, l\u2019histoire, les propri\u00e9t\u00e9s et la culture des v\u00e9g\u00e9taux utiles et agr\u00e9ables. - Libairie Clavreuil<\/title>\n<meta name=\"robots\" content=\"index, follow, max-snippet:-1, max-image-preview:large, max-video-preview:-1\" \/>\n<link rel=\"canonical\" href=\"https:\/\/www.librairieclavreuil.com\/en\/mordant-de-launay-jean-claude-michel-herbier-general-de-lamateur-contenant-la-description-lhistoire-les-proprietes-et-la-culture-des-vegetaux-utiles-et-agreables\/\" \/>\n<meta property=\"og:locale\" content=\"en_US\" \/>\n<meta property=\"og:type\" content=\"article\" \/>\n<meta property=\"og:title\" content=\"MORDANT DE LAUNAY Jean Claude Michel Herbier g\u00e9n\u00e9ral de l\u2019amateur, contenant la description, l\u2019histoire, les propri\u00e9t\u00e9s et la culture des v\u00e9g\u00e9taux utiles et agr\u00e9ables. - Libairie Clavreuil\" \/>\n<meta property=\"og:description\" content=\"8 volumes 4to (290 x 210 mm) 4 nn.ll., VIIIpp., quires 1-72 with explanatory text and 72 engraved and coloured plates, 2 nn.ll. (index) for volume I ; 4 nn.ll., 2 nn.ll. (table), quires 73-142 with explanatory text and plates 73-142 engraved and colored for volume II ; 4 nn.ll., quires 143-212 with explanatory text and plates 143-212 (numbering of quires 171-172 repeated with different text and plates,; and the additional plate 199bis) engraved and colored for volume III ; 6 nn.ll., quires 213-290 with explanatory text and plates 213-290 engraved and coloured for volume IV ; 6 nn.ll., quires 291-368 with explanatory text and plates&nbsp; 291-368 engraved and coloured for volume V ; 6 nn.ll., quires 369-446 with explanatory text and plates 369-446 engraved and coloured for volume VI ; 6 nn.ll., quires 447-506 with explanatory text and plates 447-507 engraved and coloured for volume VII ; 10 nn.ll., quires 507-572 with explanatory text and plates 507-572 engraved and coloured, 8 pp. of list of subscribers for volume VIII. Contemporary calf gilt by Bibolet, covers paneled with borders tooled in black, gilt, and blind, spines gilt with black labels, gilt edges.&nbsp;\" \/>\n<meta property=\"og:url\" content=\"https:\/\/www.librairieclavreuil.com\/en\/mordant-de-launay-jean-claude-michel-herbier-general-de-lamateur-contenant-la-description-lhistoire-les-proprietes-et-la-culture-des-vegetaux-utiles-et-agreables\/\" \/>\n<meta property=\"og:site_name\" content=\"Libairie Clavreuil\" \/>\n<meta property=\"article:modified_time\" content=\"2025-08-27T16:09:49+00:00\" \/>\n<meta property=\"og:image\" content=\"https:\/\/www.librairieclavreuil.com\/wp-content\/uploads\/2024\/04\/jean-claude-michel-mordant-de-launay-herbier-general-de-l-amateur-contenant-la-description-l-histoire-les-proprietes-et-la-culture-des-vegetaux-utiles-728x1024.jpg\" \/>\n\t<meta property=\"og:image:width\" content=\"728\" \/>\n\t<meta property=\"og:image:height\" content=\"1024\" \/>\n\t<meta property=\"og:image:type\" content=\"image\/jpeg\" \/>\n<meta name=\"twitter:card\" content=\"summary_large_image\" \/>\n<meta name=\"twitter:label1\" content=\"Est. reading time\" \/>\n\t<meta name=\"twitter:data1\" content=\"2 minutes\" \/>\n<script type=\"application\/ld+json\" class=\"yoast-schema-graph\">{\"@context\":\"https:\/\/schema.org\",\"@graph\":[{\"@type\":\"WebPage\",\"@id\":\"https:\/\/www.librairieclavreuil.com\/en\/mordant-de-launay-jean-claude-michel-herbier-general-de-lamateur-contenant-la-description-lhistoire-les-proprietes-et-la-culture-des-vegetaux-utiles-et-agreables\/\",\"url\":\"https:\/\/www.librairieclavreuil.com\/en\/mordant-de-launay-jean-claude-michel-herbier-general-de-lamateur-contenant-la-description-lhistoire-les-proprietes-et-la-culture-des-vegetaux-utiles-et-agreables\/\",\"name\":\"MORDANT DE LAUNAY Jean Claude Michel Herbier g\u00e9n\u00e9ral de l\u2019amateur, contenant la description, l\u2019histoire, les propri\u00e9t\u00e9s et la culture des v\u00e9g\u00e9taux utiles et agr\u00e9ables. - Libairie Clavreuil\",\"isPartOf\":{\"@id\":\"https:\/\/www.librairieclavreuil.com\/#website\"},\"primaryImageOfPage\":{\"@id\":\"https:\/\/www.librairieclavreuil.com\/en\/mordant-de-launay-jean-claude-michel-herbier-general-de-lamateur-contenant-la-description-lhistoire-les-proprietes-et-la-culture-des-vegetaux-utiles-et-agreables\/#primaryimage\"},\"image\":{\"@id\":\"https:\/\/www.librairieclavreuil.com\/en\/mordant-de-launay-jean-claude-michel-herbier-general-de-lamateur-contenant-la-description-lhistoire-les-proprietes-et-la-culture-des-vegetaux-utiles-et-agreables\/#primaryimage\"},\"thumbnailUrl\":\"https:\/\/www.librairieclavreuil.com\/wp-content\/uploads\/2024\/04\/jean-claude-michel-mordant-de-launay-herbier-general-de-l-amateur-contenant-la-description-l-histoire-les-proprietes-et-la-culture-des-vegetaux-utiles.jpg\",\"datePublished\":\"2024-04-27T14:10:54+00:00\",\"dateModified\":\"2025-08-27T16:09:49+00:00\",\"breadcrumb\":{\"@id\":\"https:\/\/www.librairieclavreuil.com\/en\/mordant-de-launay-jean-claude-michel-herbier-general-de-lamateur-contenant-la-description-lhistoire-les-proprietes-et-la-culture-des-vegetaux-utiles-et-agreables\/#breadcrumb\"},\"inLanguage\":\"en-US\",\"potentialAction\":[{\"@type\":\"ReadAction\",\"target\":[\"https:\/\/www.librairieclavreuil.com\/en\/mordant-de-launay-jean-claude-michel-herbier-general-de-lamateur-contenant-la-description-lhistoire-les-proprietes-et-la-culture-des-vegetaux-utiles-et-agreables\/\"]}]},{\"@type\":\"ImageObject\",\"inLanguage\":\"en-US\",\"@id\":\"https:\/\/www.librairieclavreuil.com\/en\/mordant-de-launay-jean-claude-michel-herbier-general-de-lamateur-contenant-la-description-lhistoire-les-proprietes-et-la-culture-des-vegetaux-utiles-et-agreables\/#primaryimage\",\"url\":\"https:\/\/www.librairieclavreuil.com\/wp-content\/uploads\/2024\/04\/jean-claude-michel-mordant-de-launay-herbier-general-de-l-amateur-contenant-la-description-l-histoire-les-proprietes-et-la-culture-des-vegetaux-utiles.jpg\",\"contentUrl\":\"https:\/\/www.librairieclavreuil.com\/wp-content\/uploads\/2024\/04\/jean-claude-michel-mordant-de-launay-herbier-general-de-l-amateur-contenant-la-description-l-histoire-les-proprietes-et-la-culture-des-vegetaux-utiles.jpg\",\"width\":1629,\"height\":2292},{\"@type\":\"BreadcrumbList\",\"@id\":\"https:\/\/www.librairieclavreuil.com\/en\/mordant-de-launay-jean-claude-michel-herbier-general-de-lamateur-contenant-la-description-lhistoire-les-proprietes-et-la-culture-des-vegetaux-utiles-et-agreables\/#breadcrumb\",\"itemListElement\":[{\"@type\":\"ListItem\",\"position\":1,\"name\":\"Accueil\",\"item\":\"https:\/\/www.librairieclavreuil.com\/\"},{\"@type\":\"ListItem\",\"position\":2,\"name\":\"All our books\",\"item\":\"https:\/\/www.librairieclavreuil.com\/en\/all-our-books\/\"},{\"@type\":\"ListItem\",\"position\":3,\"name\":\"MORDANT DE LAUNAY Jean Claude Michel Herbier g\u00e9n\u00e9ral...\"}]},{\"@type\":\"WebSite\",\"@id\":\"https:\/\/www.librairieclavreuil.com\/#website\",\"url\":\"https:\/\/www.librairieclavreuil.com\/\",\"name\":\"Libairie Clavreuil\",\"description\":\"Livres anciens, manuscrits rares et \u00e9ditions originales \u2013 Librairie Clavreuil\",\"publisher\":{\"@id\":\"https:\/\/www.librairieclavreuil.com\/#organization\"},\"potentialAction\":[{\"@type\":\"SearchAction\",\"target\":{\"@type\":\"EntryPoint\",\"urlTemplate\":\"https:\/\/www.librairieclavreuil.com\/?s={search_term_string}\"},\"query-input\":{\"@type\":\"PropertyValueSpecification\",\"valueRequired\":true,\"valueName\":\"search_term_string\"}}],\"inLanguage\":\"en-US\"},{\"@type\":\"Organization\",\"@id\":\"https:\/\/www.librairieclavreuil.com\/#organization\",\"name\":\"Libairie Clavreuil\",\"url\":\"https:\/\/www.librairieclavreuil.com\/\",\"logo\":{\"@type\":\"ImageObject\",\"inLanguage\":\"en-US\",\"@id\":\"https:\/\/www.librairieclavreuil.com\/#\/schema\/logo\/image\/\",\"url\":\"https:\/\/www.librairieclavreuil.com\/wp-content\/uploads\/2021\/06\/cropped-LOGO_PNG_DATE-_gold-512x512-1.png\",\"contentUrl\":\"https:\/\/www.librairieclavreuil.com\/wp-content\/uploads\/2021\/06\/cropped-LOGO_PNG_DATE-_gold-512x512-1.png\",\"width\":512,\"height\":512,\"caption\":\"Libairie Clavreuil\"},\"image\":{\"@id\":\"https:\/\/www.librairieclavreuil.com\/#\/schema\/logo\/image\/\"},\"sameAs\":[\"https:\/\/www.instagram.com\/librairieclavreuil\/\"]}]}<\/script>\n<!-- \/ Yoast SEO plugin. -->","yoast_head_json":{"title":"MORDANT DE LAUNAY Jean Claude Michel Herbier g\u00e9n\u00e9ral de l\u2019amateur, contenant la description, l\u2019histoire, les propri\u00e9t\u00e9s et la culture des v\u00e9g\u00e9taux utiles et agr\u00e9ables. - Libairie Clavreuil","robots":{"index":"index","follow":"follow","max-snippet":"max-snippet:-1","max-image-preview":"max-image-preview:large","max-video-preview":"max-video-preview:-1"},"canonical":"https:\/\/www.librairieclavreuil.com\/en\/mordant-de-launay-jean-claude-michel-herbier-general-de-lamateur-contenant-la-description-lhistoire-les-proprietes-et-la-culture-des-vegetaux-utiles-et-agreables\/","og_locale":"en_US","og_type":"article","og_title":"MORDANT DE LAUNAY Jean Claude Michel Herbier g\u00e9n\u00e9ral de l\u2019amateur, contenant la description, l\u2019histoire, les propri\u00e9t\u00e9s et la culture des v\u00e9g\u00e9taux utiles et agr\u00e9ables. - Libairie Clavreuil","og_description":"8 volumes 4to (290 x 210 mm) 4 nn.ll., VIIIpp., quires 1-72 with explanatory text and 72 engraved and coloured plates, 2 nn.ll. (index) for volume I ; 4 nn.ll., 2 nn.ll. (table), quires 73-142 with explanatory text and plates 73-142 engraved and colored for volume II ; 4 nn.ll., quires 143-212 with explanatory text and plates 143-212 (numbering of quires 171-172 repeated with different text and plates,; and the additional plate 199bis) engraved and colored for volume III ; 6 nn.ll., quires 213-290 with explanatory text and plates 213-290 engraved and coloured for volume IV ; 6 nn.ll., quires 291-368 with explanatory text and plates&nbsp; 291-368 engraved and coloured for volume V ; 6 nn.ll., quires 369-446 with explanatory text and plates 369-446 engraved and coloured for volume VI ; 6 nn.ll., quires 447-506 with explanatory text and plates 447-507 engraved and coloured for volume VII ; 10 nn.ll., quires 507-572 with explanatory text and plates 507-572 engraved and coloured, 8 pp. of list of subscribers for volume VIII. Contemporary calf gilt by Bibolet, covers paneled with borders tooled in black, gilt, and blind, spines gilt with black labels, gilt edges.&nbsp;","og_url":"https:\/\/www.librairieclavreuil.com\/en\/mordant-de-launay-jean-claude-michel-herbier-general-de-lamateur-contenant-la-description-lhistoire-les-proprietes-et-la-culture-des-vegetaux-utiles-et-agreables\/","og_site_name":"Libairie Clavreuil","article_modified_time":"2025-08-27T16:09:49+00:00","og_image":[{"width":728,"height":1024,"url":"https:\/\/www.librairieclavreuil.com\/wp-content\/uploads\/2024\/04\/jean-claude-michel-mordant-de-launay-herbier-general-de-l-amateur-contenant-la-description-l-histoire-les-proprietes-et-la-culture-des-vegetaux-utiles-728x1024.jpg","type":"image\/jpeg"}],"twitter_card":"summary_large_image","twitter_misc":{"Est. reading time":"2 minutes"},"schema":{"@context":"https:\/\/schema.org","@graph":[{"@type":"WebPage","@id":"https:\/\/www.librairieclavreuil.com\/en\/mordant-de-launay-jean-claude-michel-herbier-general-de-lamateur-contenant-la-description-lhistoire-les-proprietes-et-la-culture-des-vegetaux-utiles-et-agreables\/","url":"https:\/\/www.librairieclavreuil.com\/en\/mordant-de-launay-jean-claude-michel-herbier-general-de-lamateur-contenant-la-description-lhistoire-les-proprietes-et-la-culture-des-vegetaux-utiles-et-agreables\/","name":"MORDANT DE LAUNAY Jean Claude Michel Herbier g\u00e9n\u00e9ral de l\u2019amateur, contenant la description, l\u2019histoire, les propri\u00e9t\u00e9s et la culture des v\u00e9g\u00e9taux utiles et agr\u00e9ables. - Libairie Clavreuil","isPartOf":{"@id":"https:\/\/www.librairieclavreuil.com\/#website"},"primaryImageOfPage":{"@id":"https:\/\/www.librairieclavreuil.com\/en\/mordant-de-launay-jean-claude-michel-herbier-general-de-lamateur-contenant-la-description-lhistoire-les-proprietes-et-la-culture-des-vegetaux-utiles-et-agreables\/#primaryimage"},"image":{"@id":"https:\/\/www.librairieclavreuil.com\/en\/mordant-de-launay-jean-claude-michel-herbier-general-de-lamateur-contenant-la-description-lhistoire-les-proprietes-et-la-culture-des-vegetaux-utiles-et-agreables\/#primaryimage"},"thumbnailUrl":"https:\/\/www.librairieclavreuil.com\/wp-content\/uploads\/2024\/04\/jean-claude-michel-mordant-de-launay-herbier-general-de-l-amateur-contenant-la-description-l-histoire-les-proprietes-et-la-culture-des-vegetaux-utiles.jpg","datePublished":"2024-04-27T14:10:54+00:00","dateModified":"2025-08-27T16:09:49+00:00","breadcrumb":{"@id":"https:\/\/www.librairieclavreuil.com\/en\/mordant-de-launay-jean-claude-michel-herbier-general-de-lamateur-contenant-la-description-lhistoire-les-proprietes-et-la-culture-des-vegetaux-utiles-et-agreables\/#breadcrumb"},"inLanguage":"en-US","potentialAction":[{"@type":"ReadAction","target":["https:\/\/www.librairieclavreuil.com\/en\/mordant-de-launay-jean-claude-michel-herbier-general-de-lamateur-contenant-la-description-lhistoire-les-proprietes-et-la-culture-des-vegetaux-utiles-et-agreables\/"]}]},{"@type":"ImageObject","inLanguage":"en-US","@id":"https:\/\/www.librairieclavreuil.com\/en\/mordant-de-launay-jean-claude-michel-herbier-general-de-lamateur-contenant-la-description-lhistoire-les-proprietes-et-la-culture-des-vegetaux-utiles-et-agreables\/#primaryimage","url":"https:\/\/www.librairieclavreuil.com\/wp-content\/uploads\/2024\/04\/jean-claude-michel-mordant-de-launay-herbier-general-de-l-amateur-contenant-la-description-l-histoire-les-proprietes-et-la-culture-des-vegetaux-utiles.jpg","contentUrl":"https:\/\/www.librairieclavreuil.com\/wp-content\/uploads\/2024\/04\/jean-claude-michel-mordant-de-launay-herbier-general-de-l-amateur-contenant-la-description-l-histoire-les-proprietes-et-la-culture-des-vegetaux-utiles.jpg","width":1629,"height":2292},{"@type":"BreadcrumbList","@id":"https:\/\/www.librairieclavreuil.com\/en\/mordant-de-launay-jean-claude-michel-herbier-general-de-lamateur-contenant-la-description-lhistoire-les-proprietes-et-la-culture-des-vegetaux-utiles-et-agreables\/#breadcrumb","itemListElement":[{"@type":"ListItem","position":1,"name":"Accueil","item":"https:\/\/www.librairieclavreuil.com\/"},{"@type":"ListItem","position":2,"name":"All our books","item":"https:\/\/www.librairieclavreuil.com\/en\/all-our-books\/"},{"@type":"ListItem","position":3,"name":"MORDANT DE LAUNAY Jean Claude Michel Herbier g\u00e9n\u00e9ral..."}]},{"@type":"WebSite","@id":"https:\/\/www.librairieclavreuil.com\/#website","url":"https:\/\/www.librairieclavreuil.com\/","name":"Libairie Clavreuil","description":"Livres anciens, manuscrits rares et \u00e9ditions originales \u2013 Librairie Clavreuil","publisher":{"@id":"https:\/\/www.librairieclavreuil.com\/#organization"},"potentialAction":[{"@type":"SearchAction","target":{"@type":"EntryPoint","urlTemplate":"https:\/\/www.librairieclavreuil.com\/?s={search_term_string}"},"query-input":{"@type":"PropertyValueSpecification","valueRequired":true,"valueName":"search_term_string"}}],"inLanguage":"en-US"},{"@type":"Organization","@id":"https:\/\/www.librairieclavreuil.com\/#organization","name":"Libairie Clavreuil","url":"https:\/\/www.librairieclavreuil.com\/","logo":{"@type":"ImageObject","inLanguage":"en-US","@id":"https:\/\/www.librairieclavreuil.com\/#\/schema\/logo\/image\/","url":"https:\/\/www.librairieclavreuil.com\/wp-content\/uploads\/2021\/06\/cropped-LOGO_PNG_DATE-_gold-512x512-1.png","contentUrl":"https:\/\/www.librairieclavreuil.com\/wp-content\/uploads\/2021\/06\/cropped-LOGO_PNG_DATE-_gold-512x512-1.png","width":512,"height":512,"caption":"Libairie Clavreuil"},"image":{"@id":"https:\/\/www.librairieclavreuil.com\/#\/schema\/logo\/image\/"},"sameAs":["https:\/\/www.instagram.com\/librairieclavreuil\/"]}]}},"jetpack_sharing_enabled":true,"_links":{"self":[{"href":"https:\/\/www.librairieclavreuil.com\/en\/wp-json\/wp\/v2\/product\/77036","targetHints":{"allow":["GET"]}}],"collection":[{"href":"https:\/\/www.librairieclavreuil.com\/en\/wp-json\/wp\/v2\/product"}],"about":[{"href":"https:\/\/www.librairieclavreuil.com\/en\/wp-json\/wp\/v2\/types\/product"}],"replies":[{"embeddable":true,"href":"https:\/\/www.librairieclavreuil.com\/en\/wp-json\/wp\/v2\/comments?post=77036"}],"wp:featuredmedia":[{"embeddable":true,"href":"https:\/\/www.librairieclavreuil.com\/en\/wp-json\/wp\/v2\/media\/77015"}],"wp:attachment":[{"href":"https:\/\/www.librairieclavreuil.com\/en\/wp-json\/wp\/v2\/media?parent=77036"}],"wp:term":[{"taxonomy":"product_brand","embeddable":true,"href":"https:\/\/www.librairieclavreuil.com\/en\/wp-json\/wp\/v2\/product_brand?post=77036"},{"taxonomy":"product_cat","embeddable":true,"href":"https:\/\/www.librairieclavreuil.com\/en\/wp-json\/wp\/v2\/product_cat?post=77036"},{"taxonomy":"product_tag","embeddable":true,"href":"https:\/\/www.librairieclavreuil.com\/en\/wp-json\/wp\/v2\/product_tag?post=77036"}],"curies":[{"name":"wp","href":"https:\/\/api.w.org\/{rel}","templated":true}]}}